{"id":10946,"date":"2016-03-02T12:50:40","date_gmt":"2016-03-02T17:50:40","guid":{"rendered":"http:\/\/demo4.aikitech.ca\/?page_id=10946"},"modified":"2024-12-13T19:23:59","modified_gmt":"2024-12-14T00:23:59","slug":"shipping-returns","status":"publish","type":"page","link":"https:\/\/cafegransasso.com\/fr\/shipping-returns\/","title":{"rendered":"Exp\u00e9dition et retours"},"content":{"rendered":"<p><strong><em><u>LIVRAISON<\/u><\/em><\/strong><\/p>\n<p><strong>Livraison gratuite pour toute commande sup\u00e9rieure \u00e0 79 $<\/strong><\/p>\n<p>Le Caf\u00e9 Gran Sasso exp\u00e9diera gratuitement toute commande \u00e0 l'int\u00e9rieur du Canada (voir ci-dessous pour certaines exceptions) pour un achat minimum de 79 $ avant taxes par l'entremise de Purolator.<\/p>\n<p>Pour toute question relative \u00e0 une commande ou pour toute autre question ou commentaire, veuillez contacter notre service client\u00e8le par courrier \u00e9lectronique \u00e0 l'adresse info@cafegransasso.com ou par t\u00e9l\u00e9phone au num\u00e9ro gratuit 1-800-931-6015.<\/p>\n<p><strong><br \/>\nLivraison \u00e0 bas prix pour toute commande inf\u00e9rieure \u00e0 79 $<\/strong><\/p>\n<p>Les commandes inf\u00e9rieures \u00e0 79 $ sont exp\u00e9di\u00e9es au prix de 9,99 $ (voir ci-dessous pour les exceptions). Cette option de livraison s'applique \u00e0 toutes les commandes au Canada exp\u00e9di\u00e9es par livraison standard, avec informations de suivi et notifications par courriel. Les frais de port ne sont pas supprim\u00e9s pour les articles promotionnels gratuits.<\/p>\n<p><strong><br \/>\nExclusions et suppl\u00e9ments li\u00e9s \u00e0 l'exp\u00e9dition<\/strong><\/p>\n<p>Nous ne sommes pas en mesure d'offrir la livraison gratuite pour les commandes de plus de 79 $ ou m\u00eame la livraison \u00e0 bas prix pour les commandes de moins de 79 $ dans certaines r\u00e9gions en raison des frais d'exp\u00e9dition suppl\u00e9mentaires factur\u00e9s par les entreprises de messagerie pour les r\u00e9gions \u00e9loign\u00e9es. D\u00e8s r\u00e9ception de votre commande en ligne, un repr\u00e9sentant de notre \u00e9quipe d'assistance \u00e0 la client\u00e8le vous contactera pour vous communiquer les frais d'exp\u00e9dition suppl\u00e9mentaires.<\/p>\n<p>Certaines de ces zones comprennent le Yukon, les Territoires du Nord-Ouest, le Nunavut et les codes postaux, d\u00e9crits dans cette pi\u00e8ce jointe.<\/p>\n<p>*:<a href=\"https:\/\/cafegransasso.com\/wp-content\/uploads\/2016\/03\/Purolator-Beyond-Listing-English-Q1_2017.pdf\" target=\"_blank\" rel=\"noopener noreferrer\">Purolator au-del\u00e0 de la liste<\/a><\/p>\n<p><strong><br \/>\nPayez en ligne et r\u00e9cup\u00e9rez en magasin<\/strong><\/p>\n<p>\u00c9vitez les frais d'exp\u00e9dition et le paiement \u00e0 l'avance signifie qu'il n'y a pas de file d'attente \u00e0 la caisse. Offre valable pour toutes les commandes. Passez votre commande en ligne et choisissez de venir chercher votre commande dans notre entrep\u00f4t lors de la validation de votre commande. Veuillez pr\u00e9voir un d\u00e9lai de 24 heures apr\u00e8s la commande pour l'enl\u00e8vement de votre commande. Une notification par courrier \u00e9lectronique sera envoy\u00e9e lorsque la commande sera pr\u00eate \u00e0 \u00eatre enlev\u00e9e.<\/p>\n<p><strong><br \/>\nTemps de traitement et de livraison <\/strong><\/p>\n<p>Le d\u00e9lai de traitement peut varier d'un article \u00e0 l'autre.&nbsp; ; Une fois trait\u00e9, le d\u00e9lai de livraison peut prendre de 1 \u00e0 5 jours ouvrables, selon l'endroit o\u00f9 vous vous trouvez au Canada. (Veuillez noter que notre bureau de commande en ligne n'est ouvert que du lundi au vendredi, de 9 h \u00e0 17 h, \u00e0 l'exception des jours f\u00e9ri\u00e9s).<\/p>\n<p>Veuillez noter que nous nous r\u00e9servons le droit de ne pas exp\u00e9dier une commande pour quelque raison que ce soit. Si votre commande pr\u00e9sente un probl\u00e8me et ne peut \u00eatre exp\u00e9di\u00e9e, nous vous contacterons pour vous proposer une solution.<\/p>\n<p><strong><br \/>\nR\u00e9ception de votre envoi<\/strong><\/p>\n<p>Veuillez suivre les lignes directrices suivantes pour vous assurer de pouvoir retourner les produits achet\u00e9s :<\/p>\n<ol>\n<li>Avant de signer\/recevoir la commande, veuillez vous assurer que toutes les pi\u00e8ces de l'envoi sont pr\u00e9sentes et intactes.<\/li>\n<li>Lorsque vous signez pour le colis, il est tr\u00e8s important d'\u00eatre aussi d\u00e9taill\u00e9 et descriptif que possible sur le bordereau d'exp\u00e9dition avant de signer. Votre signature indique que vous acceptez le colis, et si vous signez simplement sans inspecter l'emballage ou son contenu, vous acceptez l'envoi \"en l'\u00e9tat\". Si vous n'avez pas re\u00e7u le nombre appropri\u00e9 de colis ou si certains articles semblent endommag\u00e9s, assurez-vous de le noter avant de signer. Si les dommages ou les manques ne sont pas consign\u00e9s, la compagnie de transport n'honorera pas les demandes d'assurance et, malheureusement, nous ne pourrons pas honorer notre politique de retour.<\/li>\n<li>Lorsque votre commande arrive, d\u00e9ballez tout le contenu pour vous assurer que vous avez re\u00e7u les bons articles. En cas de dommages ou de manques, ils doivent \u00eatre signal\u00e9s imm\u00e9diatement (dans les 24 heures) \u00e0 info@cafegransasso.com ou en nous appelant au num\u00e9ro gratuit 1-800-931-6015.<\/li>\n<\/ol>\n<p><strong><br \/>\nSuivi de votre commande<\/strong><\/p>\n<p>Une fois votre achat exp\u00e9di\u00e9, vous recevrez par courrier \u00e9lectronique un num\u00e9ro de suivi vous permettant de v\u00e9rifier l'\u00e9tat de votre commande.<\/p>\n<p><strong><br \/>\nArticles d\u00e9fectueux<\/strong><\/p>\n<p>Articles d\u00e9fectueux : Veuillez noter que les frais d'exp\u00e9dition ne seront pas rembours\u00e9s si la totalit\u00e9 de la commande est renvoy\u00e9e ; vous recevrez un remboursement complet pour les articles achet\u00e9s.<\/p>\n<p>Les articles d\u00e9fectueux doivent \u00eatre signal\u00e9s dans les deux jours ouvrables suivant la r\u00e9ception de la commande. Nous vous recommandons de prendre des photos des dommages avant d'ouvrir le colis.<\/p>\n<p>Veuillez suivre la proc\u00e9dure ci-dessous pour nous signaler les articles d\u00e9fectueux.<\/p>\n<p>&nbsp;<\/p>\n<p>&nbsp;<\/p>\n<p><strong><em><u>RETOURS<\/u><\/em><\/strong><\/p>\n<p><strong>Retour des produits d\u00e9fectueux<\/strong><\/p>\n<p>La proc\u00e9dure de retour doit \u00eatre soigneusement suivie afin de s'assurer qu'il n'y a pas de probl\u00e8me lors du retour de votre produit :<\/p>\n<ol>\n<li>Appelez-nous gratuitement au 1-800-931-6015 et demandez \u00e0 parler \u00e0 un repr\u00e9sentant du service client\u00e8le en ligne.<\/li>\n<li>Le repr\u00e9sentant du service client\u00e8le en ligne enregistrera vos informations et accusera r\u00e9ception de votre\/vos demande(s).<\/li>\n<li>Suivez les instructions donn\u00e9es par le repr\u00e9sentant du service client\u00e8le en ligne pour retourner votre commande. Il est extr\u00eamement important que vous joigniez les d\u00e9tails de votre (vos) r\u00e9clamation(s) et une copie de votre re\u00e7u \u00e0 la commande retourn\u00e9e.<\/li>\n<\/ol>\n<p>Les retours seront trait\u00e9s dans les 2 jours ouvrables suivant leur r\u00e9ception par Cafe Gran Sasso.<\/p>\n<p><strong><br \/>\nArticles non d\u00e9fectueux<\/strong><\/p>\n<p>Articles ferm\u00e9s non d\u00e9fectueux : Veuillez noter que les frais d'exp\u00e9dition ne seront pas rembours\u00e9s.&nbsp; ; Le montant total que vous recevrez sera le montant de l'article uniquement. Il y aura \u00e9galement des frais de restockage obligatoires entre 10 et 30 % pour les articles non d\u00e9fectueux, en fonction de l'article.<\/p>\n<p>Articles ouverts non d\u00e9fectueux : Veuillez noter que les frais d'exp\u00e9dition ne seront pas rembours\u00e9s. Si vous n'\u00eates pas satisfait de l'article que vous avez re\u00e7u, vous pouvez le retourner pour obtenir un remboursement moins des frais de restockage. Certains produits ne peuvent pas \u00eatre retourn\u00e9s, tels que les capsules individuelles ou ouvertes \u00e0 usage unique et tout autre produit consommable ouvert.<\/p>\n<p><strong><br \/>\nAnnulation de la commande<\/strong><\/p>\n<p>Si vous avez pass\u00e9 une commande et que vous souhaitez l'annuler, veuillez envoyer un courriel \u00e0 info@cafegransasso.com ou nous appeler au num\u00e9ro gratuit 1-800-931-6015 dans les deux heures suivant votre commande pour l'annuler sans frais. Veillez \u00e0 mentionner le num\u00e9ro de votre commande dans toutes vos communications avec nous. Dans les rares cas o\u00f9 nous ne pouvons pas emp\u00eacher l'envoi, veuillez consulter la section Retours de cette page. (Veuillez noter que notre bureau de commande en ligne n'est ouvert que du lundi au vendredi de 9h \u00e0 17h, \u00e0 l'exception des jours f\u00e9ri\u00e9s).<\/p>","protected":false},"excerpt":{"rendered":"<p>SHIPPING Free Shipping On All Orders over $79 Cafe Gran Sasso will ship any order for free within Canada (see<\/p>","protected":false},"author":1346,"featured_media":0,"parent":0,"menu_order":0,"comment_status":"closed","ping_status":"closed","template":"","meta":{"footnotes":""},"class_list":["post-10946","page","type-page","status-publish","hentry"],"yoast_head":"<!-- This site is optimized with the Yoast SEO plugin v26.6 - https:\/\/yoast.com\/wordpress\/plugins\/seo\/ -->\n<title>Shipping &amp; Returns - Cafe Gran Sasso<\/title>\n<meta name=\"robots\" content=\"index, follow, max-snippet:-1, max-image-preview:large, max-video-preview:-1\" \/>\n<link rel=\"canonical\" href=\"https:\/\/cafegransasso.com\/fr\/shipping-returns\/\" \/>\n<meta property=\"og:locale\" content=\"fr_FR\" \/>\n<meta property=\"og:type\" content=\"article\" \/>\n<meta property=\"og:title\" content=\"Shipping &amp; Returns - Cafe Gran Sasso\" \/>\n<meta property=\"og:description\" content=\"SHIPPING Free Shipping On All Orders over $79 Cafe Gran Sasso will ship any order for free within Canada (see\" \/>\n<meta property=\"og:url\" content=\"https:\/\/cafegransasso.com\/fr\/shipping-returns\/\" \/>\n<meta property=\"og:site_name\" content=\"Cafe Gran Sasso\" \/>\n<meta property=\"article:publisher\" content=\"https:\/\/www.facebook.com\/CafeGranSasso\/\" \/>\n<meta property=\"article:modified_time\" content=\"2024-12-14T00:23:59+00:00\" \/>\n<meta name=\"twitter:card\" content=\"summary_large_image\" \/>\n<meta name=\"twitter:label1\" content=\"Est. reading time\" \/>\n\t<meta name=\"twitter:data1\" content=\"5 minutes\" \/>\n<script type=\"application\/ld+json\" class=\"yoast-schema-graph\">{\"@context\":\"https:\/\/schema.org\",\"@graph\":[{\"@type\":\"WebPage\",\"@id\":\"https:\/\/cafegransasso.com\/shipping-returns\/\",\"url\":\"https:\/\/cafegransasso.com\/shipping-returns\/\",\"name\":\"Shipping & Returns - Cafe Gran Sasso\",\"isPartOf\":{\"@id\":\"https:\/\/cafegransasso.com\/#website\"},\"datePublished\":\"2016-03-02T17:50:40+00:00\",\"dateModified\":\"2024-12-14T00:23:59+00:00\",\"breadcrumb\":{\"@id\":\"https:\/\/cafegransasso.com\/shipping-returns\/#breadcrumb\"},\"inLanguage\":\"fr-ca\",\"potentialAction\":[{\"@type\":\"ReadAction\",\"target\":[\"https:\/\/cafegransasso.com\/shipping-returns\/\"]}]},{\"@type\":\"BreadcrumbList\",\"@id\":\"https:\/\/cafegransasso.com\/shipping-returns\/#breadcrumb\",\"itemListElement\":[{\"@type\":\"ListItem\",\"position\":1,\"name\":\"Home\",\"item\":\"https:\/\/cafegransasso.com\/\"},{\"@type\":\"ListItem\",\"position\":2,\"name\":\"Shipping &#038; Returns\"}]},{\"@type\":\"WebSite\",\"@id\":\"https:\/\/cafegransasso.com\/#website\",\"url\":\"https:\/\/cafegransasso.com\/\",\"name\":\"Cafe Gran Sasso\",\"description\":\"From Bean to Brew: Coffee Solutions for Businesses.\",\"publisher\":{\"@id\":\"https:\/\/cafegransasso.com\/#organization\"},\"potentialAction\":[{\"@type\":\"SearchAction\",\"target\":{\"@type\":\"EntryPoint\",\"urlTemplate\":\"https:\/\/cafegransasso.com\/?s={search_term_string}\"},\"query-input\":{\"@type\":\"PropertyValueSpecification\",\"valueRequired\":true,\"valueName\":\"search_term_string\"}}],\"inLanguage\":\"fr-ca\"},{\"@type\":\"Organization\",\"@id\":\"https:\/\/cafegransasso.com\/#organization\",\"name\":\"Cafe Gran Sasso\",\"url\":\"https:\/\/cafegransasso.com\/\",\"logo\":{\"@type\":\"ImageObject\",\"inLanguage\":\"fr-ca\",\"@id\":\"https:\/\/cafegransasso.com\/#\/schema\/logo\/image\/\",\"url\":\"https:\/\/cafegransasso.com\/wp-content\/uploads\/2024\/09\/GS-logo-Red-1-removebg-preview.png\",\"contentUrl\":\"https:\/\/cafegransasso.com\/wp-content\/uploads\/2024\/09\/GS-logo-Red-1-removebg-preview.png\",\"width\":360,\"height\":149,\"caption\":\"Cafe Gran Sasso\"},\"image\":{\"@id\":\"https:\/\/cafegransasso.com\/#\/schema\/logo\/image\/\"},\"sameAs\":[\"https:\/\/www.facebook.com\/CafeGranSasso\/\",\"https:\/\/www.instagram.com\/cafe_gransasso\/\"]}]}<\/script>\n<!-- \/ Yoast SEO plugin. -->","yoast_head_json":{"title":"Shipping & Returns - Cafe Gran Sasso","robots":{"index":"index","follow":"follow","max-snippet":"max-snippet:-1","max-image-preview":"max-image-preview:large","max-video-preview":"max-video-preview:-1"},"canonical":"https:\/\/cafegransasso.com\/fr\/shipping-returns\/","og_locale":"fr_FR","og_type":"article","og_title":"Shipping & Returns - Cafe Gran Sasso","og_description":"SHIPPING Free Shipping On All Orders over $79 Cafe Gran Sasso will ship any order for free within Canada (see","og_url":"https:\/\/cafegransasso.com\/fr\/shipping-returns\/","og_site_name":"Cafe Gran Sasso","article_publisher":"https:\/\/www.facebook.com\/CafeGranSasso\/","article_modified_time":"2024-12-14T00:23:59+00:00","twitter_card":"summary_large_image","twitter_misc":{"Est. reading time":"5 minutes"},"schema":{"@context":"https:\/\/schema.org","@graph":[{"@type":"WebPage","@id":"https:\/\/cafegransasso.com\/shipping-returns\/","url":"https:\/\/cafegransasso.com\/shipping-returns\/","name":"Shipping & Returns - Cafe Gran Sasso","isPartOf":{"@id":"https:\/\/cafegransasso.com\/#website"},"datePublished":"2016-03-02T17:50:40+00:00","dateModified":"2024-12-14T00:23:59+00:00","breadcrumb":{"@id":"https:\/\/cafegransasso.com\/shipping-returns\/#breadcrumb"},"inLanguage":"fr-ca","potentialAction":[{"@type":"ReadAction","target":["https:\/\/cafegransasso.com\/shipping-returns\/"]}]},{"@type":"BreadcrumbList","@id":"https:\/\/cafegransasso.com\/shipping-returns\/#breadcrumb","itemListElement":[{"@type":"ListItem","position":1,"name":"Home","item":"https:\/\/cafegransasso.com\/"},{"@type":"ListItem","position":2,"name":"Shipping &#038; Returns"}]},{"@type":"WebSite","@id":"https:\/\/cafegransasso.com\/#website","url":"https:\/\/cafegransasso.com\/","name":"Cafe Gran Sasso","description":"From Bean to Brew: Coffee Solutions for Businesses.","publisher":{"@id":"https:\/\/cafegransasso.com\/#organization"},"potentialAction":[{"@type":"SearchAction","target":{"@type":"EntryPoint","urlTemplate":"https:\/\/cafegransasso.com\/?s={search_term_string}"},"query-input":{"@type":"PropertyValueSpecification","valueRequired":true,"valueName":"search_term_string"}}],"inLanguage":"fr-ca"},{"@type":"Organization","@id":"https:\/\/cafegransasso.com\/#organization","name":"Cafe Gran Sasso","url":"https:\/\/cafegransasso.com\/","logo":{"@type":"ImageObject","inLanguage":"fr-ca","@id":"https:\/\/cafegransasso.com\/#\/schema\/logo\/image\/","url":"https:\/\/cafegransasso.com\/wp-content\/uploads\/2024\/09\/GS-logo-Red-1-removebg-preview.png","contentUrl":"https:\/\/cafegransasso.com\/wp-content\/uploads\/2024\/09\/GS-logo-Red-1-removebg-preview.png","width":360,"height":149,"caption":"Cafe Gran Sasso"},"image":{"@id":"https:\/\/cafegransasso.com\/#\/schema\/logo\/image\/"},"sameAs":["https:\/\/www.facebook.com\/CafeGranSasso\/","https:\/\/www.instagram.com\/cafe_gransasso\/"]}]}},"_links":{"self":[{"href":"https:\/\/cafegransasso.com\/fr\/wp-json\/wp\/v2\/pages\/10946","targetHints":{"allow":["GET"]}}],"collection":[{"href":"https:\/\/cafegransasso.com\/fr\/wp-json\/wp\/v2\/pages"}],"about":[{"href":"https:\/\/cafegransasso.com\/fr\/wp-json\/wp\/v2\/types\/page"}],"author":[{"embeddable":true,"href":"https:\/\/cafegransasso.com\/fr\/wp-json\/wp\/v2\/users\/1346"}],"replies":[{"embeddable":true,"href":"https:\/\/cafegransasso.com\/fr\/wp-json\/wp\/v2\/comments?post=10946"}],"version-history":[{"count":4,"href":"https:\/\/cafegransasso.com\/fr\/wp-json\/wp\/v2\/pages\/10946\/revisions"}],"predecessor-version":[{"id":12287,"href":"https:\/\/cafegransasso.com\/fr\/wp-json\/wp\/v2\/pages\/10946\/revisions\/12287"}],"wp:attachment":[{"href":"https:\/\/cafegransasso.com\/fr\/wp-json\/wp\/v2\/media?parent=10946"}],"curies":[{"name":"wp","href":"https:\/\/api.w.org\/{rel}","templated":true}]}}