{"id":10949,"date":"2016-03-02T12:51:20","date_gmt":"2016-03-02T17:51:20","guid":{"rendered":"http:\/\/demo4.aikitech.ca\/?page_id=10949"},"modified":"2024-12-13T19:23:59","modified_gmt":"2024-12-14T00:23:59","slug":"privacy-policy","status":"publish","type":"page","link":"https:\/\/cafegransasso.com\/fr\/privacy-policy\/","title":{"rendered":"Politique de confidentialit\u00e9"},"content":{"rendered":"<p><strong><em><u>Politique de confidentialit\u00e9<\/u><\/em><\/strong><\/p>\n<p><strong>Collecte et utilisation des informations personnelles<\/strong><\/p>\n<p>Nous recueillons les informations personnelles suivantes aupr\u00e8s de vous :<\/p>\n<ul>\n<li>Informations de contact telles que le nom, l'adresse \u00e9lectronique, l'adresse postale, le num\u00e9ro de t\u00e9l\u00e9phone<\/li>\n<li>Informations relatives \u00e0 la facturation, telles que le num\u00e9ro de carte de cr\u00e9dit et l'adresse de facturation<\/li>\n<li>Identifiants uniques tels que le nom d'utilisateur, le num\u00e9ro de compte, le mot de passe<\/li>\n<li>Pr\u00e9f\u00e9rences Informations telles que les listes de souhaits concernant les produits, l'historique des commandes, les pr\u00e9f\u00e9rences en mati\u00e8re de marketing<\/li>\n<\/ul>\n<p>Comme c'est le cas pour la plupart des sites web, nous recueillons automatiquement des informations sur votre ordinateur, telles que votre adresse IP, votre type de navigateur, les pages de renvoi et de sortie et votre syst\u00e8me d'exploitation.<\/p>\n<p>Nous utilisons ces informations pour :<\/p>\n<ul>\n<li>Ex\u00e9cuter votre commande<\/li>\n<li>Vous envoyer une confirmation de commande<\/li>\n<li>Vous envoyer les informations demand\u00e9es sur les produits ou les services<\/li>\n<li>R\u00e9pondre aux demandes de service des clients<\/li>\n<li>Administer your account<\/li>\n<li>Vous envoyer une lettre d'information<\/li>\n<\/ul>\n<p><strong><br \/>\nPartage d'informations<\/strong><\/p>\n<p>Nous ne partagerons vos informations personnelles avec des tiers que de la mani\u00e8re d\u00e9crite dans la pr\u00e9sente d\u00e9claration de confidentialit\u00e9. Nous ne vendons pas vos informations personnelles \u00e0 des tiers.<\/p>\n<p>Nous pouvons fournir vos informations personnelles \u00e0 des soci\u00e9t\u00e9s qui fournissent des services pour nous aider dans nos activit\u00e9s commerciales, telles que l'exp\u00e9dition de votre commande ou le service \u00e0 la client\u00e8le. Ces soci\u00e9t\u00e9s sont autoris\u00e9es \u00e0 utiliser vos informations personnelles uniquement dans la mesure o\u00f9 cela est n\u00e9cessaire pour nous fournir ces services.<\/p>\n<p>Cookies et autres technologies de suivi<\/p>\n<p>Nous pouvons utiliser des cookies, par exemple, pour garder une trace de vos pr\u00e9f\u00e9rences et de vos informations de profil. Les cookies sont \u00e9galement utilis\u00e9s pour collecter des informations statistiques g\u00e9n\u00e9rales sur l'utilisation et le volume, qui ne comprennent pas d'informations personnelles.<\/p>\n<p><strong><br \/>\nS\u00e9curit\u00e9<\/strong><\/p>\n<p>La s\u00e9curit\u00e9 de vos informations personnelles est importante pour nous. Nous suivons les normes industrielles g\u00e9n\u00e9ralement accept\u00e9es pour prot\u00e9ger les informations personnelles qui nous sont soumises, \u00e0 la fois pendant leur transmission et une fois que nous les avons re\u00e7ues. Toutefois, aucune m\u00e9thode de transmission sur l'internet ou de stockage \u00e9lectronique n'est s\u00fbre \u00e0 100 %. Nous ne pouvons donc pas garantir une s\u00e9curit\u00e9 absolue. Si vous avez des questions sur la s\u00e9curit\u00e9 de notre site web, vous pouvez nous contacter \u00e0 l'adresse suivante : info@cafegransasso.com<\/p>\n<p>Si vous utilisez notre panier d'achat, la transmission des informations sensibles collect\u00e9es sur notre formulaire de commande est crypt\u00e9e \u00e0 l'aide de la technologie Secure Socket Layer (SSL).<\/p>\n<p>Nous conserverons vos informations aussi longtemps que votre compte sera actif ou que cela sera n\u00e9cessaire pour vous fournir des services. Si vous souhaitez annuler votre compte ou nous demander de ne plus utiliser vos informations pour vous fournir des services, contactez-nous \u00e0 l'adresse info@cafegransasso.com. Nous conserverons et utiliserons vos informations si n\u00e9cessaire pour nous conformer \u00e0 nos obligations l\u00e9gales, r\u00e9soudre les litiges et appliquer nos accords.<\/p>\n<p><strong><br \/>\nNotification des modifications apport\u00e9es \u00e0 la d\u00e9claration de confidentialit\u00e9 <\/strong><\/p>\n<p>Nous pouvons mettre \u00e0 jour la pr\u00e9sente d\u00e9claration de confidentialit\u00e9 afin de refl\u00e9ter les modifications apport\u00e9es \u00e0 nos pratiques en mati\u00e8re d'information. Si nous apportons des modifications importantes, nous vous en informerons par courrier \u00e9lectronique (envoy\u00e9 \u00e0 l'adresse \u00e9lectronique sp\u00e9cifi\u00e9e dans votre compte) ou par le biais d'un avis sur ce site avant que la modification n'entre en vigueur. Nous vous encourageons \u00e0 consulter r\u00e9guli\u00e8rement cette page pour obtenir les informations les plus r\u00e9centes sur nos pratiques en mati\u00e8re de protection de la vie priv\u00e9e.<\/p>","protected":false},"excerpt":{"rendered":"<p>Privacy Policy Collection and Use of Personal Information We collect the following personal information from you: Contact Information such as<\/p>","protected":false},"author":1346,"featured_media":0,"parent":0,"menu_order":0,"comment_status":"closed","ping_status":"closed","template":"","meta":{"footnotes":""},"class_list":["post-10949","page","type-page","status-publish","hentry"],"yoast_head":"<!-- This site is optimized with the Yoast SEO plugin v27.3 - https:\/\/yoast.com\/product\/yoast-seo-wordpress\/ -->\n<title>Privacy Policy - Cafe Gran Sasso<\/title>\n<meta name=\"robots\" content=\"index, follow, max-snippet:-1, max-image-preview:large, max-video-preview:-1\" \/>\n<link rel=\"canonical\" href=\"https:\/\/cafegransasso.com\/fr\/privacy-policy\/\" \/>\n<meta property=\"og:locale\" content=\"fr_FR\" \/>\n<meta property=\"og:type\" content=\"article\" \/>\n<meta property=\"og:title\" content=\"Privacy Policy - Cafe Gran Sasso\" \/>\n<meta property=\"og:description\" content=\"Privacy Policy Collection and Use of Personal Information We collect the following personal information from you: Contact Information such as\" \/>\n<meta property=\"og:url\" content=\"https:\/\/cafegransasso.com\/fr\/privacy-policy\/\" \/>\n<meta property=\"og:site_name\" content=\"Cafe Gran Sasso\" \/>\n<meta property=\"article:publisher\" content=\"https:\/\/www.facebook.com\/CafeGranSasso\/\" \/>\n<meta property=\"article:modified_time\" content=\"2024-12-14T00:23:59+00:00\" \/>\n<meta name=\"twitter:card\" content=\"summary_large_image\" \/>\n<meta name=\"twitter:label1\" content=\"Est. reading time\" \/>\n\t<meta name=\"twitter:data1\" content=\"2 minutes\" \/>\n<script type=\"application\/ld+json\" class=\"yoast-schema-graph\">{\"@context\":\"https:\\\/\\\/schema.org\",\"@graph\":[{\"@type\":\"WebPage\",\"@id\":\"https:\\\/\\\/cafegransasso.com\\\/privacy-policy\\\/\",\"url\":\"https:\\\/\\\/cafegransasso.com\\\/privacy-policy\\\/\",\"name\":\"Privacy Policy - Cafe Gran Sasso\",\"isPartOf\":{\"@id\":\"https:\\\/\\\/cafegransasso.com\\\/#website\"},\"datePublished\":\"2016-03-02T17:51:20+00:00\",\"dateModified\":\"2024-12-14T00:23:59+00:00\",\"breadcrumb\":{\"@id\":\"https:\\\/\\\/cafegransasso.com\\\/privacy-policy\\\/#breadcrumb\"},\"inLanguage\":\"fr-ca\",\"potentialAction\":[{\"@type\":\"ReadAction\",\"target\":[\"https:\\\/\\\/cafegransasso.com\\\/privacy-policy\\\/\"]}]},{\"@type\":\"BreadcrumbList\",\"@id\":\"https:\\\/\\\/cafegransasso.com\\\/privacy-policy\\\/#breadcrumb\",\"itemListElement\":[{\"@type\":\"ListItem\",\"position\":1,\"name\":\"Home\",\"item\":\"https:\\\/\\\/cafegransasso.com\\\/\"},{\"@type\":\"ListItem\",\"position\":2,\"name\":\"Privacy Policy\"}]},{\"@type\":\"WebSite\",\"@id\":\"https:\\\/\\\/cafegransasso.com\\\/#website\",\"url\":\"https:\\\/\\\/cafegransasso.com\\\/\",\"name\":\"Cafe Gran Sasso\",\"description\":\"From Bean to Brew: Coffee Solutions for Businesses.\",\"publisher\":{\"@id\":\"https:\\\/\\\/cafegransasso.com\\\/#organization\"},\"potentialAction\":[{\"@type\":\"SearchAction\",\"target\":{\"@type\":\"EntryPoint\",\"urlTemplate\":\"https:\\\/\\\/cafegransasso.com\\\/?s={search_term_string}\"},\"query-input\":{\"@type\":\"PropertyValueSpecification\",\"valueRequired\":true,\"valueName\":\"search_term_string\"}}],\"inLanguage\":\"fr-ca\"},{\"@type\":\"Organization\",\"@id\":\"https:\\\/\\\/cafegransasso.com\\\/#organization\",\"name\":\"Cafe Gran Sasso\",\"url\":\"https:\\\/\\\/cafegransasso.com\\\/\",\"logo\":{\"@type\":\"ImageObject\",\"inLanguage\":\"fr-ca\",\"@id\":\"https:\\\/\\\/cafegransasso.com\\\/#\\\/schema\\\/logo\\\/image\\\/\",\"url\":\"https:\\\/\\\/cafegransasso.com\\\/wp-content\\\/uploads\\\/2024\\\/09\\\/GS-logo-Red-1-removebg-preview.png\",\"contentUrl\":\"https:\\\/\\\/cafegransasso.com\\\/wp-content\\\/uploads\\\/2024\\\/09\\\/GS-logo-Red-1-removebg-preview.png\",\"width\":360,\"height\":149,\"caption\":\"Cafe Gran Sasso\"},\"image\":{\"@id\":\"https:\\\/\\\/cafegransasso.com\\\/#\\\/schema\\\/logo\\\/image\\\/\"},\"sameAs\":[\"https:\\\/\\\/www.facebook.com\\\/CafeGranSasso\\\/\",\"https:\\\/\\\/www.instagram.com\\\/cafe_gransasso\\\/\"]}]}<\/script>\n<!-- \/ Yoast SEO plugin. -->","yoast_head_json":{"title":"Privacy Policy - Cafe Gran Sasso","robots":{"index":"index","follow":"follow","max-snippet":"max-snippet:-1","max-image-preview":"max-image-preview:large","max-video-preview":"max-video-preview:-1"},"canonical":"https:\/\/cafegransasso.com\/fr\/privacy-policy\/","og_locale":"fr_FR","og_type":"article","og_title":"Privacy Policy - Cafe Gran Sasso","og_description":"Privacy Policy Collection and Use of Personal Information We collect the following personal information from you: Contact Information such as","og_url":"https:\/\/cafegransasso.com\/fr\/privacy-policy\/","og_site_name":"Cafe Gran Sasso","article_publisher":"https:\/\/www.facebook.com\/CafeGranSasso\/","article_modified_time":"2024-12-14T00:23:59+00:00","twitter_card":"summary_large_image","twitter_misc":{"Est. reading time":"2 minutes"},"schema":{"@context":"https:\/\/schema.org","@graph":[{"@type":"WebPage","@id":"https:\/\/cafegransasso.com\/privacy-policy\/","url":"https:\/\/cafegransasso.com\/privacy-policy\/","name":"Privacy Policy - Cafe Gran Sasso","isPartOf":{"@id":"https:\/\/cafegransasso.com\/#website"},"datePublished":"2016-03-02T17:51:20+00:00","dateModified":"2024-12-14T00:23:59+00:00","breadcrumb":{"@id":"https:\/\/cafegransasso.com\/privacy-policy\/#breadcrumb"},"inLanguage":"fr-ca","potentialAction":[{"@type":"ReadAction","target":["https:\/\/cafegransasso.com\/privacy-policy\/"]}]},{"@type":"BreadcrumbList","@id":"https:\/\/cafegransasso.com\/privacy-policy\/#breadcrumb","itemListElement":[{"@type":"ListItem","position":1,"name":"Home","item":"https:\/\/cafegransasso.com\/"},{"@type":"ListItem","position":2,"name":"Privacy Policy"}]},{"@type":"WebSite","@id":"https:\/\/cafegransasso.com\/#website","url":"https:\/\/cafegransasso.com\/","name":"Cafe Gran Sasso","description":"From Bean to Brew: Coffee Solutions for Businesses.","publisher":{"@id":"https:\/\/cafegransasso.com\/#organization"},"potentialAction":[{"@type":"SearchAction","target":{"@type":"EntryPoint","urlTemplate":"https:\/\/cafegransasso.com\/?s={search_term_string}"},"query-input":{"@type":"PropertyValueSpecification","valueRequired":true,"valueName":"search_term_string"}}],"inLanguage":"fr-ca"},{"@type":"Organization","@id":"https:\/\/cafegransasso.com\/#organization","name":"Cafe Gran Sasso","url":"https:\/\/cafegransasso.com\/","logo":{"@type":"ImageObject","inLanguage":"fr-ca","@id":"https:\/\/cafegransasso.com\/#\/schema\/logo\/image\/","url":"https:\/\/cafegransasso.com\/wp-content\/uploads\/2024\/09\/GS-logo-Red-1-removebg-preview.png","contentUrl":"https:\/\/cafegransasso.com\/wp-content\/uploads\/2024\/09\/GS-logo-Red-1-removebg-preview.png","width":360,"height":149,"caption":"Cafe Gran Sasso"},"image":{"@id":"https:\/\/cafegransasso.com\/#\/schema\/logo\/image\/"},"sameAs":["https:\/\/www.facebook.com\/CafeGranSasso\/","https:\/\/www.instagram.com\/cafe_gransasso\/"]}]}},"_links":{"self":[{"href":"https:\/\/cafegransasso.com\/fr\/wp-json\/wp\/v2\/pages\/10949","targetHints":{"allow":["GET"]}}],"collection":[{"href":"https:\/\/cafegransasso.com\/fr\/wp-json\/wp\/v2\/pages"}],"about":[{"href":"https:\/\/cafegransasso.com\/fr\/wp-json\/wp\/v2\/types\/page"}],"author":[{"embeddable":true,"href":"https:\/\/cafegransasso.com\/fr\/wp-json\/wp\/v2\/users\/1346"}],"replies":[{"embeddable":true,"href":"https:\/\/cafegransasso.com\/fr\/wp-json\/wp\/v2\/comments?post=10949"}],"version-history":[{"count":2,"href":"https:\/\/cafegransasso.com\/fr\/wp-json\/wp\/v2\/pages\/10949\/revisions"}],"predecessor-version":[{"id":11893,"href":"https:\/\/cafegransasso.com\/fr\/wp-json\/wp\/v2\/pages\/10949\/revisions\/11893"}],"wp:attachment":[{"href":"https:\/\/cafegransasso.com\/fr\/wp-json\/wp\/v2\/media?parent=10949"}],"curies":[{"name":"wp","href":"https:\/\/api.w.org\/{rel}","templated":true}]}}