{"id":26436,"date":"2025-01-17T11:07:00","date_gmt":"2025-01-17T16:07:00","guid":{"rendered":"https:\/\/demo.cafegransasso.com\/?page_id=26436"},"modified":"2025-02-20T10:21:11","modified_gmt":"2025-02-20T15:21:11","slug":"eccellenza-touch","status":"publish","type":"page","link":"https:\/\/cafegransasso.com\/fr\/equipment\/eccellenza-touch\/","title":{"rendered":"ECCELLENZA TOUCH"},"content":{"rendered":"<div data-elementor-type=\"wp-page\" data-elementor-id=\"26436\" class=\"elementor elementor-26436\" data-elementor-post-type=\"page\">\n\t\t\t\t<div class=\"elementor-element elementor-element-49bcbc0 e-con-full e-flex e-con e-parent\" data-id=\"49bcbc0\" data-element_type=\"container\">\n\t\t<div class=\"elementor-element elementor-element-c1bb04d e-con-full e-flex e-con e-child\" data-id=\"c1bb04d\" data-element_type=\"container\">\n\t\t\t\t<div class=\"elementor-element elementor-element-7fbaa4b wd-width-100 elementor-widget elementor-widget-wd_images_gallery\" data-id=\"7fbaa4b\" data-element_type=\"widget\" data-widget_type=\"wd_images_gallery.default\">\n\t\t\t\t<div class=\"elementor-widget-container\">\n\t\t\t\t\t\t\t<div class=\"wd-images-gallery photoswipe-images\" style=\"--wd-align-items:center; --wd-justify-content:center;\">\n\t\t\t\t\t\t<div class=\"wd-grid-g\" style=\"--wd-col-lg:1;--wd-col-md:1;--wd-col-sm:1;--wd-gap-lg:30px;--wd-gap-sm:10px;\" >\n\t\t\t\t\t\t\t\t\t\t\t\t\t\t\t\t\t\t<div class=\"wd-gallery-item wd-col\">\n\t\t\t\t\t\t\t\t\t\t\t\t\t<a  href=\"https:\/\/cafegransasso.com\/wp-content\/uploads\/2024\/10\/Eccellenza_Touch_side_EN_1000x1000.webp\" data-width=\"520\" data-height=\"520\" data-index=\"1\" data-elementor-open-lightbox=\"no\">\n\t\t\t\t\t\t\n\t\t\t\t\t\t<img loading=\"lazy\" decoding=\"async\" width=\"520\" height=\"520\" src=\"https:\/\/cafegransasso.com\/wp-content\/uploads\/2024\/10\/Eccellenza_Touch_side_EN_1000x1000.webp\" class=\"attachment-full size-full\" alt=\"Eccellenza_Touch_side_EN_1000x1000\" srcset=\"https:\/\/cafegransasso.com\/wp-content\/uploads\/2024\/10\/Eccellenza_Touch_side_EN_1000x1000.webp 520w, https:\/\/cafegransasso.com\/wp-content\/uploads\/2024\/10\/Eccellenza_Touch_side_EN_1000x1000-300x300.webp 300w, https:\/\/cafegransasso.com\/wp-content\/uploads\/2024\/10\/Eccellenza_Touch_side_EN_1000x1000-150x150.webp 150w, https:\/\/cafegransasso.com\/wp-content\/uploads\/2024\/10\/Eccellenza_Touch_side_EN_1000x1000-430x430.webp 430w\" sizes=\"auto, (max-width: 520px) 100vw, 520px\" \/>\n\t\t\t\t\t\t\t\t\t\t\t\t\t<\/a>\n\t\t\t\t\t\t\t\t\t\t\t<\/div>\n\t\t\t\t\t\t\t\t\t\t\t\t\t<\/div>\n\t\t\t\t\t<\/div>\n\t\t\t\t\t\t<\/div>\n\t\t\t\t<\/div>\n\t\t\t\t<\/div>\n\t\t<div class=\"elementor-element elementor-element-51a647b e-con-full e-flex e-con e-child\" data-id=\"51a647b\" data-element_type=\"container\">\n\t\t\t\t<div class=\"elementor-element elementor-element-59fc0de wd-width-100 elementor-widget elementor-widget-wd_title\" data-id=\"59fc0de\" data-element_type=\"widget\" data-widget_type=\"wd_title.default\">\n\t\t\t\t<div class=\"elementor-widget-container\">\n\t\t\t\t\t\t\t<div class=\"title-wrapper wd-set-mb reset-last-child wd-title-color-default wd-title-style-default wd-title-size-extra-large text-left\">\n\n\t\t\t\n\t\t\t<div class=\"liner-continer\">\n\t\t\t\t<h4 class=\"woodmart-title-container title wd-fontsize-xxxl\">ECCELLENZA TOUCH<\/h4> \n\t\t\t\t\t\t\t<\/div>\n\n\t\t\t\t\t<\/div>\n\t\t\t\t\t\t<\/div>\n\t\t\t\t<\/div>\n\t\t\t\t<div class=\"elementor-element elementor-element-0228c68 elementor-widget elementor-widget-wd_text_block\" data-id=\"0228c68\" data-element_type=\"widget\" data-widget_type=\"wd_text_block.default\">\n\t\t\t\t<div class=\"elementor-widget-container\">\n\t\t\t\t\t\t\t<div class=\"wd-text-block reset-last-child text-left color-#989898 color-scheme-custom\">\n\t\t\t\n\t\t\t<p>La <strong>Keurig Eccellenza Touch<\/strong> est une machine \u00e0 caf\u00e9 commerciale haute performance con\u00e7ue pour les bureaux et les lieux de travail. Il allie la commodit\u00e9 de la technologie Keurig \u00e0 service unique \u00e0 une interface \u00e0 \u00e9cran tactile pour une utilisation conviviale. Voici ses principales caract\u00e9ristiques et sp\u00e9cifications :<\/p>\n\t\t\t\t\t<\/div>\n\t\t\t\t\t\t<\/div>\n\t\t\t\t<\/div>\n\t\t<div class=\"elementor-element elementor-element-b65d232 e-con-full e-flex e-con e-child\" data-id=\"b65d232\" data-element_type=\"container\">\n\t\t<div class=\"elementor-element elementor-element-fda012a e-con-full e-flex e-con e-child\" data-id=\"fda012a\" data-element_type=\"container\">\n\t\t\t\t<div class=\"elementor-element elementor-element-c10b972 elementor-widget elementor-widget-wd_button\" data-id=\"c10b972\" data-element_type=\"widget\" data-widget_type=\"wd_button.default\">\n\t\t\t\t<div class=\"elementor-widget-container\">\n\t\t\t\t\t\t\t<div class=\"wd-button-wrapper text-left\" >\n\t\t\t<a class=\"btn btn-style-default btn-shape-rectangle btn-size-default btn-color-black btn-icon-pos-right\"  href=\"https:\/\/cafegransasso.com\/fr\/shop\/keurig-eccellenza-touch-bean-to-cup-single-cup-coffee-maker\/\">\n\t\t\t\t<span class=\"wd-btn-text\" data-elementor-setting-key=\"text\">\n\t\t\t\t\tACHETER MAINTENANT\t\t\t\t<\/span>\n\n\t\t\t\t\t\t\t<\/a>\n\t\t<\/div>\n\t\t\t\t\t\t<\/div>\n\t\t\t\t<\/div>\n\t\t\t\t<\/div>\n\t\t\t\t<\/div>\n\t\t\t\t<\/div>\n\t\t\t\t<\/div>\n\t\t<div class=\"wd-negative-gap elementor-element elementor-element-5be250f e-flex e-con-boxed e-con e-parent\" data-id=\"5be250f\" data-element_type=\"container\">\n\t\t\t\t\t<div class=\"e-con-inner\">\n\t\t\t\t<div class=\"elementor-element elementor-element-7e5e581 elementor-widget elementor-widget-gallery\" data-id=\"7e5e581\" data-element_type=\"widget\" data-settings=\"{&quot;lazyload&quot;:&quot;yes&quot;,&quot;gallery_layout&quot;:&quot;grid&quot;,&quot;columns&quot;:4,&quot;columns_tablet&quot;:2,&quot;columns_mobile&quot;:1,&quot;gap&quot;:{&quot;unit&quot;:&quot;px&quot;,&quot;size&quot;:10,&quot;sizes&quot;:[]},&quot;gap_tablet&quot;:{&quot;unit&quot;:&quot;px&quot;,&quot;size&quot;:10,&quot;sizes&quot;:[]},&quot;gap_mobile&quot;:{&quot;unit&quot;:&quot;px&quot;,&quot;size&quot;:10,&quot;sizes&quot;:[]},&quot;link_to&quot;:&quot;file&quot;,&quot;aspect_ratio&quot;:&quot;3:2&quot;,&quot;overlay_background&quot;:&quot;yes&quot;,&quot;content_hover_animation&quot;:&quot;fade-in&quot;}\" data-widget_type=\"gallery.default\">\n\t\t\t\t<div class=\"elementor-widget-container\">\n\t\t\t\t\t\t\t<div class=\"elementor-gallery__container\">\n\t\t\t\t\t\t\t<a class=\"e-gallery-item elementor-gallery-item elementor-animated-content\" href=\"https:\/\/cafegransasso.com\/wp-content\/uploads\/2024\/10\/touch-website-1eac1032.jpg\" data-elementor-open-lightbox=\"yes\" data-elementor-lightbox-slideshow=\"7e5e581\" data-elementor-lightbox-title=\"touch-website-1eac1032\" data-e-action-hash=\"#elementor-action%3Aaction%3Dlightbox%26settings%3DeyJpZCI6MjY0ODYsInVybCI6Imh0dHBzOlwvXC9jYWZlZ3JhbnNhc3NvLmNvbVwvd3AtY29udGVudFwvdXBsb2Fkc1wvMjAyNFwvMTBcL3RvdWNoLXdlYnNpdGUtMWVhYzEwMzIuanBnIiwic2xpZGVzaG93IjoiN2U1ZTU4MSJ9\">\n\t\t\t\t\t<div class=\"e-gallery-image elementor-gallery-item__image\" data-thumbnail=\"https:\/\/cafegransasso.com\/wp-content\/uploads\/2024\/10\/touch-website-1eac1032-400x267.jpg\" data-width=\"400\" data-height=\"267\" aria-label=\"\" role=\"img\" ><\/div>\n\t\t\t\t\t\t\t\t\t\t\t<div class=\"elementor-gallery-item__overlay\"><\/div>\n\t\t\t\t\t\t\t\t\t\t\t\t\t\t<\/a>\n\t\t\t\t\t\t\t<a class=\"e-gallery-item elementor-gallery-item elementor-animated-content\" href=\"https:\/\/cafegransasso.com\/wp-content\/uploads\/2024\/10\/Main_Screen_EN_-_1.3.0.5-5f8f38b7.jpg\" data-elementor-open-lightbox=\"yes\" data-elementor-lightbox-slideshow=\"7e5e581\" data-elementor-lightbox-title=\"Main_Screen_EN_-_1.3.0.5-5f8f38b7\" data-e-action-hash=\"#elementor-action%3Aaction%3Dlightbox%26settings%3DeyJpZCI6MjY0ODAsInVybCI6Imh0dHBzOlwvXC9jYWZlZ3JhbnNhc3NvLmNvbVwvd3AtY29udGVudFwvdXBsb2Fkc1wvMjAyNFwvMTBcL01haW5fU2NyZWVuX0VOXy1fMS4zLjAuNS01ZjhmMzhiNy5qcGciLCJzbGlkZXNob3ciOiI3ZTVlNTgxIn0%3D\">\n\t\t\t\t\t<div class=\"e-gallery-image elementor-gallery-item__image\" data-thumbnail=\"https:\/\/cafegransasso.com\/wp-content\/uploads\/2024\/10\/Main_Screen_EN_-_1.3.0.5-5f8f38b7-400x257.jpg\" data-width=\"400\" data-height=\"257\" aria-label=\"\" role=\"img\" ><\/div>\n\t\t\t\t\t\t\t\t\t\t\t<div class=\"elementor-gallery-item__overlay\"><\/div>\n\t\t\t\t\t\t\t\t\t\t\t\t\t\t<\/a>\n\t\t\t\t\t\t\t<a class=\"e-gallery-item elementor-gallery-item elementor-animated-content\" href=\"https:\/\/cafegransasso.com\/wp-content\/uploads\/2024\/10\/Touch_-_NSF-9c53d415.jpg\" data-elementor-open-lightbox=\"yes\" data-elementor-lightbox-slideshow=\"7e5e581\" data-elementor-lightbox-title=\"Touch_-_NSF-9c53d415\" data-e-action-hash=\"#elementor-action%3Aaction%3Dlightbox%26settings%3DeyJpZCI6MjY0ODQsInVybCI6Imh0dHBzOlwvXC9jYWZlZ3JhbnNhc3NvLmNvbVwvd3AtY29udGVudFwvdXBsb2Fkc1wvMjAyNFwvMTBcL1RvdWNoXy1fTlNGLTljNTNkNDE1LmpwZyIsInNsaWRlc2hvdyI6IjdlNWU1ODEifQ%3D%3D\">\n\t\t\t\t\t<div class=\"e-gallery-image elementor-gallery-item__image\" data-thumbnail=\"https:\/\/cafegransasso.com\/wp-content\/uploads\/2024\/10\/Touch_-_NSF-9c53d415-255x300.jpg\" data-width=\"255\" data-height=\"300\" aria-label=\"\" role=\"img\" ><\/div>\n\t\t\t\t\t\t\t\t\t\t\t<div class=\"elementor-gallery-item__overlay\"><\/div>\n\t\t\t\t\t\t\t\t\t\t\t\t\t\t<\/a>\n\t\t\t\t\t\t\t<a class=\"e-gallery-item elementor-gallery-item elementor-animated-content\" href=\"https:\/\/cafegransasso.com\/wp-content\/uploads\/2024\/10\/System_Status-1a9cd6ef.jpg\" data-elementor-open-lightbox=\"yes\" data-elementor-lightbox-slideshow=\"7e5e581\" data-elementor-lightbox-title=\"System_Status-1a9cd6ef\" data-e-action-hash=\"#elementor-action%3Aaction%3Dlightbox%26settings%3DeyJpZCI6MjY0ODIsInVybCI6Imh0dHBzOlwvXC9jYWZlZ3JhbnNhc3NvLmNvbVwvd3AtY29udGVudFwvdXBsb2Fkc1wvMjAyNFwvMTBcL1N5c3RlbV9TdGF0dXMtMWE5Y2Q2ZWYuanBnIiwic2xpZGVzaG93IjoiN2U1ZTU4MSJ9\">\n\t\t\t\t\t<div class=\"e-gallery-image elementor-gallery-item__image\" data-thumbnail=\"https:\/\/cafegransasso.com\/wp-content\/uploads\/2024\/10\/System_Status-1a9cd6ef-400x257.jpg\" data-width=\"400\" data-height=\"257\" aria-label=\"\" role=\"img\" ><\/div>\n\t\t\t\t\t\t\t\t\t\t\t<div class=\"elementor-gallery-item__overlay\"><\/div>\n\t\t\t\t\t\t\t\t\t\t\t\t\t\t<\/a>\n\t\t\t\t\t<\/div>\n\t\t\t\t\t<\/div>\n\t\t\t\t<\/div>\n\t\t\t\t\t<\/div>\n\t\t\t\t<\/div>\n\t\t<div class=\"wd-negative-gap elementor-element elementor-element-1a12f52 e-flex e-con-boxed e-con e-parent\" data-id=\"1a12f52\" data-element_type=\"container\">\n\t\t\t\t\t<div class=\"e-con-inner\">\n\t\t<div class=\"elementor-element elementor-element-be64470 e-con-full e-flex e-con e-child\" data-id=\"be64470\" data-element_type=\"container\">\n\t\t<div class=\"elementor-element elementor-element-8eacbfa e-con-full e-flex e-con e-child\" data-id=\"8eacbfa\" data-element_type=\"container\">\n\t\t\t\t<div class=\"elementor-element elementor-element-4730e84 elementor-widget elementor-widget-wd_text_block\" data-id=\"4730e84\" data-element_type=\"widget\" data-widget_type=\"wd_text_block.default\">\n\t\t\t\t<div class=\"elementor-widget-container\">\n\t\t\t\t\t\t\t<div class=\"wd-text-block reset-last-child text-left\">\n\t\t\t\n\t\t\t<p><strong>Caract\u00e9ristiques principales :<\/strong><\/p><ol><li><strong>Interface \u00e0 \u00e9cran tactile<\/strong>:<ul><li>\u00c9cran tactile couleur de 10,1 pouces, permettant de s\u00e9lectionner facilement les boissons et les options de personnalisation de l'utilisateur, telles que la force et la taille.<\/li><\/ul><\/li><li><strong>Vari\u00e9t\u00e9 de boissons<\/strong>:<ul><li>Il pr\u00e9pare une large gamme de boissons chaudes, notamment du caf\u00e9, du th\u00e9, du cacao chaud et des boissons sp\u00e9ciales comme les cappuccinos et les lattes.<\/li><\/ul><\/li><li><strong>Plusieurs tailles d'extraction<\/strong>:<ul><li>Propose plusieurs tailles d'extraction, g\u00e9n\u00e9ralement des tasses de 6 oz, 8 oz, 10 oz et 12 oz, pour r\u00e9pondre aux pr\u00e9f\u00e9rences des utilisateurs.<\/li><\/ul><\/li><li><strong>Distributeur d'eau chaude<\/strong>:<ul><li>Fournit de l'eau chaude \u00e0 la demande pour les soupes, les flocons d'avoine ou d'autres produits instantan\u00e9s.<\/li><\/ul><\/li><li><strong>Temps d'infusion<\/strong>:<ul><li>Temps d'infusion rapide de moins d'une minute par tasse, ce qui le rend id\u00e9al pour les zones tr\u00e8s fr\u00e9quent\u00e9es.<\/li><\/ul><\/li><li><strong>Conception durable<\/strong>:<ul><li>Con\u00e7us pour les environnements commerciaux, les mat\u00e9riaux durables r\u00e9sistent \u00e0 une utilisation quotidienne intensive.<\/li><\/ul><\/li><li><strong>Efficacit\u00e9 \u00e9nerg\u00e9tique<\/strong>:<ul><li>Modes d'\u00e9conomie d'\u00e9nergie programmables, tels que l'arr\u00eat automatique et le mode veille, pour r\u00e9duire la consommation d'\u00e9nergie lorsque l'appareil n'est pas utilis\u00e9.<\/li><\/ul><\/li><li><strong>Alertes d'entretien intuitives<\/strong>:<ul><li>Alerte pour le d\u00e9tartrage et l'entretien afin de garantir des performances constantes et une longue dur\u00e9e de vie.<\/li><\/ul><\/li><\/ol>\n\t\t\t\t\t<\/div>\n\t\t\t\t\t\t<\/div>\n\t\t\t\t<\/div>\n\t\t\t\t<\/div>\n\t\t\t\t<\/div>\n\t\t<div class=\"elementor-element elementor-element-90dd8ee e-con-full e-flex e-con e-child\" data-id=\"90dd8ee\" data-element_type=\"container\">\n\t\t<div class=\"elementor-element elementor-element-2365cf1 e-con-full e-flex e-con e-child\" data-id=\"2365cf1\" data-element_type=\"container\">\n\t\t\t\t<div class=\"elementor-element elementor-element-1c294ea elementor-widget elementor-widget-wd_text_block\" data-id=\"1c294ea\" data-element_type=\"widget\" data-widget_type=\"wd_text_block.default\">\n\t\t\t\t<div class=\"elementor-widget-container\">\n\t\t\t\t\t\t\t<div class=\"wd-text-block reset-last-child text-left\">\n\t\t\t\n\t\t\t<p><strong>Sp\u00e9cifications :<\/strong><\/p><ul><li><strong>Dimensions de l'appareil<\/strong>: Environ 21,2\" (H) x 13,4\" (L) x 17,6\" (P)<\/li><li><strong>Poids<\/strong>: Environ 42 livres.<\/li><li><strong>R\u00e9servoir d'eau<\/strong>: Grande capacit\u00e9, avec possibilit\u00e9 de branchement d'une ligne d'eau pour un brassage continu.<\/li><li><strong>Tension<\/strong>: 120V<\/li><li><strong>Puissance<\/strong>: 1470W<\/li><li><strong>Temp\u00e9rature d'infusion<\/strong>: R\u00e9glable, avec une plage typique de 187\u00b0F \u00e0 192\u00b0F (86\u00b0C \u00e0 89\u00b0C).<\/li><li><strong>Certifications<\/strong>: Certifi\u00e9 UL et NSF pour un usage commercial.<\/li><\/ul>\n\t\t\t\t\t<\/div>\n\t\t\t\t\t\t<\/div>\n\t\t\t\t<\/div>\n\t\t\t\t<\/div>\n\t\t<div class=\"elementor-element elementor-element-7f91f86 e-con-full e-flex e-con e-child\" data-id=\"7f91f86\" data-element_type=\"container\">\n\t\t\t\t<div class=\"elementor-element elementor-element-0c70ba8 color-scheme-inherit text-left elementor-widget elementor-widget-text-editor\" data-id=\"0c70ba8\" data-element_type=\"widget\" data-widget_type=\"text-editor.default\">\n\t\t\t\t<div class=\"elementor-widget-container\">\n\t\t\t\t\t\t\t\t\t<p><strong>Id\u00e9al pour :<\/strong><\/p><ul><li>Bureaux avec une consommation de caf\u00e9 moyenne \u00e0 importante.<\/li><li>Les espaces de travail o\u00f9 la vari\u00e9t\u00e9 et la rapidit\u00e9 du service sont essentielles, comme les salles de pause ou les zones d'attente des clients.<\/li><\/ul><p>La Keurig Excellencia Touch offre une exp\u00e9rience de caf\u00e9 pratique et de haute qualit\u00e9 avec une interface conviviale, ce qui la rend parfaite pour les environnements professionnels o\u00f9 la vari\u00e9t\u00e9, la rapidit\u00e9 et la facilit\u00e9 d'utilisation sont importantes.<\/p>\t\t\t\t\t\t\t\t<\/div>\n\t\t\t\t<\/div>\n\t\t\t\t<\/div>\n\t\t\t\t<\/div>\n\t\t\t\t\t<\/div>\n\t\t\t\t<\/div>\n\t\t\t\t<\/div>","protected":false},"excerpt":{"rendered":"<p>ECCELLENZA TOUCH The Keurig Eccellenza Touch is a high-performance commercial coffee brewing system designed for offices and workplaces. It combines<\/p>","protected":false},"author":1345,"featured_media":0,"parent":17193,"menu_order":0,"comment_status":"closed","ping_status":"closed","template":"","meta":{"footnotes":""},"class_list":["post-26436","page","type-page","status-publish","hentry"],"yoast_head":"<!-- This site is optimized with the Yoast SEO plugin v26.6 - https:\/\/yoast.com\/wordpress\/plugins\/seo\/ -->\n<title>ECCELLENZA TOUCH - Cafe Gran Sasso<\/title>\n<meta name=\"description\" content=\"The Eccellenza Touch commercial-grade coffee machine with a 10.1&quot; touchscreen, 10 beverage options, three brew strengths, and multiple cup sizes.\" \/>\n<meta name=\"robots\" content=\"index, follow, max-snippet:-1, max-image-preview:large, max-video-preview:-1\" \/>\n<link rel=\"canonical\" href=\"https:\/\/cafegransasso.com\/fr\/equipment\/eccellenza-touch\/\" \/>\n<meta property=\"og:locale\" content=\"fr_FR\" \/>\n<meta property=\"og:type\" content=\"article\" \/>\n<meta property=\"og:title\" content=\"ECCELLENZA TOUCH - Cafe Gran Sasso\" \/>\n<meta property=\"og:description\" content=\"The Eccellenza Touch commercial-grade coffee machine with a 10.1&quot; touchscreen, 10 beverage options, three brew strengths, and multiple cup sizes.\" \/>\n<meta property=\"og:url\" content=\"https:\/\/cafegransasso.com\/fr\/equipment\/eccellenza-touch\/\" \/>\n<meta property=\"og:site_name\" content=\"Cafe Gran Sasso\" \/>\n<meta property=\"article:publisher\" content=\"https:\/\/www.facebook.com\/CafeGranSasso\/\" \/>\n<meta property=\"article:modified_time\" content=\"2025-02-20T15:21:11+00:00\" \/>\n<meta property=\"og:image\" content=\"https:\/\/cafegransasso.com\/wp-content\/uploads\/2024\/10\/Eccellenza_Touch_side_EN_1000x1000.webp\" \/>\n<meta name=\"twitter:card\" content=\"summary_large_image\" \/>\n<meta name=\"twitter:label1\" content=\"Est. reading time\" \/>\n\t<meta name=\"twitter:data1\" content=\"2 minutes\" \/>\n<script type=\"application\/ld+json\" class=\"yoast-schema-graph\">{\"@context\":\"https:\/\/schema.org\",\"@graph\":[{\"@type\":\"WebPage\",\"@id\":\"https:\/\/cafegransasso.com\/equipment\/eccellenza-touch\/\",\"url\":\"https:\/\/cafegransasso.com\/equipment\/eccellenza-touch\/\",\"name\":\"ECCELLENZA TOUCH - Cafe Gran Sasso\",\"isPartOf\":{\"@id\":\"https:\/\/cafegransasso.com\/#website\"},\"primaryImageOfPage\":{\"@id\":\"https:\/\/cafegransasso.com\/equipment\/eccellenza-touch\/#primaryimage\"},\"image\":{\"@id\":\"https:\/\/cafegransasso.com\/equipment\/eccellenza-touch\/#primaryimage\"},\"thumbnailUrl\":\"https:\/\/cafegransasso.com\/wp-content\/uploads\/2024\/10\/Eccellenza_Touch_side_EN_1000x1000.webp\",\"datePublished\":\"2025-01-17T16:07:00+00:00\",\"dateModified\":\"2025-02-20T15:21:11+00:00\",\"description\":\"The Eccellenza Touch commercial-grade coffee machine with a 10.1\\\" touchscreen, 10 beverage options, three brew strengths, and multiple cup sizes.\",\"breadcrumb\":{\"@id\":\"https:\/\/cafegransasso.com\/equipment\/eccellenza-touch\/#breadcrumb\"},\"inLanguage\":\"fr-ca\",\"potentialAction\":[{\"@type\":\"ReadAction\",\"target\":[\"https:\/\/cafegransasso.com\/equipment\/eccellenza-touch\/\"]}]},{\"@type\":\"ImageObject\",\"inLanguage\":\"fr-ca\",\"@id\":\"https:\/\/cafegransasso.com\/equipment\/eccellenza-touch\/#primaryimage\",\"url\":\"https:\/\/cafegransasso.com\/wp-content\/uploads\/2024\/10\/Eccellenza_Touch_side_EN_1000x1000.webp\",\"contentUrl\":\"https:\/\/cafegransasso.com\/wp-content\/uploads\/2024\/10\/Eccellenza_Touch_side_EN_1000x1000.webp\"},{\"@type\":\"BreadcrumbList\",\"@id\":\"https:\/\/cafegransasso.com\/equipment\/eccellenza-touch\/#breadcrumb\",\"itemListElement\":[{\"@type\":\"ListItem\",\"position\":1,\"name\":\"Home\",\"item\":\"https:\/\/cafegransasso.com\/\"},{\"@type\":\"ListItem\",\"position\":2,\"name\":\"Equipment\",\"item\":\"https:\/\/cafegransasso.com\/equipment\/\"},{\"@type\":\"ListItem\",\"position\":3,\"name\":\"ECCELLENZA TOUCH\"}]},{\"@type\":\"WebSite\",\"@id\":\"https:\/\/cafegransasso.com\/#website\",\"url\":\"https:\/\/cafegransasso.com\/\",\"name\":\"Cafe Gran Sasso\",\"description\":\"From Bean to Brew: Coffee Solutions for Businesses.\",\"publisher\":{\"@id\":\"https:\/\/cafegransasso.com\/#organization\"},\"potentialAction\":[{\"@type\":\"SearchAction\",\"target\":{\"@type\":\"EntryPoint\",\"urlTemplate\":\"https:\/\/cafegransasso.com\/?s={search_term_string}\"},\"query-input\":{\"@type\":\"PropertyValueSpecification\",\"valueRequired\":true,\"valueName\":\"search_term_string\"}}],\"inLanguage\":\"fr-ca\"},{\"@type\":\"Organization\",\"@id\":\"https:\/\/cafegransasso.com\/#organization\",\"name\":\"Cafe Gran Sasso\",\"url\":\"https:\/\/cafegransasso.com\/\",\"logo\":{\"@type\":\"ImageObject\",\"inLanguage\":\"fr-ca\",\"@id\":\"https:\/\/cafegransasso.com\/#\/schema\/logo\/image\/\",\"url\":\"https:\/\/cafegransasso.com\/wp-content\/uploads\/2024\/09\/GS-logo-Red-1-removebg-preview.png\",\"contentUrl\":\"https:\/\/cafegransasso.com\/wp-content\/uploads\/2024\/09\/GS-logo-Red-1-removebg-preview.png\",\"width\":360,\"height\":149,\"caption\":\"Cafe Gran Sasso\"},\"image\":{\"@id\":\"https:\/\/cafegransasso.com\/#\/schema\/logo\/image\/\"},\"sameAs\":[\"https:\/\/www.facebook.com\/CafeGranSasso\/\",\"https:\/\/www.instagram.com\/cafe_gransasso\/\"]}]}<\/script>\n<!-- \/ Yoast SEO plugin. -->","yoast_head_json":{"title":"ECCELLENZA TOUCH - Cafe Gran Sasso","description":"The Eccellenza Touch commercial-grade coffee machine with a 10.1\" touchscreen, 10 beverage options, three brew strengths, and multiple cup sizes.","robots":{"index":"index","follow":"follow","max-snippet":"max-snippet:-1","max-image-preview":"max-image-preview:large","max-video-preview":"max-video-preview:-1"},"canonical":"https:\/\/cafegransasso.com\/fr\/equipment\/eccellenza-touch\/","og_locale":"fr_FR","og_type":"article","og_title":"ECCELLENZA TOUCH - Cafe Gran Sasso","og_description":"The Eccellenza Touch commercial-grade coffee machine with a 10.1\" touchscreen, 10 beverage options, three brew strengths, and multiple cup sizes.","og_url":"https:\/\/cafegransasso.com\/fr\/equipment\/eccellenza-touch\/","og_site_name":"Cafe Gran Sasso","article_publisher":"https:\/\/www.facebook.com\/CafeGranSasso\/","article_modified_time":"2025-02-20T15:21:11+00:00","og_image":[{"url":"https:\/\/cafegransasso.com\/wp-content\/uploads\/2024\/10\/Eccellenza_Touch_side_EN_1000x1000.webp","type":"","width":"","height":""}],"twitter_card":"summary_large_image","twitter_misc":{"Est. reading time":"2 minutes"},"schema":{"@context":"https:\/\/schema.org","@graph":[{"@type":"WebPage","@id":"https:\/\/cafegransasso.com\/equipment\/eccellenza-touch\/","url":"https:\/\/cafegransasso.com\/equipment\/eccellenza-touch\/","name":"ECCELLENZA TOUCH - Cafe Gran Sasso","isPartOf":{"@id":"https:\/\/cafegransasso.com\/#website"},"primaryImageOfPage":{"@id":"https:\/\/cafegransasso.com\/equipment\/eccellenza-touch\/#primaryimage"},"image":{"@id":"https:\/\/cafegransasso.com\/equipment\/eccellenza-touch\/#primaryimage"},"thumbnailUrl":"https:\/\/cafegransasso.com\/wp-content\/uploads\/2024\/10\/Eccellenza_Touch_side_EN_1000x1000.webp","datePublished":"2025-01-17T16:07:00+00:00","dateModified":"2025-02-20T15:21:11+00:00","description":"The Eccellenza Touch commercial-grade coffee machine with a 10.1\" touchscreen, 10 beverage options, three brew strengths, and multiple cup sizes.","breadcrumb":{"@id":"https:\/\/cafegransasso.com\/equipment\/eccellenza-touch\/#breadcrumb"},"inLanguage":"fr-ca","potentialAction":[{"@type":"ReadAction","target":["https:\/\/cafegransasso.com\/equipment\/eccellenza-touch\/"]}]},{"@type":"ImageObject","inLanguage":"fr-ca","@id":"https:\/\/cafegransasso.com\/equipment\/eccellenza-touch\/#primaryimage","url":"https:\/\/cafegransasso.com\/wp-content\/uploads\/2024\/10\/Eccellenza_Touch_side_EN_1000x1000.webp","contentUrl":"https:\/\/cafegransasso.com\/wp-content\/uploads\/2024\/10\/Eccellenza_Touch_side_EN_1000x1000.webp"},{"@type":"BreadcrumbList","@id":"https:\/\/cafegransasso.com\/equipment\/eccellenza-touch\/#breadcrumb","itemListElement":[{"@type":"ListItem","position":1,"name":"Home","item":"https:\/\/cafegransasso.com\/"},{"@type":"ListItem","position":2,"name":"Equipment","item":"https:\/\/cafegransasso.com\/equipment\/"},{"@type":"ListItem","position":3,"name":"ECCELLENZA TOUCH"}]},{"@type":"WebSite","@id":"https:\/\/cafegransasso.com\/#website","url":"https:\/\/cafegransasso.com\/","name":"Cafe Gran Sasso","description":"From Bean to Brew: Coffee Solutions for Businesses.","publisher":{"@id":"https:\/\/cafegransasso.com\/#organization"},"potentialAction":[{"@type":"SearchAction","target":{"@type":"EntryPoint","urlTemplate":"https:\/\/cafegransasso.com\/?s={search_term_string}"},"query-input":{"@type":"PropertyValueSpecification","valueRequired":true,"valueName":"search_term_string"}}],"inLanguage":"fr-ca"},{"@type":"Organization","@id":"https:\/\/cafegransasso.com\/#organization","name":"Cafe Gran Sasso","url":"https:\/\/cafegransasso.com\/","logo":{"@type":"ImageObject","inLanguage":"fr-ca","@id":"https:\/\/cafegransasso.com\/#\/schema\/logo\/image\/","url":"https:\/\/cafegransasso.com\/wp-content\/uploads\/2024\/09\/GS-logo-Red-1-removebg-preview.png","contentUrl":"https:\/\/cafegransasso.com\/wp-content\/uploads\/2024\/09\/GS-logo-Red-1-removebg-preview.png","width":360,"height":149,"caption":"Cafe Gran Sasso"},"image":{"@id":"https:\/\/cafegransasso.com\/#\/schema\/logo\/image\/"},"sameAs":["https:\/\/www.facebook.com\/CafeGranSasso\/","https:\/\/www.instagram.com\/cafe_gransasso\/"]}]}},"_links":{"self":[{"href":"https:\/\/cafegransasso.com\/fr\/wp-json\/wp\/v2\/pages\/26436","targetHints":{"allow":["GET"]}}],"collection":[{"href":"https:\/\/cafegransasso.com\/fr\/wp-json\/wp\/v2\/pages"}],"about":[{"href":"https:\/\/cafegransasso.com\/fr\/wp-json\/wp\/v2\/types\/page"}],"author":[{"embeddable":true,"href":"https:\/\/cafegransasso.com\/fr\/wp-json\/wp\/v2\/users\/1345"}],"replies":[{"embeddable":true,"href":"https:\/\/cafegransasso.com\/fr\/wp-json\/wp\/v2\/comments?post=26436"}],"version-history":[{"count":19,"href":"https:\/\/cafegransasso.com\/fr\/wp-json\/wp\/v2\/pages\/26436\/revisions"}],"predecessor-version":[{"id":29966,"href":"https:\/\/cafegransasso.com\/fr\/wp-json\/wp\/v2\/pages\/26436\/revisions\/29966"}],"up":[{"embeddable":true,"href":"https:\/\/cafegransasso.com\/fr\/wp-json\/wp\/v2\/pages\/17193"}],"wp:attachment":[{"href":"https:\/\/cafegransasso.com\/fr\/wp-json\/wp\/v2\/media?parent=26436"}],"curies":[{"name":"wp","href":"https:\/\/api.w.org\/{rel}","templated":true}]}}