{"id":26508,"date":"2024-10-18T14:12:35","date_gmt":"2024-10-18T18:12:35","guid":{"rendered":"https:\/\/demo.cafegransasso.com\/?page_id=26508"},"modified":"2025-03-27T12:05:34","modified_gmt":"2025-03-27T16:05:34","slug":"wittenborg-9100","status":"publish","type":"page","link":"https:\/\/cafegransasso.com\/fr\/equipment\/wittenborg-9100\/","title":{"rendered":"WITTENB0RG 9100"},"content":{"rendered":"<div data-elementor-type=\"wp-page\" data-elementor-id=\"26508\" class=\"elementor elementor-26508\" data-elementor-post-type=\"page\">\n\t\t\t\t<div class=\"elementor-element elementor-element-49bcbc0 e-con-full e-flex e-con e-parent\" data-id=\"49bcbc0\" data-element_type=\"container\" data-e-type=\"container\">\n\t\t<div class=\"elementor-element elementor-element-c1bb04d e-con-full e-flex e-con e-child\" data-id=\"c1bb04d\" data-element_type=\"container\" data-e-type=\"container\">\n\t\t\t\t<div class=\"elementor-element elementor-element-7fbaa4b e-transform wd-width-100 elementor-widget elementor-widget-wd_images_gallery\" data-id=\"7fbaa4b\" data-element_type=\"widget\" data-e-type=\"widget\" data-settings=\"{&quot;_transform_scale_effect&quot;:{&quot;unit&quot;:&quot;px&quot;,&quot;size&quot;:0.9,&quot;sizes&quot;:[]},&quot;_transform_scale_effect_tablet&quot;:{&quot;unit&quot;:&quot;px&quot;,&quot;size&quot;:&quot;&quot;,&quot;sizes&quot;:[]},&quot;_transform_scale_effect_mobile&quot;:{&quot;unit&quot;:&quot;px&quot;,&quot;size&quot;:&quot;&quot;,&quot;sizes&quot;:[]}}\" data-widget_type=\"wd_images_gallery.default\">\n\t\t\t\t<div class=\"elementor-widget-container\">\n\t\t\t\t\t\t\t<div class=\"wd-images-gallery photoswipe-images\" style=\"--wd-align-items:center; --wd-justify-content:center;\">\n\t\t\t\t\t\t<div class=\"wd-grid-g\" style=\"--wd-col-lg:1;--wd-col-md:1;--wd-col-sm:1;--wd-gap-lg:30px;--wd-gap-sm:10px;\" >\n\t\t\t\t\t\t\t\t\t\t\t\t\t\t\t\t\t\t<div class=\"wd-gallery-item wd-col\">\n\t\t\t\t\t\t\t\t\t\t\t\t\t<a  href=\"https:\/\/cafegransasso.com\/wp-content\/uploads\/2024\/10\/2019_2614_001-b_0.png\" data-width=\"580\" data-height=\"760\" data-index=\"1\" data-elementor-open-lightbox=\"no\">\n\t\t\t\t\t\t\n\t\t\t\t\t\t<img loading=\"lazy\" decoding=\"async\" width=\"580\" height=\"760\" src=\"https:\/\/cafegransasso.com\/wp-content\/uploads\/2024\/10\/2019_2614_001-b_0.png\" class=\"attachment-full size-full\" alt=\"2019_2614_001-b_0\" srcset=\"https:\/\/cafegransasso.com\/wp-content\/uploads\/2024\/10\/2019_2614_001-b_0.png 580w, https:\/\/cafegransasso.com\/wp-content\/uploads\/2024\/10\/2019_2614_001-b_0-229x300.png 229w, https:\/\/cafegransasso.com\/wp-content\/uploads\/2024\/10\/2019_2614_001-b_0-430x563.png 430w, https:\/\/cafegransasso.com\/wp-content\/uploads\/2024\/10\/2019_2614_001-b_0-150x197.png 150w\" sizes=\"auto, (max-width: 580px) 100vw, 580px\" \/>\n\t\t\t\t\t\t\t\t\t\t\t\t\t<\/a>\n\t\t\t\t\t\t\t\t\t\t\t<\/div>\n\t\t\t\t\t\t\t\t\t\t\t\t\t<\/div>\n\t\t\t\t\t<\/div>\n\t\t\t\t\t\t<\/div>\n\t\t\t\t<\/div>\n\t\t\t\t<\/div>\n\t\t<div class=\"elementor-element elementor-element-51a647b e-con-full e-flex e-con e-child\" data-id=\"51a647b\" data-element_type=\"container\" data-e-type=\"container\">\n\t\t\t\t<div class=\"elementor-element elementor-element-59fc0de wd-width-100 elementor-widget elementor-widget-wd_title\" data-id=\"59fc0de\" data-element_type=\"widget\" data-e-type=\"widget\" data-widget_type=\"wd_title.default\">\n\t\t\t\t<div class=\"elementor-widget-container\">\n\t\t\t\t\t\t\t<div class=\"title-wrapper wd-set-mb reset-last-child wd-title-color-default wd-title-style-default wd-title-size-extra-large text-left\">\n\n\t\t\t\n\t\t\t<div class=\"liner-continer\">\n\t\t\t\t<h4 class=\"woodmart-title-container title wd-fontsize-xxxl\">WITTENBORG 9100<\/h4> \n\t\t\t\t\t\t\t<\/div>\n\n\t\t\t\t\t<\/div>\n\t\t\t\t\t\t<\/div>\n\t\t\t\t<\/div>\n\t\t\t\t<div class=\"elementor-element elementor-element-0228c68 elementor-widget elementor-widget-wd_text_block\" data-id=\"0228c68\" data-element_type=\"widget\" data-e-type=\"widget\" data-widget_type=\"wd_text_block.default\">\n\t\t\t\t<div class=\"elementor-widget-container\">\n\t\t\t\t\t\t\t<div class=\"wd-text-block reset-last-child text-left color-#989898 color-scheme-custom\">\n\t\t\t\n\t\t\t<p>La <strong>Wittenborg 9100<\/strong> est une machine \u00e0 caf\u00e9 haut de gamme, enti\u00e8rement automatique, con\u00e7ue pour les environnements commerciaux tels que les bureaux, les h\u00f4tels et les restaurants. Elle offre une large gamme d'options de boissons avec une interface conviviale, un design de haute qualit\u00e9 et une technologie avanc\u00e9e pour une pr\u00e9paration r\u00e9guli\u00e8re du caf\u00e9.<\/p>\n\t\t\t\t\t<\/div>\n\t\t\t\t\t\t<\/div>\n\t\t\t\t<\/div>\n\t\t<div class=\"elementor-element elementor-element-b65d232 e-con-full e-flex e-con e-child\" data-id=\"b65d232\" data-element_type=\"container\" data-e-type=\"container\">\n\t\t<div class=\"elementor-element elementor-element-fda012a e-con-full e-flex e-con e-child\" data-id=\"fda012a\" data-element_type=\"container\" data-e-type=\"container\">\n\t\t\t\t<div class=\"elementor-element elementor-element-af47397 elementor-widget elementor-widget-wd_button\" data-id=\"af47397\" data-element_type=\"widget\" data-e-type=\"widget\" data-widget_type=\"wd_button.default\">\n\t\t\t\t<div class=\"elementor-widget-container\">\n\t\t\t\t\t\t\t<div class=\"wd-button-wrapper text-left\" >\n\t\t\t<a class=\"btn btn-style-default btn-shape-rectangle btn-size-default btn-color-black btn-icon-pos-right\"  href=\"#\">\n\t\t\t\t<span class=\"wd-btn-text\" data-elementor-setting-key=\"text\">\n\t\t\t\t\tOBTENIR UN DEVIS\t\t\t\t<\/span>\n\n\t\t\t\t\t\t\t<\/a>\n\t\t<\/div>\n\t\t\t\t\t\t<\/div>\n\t\t\t\t<\/div>\n\t\t\t\t<\/div>\n\t\t\t\t<\/div>\n\t\t\t\t<\/div>\n\t\t\t\t<\/div>\n\t\t<div class=\"wd-negative-gap elementor-element elementor-element-1a12f52 e-flex e-con-boxed e-con e-parent\" data-id=\"1a12f52\" data-element_type=\"container\" data-e-type=\"container\">\n\t\t\t\t\t<div class=\"e-con-inner\">\n\t\t<div class=\"elementor-element elementor-element-be64470 e-con-full e-flex e-con e-child\" data-id=\"be64470\" data-element_type=\"container\" data-e-type=\"container\">\n\t\t<div class=\"elementor-element elementor-element-8eacbfa e-con-full e-flex e-con e-child\" data-id=\"8eacbfa\" data-element_type=\"container\" data-e-type=\"container\">\n\t\t\t\t<div class=\"elementor-element elementor-element-4730e84 elementor-widget elementor-widget-wd_text_block\" data-id=\"4730e84\" data-element_type=\"widget\" data-e-type=\"widget\" data-widget_type=\"wd_text_block.default\">\n\t\t\t\t<div class=\"elementor-widget-container\">\n\t\t\t\t\t\t\t<div class=\"wd-text-block reset-last-child text-left\">\n\t\t\t\n\t\t\t<p><strong>Caract\u00e9ristiques principales :<\/strong><\/p><ol><li><strong>Interface \u00e0 \u00e9cran tactile<\/strong>:<ul><li>\u00c9cran tactile couleur de 10,1 pouces, permettant de s\u00e9lectionner facilement les boissons et les options de personnalisation de l'utilisateur, telles que la force et la taille.<\/li><\/ul><\/li><li><strong>Vari\u00e9t\u00e9 de boissons<\/strong>:<ul><li>Il pr\u00e9pare une large gamme de boissons chaudes, notamment du caf\u00e9, du th\u00e9, du cacao chaud et des boissons sp\u00e9ciales comme les cappuccinos et les lattes.<\/li><\/ul><\/li><li><strong>Plusieurs tailles d'extraction<\/strong>:<ul><li>Propose plusieurs tailles d'extraction, g\u00e9n\u00e9ralement des tasses de 6 oz, 8 oz, 10 oz et 12 oz, pour r\u00e9pondre aux pr\u00e9f\u00e9rences des utilisateurs.<\/li><\/ul><\/li><li><strong>Distributeur d'eau chaude<\/strong>:<ul><li>Fournit de l'eau chaude \u00e0 la demande pour les soupes, les flocons d'avoine ou d'autres produits instantan\u00e9s.<\/li><\/ul><\/li><li><strong>Temps d'infusion<\/strong>:<ul><li>Temps d'infusion rapide de moins d'une minute par tasse, ce qui le rend id\u00e9al pour les zones tr\u00e8s fr\u00e9quent\u00e9es.<\/li><\/ul><\/li><li><strong>Conception durable<\/strong>:<ul><li>Con\u00e7us pour les environnements commerciaux, les mat\u00e9riaux durables r\u00e9sistent \u00e0 une utilisation quotidienne intensive.<\/li><\/ul><\/li><li><strong>Efficacit\u00e9 \u00e9nerg\u00e9tique<\/strong>:<ul><li>Modes d'\u00e9conomie d'\u00e9nergie programmables, tels que l'arr\u00eat automatique et le mode veille, pour r\u00e9duire la consommation d'\u00e9nergie lorsque l'appareil n'est pas utilis\u00e9.<\/li><\/ul><\/li><li><strong>Alertes d'entretien intuitives<\/strong>:<ul><li>Alerte pour le d\u00e9tartrage et l'entretien afin de garantir des performances constantes et une longue dur\u00e9e de vie.<\/li><\/ul><\/li><\/ol>\n\t\t\t\t\t<\/div>\n\t\t\t\t\t\t<\/div>\n\t\t\t\t<\/div>\n\t\t\t\t<div class=\"elementor-element elementor-element-b229fda elementor-widget elementor-widget-wd_image_or_svg\" data-id=\"b229fda\" data-element_type=\"widget\" data-e-type=\"widget\" data-widget_type=\"wd_image_or_svg.default\">\n\t\t\t\t<div class=\"elementor-widget-container\">\n\t\t\t\t\t\n\t\t<div class=\"wd-image text-left\">\n\t\t\t\t\t\t\t\t<img loading=\"lazy\" decoding=\"async\" width=\"2560\" height=\"1707\" src=\"https:\/\/cafegransasso.com\/wp-content\/uploads\/2024\/10\/2019_2614_Skovdal_-9304_RET-scaled.jpg\" class=\"attachment-full size-full\" alt=\"\" srcset=\"https:\/\/cafegransasso.com\/wp-content\/uploads\/2024\/10\/2019_2614_Skovdal_-9304_RET-scaled.jpg 2560w, https:\/\/cafegransasso.com\/wp-content\/uploads\/2024\/10\/2019_2614_Skovdal_-9304_RET-400x267.jpg 400w, https:\/\/cafegransasso.com\/wp-content\/uploads\/2024\/10\/2019_2614_Skovdal_-9304_RET-1200x800.jpg 1200w, https:\/\/cafegransasso.com\/wp-content\/uploads\/2024\/10\/2019_2614_Skovdal_-9304_RET-768x512.jpg 768w, https:\/\/cafegransasso.com\/wp-content\/uploads\/2024\/10\/2019_2614_Skovdal_-9304_RET-1536x1024.jpg 1536w, https:\/\/cafegransasso.com\/wp-content\/uploads\/2024\/10\/2019_2614_Skovdal_-9304_RET-2048x1365.jpg 2048w, https:\/\/cafegransasso.com\/wp-content\/uploads\/2024\/10\/2019_2614_Skovdal_-9304_RET-430x287.jpg 430w, https:\/\/cafegransasso.com\/wp-content\/uploads\/2024\/10\/2019_2614_Skovdal_-9304_RET-700x467.jpg 700w, https:\/\/cafegransasso.com\/wp-content\/uploads\/2024\/10\/2019_2614_Skovdal_-9304_RET-150x100.jpg 150w\" sizes=\"auto, (max-width: 2560px) 100vw, 2560px\" \/>\t\t\t\t\t<\/div>\n\n\t\t\t\t\t\t<\/div>\n\t\t\t\t<\/div>\n\t\t\t\t<\/div>\n\t\t\t\t<\/div>\n\t\t<div class=\"elementor-element elementor-element-90dd8ee e-con-full e-flex e-con e-child\" data-id=\"90dd8ee\" data-element_type=\"container\" data-e-type=\"container\">\n\t\t<div class=\"elementor-element elementor-element-2365cf1 e-con-full e-flex e-con e-child\" data-id=\"2365cf1\" data-element_type=\"container\" data-e-type=\"container\">\n\t\t\t\t<div class=\"elementor-element elementor-element-1c294ea elementor-widget elementor-widget-wd_text_block\" data-id=\"1c294ea\" data-element_type=\"widget\" data-e-type=\"widget\" data-widget_type=\"wd_text_block.default\">\n\t\t\t\t<div class=\"elementor-widget-container\">\n\t\t\t\t\t\t\t<div class=\"wd-text-block reset-last-child text-left\">\n\t\t\t\n\t\t\t<p><strong>Sp\u00e9cifications :<\/strong><\/p><ul><li><strong>Dimensions de l'appareil<\/strong>: Environ 21,2\" (H) x 13,4\" (L) x 17,6\" (P)<\/li><li><strong>Poids<\/strong>: Environ 42 livres.<\/li><li><strong>R\u00e9servoir d'eau<\/strong>: Grande capacit\u00e9, avec possibilit\u00e9 de branchement d'une ligne d'eau pour un brassage continu.<\/li><li><strong>Tension<\/strong>: 120V<\/li><li><strong>Puissance<\/strong>: 1470W<\/li><li><strong>Temp\u00e9rature d'infusion<\/strong>: R\u00e9glable, avec une plage typique de 187\u00b0F \u00e0 192\u00b0F (86\u00b0C \u00e0 89\u00b0C).<\/li><li><strong>Certifications<\/strong>: Certifi\u00e9 UL et NSF pour un usage commercial.<\/li><\/ul>\n\t\t\t\t\t<\/div>\n\t\t\t\t\t\t<\/div>\n\t\t\t\t<\/div>\n\t\t\t\t<\/div>\n\t\t<div class=\"elementor-element elementor-element-7f91f86 e-con-full e-flex e-con e-child\" data-id=\"7f91f86\" data-element_type=\"container\" data-e-type=\"container\">\n\t\t\t\t<div class=\"elementor-element elementor-element-0c70ba8 color-scheme-inherit text-left elementor-widget elementor-widget-text-editor\" data-id=\"0c70ba8\" data-element_type=\"widget\" data-e-type=\"widget\" data-widget_type=\"text-editor.default\">\n\t\t\t\t<div class=\"elementor-widget-container\">\n\t\t\t\t\t\t\t\t\t<p><strong>Id\u00e9al pour :<\/strong><\/p><ul><li>Bureaux avec une consommation de caf\u00e9 moyenne \u00e0 importante.<\/li><li>Les espaces de travail o\u00f9 la vari\u00e9t\u00e9 et la rapidit\u00e9 du service sont essentielles, comme les salles de pause ou les zones d'attente des clients.<\/li><\/ul><p>La Wittenborg 9100 offre une exp\u00e9rience de caf\u00e9 pratique et de haute qualit\u00e9 avec une interface conviviale, ce qui la rend parfaite pour les environnements professionnels o\u00f9 la vari\u00e9t\u00e9, la rapidit\u00e9 et la facilit\u00e9 d'utilisation sont importantes.<\/p>\t\t\t\t\t\t\t\t<\/div>\n\t\t\t\t<\/div>\n\t\t\t\t<div class=\"elementor-element elementor-element-2e3dd61 elementor-widget elementor-widget-wd_image_or_svg\" data-id=\"2e3dd61\" data-element_type=\"widget\" data-e-type=\"widget\" data-widget_type=\"wd_image_or_svg.default\">\n\t\t\t\t<div class=\"elementor-widget-container\">\n\t\t\t\t\t\n\t\t<div class=\"wd-image text-left\">\n\t\t\t\t\t\t\t\t<img loading=\"lazy\" decoding=\"async\" width=\"2560\" height=\"1707\" src=\"https:\/\/cafegransasso.com\/wp-content\/uploads\/2024\/10\/2019_2614_Skovdal_-9350_RET-scaled.jpg\" class=\"attachment-full size-full\" alt=\"\" srcset=\"https:\/\/cafegransasso.com\/wp-content\/uploads\/2024\/10\/2019_2614_Skovdal_-9350_RET-scaled.jpg 2560w, https:\/\/cafegransasso.com\/wp-content\/uploads\/2024\/10\/2019_2614_Skovdal_-9350_RET-400x267.jpg 400w, https:\/\/cafegransasso.com\/wp-content\/uploads\/2024\/10\/2019_2614_Skovdal_-9350_RET-1200x800.jpg 1200w, https:\/\/cafegransasso.com\/wp-content\/uploads\/2024\/10\/2019_2614_Skovdal_-9350_RET-768x512.jpg 768w, https:\/\/cafegransasso.com\/wp-content\/uploads\/2024\/10\/2019_2614_Skovdal_-9350_RET-1536x1024.jpg 1536w, https:\/\/cafegransasso.com\/wp-content\/uploads\/2024\/10\/2019_2614_Skovdal_-9350_RET-2048x1365.jpg 2048w, https:\/\/cafegransasso.com\/wp-content\/uploads\/2024\/10\/2019_2614_Skovdal_-9350_RET-430x287.jpg 430w, https:\/\/cafegransasso.com\/wp-content\/uploads\/2024\/10\/2019_2614_Skovdal_-9350_RET-700x467.jpg 700w, https:\/\/cafegransasso.com\/wp-content\/uploads\/2024\/10\/2019_2614_Skovdal_-9350_RET-150x100.jpg 150w\" sizes=\"auto, (max-width: 2560px) 100vw, 2560px\" \/>\t\t\t\t\t<\/div>\n\n\t\t\t\t\t\t<\/div>\n\t\t\t\t<\/div>\n\t\t\t\t<\/div>\n\t\t\t\t<\/div>\n\t\t\t\t\t<\/div>\n\t\t\t\t<\/div>\n\t\t\t\t<\/div>","protected":false},"excerpt":{"rendered":"<p>WITTENBORG 9100 The Wittenborg 9100 is a premium, fully automatic coffee machine designed for commercial environments such as offices, hotels,<\/p>","protected":false},"author":1345,"featured_media":0,"parent":17193,"menu_order":0,"comment_status":"closed","ping_status":"closed","template":"","meta":{"footnotes":""},"class_list":["post-26508","page","type-page","status-publish","hentry"],"yoast_head":"<!-- This site is optimized with the Yoast SEO plugin v27.3 - https:\/\/yoast.com\/product\/yoast-seo-wordpress\/ -->\n<title>Wittenborg 9100 - Cafe Gran Sasso<\/title>\n<meta name=\"description\" content=\"The Wittenborg 9100. A premium, fully automatic coffee machine designed for commercial environments such as offices, hotels, and restaurants.\" \/>\n<meta name=\"robots\" content=\"index, follow, max-snippet:-1, max-image-preview:large, max-video-preview:-1\" \/>\n<link rel=\"canonical\" href=\"https:\/\/cafegransasso.com\/fr\/equipment\/wittenborg-9100\/\" \/>\n<meta property=\"og:locale\" content=\"fr_FR\" \/>\n<meta property=\"og:type\" content=\"article\" \/>\n<meta property=\"og:title\" content=\"Wittenborg 9100 - Cafe Gran Sasso\" \/>\n<meta property=\"og:description\" content=\"The Wittenborg 9100. A premium, fully automatic coffee machine designed for commercial environments such as offices, hotels, and restaurants.\" \/>\n<meta property=\"og:url\" content=\"https:\/\/cafegransasso.com\/fr\/equipment\/wittenborg-9100\/\" \/>\n<meta property=\"og:site_name\" content=\"Cafe Gran Sasso\" \/>\n<meta property=\"article:publisher\" content=\"https:\/\/www.facebook.com\/CafeGranSasso\/\" \/>\n<meta property=\"article:modified_time\" content=\"2025-03-27T16:05:34+00:00\" \/>\n<meta property=\"og:image\" content=\"https:\/\/cafegransasso.com\/wp-content\/uploads\/2024\/10\/2019_2614_001-b_0.png\" \/>\n<meta name=\"twitter:card\" content=\"summary_large_image\" \/>\n<meta name=\"twitter:label1\" content=\"Est. reading time\" \/>\n\t<meta name=\"twitter:data1\" content=\"2 minutes\" \/>\n<script type=\"application\/ld+json\" class=\"yoast-schema-graph\">{\"@context\":\"https:\\\/\\\/schema.org\",\"@graph\":[{\"@type\":\"WebPage\",\"@id\":\"https:\\\/\\\/cafegransasso.com\\\/equipment\\\/wittenborg-9100\\\/\",\"url\":\"https:\\\/\\\/cafegransasso.com\\\/equipment\\\/wittenborg-9100\\\/\",\"name\":\"Wittenborg 9100 - Cafe Gran Sasso\",\"isPartOf\":{\"@id\":\"https:\\\/\\\/cafegransasso.com\\\/#website\"},\"primaryImageOfPage\":{\"@id\":\"https:\\\/\\\/cafegransasso.com\\\/equipment\\\/wittenborg-9100\\\/#primaryimage\"},\"image\":{\"@id\":\"https:\\\/\\\/cafegransasso.com\\\/equipment\\\/wittenborg-9100\\\/#primaryimage\"},\"thumbnailUrl\":\"https:\\\/\\\/cafegransasso.com\\\/wp-content\\\/uploads\\\/2024\\\/10\\\/2019_2614_001-b_0.png\",\"datePublished\":\"2024-10-18T18:12:35+00:00\",\"dateModified\":\"2025-03-27T16:05:34+00:00\",\"description\":\"The Wittenborg 9100. A premium, fully automatic coffee machine designed for commercial environments such as offices, hotels, and restaurants.\",\"breadcrumb\":{\"@id\":\"https:\\\/\\\/cafegransasso.com\\\/equipment\\\/wittenborg-9100\\\/#breadcrumb\"},\"inLanguage\":\"fr-ca\",\"potentialAction\":[{\"@type\":\"ReadAction\",\"target\":[\"https:\\\/\\\/cafegransasso.com\\\/equipment\\\/wittenborg-9100\\\/\"]}]},{\"@type\":\"ImageObject\",\"inLanguage\":\"fr-ca\",\"@id\":\"https:\\\/\\\/cafegransasso.com\\\/equipment\\\/wittenborg-9100\\\/#primaryimage\",\"url\":\"https:\\\/\\\/cafegransasso.com\\\/wp-content\\\/uploads\\\/2024\\\/10\\\/2019_2614_001-b_0.png\",\"contentUrl\":\"https:\\\/\\\/cafegransasso.com\\\/wp-content\\\/uploads\\\/2024\\\/10\\\/2019_2614_001-b_0.png\"},{\"@type\":\"BreadcrumbList\",\"@id\":\"https:\\\/\\\/cafegransasso.com\\\/equipment\\\/wittenborg-9100\\\/#breadcrumb\",\"itemListElement\":[{\"@type\":\"ListItem\",\"position\":1,\"name\":\"Home\",\"item\":\"https:\\\/\\\/cafegransasso.com\\\/\"},{\"@type\":\"ListItem\",\"position\":2,\"name\":\"Equipment\",\"item\":\"https:\\\/\\\/cafegransasso.com\\\/equipment\\\/\"},{\"@type\":\"ListItem\",\"position\":3,\"name\":\"WITTENB0RG 9100\"}]},{\"@type\":\"WebSite\",\"@id\":\"https:\\\/\\\/cafegransasso.com\\\/#website\",\"url\":\"https:\\\/\\\/cafegransasso.com\\\/\",\"name\":\"Cafe Gran Sasso\",\"description\":\"From Bean to Brew: Coffee Solutions for Businesses.\",\"publisher\":{\"@id\":\"https:\\\/\\\/cafegransasso.com\\\/#organization\"},\"potentialAction\":[{\"@type\":\"SearchAction\",\"target\":{\"@type\":\"EntryPoint\",\"urlTemplate\":\"https:\\\/\\\/cafegransasso.com\\\/?s={search_term_string}\"},\"query-input\":{\"@type\":\"PropertyValueSpecification\",\"valueRequired\":true,\"valueName\":\"search_term_string\"}}],\"inLanguage\":\"fr-ca\"},{\"@type\":\"Organization\",\"@id\":\"https:\\\/\\\/cafegransasso.com\\\/#organization\",\"name\":\"Cafe Gran Sasso\",\"url\":\"https:\\\/\\\/cafegransasso.com\\\/\",\"logo\":{\"@type\":\"ImageObject\",\"inLanguage\":\"fr-ca\",\"@id\":\"https:\\\/\\\/cafegransasso.com\\\/#\\\/schema\\\/logo\\\/image\\\/\",\"url\":\"https:\\\/\\\/cafegransasso.com\\\/wp-content\\\/uploads\\\/2024\\\/09\\\/GS-logo-Red-1-removebg-preview.png\",\"contentUrl\":\"https:\\\/\\\/cafegransasso.com\\\/wp-content\\\/uploads\\\/2024\\\/09\\\/GS-logo-Red-1-removebg-preview.png\",\"width\":360,\"height\":149,\"caption\":\"Cafe Gran Sasso\"},\"image\":{\"@id\":\"https:\\\/\\\/cafegransasso.com\\\/#\\\/schema\\\/logo\\\/image\\\/\"},\"sameAs\":[\"https:\\\/\\\/www.facebook.com\\\/CafeGranSasso\\\/\",\"https:\\\/\\\/www.instagram.com\\\/cafe_gransasso\\\/\"]}]}<\/script>\n<!-- \/ Yoast SEO plugin. -->","yoast_head_json":{"title":"Wittenborg 9100 - Cafe Gran Sasso","description":"The Wittenborg 9100. A premium, fully automatic coffee machine designed for commercial environments such as offices, hotels, and restaurants.","robots":{"index":"index","follow":"follow","max-snippet":"max-snippet:-1","max-image-preview":"max-image-preview:large","max-video-preview":"max-video-preview:-1"},"canonical":"https:\/\/cafegransasso.com\/fr\/equipment\/wittenborg-9100\/","og_locale":"fr_FR","og_type":"article","og_title":"Wittenborg 9100 - Cafe Gran Sasso","og_description":"The Wittenborg 9100. A premium, fully automatic coffee machine designed for commercial environments such as offices, hotels, and restaurants.","og_url":"https:\/\/cafegransasso.com\/fr\/equipment\/wittenborg-9100\/","og_site_name":"Cafe Gran Sasso","article_publisher":"https:\/\/www.facebook.com\/CafeGranSasso\/","article_modified_time":"2025-03-27T16:05:34+00:00","og_image":[{"url":"https:\/\/cafegransasso.com\/wp-content\/uploads\/2024\/10\/2019_2614_001-b_0.png","type":"","width":"","height":""}],"twitter_card":"summary_large_image","twitter_misc":{"Est. reading time":"2 minutes"},"schema":{"@context":"https:\/\/schema.org","@graph":[{"@type":"WebPage","@id":"https:\/\/cafegransasso.com\/equipment\/wittenborg-9100\/","url":"https:\/\/cafegransasso.com\/equipment\/wittenborg-9100\/","name":"Wittenborg 9100 - Cafe Gran Sasso","isPartOf":{"@id":"https:\/\/cafegransasso.com\/#website"},"primaryImageOfPage":{"@id":"https:\/\/cafegransasso.com\/equipment\/wittenborg-9100\/#primaryimage"},"image":{"@id":"https:\/\/cafegransasso.com\/equipment\/wittenborg-9100\/#primaryimage"},"thumbnailUrl":"https:\/\/cafegransasso.com\/wp-content\/uploads\/2024\/10\/2019_2614_001-b_0.png","datePublished":"2024-10-18T18:12:35+00:00","dateModified":"2025-03-27T16:05:34+00:00","description":"The Wittenborg 9100. A premium, fully automatic coffee machine designed for commercial environments such as offices, hotels, and restaurants.","breadcrumb":{"@id":"https:\/\/cafegransasso.com\/equipment\/wittenborg-9100\/#breadcrumb"},"inLanguage":"fr-ca","potentialAction":[{"@type":"ReadAction","target":["https:\/\/cafegransasso.com\/equipment\/wittenborg-9100\/"]}]},{"@type":"ImageObject","inLanguage":"fr-ca","@id":"https:\/\/cafegransasso.com\/equipment\/wittenborg-9100\/#primaryimage","url":"https:\/\/cafegransasso.com\/wp-content\/uploads\/2024\/10\/2019_2614_001-b_0.png","contentUrl":"https:\/\/cafegransasso.com\/wp-content\/uploads\/2024\/10\/2019_2614_001-b_0.png"},{"@type":"BreadcrumbList","@id":"https:\/\/cafegransasso.com\/equipment\/wittenborg-9100\/#breadcrumb","itemListElement":[{"@type":"ListItem","position":1,"name":"Home","item":"https:\/\/cafegransasso.com\/"},{"@type":"ListItem","position":2,"name":"Equipment","item":"https:\/\/cafegransasso.com\/equipment\/"},{"@type":"ListItem","position":3,"name":"WITTENB0RG 9100"}]},{"@type":"WebSite","@id":"https:\/\/cafegransasso.com\/#website","url":"https:\/\/cafegransasso.com\/","name":"Cafe Gran Sasso","description":"From Bean to Brew: Coffee Solutions for Businesses.","publisher":{"@id":"https:\/\/cafegransasso.com\/#organization"},"potentialAction":[{"@type":"SearchAction","target":{"@type":"EntryPoint","urlTemplate":"https:\/\/cafegransasso.com\/?s={search_term_string}"},"query-input":{"@type":"PropertyValueSpecification","valueRequired":true,"valueName":"search_term_string"}}],"inLanguage":"fr-ca"},{"@type":"Organization","@id":"https:\/\/cafegransasso.com\/#organization","name":"Cafe Gran Sasso","url":"https:\/\/cafegransasso.com\/","logo":{"@type":"ImageObject","inLanguage":"fr-ca","@id":"https:\/\/cafegransasso.com\/#\/schema\/logo\/image\/","url":"https:\/\/cafegransasso.com\/wp-content\/uploads\/2024\/09\/GS-logo-Red-1-removebg-preview.png","contentUrl":"https:\/\/cafegransasso.com\/wp-content\/uploads\/2024\/09\/GS-logo-Red-1-removebg-preview.png","width":360,"height":149,"caption":"Cafe Gran Sasso"},"image":{"@id":"https:\/\/cafegransasso.com\/#\/schema\/logo\/image\/"},"sameAs":["https:\/\/www.facebook.com\/CafeGranSasso\/","https:\/\/www.instagram.com\/cafe_gransasso\/"]}]}},"_links":{"self":[{"href":"https:\/\/cafegransasso.com\/fr\/wp-json\/wp\/v2\/pages\/26508","targetHints":{"allow":["GET"]}}],"collection":[{"href":"https:\/\/cafegransasso.com\/fr\/wp-json\/wp\/v2\/pages"}],"about":[{"href":"https:\/\/cafegransasso.com\/fr\/wp-json\/wp\/v2\/types\/page"}],"author":[{"embeddable":true,"href":"https:\/\/cafegransasso.com\/fr\/wp-json\/wp\/v2\/users\/1345"}],"replies":[{"embeddable":true,"href":"https:\/\/cafegransasso.com\/fr\/wp-json\/wp\/v2\/comments?post=26508"}],"version-history":[{"count":17,"href":"https:\/\/cafegransasso.com\/fr\/wp-json\/wp\/v2\/pages\/26508\/revisions"}],"predecessor-version":[{"id":32032,"href":"https:\/\/cafegransasso.com\/fr\/wp-json\/wp\/v2\/pages\/26508\/revisions\/32032"}],"up":[{"embeddable":true,"href":"https:\/\/cafegransasso.com\/fr\/wp-json\/wp\/v2\/pages\/17193"}],"wp:attachment":[{"href":"https:\/\/cafegransasso.com\/fr\/wp-json\/wp\/v2\/media?parent=26508"}],"curies":[{"name":"wp","href":"https:\/\/api.w.org\/{rel}","templated":true}]}}