{"id":26879,"date":"2024-11-28T16:30:22","date_gmt":"2024-11-28T21:30:22","guid":{"rendered":"https:\/\/cafegransasso.com\/?page_id=26879"},"modified":"2025-02-20T10:43:34","modified_gmt":"2025-02-20T15:43:34","slug":"lavazza-classy-mini","status":"publish","type":"page","link":"https:\/\/cafegransasso.com\/fr\/equipment\/lavazza-classy-mini\/","title":{"rendered":"Lavazza Classy Mini"},"content":{"rendered":"<div data-elementor-type=\"wp-page\" data-elementor-id=\"26879\" class=\"elementor elementor-26879\" data-elementor-post-type=\"page\">\n\t\t\t\t<div class=\"wd-negative-gap elementor-element elementor-element-49bcbc0 e-flex e-con-boxed e-con e-parent\" data-id=\"49bcbc0\" data-element_type=\"container\" data-e-type=\"container\">\n\t\t\t\t\t<div class=\"e-con-inner\">\n\t\t<div class=\"elementor-element elementor-element-c1bb04d e-con-full e-flex e-con e-child\" data-id=\"c1bb04d\" data-element_type=\"container\" data-e-type=\"container\">\n\t\t\t\t<div class=\"elementor-element elementor-element-75aac1e wd-width-100 elementor-widget elementor-widget-wd_images_gallery\" data-id=\"75aac1e\" data-element_type=\"widget\" data-e-type=\"widget\" data-widget_type=\"wd_images_gallery.default\">\n\t\t\t\t<div class=\"elementor-widget-container\">\n\t\t\t\t\t\t\t<div class=\"wd-images-gallery photoswipe-images\" style=\"--wd-align-items:center; --wd-justify-content:center;\">\n\t\t\t\t\t\t<div class=\"wd-grid-g\" style=\"--wd-col-lg:1;--wd-col-md:1;--wd-col-sm:1;--wd-gap-lg:30px;--wd-gap-sm:10px;\" >\n\t\t\t\t\t\t\t\t\t\t\t\t\t\t\t\t\t\t<div class=\"wd-gallery-item wd-col\">\n\t\t\t\t\t\t\t\t\t\t\t\t\t<a  href=\"https:\/\/cafegransasso.com\/wp-content\/uploads\/2024\/11\/Lavazza-Mini-Front-White-background.jpg\" data-width=\"483\" data-height=\"539\" data-index=\"1\" data-elementor-open-lightbox=\"no\">\n\t\t\t\t\t\t\n\t\t\t\t\t\t<img loading=\"lazy\" decoding=\"async\" width=\"483\" height=\"539\" src=\"https:\/\/cafegransasso.com\/wp-content\/uploads\/2024\/11\/Lavazza-Mini-Front-White-background.jpg\" class=\"attachment-medium_large size-medium_large\" alt=\"Lavazza Mini Front White background\" srcset=\"https:\/\/cafegransasso.com\/wp-content\/uploads\/2024\/11\/Lavazza-Mini-Front-White-background.jpg 483w, https:\/\/cafegransasso.com\/wp-content\/uploads\/2024\/11\/Lavazza-Mini-Front-White-background-75x84.jpg 75w, https:\/\/cafegransasso.com\/wp-content\/uploads\/2024\/11\/Lavazza-Mini-Front-White-background-269x300.jpg 269w\" sizes=\"auto, (max-width: 483px) 100vw, 483px\" \/>\n\t\t\t\t\t\t\t\t\t\t\t\t\t<\/a>\n\t\t\t\t\t\t\t\t\t\t\t<\/div>\n\t\t\t\t\t\t\t\t\t\t\t\t\t<\/div>\n\t\t\t\t\t<\/div>\n\t\t\t\t\t\t<\/div>\n\t\t\t\t<\/div>\n\t\t\t\t<\/div>\n\t\t<div class=\"elementor-element elementor-element-51a647b e-con-full e-flex e-con e-child\" data-id=\"51a647b\" data-element_type=\"container\" data-e-type=\"container\">\n\t\t\t\t<div class=\"elementor-element elementor-element-59fc0de wd-width-100 elementor-widget elementor-widget-wd_title\" data-id=\"59fc0de\" data-element_type=\"widget\" data-e-type=\"widget\" data-widget_type=\"wd_title.default\">\n\t\t\t\t<div class=\"elementor-widget-container\">\n\t\t\t\t\t\t\t<div class=\"title-wrapper wd-set-mb reset-last-child wd-title-color-default wd-title-style-default wd-title-size-extra-large text-left\">\n\n\t\t\t\n\t\t\t<div class=\"liner-continer\">\n\t\t\t\t<h4 class=\"woodmart-title-container title wd-fontsize-xxxl\">Lavazza Classy Mini<\/h4> \n\t\t\t\t\t\t\t<\/div>\n\n\t\t\t\t\t<\/div>\n\t\t\t\t\t\t<\/div>\n\t\t\t\t<\/div>\n\t\t\t\t<div class=\"elementor-element elementor-element-0228c68 elementor-widget elementor-widget-wd_text_block\" data-id=\"0228c68\" data-element_type=\"widget\" data-e-type=\"widget\" data-widget_type=\"wd_text_block.default\">\n\t\t\t\t<div class=\"elementor-widget-container\">\n\t\t\t\t\t\t\t<div class=\"wd-text-block reset-last-child text-left color-#989898 color-scheme-custom\">\n\t\t\t\n\t\t\t<p>La machine \u00e0 espresso Lavazza Classy Mini incarne le professionnalisme, l'efficacit\u00e9 et la facilit\u00e9 d'utilisation. Intuitive et pratique, elle est id\u00e9ale pour satisfaire l'envie d'un espresso dans le confort de votre bureau ou de votre home-office.<\/p><p>Classy Mini est toujours la meilleure : efficace, \u00e9l\u00e9gante et compacte, votre nouvelle cafeti\u00e8re est la solution id\u00e9ale pour d\u00e9guster le meilleur de la tradition italienne. Savourez l'espresso parfait en discutant avec vos amis, vos coll\u00e8gues ou lors d'une r\u00e9union d'affaires.<\/p><p>Ajoutez une touche de classe suppl\u00e9mentaire \u00e0 votre maison ou \u00e0 votre bureau et partagez ce moment de caf\u00e9 parfait avec qui vous voulez. Vous pouvez pr\u00e9parer un total de 5 caf\u00e9s sans avoir \u00e0 vider le r\u00e9cipient. Son design \u00e9pur\u00e9 en fait un objet agr\u00e9able \u00e0 regarder. Le meilleur pour votre coin caf\u00e9.<\/p>\n\t\t\t\t\t<\/div>\n\t\t\t\t\t\t<\/div>\n\t\t\t\t<\/div>\n\t\t\t\t<div class=\"elementor-element elementor-element-af47397 elementor-widget elementor-widget-wd_button\" data-id=\"af47397\" data-element_type=\"widget\" data-e-type=\"widget\" data-widget_type=\"wd_button.default\">\n\t\t\t\t<div class=\"elementor-widget-container\">\n\t\t\t\t\t\t\t<div class=\"wd-button-wrapper text-left\" >\n\t\t\t<a class=\"btn btn-style-default btn-shape-rectangle btn-size-default btn-color-black btn-icon-pos-right\"  href=\"https:\/\/cafegransasso.com\/fr\/shop\/lavazza-classy-mini\/\">\n\t\t\t\t<span class=\"wd-btn-text\" data-elementor-setting-key=\"text\">\n\t\t\t\t\tACHETER MAINTENANT\t\t\t\t<\/span>\n\n\t\t\t\t\t\t\t<\/a>\n\t\t<\/div>\n\t\t\t\t\t\t<\/div>\n\t\t\t\t<\/div>\n\t\t\t\t<\/div>\n\t\t\t\t\t<\/div>\n\t\t\t\t<\/div>\n\t\t<div class=\"wd-negative-gap elementor-element elementor-element-fc079c8 e-flex e-con-boxed e-con e-parent\" data-id=\"fc079c8\" data-element_type=\"container\" data-e-type=\"container\">\n\t\t\t\t\t<div class=\"e-con-inner\">\n\t\t\t\t<div class=\"elementor-element elementor-element-619fd17 elementor-widget elementor-widget-gallery\" data-id=\"619fd17\" data-element_type=\"widget\" data-e-type=\"widget\" data-settings=\"{&quot;gap&quot;:{&quot;unit&quot;:&quot;px&quot;,&quot;size&quot;:20,&quot;sizes&quot;:[]},&quot;lazyload&quot;:&quot;yes&quot;,&quot;gallery_layout&quot;:&quot;grid&quot;,&quot;columns&quot;:4,&quot;columns_tablet&quot;:2,&quot;columns_mobile&quot;:1,&quot;gap_tablet&quot;:{&quot;unit&quot;:&quot;px&quot;,&quot;size&quot;:10,&quot;sizes&quot;:[]},&quot;gap_mobile&quot;:{&quot;unit&quot;:&quot;px&quot;,&quot;size&quot;:10,&quot;sizes&quot;:[]},&quot;link_to&quot;:&quot;file&quot;,&quot;aspect_ratio&quot;:&quot;3:2&quot;,&quot;overlay_background&quot;:&quot;yes&quot;,&quot;content_hover_animation&quot;:&quot;fade-in&quot;}\" data-widget_type=\"gallery.default\">\n\t\t\t\t<div class=\"elementor-widget-container\">\n\t\t\t\t\t\t\t<div class=\"elementor-gallery__container\">\n\t\t\t\t\t\t\t<a class=\"e-gallery-item elementor-gallery-item elementor-animated-content\" href=\"https:\/\/cafegransasso.com\/wp-content\/uploads\/2024\/11\/Lavazza-Mini-lifestyle-2.jpg\" data-elementor-open-lightbox=\"yes\" data-elementor-lightbox-slideshow=\"619fd17\" data-elementor-lightbox-title=\"Lavazza Mini lifestyle 2\" data-e-action-hash=\"#elementor-action%3Aaction%3Dlightbox%26settings%3DeyJpZCI6MjY4ODMsInVybCI6Imh0dHBzOlwvXC9jYWZlZ3JhbnNhc3NvLmNvbVwvd3AtY29udGVudFwvdXBsb2Fkc1wvMjAyNFwvMTFcL0xhdmF6emEtTWluaS1saWZlc3R5bGUtMi5qcGciLCJzbGlkZXNob3ciOiI2MTlmZDE3In0%3D\">\n\t\t\t\t\t<div class=\"e-gallery-image elementor-gallery-item__image\" data-thumbnail=\"https:\/\/cafegransasso.com\/wp-content\/uploads\/2024\/11\/Lavazza-Mini-lifestyle-2-355x300.jpg\" data-width=\"355\" data-height=\"300\" aria-label=\"\" role=\"img\" ><\/div>\n\t\t\t\t\t\t\t\t\t\t\t<div class=\"elementor-gallery-item__overlay\"><\/div>\n\t\t\t\t\t\t\t\t\t\t\t\t\t\t<\/a>\n\t\t\t\t\t\t\t<a class=\"e-gallery-item elementor-gallery-item elementor-animated-content\" href=\"https:\/\/cafegransasso.com\/wp-content\/uploads\/2024\/11\/Lavazza-Mini-4-pic-in-one.jpg\" data-elementor-open-lightbox=\"yes\" data-elementor-lightbox-slideshow=\"619fd17\" data-elementor-lightbox-title=\"Lavazza Mini 4 pic in one\" data-e-action-hash=\"#elementor-action%3Aaction%3Dlightbox%26settings%3DeyJpZCI6Mjc0MzcsInVybCI6Imh0dHBzOlwvXC9jYWZlZ3JhbnNhc3NvLmNvbVwvd3AtY29udGVudFwvdXBsb2Fkc1wvMjAyNFwvMTFcL0xhdmF6emEtTWluaS00LXBpYy1pbi1vbmUuanBnIiwic2xpZGVzaG93IjoiNjE5ZmQxNyJ9\">\n\t\t\t\t\t<div class=\"e-gallery-image elementor-gallery-item__image\" data-thumbnail=\"https:\/\/cafegransasso.com\/wp-content\/uploads\/2024\/11\/Lavazza-Mini-4-pic-in-one-254x300.jpg\" data-width=\"254\" data-height=\"300\" aria-label=\"\" role=\"img\" ><\/div>\n\t\t\t\t\t\t\t\t\t\t\t<div class=\"elementor-gallery-item__overlay\"><\/div>\n\t\t\t\t\t\t\t\t\t\t\t\t\t\t<\/a>\n\t\t\t\t\t\t\t<a class=\"e-gallery-item elementor-gallery-item elementor-animated-content\" href=\"https:\/\/cafegransasso.com\/wp-content\/uploads\/2024\/11\/Lavazza-Mini-black-background.jpg\" data-elementor-open-lightbox=\"yes\" data-elementor-lightbox-slideshow=\"619fd17\" data-elementor-lightbox-title=\"Lavazza Mini black background\" data-e-action-hash=\"#elementor-action%3Aaction%3Dlightbox%26settings%3DeyJpZCI6Mjc0MzYsInVybCI6Imh0dHBzOlwvXC9jYWZlZ3JhbnNhc3NvLmNvbVwvd3AtY29udGVudFwvdXBsb2Fkc1wvMjAyNFwvMTFcL0xhdmF6emEtTWluaS1ibGFjay1iYWNrZ3JvdW5kLmpwZyIsInNsaWRlc2hvdyI6IjYxOWZkMTcifQ%3D%3D\">\n\t\t\t\t\t<div class=\"e-gallery-image elementor-gallery-item__image\" data-thumbnail=\"https:\/\/cafegransasso.com\/wp-content\/uploads\/2024\/11\/Lavazza-Mini-black-background-400x276.jpg\" data-width=\"400\" data-height=\"276\" aria-label=\"\" role=\"img\" ><\/div>\n\t\t\t\t\t\t\t\t\t\t\t<div class=\"elementor-gallery-item__overlay\"><\/div>\n\t\t\t\t\t\t\t\t\t\t\t\t\t\t<\/a>\n\t\t\t\t\t\t\t<a class=\"e-gallery-item elementor-gallery-item elementor-animated-content\" href=\"https:\/\/cafegransasso.com\/wp-content\/uploads\/2024\/11\/Lavazza-Mini-lifestyle-1.jpg\" data-elementor-open-lightbox=\"yes\" data-elementor-lightbox-slideshow=\"619fd17\" data-elementor-lightbox-title=\"Lavazza Mini lifestyle 1\" data-e-action-hash=\"#elementor-action%3Aaction%3Dlightbox%26settings%3DeyJpZCI6MjY4ODQsInVybCI6Imh0dHBzOlwvXC9jYWZlZ3JhbnNhc3NvLmNvbVwvd3AtY29udGVudFwvdXBsb2Fkc1wvMjAyNFwvMTFcL0xhdmF6emEtTWluaS1saWZlc3R5bGUtMS5qcGciLCJzbGlkZXNob3ciOiI2MTlmZDE3In0%3D\">\n\t\t\t\t\t<div class=\"e-gallery-image elementor-gallery-item__image\" data-thumbnail=\"https:\/\/cafegransasso.com\/wp-content\/uploads\/2024\/11\/Lavazza-Mini-lifestyle-1-400x288.jpg\" data-width=\"400\" data-height=\"288\" aria-label=\"\" role=\"img\" ><\/div>\n\t\t\t\t\t\t\t\t\t\t\t<div class=\"elementor-gallery-item__overlay\"><\/div>\n\t\t\t\t\t\t\t\t\t\t\t\t\t\t<\/a>\n\t\t\t\t\t<\/div>\n\t\t\t\t\t<\/div>\n\t\t\t\t<\/div>\n\t\t\t\t\t<\/div>\n\t\t\t\t<\/div>\n\t\t<div class=\"wd-negative-gap elementor-element elementor-element-7b08a0d e-flex e-con-boxed e-con e-parent\" data-id=\"7b08a0d\" data-element_type=\"container\" data-e-type=\"container\">\n\t\t\t\t\t<div class=\"e-con-inner\">\n\t\t\t\t<div class=\"elementor-element elementor-element-d367ae8 elementor-widget elementor-widget-spacer\" data-id=\"d367ae8\" data-element_type=\"widget\" data-e-type=\"widget\" data-widget_type=\"spacer.default\">\n\t\t\t\t<div class=\"elementor-widget-container\">\n\t\t\t\t\t\t\t<div class=\"elementor-spacer\">\n\t\t\t<div class=\"elementor-spacer-inner\"><\/div>\n\t\t<\/div>\n\t\t\t\t\t\t<\/div>\n\t\t\t\t<\/div>\n\t\t\t\t\t<\/div>\n\t\t\t\t<\/div>\n\t\t<div class=\"wd-negative-gap elementor-element elementor-element-419f4f8 e-flex e-con-boxed e-con e-parent\" data-id=\"419f4f8\" data-element_type=\"container\" data-e-type=\"container\">\n\t\t\t\t\t<div class=\"e-con-inner\">\n\t\t<div class=\"elementor-element elementor-element-55d016e e-con-full e-flex e-con e-child\" data-id=\"55d016e\" data-element_type=\"container\" data-e-type=\"container\">\n\t\t<div class=\"elementor-element elementor-element-1f9e7de e-con-full e-flex e-con e-child\" data-id=\"1f9e7de\" data-element_type=\"container\" data-e-type=\"container\">\n\t\t\t\t<div class=\"elementor-element elementor-element-5234a54 elementor-widget elementor-widget-wd_text_block\" data-id=\"5234a54\" data-element_type=\"widget\" data-e-type=\"widget\" data-widget_type=\"wd_text_block.default\">\n\t\t\t\t<div class=\"elementor-widget-container\">\n\t\t\t\t\t\t\t<div class=\"wd-text-block reset-last-child text-left\">\n\t\t\t\n\t\t\t<p><strong>Caract\u00e9ristiques principales :<\/strong><\/p><ol><li>Mode Veille Eco<\/li><li>R\u00e9servoir d'eau amovible transparent<\/li><li>Capacit\u00e9 du r\u00e9servoir d'eau : 23.66 fl oz \/ 0.7 l<\/li><li>Le tiroir \u00e0 capsules peut contenir jusqu'\u00e0 5 capsules jet\u00e9es.<\/li><li>Plateau \u00e0 boissons r\u00e9glable en deux hauteurs pour s'adapter \u00e0 de multiples tailles de tasses, des tasses \u00e0 expresso aux mugs.<\/li><li>Deux choix : un espresso ou un lungo (double espresso).<\/li><\/ol>\n\t\t\t\t\t<\/div>\n\t\t\t\t\t\t<\/div>\n\t\t\t\t<\/div>\n\t\t\t\t<\/div>\n\t\t\t\t<\/div>\n\t\t<div class=\"elementor-element elementor-element-70c2f12 e-con-full e-flex e-con e-child\" data-id=\"70c2f12\" data-element_type=\"container\" data-e-type=\"container\">\n\t\t<div class=\"elementor-element elementor-element-9a9b04a e-con-full e-flex e-con e-child\" data-id=\"9a9b04a\" data-element_type=\"container\" data-e-type=\"container\">\n\t\t\t\t<div class=\"elementor-element elementor-element-b604f43 elementor-widget elementor-widget-wd_text_block\" data-id=\"b604f43\" data-element_type=\"widget\" data-e-type=\"widget\" data-widget_type=\"wd_text_block.default\">\n\t\t\t\t<div class=\"elementor-widget-container\">\n\t\t\t\t\t\t\t<div class=\"wd-text-block reset-last-child text-left\">\n\t\t\t\n\t\t\t<p><strong>Sp\u00e9cifications :<\/strong><\/p><ul><li><strong>Dimensions de l'appareil<\/strong>: Environ 10,2\" (H) x 5,3\" (L) x 13,3\" (P)<\/li><li><strong>Poids<\/strong>: 7,7 lbs<\/li><li><strong>Approvisionnement en eau<\/strong>: R\u00e9servoir d'eau rechargeable<\/li><li><strong>Options de boissons<\/strong>: Espresso uniquement. Infusion courte ou longue.<\/li><li><strong>Puissance<\/strong>: 120V<\/li><li><strong>Efficacit\u00e9 \u00e9nerg\u00e9tique<\/strong>: Energy-saving Eco mode for idle periods<\/li><\/ul>\n\t\t\t\t\t<\/div>\n\t\t\t\t\t\t<\/div>\n\t\t\t\t<\/div>\n\t\t\t\t<\/div>\n\t\t\t\t<\/div>\n\t\t\t\t\t<\/div>\n\t\t\t\t<\/div>\n\t\t\t\t<\/div>","protected":false},"excerpt":{"rendered":"<p>Lavazza Classy Mini The Lavazza Classy Mini single-serve espresso system embodies professionalism, efficiency, and ease of use. Intuitive and practical,<\/p>","protected":false},"author":1345,"featured_media":0,"parent":17193,"menu_order":0,"comment_status":"closed","ping_status":"closed","template":"","meta":{"footnotes":""},"class_list":["post-26879","page","type-page","status-publish","hentry"],"yoast_head":"<!-- This site is optimized with the Yoast SEO plugin v27.3 - https:\/\/yoast.com\/product\/yoast-seo-wordpress\/ -->\n<title>Lavazza Classy Mini - Cafe Gran Sasso<\/title>\n<meta name=\"description\" content=\"The Lavazza Classy Mini. A compact espresso machine for small offices or home use, offering espresso and lungo options and eco mode.\" \/>\n<meta name=\"robots\" content=\"index, follow, max-snippet:-1, max-image-preview:large, max-video-preview:-1\" \/>\n<link rel=\"canonical\" href=\"https:\/\/cafegransasso.com\/fr\/equipment\/lavazza-classy-mini\/\" \/>\n<meta property=\"og:locale\" content=\"fr_FR\" \/>\n<meta property=\"og:type\" content=\"article\" \/>\n<meta property=\"og:title\" content=\"Lavazza Classy Mini - Cafe Gran Sasso\" \/>\n<meta property=\"og:description\" content=\"The Lavazza Classy Mini. A compact espresso machine for small offices or home use, offering espresso and lungo options and eco mode.\" \/>\n<meta property=\"og:url\" content=\"https:\/\/cafegransasso.com\/fr\/equipment\/lavazza-classy-mini\/\" \/>\n<meta property=\"og:site_name\" content=\"Cafe Gran Sasso\" \/>\n<meta property=\"article:publisher\" content=\"https:\/\/www.facebook.com\/CafeGranSasso\/\" \/>\n<meta property=\"article:modified_time\" content=\"2025-02-20T15:43:34+00:00\" \/>\n<meta property=\"og:image\" content=\"https:\/\/cafegransasso.com\/wp-content\/uploads\/2024\/11\/Lavazza-Mini-Front-White-background.jpg\" \/>\n<meta name=\"twitter:card\" content=\"summary_large_image\" \/>\n<meta name=\"twitter:label1\" content=\"Est. reading time\" \/>\n\t<meta name=\"twitter:data1\" content=\"2 minutes\" \/>\n<script type=\"application\/ld+json\" class=\"yoast-schema-graph\">{\"@context\":\"https:\\\/\\\/schema.org\",\"@graph\":[{\"@type\":\"WebPage\",\"@id\":\"https:\\\/\\\/cafegransasso.com\\\/equipment\\\/lavazza-classy-mini\\\/\",\"url\":\"https:\\\/\\\/cafegransasso.com\\\/equipment\\\/lavazza-classy-mini\\\/\",\"name\":\"Lavazza Classy Mini - Cafe Gran Sasso\",\"isPartOf\":{\"@id\":\"https:\\\/\\\/cafegransasso.com\\\/#website\"},\"primaryImageOfPage\":{\"@id\":\"https:\\\/\\\/cafegransasso.com\\\/equipment\\\/lavazza-classy-mini\\\/#primaryimage\"},\"image\":{\"@id\":\"https:\\\/\\\/cafegransasso.com\\\/equipment\\\/lavazza-classy-mini\\\/#primaryimage\"},\"thumbnailUrl\":\"https:\\\/\\\/cafegransasso.com\\\/wp-content\\\/uploads\\\/2024\\\/11\\\/Lavazza-Mini-Front-White-background.jpg\",\"datePublished\":\"2024-11-28T21:30:22+00:00\",\"dateModified\":\"2025-02-20T15:43:34+00:00\",\"description\":\"The Lavazza Classy Mini. A compact espresso machine for small offices or home use, offering espresso and lungo options and eco mode.\",\"breadcrumb\":{\"@id\":\"https:\\\/\\\/cafegransasso.com\\\/equipment\\\/lavazza-classy-mini\\\/#breadcrumb\"},\"inLanguage\":\"fr-ca\",\"potentialAction\":[{\"@type\":\"ReadAction\",\"target\":[\"https:\\\/\\\/cafegransasso.com\\\/equipment\\\/lavazza-classy-mini\\\/\"]}]},{\"@type\":\"ImageObject\",\"inLanguage\":\"fr-ca\",\"@id\":\"https:\\\/\\\/cafegransasso.com\\\/equipment\\\/lavazza-classy-mini\\\/#primaryimage\",\"url\":\"https:\\\/\\\/cafegransasso.com\\\/wp-content\\\/uploads\\\/2024\\\/11\\\/Lavazza-Mini-Front-White-background.jpg\",\"contentUrl\":\"https:\\\/\\\/cafegransasso.com\\\/wp-content\\\/uploads\\\/2024\\\/11\\\/Lavazza-Mini-Front-White-background.jpg\"},{\"@type\":\"BreadcrumbList\",\"@id\":\"https:\\\/\\\/cafegransasso.com\\\/equipment\\\/lavazza-classy-mini\\\/#breadcrumb\",\"itemListElement\":[{\"@type\":\"ListItem\",\"position\":1,\"name\":\"Home\",\"item\":\"https:\\\/\\\/cafegransasso.com\\\/\"},{\"@type\":\"ListItem\",\"position\":2,\"name\":\"Equipment\",\"item\":\"https:\\\/\\\/cafegransasso.com\\\/equipment\\\/\"},{\"@type\":\"ListItem\",\"position\":3,\"name\":\"Lavazza Classy Mini\"}]},{\"@type\":\"WebSite\",\"@id\":\"https:\\\/\\\/cafegransasso.com\\\/#website\",\"url\":\"https:\\\/\\\/cafegransasso.com\\\/\",\"name\":\"Cafe Gran Sasso\",\"description\":\"From Bean to Brew: Coffee Solutions for Businesses.\",\"publisher\":{\"@id\":\"https:\\\/\\\/cafegransasso.com\\\/#organization\"},\"potentialAction\":[{\"@type\":\"SearchAction\",\"target\":{\"@type\":\"EntryPoint\",\"urlTemplate\":\"https:\\\/\\\/cafegransasso.com\\\/?s={search_term_string}\"},\"query-input\":{\"@type\":\"PropertyValueSpecification\",\"valueRequired\":true,\"valueName\":\"search_term_string\"}}],\"inLanguage\":\"fr-ca\"},{\"@type\":\"Organization\",\"@id\":\"https:\\\/\\\/cafegransasso.com\\\/#organization\",\"name\":\"Cafe Gran Sasso\",\"url\":\"https:\\\/\\\/cafegransasso.com\\\/\",\"logo\":{\"@type\":\"ImageObject\",\"inLanguage\":\"fr-ca\",\"@id\":\"https:\\\/\\\/cafegransasso.com\\\/#\\\/schema\\\/logo\\\/image\\\/\",\"url\":\"https:\\\/\\\/cafegransasso.com\\\/wp-content\\\/uploads\\\/2024\\\/09\\\/GS-logo-Red-1-removebg-preview.png\",\"contentUrl\":\"https:\\\/\\\/cafegransasso.com\\\/wp-content\\\/uploads\\\/2024\\\/09\\\/GS-logo-Red-1-removebg-preview.png\",\"width\":360,\"height\":149,\"caption\":\"Cafe Gran Sasso\"},\"image\":{\"@id\":\"https:\\\/\\\/cafegransasso.com\\\/#\\\/schema\\\/logo\\\/image\\\/\"},\"sameAs\":[\"https:\\\/\\\/www.facebook.com\\\/CafeGranSasso\\\/\",\"https:\\\/\\\/www.instagram.com\\\/cafe_gransasso\\\/\"]}]}<\/script>\n<!-- \/ Yoast SEO plugin. -->","yoast_head_json":{"title":"Lavazza Classy Mini - Cafe Gran Sasso","description":"The Lavazza Classy Mini. A compact espresso machine for small offices or home use, offering espresso and lungo options and eco mode.","robots":{"index":"index","follow":"follow","max-snippet":"max-snippet:-1","max-image-preview":"max-image-preview:large","max-video-preview":"max-video-preview:-1"},"canonical":"https:\/\/cafegransasso.com\/fr\/equipment\/lavazza-classy-mini\/","og_locale":"fr_FR","og_type":"article","og_title":"Lavazza Classy Mini - Cafe Gran Sasso","og_description":"The Lavazza Classy Mini. A compact espresso machine for small offices or home use, offering espresso and lungo options and eco mode.","og_url":"https:\/\/cafegransasso.com\/fr\/equipment\/lavazza-classy-mini\/","og_site_name":"Cafe Gran Sasso","article_publisher":"https:\/\/www.facebook.com\/CafeGranSasso\/","article_modified_time":"2025-02-20T15:43:34+00:00","og_image":[{"url":"https:\/\/cafegransasso.com\/wp-content\/uploads\/2024\/11\/Lavazza-Mini-Front-White-background.jpg","type":"","width":"","height":""}],"twitter_card":"summary_large_image","twitter_misc":{"Est. reading time":"2 minutes"},"schema":{"@context":"https:\/\/schema.org","@graph":[{"@type":"WebPage","@id":"https:\/\/cafegransasso.com\/equipment\/lavazza-classy-mini\/","url":"https:\/\/cafegransasso.com\/equipment\/lavazza-classy-mini\/","name":"Lavazza Classy Mini - Cafe Gran Sasso","isPartOf":{"@id":"https:\/\/cafegransasso.com\/#website"},"primaryImageOfPage":{"@id":"https:\/\/cafegransasso.com\/equipment\/lavazza-classy-mini\/#primaryimage"},"image":{"@id":"https:\/\/cafegransasso.com\/equipment\/lavazza-classy-mini\/#primaryimage"},"thumbnailUrl":"https:\/\/cafegransasso.com\/wp-content\/uploads\/2024\/11\/Lavazza-Mini-Front-White-background.jpg","datePublished":"2024-11-28T21:30:22+00:00","dateModified":"2025-02-20T15:43:34+00:00","description":"The Lavazza Classy Mini. A compact espresso machine for small offices or home use, offering espresso and lungo options and eco mode.","breadcrumb":{"@id":"https:\/\/cafegransasso.com\/equipment\/lavazza-classy-mini\/#breadcrumb"},"inLanguage":"fr-ca","potentialAction":[{"@type":"ReadAction","target":["https:\/\/cafegransasso.com\/equipment\/lavazza-classy-mini\/"]}]},{"@type":"ImageObject","inLanguage":"fr-ca","@id":"https:\/\/cafegransasso.com\/equipment\/lavazza-classy-mini\/#primaryimage","url":"https:\/\/cafegransasso.com\/wp-content\/uploads\/2024\/11\/Lavazza-Mini-Front-White-background.jpg","contentUrl":"https:\/\/cafegransasso.com\/wp-content\/uploads\/2024\/11\/Lavazza-Mini-Front-White-background.jpg"},{"@type":"BreadcrumbList","@id":"https:\/\/cafegransasso.com\/equipment\/lavazza-classy-mini\/#breadcrumb","itemListElement":[{"@type":"ListItem","position":1,"name":"Home","item":"https:\/\/cafegransasso.com\/"},{"@type":"ListItem","position":2,"name":"Equipment","item":"https:\/\/cafegransasso.com\/equipment\/"},{"@type":"ListItem","position":3,"name":"Lavazza Classy Mini"}]},{"@type":"WebSite","@id":"https:\/\/cafegransasso.com\/#website","url":"https:\/\/cafegransasso.com\/","name":"Cafe Gran Sasso","description":"From Bean to Brew: Coffee Solutions for Businesses.","publisher":{"@id":"https:\/\/cafegransasso.com\/#organization"},"potentialAction":[{"@type":"SearchAction","target":{"@type":"EntryPoint","urlTemplate":"https:\/\/cafegransasso.com\/?s={search_term_string}"},"query-input":{"@type":"PropertyValueSpecification","valueRequired":true,"valueName":"search_term_string"}}],"inLanguage":"fr-ca"},{"@type":"Organization","@id":"https:\/\/cafegransasso.com\/#organization","name":"Cafe Gran Sasso","url":"https:\/\/cafegransasso.com\/","logo":{"@type":"ImageObject","inLanguage":"fr-ca","@id":"https:\/\/cafegransasso.com\/#\/schema\/logo\/image\/","url":"https:\/\/cafegransasso.com\/wp-content\/uploads\/2024\/09\/GS-logo-Red-1-removebg-preview.png","contentUrl":"https:\/\/cafegransasso.com\/wp-content\/uploads\/2024\/09\/GS-logo-Red-1-removebg-preview.png","width":360,"height":149,"caption":"Cafe Gran Sasso"},"image":{"@id":"https:\/\/cafegransasso.com\/#\/schema\/logo\/image\/"},"sameAs":["https:\/\/www.facebook.com\/CafeGranSasso\/","https:\/\/www.instagram.com\/cafe_gransasso\/"]}]}},"_links":{"self":[{"href":"https:\/\/cafegransasso.com\/fr\/wp-json\/wp\/v2\/pages\/26879","targetHints":{"allow":["GET"]}}],"collection":[{"href":"https:\/\/cafegransasso.com\/fr\/wp-json\/wp\/v2\/pages"}],"about":[{"href":"https:\/\/cafegransasso.com\/fr\/wp-json\/wp\/v2\/types\/page"}],"author":[{"embeddable":true,"href":"https:\/\/cafegransasso.com\/fr\/wp-json\/wp\/v2\/users\/1345"}],"replies":[{"embeddable":true,"href":"https:\/\/cafegransasso.com\/fr\/wp-json\/wp\/v2\/comments?post=26879"}],"version-history":[{"count":22,"href":"https:\/\/cafegransasso.com\/fr\/wp-json\/wp\/v2\/pages\/26879\/revisions"}],"predecessor-version":[{"id":31615,"href":"https:\/\/cafegransasso.com\/fr\/wp-json\/wp\/v2\/pages\/26879\/revisions\/31615"}],"up":[{"embeddable":true,"href":"https:\/\/cafegransasso.com\/fr\/wp-json\/wp\/v2\/pages\/17193"}],"wp:attachment":[{"href":"https:\/\/cafegransasso.com\/fr\/wp-json\/wp\/v2\/media?parent=26879"}],"curies":[{"name":"wp","href":"https:\/\/api.w.org\/{rel}","templated":true}]}}