{"id":41104,"date":"2026-02-16T14:15:26","date_gmt":"2026-02-16T19:15:26","guid":{"rendered":"https:\/\/cafegransasso.com\/?page_id=41104"},"modified":"2026-02-16T14:15:51","modified_gmt":"2026-02-16T19:15:51","slug":"thank-you-for-your-order","status":"publish","type":"page","link":"https:\/\/cafegransasso.com\/fr\/thank-you-for-your-order\/","title":{"rendered":"Thank you for your order!"},"content":{"rendered":"<div data-elementor-type=\"wp-page\" data-elementor-id=\"41104\" class=\"elementor elementor-41104\" data-elementor-post-type=\"page\">\n\t\t\t\t<div class=\"wd-negative-gap elementor-element elementor-element-b132e82 e-flex e-con-boxed e-con e-parent\" data-id=\"b132e82\" data-element_type=\"container\" data-e-type=\"container\">\n\t\t\t\t\t<div class=\"e-con-inner\">\n\t\t\t\t<div class=\"elementor-element elementor-element-e63109f wd-width-100 elementor-widget elementor-widget-wd_title\" data-id=\"e63109f\" data-element_type=\"widget\" data-e-type=\"widget\" data-widget_type=\"wd_title.default\">\n\t\t\t\t<div class=\"elementor-widget-container\">\n\t\t\t\t\t\t\t<div class=\"title-wrapper wd-set-mb reset-last-child wd-title-color-default wd-title-style-default wd-title-size-default text-center\">\n\n\t\t\t\n\t\t\t<div class=\"liner-continer\">\n\t\t\t\t<h4 class=\"woodmart-title-container title wd-fontsize-l\">Merci pour votre demande de soumission<\/h4> \n\t\t\t\t\t\t\t<\/div>\n\n\t\t\t\t\t\t\t<div class=\"title-after_title reset-last-child wd-fontsize-xs\">\n\t\t\t\t\t<p>Nous avons bien re\u00e7u votre demande. Un membre de notre \u00e9quipe examinera les d\u00e9tails et vous contactera prochainement pour discuter des prochaines \u00e9tapes.<br \/><br \/>Si votre demande est urgente, n'h\u00e9sitez pas \u00e0 nous appeler directement.<\/p>\t\t\t\t<\/div>\n\t\t\t\t\t<\/div>\n\t\t\t\t\t\t<\/div>\n\t\t\t\t<\/div>\n\t\t\t\t\t<\/div>\n\t\t\t\t<\/div>\n\t\t\t\t<\/div>","protected":false},"excerpt":{"rendered":"<p>Thank You for Your Quote Request We\u2019ve successfully received your request. A member of our team will review the details<\/p>","protected":false},"author":1345,"featured_media":0,"parent":0,"menu_order":0,"comment_status":"closed","ping_status":"closed","template":"elementor_theme","meta":{"footnotes":""},"class_list":["post-41104","page","type-page","status-publish","hentry"],"yoast_head":"<!-- This site is optimized with the Yoast SEO plugin v27.3 - https:\/\/yoast.com\/product\/yoast-seo-wordpress\/ -->\n<title>Thank you for your order! - Cafe Gran Sasso<\/title>\n<meta name=\"robots\" content=\"index, follow, max-snippet:-1, max-image-preview:large, max-video-preview:-1\" \/>\n<link rel=\"canonical\" href=\"https:\/\/cafegransasso.com\/fr\/thank-you-for-your-order\/\" \/>\n<meta property=\"og:locale\" content=\"fr_FR\" \/>\n<meta property=\"og:type\" content=\"article\" \/>\n<meta property=\"og:title\" content=\"Thank you for your order! - Cafe Gran Sasso\" \/>\n<meta property=\"og:description\" content=\"Thank You for Your Quote Request We\u2019ve successfully received your request. A member of our team will review the details\" \/>\n<meta property=\"og:url\" content=\"https:\/\/cafegransasso.com\/fr\/thank-you-for-your-order\/\" \/>\n<meta property=\"og:site_name\" content=\"Cafe Gran Sasso\" \/>\n<meta property=\"article:publisher\" content=\"https:\/\/www.facebook.com\/CafeGranSasso\/\" \/>\n<meta property=\"article:modified_time\" content=\"2026-02-16T19:15:51+00:00\" \/>\n<meta name=\"twitter:card\" content=\"summary_large_image\" \/>\n<meta name=\"twitter:label1\" content=\"Est. reading time\" \/>\n\t<meta name=\"twitter:data1\" content=\"1 minute\" \/>\n<script type=\"application\/ld+json\" class=\"yoast-schema-graph\">{\"@context\":\"https:\\\/\\\/schema.org\",\"@graph\":[{\"@type\":\"WebPage\",\"@id\":\"https:\\\/\\\/cafegransasso.com\\\/fr\\\/thank-you-for-your-order\\\/\",\"url\":\"https:\\\/\\\/cafegransasso.com\\\/fr\\\/thank-you-for-your-order\\\/\",\"name\":\"Thank you for your order! - Cafe Gran Sasso\",\"isPartOf\":{\"@id\":\"https:\\\/\\\/cafegransasso.com\\\/#website\"},\"datePublished\":\"2026-02-16T19:15:26+00:00\",\"dateModified\":\"2026-02-16T19:15:51+00:00\",\"breadcrumb\":{\"@id\":\"https:\\\/\\\/cafegransasso.com\\\/fr\\\/thank-you-for-your-order\\\/#breadcrumb\"},\"inLanguage\":\"fr-ca\",\"potentialAction\":[{\"@type\":\"ReadAction\",\"target\":[\"https:\\\/\\\/cafegransasso.com\\\/fr\\\/thank-you-for-your-order\\\/\"]}]},{\"@type\":\"BreadcrumbList\",\"@id\":\"https:\\\/\\\/cafegransasso.com\\\/fr\\\/thank-you-for-your-order\\\/#breadcrumb\",\"itemListElement\":[{\"@type\":\"ListItem\",\"position\":1,\"name\":\"Home\",\"item\":\"https:\\\/\\\/cafegransasso.com\\\/\"},{\"@type\":\"ListItem\",\"position\":2,\"name\":\"Thank you for your order!\"}]},{\"@type\":\"WebSite\",\"@id\":\"https:\\\/\\\/cafegransasso.com\\\/#website\",\"url\":\"https:\\\/\\\/cafegransasso.com\\\/\",\"name\":\"Cafe Gran Sasso\",\"description\":\"From Bean to Brew: Coffee Solutions for Businesses.\",\"publisher\":{\"@id\":\"https:\\\/\\\/cafegransasso.com\\\/#organization\"},\"potentialAction\":[{\"@type\":\"SearchAction\",\"target\":{\"@type\":\"EntryPoint\",\"urlTemplate\":\"https:\\\/\\\/cafegransasso.com\\\/?s={search_term_string}\"},\"query-input\":{\"@type\":\"PropertyValueSpecification\",\"valueRequired\":true,\"valueName\":\"search_term_string\"}}],\"inLanguage\":\"fr-ca\"},{\"@type\":\"Organization\",\"@id\":\"https:\\\/\\\/cafegransasso.com\\\/#organization\",\"name\":\"Cafe Gran Sasso\",\"url\":\"https:\\\/\\\/cafegransasso.com\\\/\",\"logo\":{\"@type\":\"ImageObject\",\"inLanguage\":\"fr-ca\",\"@id\":\"https:\\\/\\\/cafegransasso.com\\\/#\\\/schema\\\/logo\\\/image\\\/\",\"url\":\"https:\\\/\\\/cafegransasso.com\\\/wp-content\\\/uploads\\\/2024\\\/09\\\/GS-logo-Red-1-removebg-preview.png\",\"contentUrl\":\"https:\\\/\\\/cafegransasso.com\\\/wp-content\\\/uploads\\\/2024\\\/09\\\/GS-logo-Red-1-removebg-preview.png\",\"width\":360,\"height\":149,\"caption\":\"Cafe Gran Sasso\"},\"image\":{\"@id\":\"https:\\\/\\\/cafegransasso.com\\\/#\\\/schema\\\/logo\\\/image\\\/\"},\"sameAs\":[\"https:\\\/\\\/www.facebook.com\\\/CafeGranSasso\\\/\",\"https:\\\/\\\/www.instagram.com\\\/cafe_gransasso\\\/\"]}]}<\/script>\n<!-- \/ Yoast SEO plugin. -->","yoast_head_json":{"title":"Thank you for your order! - Cafe Gran Sasso","robots":{"index":"index","follow":"follow","max-snippet":"max-snippet:-1","max-image-preview":"max-image-preview:large","max-video-preview":"max-video-preview:-1"},"canonical":"https:\/\/cafegransasso.com\/fr\/thank-you-for-your-order\/","og_locale":"fr_FR","og_type":"article","og_title":"Thank you for your order! - Cafe Gran Sasso","og_description":"Thank You for Your Quote Request We\u2019ve successfully received your request. A member of our team will review the details","og_url":"https:\/\/cafegransasso.com\/fr\/thank-you-for-your-order\/","og_site_name":"Cafe Gran Sasso","article_publisher":"https:\/\/www.facebook.com\/CafeGranSasso\/","article_modified_time":"2026-02-16T19:15:51+00:00","twitter_card":"summary_large_image","twitter_misc":{"Est. reading time":"1 minute"},"schema":{"@context":"https:\/\/schema.org","@graph":[{"@type":"WebPage","@id":"https:\/\/cafegransasso.com\/fr\/thank-you-for-your-order\/","url":"https:\/\/cafegransasso.com\/fr\/thank-you-for-your-order\/","name":"Thank you for your order! - Cafe Gran Sasso","isPartOf":{"@id":"https:\/\/cafegransasso.com\/#website"},"datePublished":"2026-02-16T19:15:26+00:00","dateModified":"2026-02-16T19:15:51+00:00","breadcrumb":{"@id":"https:\/\/cafegransasso.com\/fr\/thank-you-for-your-order\/#breadcrumb"},"inLanguage":"fr-ca","potentialAction":[{"@type":"ReadAction","target":["https:\/\/cafegransasso.com\/fr\/thank-you-for-your-order\/"]}]},{"@type":"BreadcrumbList","@id":"https:\/\/cafegransasso.com\/fr\/thank-you-for-your-order\/#breadcrumb","itemListElement":[{"@type":"ListItem","position":1,"name":"Home","item":"https:\/\/cafegransasso.com\/"},{"@type":"ListItem","position":2,"name":"Thank you for your order!"}]},{"@type":"WebSite","@id":"https:\/\/cafegransasso.com\/#website","url":"https:\/\/cafegransasso.com\/","name":"Cafe Gran Sasso","description":"From Bean to Brew: Coffee Solutions for Businesses.","publisher":{"@id":"https:\/\/cafegransasso.com\/#organization"},"potentialAction":[{"@type":"SearchAction","target":{"@type":"EntryPoint","urlTemplate":"https:\/\/cafegransasso.com\/?s={search_term_string}"},"query-input":{"@type":"PropertyValueSpecification","valueRequired":true,"valueName":"search_term_string"}}],"inLanguage":"fr-ca"},{"@type":"Organization","@id":"https:\/\/cafegransasso.com\/#organization","name":"Cafe Gran Sasso","url":"https:\/\/cafegransasso.com\/","logo":{"@type":"ImageObject","inLanguage":"fr-ca","@id":"https:\/\/cafegransasso.com\/#\/schema\/logo\/image\/","url":"https:\/\/cafegransasso.com\/wp-content\/uploads\/2024\/09\/GS-logo-Red-1-removebg-preview.png","contentUrl":"https:\/\/cafegransasso.com\/wp-content\/uploads\/2024\/09\/GS-logo-Red-1-removebg-preview.png","width":360,"height":149,"caption":"Cafe Gran Sasso"},"image":{"@id":"https:\/\/cafegransasso.com\/#\/schema\/logo\/image\/"},"sameAs":["https:\/\/www.facebook.com\/CafeGranSasso\/","https:\/\/www.instagram.com\/cafe_gransasso\/"]}]}},"_links":{"self":[{"href":"https:\/\/cafegransasso.com\/fr\/wp-json\/wp\/v2\/pages\/41104","targetHints":{"allow":["GET"]}}],"collection":[{"href":"https:\/\/cafegransasso.com\/fr\/wp-json\/wp\/v2\/pages"}],"about":[{"href":"https:\/\/cafegransasso.com\/fr\/wp-json\/wp\/v2\/types\/page"}],"author":[{"embeddable":true,"href":"https:\/\/cafegransasso.com\/fr\/wp-json\/wp\/v2\/users\/1345"}],"replies":[{"embeddable":true,"href":"https:\/\/cafegransasso.com\/fr\/wp-json\/wp\/v2\/comments?post=41104"}],"version-history":[{"count":5,"href":"https:\/\/cafegransasso.com\/fr\/wp-json\/wp\/v2\/pages\/41104\/revisions"}],"predecessor-version":[{"id":41109,"href":"https:\/\/cafegransasso.com\/fr\/wp-json\/wp\/v2\/pages\/41104\/revisions\/41109"}],"wp:attachment":[{"href":"https:\/\/cafegransasso.com\/fr\/wp-json\/wp\/v2\/media?parent=41104"}],"curies":[{"name":"wp","href":"https:\/\/api.w.org\/{rel}","templated":true}]}}