{"id":42725,"date":"2026-04-09T14:25:03","date_gmt":"2026-04-09T18:25:03","guid":{"rendered":"https:\/\/cafegransasso.com\/?page_id=42725"},"modified":"2026-04-09T15:34:57","modified_gmt":"2026-04-09T19:34:57","slug":"gaggia-milano","status":"publish","type":"page","link":"https:\/\/cafegransasso.com\/fr\/equipment\/gaggia-milano\/","title":{"rendered":"Gaggia Milano"},"content":{"rendered":"<div data-elementor-type=\"wp-page\" data-elementor-id=\"42725\" class=\"elementor elementor-42725\" data-elementor-post-type=\"page\">\n\t\t\t\t<div class=\"elementor-element elementor-element-49bcbc0 e-con-full e-flex e-con e-parent\" data-id=\"49bcbc0\" data-element_type=\"container\" data-e-type=\"container\">\n\t\t<div class=\"elementor-element elementor-element-c1bb04d e-con-full e-flex e-con e-child\" data-id=\"c1bb04d\" data-element_type=\"container\" data-e-type=\"container\">\n\t\t\t\t<div class=\"elementor-element elementor-element-7fbaa4b wd-width-100 elementor-widget elementor-widget-wd_images_gallery\" data-id=\"7fbaa4b\" data-element_type=\"widget\" data-e-type=\"widget\" data-widget_type=\"wd_images_gallery.default\">\n\t\t\t\t<div class=\"elementor-widget-container\">\n\t\t\t\t\t\t\t<div class=\"wd-images-gallery photoswipe-images\" style=\"--wd-align-items:center; --wd-justify-content:center;\">\n\t\t\t\t\t\t<div class=\"wd-grid-g\" style=\"--wd-col-lg:1;--wd-col-md:1;--wd-col-sm:1;--wd-gap-lg:30px;--wd-gap-sm:10px;\" >\n\t\t\t\t\t\t\t\t\t\t\t\t\t\t\t\t\t\t<div class=\"wd-gallery-item wd-col\">\n\t\t\t\t\t\t\t\t\t\t\t\t\t<a  href=\"https:\/\/cafegransasso.com\/wp-content\/uploads\/2026\/04\/Gaggia-front.png\" data-width=\"2500\" data-height=\"2500\" data-index=\"1\" data-elementor-open-lightbox=\"no\">\n\t\t\t\t\t\t\n\t\t\t\t\t\t<img loading=\"lazy\" decoding=\"async\" width=\"2500\" height=\"2500\" src=\"https:\/\/cafegransasso.com\/wp-content\/uploads\/2026\/04\/Gaggia-front.png\" class=\"attachment-full size-full\" alt=\"Gaggia front\" srcset=\"https:\/\/cafegransasso.com\/wp-content\/uploads\/2026\/04\/Gaggia-front.png 2500w, https:\/\/cafegransasso.com\/wp-content\/uploads\/2026\/04\/Gaggia-front-300x300.png 300w, https:\/\/cafegransasso.com\/wp-content\/uploads\/2026\/04\/Gaggia-front-800x800.png 800w, https:\/\/cafegransasso.com\/wp-content\/uploads\/2026\/04\/Gaggia-front-150x150.png 150w, https:\/\/cafegransasso.com\/wp-content\/uploads\/2026\/04\/Gaggia-front-768x768.png 768w, https:\/\/cafegransasso.com\/wp-content\/uploads\/2026\/04\/Gaggia-front-1536x1536.png 1536w, https:\/\/cafegransasso.com\/wp-content\/uploads\/2026\/04\/Gaggia-front-2048x2048.png 2048w, https:\/\/cafegransasso.com\/wp-content\/uploads\/2026\/04\/Gaggia-front-12x12.png 12w, https:\/\/cafegransasso.com\/wp-content\/uploads\/2026\/04\/Gaggia-front-600x600.png 600w, https:\/\/cafegransasso.com\/wp-content\/uploads\/2026\/04\/Gaggia-front-75x75.png 75w\" sizes=\"auto, (max-width: 2500px) 100vw, 2500px\" \/>\n\t\t\t\t\t\t\t\t\t\t\t\t\t<\/a>\n\t\t\t\t\t\t\t\t\t\t\t<\/div>\n\t\t\t\t\t\t\t\t\t\t\t\t\t<\/div>\n\t\t\t\t\t<\/div>\n\t\t\t\t\t\t<\/div>\n\t\t\t\t<\/div>\n\t\t\t\t<\/div>\n\t\t<div class=\"elementor-element elementor-element-51a647b e-con-full e-flex e-con e-child\" data-id=\"51a647b\" data-element_type=\"container\" data-e-type=\"container\">\n\t\t\t\t<div class=\"elementor-element elementor-element-59fc0de wd-width-100 elementor-widget elementor-widget-wd_title\" data-id=\"59fc0de\" data-element_type=\"widget\" data-e-type=\"widget\" data-widget_type=\"wd_title.default\">\n\t\t\t\t<div class=\"elementor-widget-container\">\n\t\t\t\t\t\t\t<div class=\"title-wrapper wd-set-mb reset-last-child wd-title-color-default wd-title-style-default wd-title-size-extra-large text-left\">\n\n\t\t\t\n\t\t\t<div class=\"liner-continer\">\n\t\t\t\t<h4 class=\"woodmart-title-container title wd-fontsize-xxxl\">GAGGIA MILANO<\/h4> \n\t\t\t\t\t\t\t<\/div>\n\n\t\t\t\t\t<\/div>\n\t\t\t\t\t\t<\/div>\n\t\t\t\t<\/div>\n\t\t\t\t<div class=\"elementor-element elementor-element-0228c68 elementor-widget elementor-widget-wd_text_block\" data-id=\"0228c68\" data-element_type=\"widget\" data-e-type=\"widget\" data-widget_type=\"wd_text_block.default\">\n\t\t\t\t<div class=\"elementor-widget-container\">\n\t\t\t\t\t\t\t<div class=\"wd-text-block reset-last-child text-left color-#989898 color-scheme-custom\">\n\t\t\t\n\t\t\t<p>Ce syst\u00e8me super-automatique puissant repr\u00e9sente une v\u00e9ritable solution professionnelle et un chef-d\u2019\u0153uvre d\u2019ing\u00e9nierie. Con\u00e7u pour les environnements \u00e0 haut volume et une polyvalence maximale, il offre des boissons exceptionnelles avec rapidit\u00e9 et pr\u00e9cision, qu\u2019il s\u2019agisse d\u2019espresso ou de caf\u00e9 filtre traditionnel.<\/p><p>Pens\u00e9 pour optimiser l\u2019exp\u00e9rience utilisateur, il propose un vaste menu de boissons parfaitement pr\u00e9par\u00e9es. Gr\u00e2ce \u00e0 ses deux contenants \u00e0 grains et ses quatre compartiments pour produits solubles, il permet une multitude de combinaisons pour satisfaire toutes les pr\u00e9f\u00e9rences.<\/p>\n\t\t\t\t\t<\/div>\n\t\t\t\t\t\t<\/div>\n\t\t\t\t<\/div>\n\t\t<div class=\"elementor-element elementor-element-b65d232 e-con-full e-flex e-con e-child\" data-id=\"b65d232\" data-element_type=\"container\" data-e-type=\"container\">\n\t\t<div class=\"elementor-element elementor-element-fda012a e-con-full e-flex e-con e-child\" data-id=\"fda012a\" data-element_type=\"container\" data-e-type=\"container\">\n\t\t\t\t<div class=\"elementor-element elementor-element-c10b972 elementor-widget elementor-widget-wd_button\" data-id=\"c10b972\" data-element_type=\"widget\" data-e-type=\"widget\" data-widget_type=\"wd_button.default\">\n\t\t\t\t<div class=\"elementor-widget-container\">\n\t\t\t\t\t\t\t<div class=\"wd-button-wrapper text-left\" >\n\t\t\t<a class=\"btn btn-style-default btn-shape-rectangle btn-size-default btn-color-black btn-icon-pos-right\"  href=\"https:\/\/cafegransasso.com\/fr\/shop\/keurig-eccellenza-touch-bean-to-cup-single-cup-coffee-maker\/\">\n\t\t\t\t<span class=\"wd-btn-text\" data-elementor-setting-key=\"text\">\n\t\t\t\t\tACHETER MAINTENANT\t\t\t\t<\/span>\n\n\t\t\t\t\t\t\t<\/a>\n\t\t<\/div>\n\t\t\t\t\t\t<\/div>\n\t\t\t\t<\/div>\n\t\t\t\t<\/div>\n\t\t\t\t<\/div>\n\t\t\t\t<\/div>\n\t\t\t\t<\/div>\n\t\t<div class=\"wd-negative-gap elementor-element elementor-element-5be250f e-flex e-con-boxed e-con e-parent\" data-id=\"5be250f\" data-element_type=\"container\" data-e-type=\"container\">\n\t\t\t\t\t<div class=\"e-con-inner\">\n\t\t\t\t<div class=\"elementor-element elementor-element-7e5e581 elementor-widget elementor-widget-gallery\" data-id=\"7e5e581\" data-element_type=\"widget\" data-e-type=\"widget\" data-settings=\"{&quot;columns&quot;:3,&quot;aspect_ratio&quot;:&quot;1:1&quot;,&quot;lazyload&quot;:&quot;yes&quot;,&quot;gallery_layout&quot;:&quot;grid&quot;,&quot;columns_tablet&quot;:2,&quot;columns_mobile&quot;:1,&quot;gap&quot;:{&quot;unit&quot;:&quot;px&quot;,&quot;size&quot;:10,&quot;sizes&quot;:[]},&quot;gap_tablet&quot;:{&quot;unit&quot;:&quot;px&quot;,&quot;size&quot;:10,&quot;sizes&quot;:[]},&quot;gap_mobile&quot;:{&quot;unit&quot;:&quot;px&quot;,&quot;size&quot;:10,&quot;sizes&quot;:[]},&quot;link_to&quot;:&quot;file&quot;,&quot;overlay_background&quot;:&quot;yes&quot;,&quot;content_hover_animation&quot;:&quot;fade-in&quot;}\" data-widget_type=\"gallery.default\">\n\t\t\t\t<div class=\"elementor-widget-container\">\n\t\t\t\t\t\t\t<div class=\"elementor-gallery__container\">\n\t\t\t\t\t\t\t<a class=\"e-gallery-item elementor-gallery-item elementor-animated-content\" href=\"https:\/\/cafegransasso.com\/wp-content\/uploads\/2026\/04\/Gaggia-front.png\" data-elementor-open-lightbox=\"yes\" data-elementor-lightbox-slideshow=\"7e5e581\" data-elementor-lightbox-title=\"Gaggia front\" data-e-action-hash=\"#elementor-action%3Aaction%3Dlightbox%26settings%3DeyJpZCI6NDI3MDQsInVybCI6Imh0dHBzOlwvXC9jYWZlZ3JhbnNhc3NvLmNvbVwvd3AtY29udGVudFwvdXBsb2Fkc1wvMjAyNlwvMDRcL0dhZ2dpYS1mcm9udC5wbmciLCJzbGlkZXNob3ciOiI3ZTVlNTgxIn0%3D\">\n\t\t\t\t\t<div class=\"e-gallery-image elementor-gallery-item__image\" data-thumbnail=\"https:\/\/cafegransasso.com\/wp-content\/uploads\/2026\/04\/Gaggia-front.png\" data-width=\"2500\" data-height=\"2500\" aria-label=\"\" role=\"img\" ><\/div>\n\t\t\t\t\t\t\t\t\t\t\t<div class=\"elementor-gallery-item__overlay\"><\/div>\n\t\t\t\t\t\t\t\t\t\t\t\t\t\t<\/a>\n\t\t\t\t\t\t\t<a class=\"e-gallery-item elementor-gallery-item elementor-animated-content\" href=\"https:\/\/cafegransasso.com\/wp-content\/uploads\/2026\/04\/Gaggia-Screen.png\" data-elementor-open-lightbox=\"yes\" data-elementor-lightbox-slideshow=\"7e5e581\" data-elementor-lightbox-title=\"Gaggia Screen\" data-e-action-hash=\"#elementor-action%3Aaction%3Dlightbox%26settings%3DeyJpZCI6NDI3MDAsInVybCI6Imh0dHBzOlwvXC9jYWZlZ3JhbnNhc3NvLmNvbVwvd3AtY29udGVudFwvdXBsb2Fkc1wvMjAyNlwvMDRcL0dhZ2dpYS1TY3JlZW4ucG5nIiwic2xpZGVzaG93IjoiN2U1ZTU4MSJ9\">\n\t\t\t\t\t<div class=\"e-gallery-image elementor-gallery-item__image\" data-thumbnail=\"https:\/\/cafegransasso.com\/wp-content\/uploads\/2026\/04\/Gaggia-Screen.png\" data-width=\"826\" data-height=\"624\" aria-label=\"\" role=\"img\" ><\/div>\n\t\t\t\t\t\t\t\t\t\t\t<div class=\"elementor-gallery-item__overlay\"><\/div>\n\t\t\t\t\t\t\t\t\t\t\t\t\t\t<\/a>\n\t\t\t\t\t\t\t<a class=\"e-gallery-item elementor-gallery-item elementor-animated-content\" href=\"https:\/\/cafegransasso.com\/wp-content\/uploads\/2026\/04\/Gaggia-Office-Pic-2.png\" data-elementor-open-lightbox=\"yes\" data-elementor-lightbox-slideshow=\"7e5e581\" data-elementor-lightbox-title=\"Gaggia Office Pic 2\" data-e-action-hash=\"#elementor-action%3Aaction%3Dlightbox%26settings%3DeyJpZCI6NDI3MDIsInVybCI6Imh0dHBzOlwvXC9jYWZlZ3JhbnNhc3NvLmNvbVwvd3AtY29udGVudFwvdXBsb2Fkc1wvMjAyNlwvMDRcL0dhZ2dpYS1PZmZpY2UtUGljLTIucG5nIiwic2xpZGVzaG93IjoiN2U1ZTU4MSJ9\">\n\t\t\t\t\t<div class=\"e-gallery-image elementor-gallery-item__image\" data-thumbnail=\"https:\/\/cafegransasso.com\/wp-content\/uploads\/2026\/04\/Gaggia-Office-Pic-2.png\" data-width=\"436\" data-height=\"503\" aria-label=\"\" role=\"img\" ><\/div>\n\t\t\t\t\t\t\t\t\t\t\t<div class=\"elementor-gallery-item__overlay\"><\/div>\n\t\t\t\t\t\t\t\t\t\t\t\t\t\t<\/a>\n\t\t\t\t\t<\/div>\n\t\t\t\t\t<\/div>\n\t\t\t\t<\/div>\n\t\t\t\t\t<\/div>\n\t\t\t\t<\/div>\n\t\t<div class=\"wd-negative-gap elementor-element elementor-element-1a12f52 e-flex e-con-boxed e-con e-parent\" data-id=\"1a12f52\" data-element_type=\"container\" data-e-type=\"container\">\n\t\t\t\t\t<div class=\"e-con-inner\">\n\t\t<div class=\"elementor-element elementor-element-be64470 e-con-full e-flex e-con e-child\" data-id=\"be64470\" data-element_type=\"container\" data-e-type=\"container\">\n\t\t<div class=\"elementor-element elementor-element-8eacbfa e-con-full e-flex e-con e-child\" data-id=\"8eacbfa\" data-element_type=\"container\" data-e-type=\"container\">\n\t\t\t\t<div class=\"elementor-element elementor-element-4730e84 elementor-widget elementor-widget-wd_text_block\" data-id=\"4730e84\" data-element_type=\"widget\" data-e-type=\"widget\" data-widget_type=\"wd_text_block.default\">\n\t\t\t\t<div class=\"elementor-widget-container\">\n\t\t\t\t\t\t\t<div class=\"wd-text-block reset-last-child text-left\">\n\t\t\t\n\t\t\t<p><strong>Caract\u00e9ristiques principales :<\/strong><\/p><ul><li><strong>Syst\u00e8me d\u2019extraction double<\/strong> pour caf\u00e9 filtre et espresso<\/li><li><strong>Large s\u00e9lection de boissons :<\/strong> caf\u00e9, espresso, americano, cappuccino, latte, moka, chocolat chaud, vanille fran\u00e7aise et chai<\/li><li><strong>Deux grands contenants \u00e0 grains<\/strong> (2 \u00d7 4,4 lb) pour moins de remplissage<\/li><li><strong>\u00c9cran tactile de 12 po<\/strong> pour une navigation intuitive<\/li><li><strong>Pr\u00e9paration rapide des boissons<\/strong> (environ 20 \u00e0 60 secondes)<\/li><li><strong>Syst\u00e8me de mouture fra\u00eeche<\/strong> pour un ar\u00f4me et une saveur optimaux<\/li><li><strong>Syst\u00e8me de mouture fra\u00eeche pour un ar\u00f4me et une saveur optimaux<\/strong> jusqu\u2019\u00e0 9,1 po (id\u00e9al pour les verres de voyage)<\/li><li><strong>Sortie d\u2019eau chaude d\u00e9di\u00e9e<\/strong> pour le th\u00e9<\/li><li><strong>Grand bac \u00e0 d\u00e9chets interne pour usage intensif<\/strong> pour usage intensif<\/li><li><strong>Design facile d\u2019entretien pour un nettoyage simplifi\u00e9<\/strong> pour un nettoyage simplifi\u00e9<\/li><li><strong>Aucun filtre papier requis<\/strong> pour une utilisation simplifi\u00e9e et une r\u00e9duction des d\u00e9chets<\/li><\/ul>\n\t\t\t\t\t<\/div>\n\t\t\t\t\t\t<\/div>\n\t\t\t\t<\/div>\n\t\t\t\t<\/div>\n\t\t\t\t<\/div>\n\t\t<div class=\"elementor-element elementor-element-90dd8ee e-con-full e-flex e-con e-child\" data-id=\"90dd8ee\" data-element_type=\"container\" data-e-type=\"container\">\n\t\t<div class=\"elementor-element elementor-element-2365cf1 e-con-full e-flex e-con e-child\" data-id=\"2365cf1\" data-element_type=\"container\" data-e-type=\"container\">\n\t\t\t\t<div class=\"elementor-element elementor-element-1c294ea elementor-widget elementor-widget-wd_text_block\" data-id=\"1c294ea\" data-element_type=\"widget\" data-e-type=\"widget\" data-widget_type=\"wd_text_block.default\">\n\t\t\t\t<div class=\"elementor-widget-container\">\n\t\t\t\t\t\t\t<div class=\"wd-text-block reset-last-child text-left\">\n\t\t\t\n\t\t\t<p><strong>Sp\u00e9cifications :<\/strong><\/p><ul><li><strong>Dimensions:<\/strong> 34.4\" (H) \u00d7 17.7\" (W) \u00d7 20.7\" (D)<\/li><\/ul><p><strong>\u00c9lectrique<\/strong><\/p><ul><li><strong>Tension:<\/strong> 120 VAC \/ 15 A \/ 60 Hz<\/li><li><strong>Puissance:<\/strong> 1250 W<\/li><\/ul>\n\t\t\t\t\t<\/div>\n\t\t\t\t\t\t<\/div>\n\t\t\t\t<\/div>\n\t\t\t\t<\/div>\n\t\t\t\t<\/div>\n\t\t\t\t\t<\/div>\n\t\t\t\t<\/div>\n\t\t\t\t<\/div>","protected":false},"excerpt":{"rendered":"<p>GAGGIA MILANO A powerful super-automatic system, this machine is a true professional solution and a feat of engineering. Built for<\/p>","protected":false},"author":1345,"featured_media":0,"parent":17193,"menu_order":0,"comment_status":"closed","ping_status":"closed","template":"","meta":{"footnotes":""},"class_list":["post-42725","page","type-page","status-publish","hentry"],"yoast_head":"<!-- This site is optimized with the Yoast SEO plugin v27.3 - https:\/\/yoast.com\/product\/yoast-seo-wordpress\/ -->\n<title>Gaggia Milano - Cafe Gran Sasso<\/title>\n<meta name=\"description\" content=\"A powerful super-automatic system, this machine is a true professional solution and a feat of engineering.\" \/>\n<meta name=\"robots\" content=\"index, follow, max-snippet:-1, max-image-preview:large, max-video-preview:-1\" \/>\n<link rel=\"canonical\" href=\"https:\/\/cafegransasso.com\/fr\/equipment\/gaggia-milano\/\" \/>\n<meta property=\"og:locale\" content=\"fr_FR\" \/>\n<meta property=\"og:type\" content=\"article\" \/>\n<meta property=\"og:title\" content=\"Gaggia Milano - Cafe Gran Sasso\" \/>\n<meta property=\"og:description\" content=\"A powerful super-automatic system, this machine is a true professional solution and a feat of engineering.\" \/>\n<meta property=\"og:url\" content=\"https:\/\/cafegransasso.com\/fr\/equipment\/gaggia-milano\/\" \/>\n<meta property=\"og:site_name\" content=\"Cafe Gran Sasso\" \/>\n<meta property=\"article:publisher\" content=\"https:\/\/www.facebook.com\/CafeGranSasso\/\" \/>\n<meta property=\"article:modified_time\" content=\"2026-04-09T19:34:57+00:00\" \/>\n<meta property=\"og:image\" content=\"https:\/\/cafegransasso.com\/wp-content\/uploads\/2026\/04\/Gaggia-front.png\" \/>\n<meta name=\"twitter:card\" content=\"summary_large_image\" \/>\n<meta name=\"twitter:label1\" content=\"Est. reading time\" \/>\n\t<meta name=\"twitter:data1\" content=\"2 minutes\" \/>\n<script type=\"application\/ld+json\" class=\"yoast-schema-graph\">{\"@context\":\"https:\\\/\\\/schema.org\",\"@graph\":[{\"@type\":\"WebPage\",\"@id\":\"https:\\\/\\\/cafegransasso.com\\\/equipment\\\/gaggia-milano\\\/\",\"url\":\"https:\\\/\\\/cafegransasso.com\\\/equipment\\\/gaggia-milano\\\/\",\"name\":\"Gaggia Milano - Cafe Gran Sasso\",\"isPartOf\":{\"@id\":\"https:\\\/\\\/cafegransasso.com\\\/#website\"},\"primaryImageOfPage\":{\"@id\":\"https:\\\/\\\/cafegransasso.com\\\/equipment\\\/gaggia-milano\\\/#primaryimage\"},\"image\":{\"@id\":\"https:\\\/\\\/cafegransasso.com\\\/equipment\\\/gaggia-milano\\\/#primaryimage\"},\"thumbnailUrl\":\"https:\\\/\\\/cafegransasso.com\\\/wp-content\\\/uploads\\\/2026\\\/04\\\/Gaggia-front.png\",\"datePublished\":\"2026-04-09T18:25:03+00:00\",\"dateModified\":\"2026-04-09T19:34:57+00:00\",\"description\":\"A powerful super-automatic system, this machine is a true professional solution and a feat of engineering.\",\"breadcrumb\":{\"@id\":\"https:\\\/\\\/cafegransasso.com\\\/equipment\\\/gaggia-milano\\\/#breadcrumb\"},\"inLanguage\":\"fr-ca\",\"potentialAction\":[{\"@type\":\"ReadAction\",\"target\":[\"https:\\\/\\\/cafegransasso.com\\\/equipment\\\/gaggia-milano\\\/\"]}]},{\"@type\":\"ImageObject\",\"inLanguage\":\"fr-ca\",\"@id\":\"https:\\\/\\\/cafegransasso.com\\\/equipment\\\/gaggia-milano\\\/#primaryimage\",\"url\":\"https:\\\/\\\/cafegransasso.com\\\/wp-content\\\/uploads\\\/2026\\\/04\\\/Gaggia-front.png\",\"contentUrl\":\"https:\\\/\\\/cafegransasso.com\\\/wp-content\\\/uploads\\\/2026\\\/04\\\/Gaggia-front.png\"},{\"@type\":\"BreadcrumbList\",\"@id\":\"https:\\\/\\\/cafegransasso.com\\\/equipment\\\/gaggia-milano\\\/#breadcrumb\",\"itemListElement\":[{\"@type\":\"ListItem\",\"position\":1,\"name\":\"Home\",\"item\":\"https:\\\/\\\/cafegransasso.com\\\/\"},{\"@type\":\"ListItem\",\"position\":2,\"name\":\"Equipment\",\"item\":\"https:\\\/\\\/cafegransasso.com\\\/equipment\\\/\"},{\"@type\":\"ListItem\",\"position\":3,\"name\":\"Gaggia Milano\"}]},{\"@type\":\"WebSite\",\"@id\":\"https:\\\/\\\/cafegransasso.com\\\/#website\",\"url\":\"https:\\\/\\\/cafegransasso.com\\\/\",\"name\":\"Cafe Gran Sasso\",\"description\":\"From Bean to Brew: Coffee Solutions for Businesses.\",\"publisher\":{\"@id\":\"https:\\\/\\\/cafegransasso.com\\\/#organization\"},\"potentialAction\":[{\"@type\":\"SearchAction\",\"target\":{\"@type\":\"EntryPoint\",\"urlTemplate\":\"https:\\\/\\\/cafegransasso.com\\\/?s={search_term_string}\"},\"query-input\":{\"@type\":\"PropertyValueSpecification\",\"valueRequired\":true,\"valueName\":\"search_term_string\"}}],\"inLanguage\":\"fr-ca\"},{\"@type\":\"Organization\",\"@id\":\"https:\\\/\\\/cafegransasso.com\\\/#organization\",\"name\":\"Cafe Gran Sasso\",\"url\":\"https:\\\/\\\/cafegransasso.com\\\/\",\"logo\":{\"@type\":\"ImageObject\",\"inLanguage\":\"fr-ca\",\"@id\":\"https:\\\/\\\/cafegransasso.com\\\/#\\\/schema\\\/logo\\\/image\\\/\",\"url\":\"https:\\\/\\\/cafegransasso.com\\\/wp-content\\\/uploads\\\/2024\\\/09\\\/GS-logo-Red-1-removebg-preview.png\",\"contentUrl\":\"https:\\\/\\\/cafegransasso.com\\\/wp-content\\\/uploads\\\/2024\\\/09\\\/GS-logo-Red-1-removebg-preview.png\",\"width\":360,\"height\":149,\"caption\":\"Cafe Gran Sasso\"},\"image\":{\"@id\":\"https:\\\/\\\/cafegransasso.com\\\/#\\\/schema\\\/logo\\\/image\\\/\"},\"sameAs\":[\"https:\\\/\\\/www.facebook.com\\\/CafeGranSasso\\\/\",\"https:\\\/\\\/www.instagram.com\\\/cafe_gransasso\\\/\"]}]}<\/script>\n<!-- \/ Yoast SEO plugin. -->","yoast_head_json":{"title":"Gaggia Milano - Cafe Gran Sasso","description":"A powerful super-automatic system, this machine is a true professional solution and a feat of engineering.","robots":{"index":"index","follow":"follow","max-snippet":"max-snippet:-1","max-image-preview":"max-image-preview:large","max-video-preview":"max-video-preview:-1"},"canonical":"https:\/\/cafegransasso.com\/fr\/equipment\/gaggia-milano\/","og_locale":"fr_FR","og_type":"article","og_title":"Gaggia Milano - Cafe Gran Sasso","og_description":"A powerful super-automatic system, this machine is a true professional solution and a feat of engineering.","og_url":"https:\/\/cafegransasso.com\/fr\/equipment\/gaggia-milano\/","og_site_name":"Cafe Gran Sasso","article_publisher":"https:\/\/www.facebook.com\/CafeGranSasso\/","article_modified_time":"2026-04-09T19:34:57+00:00","og_image":[{"url":"https:\/\/cafegransasso.com\/wp-content\/uploads\/2026\/04\/Gaggia-front.png","type":"","width":"","height":""}],"twitter_card":"summary_large_image","twitter_misc":{"Est. reading time":"2 minutes"},"schema":{"@context":"https:\/\/schema.org","@graph":[{"@type":"WebPage","@id":"https:\/\/cafegransasso.com\/equipment\/gaggia-milano\/","url":"https:\/\/cafegransasso.com\/equipment\/gaggia-milano\/","name":"Gaggia Milano - Cafe Gran Sasso","isPartOf":{"@id":"https:\/\/cafegransasso.com\/#website"},"primaryImageOfPage":{"@id":"https:\/\/cafegransasso.com\/equipment\/gaggia-milano\/#primaryimage"},"image":{"@id":"https:\/\/cafegransasso.com\/equipment\/gaggia-milano\/#primaryimage"},"thumbnailUrl":"https:\/\/cafegransasso.com\/wp-content\/uploads\/2026\/04\/Gaggia-front.png","datePublished":"2026-04-09T18:25:03+00:00","dateModified":"2026-04-09T19:34:57+00:00","description":"A powerful super-automatic system, this machine is a true professional solution and a feat of engineering.","breadcrumb":{"@id":"https:\/\/cafegransasso.com\/equipment\/gaggia-milano\/#breadcrumb"},"inLanguage":"fr-ca","potentialAction":[{"@type":"ReadAction","target":["https:\/\/cafegransasso.com\/equipment\/gaggia-milano\/"]}]},{"@type":"ImageObject","inLanguage":"fr-ca","@id":"https:\/\/cafegransasso.com\/equipment\/gaggia-milano\/#primaryimage","url":"https:\/\/cafegransasso.com\/wp-content\/uploads\/2026\/04\/Gaggia-front.png","contentUrl":"https:\/\/cafegransasso.com\/wp-content\/uploads\/2026\/04\/Gaggia-front.png"},{"@type":"BreadcrumbList","@id":"https:\/\/cafegransasso.com\/equipment\/gaggia-milano\/#breadcrumb","itemListElement":[{"@type":"ListItem","position":1,"name":"Home","item":"https:\/\/cafegransasso.com\/"},{"@type":"ListItem","position":2,"name":"Equipment","item":"https:\/\/cafegransasso.com\/equipment\/"},{"@type":"ListItem","position":3,"name":"Gaggia Milano"}]},{"@type":"WebSite","@id":"https:\/\/cafegransasso.com\/#website","url":"https:\/\/cafegransasso.com\/","name":"Cafe Gran Sasso","description":"From Bean to Brew: Coffee Solutions for Businesses.","publisher":{"@id":"https:\/\/cafegransasso.com\/#organization"},"potentialAction":[{"@type":"SearchAction","target":{"@type":"EntryPoint","urlTemplate":"https:\/\/cafegransasso.com\/?s={search_term_string}"},"query-input":{"@type":"PropertyValueSpecification","valueRequired":true,"valueName":"search_term_string"}}],"inLanguage":"fr-ca"},{"@type":"Organization","@id":"https:\/\/cafegransasso.com\/#organization","name":"Cafe Gran Sasso","url":"https:\/\/cafegransasso.com\/","logo":{"@type":"ImageObject","inLanguage":"fr-ca","@id":"https:\/\/cafegransasso.com\/#\/schema\/logo\/image\/","url":"https:\/\/cafegransasso.com\/wp-content\/uploads\/2024\/09\/GS-logo-Red-1-removebg-preview.png","contentUrl":"https:\/\/cafegransasso.com\/wp-content\/uploads\/2024\/09\/GS-logo-Red-1-removebg-preview.png","width":360,"height":149,"caption":"Cafe Gran Sasso"},"image":{"@id":"https:\/\/cafegransasso.com\/#\/schema\/logo\/image\/"},"sameAs":["https:\/\/www.facebook.com\/CafeGranSasso\/","https:\/\/www.instagram.com\/cafe_gransasso\/"]}]}},"_links":{"self":[{"href":"https:\/\/cafegransasso.com\/fr\/wp-json\/wp\/v2\/pages\/42725","targetHints":{"allow":["GET"]}}],"collection":[{"href":"https:\/\/cafegransasso.com\/fr\/wp-json\/wp\/v2\/pages"}],"about":[{"href":"https:\/\/cafegransasso.com\/fr\/wp-json\/wp\/v2\/types\/page"}],"author":[{"embeddable":true,"href":"https:\/\/cafegransasso.com\/fr\/wp-json\/wp\/v2\/users\/1345"}],"replies":[{"embeddable":true,"href":"https:\/\/cafegransasso.com\/fr\/wp-json\/wp\/v2\/comments?post=42725"}],"version-history":[{"count":11,"href":"https:\/\/cafegransasso.com\/fr\/wp-json\/wp\/v2\/pages\/42725\/revisions"}],"predecessor-version":[{"id":42740,"href":"https:\/\/cafegransasso.com\/fr\/wp-json\/wp\/v2\/pages\/42725\/revisions\/42740"}],"up":[{"embeddable":true,"href":"https:\/\/cafegransasso.com\/fr\/wp-json\/wp\/v2\/pages\/17193"}],"wp:attachment":[{"href":"https:\/\/cafegransasso.com\/fr\/wp-json\/wp\/v2\/media?parent=42725"}],"curies":[{"name":"wp","href":"https:\/\/api.w.org\/{rel}","templated":true}]}}