{"id":42738,"date":"2026-04-09T14:47:01","date_gmt":"2026-04-09T18:47:01","guid":{"rendered":"https:\/\/cafegransasso.com\/?page_id=42738"},"modified":"2026-04-09T15:37:46","modified_gmt":"2026-04-09T19:37:46","slug":"belluccci-bistro-bar","status":"publish","type":"page","link":"https:\/\/cafegransasso.com\/fr\/equipment\/belluccci-bistro-bar\/","title":{"rendered":"Belluccci Bistro Pro"},"content":{"rendered":"<div data-elementor-type=\"wp-page\" data-elementor-id=\"42738\" class=\"elementor elementor-42738\" data-elementor-post-type=\"page\">\n\t\t\t\t<div class=\"elementor-element elementor-element-49bcbc0 e-con-full e-flex e-con e-parent\" data-id=\"49bcbc0\" data-element_type=\"container\" data-e-type=\"container\">\n\t\t<div class=\"elementor-element elementor-element-c1bb04d e-con-full e-flex e-con e-child\" data-id=\"c1bb04d\" data-element_type=\"container\" data-e-type=\"container\">\n\t\t\t\t<div class=\"elementor-element elementor-element-7fbaa4b wd-width-100 elementor-widget elementor-widget-wd_images_gallery\" data-id=\"7fbaa4b\" data-element_type=\"widget\" data-e-type=\"widget\" data-widget_type=\"wd_images_gallery.default\">\n\t\t\t\t<div class=\"elementor-widget-container\">\n\t\t\t\t\t\t\t<div class=\"wd-images-gallery photoswipe-images\" style=\"--wd-align-items:center; --wd-justify-content:center;\">\n\t\t\t\t\t\t<div class=\"wd-grid-g\" style=\"--wd-col-lg:1;--wd-col-md:1;--wd-col-sm:1;--wd-gap-lg:30px;--wd-gap-sm:10px;\" >\n\t\t\t\t\t\t\t\t\t\t\t\t\t\t\t\t\t\t<div class=\"wd-gallery-item wd-col\">\n\t\t\t\t\t\t\t\t\t\t\t\t\t<a  href=\"https:\/\/cafegransasso.com\/wp-content\/uploads\/2026\/04\/bistro-pro-01-1.avif\" data-width=\"960\" data-height=\"960\" data-index=\"1\" data-elementor-open-lightbox=\"no\">\n\t\t\t\t\t\t\n\t\t\t\t\t\t<img loading=\"lazy\" decoding=\"async\" width=\"960\" height=\"960\" src=\"https:\/\/cafegransasso.com\/wp-content\/uploads\/2026\/04\/bistro-pro-01-1.avif\" class=\"attachment-full size-full\" alt=\"bistro-pro-01\" srcset=\"https:\/\/cafegransasso.com\/wp-content\/uploads\/2026\/04\/bistro-pro-01-1.avif 960w, https:\/\/cafegransasso.com\/wp-content\/uploads\/2026\/04\/bistro-pro-01-1-300x300.jpg 300w, https:\/\/cafegransasso.com\/wp-content\/uploads\/2026\/04\/bistro-pro-01-1-800x800.jpg 800w, https:\/\/cafegransasso.com\/wp-content\/uploads\/2026\/04\/bistro-pro-01-1-150x150.jpg 150w, https:\/\/cafegransasso.com\/wp-content\/uploads\/2026\/04\/bistro-pro-01-1-768x768.jpg 768w, https:\/\/cafegransasso.com\/wp-content\/uploads\/2026\/04\/bistro-pro-01-1-12x12.jpg 12w, https:\/\/cafegransasso.com\/wp-content\/uploads\/2026\/04\/bistro-pro-01-1-600x600.jpg 600w, https:\/\/cafegransasso.com\/wp-content\/uploads\/2026\/04\/bistro-pro-01-1-75x75.jpg 75w\" sizes=\"auto, (max-width: 960px) 100vw, 960px\" \/>\n\t\t\t\t\t\t\t\t\t\t\t\t\t<\/a>\n\t\t\t\t\t\t\t\t\t\t\t<\/div>\n\t\t\t\t\t\t\t\t\t\t\t\t\t<\/div>\n\t\t\t\t\t<\/div>\n\t\t\t\t\t\t<\/div>\n\t\t\t\t<\/div>\n\t\t\t\t<\/div>\n\t\t<div class=\"elementor-element elementor-element-51a647b e-con-full e-flex e-con e-child\" data-id=\"51a647b\" data-element_type=\"container\" data-e-type=\"container\">\n\t\t\t\t<div class=\"elementor-element elementor-element-59fc0de wd-width-100 elementor-widget elementor-widget-wd_title\" data-id=\"59fc0de\" data-element_type=\"widget\" data-e-type=\"widget\" data-widget_type=\"wd_title.default\">\n\t\t\t\t<div class=\"elementor-widget-container\">\n\t\t\t\t\t\t\t<div class=\"title-wrapper wd-set-mb reset-last-child wd-title-color-default wd-title-style-default wd-title-size-extra-large text-left\">\n\n\t\t\t\n\t\t\t<div class=\"liner-continer\">\n\t\t\t\t<h4 class=\"woodmart-title-container title wd-fontsize-xxxl\">BELLUCCI BISTRO PRO<\/h4> \n\t\t\t\t\t\t\t<\/div>\n\n\t\t\t\t\t<\/div>\n\t\t\t\t\t\t<\/div>\n\t\t\t\t<\/div>\n\t\t\t\t<div class=\"elementor-element elementor-element-0228c68 elementor-widget elementor-widget-wd_text_block\" data-id=\"0228c68\" data-element_type=\"widget\" data-e-type=\"widget\" data-widget_type=\"wd_text_block.default\">\n\t\t\t\t<div class=\"elementor-widget-container\">\n\t\t\t\t\t\t\t<div class=\"wd-text-block reset-last-child text-left color-#989898 color-scheme-custom\">\n\t\t\t\n\t\t\t<p>Con\u00e7ue pour ceux qui recherchent l\u2019excellence dans chaque tasse, cette machine \u00e0 caf\u00e9 enti\u00e8rement automatique allie un design d\u2019inspiration italienne \u00e0 une performance de calibre professionnel. \u00c9l\u00e9gante, puissante et intuitive, elle pr\u00e9pare une vaste s\u00e9lection de boissons sp\u00e9cialis\u00e9es avec pr\u00e9cision et constance, ce qui en fait la solution id\u00e9ale pour votre espace de bureau.<\/p>\n\t\t\t\t\t<\/div>\n\t\t\t\t\t\t<\/div>\n\t\t\t\t<\/div>\n\t\t<div class=\"elementor-element elementor-element-b65d232 e-con-full e-flex e-con e-child\" data-id=\"b65d232\" data-element_type=\"container\" data-e-type=\"container\">\n\t\t<div class=\"elementor-element elementor-element-fda012a e-con-full e-flex e-con e-child\" data-id=\"fda012a\" data-element_type=\"container\" data-e-type=\"container\">\n\t\t\t\t<div class=\"elementor-element elementor-element-c10b972 elementor-widget elementor-widget-wd_button\" data-id=\"c10b972\" data-element_type=\"widget\" data-e-type=\"widget\" data-widget_type=\"wd_button.default\">\n\t\t\t\t<div class=\"elementor-widget-container\">\n\t\t\t\t\t\t\t<div class=\"wd-button-wrapper text-left\" >\n\t\t\t<a class=\"btn btn-style-default btn-shape-rectangle btn-size-default btn-color-black btn-icon-pos-right\"  href=\"https:\/\/cafegransasso.com\/fr\/shop\/keurig-eccellenza-touch-bean-to-cup-single-cup-coffee-maker\/\">\n\t\t\t\t<span class=\"wd-btn-text\" data-elementor-setting-key=\"text\">\n\t\t\t\t\tACHETER MAINTENANT\t\t\t\t<\/span>\n\n\t\t\t\t\t\t\t<\/a>\n\t\t<\/div>\n\t\t\t\t\t\t<\/div>\n\t\t\t\t<\/div>\n\t\t\t\t<\/div>\n\t\t\t\t<\/div>\n\t\t\t\t<\/div>\n\t\t\t\t<\/div>\n\t\t<div class=\"wd-negative-gap elementor-element elementor-element-5be250f e-flex e-con-boxed e-con e-parent\" data-id=\"5be250f\" data-element_type=\"container\" data-e-type=\"container\">\n\t\t\t\t\t<div class=\"e-con-inner\">\n\t\t\t\t<div class=\"elementor-element elementor-element-7e5e581 elementor-widget elementor-widget-gallery\" data-id=\"7e5e581\" data-element_type=\"widget\" data-e-type=\"widget\" data-settings=\"{&quot;columns&quot;:5,&quot;aspect_ratio&quot;:&quot;1:1&quot;,&quot;lazyload&quot;:&quot;yes&quot;,&quot;gallery_layout&quot;:&quot;grid&quot;,&quot;columns_tablet&quot;:2,&quot;columns_mobile&quot;:1,&quot;gap&quot;:{&quot;unit&quot;:&quot;px&quot;,&quot;size&quot;:10,&quot;sizes&quot;:[]},&quot;gap_tablet&quot;:{&quot;unit&quot;:&quot;px&quot;,&quot;size&quot;:10,&quot;sizes&quot;:[]},&quot;gap_mobile&quot;:{&quot;unit&quot;:&quot;px&quot;,&quot;size&quot;:10,&quot;sizes&quot;:[]},&quot;link_to&quot;:&quot;file&quot;,&quot;overlay_background&quot;:&quot;yes&quot;,&quot;content_hover_animation&quot;:&quot;fade-in&quot;}\" data-widget_type=\"gallery.default\">\n\t\t\t\t<div class=\"elementor-widget-container\">\n\t\t\t\t\t\t\t<div class=\"elementor-gallery__container\">\n\t\t\t\t\t\t\t<a class=\"e-gallery-item elementor-gallery-item elementor-animated-content\" href=\"https:\/\/cafegransasso.com\/wp-content\/uploads\/2026\/04\/bistro-pro-06-1.avif\" data-elementor-open-lightbox=\"yes\" data-elementor-lightbox-slideshow=\"7e5e581\" data-elementor-lightbox-title=\"bistro-pro-06\" data-e-action-hash=\"#elementor-action%3Aaction%3Dlightbox%26settings%3DeyJpZCI6NDI3MTgsInVybCI6Imh0dHBzOlwvXC9jYWZlZ3JhbnNhc3NvLmNvbVwvd3AtY29udGVudFwvdXBsb2Fkc1wvMjAyNlwvMDRcL2Jpc3Ryby1wcm8tMDYtMS5hdmlmIiwic2xpZGVzaG93IjoiN2U1ZTU4MSJ9\">\n\t\t\t\t\t<div class=\"e-gallery-image elementor-gallery-item__image\" data-thumbnail=\"https:\/\/cafegransasso.com\/wp-content\/uploads\/2026\/04\/bistro-pro-06-1.avif\" data-width=\"960\" data-height=\"960\" aria-label=\"\" role=\"img\" ><\/div>\n\t\t\t\t\t\t\t\t\t\t\t<div class=\"elementor-gallery-item__overlay\"><\/div>\n\t\t\t\t\t\t\t\t\t\t\t\t\t\t<\/a>\n\t\t\t\t\t\t\t<a class=\"e-gallery-item elementor-gallery-item elementor-animated-content\" href=\"https:\/\/cafegransasso.com\/wp-content\/uploads\/2026\/04\/bistro-pro-02-1.avif\" data-elementor-open-lightbox=\"yes\" data-elementor-lightbox-slideshow=\"7e5e581\" data-elementor-lightbox-title=\"bistro-pro-02\" data-e-action-hash=\"#elementor-action%3Aaction%3Dlightbox%26settings%3DeyJpZCI6NDI3MjEsInVybCI6Imh0dHBzOlwvXC9jYWZlZ3JhbnNhc3NvLmNvbVwvd3AtY29udGVudFwvdXBsb2Fkc1wvMjAyNlwvMDRcL2Jpc3Ryby1wcm8tMDItMS5hdmlmIiwic2xpZGVzaG93IjoiN2U1ZTU4MSJ9\">\n\t\t\t\t\t<div class=\"e-gallery-image elementor-gallery-item__image\" data-thumbnail=\"https:\/\/cafegransasso.com\/wp-content\/uploads\/2026\/04\/bistro-pro-02-1.avif\" data-width=\"960\" data-height=\"960\" aria-label=\"\" role=\"img\" ><\/div>\n\t\t\t\t\t\t\t\t\t\t\t<div class=\"elementor-gallery-item__overlay\"><\/div>\n\t\t\t\t\t\t\t\t\t\t\t\t\t\t<\/a>\n\t\t\t\t\t\t\t<a class=\"e-gallery-item elementor-gallery-item elementor-animated-content\" href=\"https:\/\/cafegransasso.com\/wp-content\/uploads\/2026\/04\/bistro-pro-04-1.avif\" data-elementor-open-lightbox=\"yes\" data-elementor-lightbox-slideshow=\"7e5e581\" data-elementor-lightbox-title=\"bistro-pro-04\" data-e-action-hash=\"#elementor-action%3Aaction%3Dlightbox%26settings%3DeyJpZCI6NDI3MjAsInVybCI6Imh0dHBzOlwvXC9jYWZlZ3JhbnNhc3NvLmNvbVwvd3AtY29udGVudFwvdXBsb2Fkc1wvMjAyNlwvMDRcL2Jpc3Ryby1wcm8tMDQtMS5hdmlmIiwic2xpZGVzaG93IjoiN2U1ZTU4MSJ9\">\n\t\t\t\t\t<div class=\"e-gallery-image elementor-gallery-item__image\" data-thumbnail=\"https:\/\/cafegransasso.com\/wp-content\/uploads\/2026\/04\/bistro-pro-04-1.avif\" data-width=\"960\" data-height=\"960\" aria-label=\"\" role=\"img\" ><\/div>\n\t\t\t\t\t\t\t\t\t\t\t<div class=\"elementor-gallery-item__overlay\"><\/div>\n\t\t\t\t\t\t\t\t\t\t\t\t\t\t<\/a>\n\t\t\t\t\t\t\t<a class=\"e-gallery-item elementor-gallery-item elementor-animated-content\" href=\"https:\/\/cafegransasso.com\/wp-content\/uploads\/2026\/04\/bistro-pro-05-1.avif\" data-elementor-open-lightbox=\"yes\" data-elementor-lightbox-slideshow=\"7e5e581\" data-elementor-lightbox-title=\"bistro-pro-05\" data-e-action-hash=\"#elementor-action%3Aaction%3Dlightbox%26settings%3DeyJpZCI6NDI3MTYsInVybCI6Imh0dHBzOlwvXC9jYWZlZ3JhbnNhc3NvLmNvbVwvd3AtY29udGVudFwvdXBsb2Fkc1wvMjAyNlwvMDRcL2Jpc3Ryby1wcm8tMDUtMS5hdmlmIiwic2xpZGVzaG93IjoiN2U1ZTU4MSJ9\">\n\t\t\t\t\t<div class=\"e-gallery-image elementor-gallery-item__image\" data-thumbnail=\"https:\/\/cafegransasso.com\/wp-content\/uploads\/2026\/04\/bistro-pro-05-1.avif\" data-width=\"960\" data-height=\"960\" aria-label=\"\" role=\"img\" ><\/div>\n\t\t\t\t\t\t\t\t\t\t\t<div class=\"elementor-gallery-item__overlay\"><\/div>\n\t\t\t\t\t\t\t\t\t\t\t\t\t\t<\/a>\n\t\t\t\t\t\t\t<a class=\"e-gallery-item elementor-gallery-item elementor-animated-content\" href=\"https:\/\/cafegransasso.com\/wp-content\/uploads\/2026\/04\/bistro-pro-03-1.avif\" data-elementor-open-lightbox=\"yes\" data-elementor-lightbox-slideshow=\"7e5e581\" data-elementor-lightbox-title=\"bistro-pro-03\" data-e-action-hash=\"#elementor-action%3Aaction%3Dlightbox%26settings%3DeyJpZCI6NDI3MTcsInVybCI6Imh0dHBzOlwvXC9jYWZlZ3JhbnNhc3NvLmNvbVwvd3AtY29udGVudFwvdXBsb2Fkc1wvMjAyNlwvMDRcL2Jpc3Ryby1wcm8tMDMtMS5hdmlmIiwic2xpZGVzaG93IjoiN2U1ZTU4MSJ9\">\n\t\t\t\t\t<div class=\"e-gallery-image elementor-gallery-item__image\" data-thumbnail=\"https:\/\/cafegransasso.com\/wp-content\/uploads\/2026\/04\/bistro-pro-03-1.avif\" data-width=\"960\" data-height=\"960\" aria-label=\"\" role=\"img\" ><\/div>\n\t\t\t\t\t\t\t\t\t\t\t<div class=\"elementor-gallery-item__overlay\"><\/div>\n\t\t\t\t\t\t\t\t\t\t\t\t\t\t<\/a>\n\t\t\t\t\t<\/div>\n\t\t\t\t\t<\/div>\n\t\t\t\t<\/div>\n\t\t\t\t\t<\/div>\n\t\t\t\t<\/div>\n\t\t<div class=\"wd-negative-gap elementor-element elementor-element-1a12f52 e-flex e-con-boxed e-con e-parent\" data-id=\"1a12f52\" data-element_type=\"container\" data-e-type=\"container\">\n\t\t\t\t\t<div class=\"e-con-inner\">\n\t\t<div class=\"elementor-element elementor-element-be64470 e-con-full e-flex e-con e-child\" data-id=\"be64470\" data-element_type=\"container\" data-e-type=\"container\">\n\t\t<div class=\"elementor-element elementor-element-8eacbfa e-con-full e-flex e-con e-child\" data-id=\"8eacbfa\" data-element_type=\"container\" data-e-type=\"container\">\n\t\t\t\t<div class=\"elementor-element elementor-element-4730e84 elementor-widget elementor-widget-wd_text_block\" data-id=\"4730e84\" data-element_type=\"widget\" data-e-type=\"widget\" data-widget_type=\"wd_text_block.default\">\n\t\t\t\t<div class=\"elementor-widget-container\">\n\t\t\t\t\t\t\t<div class=\"wd-text-block reset-last-child text-left\">\n\t\t\t\n\t\t\t<p><strong>Caract\u00e9ristiques principales :<\/strong><\/p><ul><li><strong>24 boissons sp\u00e9cialis\u00e9es<\/strong> sur simple pression d\u2019un bouton<\/li><li><strong>Cappuccino une touche<\/strong> avec une mousse de lait parfaitement textur\u00e9e<\/li><li><strong>Syst\u00e8me de moussage du lait automatique<\/strong> pour un r\u00e9sultat de qualit\u00e9 barista<\/li><li><strong>Intensit\u00e9 du caf\u00e9 ajustable<\/strong> (6 \u2013 16 g) pour une extraction personnalis\u00e9e<\/li><li><strong>Recettes programmables<\/strong> selon vos pr\u00e9f\u00e9rences<\/li><li><strong>R\u00e9glage de la temp\u00e9rature<\/strong> pour un \u00e9quilibre optimal des saveurs<\/li><li class=\" translation-block\"><strong>Technologie de pr\u00e9-infusion<\/strong> pour rehausser l\u2019ar\u00f4me et le corps<\/li><li><strong>Option caf\u00e9 moulu<\/strong> pour plus de polyvalence<\/li><li><strong>Fonction boissons froides<\/strong><\/li><li><strong>\u00c9cran tactile intuitif de 7 po<\/strong> pour une navigation simple<\/li><li><strong>Connectivit\u00e9 Wi-Fi<\/strong> pour plus de commodit\u00e9<\/li><li><strong>Raccordement direct \u00e0 l\u2019eau<\/strong> pour un service continu<\/li><li><strong>Cycles automatiques de nettoyage et de rin\u00e7age<\/strong><\/li><li><strong>Syst\u00e8me de d\u00e9tartrage automatique<\/strong><\/li><li><strong>Mode \u00e9conomie d\u2019\u00e9nergie<\/strong><\/li><\/ul>\n\t\t\t\t\t<\/div>\n\t\t\t\t\t\t<\/div>\n\t\t\t\t<\/div>\n\t\t\t\t<\/div>\n\t\t\t\t<\/div>\n\t\t<div class=\"elementor-element elementor-element-90dd8ee e-con-full e-flex e-con e-child\" data-id=\"90dd8ee\" data-element_type=\"container\" data-e-type=\"container\">\n\t\t<div class=\"elementor-element elementor-element-2365cf1 e-con-full e-flex e-con e-child\" data-id=\"2365cf1\" data-element_type=\"container\" data-e-type=\"container\">\n\t\t\t\t<div class=\"elementor-element elementor-element-1c294ea elementor-widget elementor-widget-wd_text_block\" data-id=\"1c294ea\" data-element_type=\"widget\" data-e-type=\"widget\" data-widget_type=\"wd_text_block.default\">\n\t\t\t\t<div class=\"elementor-widget-container\">\n\t\t\t\t\t\t\t<div class=\"wd-text-block reset-last-child text-left\">\n\t\t\t\n\t\t\t<p><strong>Sp\u00e9cifications :<\/strong><\/p><p><strong>Dimensions et poids<\/strong><\/p><ul><li><strong>Dimensions:<\/strong> 501 \u00d7 280 \u00d7 511 mm (19.7\" \u00d7 11\" \u00d7 20.1\")<\/li><li><strong>Poids :<\/strong> 15.51 kg (34.2 lbs)<\/li><li><strong>Hauteur maximale des tasses :<\/strong> 160 mm<\/li><\/ul><p><strong>Capacit\u00e9<\/strong><\/p><ul><li><strong>R\u00e9servoir d\u2019eau :<\/strong> 4 L<\/li><li><strong>Contenant \u00e0 grains :<\/strong> 1200 g<\/li><li><strong>Bac \u00e0 marc :<\/strong> 30 portions<\/li><\/ul><p><strong>Syst\u00e8me d\u2019infusion<\/strong><\/p><ul><li><strong>Syst\u00e8me :<\/strong> Thermoblock avec chaudi\u00e8re vapeur de 1 L<\/li><li><strong>Pression de la pompe :<\/strong> 15 bars<\/li><li><strong>Pr\u00e9-infusion :<\/strong> Oui<\/li><\/ul><p><strong>Moulin<\/strong><\/p><ul><li><strong>Type:<\/strong> Meules en c\u00e9ramique professionnelles de 64 mm<\/li><li><strong>Niveaux de r\u00e9glage :<\/strong> 13<\/li><\/ul><p><strong>Construction et alimentation<\/strong><\/p><ul><li><strong>Mat\u00e9riaux :<\/strong> Acier inoxydable, thermoplastique et m\u00e9tal<\/li><li><strong>Alimentation :<\/strong> 120 V \/ 60 Hz \u2013 1440 W<\/li><\/ul><p><strong>Suppl\u00e9mentaire<\/strong><\/p><ul><li><strong>Wi-Fi :<\/strong> Oui<\/li><li><strong>Mode \u00e9conomie d\u2019\u00e9nergie :<\/strong> Oui<\/li><\/ul>\n\t\t\t\t\t<\/div>\n\t\t\t\t\t\t<\/div>\n\t\t\t\t<\/div>\n\t\t\t\t<\/div>\n\t\t\t\t<\/div>\n\t\t\t\t\t<\/div>\n\t\t\t\t<\/div>\n\t\t\t\t<\/div>","protected":false},"excerpt":{"rendered":"<p>BELLUCCI BISTRO PRO Crafted for those who demand excellence in every cup, this fully automatic coffee machine combines Italian-inspired design<\/p>","protected":false},"author":1345,"featured_media":0,"parent":17193,"menu_order":0,"comment_status":"closed","ping_status":"closed","template":"","meta":{"footnotes":""},"class_list":["post-42738","page","type-page","status-publish","hentry"],"yoast_head":"<!-- This site is optimized with the Yoast SEO plugin v27.3 - https:\/\/yoast.com\/product\/yoast-seo-wordpress\/ -->\n<title>Belluccci Bistro Pro - Cafe Gran Sasso<\/title>\n<meta name=\"description\" content=\"Elegant and powerful it delivers a wide range of specialty beverages with precision, making it the perfect solution for your office space.\" \/>\n<meta name=\"robots\" content=\"index, follow, max-snippet:-1, max-image-preview:large, max-video-preview:-1\" \/>\n<link rel=\"canonical\" href=\"https:\/\/cafegransasso.com\/fr\/equipment\/belluccci-bistro-bar\/\" \/>\n<meta property=\"og:locale\" content=\"fr_FR\" \/>\n<meta property=\"og:type\" content=\"article\" \/>\n<meta property=\"og:title\" content=\"Belluccci Bistro Pro - Cafe Gran Sasso\" \/>\n<meta property=\"og:description\" content=\"Elegant and powerful it delivers a wide range of specialty beverages with precision, making it the perfect solution for your office space.\" \/>\n<meta property=\"og:url\" content=\"https:\/\/cafegransasso.com\/fr\/equipment\/belluccci-bistro-bar\/\" \/>\n<meta property=\"og:site_name\" content=\"Cafe Gran Sasso\" \/>\n<meta property=\"article:publisher\" content=\"https:\/\/www.facebook.com\/CafeGranSasso\/\" \/>\n<meta property=\"article:modified_time\" content=\"2026-04-09T19:37:46+00:00\" \/>\n<meta property=\"og:image\" content=\"https:\/\/cafegransasso.com\/wp-content\/uploads\/2026\/04\/bistro-pro-01-1.avif\" \/>\n<meta name=\"twitter:card\" content=\"summary_large_image\" \/>\n<meta name=\"twitter:label1\" content=\"Est. reading time\" \/>\n\t<meta name=\"twitter:data1\" content=\"2 minutes\" \/>\n<script type=\"application\/ld+json\" class=\"yoast-schema-graph\">{\"@context\":\"https:\\\/\\\/schema.org\",\"@graph\":[{\"@type\":\"WebPage\",\"@id\":\"https:\\\/\\\/cafegransasso.com\\\/equipment\\\/belluccci-bistro-bar\\\/\",\"url\":\"https:\\\/\\\/cafegransasso.com\\\/equipment\\\/belluccci-bistro-bar\\\/\",\"name\":\"Belluccci Bistro Pro - Cafe Gran Sasso\",\"isPartOf\":{\"@id\":\"https:\\\/\\\/cafegransasso.com\\\/#website\"},\"primaryImageOfPage\":{\"@id\":\"https:\\\/\\\/cafegransasso.com\\\/equipment\\\/belluccci-bistro-bar\\\/#primaryimage\"},\"image\":{\"@id\":\"https:\\\/\\\/cafegransasso.com\\\/equipment\\\/belluccci-bistro-bar\\\/#primaryimage\"},\"thumbnailUrl\":\"https:\\\/\\\/cafegransasso.com\\\/wp-content\\\/uploads\\\/2026\\\/04\\\/bistro-pro-01-1.avif\",\"datePublished\":\"2026-04-09T18:47:01+00:00\",\"dateModified\":\"2026-04-09T19:37:46+00:00\",\"description\":\"Elegant and powerful it delivers a wide range of specialty beverages with precision, making it the perfect solution for your office space.\",\"breadcrumb\":{\"@id\":\"https:\\\/\\\/cafegransasso.com\\\/equipment\\\/belluccci-bistro-bar\\\/#breadcrumb\"},\"inLanguage\":\"fr-ca\",\"potentialAction\":[{\"@type\":\"ReadAction\",\"target\":[\"https:\\\/\\\/cafegransasso.com\\\/equipment\\\/belluccci-bistro-bar\\\/\"]}]},{\"@type\":\"ImageObject\",\"inLanguage\":\"fr-ca\",\"@id\":\"https:\\\/\\\/cafegransasso.com\\\/equipment\\\/belluccci-bistro-bar\\\/#primaryimage\",\"url\":\"https:\\\/\\\/cafegransasso.com\\\/wp-content\\\/uploads\\\/2026\\\/04\\\/bistro-pro-01-1.avif\",\"contentUrl\":\"https:\\\/\\\/cafegransasso.com\\\/wp-content\\\/uploads\\\/2026\\\/04\\\/bistro-pro-01-1.avif\"},{\"@type\":\"BreadcrumbList\",\"@id\":\"https:\\\/\\\/cafegransasso.com\\\/equipment\\\/belluccci-bistro-bar\\\/#breadcrumb\",\"itemListElement\":[{\"@type\":\"ListItem\",\"position\":1,\"name\":\"Home\",\"item\":\"https:\\\/\\\/cafegransasso.com\\\/\"},{\"@type\":\"ListItem\",\"position\":2,\"name\":\"Equipment\",\"item\":\"https:\\\/\\\/cafegransasso.com\\\/equipment\\\/\"},{\"@type\":\"ListItem\",\"position\":3,\"name\":\"Belluccci Bistro Pro\"}]},{\"@type\":\"WebSite\",\"@id\":\"https:\\\/\\\/cafegransasso.com\\\/#website\",\"url\":\"https:\\\/\\\/cafegransasso.com\\\/\",\"name\":\"Cafe Gran Sasso\",\"description\":\"From Bean to Brew: Coffee Solutions for Businesses.\",\"publisher\":{\"@id\":\"https:\\\/\\\/cafegransasso.com\\\/#organization\"},\"potentialAction\":[{\"@type\":\"SearchAction\",\"target\":{\"@type\":\"EntryPoint\",\"urlTemplate\":\"https:\\\/\\\/cafegransasso.com\\\/?s={search_term_string}\"},\"query-input\":{\"@type\":\"PropertyValueSpecification\",\"valueRequired\":true,\"valueName\":\"search_term_string\"}}],\"inLanguage\":\"fr-ca\"},{\"@type\":\"Organization\",\"@id\":\"https:\\\/\\\/cafegransasso.com\\\/#organization\",\"name\":\"Cafe Gran Sasso\",\"url\":\"https:\\\/\\\/cafegransasso.com\\\/\",\"logo\":{\"@type\":\"ImageObject\",\"inLanguage\":\"fr-ca\",\"@id\":\"https:\\\/\\\/cafegransasso.com\\\/#\\\/schema\\\/logo\\\/image\\\/\",\"url\":\"https:\\\/\\\/cafegransasso.com\\\/wp-content\\\/uploads\\\/2024\\\/09\\\/GS-logo-Red-1-removebg-preview.png\",\"contentUrl\":\"https:\\\/\\\/cafegransasso.com\\\/wp-content\\\/uploads\\\/2024\\\/09\\\/GS-logo-Red-1-removebg-preview.png\",\"width\":360,\"height\":149,\"caption\":\"Cafe Gran Sasso\"},\"image\":{\"@id\":\"https:\\\/\\\/cafegransasso.com\\\/#\\\/schema\\\/logo\\\/image\\\/\"},\"sameAs\":[\"https:\\\/\\\/www.facebook.com\\\/CafeGranSasso\\\/\",\"https:\\\/\\\/www.instagram.com\\\/cafe_gransasso\\\/\"]}]}<\/script>\n<!-- \/ Yoast SEO plugin. -->","yoast_head_json":{"title":"Belluccci Bistro Pro - Cafe Gran Sasso","description":"Elegant and powerful it delivers a wide range of specialty beverages with precision, making it the perfect solution for your office space.","robots":{"index":"index","follow":"follow","max-snippet":"max-snippet:-1","max-image-preview":"max-image-preview:large","max-video-preview":"max-video-preview:-1"},"canonical":"https:\/\/cafegransasso.com\/fr\/equipment\/belluccci-bistro-bar\/","og_locale":"fr_FR","og_type":"article","og_title":"Belluccci Bistro Pro - Cafe Gran Sasso","og_description":"Elegant and powerful it delivers a wide range of specialty beverages with precision, making it the perfect solution for your office space.","og_url":"https:\/\/cafegransasso.com\/fr\/equipment\/belluccci-bistro-bar\/","og_site_name":"Cafe Gran Sasso","article_publisher":"https:\/\/www.facebook.com\/CafeGranSasso\/","article_modified_time":"2026-04-09T19:37:46+00:00","og_image":[{"url":"https:\/\/cafegransasso.com\/wp-content\/uploads\/2026\/04\/bistro-pro-01-1.avif","type":"","width":"","height":""}],"twitter_card":"summary_large_image","twitter_misc":{"Est. reading time":"2 minutes"},"schema":{"@context":"https:\/\/schema.org","@graph":[{"@type":"WebPage","@id":"https:\/\/cafegransasso.com\/equipment\/belluccci-bistro-bar\/","url":"https:\/\/cafegransasso.com\/equipment\/belluccci-bistro-bar\/","name":"Belluccci Bistro Pro - Cafe Gran Sasso","isPartOf":{"@id":"https:\/\/cafegransasso.com\/#website"},"primaryImageOfPage":{"@id":"https:\/\/cafegransasso.com\/equipment\/belluccci-bistro-bar\/#primaryimage"},"image":{"@id":"https:\/\/cafegransasso.com\/equipment\/belluccci-bistro-bar\/#primaryimage"},"thumbnailUrl":"https:\/\/cafegransasso.com\/wp-content\/uploads\/2026\/04\/bistro-pro-01-1.avif","datePublished":"2026-04-09T18:47:01+00:00","dateModified":"2026-04-09T19:37:46+00:00","description":"Elegant and powerful it delivers a wide range of specialty beverages with precision, making it the perfect solution for your office space.","breadcrumb":{"@id":"https:\/\/cafegransasso.com\/equipment\/belluccci-bistro-bar\/#breadcrumb"},"inLanguage":"fr-ca","potentialAction":[{"@type":"ReadAction","target":["https:\/\/cafegransasso.com\/equipment\/belluccci-bistro-bar\/"]}]},{"@type":"ImageObject","inLanguage":"fr-ca","@id":"https:\/\/cafegransasso.com\/equipment\/belluccci-bistro-bar\/#primaryimage","url":"https:\/\/cafegransasso.com\/wp-content\/uploads\/2026\/04\/bistro-pro-01-1.avif","contentUrl":"https:\/\/cafegransasso.com\/wp-content\/uploads\/2026\/04\/bistro-pro-01-1.avif"},{"@type":"BreadcrumbList","@id":"https:\/\/cafegransasso.com\/equipment\/belluccci-bistro-bar\/#breadcrumb","itemListElement":[{"@type":"ListItem","position":1,"name":"Home","item":"https:\/\/cafegransasso.com\/"},{"@type":"ListItem","position":2,"name":"Equipment","item":"https:\/\/cafegransasso.com\/equipment\/"},{"@type":"ListItem","position":3,"name":"Belluccci Bistro Pro"}]},{"@type":"WebSite","@id":"https:\/\/cafegransasso.com\/#website","url":"https:\/\/cafegransasso.com\/","name":"Cafe Gran Sasso","description":"From Bean to Brew: Coffee Solutions for Businesses.","publisher":{"@id":"https:\/\/cafegransasso.com\/#organization"},"potentialAction":[{"@type":"SearchAction","target":{"@type":"EntryPoint","urlTemplate":"https:\/\/cafegransasso.com\/?s={search_term_string}"},"query-input":{"@type":"PropertyValueSpecification","valueRequired":true,"valueName":"search_term_string"}}],"inLanguage":"fr-ca"},{"@type":"Organization","@id":"https:\/\/cafegransasso.com\/#organization","name":"Cafe Gran Sasso","url":"https:\/\/cafegransasso.com\/","logo":{"@type":"ImageObject","inLanguage":"fr-ca","@id":"https:\/\/cafegransasso.com\/#\/schema\/logo\/image\/","url":"https:\/\/cafegransasso.com\/wp-content\/uploads\/2024\/09\/GS-logo-Red-1-removebg-preview.png","contentUrl":"https:\/\/cafegransasso.com\/wp-content\/uploads\/2024\/09\/GS-logo-Red-1-removebg-preview.png","width":360,"height":149,"caption":"Cafe Gran Sasso"},"image":{"@id":"https:\/\/cafegransasso.com\/#\/schema\/logo\/image\/"},"sameAs":["https:\/\/www.facebook.com\/CafeGranSasso\/","https:\/\/www.instagram.com\/cafe_gransasso\/"]}]}},"_links":{"self":[{"href":"https:\/\/cafegransasso.com\/fr\/wp-json\/wp\/v2\/pages\/42738","targetHints":{"allow":["GET"]}}],"collection":[{"href":"https:\/\/cafegransasso.com\/fr\/wp-json\/wp\/v2\/pages"}],"about":[{"href":"https:\/\/cafegransasso.com\/fr\/wp-json\/wp\/v2\/types\/page"}],"author":[{"embeddable":true,"href":"https:\/\/cafegransasso.com\/fr\/wp-json\/wp\/v2\/users\/1345"}],"replies":[{"embeddable":true,"href":"https:\/\/cafegransasso.com\/fr\/wp-json\/wp\/v2\/comments?post=42738"}],"version-history":[{"count":14,"href":"https:\/\/cafegransasso.com\/fr\/wp-json\/wp\/v2\/pages\/42738\/revisions"}],"predecessor-version":[{"id":42768,"href":"https:\/\/cafegransasso.com\/fr\/wp-json\/wp\/v2\/pages\/42738\/revisions\/42768"}],"up":[{"embeddable":true,"href":"https:\/\/cafegransasso.com\/fr\/wp-json\/wp\/v2\/pages\/17193"}],"wp:attachment":[{"href":"https:\/\/cafegransasso.com\/fr\/wp-json\/wp\/v2\/media?parent=42738"}],"curies":[{"name":"wp","href":"https:\/\/api.w.org\/{rel}","templated":true}]}}