{"id":42758,"date":"2026-04-09T15:24:12","date_gmt":"2026-04-09T19:24:12","guid":{"rendered":"https:\/\/cafegransasso.com\/?page_id=42758"},"modified":"2026-04-09T15:38:28","modified_gmt":"2026-04-09T19:38:28","slug":"bellucci-twin-plus","status":"publish","type":"page","link":"https:\/\/cafegransasso.com\/fr\/equipment\/bellucci-twin-plus\/","title":{"rendered":"Bellucci Twin Plus"},"content":{"rendered":"<div data-elementor-type=\"wp-page\" data-elementor-id=\"42758\" class=\"elementor elementor-42758\" data-elementor-post-type=\"page\">\n\t\t\t\t<div class=\"elementor-element elementor-element-49bcbc0 e-con-full e-flex e-con e-parent\" data-id=\"49bcbc0\" data-element_type=\"container\" data-e-type=\"container\">\n\t\t<div class=\"elementor-element elementor-element-c1bb04d e-con-full e-flex e-con e-child\" data-id=\"c1bb04d\" data-element_type=\"container\" data-e-type=\"container\">\n\t\t\t\t<div class=\"elementor-element elementor-element-7fbaa4b wd-width-100 elementor-widget elementor-widget-wd_images_gallery\" data-id=\"7fbaa4b\" data-element_type=\"widget\" data-e-type=\"widget\" data-widget_type=\"wd_images_gallery.default\">\n\t\t\t\t<div class=\"elementor-widget-container\">\n\t\t\t\t\t\t\t<div class=\"wd-images-gallery photoswipe-images\" style=\"--wd-align-items:center; --wd-justify-content:center;\">\n\t\t\t\t\t\t<div class=\"wd-grid-g\" style=\"--wd-col-lg:1;--wd-col-md:1;--wd-col-sm:1;--wd-gap-lg:30px;--wd-gap-sm:10px;\" >\n\t\t\t\t\t\t\t\t\t\t\t\t\t\t\t\t\t\t<div class=\"wd-gallery-item wd-col\">\n\t\t\t\t\t\t\t\t\t\t\t\t\t<a  href=\"https:\/\/cafegransasso.com\/wp-content\/uploads\/2026\/04\/bel-twinplus-01-1.avif\" data-width=\"960\" data-height=\"960\" data-index=\"1\" data-elementor-open-lightbox=\"no\">\n\t\t\t\t\t\t\n\t\t\t\t\t\t<img loading=\"lazy\" decoding=\"async\" width=\"960\" height=\"960\" src=\"https:\/\/cafegransasso.com\/wp-content\/uploads\/2026\/04\/bel-twinplus-01-1.avif\" class=\"attachment-full size-full\" alt=\"bel-twinplus-01\" srcset=\"https:\/\/cafegransasso.com\/wp-content\/uploads\/2026\/04\/bel-twinplus-01-1.avif 960w, https:\/\/cafegransasso.com\/wp-content\/uploads\/2026\/04\/bel-twinplus-01-1-300x300.jpg 300w, https:\/\/cafegransasso.com\/wp-content\/uploads\/2026\/04\/bel-twinplus-01-1-800x800.jpg 800w, https:\/\/cafegransasso.com\/wp-content\/uploads\/2026\/04\/bel-twinplus-01-1-150x150.jpg 150w, https:\/\/cafegransasso.com\/wp-content\/uploads\/2026\/04\/bel-twinplus-01-1-768x768.jpg 768w, https:\/\/cafegransasso.com\/wp-content\/uploads\/2026\/04\/bel-twinplus-01-1-12x12.jpg 12w, https:\/\/cafegransasso.com\/wp-content\/uploads\/2026\/04\/bel-twinplus-01-1-600x600.jpg 600w, https:\/\/cafegransasso.com\/wp-content\/uploads\/2026\/04\/bel-twinplus-01-1-75x75.jpg 75w\" sizes=\"auto, (max-width: 960px) 100vw, 960px\" \/>\n\t\t\t\t\t\t\t\t\t\t\t\t\t<\/a>\n\t\t\t\t\t\t\t\t\t\t\t<\/div>\n\t\t\t\t\t\t\t\t\t\t\t\t\t<\/div>\n\t\t\t\t\t<\/div>\n\t\t\t\t\t\t<\/div>\n\t\t\t\t<\/div>\n\t\t\t\t<\/div>\n\t\t<div class=\"elementor-element elementor-element-51a647b e-con-full e-flex e-con e-child\" data-id=\"51a647b\" data-element_type=\"container\" data-e-type=\"container\">\n\t\t\t\t<div class=\"elementor-element elementor-element-59fc0de wd-width-100 elementor-widget elementor-widget-wd_title\" data-id=\"59fc0de\" data-element_type=\"widget\" data-e-type=\"widget\" data-widget_type=\"wd_title.default\">\n\t\t\t\t<div class=\"elementor-widget-container\">\n\t\t\t\t\t\t\t<div class=\"title-wrapper wd-set-mb reset-last-child wd-title-color-default wd-title-style-default wd-title-size-extra-large text-left\">\n\n\t\t\t\n\t\t\t<div class=\"liner-continer\">\n\t\t\t\t<h4 class=\"woodmart-title-container title wd-fontsize-xxxl\">BELLUCCI TWIN PLUS<\/h4> \n\t\t\t\t\t\t\t<\/div>\n\n\t\t\t\t\t<\/div>\n\t\t\t\t\t\t<\/div>\n\t\t\t\t<\/div>\n\t\t\t\t<div class=\"elementor-element elementor-element-0228c68 elementor-widget elementor-widget-wd_text_block\" data-id=\"0228c68\" data-element_type=\"widget\" data-e-type=\"widget\" data-widget_type=\"wd_text_block.default\">\n\t\t\t\t<div class=\"elementor-widget-container\">\n\t\t\t\t\t\t\t<div class=\"wd-text-block reset-last-child text-left color-#989898 color-scheme-custom\">\n\t\t\t\n\t\t\t<p>Con\u00e7ue pour les environnements \u00e0 forte demande, la Twin Plus offre une performance exceptionnelle, une grande polyvalence et une constance remarquable dans chaque tasse. Dot\u00e9e de moulins doubles, de chaudi\u00e8res doubles et d\u2019options de personnalisation avanc\u00e9es, cette machine est pens\u00e9e pour g\u00e9rer un service intensif tout en maintenant une qualit\u00e9 haut de gamme. Id\u00e9ale pour les bureaux et les environnements libre-service, elle allie puissance et automatisation intelligente.<\/p>\n\t\t\t\t\t<\/div>\n\t\t\t\t\t\t<\/div>\n\t\t\t\t<\/div>\n\t\t<div class=\"elementor-element elementor-element-b65d232 e-con-full e-flex e-con e-child\" data-id=\"b65d232\" data-element_type=\"container\" data-e-type=\"container\">\n\t\t<div class=\"elementor-element elementor-element-fda012a e-con-full e-flex e-con e-child\" data-id=\"fda012a\" data-element_type=\"container\" data-e-type=\"container\">\n\t\t\t\t<div class=\"elementor-element elementor-element-c10b972 elementor-widget elementor-widget-wd_button\" data-id=\"c10b972\" data-element_type=\"widget\" data-e-type=\"widget\" data-widget_type=\"wd_button.default\">\n\t\t\t\t<div class=\"elementor-widget-container\">\n\t\t\t\t\t\t\t<div class=\"wd-button-wrapper text-left\" >\n\t\t\t<a class=\"btn btn-style-default btn-shape-rectangle btn-size-default btn-color-black btn-icon-pos-right\"  href=\"https:\/\/cafegransasso.com\/fr\/shop\/keurig-eccellenza-touch-bean-to-cup-single-cup-coffee-maker\/\">\n\t\t\t\t<span class=\"wd-btn-text\" data-elementor-setting-key=\"text\">\n\t\t\t\t\tACHETER MAINTENANT\t\t\t\t<\/span>\n\n\t\t\t\t\t\t\t<\/a>\n\t\t<\/div>\n\t\t\t\t\t\t<\/div>\n\t\t\t\t<\/div>\n\t\t\t\t<\/div>\n\t\t\t\t<\/div>\n\t\t\t\t<\/div>\n\t\t\t\t<\/div>\n\t\t<div class=\"wd-negative-gap elementor-element elementor-element-5be250f e-flex e-con-boxed e-con e-parent\" data-id=\"5be250f\" data-element_type=\"container\" data-e-type=\"container\">\n\t\t\t\t\t<div class=\"e-con-inner\">\n\t\t\t\t<div class=\"elementor-element elementor-element-7e5e581 elementor-widget elementor-widget-gallery\" data-id=\"7e5e581\" data-element_type=\"widget\" data-e-type=\"widget\" data-settings=\"{&quot;aspect_ratio&quot;:&quot;1:1&quot;,&quot;lazyload&quot;:&quot;yes&quot;,&quot;gallery_layout&quot;:&quot;grid&quot;,&quot;columns&quot;:4,&quot;columns_tablet&quot;:2,&quot;columns_mobile&quot;:1,&quot;gap&quot;:{&quot;unit&quot;:&quot;px&quot;,&quot;size&quot;:10,&quot;sizes&quot;:[]},&quot;gap_tablet&quot;:{&quot;unit&quot;:&quot;px&quot;,&quot;size&quot;:10,&quot;sizes&quot;:[]},&quot;gap_mobile&quot;:{&quot;unit&quot;:&quot;px&quot;,&quot;size&quot;:10,&quot;sizes&quot;:[]},&quot;link_to&quot;:&quot;file&quot;,&quot;overlay_background&quot;:&quot;yes&quot;,&quot;content_hover_animation&quot;:&quot;fade-in&quot;}\" data-widget_type=\"gallery.default\">\n\t\t\t\t<div class=\"elementor-widget-container\">\n\t\t\t\t\t\t\t<div class=\"elementor-gallery__container\">\n\t\t\t\t\t\t\t<a class=\"e-gallery-item elementor-gallery-item elementor-animated-content\" href=\"https:\/\/cafegransasso.com\/wp-content\/uploads\/2026\/04\/bel-twinplus-02-1.avif\" data-elementor-open-lightbox=\"yes\" data-elementor-lightbox-slideshow=\"7e5e581\" data-elementor-lightbox-title=\"bel-twinplus-02\" data-e-action-hash=\"#elementor-action%3Aaction%3Dlightbox%26settings%3DeyJpZCI6NDI3MTksInVybCI6Imh0dHBzOlwvXC9jYWZlZ3JhbnNhc3NvLmNvbVwvd3AtY29udGVudFwvdXBsb2Fkc1wvMjAyNlwvMDRcL2JlbC10d2lucGx1cy0wMi0xLmF2aWYiLCJzbGlkZXNob3ciOiI3ZTVlNTgxIn0%3D\">\n\t\t\t\t\t<div class=\"e-gallery-image elementor-gallery-item__image\" data-thumbnail=\"https:\/\/cafegransasso.com\/wp-content\/uploads\/2026\/04\/bel-twinplus-02-1.avif\" data-width=\"960\" data-height=\"960\" aria-label=\"\" role=\"img\" ><\/div>\n\t\t\t\t\t\t\t\t\t\t\t<div class=\"elementor-gallery-item__overlay\"><\/div>\n\t\t\t\t\t\t\t\t\t\t\t\t\t\t<\/a>\n\t\t\t\t\t<\/div>\n\t\t\t\t\t<\/div>\n\t\t\t\t<\/div>\n\t\t\t\t\t<\/div>\n\t\t\t\t<\/div>\n\t\t<div class=\"wd-negative-gap elementor-element elementor-element-1a12f52 e-flex e-con-boxed e-con e-parent\" data-id=\"1a12f52\" data-element_type=\"container\" data-e-type=\"container\">\n\t\t\t\t\t<div class=\"e-con-inner\">\n\t\t<div class=\"elementor-element elementor-element-be64470 e-con-full e-flex e-con e-child\" data-id=\"be64470\" data-element_type=\"container\" data-e-type=\"container\">\n\t\t<div class=\"elementor-element elementor-element-8eacbfa e-con-full e-flex e-con e-child\" data-id=\"8eacbfa\" data-element_type=\"container\" data-e-type=\"container\">\n\t\t\t\t<div class=\"elementor-element elementor-element-4730e84 elementor-widget elementor-widget-wd_text_block\" data-id=\"4730e84\" data-element_type=\"widget\" data-e-type=\"widget\" data-widget_type=\"wd_text_block.default\">\n\t\t\t\t<div class=\"elementor-widget-container\">\n\t\t\t\t\t\t\t<div class=\"wd-text-block reset-last-child text-left\">\n\t\t\t\n\t\t\t<p><strong>Caract\u00e9ristiques principales :<\/strong><\/p><ul><li><strong>32 boissons sp\u00e9cialis\u00e9es<\/strong> pour un menu \u00e9tendu<\/li><li><strong>Deux contenants \u00e0 grains<\/strong> (2 \u00d7 700 g) pour plus de vari\u00e9t\u00e9<\/li><li><strong>Cappuccino une touche<\/strong> avec moussage automatique du lait<\/li><li><strong>Syst\u00e8me automatique de nettoyage du lait<\/strong> pour plus d\u2019hygi\u00e8ne<\/li><li><strong>Intensit\u00e9 du caf\u00e9 ajustable<\/strong> (6 \u2013 21 g) pour une extraction pr\u00e9cise<\/li><li><strong>Recettes programmables<\/strong> pour une personnalisation compl\u00e8te<\/li><li><strong>R\u00e9glage de la temp\u00e9rature<\/strong><\/li><li><strong>Technologie de pr\u00e9-infusion<\/strong> pour une meilleure extraction des saveurs<\/li><li><strong>\u00c9cran tactile couleur de 10,1 po<\/strong> pour un contr\u00f4le intuitif<\/li><li><strong>Connectivit\u00e9 Wi-Fi<\/strong><\/li><li><strong>Int\u00e9gration possible d\u2019un syst\u00e8me de paiement<\/strong><\/li><li><strong>Raccordement direct \u00e0 l\u2019eau ou alimentation par bonbonne<\/strong><\/li><li><strong>Cycles automatiques de nettoyage et de rin\u00e7age<\/strong><\/li><li><strong>Syst\u00e8me de d\u00e9tartrage automatique<\/strong><\/li><li><strong>Distributeur d\u2019eau chaude<\/strong><\/li><li><strong>Mode barista ou mode OCS (libre-service)<\/strong><\/li><li><strong>Syst\u00e8me de produits solubles<\/strong> avec 2 contenants (2 \u00d7 1,8 L)<\/li><li><strong>Capteurs de contenants vides<\/strong><\/li><li><strong>Mode \u00e9conomie d\u2019\u00e9nergie<\/strong><\/li><\/ul>\n\t\t\t\t\t<\/div>\n\t\t\t\t\t\t<\/div>\n\t\t\t\t<\/div>\n\t\t\t\t<\/div>\n\t\t\t\t<\/div>\n\t\t<div class=\"elementor-element elementor-element-90dd8ee e-con-full e-flex e-con e-child\" data-id=\"90dd8ee\" data-element_type=\"container\" data-e-type=\"container\">\n\t\t<div class=\"elementor-element elementor-element-2365cf1 e-con-full e-flex e-con e-child\" data-id=\"2365cf1\" data-element_type=\"container\" data-e-type=\"container\">\n\t\t\t\t<div class=\"elementor-element elementor-element-1c294ea elementor-widget elementor-widget-wd_text_block\" data-id=\"1c294ea\" data-element_type=\"widget\" data-e-type=\"widget\" data-widget_type=\"wd_text_block.default\">\n\t\t\t\t<div class=\"elementor-widget-container\">\n\t\t\t\t\t\t\t<div class=\"wd-text-block reset-last-child text-left\">\n\t\t\t\n\t\t\t<p><strong>Sp\u00e9cifications :<\/strong><\/p><p><strong>Dimensions et poids<\/strong><\/p><ul><li><strong>Dimensions:<\/strong> 540 \u00d7 401 \u00d7 661 mm (21.25\" \u00d7 15.75\" \u00d7 26\")<\/li><li><strong>Poids :<\/strong> 30 kg (66.13 lbs)<\/li><li><strong>Hauteur maximale des tasses :<\/strong> 85 \u2013 165 mm<\/li><\/ul><p><strong>Capacit\u00e9<\/strong><\/p><ul><li><strong>Contenants \u00e0 grains :<\/strong> 2 \u00d7 700 g<\/li><li><strong>Bac \u00e0 marc :<\/strong> 50 portions<\/li><li><strong>Contenants solubles :<\/strong> 2 \u00d7 1.8 L<\/li><\/ul><p><strong>Syst\u00e8me d\u2019infusion<\/strong><\/p><ul><li><strong>Chaudi\u00e8res :<\/strong> 2 chaudi\u00e8res en acier inoxydable (1 L chacune)<\/li><li><strong>Pression de la pompe :<\/strong> 15 bars<\/li><li><strong>Pr\u00e9-infusion :<\/strong> Oui<\/li><li><strong>Groupe d\u2019infusion amovible :<\/strong> jusqu\u2019\u00e0 21 g<\/li><\/ul><p><strong>Moulin<\/strong><\/p><ul><li><strong>Type:<\/strong> Meules en c\u00e9ramique de 54 mm<\/li><\/ul><p><strong>Construction et alimentation<\/strong><\/p><ul><li><strong>Mat\u00e9riaux :<\/strong> Plastique robuste<\/li><li><strong>Alimentation :<\/strong> 120 V \/ 60 Hz \u2013 1440 W<\/li><li><strong>Type de prise :<\/strong> Standard 120 V<\/li><\/ul><p><strong>Fonctionnement et connectivit\u00e9<\/strong><\/p><ul><li><strong>Panneau de contr\u00f4le :<\/strong> \u00e9cran tactile couleur de 10,1 po<\/li><li><strong>Wi-Fi :<\/strong> Oui<\/li><li><strong>Raccordement \u00e0 l\u2019eau :<\/strong> Oui (ou bonbonne 18 L en option)<\/li><li><strong>Payment System:<\/strong> optionnel<\/li><\/ul><p><strong>Suppl\u00e9mentaire<\/strong><\/p><ul><li><strong>Nettoyage automatique du lait :<\/strong> Oui<\/li><li><strong>Mode \u00e9conomie d\u2019\u00e9nergie :<\/strong> Oui<\/li><li><strong>Capacit\u00e9 de production :<\/strong> jusqu\u2019\u00e0 500 kg<\/li><\/ul>\n\t\t\t\t\t<\/div>\n\t\t\t\t\t\t<\/div>\n\t\t\t\t<\/div>\n\t\t\t\t<\/div>\n\t\t\t\t<\/div>\n\t\t\t\t\t<\/div>\n\t\t\t\t<\/div>\n\t\t\t\t<\/div>","protected":false},"excerpt":{"rendered":"<p>BELLUCCI TWIN PLUS Engineered for high-demand environments, the Twin Plus delivers exceptional performance, versatility, and consistency in every cup. With<\/p>","protected":false},"author":1345,"featured_media":0,"parent":17193,"menu_order":0,"comment_status":"closed","ping_status":"closed","template":"","meta":{"footnotes":""},"class_list":["post-42758","page","type-page","status-publish","hentry"],"yoast_head":"<!-- This site is optimized with the Yoast SEO plugin v27.3 - https:\/\/yoast.com\/product\/yoast-seo-wordpress\/ -->\n<title>Bellucci Twin Plus - Cafe Gran Sasso<\/title>\n<meta name=\"description\" content=\"Engineered for high-demand environments, the Twin Plus delivers exceptional performance, versatility, and consistency in every cup.\" \/>\n<meta name=\"robots\" content=\"index, follow, max-snippet:-1, max-image-preview:large, max-video-preview:-1\" \/>\n<link rel=\"canonical\" href=\"https:\/\/cafegransasso.com\/fr\/equipment\/bellucci-twin-plus\/\" \/>\n<meta property=\"og:locale\" content=\"fr_FR\" \/>\n<meta property=\"og:type\" content=\"article\" \/>\n<meta property=\"og:title\" content=\"Bellucci Twin Plus - Cafe Gran Sasso\" \/>\n<meta property=\"og:description\" content=\"Engineered for high-demand environments, the Twin Plus delivers exceptional performance, versatility, and consistency in every cup.\" \/>\n<meta property=\"og:url\" content=\"https:\/\/cafegransasso.com\/fr\/equipment\/bellucci-twin-plus\/\" \/>\n<meta property=\"og:site_name\" content=\"Cafe Gran Sasso\" \/>\n<meta property=\"article:publisher\" content=\"https:\/\/www.facebook.com\/CafeGranSasso\/\" \/>\n<meta property=\"article:modified_time\" content=\"2026-04-09T19:38:28+00:00\" \/>\n<meta property=\"og:image\" content=\"https:\/\/cafegransasso.com\/wp-content\/uploads\/2026\/04\/bel-twinplus-01-1.avif\" \/>\n<meta name=\"twitter:card\" content=\"summary_large_image\" \/>\n<meta name=\"twitter:label1\" content=\"Est. reading time\" \/>\n\t<meta name=\"twitter:data1\" content=\"2 minutes\" \/>\n<script type=\"application\/ld+json\" class=\"yoast-schema-graph\">{\"@context\":\"https:\\\/\\\/schema.org\",\"@graph\":[{\"@type\":\"WebPage\",\"@id\":\"https:\\\/\\\/cafegransasso.com\\\/equipment\\\/bellucci-twin-plus\\\/\",\"url\":\"https:\\\/\\\/cafegransasso.com\\\/equipment\\\/bellucci-twin-plus\\\/\",\"name\":\"Bellucci Twin Plus - Cafe Gran Sasso\",\"isPartOf\":{\"@id\":\"https:\\\/\\\/cafegransasso.com\\\/#website\"},\"primaryImageOfPage\":{\"@id\":\"https:\\\/\\\/cafegransasso.com\\\/equipment\\\/bellucci-twin-plus\\\/#primaryimage\"},\"image\":{\"@id\":\"https:\\\/\\\/cafegransasso.com\\\/equipment\\\/bellucci-twin-plus\\\/#primaryimage\"},\"thumbnailUrl\":\"https:\\\/\\\/cafegransasso.com\\\/wp-content\\\/uploads\\\/2026\\\/04\\\/bel-twinplus-01-1.avif\",\"datePublished\":\"2026-04-09T19:24:12+00:00\",\"dateModified\":\"2026-04-09T19:38:28+00:00\",\"description\":\"Engineered for high-demand environments, the Twin Plus delivers exceptional performance, versatility, and consistency in every cup.\",\"breadcrumb\":{\"@id\":\"https:\\\/\\\/cafegransasso.com\\\/equipment\\\/bellucci-twin-plus\\\/#breadcrumb\"},\"inLanguage\":\"fr-ca\",\"potentialAction\":[{\"@type\":\"ReadAction\",\"target\":[\"https:\\\/\\\/cafegransasso.com\\\/equipment\\\/bellucci-twin-plus\\\/\"]}]},{\"@type\":\"ImageObject\",\"inLanguage\":\"fr-ca\",\"@id\":\"https:\\\/\\\/cafegransasso.com\\\/equipment\\\/bellucci-twin-plus\\\/#primaryimage\",\"url\":\"https:\\\/\\\/cafegransasso.com\\\/wp-content\\\/uploads\\\/2026\\\/04\\\/bel-twinplus-01-1.avif\",\"contentUrl\":\"https:\\\/\\\/cafegransasso.com\\\/wp-content\\\/uploads\\\/2026\\\/04\\\/bel-twinplus-01-1.avif\"},{\"@type\":\"BreadcrumbList\",\"@id\":\"https:\\\/\\\/cafegransasso.com\\\/equipment\\\/bellucci-twin-plus\\\/#breadcrumb\",\"itemListElement\":[{\"@type\":\"ListItem\",\"position\":1,\"name\":\"Home\",\"item\":\"https:\\\/\\\/cafegransasso.com\\\/\"},{\"@type\":\"ListItem\",\"position\":2,\"name\":\"Equipment\",\"item\":\"https:\\\/\\\/cafegransasso.com\\\/equipment\\\/\"},{\"@type\":\"ListItem\",\"position\":3,\"name\":\"Bellucci Twin Plus\"}]},{\"@type\":\"WebSite\",\"@id\":\"https:\\\/\\\/cafegransasso.com\\\/#website\",\"url\":\"https:\\\/\\\/cafegransasso.com\\\/\",\"name\":\"Cafe Gran Sasso\",\"description\":\"From Bean to Brew: Coffee Solutions for Businesses.\",\"publisher\":{\"@id\":\"https:\\\/\\\/cafegransasso.com\\\/#organization\"},\"potentialAction\":[{\"@type\":\"SearchAction\",\"target\":{\"@type\":\"EntryPoint\",\"urlTemplate\":\"https:\\\/\\\/cafegransasso.com\\\/?s={search_term_string}\"},\"query-input\":{\"@type\":\"PropertyValueSpecification\",\"valueRequired\":true,\"valueName\":\"search_term_string\"}}],\"inLanguage\":\"fr-ca\"},{\"@type\":\"Organization\",\"@id\":\"https:\\\/\\\/cafegransasso.com\\\/#organization\",\"name\":\"Cafe Gran Sasso\",\"url\":\"https:\\\/\\\/cafegransasso.com\\\/\",\"logo\":{\"@type\":\"ImageObject\",\"inLanguage\":\"fr-ca\",\"@id\":\"https:\\\/\\\/cafegransasso.com\\\/#\\\/schema\\\/logo\\\/image\\\/\",\"url\":\"https:\\\/\\\/cafegransasso.com\\\/wp-content\\\/uploads\\\/2024\\\/09\\\/GS-logo-Red-1-removebg-preview.png\",\"contentUrl\":\"https:\\\/\\\/cafegransasso.com\\\/wp-content\\\/uploads\\\/2024\\\/09\\\/GS-logo-Red-1-removebg-preview.png\",\"width\":360,\"height\":149,\"caption\":\"Cafe Gran Sasso\"},\"image\":{\"@id\":\"https:\\\/\\\/cafegransasso.com\\\/#\\\/schema\\\/logo\\\/image\\\/\"},\"sameAs\":[\"https:\\\/\\\/www.facebook.com\\\/CafeGranSasso\\\/\",\"https:\\\/\\\/www.instagram.com\\\/cafe_gransasso\\\/\"]}]}<\/script>\n<!-- \/ Yoast SEO plugin. -->","yoast_head_json":{"title":"Bellucci Twin Plus - Cafe Gran Sasso","description":"Engineered for high-demand environments, the Twin Plus delivers exceptional performance, versatility, and consistency in every cup.","robots":{"index":"index","follow":"follow","max-snippet":"max-snippet:-1","max-image-preview":"max-image-preview:large","max-video-preview":"max-video-preview:-1"},"canonical":"https:\/\/cafegransasso.com\/fr\/equipment\/bellucci-twin-plus\/","og_locale":"fr_FR","og_type":"article","og_title":"Bellucci Twin Plus - Cafe Gran Sasso","og_description":"Engineered for high-demand environments, the Twin Plus delivers exceptional performance, versatility, and consistency in every cup.","og_url":"https:\/\/cafegransasso.com\/fr\/equipment\/bellucci-twin-plus\/","og_site_name":"Cafe Gran Sasso","article_publisher":"https:\/\/www.facebook.com\/CafeGranSasso\/","article_modified_time":"2026-04-09T19:38:28+00:00","og_image":[{"url":"https:\/\/cafegransasso.com\/wp-content\/uploads\/2026\/04\/bel-twinplus-01-1.avif","type":"","width":"","height":""}],"twitter_card":"summary_large_image","twitter_misc":{"Est. reading time":"2 minutes"},"schema":{"@context":"https:\/\/schema.org","@graph":[{"@type":"WebPage","@id":"https:\/\/cafegransasso.com\/equipment\/bellucci-twin-plus\/","url":"https:\/\/cafegransasso.com\/equipment\/bellucci-twin-plus\/","name":"Bellucci Twin Plus - Cafe Gran Sasso","isPartOf":{"@id":"https:\/\/cafegransasso.com\/#website"},"primaryImageOfPage":{"@id":"https:\/\/cafegransasso.com\/equipment\/bellucci-twin-plus\/#primaryimage"},"image":{"@id":"https:\/\/cafegransasso.com\/equipment\/bellucci-twin-plus\/#primaryimage"},"thumbnailUrl":"https:\/\/cafegransasso.com\/wp-content\/uploads\/2026\/04\/bel-twinplus-01-1.avif","datePublished":"2026-04-09T19:24:12+00:00","dateModified":"2026-04-09T19:38:28+00:00","description":"Engineered for high-demand environments, the Twin Plus delivers exceptional performance, versatility, and consistency in every cup.","breadcrumb":{"@id":"https:\/\/cafegransasso.com\/equipment\/bellucci-twin-plus\/#breadcrumb"},"inLanguage":"fr-ca","potentialAction":[{"@type":"ReadAction","target":["https:\/\/cafegransasso.com\/equipment\/bellucci-twin-plus\/"]}]},{"@type":"ImageObject","inLanguage":"fr-ca","@id":"https:\/\/cafegransasso.com\/equipment\/bellucci-twin-plus\/#primaryimage","url":"https:\/\/cafegransasso.com\/wp-content\/uploads\/2026\/04\/bel-twinplus-01-1.avif","contentUrl":"https:\/\/cafegransasso.com\/wp-content\/uploads\/2026\/04\/bel-twinplus-01-1.avif"},{"@type":"BreadcrumbList","@id":"https:\/\/cafegransasso.com\/equipment\/bellucci-twin-plus\/#breadcrumb","itemListElement":[{"@type":"ListItem","position":1,"name":"Home","item":"https:\/\/cafegransasso.com\/"},{"@type":"ListItem","position":2,"name":"Equipment","item":"https:\/\/cafegransasso.com\/equipment\/"},{"@type":"ListItem","position":3,"name":"Bellucci Twin Plus"}]},{"@type":"WebSite","@id":"https:\/\/cafegransasso.com\/#website","url":"https:\/\/cafegransasso.com\/","name":"Cafe Gran Sasso","description":"From Bean to Brew: Coffee Solutions for Businesses.","publisher":{"@id":"https:\/\/cafegransasso.com\/#organization"},"potentialAction":[{"@type":"SearchAction","target":{"@type":"EntryPoint","urlTemplate":"https:\/\/cafegransasso.com\/?s={search_term_string}"},"query-input":{"@type":"PropertyValueSpecification","valueRequired":true,"valueName":"search_term_string"}}],"inLanguage":"fr-ca"},{"@type":"Organization","@id":"https:\/\/cafegransasso.com\/#organization","name":"Cafe Gran Sasso","url":"https:\/\/cafegransasso.com\/","logo":{"@type":"ImageObject","inLanguage":"fr-ca","@id":"https:\/\/cafegransasso.com\/#\/schema\/logo\/image\/","url":"https:\/\/cafegransasso.com\/wp-content\/uploads\/2024\/09\/GS-logo-Red-1-removebg-preview.png","contentUrl":"https:\/\/cafegransasso.com\/wp-content\/uploads\/2024\/09\/GS-logo-Red-1-removebg-preview.png","width":360,"height":149,"caption":"Cafe Gran Sasso"},"image":{"@id":"https:\/\/cafegransasso.com\/#\/schema\/logo\/image\/"},"sameAs":["https:\/\/www.facebook.com\/CafeGranSasso\/","https:\/\/www.instagram.com\/cafe_gransasso\/"]}]}},"_links":{"self":[{"href":"https:\/\/cafegransasso.com\/fr\/wp-json\/wp\/v2\/pages\/42758","targetHints":{"allow":["GET"]}}],"collection":[{"href":"https:\/\/cafegransasso.com\/fr\/wp-json\/wp\/v2\/pages"}],"about":[{"href":"https:\/\/cafegransasso.com\/fr\/wp-json\/wp\/v2\/types\/page"}],"author":[{"embeddable":true,"href":"https:\/\/cafegransasso.com\/fr\/wp-json\/wp\/v2\/users\/1345"}],"replies":[{"embeddable":true,"href":"https:\/\/cafegransasso.com\/fr\/wp-json\/wp\/v2\/comments?post=42758"}],"version-history":[{"count":7,"href":"https:\/\/cafegransasso.com\/fr\/wp-json\/wp\/v2\/pages\/42758\/revisions"}],"predecessor-version":[{"id":42766,"href":"https:\/\/cafegransasso.com\/fr\/wp-json\/wp\/v2\/pages\/42758\/revisions\/42766"}],"up":[{"embeddable":true,"href":"https:\/\/cafegransasso.com\/fr\/wp-json\/wp\/v2\/pages\/17193"}],"wp:attachment":[{"href":"https:\/\/cafegransasso.com\/fr\/wp-json\/wp\/v2\/media?parent=42758"}],"curies":[{"name":"wp","href":"https:\/\/api.w.org\/{rel}","templated":true}]}}