{"id":10232,"date":"2016-01-15T12:30:55","date_gmt":"2016-01-15T17:30:55","guid":{"rendered":"http:\/\/demo4.aikitech.ca\/shop\/starbucks-veranda-blend-coffee\/"},"modified":"2025-11-13T11:26:53","modified_gmt":"2025-11-13T16:26:53","slug":"starbucks-veranda-blend-coffee","status":"publish","type":"product","link":"https:\/\/cafegransasso.com\/fr\/shop\/starbucks-veranda-blend-coffee\/","title":{"rendered":"STARBUCKS\u00ae \u2013 M\u00e9lange Nordique"},"content":{"rendered":"<div class=\"summary\">\n<div class=\"summary\">\n<div class=\"summary\">\n<div class=\"summary\">\n<div class=\"summary translation-block\">Quarante ans d'expertise dans la torr\u00e9faction du caf\u00e9 ont inspir\u00e9 nos ma\u00eetres torr\u00e9facteurs pour mettre au point la torr\u00e9faction Starbucks Blonde\u00ae, une version plus l\u00e9g\u00e8re et plus douce de la torr\u00e9faction Starbucks\u00ae. La torr\u00e9faction plus courte de ce m\u00e9lange de f\u00e8ves d'Am\u00e9rique latine sp\u00e9cialement s\u00e9lectionn\u00e9es permet aux nuances d\u00e9licates de cacao doux et de noix l\u00e9g\u00e8rement grill\u00e9es de s'\u00e9panouir. Savoureux sans \u00eatre trop audacieux, le m\u00e9lange True North de Starbucks\u00ae donne une tasse d\u00e9licieusement gracieuse, parfaite pour accueillir des amis ou saluer une nouvelle journ\u00e9e.<\/div>\n<div class=\"attributes\"><\/div>\n<\/div>\n<\/div>\n<\/div>\n<\/div>","protected":false},"excerpt":{"rendered":"<p>Forty years of coffee-roasting expertise inspired our master roasters to perfect Starbucks\u00aeBlonde roast\u2014a lighter, gentler take on the Starbucks\u00ae Roast.<\/p>","protected":false},"featured_media":12735,"comment_status":"open","ping_status":"closed","template":"","meta":[],"product_brand":[],"product_cat":[641,191],"product_tag":[308,307,406,494,793],"class_list":{"0":"post-10232","1":"product","2":"type-product","3":"status-publish","4":"has-post-thumbnail","6":"product_cat-single-serve","7":"product_cat-keurig-pods","8":"product_tag-k-cup","9":"product_tag-keurig","10":"product_tag-light","11":"product_tag-starbucks","12":"product_tag-true-north","14":"first","15":"instock","16":"purchasable","17":"product-type-simple"},"yoast_head":"<!-- This site is optimized with the Yoast SEO plugin v26.6 - https:\/\/yoast.com\/wordpress\/plugins\/seo\/ -->\n<title>STARBUCKS\u00ae \u2013 True North Blend - Cafe Gran Sasso<\/title>\n<meta name=\"robots\" content=\"index, follow, max-snippet:-1, max-image-preview:large, max-video-preview:-1\" \/>\n<link rel=\"canonical\" href=\"https:\/\/cafegransasso.com\/fr\/shop\/starbucks-veranda-blend-coffee\/\" \/>\n<meta property=\"og:locale\" content=\"fr_FR\" \/>\n<meta property=\"og:type\" content=\"article\" \/>\n<meta property=\"og:title\" content=\"STARBUCKS\u00ae \u2013 True North Blend - Cafe Gran Sasso\" \/>\n<meta property=\"og:description\" content=\"Forty years of coffee-roasting expertise inspired our master roasters to perfect Starbucks\u00aeBlonde roast\u2014a lighter, gentler take on the Starbucks\u00ae Roast.\" \/>\n<meta property=\"og:url\" content=\"https:\/\/cafegransasso.com\/fr\/shop\/starbucks-veranda-blend-coffee\/\" \/>\n<meta property=\"og:site_name\" content=\"Cafe Gran Sasso\" \/>\n<meta property=\"article:publisher\" content=\"https:\/\/www.facebook.com\/CafeGranSasso\/\" \/>\n<meta property=\"article:modified_time\" content=\"2025-11-13T16:26:53+00:00\" \/>\n<meta property=\"og:image\" content=\"https:\/\/cafegransasso.com\/wp-content\/uploads\/2016\/01\/Starbucks_True-North-Blend-01.jpg\" \/>\n\t<meta property=\"og:image:width\" content=\"789\" \/>\n\t<meta property=\"og:image:height\" content=\"790\" \/>\n\t<meta property=\"og:image:type\" content=\"image\/jpeg\" \/>\n<meta name=\"twitter:card\" content=\"summary_large_image\" \/>\n<script type=\"application\/ld+json\" class=\"yoast-schema-graph\">{\"@context\":\"https:\/\/schema.org\",\"@graph\":[{\"@type\":\"WebPage\",\"@id\":\"https:\/\/cafegransasso.com\/shop\/starbucks-veranda-blend-coffee\/\",\"url\":\"https:\/\/cafegransasso.com\/shop\/starbucks-veranda-blend-coffee\/\",\"name\":\"STARBUCKS\u00ae \u2013 True North Blend - Cafe Gran Sasso\",\"isPartOf\":{\"@id\":\"https:\/\/cafegransasso.com\/#website\"},\"primaryImageOfPage\":{\"@id\":\"https:\/\/cafegransasso.com\/shop\/starbucks-veranda-blend-coffee\/#primaryimage\"},\"image\":{\"@id\":\"https:\/\/cafegransasso.com\/shop\/starbucks-veranda-blend-coffee\/#primaryimage\"},\"thumbnailUrl\":\"https:\/\/cafegransasso.com\/wp-content\/uploads\/2016\/01\/Starbucks_True-North-Blend-01.jpg\",\"datePublished\":\"2016-01-15T17:30:55+00:00\",\"dateModified\":\"2025-11-13T16:26:53+00:00\",\"breadcrumb\":{\"@id\":\"https:\/\/cafegransasso.com\/shop\/starbucks-veranda-blend-coffee\/#breadcrumb\"},\"inLanguage\":\"fr-ca\",\"potentialAction\":[{\"@type\":\"ReadAction\",\"target\":[\"https:\/\/cafegransasso.com\/shop\/starbucks-veranda-blend-coffee\/\"]}]},{\"@type\":\"ImageObject\",\"inLanguage\":\"fr-ca\",\"@id\":\"https:\/\/cafegransasso.com\/shop\/starbucks-veranda-blend-coffee\/#primaryimage\",\"url\":\"https:\/\/cafegransasso.com\/wp-content\/uploads\/2016\/01\/Starbucks_True-North-Blend-01.jpg\",\"contentUrl\":\"https:\/\/cafegransasso.com\/wp-content\/uploads\/2016\/01\/Starbucks_True-North-Blend-01.jpg\",\"width\":789,\"height\":790},{\"@type\":\"BreadcrumbList\",\"@id\":\"https:\/\/cafegransasso.com\/shop\/starbucks-veranda-blend-coffee\/#breadcrumb\",\"itemListElement\":[{\"@type\":\"ListItem\",\"position\":1,\"name\":\"Home\",\"item\":\"https:\/\/cafegransasso.com\/\"},{\"@type\":\"ListItem\",\"position\":2,\"name\":\"Shop\",\"item\":\"https:\/\/cafegransasso.com\/premium-office-coffee-and-accessories\/\"},{\"@type\":\"ListItem\",\"position\":3,\"name\":\"STARBUCKS\u00ae \u2013 True North Blend\"}]},{\"@type\":\"WebSite\",\"@id\":\"https:\/\/cafegransasso.com\/#website\",\"url\":\"https:\/\/cafegransasso.com\/\",\"name\":\"Cafe Gran Sasso\",\"description\":\"From Bean to Brew: Coffee Solutions for Businesses.\",\"publisher\":{\"@id\":\"https:\/\/cafegransasso.com\/#organization\"},\"potentialAction\":[{\"@type\":\"SearchAction\",\"target\":{\"@type\":\"EntryPoint\",\"urlTemplate\":\"https:\/\/cafegransasso.com\/?s={search_term_string}\"},\"query-input\":{\"@type\":\"PropertyValueSpecification\",\"valueRequired\":true,\"valueName\":\"search_term_string\"}}],\"inLanguage\":\"fr-ca\"},{\"@type\":\"Organization\",\"@id\":\"https:\/\/cafegransasso.com\/#organization\",\"name\":\"Cafe Gran Sasso\",\"url\":\"https:\/\/cafegransasso.com\/\",\"logo\":{\"@type\":\"ImageObject\",\"inLanguage\":\"fr-ca\",\"@id\":\"https:\/\/cafegransasso.com\/#\/schema\/logo\/image\/\",\"url\":\"https:\/\/cafegransasso.com\/wp-content\/uploads\/2024\/09\/GS-logo-Red-1-removebg-preview.png\",\"contentUrl\":\"https:\/\/cafegransasso.com\/wp-content\/uploads\/2024\/09\/GS-logo-Red-1-removebg-preview.png\",\"width\":360,\"height\":149,\"caption\":\"Cafe Gran Sasso\"},\"image\":{\"@id\":\"https:\/\/cafegransasso.com\/#\/schema\/logo\/image\/\"},\"sameAs\":[\"https:\/\/www.facebook.com\/CafeGranSasso\/\",\"https:\/\/www.instagram.com\/cafe_gransasso\/\"]}]}<\/script>\n<!-- \/ Yoast SEO plugin. -->","yoast_head_json":{"title":"STARBUCKS\u00ae \u2013 True North Blend - Cafe Gran Sasso","robots":{"index":"index","follow":"follow","max-snippet":"max-snippet:-1","max-image-preview":"max-image-preview:large","max-video-preview":"max-video-preview:-1"},"canonical":"https:\/\/cafegransasso.com\/fr\/shop\/starbucks-veranda-blend-coffee\/","og_locale":"fr_FR","og_type":"article","og_title":"STARBUCKS\u00ae \u2013 True North Blend - Cafe Gran Sasso","og_description":"Forty years of coffee-roasting expertise inspired our master roasters to perfect Starbucks\u00aeBlonde roast\u2014a lighter, gentler take on the Starbucks\u00ae Roast.","og_url":"https:\/\/cafegransasso.com\/fr\/shop\/starbucks-veranda-blend-coffee\/","og_site_name":"Cafe Gran Sasso","article_publisher":"https:\/\/www.facebook.com\/CafeGranSasso\/","article_modified_time":"2025-11-13T16:26:53+00:00","og_image":[{"width":789,"height":790,"url":"https:\/\/cafegransasso.com\/wp-content\/uploads\/2016\/01\/Starbucks_True-North-Blend-01.jpg","type":"image\/jpeg"}],"twitter_card":"summary_large_image","schema":{"@context":"https:\/\/schema.org","@graph":[{"@type":"WebPage","@id":"https:\/\/cafegransasso.com\/shop\/starbucks-veranda-blend-coffee\/","url":"https:\/\/cafegransasso.com\/shop\/starbucks-veranda-blend-coffee\/","name":"STARBUCKS\u00ae \u2013 True North Blend - Cafe Gran Sasso","isPartOf":{"@id":"https:\/\/cafegransasso.com\/#website"},"primaryImageOfPage":{"@id":"https:\/\/cafegransasso.com\/shop\/starbucks-veranda-blend-coffee\/#primaryimage"},"image":{"@id":"https:\/\/cafegransasso.com\/shop\/starbucks-veranda-blend-coffee\/#primaryimage"},"thumbnailUrl":"https:\/\/cafegransasso.com\/wp-content\/uploads\/2016\/01\/Starbucks_True-North-Blend-01.jpg","datePublished":"2016-01-15T17:30:55+00:00","dateModified":"2025-11-13T16:26:53+00:00","breadcrumb":{"@id":"https:\/\/cafegransasso.com\/shop\/starbucks-veranda-blend-coffee\/#breadcrumb"},"inLanguage":"fr-ca","potentialAction":[{"@type":"ReadAction","target":["https:\/\/cafegransasso.com\/shop\/starbucks-veranda-blend-coffee\/"]}]},{"@type":"ImageObject","inLanguage":"fr-ca","@id":"https:\/\/cafegransasso.com\/shop\/starbucks-veranda-blend-coffee\/#primaryimage","url":"https:\/\/cafegransasso.com\/wp-content\/uploads\/2016\/01\/Starbucks_True-North-Blend-01.jpg","contentUrl":"https:\/\/cafegransasso.com\/wp-content\/uploads\/2016\/01\/Starbucks_True-North-Blend-01.jpg","width":789,"height":790},{"@type":"BreadcrumbList","@id":"https:\/\/cafegransasso.com\/shop\/starbucks-veranda-blend-coffee\/#breadcrumb","itemListElement":[{"@type":"ListItem","position":1,"name":"Home","item":"https:\/\/cafegransasso.com\/"},{"@type":"ListItem","position":2,"name":"Shop","item":"https:\/\/cafegransasso.com\/premium-office-coffee-and-accessories\/"},{"@type":"ListItem","position":3,"name":"STARBUCKS\u00ae \u2013 True North Blend"}]},{"@type":"WebSite","@id":"https:\/\/cafegransasso.com\/#website","url":"https:\/\/cafegransasso.com\/","name":"Cafe Gran Sasso","description":"From Bean to Brew: Coffee Solutions for Businesses.","publisher":{"@id":"https:\/\/cafegransasso.com\/#organization"},"potentialAction":[{"@type":"SearchAction","target":{"@type":"EntryPoint","urlTemplate":"https:\/\/cafegransasso.com\/?s={search_term_string}"},"query-input":{"@type":"PropertyValueSpecification","valueRequired":true,"valueName":"search_term_string"}}],"inLanguage":"fr-ca"},{"@type":"Organization","@id":"https:\/\/cafegransasso.com\/#organization","name":"Cafe Gran Sasso","url":"https:\/\/cafegransasso.com\/","logo":{"@type":"ImageObject","inLanguage":"fr-ca","@id":"https:\/\/cafegransasso.com\/#\/schema\/logo\/image\/","url":"https:\/\/cafegransasso.com\/wp-content\/uploads\/2024\/09\/GS-logo-Red-1-removebg-preview.png","contentUrl":"https:\/\/cafegransasso.com\/wp-content\/uploads\/2024\/09\/GS-logo-Red-1-removebg-preview.png","width":360,"height":149,"caption":"Cafe Gran Sasso"},"image":{"@id":"https:\/\/cafegransasso.com\/#\/schema\/logo\/image\/"},"sameAs":["https:\/\/www.facebook.com\/CafeGranSasso\/","https:\/\/www.instagram.com\/cafe_gransasso\/"]}]}},"_links":{"self":[{"href":"https:\/\/cafegransasso.com\/fr\/wp-json\/wp\/v2\/product\/10232","targetHints":{"allow":["GET"]}}],"collection":[{"href":"https:\/\/cafegransasso.com\/fr\/wp-json\/wp\/v2\/product"}],"about":[{"href":"https:\/\/cafegransasso.com\/fr\/wp-json\/wp\/v2\/types\/product"}],"replies":[{"embeddable":true,"href":"https:\/\/cafegransasso.com\/fr\/wp-json\/wp\/v2\/comments?post=10232"}],"version-history":[{"count":2,"href":"https:\/\/cafegransasso.com\/fr\/wp-json\/wp\/v2\/product\/10232\/revisions"}],"predecessor-version":[{"id":28418,"href":"https:\/\/cafegransasso.com\/fr\/wp-json\/wp\/v2\/product\/10232\/revisions\/28418"}],"wp:featuredmedia":[{"embeddable":true,"href":"https:\/\/cafegransasso.com\/fr\/wp-json\/wp\/v2\/media\/12735"}],"wp:attachment":[{"href":"https:\/\/cafegransasso.com\/fr\/wp-json\/wp\/v2\/media?parent=10232"}],"wp:term":[{"taxonomy":"product_brand","embeddable":true,"href":"https:\/\/cafegransasso.com\/fr\/wp-json\/wp\/v2\/product_brand?post=10232"},{"taxonomy":"product_cat","embeddable":true,"href":"https:\/\/cafegransasso.com\/fr\/wp-json\/wp\/v2\/product_cat?post=10232"},{"taxonomy":"product_tag","embeddable":true,"href":"https:\/\/cafegransasso.com\/fr\/wp-json\/wp\/v2\/product_tag?post=10232"}],"curies":[{"name":"wp","href":"https:\/\/api.w.org\/{rel}","templated":true}]}}