{"id":10302,"date":"2016-01-15T13:35:08","date_gmt":"2016-01-15T18:35:08","guid":{"rendered":"http:\/\/demo4.aikitech.ca\/shop\/laura-secord-mint-hot-chocolate-mix\/"},"modified":"2026-01-27T13:37:00","modified_gmt":"2026-01-27T18:37:00","slug":"laura-secord-mint-hot-chocolate-mix","status":"publish","type":"product","link":"https:\/\/cafegransasso.com\/fr\/shop\/laura-secord-mint-hot-chocolate-mix\/","title":{"rendered":"LAURA SECORD - M\u00e9lange pour Chocolat Chaud \u00e0 la Menthe"},"content":{"rendered":"<div class=\"summary\">\n<div class=\"summary\">\n<div class=\"summary\">\n<div class=\"summary\">\n<p>R\u00e9compensez-vous avec la douceur satisfaisante d'un chocolat au lait cr\u00e9meux, compl\u00e9t\u00e9e par le go\u00fbt frais et croquant de la menthe poivr\u00e9e et de la menthe verte. \u00c9quilibrant habilement confort et raffinement, ce chocolat chaud \u00e0 la menthe vous rappellera la virtuosit\u00e9 du c\u00e9l\u00e8bre chocolatier \u00e0 chaque gorg\u00e9e apaisante.<\/p>\n<p>Contient du lait.<\/p>\n<p>Pour de meilleurs r\u00e9sultats :<\/p>\n<p>1. Conserver \u00e0 temp\u00e9rature ambiante.<\/p>\n<p>2. Utilisez le r\u00e9glage 8 oz. de votre cafeti\u00e8re.<\/p>\n<p>3. Appuyez sur la touche HOT COCOA\/OTHER si votre cafeti\u00e8re dispose de cette option.<\/p>\n<p>4. Apr\u00e8s l'infusion, lancer le cycle d'infusion \u00e0 l'eau chaude sans dosette de boisson.<\/p>\n<\/div>\n<\/div>\n<\/div>\n<\/div>","protected":false},"excerpt":{"rendered":"<p>Reward yourself with the satisfying sweetness of creamy milk chocolate complemented by the cool, crisp taste of peppermint and spearmint.<\/p>","protected":false},"featured_media":26283,"comment_status":"open","ping_status":"closed","template":"","meta":[],"product_brand":[],"product_cat":[656,191,641],"product_tag":[350,308,307,509],"class_list":{"0":"post-10302","1":"product","2":"type-product","3":"status-publish","4":"has-post-thumbnail","6":"product_cat-bulk-deals","7":"product_cat-keurig-pods","8":"product_cat-single-serve","9":"product_tag-chocolate","10":"product_tag-k-cup","11":"product_tag-keurig","12":"product_tag-mint","14":"first","15":"outofstock","16":"shipping-taxable","17":"purchasable","18":"product-type-variable","19":"has-default-attributes"},"yoast_head":"<!-- This site is optimized with the Yoast SEO plugin v27.3 - https:\/\/yoast.com\/product\/yoast-seo-wordpress\/ -->\n<title>LAURA SECORD - Mint Hot Chocolate Mix - Cafe Gran Sasso<\/title>\n<meta name=\"robots\" content=\"index, follow, max-snippet:-1, max-image-preview:large, max-video-preview:-1\" \/>\n<link rel=\"canonical\" href=\"https:\/\/cafegransasso.com\/fr\/shop\/laura-secord-mint-hot-chocolate-mix\/\" \/>\n<meta property=\"og:locale\" content=\"fr_FR\" \/>\n<meta property=\"og:type\" content=\"article\" \/>\n<meta property=\"og:title\" content=\"LAURA SECORD - Mint Hot Chocolate Mix - Cafe Gran Sasso\" \/>\n<meta property=\"og:description\" content=\"Reward yourself with the satisfying sweetness of creamy milk chocolate complemented by the cool, crisp taste of peppermint and spearmint.\" \/>\n<meta property=\"og:url\" content=\"https:\/\/cafegransasso.com\/fr\/shop\/laura-secord-mint-hot-chocolate-mix\/\" \/>\n<meta property=\"og:site_name\" content=\"Cafe Gran Sasso\" \/>\n<meta property=\"article:publisher\" content=\"https:\/\/www.facebook.com\/CafeGranSasso\/\" \/>\n<meta property=\"article:modified_time\" content=\"2026-01-27T18:37:00+00:00\" \/>\n<meta property=\"og:image\" content=\"https:\/\/cafegransasso.com\/wp-content\/uploads\/2016\/01\/LAURA-SECORD-hot-chocolate-mix-mint-380eff33.png\" \/>\n\t<meta property=\"og:image:width\" content=\"2000\" \/>\n\t<meta property=\"og:image:height\" content=\"2000\" \/>\n\t<meta property=\"og:image:type\" content=\"image\/png\" \/>\n<meta name=\"twitter:card\" content=\"summary_large_image\" \/>\n<script type=\"application\/ld+json\" class=\"yoast-schema-graph\">{\"@context\":\"https:\\\/\\\/schema.org\",\"@graph\":[{\"@type\":\"WebPage\",\"@id\":\"https:\\\/\\\/cafegransasso.com\\\/shop\\\/laura-secord-mint-hot-chocolate-mix\\\/\",\"url\":\"https:\\\/\\\/cafegransasso.com\\\/shop\\\/laura-secord-mint-hot-chocolate-mix\\\/\",\"name\":\"LAURA SECORD - Mint Hot Chocolate Mix - Cafe Gran Sasso\",\"isPartOf\":{\"@id\":\"https:\\\/\\\/cafegransasso.com\\\/#website\"},\"primaryImageOfPage\":{\"@id\":\"https:\\\/\\\/cafegransasso.com\\\/shop\\\/laura-secord-mint-hot-chocolate-mix\\\/#primaryimage\"},\"image\":{\"@id\":\"https:\\\/\\\/cafegransasso.com\\\/shop\\\/laura-secord-mint-hot-chocolate-mix\\\/#primaryimage\"},\"thumbnailUrl\":\"https:\\\/\\\/cafegransasso.com\\\/wp-content\\\/uploads\\\/2016\\\/01\\\/LAURA-SECORD-hot-chocolate-mix-mint-380eff33.png\",\"datePublished\":\"2016-01-15T18:35:08+00:00\",\"dateModified\":\"2026-01-27T18:37:00+00:00\",\"breadcrumb\":{\"@id\":\"https:\\\/\\\/cafegransasso.com\\\/shop\\\/laura-secord-mint-hot-chocolate-mix\\\/#breadcrumb\"},\"inLanguage\":\"fr-ca\",\"potentialAction\":[{\"@type\":\"ReadAction\",\"target\":[\"https:\\\/\\\/cafegransasso.com\\\/shop\\\/laura-secord-mint-hot-chocolate-mix\\\/\"]}]},{\"@type\":\"ImageObject\",\"inLanguage\":\"fr-ca\",\"@id\":\"https:\\\/\\\/cafegransasso.com\\\/shop\\\/laura-secord-mint-hot-chocolate-mix\\\/#primaryimage\",\"url\":\"https:\\\/\\\/cafegransasso.com\\\/wp-content\\\/uploads\\\/2016\\\/01\\\/LAURA-SECORD-hot-chocolate-mix-mint-380eff33.png\",\"contentUrl\":\"https:\\\/\\\/cafegransasso.com\\\/wp-content\\\/uploads\\\/2016\\\/01\\\/LAURA-SECORD-hot-chocolate-mix-mint-380eff33.png\",\"width\":2000,\"height\":2000},{\"@type\":\"BreadcrumbList\",\"@id\":\"https:\\\/\\\/cafegransasso.com\\\/shop\\\/laura-secord-mint-hot-chocolate-mix\\\/#breadcrumb\",\"itemListElement\":[{\"@type\":\"ListItem\",\"position\":1,\"name\":\"Home\",\"item\":\"https:\\\/\\\/cafegransasso.com\\\/\"},{\"@type\":\"ListItem\",\"position\":2,\"name\":\"Shop\",\"item\":\"https:\\\/\\\/cafegransasso.com\\\/premium-office-coffee-and-accessories\\\/\"},{\"@type\":\"ListItem\",\"position\":3,\"name\":\"LAURA SECORD &#8211; Mint Hot Chocolate Mix\"}]},{\"@type\":\"WebSite\",\"@id\":\"https:\\\/\\\/cafegransasso.com\\\/#website\",\"url\":\"https:\\\/\\\/cafegransasso.com\\\/\",\"name\":\"Cafe Gran Sasso\",\"description\":\"From Bean to Brew: Coffee Solutions for Businesses.\",\"publisher\":{\"@id\":\"https:\\\/\\\/cafegransasso.com\\\/#organization\"},\"potentialAction\":[{\"@type\":\"SearchAction\",\"target\":{\"@type\":\"EntryPoint\",\"urlTemplate\":\"https:\\\/\\\/cafegransasso.com\\\/?s={search_term_string}\"},\"query-input\":{\"@type\":\"PropertyValueSpecification\",\"valueRequired\":true,\"valueName\":\"search_term_string\"}}],\"inLanguage\":\"fr-ca\"},{\"@type\":\"Organization\",\"@id\":\"https:\\\/\\\/cafegransasso.com\\\/#organization\",\"name\":\"Cafe Gran Sasso\",\"url\":\"https:\\\/\\\/cafegransasso.com\\\/\",\"logo\":{\"@type\":\"ImageObject\",\"inLanguage\":\"fr-ca\",\"@id\":\"https:\\\/\\\/cafegransasso.com\\\/#\\\/schema\\\/logo\\\/image\\\/\",\"url\":\"https:\\\/\\\/cafegransasso.com\\\/wp-content\\\/uploads\\\/2024\\\/09\\\/GS-logo-Red-1-removebg-preview.png\",\"contentUrl\":\"https:\\\/\\\/cafegransasso.com\\\/wp-content\\\/uploads\\\/2024\\\/09\\\/GS-logo-Red-1-removebg-preview.png\",\"width\":360,\"height\":149,\"caption\":\"Cafe Gran Sasso\"},\"image\":{\"@id\":\"https:\\\/\\\/cafegransasso.com\\\/#\\\/schema\\\/logo\\\/image\\\/\"},\"sameAs\":[\"https:\\\/\\\/www.facebook.com\\\/CafeGranSasso\\\/\",\"https:\\\/\\\/www.instagram.com\\\/cafe_gransasso\\\/\"]}]}<\/script>\n<!-- \/ Yoast SEO plugin. -->","yoast_head_json":{"title":"LAURA SECORD - Mint Hot Chocolate Mix - Cafe Gran Sasso","robots":{"index":"index","follow":"follow","max-snippet":"max-snippet:-1","max-image-preview":"max-image-preview:large","max-video-preview":"max-video-preview:-1"},"canonical":"https:\/\/cafegransasso.com\/fr\/shop\/laura-secord-mint-hot-chocolate-mix\/","og_locale":"fr_FR","og_type":"article","og_title":"LAURA SECORD - Mint Hot Chocolate Mix - Cafe Gran Sasso","og_description":"Reward yourself with the satisfying sweetness of creamy milk chocolate complemented by the cool, crisp taste of peppermint and spearmint.","og_url":"https:\/\/cafegransasso.com\/fr\/shop\/laura-secord-mint-hot-chocolate-mix\/","og_site_name":"Cafe Gran Sasso","article_publisher":"https:\/\/www.facebook.com\/CafeGranSasso\/","article_modified_time":"2026-01-27T18:37:00+00:00","og_image":[{"width":2000,"height":2000,"url":"https:\/\/cafegransasso.com\/wp-content\/uploads\/2016\/01\/LAURA-SECORD-hot-chocolate-mix-mint-380eff33.png","type":"image\/png"}],"twitter_card":"summary_large_image","schema":{"@context":"https:\/\/schema.org","@graph":[{"@type":"WebPage","@id":"https:\/\/cafegransasso.com\/shop\/laura-secord-mint-hot-chocolate-mix\/","url":"https:\/\/cafegransasso.com\/shop\/laura-secord-mint-hot-chocolate-mix\/","name":"LAURA SECORD - Mint Hot Chocolate Mix - Cafe Gran Sasso","isPartOf":{"@id":"https:\/\/cafegransasso.com\/#website"},"primaryImageOfPage":{"@id":"https:\/\/cafegransasso.com\/shop\/laura-secord-mint-hot-chocolate-mix\/#primaryimage"},"image":{"@id":"https:\/\/cafegransasso.com\/shop\/laura-secord-mint-hot-chocolate-mix\/#primaryimage"},"thumbnailUrl":"https:\/\/cafegransasso.com\/wp-content\/uploads\/2016\/01\/LAURA-SECORD-hot-chocolate-mix-mint-380eff33.png","datePublished":"2016-01-15T18:35:08+00:00","dateModified":"2026-01-27T18:37:00+00:00","breadcrumb":{"@id":"https:\/\/cafegransasso.com\/shop\/laura-secord-mint-hot-chocolate-mix\/#breadcrumb"},"inLanguage":"fr-ca","potentialAction":[{"@type":"ReadAction","target":["https:\/\/cafegransasso.com\/shop\/laura-secord-mint-hot-chocolate-mix\/"]}]},{"@type":"ImageObject","inLanguage":"fr-ca","@id":"https:\/\/cafegransasso.com\/shop\/laura-secord-mint-hot-chocolate-mix\/#primaryimage","url":"https:\/\/cafegransasso.com\/wp-content\/uploads\/2016\/01\/LAURA-SECORD-hot-chocolate-mix-mint-380eff33.png","contentUrl":"https:\/\/cafegransasso.com\/wp-content\/uploads\/2016\/01\/LAURA-SECORD-hot-chocolate-mix-mint-380eff33.png","width":2000,"height":2000},{"@type":"BreadcrumbList","@id":"https:\/\/cafegransasso.com\/shop\/laura-secord-mint-hot-chocolate-mix\/#breadcrumb","itemListElement":[{"@type":"ListItem","position":1,"name":"Home","item":"https:\/\/cafegransasso.com\/"},{"@type":"ListItem","position":2,"name":"Shop","item":"https:\/\/cafegransasso.com\/premium-office-coffee-and-accessories\/"},{"@type":"ListItem","position":3,"name":"LAURA SECORD &#8211; Mint Hot Chocolate Mix"}]},{"@type":"WebSite","@id":"https:\/\/cafegransasso.com\/#website","url":"https:\/\/cafegransasso.com\/","name":"Cafe Gran Sasso","description":"From Bean to Brew: Coffee Solutions for Businesses.","publisher":{"@id":"https:\/\/cafegransasso.com\/#organization"},"potentialAction":[{"@type":"SearchAction","target":{"@type":"EntryPoint","urlTemplate":"https:\/\/cafegransasso.com\/?s={search_term_string}"},"query-input":{"@type":"PropertyValueSpecification","valueRequired":true,"valueName":"search_term_string"}}],"inLanguage":"fr-ca"},{"@type":"Organization","@id":"https:\/\/cafegransasso.com\/#organization","name":"Cafe Gran Sasso","url":"https:\/\/cafegransasso.com\/","logo":{"@type":"ImageObject","inLanguage":"fr-ca","@id":"https:\/\/cafegransasso.com\/#\/schema\/logo\/image\/","url":"https:\/\/cafegransasso.com\/wp-content\/uploads\/2024\/09\/GS-logo-Red-1-removebg-preview.png","contentUrl":"https:\/\/cafegransasso.com\/wp-content\/uploads\/2024\/09\/GS-logo-Red-1-removebg-preview.png","width":360,"height":149,"caption":"Cafe Gran Sasso"},"image":{"@id":"https:\/\/cafegransasso.com\/#\/schema\/logo\/image\/"},"sameAs":["https:\/\/www.facebook.com\/CafeGranSasso\/","https:\/\/www.instagram.com\/cafe_gransasso\/"]}]}},"_links":{"self":[{"href":"https:\/\/cafegransasso.com\/fr\/wp-json\/wp\/v2\/product\/10302","targetHints":{"allow":["GET"]}}],"collection":[{"href":"https:\/\/cafegransasso.com\/fr\/wp-json\/wp\/v2\/product"}],"about":[{"href":"https:\/\/cafegransasso.com\/fr\/wp-json\/wp\/v2\/types\/product"}],"replies":[{"embeddable":true,"href":"https:\/\/cafegransasso.com\/fr\/wp-json\/wp\/v2\/comments?post=10302"}],"version-history":[{"count":1,"href":"https:\/\/cafegransasso.com\/fr\/wp-json\/wp\/v2\/product\/10302\/revisions"}],"predecessor-version":[{"id":26286,"href":"https:\/\/cafegransasso.com\/fr\/wp-json\/wp\/v2\/product\/10302\/revisions\/26286"}],"wp:featuredmedia":[{"embeddable":true,"href":"https:\/\/cafegransasso.com\/fr\/wp-json\/wp\/v2\/media\/26283"}],"wp:attachment":[{"href":"https:\/\/cafegransasso.com\/fr\/wp-json\/wp\/v2\/media?parent=10302"}],"wp:term":[{"taxonomy":"product_brand","embeddable":true,"href":"https:\/\/cafegransasso.com\/fr\/wp-json\/wp\/v2\/product_brand?post=10302"},{"taxonomy":"product_cat","embeddable":true,"href":"https:\/\/cafegransasso.com\/fr\/wp-json\/wp\/v2\/product_cat?post=10302"},{"taxonomy":"product_tag","embeddable":true,"href":"https:\/\/cafegransasso.com\/fr\/wp-json\/wp\/v2\/product_tag?post=10302"}],"curies":[{"name":"wp","href":"https:\/\/api.w.org\/{rel}","templated":true}]}}