{"id":10321,"date":"2016-01-15T14:18:14","date_gmt":"2016-01-15T19:18:14","guid":{"rendered":"http:\/\/demo4.aikitech.ca\/shop\/laura-secord-hot-chocolate-mix\/"},"modified":"2025-08-15T12:55:51","modified_gmt":"2025-08-15T16:55:51","slug":"laura-secord-hot-chocolate-mix","status":"publish","type":"product","link":"https:\/\/cafegransasso.com\/fr\/shop\/laura-secord-hot-chocolate-mix\/","title":{"rendered":"LAURA SECORD - M\u00e9lange pour Chocolat Chaud"},"content":{"rendered":"<div class=\"summary\">\n<div class=\"summary\">\n<div class=\"summary\">\n<div class=\"summary\">\n<p>Laura Secord signe ce chocolat chaud noir, intense et cr\u00e9meux. Cette boisson riche et raffin\u00e9e vous rappellera la finesse et le savoir-faire de la c\u00e9l\u00e8bre chocolati\u00e8re \u00e0 chaque d\u00e9licieuse gorg\u00e9e.<\/p>\n<p>&nbsp;<\/p>\n<\/div>\n<\/div>\n<\/div>\n<\/div>","protected":false},"excerpt":{"rendered":"<p>Laura Secord signs this dark, intense and creamy hot chocolate. This rich and refined beverage will remind you of the<\/p>","protected":false},"featured_media":26281,"comment_status":"open","ping_status":"closed","template":"","meta":[],"product_brand":[],"product_cat":[656,191,641],"product_tag":[350,511,308,307,631],"class_list":{"0":"post-10321","1":"product","2":"type-product","3":"status-publish","4":"has-post-thumbnail","6":"product_cat-bulk-deals","7":"product_cat-keurig-pods","8":"product_cat-single-serve","9":"product_tag-chocolate","10":"product_tag-hot-chocolate","11":"product_tag-k-cup","12":"product_tag-keurig","13":"product_tag-laura-secord","15":"first","16":"instock","17":"shipping-taxable","18":"purchasable","19":"product-type-variable","20":"has-default-attributes"},"yoast_head":"<!-- This site is optimized with the Yoast SEO plugin v27.3 - https:\/\/yoast.com\/product\/yoast-seo-wordpress\/ -->\n<title>LAURA SECORD - Hot Chocolate Mix - Cafe Gran Sasso<\/title>\n<meta name=\"robots\" content=\"index, follow, max-snippet:-1, max-image-preview:large, max-video-preview:-1\" \/>\n<link rel=\"canonical\" href=\"https:\/\/cafegransasso.com\/fr\/shop\/laura-secord-hot-chocolate-mix\/\" \/>\n<meta property=\"og:locale\" content=\"fr_FR\" \/>\n<meta property=\"og:type\" content=\"article\" \/>\n<meta property=\"og:title\" content=\"LAURA SECORD - Hot Chocolate Mix - Cafe Gran Sasso\" \/>\n<meta property=\"og:description\" content=\"Laura Secord signs this dark, intense and creamy hot chocolate. This rich and refined beverage will remind you of the\" \/>\n<meta property=\"og:url\" content=\"https:\/\/cafegransasso.com\/fr\/shop\/laura-secord-hot-chocolate-mix\/\" \/>\n<meta property=\"og:site_name\" content=\"Cafe Gran Sasso\" \/>\n<meta property=\"article:publisher\" content=\"https:\/\/www.facebook.com\/CafeGranSasso\/\" \/>\n<meta property=\"article:modified_time\" content=\"2025-08-15T16:55:51+00:00\" \/>\n<meta property=\"og:image\" content=\"https:\/\/cafegransasso.com\/wp-content\/uploads\/2016\/01\/LAURA-SECORD-hot-chocolate-mix-classic-4a675122.png\" \/>\n\t<meta property=\"og:image:width\" content=\"2000\" \/>\n\t<meta property=\"og:image:height\" content=\"2000\" \/>\n\t<meta property=\"og:image:type\" content=\"image\/png\" \/>\n<meta name=\"twitter:card\" content=\"summary_large_image\" \/>\n<script type=\"application\/ld+json\" class=\"yoast-schema-graph\">{\"@context\":\"https:\\\/\\\/schema.org\",\"@graph\":[{\"@type\":\"WebPage\",\"@id\":\"https:\\\/\\\/cafegransasso.com\\\/shop\\\/laura-secord-hot-chocolate-mix\\\/\",\"url\":\"https:\\\/\\\/cafegransasso.com\\\/shop\\\/laura-secord-hot-chocolate-mix\\\/\",\"name\":\"LAURA SECORD - Hot Chocolate Mix - Cafe Gran Sasso\",\"isPartOf\":{\"@id\":\"https:\\\/\\\/cafegransasso.com\\\/#website\"},\"primaryImageOfPage\":{\"@id\":\"https:\\\/\\\/cafegransasso.com\\\/shop\\\/laura-secord-hot-chocolate-mix\\\/#primaryimage\"},\"image\":{\"@id\":\"https:\\\/\\\/cafegransasso.com\\\/shop\\\/laura-secord-hot-chocolate-mix\\\/#primaryimage\"},\"thumbnailUrl\":\"https:\\\/\\\/cafegransasso.com\\\/wp-content\\\/uploads\\\/2016\\\/01\\\/LAURA-SECORD-hot-chocolate-mix-classic-4a675122.png\",\"datePublished\":\"2016-01-15T19:18:14+00:00\",\"dateModified\":\"2025-08-15T16:55:51+00:00\",\"breadcrumb\":{\"@id\":\"https:\\\/\\\/cafegransasso.com\\\/shop\\\/laura-secord-hot-chocolate-mix\\\/#breadcrumb\"},\"inLanguage\":\"fr-ca\",\"potentialAction\":[{\"@type\":\"ReadAction\",\"target\":[\"https:\\\/\\\/cafegransasso.com\\\/shop\\\/laura-secord-hot-chocolate-mix\\\/\"]}]},{\"@type\":\"ImageObject\",\"inLanguage\":\"fr-ca\",\"@id\":\"https:\\\/\\\/cafegransasso.com\\\/shop\\\/laura-secord-hot-chocolate-mix\\\/#primaryimage\",\"url\":\"https:\\\/\\\/cafegransasso.com\\\/wp-content\\\/uploads\\\/2016\\\/01\\\/LAURA-SECORD-hot-chocolate-mix-classic-4a675122.png\",\"contentUrl\":\"https:\\\/\\\/cafegransasso.com\\\/wp-content\\\/uploads\\\/2016\\\/01\\\/LAURA-SECORD-hot-chocolate-mix-classic-4a675122.png\",\"width\":2000,\"height\":2000},{\"@type\":\"BreadcrumbList\",\"@id\":\"https:\\\/\\\/cafegransasso.com\\\/shop\\\/laura-secord-hot-chocolate-mix\\\/#breadcrumb\",\"itemListElement\":[{\"@type\":\"ListItem\",\"position\":1,\"name\":\"Home\",\"item\":\"https:\\\/\\\/cafegransasso.com\\\/\"},{\"@type\":\"ListItem\",\"position\":2,\"name\":\"Shop\",\"item\":\"https:\\\/\\\/cafegransasso.com\\\/premium-office-coffee-and-accessories\\\/\"},{\"@type\":\"ListItem\",\"position\":3,\"name\":\"LAURA SECORD &#8211; Hot Chocolate Mix\"}]},{\"@type\":\"WebSite\",\"@id\":\"https:\\\/\\\/cafegransasso.com\\\/#website\",\"url\":\"https:\\\/\\\/cafegransasso.com\\\/\",\"name\":\"Cafe Gran Sasso\",\"description\":\"From Bean to Brew: Coffee Solutions for Businesses.\",\"publisher\":{\"@id\":\"https:\\\/\\\/cafegransasso.com\\\/#organization\"},\"potentialAction\":[{\"@type\":\"SearchAction\",\"target\":{\"@type\":\"EntryPoint\",\"urlTemplate\":\"https:\\\/\\\/cafegransasso.com\\\/?s={search_term_string}\"},\"query-input\":{\"@type\":\"PropertyValueSpecification\",\"valueRequired\":true,\"valueName\":\"search_term_string\"}}],\"inLanguage\":\"fr-ca\"},{\"@type\":\"Organization\",\"@id\":\"https:\\\/\\\/cafegransasso.com\\\/#organization\",\"name\":\"Cafe Gran Sasso\",\"url\":\"https:\\\/\\\/cafegransasso.com\\\/\",\"logo\":{\"@type\":\"ImageObject\",\"inLanguage\":\"fr-ca\",\"@id\":\"https:\\\/\\\/cafegransasso.com\\\/#\\\/schema\\\/logo\\\/image\\\/\",\"url\":\"https:\\\/\\\/cafegransasso.com\\\/wp-content\\\/uploads\\\/2024\\\/09\\\/GS-logo-Red-1-removebg-preview.png\",\"contentUrl\":\"https:\\\/\\\/cafegransasso.com\\\/wp-content\\\/uploads\\\/2024\\\/09\\\/GS-logo-Red-1-removebg-preview.png\",\"width\":360,\"height\":149,\"caption\":\"Cafe Gran Sasso\"},\"image\":{\"@id\":\"https:\\\/\\\/cafegransasso.com\\\/#\\\/schema\\\/logo\\\/image\\\/\"},\"sameAs\":[\"https:\\\/\\\/www.facebook.com\\\/CafeGranSasso\\\/\",\"https:\\\/\\\/www.instagram.com\\\/cafe_gransasso\\\/\"]}]}<\/script>\n<!-- \/ Yoast SEO plugin. -->","yoast_head_json":{"title":"LAURA SECORD - Hot Chocolate Mix - Cafe Gran Sasso","robots":{"index":"index","follow":"follow","max-snippet":"max-snippet:-1","max-image-preview":"max-image-preview:large","max-video-preview":"max-video-preview:-1"},"canonical":"https:\/\/cafegransasso.com\/fr\/shop\/laura-secord-hot-chocolate-mix\/","og_locale":"fr_FR","og_type":"article","og_title":"LAURA SECORD - Hot Chocolate Mix - Cafe Gran Sasso","og_description":"Laura Secord signs this dark, intense and creamy hot chocolate. This rich and refined beverage will remind you of the","og_url":"https:\/\/cafegransasso.com\/fr\/shop\/laura-secord-hot-chocolate-mix\/","og_site_name":"Cafe Gran Sasso","article_publisher":"https:\/\/www.facebook.com\/CafeGranSasso\/","article_modified_time":"2025-08-15T16:55:51+00:00","og_image":[{"width":2000,"height":2000,"url":"https:\/\/cafegransasso.com\/wp-content\/uploads\/2016\/01\/LAURA-SECORD-hot-chocolate-mix-classic-4a675122.png","type":"image\/png"}],"twitter_card":"summary_large_image","schema":{"@context":"https:\/\/schema.org","@graph":[{"@type":"WebPage","@id":"https:\/\/cafegransasso.com\/shop\/laura-secord-hot-chocolate-mix\/","url":"https:\/\/cafegransasso.com\/shop\/laura-secord-hot-chocolate-mix\/","name":"LAURA SECORD - Hot Chocolate Mix - Cafe Gran Sasso","isPartOf":{"@id":"https:\/\/cafegransasso.com\/#website"},"primaryImageOfPage":{"@id":"https:\/\/cafegransasso.com\/shop\/laura-secord-hot-chocolate-mix\/#primaryimage"},"image":{"@id":"https:\/\/cafegransasso.com\/shop\/laura-secord-hot-chocolate-mix\/#primaryimage"},"thumbnailUrl":"https:\/\/cafegransasso.com\/wp-content\/uploads\/2016\/01\/LAURA-SECORD-hot-chocolate-mix-classic-4a675122.png","datePublished":"2016-01-15T19:18:14+00:00","dateModified":"2025-08-15T16:55:51+00:00","breadcrumb":{"@id":"https:\/\/cafegransasso.com\/shop\/laura-secord-hot-chocolate-mix\/#breadcrumb"},"inLanguage":"fr-ca","potentialAction":[{"@type":"ReadAction","target":["https:\/\/cafegransasso.com\/shop\/laura-secord-hot-chocolate-mix\/"]}]},{"@type":"ImageObject","inLanguage":"fr-ca","@id":"https:\/\/cafegransasso.com\/shop\/laura-secord-hot-chocolate-mix\/#primaryimage","url":"https:\/\/cafegransasso.com\/wp-content\/uploads\/2016\/01\/LAURA-SECORD-hot-chocolate-mix-classic-4a675122.png","contentUrl":"https:\/\/cafegransasso.com\/wp-content\/uploads\/2016\/01\/LAURA-SECORD-hot-chocolate-mix-classic-4a675122.png","width":2000,"height":2000},{"@type":"BreadcrumbList","@id":"https:\/\/cafegransasso.com\/shop\/laura-secord-hot-chocolate-mix\/#breadcrumb","itemListElement":[{"@type":"ListItem","position":1,"name":"Home","item":"https:\/\/cafegransasso.com\/"},{"@type":"ListItem","position":2,"name":"Shop","item":"https:\/\/cafegransasso.com\/premium-office-coffee-and-accessories\/"},{"@type":"ListItem","position":3,"name":"LAURA SECORD &#8211; Hot Chocolate Mix"}]},{"@type":"WebSite","@id":"https:\/\/cafegransasso.com\/#website","url":"https:\/\/cafegransasso.com\/","name":"Cafe Gran Sasso","description":"From Bean to Brew: Coffee Solutions for Businesses.","publisher":{"@id":"https:\/\/cafegransasso.com\/#organization"},"potentialAction":[{"@type":"SearchAction","target":{"@type":"EntryPoint","urlTemplate":"https:\/\/cafegransasso.com\/?s={search_term_string}"},"query-input":{"@type":"PropertyValueSpecification","valueRequired":true,"valueName":"search_term_string"}}],"inLanguage":"fr-ca"},{"@type":"Organization","@id":"https:\/\/cafegransasso.com\/#organization","name":"Cafe Gran Sasso","url":"https:\/\/cafegransasso.com\/","logo":{"@type":"ImageObject","inLanguage":"fr-ca","@id":"https:\/\/cafegransasso.com\/#\/schema\/logo\/image\/","url":"https:\/\/cafegransasso.com\/wp-content\/uploads\/2024\/09\/GS-logo-Red-1-removebg-preview.png","contentUrl":"https:\/\/cafegransasso.com\/wp-content\/uploads\/2024\/09\/GS-logo-Red-1-removebg-preview.png","width":360,"height":149,"caption":"Cafe Gran Sasso"},"image":{"@id":"https:\/\/cafegransasso.com\/#\/schema\/logo\/image\/"},"sameAs":["https:\/\/www.facebook.com\/CafeGranSasso\/","https:\/\/www.instagram.com\/cafe_gransasso\/"]}]}},"_links":{"self":[{"href":"https:\/\/cafegransasso.com\/fr\/wp-json\/wp\/v2\/product\/10321","targetHints":{"allow":["GET"]}}],"collection":[{"href":"https:\/\/cafegransasso.com\/fr\/wp-json\/wp\/v2\/product"}],"about":[{"href":"https:\/\/cafegransasso.com\/fr\/wp-json\/wp\/v2\/types\/product"}],"replies":[{"embeddable":true,"href":"https:\/\/cafegransasso.com\/fr\/wp-json\/wp\/v2\/comments?post=10321"}],"version-history":[{"count":1,"href":"https:\/\/cafegransasso.com\/fr\/wp-json\/wp\/v2\/product\/10321\/revisions"}],"predecessor-version":[{"id":26285,"href":"https:\/\/cafegransasso.com\/fr\/wp-json\/wp\/v2\/product\/10321\/revisions\/26285"}],"wp:featuredmedia":[{"embeddable":true,"href":"https:\/\/cafegransasso.com\/fr\/wp-json\/wp\/v2\/media\/26281"}],"wp:attachment":[{"href":"https:\/\/cafegransasso.com\/fr\/wp-json\/wp\/v2\/media?parent=10321"}],"wp:term":[{"taxonomy":"product_brand","embeddable":true,"href":"https:\/\/cafegransasso.com\/fr\/wp-json\/wp\/v2\/product_brand?post=10321"},{"taxonomy":"product_cat","embeddable":true,"href":"https:\/\/cafegransasso.com\/fr\/wp-json\/wp\/v2\/product_cat?post=10321"},{"taxonomy":"product_tag","embeddable":true,"href":"https:\/\/cafegransasso.com\/fr\/wp-json\/wp\/v2\/product_tag?post=10321"}],"curies":[{"name":"wp","href":"https:\/\/api.w.org\/{rel}","templated":true}]}}