{"id":10376,"date":"2016-01-22T10:17:09","date_gmt":"2016-01-22T15:17:09","guid":{"rendered":"http:\/\/demo4.aikitech.ca\/shop\/adagio-napoli\/"},"modified":"2025-08-15T12:48:47","modified_gmt":"2025-08-15T16:48:47","slug":"adagio-napoli","status":"publish","type":"product","link":"https:\/\/cafegransasso.com\/fr\/shop\/adagio-napoli\/","title":{"rendered":"Adagio Napoli"},"content":{"rendered":"<div class=\"summary\">\n<div class=\"summary\">\n<div class=\"summary\">\n<div class=\"summary\">Audacieux et fum\u00e9, ce m\u00e9lange robuste a des notes l\u00e9g\u00e8rement \u00e9pic\u00e9es et offre un corps plein avec des tons subtils de cacao.<\/div>\n<\/div>\n<\/div>\n<\/div>","protected":false},"excerpt":{"rendered":"<p>Audacieux et fum\u00e9, ce m\u00e9lange robuste a des notes l\u00e9g\u00e8rement \u00e9pic\u00e9es et offre un corps plein avec des tons subtils de cacao.<\/p>","protected":false},"featured_media":10560,"comment_status":"open","ping_status":"closed","template":"","meta":[],"product_brand":[],"product_cat":[656,191,641],"product_tag":[515,419,308,307,630],"class_list":{"0":"post-10376","1":"product","2":"type-product","3":"status-publish","4":"has-post-thumbnail","6":"product_cat-bulk-deals","7":"product_cat-keurig-pods","8":"product_cat-single-serve","9":"product_tag-adagio","10":"product_tag-dark","11":"product_tag-k-cup","12":"product_tag-keurig","13":"product_tag-napoli","15":"first","16":"instock","17":"shipping-taxable","18":"purchasable","19":"product-type-variable","20":"has-default-attributes"},"yoast_head":"<!-- This site is optimized with the Yoast SEO plugin v27.3 - https:\/\/yoast.com\/product\/yoast-seo-wordpress\/ -->\n<title>Adagio Napoli - Cafe Gran Sasso<\/title>\n<meta name=\"robots\" content=\"index, follow, max-snippet:-1, max-image-preview:large, max-video-preview:-1\" \/>\n<link rel=\"canonical\" href=\"https:\/\/cafegransasso.com\/fr\/shop\/adagio-napoli\/\" \/>\n<meta property=\"og:locale\" content=\"fr_FR\" \/>\n<meta property=\"og:type\" content=\"article\" \/>\n<meta property=\"og:title\" content=\"Adagio Napoli - Cafe Gran Sasso\" \/>\n<meta property=\"og:description\" content=\"Bold and smoky, this robust blend has slightly spicy notes which offers a full body peppered with subtle cocoa tones.\" \/>\n<meta property=\"og:url\" content=\"https:\/\/cafegransasso.com\/fr\/shop\/adagio-napoli\/\" \/>\n<meta property=\"og:site_name\" content=\"Cafe Gran Sasso\" \/>\n<meta property=\"article:publisher\" content=\"https:\/\/www.facebook.com\/CafeGranSasso\/\" \/>\n<meta property=\"article:modified_time\" content=\"2025-08-15T16:48:47+00:00\" \/>\n<meta property=\"og:image\" content=\"https:\/\/cafegransasso.com\/wp-content\/uploads\/2016\/01\/Adagio-Napoli.jpg\" \/>\n\t<meta property=\"og:image:width\" content=\"560\" \/>\n\t<meta property=\"og:image:height\" content=\"560\" \/>\n\t<meta property=\"og:image:type\" content=\"image\/jpeg\" \/>\n<meta name=\"twitter:card\" content=\"summary_large_image\" \/>\n<script type=\"application\/ld+json\" class=\"yoast-schema-graph\">{\"@context\":\"https:\\\/\\\/schema.org\",\"@graph\":[{\"@type\":\"WebPage\",\"@id\":\"https:\\\/\\\/cafegransasso.com\\\/shop\\\/adagio-napoli\\\/\",\"url\":\"https:\\\/\\\/cafegransasso.com\\\/shop\\\/adagio-napoli\\\/\",\"name\":\"Adagio Napoli - Cafe Gran Sasso\",\"isPartOf\":{\"@id\":\"https:\\\/\\\/cafegransasso.com\\\/#website\"},\"primaryImageOfPage\":{\"@id\":\"https:\\\/\\\/cafegransasso.com\\\/shop\\\/adagio-napoli\\\/#primaryimage\"},\"image\":{\"@id\":\"https:\\\/\\\/cafegransasso.com\\\/shop\\\/adagio-napoli\\\/#primaryimage\"},\"thumbnailUrl\":\"https:\\\/\\\/cafegransasso.com\\\/wp-content\\\/uploads\\\/2016\\\/01\\\/Adagio-Napoli.jpg\",\"datePublished\":\"2016-01-22T15:17:09+00:00\",\"dateModified\":\"2025-08-15T16:48:47+00:00\",\"breadcrumb\":{\"@id\":\"https:\\\/\\\/cafegransasso.com\\\/shop\\\/adagio-napoli\\\/#breadcrumb\"},\"inLanguage\":\"fr-ca\",\"potentialAction\":[{\"@type\":\"ReadAction\",\"target\":[\"https:\\\/\\\/cafegransasso.com\\\/shop\\\/adagio-napoli\\\/\"]}]},{\"@type\":\"ImageObject\",\"inLanguage\":\"fr-ca\",\"@id\":\"https:\\\/\\\/cafegransasso.com\\\/shop\\\/adagio-napoli\\\/#primaryimage\",\"url\":\"https:\\\/\\\/cafegransasso.com\\\/wp-content\\\/uploads\\\/2016\\\/01\\\/Adagio-Napoli.jpg\",\"contentUrl\":\"https:\\\/\\\/cafegransasso.com\\\/wp-content\\\/uploads\\\/2016\\\/01\\\/Adagio-Napoli.jpg\",\"width\":560,\"height\":560},{\"@type\":\"BreadcrumbList\",\"@id\":\"https:\\\/\\\/cafegransasso.com\\\/shop\\\/adagio-napoli\\\/#breadcrumb\",\"itemListElement\":[{\"@type\":\"ListItem\",\"position\":1,\"name\":\"Home\",\"item\":\"https:\\\/\\\/cafegransasso.com\\\/\"},{\"@type\":\"ListItem\",\"position\":2,\"name\":\"Shop\",\"item\":\"https:\\\/\\\/cafegransasso.com\\\/premium-office-coffee-and-accessories\\\/\"},{\"@type\":\"ListItem\",\"position\":3,\"name\":\"Adagio Napoli\"}]},{\"@type\":\"WebSite\",\"@id\":\"https:\\\/\\\/cafegransasso.com\\\/#website\",\"url\":\"https:\\\/\\\/cafegransasso.com\\\/\",\"name\":\"Cafe Gran Sasso\",\"description\":\"From Bean to Brew: Coffee Solutions for Businesses.\",\"publisher\":{\"@id\":\"https:\\\/\\\/cafegransasso.com\\\/#organization\"},\"potentialAction\":[{\"@type\":\"SearchAction\",\"target\":{\"@type\":\"EntryPoint\",\"urlTemplate\":\"https:\\\/\\\/cafegransasso.com\\\/?s={search_term_string}\"},\"query-input\":{\"@type\":\"PropertyValueSpecification\",\"valueRequired\":true,\"valueName\":\"search_term_string\"}}],\"inLanguage\":\"fr-ca\"},{\"@type\":\"Organization\",\"@id\":\"https:\\\/\\\/cafegransasso.com\\\/#organization\",\"name\":\"Cafe Gran Sasso\",\"url\":\"https:\\\/\\\/cafegransasso.com\\\/\",\"logo\":{\"@type\":\"ImageObject\",\"inLanguage\":\"fr-ca\",\"@id\":\"https:\\\/\\\/cafegransasso.com\\\/#\\\/schema\\\/logo\\\/image\\\/\",\"url\":\"https:\\\/\\\/cafegransasso.com\\\/wp-content\\\/uploads\\\/2024\\\/09\\\/GS-logo-Red-1-removebg-preview.png\",\"contentUrl\":\"https:\\\/\\\/cafegransasso.com\\\/wp-content\\\/uploads\\\/2024\\\/09\\\/GS-logo-Red-1-removebg-preview.png\",\"width\":360,\"height\":149,\"caption\":\"Cafe Gran Sasso\"},\"image\":{\"@id\":\"https:\\\/\\\/cafegransasso.com\\\/#\\\/schema\\\/logo\\\/image\\\/\"},\"sameAs\":[\"https:\\\/\\\/www.facebook.com\\\/CafeGranSasso\\\/\",\"https:\\\/\\\/www.instagram.com\\\/cafe_gransasso\\\/\"]}]}<\/script>\n<!-- \/ Yoast SEO plugin. -->","yoast_head_json":{"title":"Adagio Napoli - Cafe Gran Sasso","robots":{"index":"index","follow":"follow","max-snippet":"max-snippet:-1","max-image-preview":"max-image-preview:large","max-video-preview":"max-video-preview:-1"},"canonical":"https:\/\/cafegransasso.com\/fr\/shop\/adagio-napoli\/","og_locale":"fr_FR","og_type":"article","og_title":"Adagio Napoli - Cafe Gran Sasso","og_description":"Bold and smoky, this robust blend has slightly spicy notes which offers a full body peppered with subtle cocoa tones.","og_url":"https:\/\/cafegransasso.com\/fr\/shop\/adagio-napoli\/","og_site_name":"Cafe Gran Sasso","article_publisher":"https:\/\/www.facebook.com\/CafeGranSasso\/","article_modified_time":"2025-08-15T16:48:47+00:00","og_image":[{"width":560,"height":560,"url":"https:\/\/cafegransasso.com\/wp-content\/uploads\/2016\/01\/Adagio-Napoli.jpg","type":"image\/jpeg"}],"twitter_card":"summary_large_image","schema":{"@context":"https:\/\/schema.org","@graph":[{"@type":"WebPage","@id":"https:\/\/cafegransasso.com\/shop\/adagio-napoli\/","url":"https:\/\/cafegransasso.com\/shop\/adagio-napoli\/","name":"Adagio Napoli - Cafe Gran Sasso","isPartOf":{"@id":"https:\/\/cafegransasso.com\/#website"},"primaryImageOfPage":{"@id":"https:\/\/cafegransasso.com\/shop\/adagio-napoli\/#primaryimage"},"image":{"@id":"https:\/\/cafegransasso.com\/shop\/adagio-napoli\/#primaryimage"},"thumbnailUrl":"https:\/\/cafegransasso.com\/wp-content\/uploads\/2016\/01\/Adagio-Napoli.jpg","datePublished":"2016-01-22T15:17:09+00:00","dateModified":"2025-08-15T16:48:47+00:00","breadcrumb":{"@id":"https:\/\/cafegransasso.com\/shop\/adagio-napoli\/#breadcrumb"},"inLanguage":"fr-ca","potentialAction":[{"@type":"ReadAction","target":["https:\/\/cafegransasso.com\/shop\/adagio-napoli\/"]}]},{"@type":"ImageObject","inLanguage":"fr-ca","@id":"https:\/\/cafegransasso.com\/shop\/adagio-napoli\/#primaryimage","url":"https:\/\/cafegransasso.com\/wp-content\/uploads\/2016\/01\/Adagio-Napoli.jpg","contentUrl":"https:\/\/cafegransasso.com\/wp-content\/uploads\/2016\/01\/Adagio-Napoli.jpg","width":560,"height":560},{"@type":"BreadcrumbList","@id":"https:\/\/cafegransasso.com\/shop\/adagio-napoli\/#breadcrumb","itemListElement":[{"@type":"ListItem","position":1,"name":"Home","item":"https:\/\/cafegransasso.com\/"},{"@type":"ListItem","position":2,"name":"Shop","item":"https:\/\/cafegransasso.com\/premium-office-coffee-and-accessories\/"},{"@type":"ListItem","position":3,"name":"Adagio Napoli"}]},{"@type":"WebSite","@id":"https:\/\/cafegransasso.com\/#website","url":"https:\/\/cafegransasso.com\/","name":"Cafe Gran Sasso","description":"From Bean to Brew: Coffee Solutions for Businesses.","publisher":{"@id":"https:\/\/cafegransasso.com\/#organization"},"potentialAction":[{"@type":"SearchAction","target":{"@type":"EntryPoint","urlTemplate":"https:\/\/cafegransasso.com\/?s={search_term_string}"},"query-input":{"@type":"PropertyValueSpecification","valueRequired":true,"valueName":"search_term_string"}}],"inLanguage":"fr-ca"},{"@type":"Organization","@id":"https:\/\/cafegransasso.com\/#organization","name":"Cafe Gran Sasso","url":"https:\/\/cafegransasso.com\/","logo":{"@type":"ImageObject","inLanguage":"fr-ca","@id":"https:\/\/cafegransasso.com\/#\/schema\/logo\/image\/","url":"https:\/\/cafegransasso.com\/wp-content\/uploads\/2024\/09\/GS-logo-Red-1-removebg-preview.png","contentUrl":"https:\/\/cafegransasso.com\/wp-content\/uploads\/2024\/09\/GS-logo-Red-1-removebg-preview.png","width":360,"height":149,"caption":"Cafe Gran Sasso"},"image":{"@id":"https:\/\/cafegransasso.com\/#\/schema\/logo\/image\/"},"sameAs":["https:\/\/www.facebook.com\/CafeGranSasso\/","https:\/\/www.instagram.com\/cafe_gransasso\/"]}]}},"_links":{"self":[{"href":"https:\/\/cafegransasso.com\/fr\/wp-json\/wp\/v2\/product\/10376","targetHints":{"allow":["GET"]}}],"collection":[{"href":"https:\/\/cafegransasso.com\/fr\/wp-json\/wp\/v2\/product"}],"about":[{"href":"https:\/\/cafegransasso.com\/fr\/wp-json\/wp\/v2\/types\/product"}],"replies":[{"embeddable":true,"href":"https:\/\/cafegransasso.com\/fr\/wp-json\/wp\/v2\/comments?post=10376"}],"version-history":[{"count":1,"href":"https:\/\/cafegransasso.com\/fr\/wp-json\/wp\/v2\/product\/10376\/revisions"}],"predecessor-version":[{"id":28413,"href":"https:\/\/cafegransasso.com\/fr\/wp-json\/wp\/v2\/product\/10376\/revisions\/28413"}],"wp:featuredmedia":[{"embeddable":true,"href":"https:\/\/cafegransasso.com\/fr\/wp-json\/wp\/v2\/media\/10560"}],"wp:attachment":[{"href":"https:\/\/cafegransasso.com\/fr\/wp-json\/wp\/v2\/media?parent=10376"}],"wp:term":[{"taxonomy":"product_brand","embeddable":true,"href":"https:\/\/cafegransasso.com\/fr\/wp-json\/wp\/v2\/product_brand?post=10376"},{"taxonomy":"product_cat","embeddable":true,"href":"https:\/\/cafegransasso.com\/fr\/wp-json\/wp\/v2\/product_cat?post=10376"},{"taxonomy":"product_tag","embeddable":true,"href":"https:\/\/cafegransasso.com\/fr\/wp-json\/wp\/v2\/product_tag?post=10376"}],"curies":[{"name":"wp","href":"https:\/\/api.w.org\/{rel}","templated":true}]}}