{"id":10387,"date":"2016-01-22T10:30:03","date_gmt":"2016-01-22T15:30:03","guid":{"rendered":"http:\/\/demo4.aikitech.ca\/shop\/adagio-house-blend-decaf\/"},"modified":"2025-08-15T12:48:15","modified_gmt":"2025-08-15T16:48:15","slug":"adagio-house-blend-decaf","status":"publish","type":"product","link":"https:\/\/cafegransasso.com\/fr\/shop\/adagio-house-blend-decaf\/","title":{"rendered":"Adagio M\u00e9lange Maison D\u00e9caf\u00e9in\u00e9"},"content":{"rendered":"<div class=\"summary\">\n<div class=\"summary\">\n<div class=\"summary\">\n<div class=\"summary\">Savoureux et riche, sans la caf\u00e9ine.<\/div>\n<\/div>\n<\/div>\n<\/div>","protected":false},"excerpt":{"rendered":"<p>Savoureux et riche, sans la caf\u00e9ine.<\/p>","protected":false},"featured_media":10556,"comment_status":"open","ping_status":"closed","template":"","meta":[],"product_brand":[],"product_cat":[656,191,641],"product_tag":[515,425,308,307,417],"class_list":{"0":"post-10387","1":"product","2":"type-product","3":"status-publish","4":"has-post-thumbnail","6":"product_cat-bulk-deals","7":"product_cat-keurig-pods","8":"product_cat-single-serve","9":"product_tag-adagio","10":"product_tag-decaf","11":"product_tag-k-cup","12":"product_tag-keurig","13":"product_tag-medium","15":"first","16":"instock","17":"shipping-taxable","18":"purchasable","19":"product-type-variable","20":"has-default-attributes"},"yoast_head":"<!-- This site is optimized with the Yoast SEO plugin v27.3 - https:\/\/yoast.com\/product\/yoast-seo-wordpress\/ -->\n<title>Adagio House Blend Decaf - Cafe Gran Sasso<\/title>\n<meta name=\"robots\" content=\"index, follow, max-snippet:-1, max-image-preview:large, max-video-preview:-1\" \/>\n<link rel=\"canonical\" href=\"https:\/\/cafegransasso.com\/fr\/shop\/adagio-house-blend-decaf\/\" \/>\n<meta property=\"og:locale\" content=\"fr_FR\" \/>\n<meta property=\"og:type\" content=\"article\" \/>\n<meta property=\"og:title\" content=\"Adagio House Blend Decaf - Cafe Gran Sasso\" \/>\n<meta property=\"og:description\" content=\"Flavourful and rich, without the caffeine.\" \/>\n<meta property=\"og:url\" content=\"https:\/\/cafegransasso.com\/fr\/shop\/adagio-house-blend-decaf\/\" \/>\n<meta property=\"og:site_name\" content=\"Cafe Gran Sasso\" \/>\n<meta property=\"article:publisher\" content=\"https:\/\/www.facebook.com\/CafeGranSasso\/\" \/>\n<meta property=\"article:modified_time\" content=\"2025-08-15T16:48:15+00:00\" \/>\n<meta property=\"og:image\" content=\"https:\/\/cafegransasso.com\/wp-content\/uploads\/2016\/01\/Adagio-HB-decaf.jpg\" \/>\n\t<meta property=\"og:image:width\" content=\"560\" \/>\n\t<meta property=\"og:image:height\" content=\"560\" \/>\n\t<meta property=\"og:image:type\" content=\"image\/jpeg\" \/>\n<meta name=\"twitter:card\" content=\"summary_large_image\" \/>\n<script type=\"application\/ld+json\" class=\"yoast-schema-graph\">{\"@context\":\"https:\\\/\\\/schema.org\",\"@graph\":[{\"@type\":\"WebPage\",\"@id\":\"https:\\\/\\\/cafegransasso.com\\\/shop\\\/adagio-house-blend-decaf\\\/\",\"url\":\"https:\\\/\\\/cafegransasso.com\\\/shop\\\/adagio-house-blend-decaf\\\/\",\"name\":\"Adagio House Blend Decaf - Cafe Gran Sasso\",\"isPartOf\":{\"@id\":\"https:\\\/\\\/cafegransasso.com\\\/#website\"},\"primaryImageOfPage\":{\"@id\":\"https:\\\/\\\/cafegransasso.com\\\/shop\\\/adagio-house-blend-decaf\\\/#primaryimage\"},\"image\":{\"@id\":\"https:\\\/\\\/cafegransasso.com\\\/shop\\\/adagio-house-blend-decaf\\\/#primaryimage\"},\"thumbnailUrl\":\"https:\\\/\\\/cafegransasso.com\\\/wp-content\\\/uploads\\\/2016\\\/01\\\/Adagio-HB-decaf.jpg\",\"datePublished\":\"2016-01-22T15:30:03+00:00\",\"dateModified\":\"2025-08-15T16:48:15+00:00\",\"breadcrumb\":{\"@id\":\"https:\\\/\\\/cafegransasso.com\\\/shop\\\/adagio-house-blend-decaf\\\/#breadcrumb\"},\"inLanguage\":\"fr-ca\",\"potentialAction\":[{\"@type\":\"ReadAction\",\"target\":[\"https:\\\/\\\/cafegransasso.com\\\/shop\\\/adagio-house-blend-decaf\\\/\"]}]},{\"@type\":\"ImageObject\",\"inLanguage\":\"fr-ca\",\"@id\":\"https:\\\/\\\/cafegransasso.com\\\/shop\\\/adagio-house-blend-decaf\\\/#primaryimage\",\"url\":\"https:\\\/\\\/cafegransasso.com\\\/wp-content\\\/uploads\\\/2016\\\/01\\\/Adagio-HB-decaf.jpg\",\"contentUrl\":\"https:\\\/\\\/cafegransasso.com\\\/wp-content\\\/uploads\\\/2016\\\/01\\\/Adagio-HB-decaf.jpg\",\"width\":560,\"height\":560},{\"@type\":\"BreadcrumbList\",\"@id\":\"https:\\\/\\\/cafegransasso.com\\\/shop\\\/adagio-house-blend-decaf\\\/#breadcrumb\",\"itemListElement\":[{\"@type\":\"ListItem\",\"position\":1,\"name\":\"Home\",\"item\":\"https:\\\/\\\/cafegransasso.com\\\/\"},{\"@type\":\"ListItem\",\"position\":2,\"name\":\"Shop\",\"item\":\"https:\\\/\\\/cafegransasso.com\\\/premium-office-coffee-and-accessories\\\/\"},{\"@type\":\"ListItem\",\"position\":3,\"name\":\"Adagio House Blend Decaf\"}]},{\"@type\":\"WebSite\",\"@id\":\"https:\\\/\\\/cafegransasso.com\\\/#website\",\"url\":\"https:\\\/\\\/cafegransasso.com\\\/\",\"name\":\"Cafe Gran Sasso\",\"description\":\"From Bean to Brew: Coffee Solutions for Businesses.\",\"publisher\":{\"@id\":\"https:\\\/\\\/cafegransasso.com\\\/#organization\"},\"potentialAction\":[{\"@type\":\"SearchAction\",\"target\":{\"@type\":\"EntryPoint\",\"urlTemplate\":\"https:\\\/\\\/cafegransasso.com\\\/?s={search_term_string}\"},\"query-input\":{\"@type\":\"PropertyValueSpecification\",\"valueRequired\":true,\"valueName\":\"search_term_string\"}}],\"inLanguage\":\"fr-ca\"},{\"@type\":\"Organization\",\"@id\":\"https:\\\/\\\/cafegransasso.com\\\/#organization\",\"name\":\"Cafe Gran Sasso\",\"url\":\"https:\\\/\\\/cafegransasso.com\\\/\",\"logo\":{\"@type\":\"ImageObject\",\"inLanguage\":\"fr-ca\",\"@id\":\"https:\\\/\\\/cafegransasso.com\\\/#\\\/schema\\\/logo\\\/image\\\/\",\"url\":\"https:\\\/\\\/cafegransasso.com\\\/wp-content\\\/uploads\\\/2024\\\/09\\\/GS-logo-Red-1-removebg-preview.png\",\"contentUrl\":\"https:\\\/\\\/cafegransasso.com\\\/wp-content\\\/uploads\\\/2024\\\/09\\\/GS-logo-Red-1-removebg-preview.png\",\"width\":360,\"height\":149,\"caption\":\"Cafe Gran Sasso\"},\"image\":{\"@id\":\"https:\\\/\\\/cafegransasso.com\\\/#\\\/schema\\\/logo\\\/image\\\/\"},\"sameAs\":[\"https:\\\/\\\/www.facebook.com\\\/CafeGranSasso\\\/\",\"https:\\\/\\\/www.instagram.com\\\/cafe_gransasso\\\/\"]}]}<\/script>\n<!-- \/ Yoast SEO plugin. -->","yoast_head_json":{"title":"Adagio House Blend Decaf - Cafe Gran Sasso","robots":{"index":"index","follow":"follow","max-snippet":"max-snippet:-1","max-image-preview":"max-image-preview:large","max-video-preview":"max-video-preview:-1"},"canonical":"https:\/\/cafegransasso.com\/fr\/shop\/adagio-house-blend-decaf\/","og_locale":"fr_FR","og_type":"article","og_title":"Adagio House Blend Decaf - Cafe Gran Sasso","og_description":"Flavourful and rich, without the caffeine.","og_url":"https:\/\/cafegransasso.com\/fr\/shop\/adagio-house-blend-decaf\/","og_site_name":"Cafe Gran Sasso","article_publisher":"https:\/\/www.facebook.com\/CafeGranSasso\/","article_modified_time":"2025-08-15T16:48:15+00:00","og_image":[{"width":560,"height":560,"url":"https:\/\/cafegransasso.com\/wp-content\/uploads\/2016\/01\/Adagio-HB-decaf.jpg","type":"image\/jpeg"}],"twitter_card":"summary_large_image","schema":{"@context":"https:\/\/schema.org","@graph":[{"@type":"WebPage","@id":"https:\/\/cafegransasso.com\/shop\/adagio-house-blend-decaf\/","url":"https:\/\/cafegransasso.com\/shop\/adagio-house-blend-decaf\/","name":"Adagio House Blend Decaf - Cafe Gran Sasso","isPartOf":{"@id":"https:\/\/cafegransasso.com\/#website"},"primaryImageOfPage":{"@id":"https:\/\/cafegransasso.com\/shop\/adagio-house-blend-decaf\/#primaryimage"},"image":{"@id":"https:\/\/cafegransasso.com\/shop\/adagio-house-blend-decaf\/#primaryimage"},"thumbnailUrl":"https:\/\/cafegransasso.com\/wp-content\/uploads\/2016\/01\/Adagio-HB-decaf.jpg","datePublished":"2016-01-22T15:30:03+00:00","dateModified":"2025-08-15T16:48:15+00:00","breadcrumb":{"@id":"https:\/\/cafegransasso.com\/shop\/adagio-house-blend-decaf\/#breadcrumb"},"inLanguage":"fr-ca","potentialAction":[{"@type":"ReadAction","target":["https:\/\/cafegransasso.com\/shop\/adagio-house-blend-decaf\/"]}]},{"@type":"ImageObject","inLanguage":"fr-ca","@id":"https:\/\/cafegransasso.com\/shop\/adagio-house-blend-decaf\/#primaryimage","url":"https:\/\/cafegransasso.com\/wp-content\/uploads\/2016\/01\/Adagio-HB-decaf.jpg","contentUrl":"https:\/\/cafegransasso.com\/wp-content\/uploads\/2016\/01\/Adagio-HB-decaf.jpg","width":560,"height":560},{"@type":"BreadcrumbList","@id":"https:\/\/cafegransasso.com\/shop\/adagio-house-blend-decaf\/#breadcrumb","itemListElement":[{"@type":"ListItem","position":1,"name":"Home","item":"https:\/\/cafegransasso.com\/"},{"@type":"ListItem","position":2,"name":"Shop","item":"https:\/\/cafegransasso.com\/premium-office-coffee-and-accessories\/"},{"@type":"ListItem","position":3,"name":"Adagio House Blend Decaf"}]},{"@type":"WebSite","@id":"https:\/\/cafegransasso.com\/#website","url":"https:\/\/cafegransasso.com\/","name":"Cafe Gran Sasso","description":"From Bean to Brew: Coffee Solutions for Businesses.","publisher":{"@id":"https:\/\/cafegransasso.com\/#organization"},"potentialAction":[{"@type":"SearchAction","target":{"@type":"EntryPoint","urlTemplate":"https:\/\/cafegransasso.com\/?s={search_term_string}"},"query-input":{"@type":"PropertyValueSpecification","valueRequired":true,"valueName":"search_term_string"}}],"inLanguage":"fr-ca"},{"@type":"Organization","@id":"https:\/\/cafegransasso.com\/#organization","name":"Cafe Gran Sasso","url":"https:\/\/cafegransasso.com\/","logo":{"@type":"ImageObject","inLanguage":"fr-ca","@id":"https:\/\/cafegransasso.com\/#\/schema\/logo\/image\/","url":"https:\/\/cafegransasso.com\/wp-content\/uploads\/2024\/09\/GS-logo-Red-1-removebg-preview.png","contentUrl":"https:\/\/cafegransasso.com\/wp-content\/uploads\/2024\/09\/GS-logo-Red-1-removebg-preview.png","width":360,"height":149,"caption":"Cafe Gran Sasso"},"image":{"@id":"https:\/\/cafegransasso.com\/#\/schema\/logo\/image\/"},"sameAs":["https:\/\/www.facebook.com\/CafeGranSasso\/","https:\/\/www.instagram.com\/cafe_gransasso\/"]}]}},"_links":{"self":[{"href":"https:\/\/cafegransasso.com\/fr\/wp-json\/wp\/v2\/product\/10387","targetHints":{"allow":["GET"]}}],"collection":[{"href":"https:\/\/cafegransasso.com\/fr\/wp-json\/wp\/v2\/product"}],"about":[{"href":"https:\/\/cafegransasso.com\/fr\/wp-json\/wp\/v2\/types\/product"}],"replies":[{"embeddable":true,"href":"https:\/\/cafegransasso.com\/fr\/wp-json\/wp\/v2\/comments?post=10387"}],"version-history":[{"count":1,"href":"https:\/\/cafegransasso.com\/fr\/wp-json\/wp\/v2\/product\/10387\/revisions"}],"predecessor-version":[{"id":28412,"href":"https:\/\/cafegransasso.com\/fr\/wp-json\/wp\/v2\/product\/10387\/revisions\/28412"}],"wp:featuredmedia":[{"embeddable":true,"href":"https:\/\/cafegransasso.com\/fr\/wp-json\/wp\/v2\/media\/10556"}],"wp:attachment":[{"href":"https:\/\/cafegransasso.com\/fr\/wp-json\/wp\/v2\/media?parent=10387"}],"wp:term":[{"taxonomy":"product_brand","embeddable":true,"href":"https:\/\/cafegransasso.com\/fr\/wp-json\/wp\/v2\/product_brand?post=10387"},{"taxonomy":"product_cat","embeddable":true,"href":"https:\/\/cafegransasso.com\/fr\/wp-json\/wp\/v2\/product_cat?post=10387"},{"taxonomy":"product_tag","embeddable":true,"href":"https:\/\/cafegransasso.com\/fr\/wp-json\/wp\/v2\/product_tag?post=10387"}],"curies":[{"name":"wp","href":"https:\/\/api.w.org\/{rel}","templated":true}]}}