{"id":10455,"date":"2016-01-22T12:04:04","date_gmt":"2016-01-22T17:04:04","guid":{"rendered":"http:\/\/demo4.aikitech.ca\/shop\/intenso\/"},"modified":"2025-04-01T12:25:42","modified_gmt":"2025-04-01T16:25:42","slug":"intenso","status":"publish","type":"product","link":"https:\/\/cafegransasso.com\/fr\/shop\/intenso\/","title":{"rendered":"CAFFITALY &#8211; INTENSO"},"content":{"rendered":"<div class=\"summary\">\n<div class=\"summary\">\n<div class=\"summary\">\n<div class=\"summary\">\n<div class=\"field field-name-body field-type-text-with-summary field-label-hidden\">\n<div class=\"field-items\">\n<div class=\"field-item even\">\n<div class=\"field field-name-body field-type-text-with-summary field-label-hidden\">\n<div class=\"field-items\">\n<div class=\"field-item even\">\n<p>M\u00e9lange d'Arabica d'Am\u00e9rique du Sud avec une contribution vivante de Robusta indien pour enrichir son ton et sa personnalit\u00e9. D'une saveur ronde et velout\u00e9e, il est id\u00e9al \u00e0 boire le matin et apr\u00e8s les repas.<\/p>\n<p>70 % Arabica 30% Robusta<\/p>\n<\/div>\n<\/div>\n<\/div>\n<p>Intensit\u00e9 8\/10<\/p>\n<p><span class=\"sub-prix\">Contenu : 10 capsules de 8g de caf\u00e9 torr\u00e9fi\u00e9 et moulu.<\/span><\/p>\n<\/div>\n<\/div>\n<\/div>\n<\/div>\n<\/div>\n<\/div>\n<\/div>","protected":false},"excerpt":{"rendered":"<p>Blend of South American Arabica with a lively contribution from indian Robusta to enrich its tone and personality. With a<\/p>","protected":false},"featured_media":14121,"comment_status":"open","ping_status":"closed","template":"","meta":[],"product_brand":[],"product_cat":[641,193],"product_tag":[522,419,523,533,524],"class_list":{"0":"post-10455","1":"product","2":"type-product","3":"status-publish","4":"has-post-thumbnail","6":"product_cat-single-serve","7":"product_cat-caffitaly-capsules","8":"product_tag-caffitaly","9":"product_tag-dark","10":"product_tag-espresso","11":"product_tag-intenso","12":"product_tag-strong","14":"first","15":"instock","16":"featured","17":"shipping-taxable","18":"purchasable","19":"product-type-simple"},"yoast_head":"<!-- This site is optimized with the Yoast SEO plugin v26.6 - https:\/\/yoast.com\/wordpress\/plugins\/seo\/ -->\n<title>CAFFITALY - INTENSO - Cafe Gran Sasso<\/title>\n<meta name=\"robots\" content=\"index, follow, max-snippet:-1, max-image-preview:large, max-video-preview:-1\" \/>\n<link rel=\"canonical\" href=\"https:\/\/cafegransasso.com\/fr\/shop\/intenso\/\" \/>\n<meta property=\"og:locale\" content=\"fr_FR\" \/>\n<meta property=\"og:type\" content=\"article\" \/>\n<meta property=\"og:title\" content=\"CAFFITALY - INTENSO - Cafe Gran Sasso\" \/>\n<meta property=\"og:description\" content=\"Blend of South American Arabica with a lively contribution from indian Robusta to enrich its tone and personality. With a\" \/>\n<meta property=\"og:url\" content=\"https:\/\/cafegransasso.com\/fr\/shop\/intenso\/\" \/>\n<meta property=\"og:site_name\" content=\"Cafe Gran Sasso\" \/>\n<meta property=\"article:publisher\" content=\"https:\/\/www.facebook.com\/CafeGranSasso\/\" \/>\n<meta property=\"article:modified_time\" content=\"2025-04-01T16:25:42+00:00\" \/>\n<meta property=\"og:image\" content=\"https:\/\/cafegransasso.com\/wp-content\/uploads\/2016\/01\/capsule-caffitalyintenso-300x300-1.png\" \/>\n\t<meta property=\"og:image:width\" content=\"300\" \/>\n\t<meta property=\"og:image:height\" content=\"300\" \/>\n\t<meta property=\"og:image:type\" content=\"image\/png\" \/>\n<meta name=\"twitter:card\" content=\"summary_large_image\" \/>\n<meta name=\"twitter:label1\" content=\"Est. reading time\" \/>\n\t<meta name=\"twitter:data1\" content=\"1 minute\" \/>\n<script type=\"application\/ld+json\" class=\"yoast-schema-graph\">{\"@context\":\"https:\/\/schema.org\",\"@graph\":[{\"@type\":\"WebPage\",\"@id\":\"https:\/\/cafegransasso.com\/shop\/intenso\/\",\"url\":\"https:\/\/cafegransasso.com\/shop\/intenso\/\",\"name\":\"CAFFITALY - INTENSO - Cafe Gran Sasso\",\"isPartOf\":{\"@id\":\"https:\/\/cafegransasso.com\/#website\"},\"primaryImageOfPage\":{\"@id\":\"https:\/\/cafegransasso.com\/shop\/intenso\/#primaryimage\"},\"image\":{\"@id\":\"https:\/\/cafegransasso.com\/shop\/intenso\/#primaryimage\"},\"thumbnailUrl\":\"https:\/\/cafegransasso.com\/wp-content\/uploads\/2016\/01\/capsule-caffitalyintenso-300x300-1.png\",\"datePublished\":\"2016-01-22T17:04:04+00:00\",\"dateModified\":\"2025-04-01T16:25:42+00:00\",\"breadcrumb\":{\"@id\":\"https:\/\/cafegransasso.com\/shop\/intenso\/#breadcrumb\"},\"inLanguage\":\"fr-ca\",\"potentialAction\":[{\"@type\":\"ReadAction\",\"target\":[\"https:\/\/cafegransasso.com\/shop\/intenso\/\"]}]},{\"@type\":\"ImageObject\",\"inLanguage\":\"fr-ca\",\"@id\":\"https:\/\/cafegransasso.com\/shop\/intenso\/#primaryimage\",\"url\":\"https:\/\/cafegransasso.com\/wp-content\/uploads\/2016\/01\/capsule-caffitalyintenso-300x300-1.png\",\"contentUrl\":\"https:\/\/cafegransasso.com\/wp-content\/uploads\/2016\/01\/capsule-caffitalyintenso-300x300-1.png\",\"width\":300,\"height\":300},{\"@type\":\"BreadcrumbList\",\"@id\":\"https:\/\/cafegransasso.com\/shop\/intenso\/#breadcrumb\",\"itemListElement\":[{\"@type\":\"ListItem\",\"position\":1,\"name\":\"Home\",\"item\":\"https:\/\/cafegransasso.com\/\"},{\"@type\":\"ListItem\",\"position\":2,\"name\":\"Shop\",\"item\":\"https:\/\/cafegransasso.com\/premium-office-coffee-and-accessories\/\"},{\"@type\":\"ListItem\",\"position\":3,\"name\":\"CAFFITALY &#8211; INTENSO\"}]},{\"@type\":\"WebSite\",\"@id\":\"https:\/\/cafegransasso.com\/#website\",\"url\":\"https:\/\/cafegransasso.com\/\",\"name\":\"Cafe Gran Sasso\",\"description\":\"From Bean to Brew: Coffee Solutions for Businesses.\",\"publisher\":{\"@id\":\"https:\/\/cafegransasso.com\/#organization\"},\"potentialAction\":[{\"@type\":\"SearchAction\",\"target\":{\"@type\":\"EntryPoint\",\"urlTemplate\":\"https:\/\/cafegransasso.com\/?s={search_term_string}\"},\"query-input\":{\"@type\":\"PropertyValueSpecification\",\"valueRequired\":true,\"valueName\":\"search_term_string\"}}],\"inLanguage\":\"fr-ca\"},{\"@type\":\"Organization\",\"@id\":\"https:\/\/cafegransasso.com\/#organization\",\"name\":\"Cafe Gran Sasso\",\"url\":\"https:\/\/cafegransasso.com\/\",\"logo\":{\"@type\":\"ImageObject\",\"inLanguage\":\"fr-ca\",\"@id\":\"https:\/\/cafegransasso.com\/#\/schema\/logo\/image\/\",\"url\":\"https:\/\/cafegransasso.com\/wp-content\/uploads\/2024\/09\/GS-logo-Red-1-removebg-preview.png\",\"contentUrl\":\"https:\/\/cafegransasso.com\/wp-content\/uploads\/2024\/09\/GS-logo-Red-1-removebg-preview.png\",\"width\":360,\"height\":149,\"caption\":\"Cafe Gran Sasso\"},\"image\":{\"@id\":\"https:\/\/cafegransasso.com\/#\/schema\/logo\/image\/\"},\"sameAs\":[\"https:\/\/www.facebook.com\/CafeGranSasso\/\",\"https:\/\/www.instagram.com\/cafe_gransasso\/\"]}]}<\/script>\n<!-- \/ Yoast SEO plugin. -->","yoast_head_json":{"title":"CAFFITALY - INTENSO - Cafe Gran Sasso","robots":{"index":"index","follow":"follow","max-snippet":"max-snippet:-1","max-image-preview":"max-image-preview:large","max-video-preview":"max-video-preview:-1"},"canonical":"https:\/\/cafegransasso.com\/fr\/shop\/intenso\/","og_locale":"fr_FR","og_type":"article","og_title":"CAFFITALY - INTENSO - Cafe Gran Sasso","og_description":"Blend of South American Arabica with a lively contribution from indian Robusta to enrich its tone and personality. With a","og_url":"https:\/\/cafegransasso.com\/fr\/shop\/intenso\/","og_site_name":"Cafe Gran Sasso","article_publisher":"https:\/\/www.facebook.com\/CafeGranSasso\/","article_modified_time":"2025-04-01T16:25:42+00:00","og_image":[{"width":300,"height":300,"url":"https:\/\/cafegransasso.com\/wp-content\/uploads\/2016\/01\/capsule-caffitalyintenso-300x300-1.png","type":"image\/png"}],"twitter_card":"summary_large_image","twitter_misc":{"Est. reading time":"1 minute"},"schema":{"@context":"https:\/\/schema.org","@graph":[{"@type":"WebPage","@id":"https:\/\/cafegransasso.com\/shop\/intenso\/","url":"https:\/\/cafegransasso.com\/shop\/intenso\/","name":"CAFFITALY - INTENSO - Cafe Gran Sasso","isPartOf":{"@id":"https:\/\/cafegransasso.com\/#website"},"primaryImageOfPage":{"@id":"https:\/\/cafegransasso.com\/shop\/intenso\/#primaryimage"},"image":{"@id":"https:\/\/cafegransasso.com\/shop\/intenso\/#primaryimage"},"thumbnailUrl":"https:\/\/cafegransasso.com\/wp-content\/uploads\/2016\/01\/capsule-caffitalyintenso-300x300-1.png","datePublished":"2016-01-22T17:04:04+00:00","dateModified":"2025-04-01T16:25:42+00:00","breadcrumb":{"@id":"https:\/\/cafegransasso.com\/shop\/intenso\/#breadcrumb"},"inLanguage":"fr-ca","potentialAction":[{"@type":"ReadAction","target":["https:\/\/cafegransasso.com\/shop\/intenso\/"]}]},{"@type":"ImageObject","inLanguage":"fr-ca","@id":"https:\/\/cafegransasso.com\/shop\/intenso\/#primaryimage","url":"https:\/\/cafegransasso.com\/wp-content\/uploads\/2016\/01\/capsule-caffitalyintenso-300x300-1.png","contentUrl":"https:\/\/cafegransasso.com\/wp-content\/uploads\/2016\/01\/capsule-caffitalyintenso-300x300-1.png","width":300,"height":300},{"@type":"BreadcrumbList","@id":"https:\/\/cafegransasso.com\/shop\/intenso\/#breadcrumb","itemListElement":[{"@type":"ListItem","position":1,"name":"Home","item":"https:\/\/cafegransasso.com\/"},{"@type":"ListItem","position":2,"name":"Shop","item":"https:\/\/cafegransasso.com\/premium-office-coffee-and-accessories\/"},{"@type":"ListItem","position":3,"name":"CAFFITALY &#8211; INTENSO"}]},{"@type":"WebSite","@id":"https:\/\/cafegransasso.com\/#website","url":"https:\/\/cafegransasso.com\/","name":"Cafe Gran Sasso","description":"From Bean to Brew: Coffee Solutions for Businesses.","publisher":{"@id":"https:\/\/cafegransasso.com\/#organization"},"potentialAction":[{"@type":"SearchAction","target":{"@type":"EntryPoint","urlTemplate":"https:\/\/cafegransasso.com\/?s={search_term_string}"},"query-input":{"@type":"PropertyValueSpecification","valueRequired":true,"valueName":"search_term_string"}}],"inLanguage":"fr-ca"},{"@type":"Organization","@id":"https:\/\/cafegransasso.com\/#organization","name":"Cafe Gran Sasso","url":"https:\/\/cafegransasso.com\/","logo":{"@type":"ImageObject","inLanguage":"fr-ca","@id":"https:\/\/cafegransasso.com\/#\/schema\/logo\/image\/","url":"https:\/\/cafegransasso.com\/wp-content\/uploads\/2024\/09\/GS-logo-Red-1-removebg-preview.png","contentUrl":"https:\/\/cafegransasso.com\/wp-content\/uploads\/2024\/09\/GS-logo-Red-1-removebg-preview.png","width":360,"height":149,"caption":"Cafe Gran Sasso"},"image":{"@id":"https:\/\/cafegransasso.com\/#\/schema\/logo\/image\/"},"sameAs":["https:\/\/www.facebook.com\/CafeGranSasso\/","https:\/\/www.instagram.com\/cafe_gransasso\/"]}]}},"_links":{"self":[{"href":"https:\/\/cafegransasso.com\/fr\/wp-json\/wp\/v2\/product\/10455","targetHints":{"allow":["GET"]}}],"collection":[{"href":"https:\/\/cafegransasso.com\/fr\/wp-json\/wp\/v2\/product"}],"about":[{"href":"https:\/\/cafegransasso.com\/fr\/wp-json\/wp\/v2\/types\/product"}],"replies":[{"embeddable":true,"href":"https:\/\/cafegransasso.com\/fr\/wp-json\/wp\/v2\/comments?post=10455"}],"version-history":[{"count":1,"href":"https:\/\/cafegransasso.com\/fr\/wp-json\/wp\/v2\/product\/10455\/revisions"}],"predecessor-version":[{"id":28399,"href":"https:\/\/cafegransasso.com\/fr\/wp-json\/wp\/v2\/product\/10455\/revisions\/28399"}],"wp:featuredmedia":[{"embeddable":true,"href":"https:\/\/cafegransasso.com\/fr\/wp-json\/wp\/v2\/media\/14121"}],"wp:attachment":[{"href":"https:\/\/cafegransasso.com\/fr\/wp-json\/wp\/v2\/media?parent=10455"}],"wp:term":[{"taxonomy":"product_brand","embeddable":true,"href":"https:\/\/cafegransasso.com\/fr\/wp-json\/wp\/v2\/product_brand?post=10455"},{"taxonomy":"product_cat","embeddable":true,"href":"https:\/\/cafegransasso.com\/fr\/wp-json\/wp\/v2\/product_cat?post=10455"},{"taxonomy":"product_tag","embeddable":true,"href":"https:\/\/cafegransasso.com\/fr\/wp-json\/wp\/v2\/product_tag?post=10455"}],"curies":[{"name":"wp","href":"https:\/\/api.w.org\/{rel}","templated":true}]}}