{"id":11111,"date":"2016-03-14T11:37:53","date_gmt":"2016-03-14T15:37:53","guid":{"rendered":"http:\/\/demo4.aikitech.ca\/?post_type=product&#038;p=11111"},"modified":"2023-10-24T12:28:31","modified_gmt":"2023-10-24T16:28:31","slug":"keurig-omnipure-kq8kq8a-water-filter-kit","status":"publish","type":"product","link":"https:\/\/cafegransasso.com\/fr\/shop\/keurig-omnipure-kq8kq8a-water-filter-kit\/","title":{"rendered":"Kit de FltrationDd'eau Keurig Omnipure KQ8\/KQ8A"},"content":{"rendered":"<p>Comprend la cartouche filtrante KQ8, la t\u00eate \u00e0 valve, le support de montage et les vis. A utiliser avec les cafeti\u00e8res Keurig.<\/p>","protected":false},"excerpt":{"rendered":"<p>Comprend la cartouche filtrante KQ8, la t\u00eate \u00e0 valve, le support de montage et les vis. A utiliser avec les cafeti\u00e8res Keurig.<\/p>","protected":false},"featured_media":11112,"comment_status":"open","ping_status":"closed","template":"","meta":[],"product_brand":[],"product_cat":[663,657],"product_tag":[591,590,589,592,588],"class_list":{"0":"post-11111","1":"product","2":"type-product","3":"status-publish","4":"has-post-thumbnail","6":"product_cat-keurig-accessories","7":"product_cat-keurig-filter-systems","8":"product_tag-filter","9":"product_tag-keurig-filter","10":"product_tag-omnipure","11":"product_tag-water","12":"product_tag-water-filter","14":"first","15":"instock","16":"taxable","17":"shipping-taxable","18":"purchasable","19":"product-type-simple"},"yoast_head":"<!-- This site is optimized with the Yoast SEO plugin v27.3 - https:\/\/yoast.com\/product\/yoast-seo-wordpress\/ -->\n<title>Keurig Omnipure KQ8\/KQ8A Water Filter Kit - Cafe Gran Sasso<\/title>\n<meta name=\"robots\" content=\"index, follow, max-snippet:-1, max-image-preview:large, max-video-preview:-1\" \/>\n<link rel=\"canonical\" href=\"https:\/\/cafegransasso.com\/fr\/shop\/keurig-omnipure-kq8kq8a-water-filter-kit\/\" \/>\n<meta property=\"og:locale\" content=\"fr_FR\" \/>\n<meta property=\"og:type\" content=\"article\" \/>\n<meta property=\"og:title\" content=\"Keurig Omnipure KQ8\/KQ8A Water Filter Kit - Cafe Gran Sasso\" \/>\n<meta property=\"og:description\" content=\"Includes KQ8 filter cartridge, valved head, mounting bracket and screws. For use with Keurig Coffee Brewers.\" \/>\n<meta property=\"og:url\" content=\"https:\/\/cafegransasso.com\/fr\/shop\/keurig-omnipure-kq8kq8a-water-filter-kit\/\" \/>\n<meta property=\"og:site_name\" content=\"Cafe Gran Sasso\" \/>\n<meta property=\"article:publisher\" content=\"https:\/\/www.facebook.com\/CafeGranSasso\/\" \/>\n<meta property=\"article:modified_time\" content=\"2023-10-24T16:28:31+00:00\" \/>\n<meta property=\"og:image\" content=\"https:\/\/cafegransasso.com\/wp-content\/uploads\/2016\/03\/66269.jpg\" \/>\n\t<meta property=\"og:image:width\" content=\"400\" \/>\n\t<meta property=\"og:image:height\" content=\"400\" \/>\n\t<meta property=\"og:image:type\" content=\"image\/jpeg\" \/>\n<meta name=\"twitter:card\" content=\"summary_large_image\" \/>\n<script type=\"application\/ld+json\" class=\"yoast-schema-graph\">{\"@context\":\"https:\\\/\\\/schema.org\",\"@graph\":[{\"@type\":\"WebPage\",\"@id\":\"https:\\\/\\\/cafegransasso.com\\\/shop\\\/keurig-omnipure-kq8kq8a-water-filter-kit\\\/\",\"url\":\"https:\\\/\\\/cafegransasso.com\\\/shop\\\/keurig-omnipure-kq8kq8a-water-filter-kit\\\/\",\"name\":\"Keurig Omnipure KQ8\\\/KQ8A Water Filter Kit - Cafe Gran Sasso\",\"isPartOf\":{\"@id\":\"https:\\\/\\\/cafegransasso.com\\\/#website\"},\"primaryImageOfPage\":{\"@id\":\"https:\\\/\\\/cafegransasso.com\\\/shop\\\/keurig-omnipure-kq8kq8a-water-filter-kit\\\/#primaryimage\"},\"image\":{\"@id\":\"https:\\\/\\\/cafegransasso.com\\\/shop\\\/keurig-omnipure-kq8kq8a-water-filter-kit\\\/#primaryimage\"},\"thumbnailUrl\":\"https:\\\/\\\/cafegransasso.com\\\/wp-content\\\/uploads\\\/2016\\\/03\\\/66269.jpg\",\"datePublished\":\"2016-03-14T15:37:53+00:00\",\"dateModified\":\"2023-10-24T16:28:31+00:00\",\"breadcrumb\":{\"@id\":\"https:\\\/\\\/cafegransasso.com\\\/shop\\\/keurig-omnipure-kq8kq8a-water-filter-kit\\\/#breadcrumb\"},\"inLanguage\":\"fr-ca\",\"potentialAction\":[{\"@type\":\"ReadAction\",\"target\":[\"https:\\\/\\\/cafegransasso.com\\\/shop\\\/keurig-omnipure-kq8kq8a-water-filter-kit\\\/\"]}]},{\"@type\":\"ImageObject\",\"inLanguage\":\"fr-ca\",\"@id\":\"https:\\\/\\\/cafegransasso.com\\\/shop\\\/keurig-omnipure-kq8kq8a-water-filter-kit\\\/#primaryimage\",\"url\":\"https:\\\/\\\/cafegransasso.com\\\/wp-content\\\/uploads\\\/2016\\\/03\\\/66269.jpg\",\"contentUrl\":\"https:\\\/\\\/cafegransasso.com\\\/wp-content\\\/uploads\\\/2016\\\/03\\\/66269.jpg\",\"width\":400,\"height\":400},{\"@type\":\"BreadcrumbList\",\"@id\":\"https:\\\/\\\/cafegransasso.com\\\/shop\\\/keurig-omnipure-kq8kq8a-water-filter-kit\\\/#breadcrumb\",\"itemListElement\":[{\"@type\":\"ListItem\",\"position\":1,\"name\":\"Home\",\"item\":\"https:\\\/\\\/cafegransasso.com\\\/\"},{\"@type\":\"ListItem\",\"position\":2,\"name\":\"Shop\",\"item\":\"https:\\\/\\\/cafegransasso.com\\\/premium-office-coffee-and-accessories\\\/\"},{\"@type\":\"ListItem\",\"position\":3,\"name\":\"Keurig Omnipure KQ8\\\/KQ8A Water Filter Kit\"}]},{\"@type\":\"WebSite\",\"@id\":\"https:\\\/\\\/cafegransasso.com\\\/#website\",\"url\":\"https:\\\/\\\/cafegransasso.com\\\/\",\"name\":\"Cafe Gran Sasso\",\"description\":\"From Bean to Brew: Coffee Solutions for Businesses.\",\"publisher\":{\"@id\":\"https:\\\/\\\/cafegransasso.com\\\/#organization\"},\"potentialAction\":[{\"@type\":\"SearchAction\",\"target\":{\"@type\":\"EntryPoint\",\"urlTemplate\":\"https:\\\/\\\/cafegransasso.com\\\/?s={search_term_string}\"},\"query-input\":{\"@type\":\"PropertyValueSpecification\",\"valueRequired\":true,\"valueName\":\"search_term_string\"}}],\"inLanguage\":\"fr-ca\"},{\"@type\":\"Organization\",\"@id\":\"https:\\\/\\\/cafegransasso.com\\\/#organization\",\"name\":\"Cafe Gran Sasso\",\"url\":\"https:\\\/\\\/cafegransasso.com\\\/\",\"logo\":{\"@type\":\"ImageObject\",\"inLanguage\":\"fr-ca\",\"@id\":\"https:\\\/\\\/cafegransasso.com\\\/#\\\/schema\\\/logo\\\/image\\\/\",\"url\":\"https:\\\/\\\/cafegransasso.com\\\/wp-content\\\/uploads\\\/2024\\\/09\\\/GS-logo-Red-1-removebg-preview.png\",\"contentUrl\":\"https:\\\/\\\/cafegransasso.com\\\/wp-content\\\/uploads\\\/2024\\\/09\\\/GS-logo-Red-1-removebg-preview.png\",\"width\":360,\"height\":149,\"caption\":\"Cafe Gran Sasso\"},\"image\":{\"@id\":\"https:\\\/\\\/cafegransasso.com\\\/#\\\/schema\\\/logo\\\/image\\\/\"},\"sameAs\":[\"https:\\\/\\\/www.facebook.com\\\/CafeGranSasso\\\/\",\"https:\\\/\\\/www.instagram.com\\\/cafe_gransasso\\\/\"]}]}<\/script>\n<!-- \/ Yoast SEO plugin. -->","yoast_head_json":{"title":"Keurig Omnipure KQ8\/KQ8A Water Filter Kit - Cafe Gran Sasso","robots":{"index":"index","follow":"follow","max-snippet":"max-snippet:-1","max-image-preview":"max-image-preview:large","max-video-preview":"max-video-preview:-1"},"canonical":"https:\/\/cafegransasso.com\/fr\/shop\/keurig-omnipure-kq8kq8a-water-filter-kit\/","og_locale":"fr_FR","og_type":"article","og_title":"Keurig Omnipure KQ8\/KQ8A Water Filter Kit - Cafe Gran Sasso","og_description":"Includes KQ8 filter cartridge, valved head, mounting bracket and screws. For use with Keurig Coffee Brewers.","og_url":"https:\/\/cafegransasso.com\/fr\/shop\/keurig-omnipure-kq8kq8a-water-filter-kit\/","og_site_name":"Cafe Gran Sasso","article_publisher":"https:\/\/www.facebook.com\/CafeGranSasso\/","article_modified_time":"2023-10-24T16:28:31+00:00","og_image":[{"width":400,"height":400,"url":"https:\/\/cafegransasso.com\/wp-content\/uploads\/2016\/03\/66269.jpg","type":"image\/jpeg"}],"twitter_card":"summary_large_image","schema":{"@context":"https:\/\/schema.org","@graph":[{"@type":"WebPage","@id":"https:\/\/cafegransasso.com\/shop\/keurig-omnipure-kq8kq8a-water-filter-kit\/","url":"https:\/\/cafegransasso.com\/shop\/keurig-omnipure-kq8kq8a-water-filter-kit\/","name":"Keurig Omnipure KQ8\/KQ8A Water Filter Kit - Cafe Gran Sasso","isPartOf":{"@id":"https:\/\/cafegransasso.com\/#website"},"primaryImageOfPage":{"@id":"https:\/\/cafegransasso.com\/shop\/keurig-omnipure-kq8kq8a-water-filter-kit\/#primaryimage"},"image":{"@id":"https:\/\/cafegransasso.com\/shop\/keurig-omnipure-kq8kq8a-water-filter-kit\/#primaryimage"},"thumbnailUrl":"https:\/\/cafegransasso.com\/wp-content\/uploads\/2016\/03\/66269.jpg","datePublished":"2016-03-14T15:37:53+00:00","dateModified":"2023-10-24T16:28:31+00:00","breadcrumb":{"@id":"https:\/\/cafegransasso.com\/shop\/keurig-omnipure-kq8kq8a-water-filter-kit\/#breadcrumb"},"inLanguage":"fr-ca","potentialAction":[{"@type":"ReadAction","target":["https:\/\/cafegransasso.com\/shop\/keurig-omnipure-kq8kq8a-water-filter-kit\/"]}]},{"@type":"ImageObject","inLanguage":"fr-ca","@id":"https:\/\/cafegransasso.com\/shop\/keurig-omnipure-kq8kq8a-water-filter-kit\/#primaryimage","url":"https:\/\/cafegransasso.com\/wp-content\/uploads\/2016\/03\/66269.jpg","contentUrl":"https:\/\/cafegransasso.com\/wp-content\/uploads\/2016\/03\/66269.jpg","width":400,"height":400},{"@type":"BreadcrumbList","@id":"https:\/\/cafegransasso.com\/shop\/keurig-omnipure-kq8kq8a-water-filter-kit\/#breadcrumb","itemListElement":[{"@type":"ListItem","position":1,"name":"Home","item":"https:\/\/cafegransasso.com\/"},{"@type":"ListItem","position":2,"name":"Shop","item":"https:\/\/cafegransasso.com\/premium-office-coffee-and-accessories\/"},{"@type":"ListItem","position":3,"name":"Keurig Omnipure KQ8\/KQ8A Water Filter Kit"}]},{"@type":"WebSite","@id":"https:\/\/cafegransasso.com\/#website","url":"https:\/\/cafegransasso.com\/","name":"Cafe Gran Sasso","description":"From Bean to Brew: Coffee Solutions for Businesses.","publisher":{"@id":"https:\/\/cafegransasso.com\/#organization"},"potentialAction":[{"@type":"SearchAction","target":{"@type":"EntryPoint","urlTemplate":"https:\/\/cafegransasso.com\/?s={search_term_string}"},"query-input":{"@type":"PropertyValueSpecification","valueRequired":true,"valueName":"search_term_string"}}],"inLanguage":"fr-ca"},{"@type":"Organization","@id":"https:\/\/cafegransasso.com\/#organization","name":"Cafe Gran Sasso","url":"https:\/\/cafegransasso.com\/","logo":{"@type":"ImageObject","inLanguage":"fr-ca","@id":"https:\/\/cafegransasso.com\/#\/schema\/logo\/image\/","url":"https:\/\/cafegransasso.com\/wp-content\/uploads\/2024\/09\/GS-logo-Red-1-removebg-preview.png","contentUrl":"https:\/\/cafegransasso.com\/wp-content\/uploads\/2024\/09\/GS-logo-Red-1-removebg-preview.png","width":360,"height":149,"caption":"Cafe Gran Sasso"},"image":{"@id":"https:\/\/cafegransasso.com\/#\/schema\/logo\/image\/"},"sameAs":["https:\/\/www.facebook.com\/CafeGranSasso\/","https:\/\/www.instagram.com\/cafe_gransasso\/"]}]}},"_links":{"self":[{"href":"https:\/\/cafegransasso.com\/fr\/wp-json\/wp\/v2\/product\/11111","targetHints":{"allow":["GET"]}}],"collection":[{"href":"https:\/\/cafegransasso.com\/fr\/wp-json\/wp\/v2\/product"}],"about":[{"href":"https:\/\/cafegransasso.com\/fr\/wp-json\/wp\/v2\/types\/product"}],"replies":[{"embeddable":true,"href":"https:\/\/cafegransasso.com\/fr\/wp-json\/wp\/v2\/comments?post=11111"}],"version-history":[{"count":1,"href":"https:\/\/cafegransasso.com\/fr\/wp-json\/wp\/v2\/product\/11111\/revisions"}],"predecessor-version":[{"id":11115,"href":"https:\/\/cafegransasso.com\/fr\/wp-json\/wp\/v2\/product\/11111\/revisions\/11115"}],"wp:featuredmedia":[{"embeddable":true,"href":"https:\/\/cafegransasso.com\/fr\/wp-json\/wp\/v2\/media\/11112"}],"wp:attachment":[{"href":"https:\/\/cafegransasso.com\/fr\/wp-json\/wp\/v2\/media?parent=11111"}],"wp:term":[{"taxonomy":"product_brand","embeddable":true,"href":"https:\/\/cafegransasso.com\/fr\/wp-json\/wp\/v2\/product_brand?post=11111"},{"taxonomy":"product_cat","embeddable":true,"href":"https:\/\/cafegransasso.com\/fr\/wp-json\/wp\/v2\/product_cat?post=11111"},{"taxonomy":"product_tag","embeddable":true,"href":"https:\/\/cafegransasso.com\/fr\/wp-json\/wp\/v2\/product_tag?post=11111"}],"curies":[{"name":"wp","href":"https:\/\/api.w.org\/{rel}","templated":true}]}}