{"id":11242,"date":"2016-05-01T12:26:27","date_gmt":"2016-05-01T16:26:27","guid":{"rendered":"http:\/\/demo4.aikitech.ca\/shop\/caffitaly-carousel\/"},"modified":"2025-09-03T11:31:53","modified_gmt":"2025-09-03T15:31:53","slug":"caffitaly-carousel","status":"publish","type":"product","link":"https:\/\/cafegransasso.com\/fr\/shop\/caffitaly-carousel\/","title":{"rendered":"CAFFITALY CAROUSEL 40"},"content":{"rendered":"<div>\n<p>Fonctionnel et \u00e9l\u00e9gant. Peut contenir 40 capsules. Capsules vendues s\u00e9par\u00e9ment.<\/p>\n<p>Dimensions: 27cm X 18cm<br \/>\nCapacity: 4 x 10 capsules<br \/>\nConstruction: Stainless Steel<\/p>\n<\/div>\n<p>&nbsp;<\/p>","protected":false},"excerpt":{"rendered":"<p>Functional and stylish. Holds 40 capsules. Capsules sold separately. Dimensions: 27cm X 18cm Capacity: 4 x 10 capsules Construction: Stainless<\/p>","protected":false},"featured_media":11244,"comment_status":"open","ping_status":"closed","template":"","meta":[],"product_brand":[],"product_cat":[661,664],"product_tag":[522,696],"class_list":{"0":"post-11242","1":"product","2":"type-product","3":"status-publish","4":"has-post-thumbnail","6":"product_cat-accessories-2","7":"product_cat-caffitaly-accessories","8":"product_tag-caffitaly","9":"product_tag-carousel","11":"first","12":"outofstock","13":"taxable","14":"shipping-taxable","15":"purchasable","16":"product-type-simple"},"yoast_head":"<!-- This site is optimized with the Yoast SEO plugin v27.3 - https:\/\/yoast.com\/product\/yoast-seo-wordpress\/ -->\n<title>CAFFITALY CAROUSEL 40 - Cafe Gran Sasso<\/title>\n<meta name=\"robots\" content=\"index, follow, max-snippet:-1, max-image-preview:large, max-video-preview:-1\" \/>\n<link rel=\"canonical\" href=\"https:\/\/cafegransasso.com\/fr\/shop\/caffitaly-carousel\/\" \/>\n<meta property=\"og:locale\" content=\"fr_FR\" \/>\n<meta property=\"og:type\" content=\"article\" \/>\n<meta property=\"og:title\" content=\"CAFFITALY CAROUSEL 40 - Cafe Gran Sasso\" \/>\n<meta property=\"og:description\" content=\"Functional and stylish. Holds 40 capsules. Capsules sold separately. Dimensions: 27cm X 18cm Capacity: 4 x 10 capsules Construction: Stainless\" \/>\n<meta property=\"og:url\" content=\"https:\/\/cafegransasso.com\/fr\/shop\/caffitaly-carousel\/\" \/>\n<meta property=\"og:site_name\" content=\"Cafe Gran Sasso\" \/>\n<meta property=\"article:publisher\" content=\"https:\/\/www.facebook.com\/CafeGranSasso\/\" \/>\n<meta property=\"article:modified_time\" content=\"2025-09-03T15:31:53+00:00\" \/>\n<meta property=\"og:image\" content=\"https:\/\/cafegransasso.com\/wp-content\/uploads\/2016\/05\/Caffitaly-Carousel.png\" \/>\n\t<meta property=\"og:image:width\" content=\"300\" \/>\n\t<meta property=\"og:image:height\" content=\"300\" \/>\n\t<meta property=\"og:image:type\" content=\"image\/png\" \/>\n<meta name=\"twitter:card\" content=\"summary_large_image\" \/>\n<script type=\"application\/ld+json\" class=\"yoast-schema-graph\">{\"@context\":\"https:\\\/\\\/schema.org\",\"@graph\":[{\"@type\":\"WebPage\",\"@id\":\"https:\\\/\\\/cafegransasso.com\\\/shop\\\/caffitaly-carousel\\\/\",\"url\":\"https:\\\/\\\/cafegransasso.com\\\/shop\\\/caffitaly-carousel\\\/\",\"name\":\"CAFFITALY CAROUSEL 40 - Cafe Gran Sasso\",\"isPartOf\":{\"@id\":\"https:\\\/\\\/cafegransasso.com\\\/#website\"},\"primaryImageOfPage\":{\"@id\":\"https:\\\/\\\/cafegransasso.com\\\/shop\\\/caffitaly-carousel\\\/#primaryimage\"},\"image\":{\"@id\":\"https:\\\/\\\/cafegransasso.com\\\/shop\\\/caffitaly-carousel\\\/#primaryimage\"},\"thumbnailUrl\":\"https:\\\/\\\/cafegransasso.com\\\/wp-content\\\/uploads\\\/2016\\\/05\\\/Caffitaly-Carousel.png\",\"datePublished\":\"2016-05-01T16:26:27+00:00\",\"dateModified\":\"2025-09-03T15:31:53+00:00\",\"breadcrumb\":{\"@id\":\"https:\\\/\\\/cafegransasso.com\\\/shop\\\/caffitaly-carousel\\\/#breadcrumb\"},\"inLanguage\":\"fr-ca\",\"potentialAction\":[{\"@type\":\"ReadAction\",\"target\":[\"https:\\\/\\\/cafegransasso.com\\\/shop\\\/caffitaly-carousel\\\/\"]}]},{\"@type\":\"ImageObject\",\"inLanguage\":\"fr-ca\",\"@id\":\"https:\\\/\\\/cafegransasso.com\\\/shop\\\/caffitaly-carousel\\\/#primaryimage\",\"url\":\"https:\\\/\\\/cafegransasso.com\\\/wp-content\\\/uploads\\\/2016\\\/05\\\/Caffitaly-Carousel.png\",\"contentUrl\":\"https:\\\/\\\/cafegransasso.com\\\/wp-content\\\/uploads\\\/2016\\\/05\\\/Caffitaly-Carousel.png\",\"width\":300,\"height\":300},{\"@type\":\"BreadcrumbList\",\"@id\":\"https:\\\/\\\/cafegransasso.com\\\/shop\\\/caffitaly-carousel\\\/#breadcrumb\",\"itemListElement\":[{\"@type\":\"ListItem\",\"position\":1,\"name\":\"Home\",\"item\":\"https:\\\/\\\/cafegransasso.com\\\/\"},{\"@type\":\"ListItem\",\"position\":2,\"name\":\"Shop\",\"item\":\"https:\\\/\\\/cafegransasso.com\\\/premium-office-coffee-and-accessories\\\/\"},{\"@type\":\"ListItem\",\"position\":3,\"name\":\"CAFFITALY CAROUSEL 40\"}]},{\"@type\":\"WebSite\",\"@id\":\"https:\\\/\\\/cafegransasso.com\\\/#website\",\"url\":\"https:\\\/\\\/cafegransasso.com\\\/\",\"name\":\"Cafe Gran Sasso\",\"description\":\"From Bean to Brew: Coffee Solutions for Businesses.\",\"publisher\":{\"@id\":\"https:\\\/\\\/cafegransasso.com\\\/#organization\"},\"potentialAction\":[{\"@type\":\"SearchAction\",\"target\":{\"@type\":\"EntryPoint\",\"urlTemplate\":\"https:\\\/\\\/cafegransasso.com\\\/?s={search_term_string}\"},\"query-input\":{\"@type\":\"PropertyValueSpecification\",\"valueRequired\":true,\"valueName\":\"search_term_string\"}}],\"inLanguage\":\"fr-ca\"},{\"@type\":\"Organization\",\"@id\":\"https:\\\/\\\/cafegransasso.com\\\/#organization\",\"name\":\"Cafe Gran Sasso\",\"url\":\"https:\\\/\\\/cafegransasso.com\\\/\",\"logo\":{\"@type\":\"ImageObject\",\"inLanguage\":\"fr-ca\",\"@id\":\"https:\\\/\\\/cafegransasso.com\\\/#\\\/schema\\\/logo\\\/image\\\/\",\"url\":\"https:\\\/\\\/cafegransasso.com\\\/wp-content\\\/uploads\\\/2024\\\/09\\\/GS-logo-Red-1-removebg-preview.png\",\"contentUrl\":\"https:\\\/\\\/cafegransasso.com\\\/wp-content\\\/uploads\\\/2024\\\/09\\\/GS-logo-Red-1-removebg-preview.png\",\"width\":360,\"height\":149,\"caption\":\"Cafe Gran Sasso\"},\"image\":{\"@id\":\"https:\\\/\\\/cafegransasso.com\\\/#\\\/schema\\\/logo\\\/image\\\/\"},\"sameAs\":[\"https:\\\/\\\/www.facebook.com\\\/CafeGranSasso\\\/\",\"https:\\\/\\\/www.instagram.com\\\/cafe_gransasso\\\/\"]}]}<\/script>\n<!-- \/ Yoast SEO plugin. -->","yoast_head_json":{"title":"CAFFITALY CAROUSEL 40 - Cafe Gran Sasso","robots":{"index":"index","follow":"follow","max-snippet":"max-snippet:-1","max-image-preview":"max-image-preview:large","max-video-preview":"max-video-preview:-1"},"canonical":"https:\/\/cafegransasso.com\/fr\/shop\/caffitaly-carousel\/","og_locale":"fr_FR","og_type":"article","og_title":"CAFFITALY CAROUSEL 40 - Cafe Gran Sasso","og_description":"Functional and stylish. Holds 40 capsules. Capsules sold separately. Dimensions: 27cm X 18cm Capacity: 4 x 10 capsules Construction: Stainless","og_url":"https:\/\/cafegransasso.com\/fr\/shop\/caffitaly-carousel\/","og_site_name":"Cafe Gran Sasso","article_publisher":"https:\/\/www.facebook.com\/CafeGranSasso\/","article_modified_time":"2025-09-03T15:31:53+00:00","og_image":[{"width":300,"height":300,"url":"https:\/\/cafegransasso.com\/wp-content\/uploads\/2016\/05\/Caffitaly-Carousel.png","type":"image\/png"}],"twitter_card":"summary_large_image","schema":{"@context":"https:\/\/schema.org","@graph":[{"@type":"WebPage","@id":"https:\/\/cafegransasso.com\/shop\/caffitaly-carousel\/","url":"https:\/\/cafegransasso.com\/shop\/caffitaly-carousel\/","name":"CAFFITALY CAROUSEL 40 - Cafe Gran Sasso","isPartOf":{"@id":"https:\/\/cafegransasso.com\/#website"},"primaryImageOfPage":{"@id":"https:\/\/cafegransasso.com\/shop\/caffitaly-carousel\/#primaryimage"},"image":{"@id":"https:\/\/cafegransasso.com\/shop\/caffitaly-carousel\/#primaryimage"},"thumbnailUrl":"https:\/\/cafegransasso.com\/wp-content\/uploads\/2016\/05\/Caffitaly-Carousel.png","datePublished":"2016-05-01T16:26:27+00:00","dateModified":"2025-09-03T15:31:53+00:00","breadcrumb":{"@id":"https:\/\/cafegransasso.com\/shop\/caffitaly-carousel\/#breadcrumb"},"inLanguage":"fr-ca","potentialAction":[{"@type":"ReadAction","target":["https:\/\/cafegransasso.com\/shop\/caffitaly-carousel\/"]}]},{"@type":"ImageObject","inLanguage":"fr-ca","@id":"https:\/\/cafegransasso.com\/shop\/caffitaly-carousel\/#primaryimage","url":"https:\/\/cafegransasso.com\/wp-content\/uploads\/2016\/05\/Caffitaly-Carousel.png","contentUrl":"https:\/\/cafegransasso.com\/wp-content\/uploads\/2016\/05\/Caffitaly-Carousel.png","width":300,"height":300},{"@type":"BreadcrumbList","@id":"https:\/\/cafegransasso.com\/shop\/caffitaly-carousel\/#breadcrumb","itemListElement":[{"@type":"ListItem","position":1,"name":"Home","item":"https:\/\/cafegransasso.com\/"},{"@type":"ListItem","position":2,"name":"Shop","item":"https:\/\/cafegransasso.com\/premium-office-coffee-and-accessories\/"},{"@type":"ListItem","position":3,"name":"CAFFITALY CAROUSEL 40"}]},{"@type":"WebSite","@id":"https:\/\/cafegransasso.com\/#website","url":"https:\/\/cafegransasso.com\/","name":"Cafe Gran Sasso","description":"From Bean to Brew: Coffee Solutions for Businesses.","publisher":{"@id":"https:\/\/cafegransasso.com\/#organization"},"potentialAction":[{"@type":"SearchAction","target":{"@type":"EntryPoint","urlTemplate":"https:\/\/cafegransasso.com\/?s={search_term_string}"},"query-input":{"@type":"PropertyValueSpecification","valueRequired":true,"valueName":"search_term_string"}}],"inLanguage":"fr-ca"},{"@type":"Organization","@id":"https:\/\/cafegransasso.com\/#organization","name":"Cafe Gran Sasso","url":"https:\/\/cafegransasso.com\/","logo":{"@type":"ImageObject","inLanguage":"fr-ca","@id":"https:\/\/cafegransasso.com\/#\/schema\/logo\/image\/","url":"https:\/\/cafegransasso.com\/wp-content\/uploads\/2024\/09\/GS-logo-Red-1-removebg-preview.png","contentUrl":"https:\/\/cafegransasso.com\/wp-content\/uploads\/2024\/09\/GS-logo-Red-1-removebg-preview.png","width":360,"height":149,"caption":"Cafe Gran Sasso"},"image":{"@id":"https:\/\/cafegransasso.com\/#\/schema\/logo\/image\/"},"sameAs":["https:\/\/www.facebook.com\/CafeGranSasso\/","https:\/\/www.instagram.com\/cafe_gransasso\/"]}]}},"_links":{"self":[{"href":"https:\/\/cafegransasso.com\/fr\/wp-json\/wp\/v2\/product\/11242","targetHints":{"allow":["GET"]}}],"collection":[{"href":"https:\/\/cafegransasso.com\/fr\/wp-json\/wp\/v2\/product"}],"about":[{"href":"https:\/\/cafegransasso.com\/fr\/wp-json\/wp\/v2\/types\/product"}],"replies":[{"embeddable":true,"href":"https:\/\/cafegransasso.com\/fr\/wp-json\/wp\/v2\/comments?post=11242"}],"version-history":[{"count":1,"href":"https:\/\/cafegransasso.com\/fr\/wp-json\/wp\/v2\/product\/11242\/revisions"}],"predecessor-version":[{"id":28526,"href":"https:\/\/cafegransasso.com\/fr\/wp-json\/wp\/v2\/product\/11242\/revisions\/28526"}],"wp:featuredmedia":[{"embeddable":true,"href":"https:\/\/cafegransasso.com\/fr\/wp-json\/wp\/v2\/media\/11244"}],"wp:attachment":[{"href":"https:\/\/cafegransasso.com\/fr\/wp-json\/wp\/v2\/media?parent=11242"}],"wp:term":[{"taxonomy":"product_brand","embeddable":true,"href":"https:\/\/cafegransasso.com\/fr\/wp-json\/wp\/v2\/product_brand?post=11242"},{"taxonomy":"product_cat","embeddable":true,"href":"https:\/\/cafegransasso.com\/fr\/wp-json\/wp\/v2\/product_cat?post=11242"},{"taxonomy":"product_tag","embeddable":true,"href":"https:\/\/cafegransasso.com\/fr\/wp-json\/wp\/v2\/product_tag?post=11242"}],"curies":[{"name":"wp","href":"https:\/\/api.w.org\/{rel}","templated":true}]}}