{"id":12414,"date":"2019-03-17T13:14:01","date_gmt":"2019-03-17T17:14:01","guid":{"rendered":"https:\/\/www.cafegransasso.com\/?post_type=product&#038;p=12414"},"modified":"2025-09-05T11:20:31","modified_gmt":"2025-09-05T15:20:31","slug":"k1550","status":"publish","type":"product","link":"https:\/\/cafegransasso.com\/fr\/shop\/k1550\/","title":{"rendered":"Keurig\u00ae K1550 cafeti\u00e8re commerciale \u00e0 service unique"},"content":{"rendered":"<p><strong>DESCRIPTION<\/strong><\/p>\n<p>Pr\u00e9parez vos boissons pr\u00e9f\u00e9r\u00e9es d'une simple pression sur un bouton avec la cafeti\u00e8re Keurig\u00ae K1550. Id\u00e9ale pour les petites entreprises, la cafeti\u00e8re commerciale K-1550\u2122 enti\u00e8rement \u00e9quip\u00e9e offre une personnalisation des boissons sans effort avec 4 tailles de tasses et un bouton STRONG qui augmente la force et le go\u00fbt audacieux de la saveur de votre caf\u00e9. Maintenant avec <strong>la fonctionnalit\u00e9<\/strong> <strong>Brew Over Ice<\/strong> pour une plus grande vari\u00e9t\u00e9 de boissons tout au long de la journ\u00e9e de travail !<\/p>\n<p>Id\u00e9al pour les petites entreprises (jusqu'\u00e0 15 employ\u00e9s)<\/p>\n<p>Pr\u00e9parez une large s\u00e9lection de boissons avec plus de 150 vari\u00e9t\u00e9s de dosettes Keurig K-Cup\u00ae provenant de plus de 30 grandes marques.<\/p>\n<p>Fournit du caf\u00e9, du th\u00e9 et du chocolat chaud fra\u00eechement pr\u00e9par\u00e9s en moins d'une minute.<\/p>\n<p>Permet de pr\u00e9parer 4 tailles de tasses (6, 8, 10 et 12 oz) et est suffisamment grand pour accueillir une tasse de voyage.<\/p>\n<p>R\u00e9servoir d'eau extra-large de 96 oz avec poign\u00e9e durable et facile \u00e0 utiliser pour un nettoyage sans effort et une plus grande commodit\u00e9.<\/p>\n<p>Le bouton STRONG d\u00e9livre une saveur plus audacieuse et plus intense.<\/p>\n<p>Quiet Brew Technology\u2122 minimise le bruit de la cafeti\u00e8re en cours d'utilisation.<\/p>\n<p>La fonction d'arr\u00eat automatique programmable permet d'\u00e9conomiser de l'\u00e9nergie lorsqu'elle n'est pas utilis\u00e9e.<\/p>\n<p>Des voyants lumineux indiquent clairement quand il est temps d'ajouter de l'eau ou de d\u00e9tartrer la cafeti\u00e8re.<\/p>\n<p>Le r\u00e9servoir d'eau chaude interne est enti\u00e8rement vidangeable pour faciliter le transport et le d\u00e9placement.<\/p>\n<p>Le r\u00e9glage haute altitude permet \u00e0 la cafeti\u00e8re de fonctionner correctement \u00e0 des altitudes sup\u00e9rieures \u00e0 5 000 pieds.<\/p>\n<p>Con\u00e7u avec une fiabilit\u00e9 de niveau commercial<\/p>\n<p>Pr\u00e9parez vos boissons pr\u00e9f\u00e9r\u00e9es d'une simple pression sur un bouton avec la cafeti\u00e8re Keurig\u00ae K1550\u2122. Id\u00e9ale pour les petites entreprises, la cafeti\u00e8re commerciale K1550\u2122 est enti\u00e8rement \u00e9quip\u00e9e pour personnaliser les boissons sans effort, avec notamment 4 tailles de tasse (6, 8, 10 et 12 oz) et un bouton STRONG qui augmente la force et le go\u00fbt audacieux de la saveur de votre caf\u00e9. Et avec plus de 30 marques et 150+ vari\u00e9t\u00e9s de dosettes K-Cup\u00ae au choix, pr\u00e9parer la tasse parfaite de caf\u00e9, de th\u00e9 ou de cacao chaud n'a jamais \u00e9t\u00e9 aussi facile. La cafeti\u00e8re K1550\u2122 apporte de la commodit\u00e9 \u00e0 toute entreprise, avec la Quiet Brew Technology\u2122 qui minimise le bruit pendant l'utilisation, et un r\u00e9servoir d'eau extra large de 96 oz qui permet de remplir et de nettoyer en un clin d'\u0153il.<\/p>","protected":false},"excerpt":{"rendered":"<p>DESCRIPTION Brew your favorite beverages at the touch of a button with the Keurig\u00ae K1550 Coffee Maker. Ideal for small<\/p>","protected":false},"featured_media":12939,"comment_status":"open","ping_status":"closed","template":"","meta":[],"product_brand":[],"product_cat":[652],"product_tag":[1051,307],"class_list":{"0":"post-12414","1":"product","2":"type-product","3":"status-publish","4":"has-post-thumbnail","6":"product_cat-keurig","7":"product_tag-k1550","8":"product_tag-keurig","10":"first","11":"instock","12":"sold-individually","13":"taxable","14":"shipping-taxable","15":"purchasable","16":"product-type-simple"},"yoast_head":"<!-- This site is optimized with the Yoast SEO plugin v27.3 - https:\/\/yoast.com\/product\/yoast-seo-wordpress\/ -->\n<title>Keurig\u00ae K1550 Single-Serve Commercial Coffee Maker - Cafe Gran Sasso<\/title>\n<meta name=\"robots\" content=\"index, follow, max-snippet:-1, max-image-preview:large, max-video-preview:-1\" \/>\n<link rel=\"canonical\" href=\"https:\/\/cafegransasso.com\/fr\/shop\/k1550\/\" \/>\n<meta property=\"og:locale\" content=\"fr_FR\" \/>\n<meta property=\"og:type\" content=\"article\" \/>\n<meta property=\"og:title\" content=\"Keurig\u00ae K1550 Single-Serve Commercial Coffee Maker - Cafe Gran Sasso\" \/>\n<meta property=\"og:description\" content=\"DESCRIPTION Brew your favorite beverages at the touch of a button with the Keurig\u00ae K1550 Coffee Maker. Ideal for small\" \/>\n<meta property=\"og:url\" content=\"https:\/\/cafegransasso.com\/fr\/shop\/k1550\/\" \/>\n<meta property=\"og:site_name\" content=\"Cafe Gran Sasso\" \/>\n<meta property=\"article:publisher\" content=\"https:\/\/www.facebook.com\/CafeGranSasso\/\" \/>\n<meta property=\"article:modified_time\" content=\"2025-09-05T15:20:31+00:00\" \/>\n<meta property=\"og:image\" content=\"https:\/\/cafegransasso.com\/wp-content\/uploads\/2019\/03\/k1500.jpg\" \/>\n\t<meta property=\"og:image:width\" content=\"300\" \/>\n\t<meta property=\"og:image:height\" content=\"300\" \/>\n\t<meta property=\"og:image:type\" content=\"image\/jpeg\" \/>\n<meta name=\"twitter:card\" content=\"summary_large_image\" \/>\n<meta name=\"twitter:label1\" content=\"Est. reading time\" \/>\n\t<meta name=\"twitter:data1\" content=\"2 minutes\" \/>\n<script type=\"application\/ld+json\" class=\"yoast-schema-graph\">{\"@context\":\"https:\\\/\\\/schema.org\",\"@graph\":[{\"@type\":\"WebPage\",\"@id\":\"https:\\\/\\\/cafegransasso.com\\\/shop\\\/k1550\\\/\",\"url\":\"https:\\\/\\\/cafegransasso.com\\\/shop\\\/k1550\\\/\",\"name\":\"Keurig\u00ae K1550 Single-Serve Commercial Coffee Maker - Cafe Gran Sasso\",\"isPartOf\":{\"@id\":\"https:\\\/\\\/cafegransasso.com\\\/#website\"},\"primaryImageOfPage\":{\"@id\":\"https:\\\/\\\/cafegransasso.com\\\/shop\\\/k1550\\\/#primaryimage\"},\"image\":{\"@id\":\"https:\\\/\\\/cafegransasso.com\\\/shop\\\/k1550\\\/#primaryimage\"},\"thumbnailUrl\":\"https:\\\/\\\/cafegransasso.com\\\/wp-content\\\/uploads\\\/2019\\\/03\\\/k1500.jpg\",\"datePublished\":\"2019-03-17T17:14:01+00:00\",\"dateModified\":\"2025-09-05T15:20:31+00:00\",\"breadcrumb\":{\"@id\":\"https:\\\/\\\/cafegransasso.com\\\/shop\\\/k1550\\\/#breadcrumb\"},\"inLanguage\":\"fr-ca\",\"potentialAction\":[{\"@type\":\"ReadAction\",\"target\":[\"https:\\\/\\\/cafegransasso.com\\\/shop\\\/k1550\\\/\"]}]},{\"@type\":\"ImageObject\",\"inLanguage\":\"fr-ca\",\"@id\":\"https:\\\/\\\/cafegransasso.com\\\/shop\\\/k1550\\\/#primaryimage\",\"url\":\"https:\\\/\\\/cafegransasso.com\\\/wp-content\\\/uploads\\\/2019\\\/03\\\/k1500.jpg\",\"contentUrl\":\"https:\\\/\\\/cafegransasso.com\\\/wp-content\\\/uploads\\\/2019\\\/03\\\/k1500.jpg\",\"width\":300,\"height\":300},{\"@type\":\"BreadcrumbList\",\"@id\":\"https:\\\/\\\/cafegransasso.com\\\/shop\\\/k1550\\\/#breadcrumb\",\"itemListElement\":[{\"@type\":\"ListItem\",\"position\":1,\"name\":\"Home\",\"item\":\"https:\\\/\\\/cafegransasso.com\\\/\"},{\"@type\":\"ListItem\",\"position\":2,\"name\":\"Shop\",\"item\":\"https:\\\/\\\/cafegransasso.com\\\/premium-office-coffee-and-accessories\\\/\"},{\"@type\":\"ListItem\",\"position\":3,\"name\":\"Keurig\u00ae K1550 Single-Serve Commercial Coffee Maker\"}]},{\"@type\":\"WebSite\",\"@id\":\"https:\\\/\\\/cafegransasso.com\\\/#website\",\"url\":\"https:\\\/\\\/cafegransasso.com\\\/\",\"name\":\"Cafe Gran Sasso\",\"description\":\"From Bean to Brew: Coffee Solutions for Businesses.\",\"publisher\":{\"@id\":\"https:\\\/\\\/cafegransasso.com\\\/#organization\"},\"potentialAction\":[{\"@type\":\"SearchAction\",\"target\":{\"@type\":\"EntryPoint\",\"urlTemplate\":\"https:\\\/\\\/cafegransasso.com\\\/?s={search_term_string}\"},\"query-input\":{\"@type\":\"PropertyValueSpecification\",\"valueRequired\":true,\"valueName\":\"search_term_string\"}}],\"inLanguage\":\"fr-ca\"},{\"@type\":\"Organization\",\"@id\":\"https:\\\/\\\/cafegransasso.com\\\/#organization\",\"name\":\"Cafe Gran Sasso\",\"url\":\"https:\\\/\\\/cafegransasso.com\\\/\",\"logo\":{\"@type\":\"ImageObject\",\"inLanguage\":\"fr-ca\",\"@id\":\"https:\\\/\\\/cafegransasso.com\\\/#\\\/schema\\\/logo\\\/image\\\/\",\"url\":\"https:\\\/\\\/cafegransasso.com\\\/wp-content\\\/uploads\\\/2024\\\/09\\\/GS-logo-Red-1-removebg-preview.png\",\"contentUrl\":\"https:\\\/\\\/cafegransasso.com\\\/wp-content\\\/uploads\\\/2024\\\/09\\\/GS-logo-Red-1-removebg-preview.png\",\"width\":360,\"height\":149,\"caption\":\"Cafe Gran Sasso\"},\"image\":{\"@id\":\"https:\\\/\\\/cafegransasso.com\\\/#\\\/schema\\\/logo\\\/image\\\/\"},\"sameAs\":[\"https:\\\/\\\/www.facebook.com\\\/CafeGranSasso\\\/\",\"https:\\\/\\\/www.instagram.com\\\/cafe_gransasso\\\/\"]}]}<\/script>\n<!-- \/ Yoast SEO plugin. -->","yoast_head_json":{"title":"Keurig\u00ae K1550 Single-Serve Commercial Coffee Maker - Cafe Gran Sasso","robots":{"index":"index","follow":"follow","max-snippet":"max-snippet:-1","max-image-preview":"max-image-preview:large","max-video-preview":"max-video-preview:-1"},"canonical":"https:\/\/cafegransasso.com\/fr\/shop\/k1550\/","og_locale":"fr_FR","og_type":"article","og_title":"Keurig\u00ae K1550 Single-Serve Commercial Coffee Maker - Cafe Gran Sasso","og_description":"DESCRIPTION Brew your favorite beverages at the touch of a button with the Keurig\u00ae K1550 Coffee Maker. Ideal for small","og_url":"https:\/\/cafegransasso.com\/fr\/shop\/k1550\/","og_site_name":"Cafe Gran Sasso","article_publisher":"https:\/\/www.facebook.com\/CafeGranSasso\/","article_modified_time":"2025-09-05T15:20:31+00:00","og_image":[{"width":300,"height":300,"url":"https:\/\/cafegransasso.com\/wp-content\/uploads\/2019\/03\/k1500.jpg","type":"image\/jpeg"}],"twitter_card":"summary_large_image","twitter_misc":{"Est. reading time":"2 minutes"},"schema":{"@context":"https:\/\/schema.org","@graph":[{"@type":"WebPage","@id":"https:\/\/cafegransasso.com\/shop\/k1550\/","url":"https:\/\/cafegransasso.com\/shop\/k1550\/","name":"Keurig\u00ae K1550 Single-Serve Commercial Coffee Maker - Cafe Gran Sasso","isPartOf":{"@id":"https:\/\/cafegransasso.com\/#website"},"primaryImageOfPage":{"@id":"https:\/\/cafegransasso.com\/shop\/k1550\/#primaryimage"},"image":{"@id":"https:\/\/cafegransasso.com\/shop\/k1550\/#primaryimage"},"thumbnailUrl":"https:\/\/cafegransasso.com\/wp-content\/uploads\/2019\/03\/k1500.jpg","datePublished":"2019-03-17T17:14:01+00:00","dateModified":"2025-09-05T15:20:31+00:00","breadcrumb":{"@id":"https:\/\/cafegransasso.com\/shop\/k1550\/#breadcrumb"},"inLanguage":"fr-ca","potentialAction":[{"@type":"ReadAction","target":["https:\/\/cafegransasso.com\/shop\/k1550\/"]}]},{"@type":"ImageObject","inLanguage":"fr-ca","@id":"https:\/\/cafegransasso.com\/shop\/k1550\/#primaryimage","url":"https:\/\/cafegransasso.com\/wp-content\/uploads\/2019\/03\/k1500.jpg","contentUrl":"https:\/\/cafegransasso.com\/wp-content\/uploads\/2019\/03\/k1500.jpg","width":300,"height":300},{"@type":"BreadcrumbList","@id":"https:\/\/cafegransasso.com\/shop\/k1550\/#breadcrumb","itemListElement":[{"@type":"ListItem","position":1,"name":"Home","item":"https:\/\/cafegransasso.com\/"},{"@type":"ListItem","position":2,"name":"Shop","item":"https:\/\/cafegransasso.com\/premium-office-coffee-and-accessories\/"},{"@type":"ListItem","position":3,"name":"Keurig\u00ae K1550 Single-Serve Commercial Coffee Maker"}]},{"@type":"WebSite","@id":"https:\/\/cafegransasso.com\/#website","url":"https:\/\/cafegransasso.com\/","name":"Cafe Gran Sasso","description":"From Bean to Brew: Coffee Solutions for Businesses.","publisher":{"@id":"https:\/\/cafegransasso.com\/#organization"},"potentialAction":[{"@type":"SearchAction","target":{"@type":"EntryPoint","urlTemplate":"https:\/\/cafegransasso.com\/?s={search_term_string}"},"query-input":{"@type":"PropertyValueSpecification","valueRequired":true,"valueName":"search_term_string"}}],"inLanguage":"fr-ca"},{"@type":"Organization","@id":"https:\/\/cafegransasso.com\/#organization","name":"Cafe Gran Sasso","url":"https:\/\/cafegransasso.com\/","logo":{"@type":"ImageObject","inLanguage":"fr-ca","@id":"https:\/\/cafegransasso.com\/#\/schema\/logo\/image\/","url":"https:\/\/cafegransasso.com\/wp-content\/uploads\/2024\/09\/GS-logo-Red-1-removebg-preview.png","contentUrl":"https:\/\/cafegransasso.com\/wp-content\/uploads\/2024\/09\/GS-logo-Red-1-removebg-preview.png","width":360,"height":149,"caption":"Cafe Gran Sasso"},"image":{"@id":"https:\/\/cafegransasso.com\/#\/schema\/logo\/image\/"},"sameAs":["https:\/\/www.facebook.com\/CafeGranSasso\/","https:\/\/www.instagram.com\/cafe_gransasso\/"]}]}},"_links":{"self":[{"href":"https:\/\/cafegransasso.com\/fr\/wp-json\/wp\/v2\/product\/12414","targetHints":{"allow":["GET"]}}],"collection":[{"href":"https:\/\/cafegransasso.com\/fr\/wp-json\/wp\/v2\/product"}],"about":[{"href":"https:\/\/cafegransasso.com\/fr\/wp-json\/wp\/v2\/types\/product"}],"replies":[{"embeddable":true,"href":"https:\/\/cafegransasso.com\/fr\/wp-json\/wp\/v2\/comments?post=12414"}],"version-history":[{"count":3,"href":"https:\/\/cafegransasso.com\/fr\/wp-json\/wp\/v2\/product\/12414\/revisions"}],"predecessor-version":[{"id":35121,"href":"https:\/\/cafegransasso.com\/fr\/wp-json\/wp\/v2\/product\/12414\/revisions\/35121"}],"wp:featuredmedia":[{"embeddable":true,"href":"https:\/\/cafegransasso.com\/fr\/wp-json\/wp\/v2\/media\/12939"}],"wp:attachment":[{"href":"https:\/\/cafegransasso.com\/fr\/wp-json\/wp\/v2\/media?parent=12414"}],"wp:term":[{"taxonomy":"product_brand","embeddable":true,"href":"https:\/\/cafegransasso.com\/fr\/wp-json\/wp\/v2\/product_brand?post=12414"},{"taxonomy":"product_cat","embeddable":true,"href":"https:\/\/cafegransasso.com\/fr\/wp-json\/wp\/v2\/product_cat?post=12414"},{"taxonomy":"product_tag","embeddable":true,"href":"https:\/\/cafegransasso.com\/fr\/wp-json\/wp\/v2\/product_tag?post=12414"}],"curies":[{"name":"wp","href":"https:\/\/api.w.org\/{rel}","templated":true}]}}