{"id":12445,"date":"2019-08-06T11:42:55","date_gmt":"2019-08-06T15:42:55","guid":{"rendered":"https:\/\/www.cafegransasso.com\/?post_type=product&#038;p=12445"},"modified":"2025-08-15T12:39:48","modified_gmt":"2025-08-15T16:39:48","slug":"barista-prima-italian-roast1","status":"publish","type":"product","link":"https:\/\/cafegransasso.com\/fr\/shop\/barista-prima-italian-roast1\/","title":{"rendered":"Barista Prima \u2013 Torr\u00e9faction italienne"},"content":{"rendered":"<div>Barista Prima Coffeehouse\u00ae\u2019s M\u00e9lange Italien est un d\u00e9lice de torr\u00e9faction profonde et fonc\u00e9e, bien fait. Cette tasse riche et cors\u00e9e, avec ses notes de fruits m\u00fbrs et de baies, incarne la tradition italienne ancestrale des caf\u00e9s torr\u00e9fi\u00e9s. Audacieux mais id\u00e9alement \u00e9quilibr\u00e9, avec un soup\u00e7on subtil de fum\u00e9e et une finale claire et lumineuse, notre caf\u00e9 torr\u00e9fi\u00e9 italien est un testament copieux et savoureux de l'art de la torr\u00e9faction fonc\u00e9e.<\/div>\n<div><\/div>\n<div>Succombez au go\u00fbt intense du Barista Prima Coffeehouse\u00ae<\/div>","protected":false},"excerpt":{"rendered":"<p>Barista Prima Coffeehouse\u00ae\u2019s Italian Roast is a deep, dark-roasted delight, done right. This rich, heavy-bodied cup with its ripe fruit<\/p>","protected":false},"featured_media":26233,"comment_status":"open","ping_status":"closed","template":"","meta":[],"product_brand":[],"product_cat":[656,191,641],"product_tag":[305,322,308,307],"class_list":{"0":"post-12445","1":"product","2":"type-product","3":"status-publish","4":"has-post-thumbnail","6":"product_cat-bulk-deals","7":"product_cat-keurig-pods","8":"product_cat-single-serve","9":"product_tag-barista-prima","10":"product_tag-italian","11":"product_tag-k-cup","12":"product_tag-keurig","14":"first","15":"instock","16":"purchasable","17":"product-type-variable","18":"has-default-attributes"},"yoast_head":"<!-- This site is optimized with the Yoast SEO plugin v27.3 - https:\/\/yoast.com\/product\/yoast-seo-wordpress\/ -->\n<title>Barista Prima Italian Roast - Cafe Gran Sasso<\/title>\n<meta name=\"robots\" content=\"index, follow, max-snippet:-1, max-image-preview:large, max-video-preview:-1\" \/>\n<link rel=\"canonical\" href=\"https:\/\/cafegransasso.com\/fr\/shop\/barista-prima-italian-roast1\/\" \/>\n<meta property=\"og:locale\" content=\"fr_FR\" \/>\n<meta property=\"og:type\" content=\"article\" \/>\n<meta property=\"og:title\" content=\"Barista Prima Italian Roast - Cafe Gran Sasso\" \/>\n<meta property=\"og:description\" content=\"Barista Prima Coffeehouse\u00ae\u2019s Italian Roast is a deep, dark-roasted delight, done right. This rich, heavy-bodied cup with its ripe fruit\" \/>\n<meta property=\"og:url\" content=\"https:\/\/cafegransasso.com\/fr\/shop\/barista-prima-italian-roast1\/\" \/>\n<meta property=\"og:site_name\" content=\"Cafe Gran Sasso\" \/>\n<meta property=\"article:publisher\" content=\"https:\/\/www.facebook.com\/CafeGranSasso\/\" \/>\n<meta property=\"article:modified_time\" content=\"2025-08-15T16:39:48+00:00\" \/>\n<meta property=\"og:image\" content=\"https:\/\/cafegransasso.com\/wp-content\/uploads\/2019\/08\/LID_BAPR_ITALIAN_RST-8db852a8.jpg\" \/>\n\t<meta property=\"og:image:width\" content=\"1920\" \/>\n\t<meta property=\"og:image:height\" content=\"1920\" \/>\n\t<meta property=\"og:image:type\" content=\"image\/jpeg\" \/>\n<meta name=\"twitter:card\" content=\"summary_large_image\" \/>\n<script type=\"application\/ld+json\" class=\"yoast-schema-graph\">{\"@context\":\"https:\\\/\\\/schema.org\",\"@graph\":[{\"@type\":\"WebPage\",\"@id\":\"https:\\\/\\\/cafegransasso.com\\\/shop\\\/barista-prima-italian-roast1\\\/\",\"url\":\"https:\\\/\\\/cafegransasso.com\\\/shop\\\/barista-prima-italian-roast1\\\/\",\"name\":\"Barista Prima Italian Roast - Cafe Gran Sasso\",\"isPartOf\":{\"@id\":\"https:\\\/\\\/cafegransasso.com\\\/#website\"},\"primaryImageOfPage\":{\"@id\":\"https:\\\/\\\/cafegransasso.com\\\/shop\\\/barista-prima-italian-roast1\\\/#primaryimage\"},\"image\":{\"@id\":\"https:\\\/\\\/cafegransasso.com\\\/shop\\\/barista-prima-italian-roast1\\\/#primaryimage\"},\"thumbnailUrl\":\"https:\\\/\\\/cafegransasso.com\\\/wp-content\\\/uploads\\\/2019\\\/08\\\/LID_BAPR_ITALIAN_RST-8db852a8.jpg\",\"datePublished\":\"2019-08-06T15:42:55+00:00\",\"dateModified\":\"2025-08-15T16:39:48+00:00\",\"breadcrumb\":{\"@id\":\"https:\\\/\\\/cafegransasso.com\\\/shop\\\/barista-prima-italian-roast1\\\/#breadcrumb\"},\"inLanguage\":\"fr-ca\",\"potentialAction\":[{\"@type\":\"ReadAction\",\"target\":[\"https:\\\/\\\/cafegransasso.com\\\/shop\\\/barista-prima-italian-roast1\\\/\"]}]},{\"@type\":\"ImageObject\",\"inLanguage\":\"fr-ca\",\"@id\":\"https:\\\/\\\/cafegransasso.com\\\/shop\\\/barista-prima-italian-roast1\\\/#primaryimage\",\"url\":\"https:\\\/\\\/cafegransasso.com\\\/wp-content\\\/uploads\\\/2019\\\/08\\\/LID_BAPR_ITALIAN_RST-8db852a8.jpg\",\"contentUrl\":\"https:\\\/\\\/cafegransasso.com\\\/wp-content\\\/uploads\\\/2019\\\/08\\\/LID_BAPR_ITALIAN_RST-8db852a8.jpg\",\"width\":1920,\"height\":1920},{\"@type\":\"BreadcrumbList\",\"@id\":\"https:\\\/\\\/cafegransasso.com\\\/shop\\\/barista-prima-italian-roast1\\\/#breadcrumb\",\"itemListElement\":[{\"@type\":\"ListItem\",\"position\":1,\"name\":\"Home\",\"item\":\"https:\\\/\\\/cafegransasso.com\\\/\"},{\"@type\":\"ListItem\",\"position\":2,\"name\":\"Shop\",\"item\":\"https:\\\/\\\/cafegransasso.com\\\/premium-office-coffee-and-accessories\\\/\"},{\"@type\":\"ListItem\",\"position\":3,\"name\":\"Barista Prima Italian Roast\"}]},{\"@type\":\"WebSite\",\"@id\":\"https:\\\/\\\/cafegransasso.com\\\/#website\",\"url\":\"https:\\\/\\\/cafegransasso.com\\\/\",\"name\":\"Cafe Gran Sasso\",\"description\":\"From Bean to Brew: Coffee Solutions for Businesses.\",\"publisher\":{\"@id\":\"https:\\\/\\\/cafegransasso.com\\\/#organization\"},\"potentialAction\":[{\"@type\":\"SearchAction\",\"target\":{\"@type\":\"EntryPoint\",\"urlTemplate\":\"https:\\\/\\\/cafegransasso.com\\\/?s={search_term_string}\"},\"query-input\":{\"@type\":\"PropertyValueSpecification\",\"valueRequired\":true,\"valueName\":\"search_term_string\"}}],\"inLanguage\":\"fr-ca\"},{\"@type\":\"Organization\",\"@id\":\"https:\\\/\\\/cafegransasso.com\\\/#organization\",\"name\":\"Cafe Gran Sasso\",\"url\":\"https:\\\/\\\/cafegransasso.com\\\/\",\"logo\":{\"@type\":\"ImageObject\",\"inLanguage\":\"fr-ca\",\"@id\":\"https:\\\/\\\/cafegransasso.com\\\/#\\\/schema\\\/logo\\\/image\\\/\",\"url\":\"https:\\\/\\\/cafegransasso.com\\\/wp-content\\\/uploads\\\/2024\\\/09\\\/GS-logo-Red-1-removebg-preview.png\",\"contentUrl\":\"https:\\\/\\\/cafegransasso.com\\\/wp-content\\\/uploads\\\/2024\\\/09\\\/GS-logo-Red-1-removebg-preview.png\",\"width\":360,\"height\":149,\"caption\":\"Cafe Gran Sasso\"},\"image\":{\"@id\":\"https:\\\/\\\/cafegransasso.com\\\/#\\\/schema\\\/logo\\\/image\\\/\"},\"sameAs\":[\"https:\\\/\\\/www.facebook.com\\\/CafeGranSasso\\\/\",\"https:\\\/\\\/www.instagram.com\\\/cafe_gransasso\\\/\"]}]}<\/script>\n<!-- \/ Yoast SEO plugin. -->","yoast_head_json":{"title":"Barista Prima Italian Roast - Cafe Gran Sasso","robots":{"index":"index","follow":"follow","max-snippet":"max-snippet:-1","max-image-preview":"max-image-preview:large","max-video-preview":"max-video-preview:-1"},"canonical":"https:\/\/cafegransasso.com\/fr\/shop\/barista-prima-italian-roast1\/","og_locale":"fr_FR","og_type":"article","og_title":"Barista Prima Italian Roast - Cafe Gran Sasso","og_description":"Barista Prima Coffeehouse\u00ae\u2019s Italian Roast is a deep, dark-roasted delight, done right. This rich, heavy-bodied cup with its ripe fruit","og_url":"https:\/\/cafegransasso.com\/fr\/shop\/barista-prima-italian-roast1\/","og_site_name":"Cafe Gran Sasso","article_publisher":"https:\/\/www.facebook.com\/CafeGranSasso\/","article_modified_time":"2025-08-15T16:39:48+00:00","og_image":[{"width":1920,"height":1920,"url":"https:\/\/cafegransasso.com\/wp-content\/uploads\/2019\/08\/LID_BAPR_ITALIAN_RST-8db852a8.jpg","type":"image\/jpeg"}],"twitter_card":"summary_large_image","schema":{"@context":"https:\/\/schema.org","@graph":[{"@type":"WebPage","@id":"https:\/\/cafegransasso.com\/shop\/barista-prima-italian-roast1\/","url":"https:\/\/cafegransasso.com\/shop\/barista-prima-italian-roast1\/","name":"Barista Prima Italian Roast - Cafe Gran Sasso","isPartOf":{"@id":"https:\/\/cafegransasso.com\/#website"},"primaryImageOfPage":{"@id":"https:\/\/cafegransasso.com\/shop\/barista-prima-italian-roast1\/#primaryimage"},"image":{"@id":"https:\/\/cafegransasso.com\/shop\/barista-prima-italian-roast1\/#primaryimage"},"thumbnailUrl":"https:\/\/cafegransasso.com\/wp-content\/uploads\/2019\/08\/LID_BAPR_ITALIAN_RST-8db852a8.jpg","datePublished":"2019-08-06T15:42:55+00:00","dateModified":"2025-08-15T16:39:48+00:00","breadcrumb":{"@id":"https:\/\/cafegransasso.com\/shop\/barista-prima-italian-roast1\/#breadcrumb"},"inLanguage":"fr-ca","potentialAction":[{"@type":"ReadAction","target":["https:\/\/cafegransasso.com\/shop\/barista-prima-italian-roast1\/"]}]},{"@type":"ImageObject","inLanguage":"fr-ca","@id":"https:\/\/cafegransasso.com\/shop\/barista-prima-italian-roast1\/#primaryimage","url":"https:\/\/cafegransasso.com\/wp-content\/uploads\/2019\/08\/LID_BAPR_ITALIAN_RST-8db852a8.jpg","contentUrl":"https:\/\/cafegransasso.com\/wp-content\/uploads\/2019\/08\/LID_BAPR_ITALIAN_RST-8db852a8.jpg","width":1920,"height":1920},{"@type":"BreadcrumbList","@id":"https:\/\/cafegransasso.com\/shop\/barista-prima-italian-roast1\/#breadcrumb","itemListElement":[{"@type":"ListItem","position":1,"name":"Home","item":"https:\/\/cafegransasso.com\/"},{"@type":"ListItem","position":2,"name":"Shop","item":"https:\/\/cafegransasso.com\/premium-office-coffee-and-accessories\/"},{"@type":"ListItem","position":3,"name":"Barista Prima Italian Roast"}]},{"@type":"WebSite","@id":"https:\/\/cafegransasso.com\/#website","url":"https:\/\/cafegransasso.com\/","name":"Cafe Gran Sasso","description":"From Bean to Brew: Coffee Solutions for Businesses.","publisher":{"@id":"https:\/\/cafegransasso.com\/#organization"},"potentialAction":[{"@type":"SearchAction","target":{"@type":"EntryPoint","urlTemplate":"https:\/\/cafegransasso.com\/?s={search_term_string}"},"query-input":{"@type":"PropertyValueSpecification","valueRequired":true,"valueName":"search_term_string"}}],"inLanguage":"fr-ca"},{"@type":"Organization","@id":"https:\/\/cafegransasso.com\/#organization","name":"Cafe Gran Sasso","url":"https:\/\/cafegransasso.com\/","logo":{"@type":"ImageObject","inLanguage":"fr-ca","@id":"https:\/\/cafegransasso.com\/#\/schema\/logo\/image\/","url":"https:\/\/cafegransasso.com\/wp-content\/uploads\/2024\/09\/GS-logo-Red-1-removebg-preview.png","contentUrl":"https:\/\/cafegransasso.com\/wp-content\/uploads\/2024\/09\/GS-logo-Red-1-removebg-preview.png","width":360,"height":149,"caption":"Cafe Gran Sasso"},"image":{"@id":"https:\/\/cafegransasso.com\/#\/schema\/logo\/image\/"},"sameAs":["https:\/\/www.facebook.com\/CafeGranSasso\/","https:\/\/www.instagram.com\/cafe_gransasso\/"]}]}},"_links":{"self":[{"href":"https:\/\/cafegransasso.com\/fr\/wp-json\/wp\/v2\/product\/12445","targetHints":{"allow":["GET"]}}],"collection":[{"href":"https:\/\/cafegransasso.com\/fr\/wp-json\/wp\/v2\/product"}],"about":[{"href":"https:\/\/cafegransasso.com\/fr\/wp-json\/wp\/v2\/types\/product"}],"replies":[{"embeddable":true,"href":"https:\/\/cafegransasso.com\/fr\/wp-json\/wp\/v2\/comments?post=12445"}],"version-history":[{"count":1,"href":"https:\/\/cafegransasso.com\/fr\/wp-json\/wp\/v2\/product\/12445\/revisions"}],"predecessor-version":[{"id":26235,"href":"https:\/\/cafegransasso.com\/fr\/wp-json\/wp\/v2\/product\/12445\/revisions\/26235"}],"wp:featuredmedia":[{"embeddable":true,"href":"https:\/\/cafegransasso.com\/fr\/wp-json\/wp\/v2\/media\/26233"}],"wp:attachment":[{"href":"https:\/\/cafegransasso.com\/fr\/wp-json\/wp\/v2\/media?parent=12445"}],"wp:term":[{"taxonomy":"product_brand","embeddable":true,"href":"https:\/\/cafegransasso.com\/fr\/wp-json\/wp\/v2\/product_brand?post=12445"},{"taxonomy":"product_cat","embeddable":true,"href":"https:\/\/cafegransasso.com\/fr\/wp-json\/wp\/v2\/product_cat?post=12445"},{"taxonomy":"product_tag","embeddable":true,"href":"https:\/\/cafegransasso.com\/fr\/wp-json\/wp\/v2\/product_tag?post=12445"}],"curies":[{"name":"wp","href":"https:\/\/api.w.org\/{rel}","templated":true}]}}