{"id":12507,"date":"2020-03-27T16:25:27","date_gmt":"2020-03-27T20:25:27","guid":{"rendered":"https:\/\/www.cafegransasso.com\/?post_type=product&#038;p=12507"},"modified":"2025-01-21T14:06:24","modified_gmt":"2025-01-21T19:06:24","slug":"big-rock-melange-marianne-americano-2","status":"publish","type":"product","link":"https:\/\/cafegransasso.com\/fr\/shop\/big-rock-melange-marianne-americano-2\/","title":{"rendered":"Caf\u00e9 Forte e Gentile, M\u00e9lange Marianne &#8211; Americano"},"content":{"rendered":"<p>Le M\u00e9lange Marianne est notre version des caf\u00e9s torr\u00e9fi\u00e9s traditionnels. Nomm\u00e9 d'apr\u00e8s l'un des grands symboles de la R\u00e9volution fran\u00e7aise de 1789, La Marianne, ce m\u00e9lange est l'un de nos caf\u00e9s pr\u00e9f\u00e9r\u00e9s. Une longue torr\u00e9faction donne \u00e0 ce caf\u00e9 sa couleur plus fonc\u00e9e et son go\u00fbt de moka. Son go\u00fbt particuli\u00e8rement vif avec une l\u00e9g\u00e8re acidit\u00e9 est toujours appr\u00e9ci\u00e9 par les amateurs de caf\u00e9. Vive la France !<\/p>","protected":false},"excerpt":{"rendered":"<p>The M\u00e9lange Marianne is our take on traditional French Roast coffees. Named after one of the\u00a0great symbols of the French<\/p>","protected":false},"featured_media":27194,"comment_status":"open","ping_status":"closed","template":"","meta":[],"product_brand":[],"product_cat":[643],"product_tag":[728,572,419,879],"class_list":{"0":"post-12507","1":"product","2":"type-product","3":"status-publish","4":"has-post-thumbnail","6":"product_cat-coffee-beans","7":"product_tag-americano","8":"product_tag-beans","9":"product_tag-dark","10":"product_tag-fg","12":"first","13":"instock","14":"featured","15":"shipping-taxable","16":"purchasable","17":"product-type-variable","18":"has-default-attributes"},"yoast_head":"<!-- This site is optimized with the Yoast SEO plugin v27.3 - https:\/\/yoast.com\/product\/yoast-seo-wordpress\/ -->\n<title>Caf\u00e9 Forte e Gentile, M\u00e9lange Marianne - Americano - Cafe Gran Sasso<\/title>\n<meta name=\"robots\" content=\"index, follow, max-snippet:-1, max-image-preview:large, max-video-preview:-1\" \/>\n<link rel=\"canonical\" href=\"https:\/\/cafegransasso.com\/fr\/shop\/big-rock-melange-marianne-americano-2\/\" \/>\n<meta property=\"og:locale\" content=\"fr_FR\" \/>\n<meta property=\"og:type\" content=\"article\" \/>\n<meta property=\"og:title\" content=\"Caf\u00e9 Forte e Gentile, M\u00e9lange Marianne - Americano - Cafe Gran Sasso\" \/>\n<meta property=\"og:description\" content=\"The M\u00e9lange Marianne is our take on traditional French Roast coffees. Named after one of the\u00a0great symbols of the French\" \/>\n<meta property=\"og:url\" content=\"https:\/\/cafegransasso.com\/fr\/shop\/big-rock-melange-marianne-americano-2\/\" \/>\n<meta property=\"og:site_name\" content=\"Cafe Gran Sasso\" \/>\n<meta property=\"article:publisher\" content=\"https:\/\/www.facebook.com\/CafeGranSasso\/\" \/>\n<meta property=\"article:modified_time\" content=\"2025-01-21T19:06:24+00:00\" \/>\n<meta name=\"twitter:card\" content=\"summary_large_image\" \/>\n<script type=\"application\/ld+json\" class=\"yoast-schema-graph\">{\"@context\":\"https:\\\/\\\/schema.org\",\"@graph\":[{\"@type\":\"WebPage\",\"@id\":\"https:\\\/\\\/cafegransasso.com\\\/shop\\\/big-rock-melange-marianne-americano-2\\\/\",\"url\":\"https:\\\/\\\/cafegransasso.com\\\/shop\\\/big-rock-melange-marianne-americano-2\\\/\",\"name\":\"Caf\u00e9 Forte e Gentile, M\u00e9lange Marianne - Americano - Cafe Gran Sasso\",\"isPartOf\":{\"@id\":\"https:\\\/\\\/cafegransasso.com\\\/#website\"},\"primaryImageOfPage\":{\"@id\":\"https:\\\/\\\/cafegransasso.com\\\/shop\\\/big-rock-melange-marianne-americano-2\\\/#primaryimage\"},\"image\":{\"@id\":\"https:\\\/\\\/cafegransasso.com\\\/shop\\\/big-rock-melange-marianne-americano-2\\\/#primaryimage\"},\"thumbnailUrl\":\"https:\\\/\\\/cafegransasso.com\\\/wp-content\\\/uploads\\\/2020\\\/03\\\/marianne.avif\",\"datePublished\":\"2020-03-27T20:25:27+00:00\",\"dateModified\":\"2025-01-21T19:06:24+00:00\",\"breadcrumb\":{\"@id\":\"https:\\\/\\\/cafegransasso.com\\\/shop\\\/big-rock-melange-marianne-americano-2\\\/#breadcrumb\"},\"inLanguage\":\"fr-ca\",\"potentialAction\":[{\"@type\":\"ReadAction\",\"target\":[\"https:\\\/\\\/cafegransasso.com\\\/shop\\\/big-rock-melange-marianne-americano-2\\\/\"]}]},{\"@type\":\"ImageObject\",\"inLanguage\":\"fr-ca\",\"@id\":\"https:\\\/\\\/cafegransasso.com\\\/shop\\\/big-rock-melange-marianne-americano-2\\\/#primaryimage\",\"url\":\"https:\\\/\\\/cafegransasso.com\\\/wp-content\\\/uploads\\\/2020\\\/03\\\/marianne.avif\",\"contentUrl\":\"https:\\\/\\\/cafegransasso.com\\\/wp-content\\\/uploads\\\/2020\\\/03\\\/marianne.avif\",\"width\":719,\"height\":479},{\"@type\":\"BreadcrumbList\",\"@id\":\"https:\\\/\\\/cafegransasso.com\\\/shop\\\/big-rock-melange-marianne-americano-2\\\/#breadcrumb\",\"itemListElement\":[{\"@type\":\"ListItem\",\"position\":1,\"name\":\"Home\",\"item\":\"https:\\\/\\\/cafegransasso.com\\\/\"},{\"@type\":\"ListItem\",\"position\":2,\"name\":\"Shop\",\"item\":\"https:\\\/\\\/cafegransasso.com\\\/premium-office-coffee-and-accessories\\\/\"},{\"@type\":\"ListItem\",\"position\":3,\"name\":\"Caf\u00e9 Forte e Gentile, M\u00e9lange Marianne &#8211; Americano\"}]},{\"@type\":\"WebSite\",\"@id\":\"https:\\\/\\\/cafegransasso.com\\\/#website\",\"url\":\"https:\\\/\\\/cafegransasso.com\\\/\",\"name\":\"Cafe Gran Sasso\",\"description\":\"From Bean to Brew: Coffee Solutions for Businesses.\",\"publisher\":{\"@id\":\"https:\\\/\\\/cafegransasso.com\\\/#organization\"},\"potentialAction\":[{\"@type\":\"SearchAction\",\"target\":{\"@type\":\"EntryPoint\",\"urlTemplate\":\"https:\\\/\\\/cafegransasso.com\\\/?s={search_term_string}\"},\"query-input\":{\"@type\":\"PropertyValueSpecification\",\"valueRequired\":true,\"valueName\":\"search_term_string\"}}],\"inLanguage\":\"fr-ca\"},{\"@type\":\"Organization\",\"@id\":\"https:\\\/\\\/cafegransasso.com\\\/#organization\",\"name\":\"Cafe Gran Sasso\",\"url\":\"https:\\\/\\\/cafegransasso.com\\\/\",\"logo\":{\"@type\":\"ImageObject\",\"inLanguage\":\"fr-ca\",\"@id\":\"https:\\\/\\\/cafegransasso.com\\\/#\\\/schema\\\/logo\\\/image\\\/\",\"url\":\"https:\\\/\\\/cafegransasso.com\\\/wp-content\\\/uploads\\\/2024\\\/09\\\/GS-logo-Red-1-removebg-preview.png\",\"contentUrl\":\"https:\\\/\\\/cafegransasso.com\\\/wp-content\\\/uploads\\\/2024\\\/09\\\/GS-logo-Red-1-removebg-preview.png\",\"width\":360,\"height\":149,\"caption\":\"Cafe Gran Sasso\"},\"image\":{\"@id\":\"https:\\\/\\\/cafegransasso.com\\\/#\\\/schema\\\/logo\\\/image\\\/\"},\"sameAs\":[\"https:\\\/\\\/www.facebook.com\\\/CafeGranSasso\\\/\",\"https:\\\/\\\/www.instagram.com\\\/cafe_gransasso\\\/\"]}]}<\/script>\n<!-- \/ Yoast SEO plugin. -->","yoast_head_json":{"title":"Caf\u00e9 Forte e Gentile, M\u00e9lange Marianne - Americano - Cafe Gran Sasso","robots":{"index":"index","follow":"follow","max-snippet":"max-snippet:-1","max-image-preview":"max-image-preview:large","max-video-preview":"max-video-preview:-1"},"canonical":"https:\/\/cafegransasso.com\/fr\/shop\/big-rock-melange-marianne-americano-2\/","og_locale":"fr_FR","og_type":"article","og_title":"Caf\u00e9 Forte e Gentile, M\u00e9lange Marianne - Americano - Cafe Gran Sasso","og_description":"The M\u00e9lange Marianne is our take on traditional French Roast coffees. Named after one of the\u00a0great symbols of the French","og_url":"https:\/\/cafegransasso.com\/fr\/shop\/big-rock-melange-marianne-americano-2\/","og_site_name":"Cafe Gran Sasso","article_publisher":"https:\/\/www.facebook.com\/CafeGranSasso\/","article_modified_time":"2025-01-21T19:06:24+00:00","twitter_card":"summary_large_image","schema":{"@context":"https:\/\/schema.org","@graph":[{"@type":"WebPage","@id":"https:\/\/cafegransasso.com\/shop\/big-rock-melange-marianne-americano-2\/","url":"https:\/\/cafegransasso.com\/shop\/big-rock-melange-marianne-americano-2\/","name":"Caf\u00e9 Forte e Gentile, M\u00e9lange Marianne - Americano - Cafe Gran Sasso","isPartOf":{"@id":"https:\/\/cafegransasso.com\/#website"},"primaryImageOfPage":{"@id":"https:\/\/cafegransasso.com\/shop\/big-rock-melange-marianne-americano-2\/#primaryimage"},"image":{"@id":"https:\/\/cafegransasso.com\/shop\/big-rock-melange-marianne-americano-2\/#primaryimage"},"thumbnailUrl":"https:\/\/cafegransasso.com\/wp-content\/uploads\/2020\/03\/marianne.avif","datePublished":"2020-03-27T20:25:27+00:00","dateModified":"2025-01-21T19:06:24+00:00","breadcrumb":{"@id":"https:\/\/cafegransasso.com\/shop\/big-rock-melange-marianne-americano-2\/#breadcrumb"},"inLanguage":"fr-ca","potentialAction":[{"@type":"ReadAction","target":["https:\/\/cafegransasso.com\/shop\/big-rock-melange-marianne-americano-2\/"]}]},{"@type":"ImageObject","inLanguage":"fr-ca","@id":"https:\/\/cafegransasso.com\/shop\/big-rock-melange-marianne-americano-2\/#primaryimage","url":"https:\/\/cafegransasso.com\/wp-content\/uploads\/2020\/03\/marianne.avif","contentUrl":"https:\/\/cafegransasso.com\/wp-content\/uploads\/2020\/03\/marianne.avif","width":719,"height":479},{"@type":"BreadcrumbList","@id":"https:\/\/cafegransasso.com\/shop\/big-rock-melange-marianne-americano-2\/#breadcrumb","itemListElement":[{"@type":"ListItem","position":1,"name":"Home","item":"https:\/\/cafegransasso.com\/"},{"@type":"ListItem","position":2,"name":"Shop","item":"https:\/\/cafegransasso.com\/premium-office-coffee-and-accessories\/"},{"@type":"ListItem","position":3,"name":"Caf\u00e9 Forte e Gentile, M\u00e9lange Marianne &#8211; Americano"}]},{"@type":"WebSite","@id":"https:\/\/cafegransasso.com\/#website","url":"https:\/\/cafegransasso.com\/","name":"Cafe Gran Sasso","description":"From Bean to Brew: Coffee Solutions for Businesses.","publisher":{"@id":"https:\/\/cafegransasso.com\/#organization"},"potentialAction":[{"@type":"SearchAction","target":{"@type":"EntryPoint","urlTemplate":"https:\/\/cafegransasso.com\/?s={search_term_string}"},"query-input":{"@type":"PropertyValueSpecification","valueRequired":true,"valueName":"search_term_string"}}],"inLanguage":"fr-ca"},{"@type":"Organization","@id":"https:\/\/cafegransasso.com\/#organization","name":"Cafe Gran Sasso","url":"https:\/\/cafegransasso.com\/","logo":{"@type":"ImageObject","inLanguage":"fr-ca","@id":"https:\/\/cafegransasso.com\/#\/schema\/logo\/image\/","url":"https:\/\/cafegransasso.com\/wp-content\/uploads\/2024\/09\/GS-logo-Red-1-removebg-preview.png","contentUrl":"https:\/\/cafegransasso.com\/wp-content\/uploads\/2024\/09\/GS-logo-Red-1-removebg-preview.png","width":360,"height":149,"caption":"Cafe Gran Sasso"},"image":{"@id":"https:\/\/cafegransasso.com\/#\/schema\/logo\/image\/"},"sameAs":["https:\/\/www.facebook.com\/CafeGranSasso\/","https:\/\/www.instagram.com\/cafe_gransasso\/"]}]}},"_links":{"self":[{"href":"https:\/\/cafegransasso.com\/fr\/wp-json\/wp\/v2\/product\/12507","targetHints":{"allow":["GET"]}}],"collection":[{"href":"https:\/\/cafegransasso.com\/fr\/wp-json\/wp\/v2\/product"}],"about":[{"href":"https:\/\/cafegransasso.com\/fr\/wp-json\/wp\/v2\/types\/product"}],"replies":[{"embeddable":true,"href":"https:\/\/cafegransasso.com\/fr\/wp-json\/wp\/v2\/comments?post=12507"}],"version-history":[{"count":2,"href":"https:\/\/cafegransasso.com\/fr\/wp-json\/wp\/v2\/product\/12507\/revisions"}],"predecessor-version":[{"id":26349,"href":"https:\/\/cafegransasso.com\/fr\/wp-json\/wp\/v2\/product\/12507\/revisions\/26349"}],"wp:featuredmedia":[{"embeddable":true,"href":"https:\/\/cafegransasso.com\/fr\/wp-json\/wp\/v2\/media\/27194"}],"wp:attachment":[{"href":"https:\/\/cafegransasso.com\/fr\/wp-json\/wp\/v2\/media?parent=12507"}],"wp:term":[{"taxonomy":"product_brand","embeddable":true,"href":"https:\/\/cafegransasso.com\/fr\/wp-json\/wp\/v2\/product_brand?post=12507"},{"taxonomy":"product_cat","embeddable":true,"href":"https:\/\/cafegransasso.com\/fr\/wp-json\/wp\/v2\/product_cat?post=12507"},{"taxonomy":"product_tag","embeddable":true,"href":"https:\/\/cafegransasso.com\/fr\/wp-json\/wp\/v2\/product_tag?post=12507"}],"curies":[{"name":"wp","href":"https:\/\/api.w.org\/{rel}","templated":true}]}}