{"id":12509,"date":"2020-03-29T12:48:44","date_gmt":"2020-03-29T16:48:44","guid":{"rendered":"https:\/\/www.cafegransasso.com\/?post_type=product&#038;p=12509"},"modified":"2025-01-21T14:05:31","modified_gmt":"2025-01-21T19:05:31","slug":"big-rock-corno-grande-espresso","status":"publish","type":"product","link":"https:\/\/cafegransasso.com\/fr\/shop\/big-rock-corno-grande-espresso\/","title":{"rendered":"Caf\u00e9 Forte e Gentile, Corno Grande &#8211; Espresso"},"content":{"rendered":"<p>Corno Grande ou Big Horn est notre espresso embl\u00e9matique. Un m\u00e9lange des meilleurs grains de Colombie, du Br\u00e9sil et du Costa Rica, torr\u00e9fi\u00e9s selon des techniques italiennes traditionnelles, cr\u00e9e ce caf\u00e9 classique de bar \u00e0 expresso. Notre espresso Big Horn est un caf\u00e9 moyennement fonc\u00e9 bien \u00e9quilibr\u00e9, avec une agr\u00e9able touche d'acidit\u00e9 r\u00e9v\u00e9lant un soup\u00e7on d'amertume \u00e0 travers son corps riche et plein.<\/p>","protected":false},"excerpt":{"rendered":"<p>Corno Grande or Big Horn is our signature espresso. A blend of Colombia, Brazil and\u00a0Costa Rica\u2019s finest beans roasted using<\/p>","protected":false},"featured_media":27200,"comment_status":"open","ping_status":"closed","template":"","meta":[],"product_brand":[],"product_cat":[643],"product_tag":[572,523,879,417],"class_list":{"0":"post-12509","1":"product","2":"type-product","3":"status-publish","4":"has-post-thumbnail","6":"product_cat-coffee-beans","7":"product_tag-beans","8":"product_tag-espresso","9":"product_tag-fg","10":"product_tag-medium","12":"first","13":"instock","14":"featured","15":"purchasable","16":"product-type-variable","17":"has-default-attributes"},"yoast_head":"<!-- This site is optimized with the Yoast SEO plugin v27.3 - https:\/\/yoast.com\/product\/yoast-seo-wordpress\/ -->\n<title>Caf\u00e9 Forte e Gentile, Corno Grande - Espresso - Cafe Gran Sasso<\/title>\n<meta name=\"robots\" content=\"index, follow, max-snippet:-1, max-image-preview:large, max-video-preview:-1\" \/>\n<link rel=\"canonical\" href=\"https:\/\/cafegransasso.com\/fr\/shop\/big-rock-corno-grande-espresso\/\" \/>\n<meta property=\"og:locale\" content=\"fr_FR\" \/>\n<meta property=\"og:type\" content=\"article\" \/>\n<meta property=\"og:title\" content=\"Caf\u00e9 Forte e Gentile, Corno Grande - Espresso - Cafe Gran Sasso\" \/>\n<meta property=\"og:description\" content=\"Corno Grande or Big Horn is our signature espresso. A blend of Colombia, Brazil and\u00a0Costa Rica\u2019s finest beans roasted using\" \/>\n<meta property=\"og:url\" content=\"https:\/\/cafegransasso.com\/fr\/shop\/big-rock-corno-grande-espresso\/\" \/>\n<meta property=\"og:site_name\" content=\"Cafe Gran Sasso\" \/>\n<meta property=\"article:publisher\" content=\"https:\/\/www.facebook.com\/CafeGranSasso\/\" \/>\n<meta property=\"article:modified_time\" content=\"2025-01-21T19:05:31+00:00\" \/>\n<meta name=\"twitter:card\" content=\"summary_large_image\" \/>\n<script type=\"application\/ld+json\" class=\"yoast-schema-graph\">{\"@context\":\"https:\\\/\\\/schema.org\",\"@graph\":[{\"@type\":\"WebPage\",\"@id\":\"https:\\\/\\\/cafegransasso.com\\\/en\\\/shop\\\/big-rock-corno-grande-espresso\\\/\",\"url\":\"https:\\\/\\\/cafegransasso.com\\\/en\\\/shop\\\/big-rock-corno-grande-espresso\\\/\",\"name\":\"Caf\u00e9 Forte e Gentile, Corno Grande - Espresso - Cafe Gran Sasso\",\"isPartOf\":{\"@id\":\"https:\\\/\\\/cafegransasso.com\\\/#website\"},\"primaryImageOfPage\":{\"@id\":\"https:\\\/\\\/cafegransasso.com\\\/en\\\/shop\\\/big-rock-corno-grande-espresso\\\/#primaryimage\"},\"image\":{\"@id\":\"https:\\\/\\\/cafegransasso.com\\\/en\\\/shop\\\/big-rock-corno-grande-espresso\\\/#primaryimage\"},\"thumbnailUrl\":\"https:\\\/\\\/cafegransasso.com\\\/wp-content\\\/uploads\\\/2020\\\/03\\\/corno-grande.avif\",\"datePublished\":\"2020-03-29T16:48:44+00:00\",\"dateModified\":\"2025-01-21T19:05:31+00:00\",\"breadcrumb\":{\"@id\":\"https:\\\/\\\/cafegransasso.com\\\/en\\\/shop\\\/big-rock-corno-grande-espresso\\\/#breadcrumb\"},\"inLanguage\":\"fr-ca\",\"potentialAction\":[{\"@type\":\"ReadAction\",\"target\":[\"https:\\\/\\\/cafegransasso.com\\\/en\\\/shop\\\/big-rock-corno-grande-espresso\\\/\"]}]},{\"@type\":\"ImageObject\",\"inLanguage\":\"fr-ca\",\"@id\":\"https:\\\/\\\/cafegransasso.com\\\/en\\\/shop\\\/big-rock-corno-grande-espresso\\\/#primaryimage\",\"url\":\"https:\\\/\\\/cafegransasso.com\\\/wp-content\\\/uploads\\\/2020\\\/03\\\/corno-grande.avif\",\"contentUrl\":\"https:\\\/\\\/cafegransasso.com\\\/wp-content\\\/uploads\\\/2020\\\/03\\\/corno-grande.avif\",\"width\":719,\"height\":479},{\"@type\":\"BreadcrumbList\",\"@id\":\"https:\\\/\\\/cafegransasso.com\\\/en\\\/shop\\\/big-rock-corno-grande-espresso\\\/#breadcrumb\",\"itemListElement\":[{\"@type\":\"ListItem\",\"position\":1,\"name\":\"Home\",\"item\":\"https:\\\/\\\/cafegransasso.com\\\/\"},{\"@type\":\"ListItem\",\"position\":2,\"name\":\"Shop\",\"item\":\"https:\\\/\\\/cafegransasso.com\\\/premium-office-coffee-and-accessories\\\/\"},{\"@type\":\"ListItem\",\"position\":3,\"name\":\"Caf\u00e9 Forte e Gentile, Corno Grande &#8211; Espresso\"}]},{\"@type\":\"WebSite\",\"@id\":\"https:\\\/\\\/cafegransasso.com\\\/#website\",\"url\":\"https:\\\/\\\/cafegransasso.com\\\/\",\"name\":\"Cafe Gran Sasso\",\"description\":\"From Bean to Brew: Coffee Solutions for Businesses.\",\"publisher\":{\"@id\":\"https:\\\/\\\/cafegransasso.com\\\/#organization\"},\"potentialAction\":[{\"@type\":\"SearchAction\",\"target\":{\"@type\":\"EntryPoint\",\"urlTemplate\":\"https:\\\/\\\/cafegransasso.com\\\/?s={search_term_string}\"},\"query-input\":{\"@type\":\"PropertyValueSpecification\",\"valueRequired\":true,\"valueName\":\"search_term_string\"}}],\"inLanguage\":\"fr-ca\"},{\"@type\":\"Organization\",\"@id\":\"https:\\\/\\\/cafegransasso.com\\\/#organization\",\"name\":\"Cafe Gran Sasso\",\"url\":\"https:\\\/\\\/cafegransasso.com\\\/\",\"logo\":{\"@type\":\"ImageObject\",\"inLanguage\":\"fr-ca\",\"@id\":\"https:\\\/\\\/cafegransasso.com\\\/#\\\/schema\\\/logo\\\/image\\\/\",\"url\":\"https:\\\/\\\/cafegransasso.com\\\/wp-content\\\/uploads\\\/2024\\\/09\\\/GS-logo-Red-1-removebg-preview.png\",\"contentUrl\":\"https:\\\/\\\/cafegransasso.com\\\/wp-content\\\/uploads\\\/2024\\\/09\\\/GS-logo-Red-1-removebg-preview.png\",\"width\":360,\"height\":149,\"caption\":\"Cafe Gran Sasso\"},\"image\":{\"@id\":\"https:\\\/\\\/cafegransasso.com\\\/#\\\/schema\\\/logo\\\/image\\\/\"},\"sameAs\":[\"https:\\\/\\\/www.facebook.com\\\/CafeGranSasso\\\/\",\"https:\\\/\\\/www.instagram.com\\\/cafe_gransasso\\\/\"]}]}<\/script>\n<!-- \/ Yoast SEO plugin. -->","yoast_head_json":{"title":"Caf\u00e9 Forte e Gentile, Corno Grande - Espresso - Cafe Gran Sasso","robots":{"index":"index","follow":"follow","max-snippet":"max-snippet:-1","max-image-preview":"max-image-preview:large","max-video-preview":"max-video-preview:-1"},"canonical":"https:\/\/cafegransasso.com\/fr\/shop\/big-rock-corno-grande-espresso\/","og_locale":"fr_FR","og_type":"article","og_title":"Caf\u00e9 Forte e Gentile, Corno Grande - Espresso - Cafe Gran Sasso","og_description":"Corno Grande or Big Horn is our signature espresso. A blend of Colombia, Brazil and\u00a0Costa Rica\u2019s finest beans roasted using","og_url":"https:\/\/cafegransasso.com\/fr\/shop\/big-rock-corno-grande-espresso\/","og_site_name":"Cafe Gran Sasso","article_publisher":"https:\/\/www.facebook.com\/CafeGranSasso\/","article_modified_time":"2025-01-21T19:05:31+00:00","twitter_card":"summary_large_image","schema":{"@context":"https:\/\/schema.org","@graph":[{"@type":"WebPage","@id":"https:\/\/cafegransasso.com\/en\/shop\/big-rock-corno-grande-espresso\/","url":"https:\/\/cafegransasso.com\/en\/shop\/big-rock-corno-grande-espresso\/","name":"Caf\u00e9 Forte e Gentile, Corno Grande - Espresso - Cafe Gran Sasso","isPartOf":{"@id":"https:\/\/cafegransasso.com\/#website"},"primaryImageOfPage":{"@id":"https:\/\/cafegransasso.com\/en\/shop\/big-rock-corno-grande-espresso\/#primaryimage"},"image":{"@id":"https:\/\/cafegransasso.com\/en\/shop\/big-rock-corno-grande-espresso\/#primaryimage"},"thumbnailUrl":"https:\/\/cafegransasso.com\/wp-content\/uploads\/2020\/03\/corno-grande.avif","datePublished":"2020-03-29T16:48:44+00:00","dateModified":"2025-01-21T19:05:31+00:00","breadcrumb":{"@id":"https:\/\/cafegransasso.com\/en\/shop\/big-rock-corno-grande-espresso\/#breadcrumb"},"inLanguage":"fr-ca","potentialAction":[{"@type":"ReadAction","target":["https:\/\/cafegransasso.com\/en\/shop\/big-rock-corno-grande-espresso\/"]}]},{"@type":"ImageObject","inLanguage":"fr-ca","@id":"https:\/\/cafegransasso.com\/en\/shop\/big-rock-corno-grande-espresso\/#primaryimage","url":"https:\/\/cafegransasso.com\/wp-content\/uploads\/2020\/03\/corno-grande.avif","contentUrl":"https:\/\/cafegransasso.com\/wp-content\/uploads\/2020\/03\/corno-grande.avif","width":719,"height":479},{"@type":"BreadcrumbList","@id":"https:\/\/cafegransasso.com\/en\/shop\/big-rock-corno-grande-espresso\/#breadcrumb","itemListElement":[{"@type":"ListItem","position":1,"name":"Home","item":"https:\/\/cafegransasso.com\/"},{"@type":"ListItem","position":2,"name":"Shop","item":"https:\/\/cafegransasso.com\/premium-office-coffee-and-accessories\/"},{"@type":"ListItem","position":3,"name":"Caf\u00e9 Forte e Gentile, Corno Grande &#8211; Espresso"}]},{"@type":"WebSite","@id":"https:\/\/cafegransasso.com\/#website","url":"https:\/\/cafegransasso.com\/","name":"Cafe Gran Sasso","description":"From Bean to Brew: Coffee Solutions for Businesses.","publisher":{"@id":"https:\/\/cafegransasso.com\/#organization"},"potentialAction":[{"@type":"SearchAction","target":{"@type":"EntryPoint","urlTemplate":"https:\/\/cafegransasso.com\/?s={search_term_string}"},"query-input":{"@type":"PropertyValueSpecification","valueRequired":true,"valueName":"search_term_string"}}],"inLanguage":"fr-ca"},{"@type":"Organization","@id":"https:\/\/cafegransasso.com\/#organization","name":"Cafe Gran Sasso","url":"https:\/\/cafegransasso.com\/","logo":{"@type":"ImageObject","inLanguage":"fr-ca","@id":"https:\/\/cafegransasso.com\/#\/schema\/logo\/image\/","url":"https:\/\/cafegransasso.com\/wp-content\/uploads\/2024\/09\/GS-logo-Red-1-removebg-preview.png","contentUrl":"https:\/\/cafegransasso.com\/wp-content\/uploads\/2024\/09\/GS-logo-Red-1-removebg-preview.png","width":360,"height":149,"caption":"Cafe Gran Sasso"},"image":{"@id":"https:\/\/cafegransasso.com\/#\/schema\/logo\/image\/"},"sameAs":["https:\/\/www.facebook.com\/CafeGranSasso\/","https:\/\/www.instagram.com\/cafe_gransasso\/"]}]}},"_links":{"self":[{"href":"https:\/\/cafegransasso.com\/fr\/wp-json\/wp\/v2\/product\/12509","targetHints":{"allow":["GET"]}}],"collection":[{"href":"https:\/\/cafegransasso.com\/fr\/wp-json\/wp\/v2\/product"}],"about":[{"href":"https:\/\/cafegransasso.com\/fr\/wp-json\/wp\/v2\/types\/product"}],"replies":[{"embeddable":true,"href":"https:\/\/cafegransasso.com\/fr\/wp-json\/wp\/v2\/comments?post=12509"}],"version-history":[{"count":1,"href":"https:\/\/cafegransasso.com\/fr\/wp-json\/wp\/v2\/product\/12509\/revisions"}],"predecessor-version":[{"id":26348,"href":"https:\/\/cafegransasso.com\/fr\/wp-json\/wp\/v2\/product\/12509\/revisions\/26348"}],"wp:featuredmedia":[{"embeddable":true,"href":"https:\/\/cafegransasso.com\/fr\/wp-json\/wp\/v2\/media\/27200"}],"wp:attachment":[{"href":"https:\/\/cafegransasso.com\/fr\/wp-json\/wp\/v2\/media?parent=12509"}],"wp:term":[{"taxonomy":"product_brand","embeddable":true,"href":"https:\/\/cafegransasso.com\/fr\/wp-json\/wp\/v2\/product_brand?post=12509"},{"taxonomy":"product_cat","embeddable":true,"href":"https:\/\/cafegransasso.com\/fr\/wp-json\/wp\/v2\/product_cat?post=12509"},{"taxonomy":"product_tag","embeddable":true,"href":"https:\/\/cafegransasso.com\/fr\/wp-json\/wp\/v2\/product_tag?post=12509"}],"curies":[{"name":"wp","href":"https:\/\/api.w.org\/{rel}","templated":true}]}}