{"id":12515,"date":"2020-03-29T16:31:43","date_gmt":"2020-03-29T20:31:43","guid":{"rendered":"https:\/\/www.cafegransasso.com\/?post_type=product&#038;p=12515"},"modified":"2025-01-21T14:03:36","modified_gmt":"2025-01-21T19:03:36","slug":"big-rock-la-maiella-espresso","status":"publish","type":"product","link":"https:\/\/cafegransasso.com\/fr\/shop\/big-rock-la-maiella-espresso\/","title":{"rendered":"Caf\u00e9 Forte e Gentile, La Maiella &#8211; Espresso"},"content":{"rendered":"<p>La Maielle ou Majella trouve ses racines en \u00c9thiopie, le berceau du caf\u00e9. Un m\u00e9lange de grains Yirgacheffe d'\u00c9thiopie et de grains du Costa Rica est au c\u0153ur de ce m\u00e9lange expresso vraiment polyvalent qui peut \u00eatre pr\u00e9par\u00e9 avec une machine \u00e0 caf\u00e9 expresso, moka ou goutte \u00e0 goutte. Notre espresso Mejella est un caf\u00e9 moyennement torr\u00e9fi\u00e9 et plein de saveur avec des ar\u00f4mes de chocolat noir.<\/p>","protected":false},"excerpt":{"rendered":"<p>La Maielle or Majella has its roots in Ethiopia the cradle of all coffee. A blend of Ethiopia\u00a0Yirgacheffe and Costa<\/p>","protected":false},"featured_media":27199,"comment_status":"open","ping_status":"closed","template":"","meta":[],"product_brand":[],"product_cat":[643],"product_tag":[572,523,879,417],"class_list":{"0":"post-12515","1":"product","2":"type-product","3":"status-publish","4":"has-post-thumbnail","6":"product_cat-coffee-beans","7":"product_tag-beans","8":"product_tag-espresso","9":"product_tag-fg","10":"product_tag-medium","12":"first","13":"instock","14":"featured","15":"purchasable","16":"product-type-variable","17":"has-default-attributes"},"yoast_head":"<!-- This site is optimized with the Yoast SEO plugin v26.6 - https:\/\/yoast.com\/wordpress\/plugins\/seo\/ -->\n<title>Caf\u00e9 Forte e Gentile, La Maiella - Espresso - Cafe Gran Sasso<\/title>\n<meta name=\"robots\" content=\"index, follow, max-snippet:-1, max-image-preview:large, max-video-preview:-1\" \/>\n<link rel=\"canonical\" href=\"https:\/\/cafegransasso.com\/fr\/shop\/big-rock-la-maiella-espresso\/\" \/>\n<meta property=\"og:locale\" content=\"fr_FR\" \/>\n<meta property=\"og:type\" content=\"article\" \/>\n<meta property=\"og:title\" content=\"Caf\u00e9 Forte e Gentile, La Maiella - Espresso - Cafe Gran Sasso\" \/>\n<meta property=\"og:description\" content=\"La Maielle or Majella has its roots in Ethiopia the cradle of all coffee. A blend of Ethiopia\u00a0Yirgacheffe and Costa\" \/>\n<meta property=\"og:url\" content=\"https:\/\/cafegransasso.com\/fr\/shop\/big-rock-la-maiella-espresso\/\" \/>\n<meta property=\"og:site_name\" content=\"Cafe Gran Sasso\" \/>\n<meta property=\"article:publisher\" content=\"https:\/\/www.facebook.com\/CafeGranSasso\/\" \/>\n<meta property=\"article:modified_time\" content=\"2025-01-21T19:03:36+00:00\" \/>\n<meta name=\"twitter:card\" content=\"summary_large_image\" \/>\n<script type=\"application\/ld+json\" class=\"yoast-schema-graph\">{\"@context\":\"https:\/\/schema.org\",\"@graph\":[{\"@type\":\"WebPage\",\"@id\":\"https:\/\/cafegransasso.com\/shop\/big-rock-la-maiella-espresso\/\",\"url\":\"https:\/\/cafegransasso.com\/shop\/big-rock-la-maiella-espresso\/\",\"name\":\"Caf\u00e9 Forte e Gentile, La Maiella - Espresso - Cafe Gran Sasso\",\"isPartOf\":{\"@id\":\"https:\/\/cafegransasso.com\/#website\"},\"primaryImageOfPage\":{\"@id\":\"https:\/\/cafegransasso.com\/shop\/big-rock-la-maiella-espresso\/#primaryimage\"},\"image\":{\"@id\":\"https:\/\/cafegransasso.com\/shop\/big-rock-la-maiella-espresso\/#primaryimage\"},\"thumbnailUrl\":\"https:\/\/cafegransasso.com\/wp-content\/uploads\/2020\/03\/La-Maiella.avif\",\"datePublished\":\"2020-03-29T20:31:43+00:00\",\"dateModified\":\"2025-01-21T19:03:36+00:00\",\"breadcrumb\":{\"@id\":\"https:\/\/cafegransasso.com\/shop\/big-rock-la-maiella-espresso\/#breadcrumb\"},\"inLanguage\":\"fr-ca\",\"potentialAction\":[{\"@type\":\"ReadAction\",\"target\":[\"https:\/\/cafegransasso.com\/shop\/big-rock-la-maiella-espresso\/\"]}]},{\"@type\":\"ImageObject\",\"inLanguage\":\"fr-ca\",\"@id\":\"https:\/\/cafegransasso.com\/shop\/big-rock-la-maiella-espresso\/#primaryimage\",\"url\":\"https:\/\/cafegransasso.com\/wp-content\/uploads\/2020\/03\/La-Maiella.avif\",\"contentUrl\":\"https:\/\/cafegransasso.com\/wp-content\/uploads\/2020\/03\/La-Maiella.avif\",\"width\":719,\"height\":479},{\"@type\":\"BreadcrumbList\",\"@id\":\"https:\/\/cafegransasso.com\/shop\/big-rock-la-maiella-espresso\/#breadcrumb\",\"itemListElement\":[{\"@type\":\"ListItem\",\"position\":1,\"name\":\"Home\",\"item\":\"https:\/\/cafegransasso.com\/\"},{\"@type\":\"ListItem\",\"position\":2,\"name\":\"Shop\",\"item\":\"https:\/\/cafegransasso.com\/premium-office-coffee-and-accessories\/\"},{\"@type\":\"ListItem\",\"position\":3,\"name\":\"Caf\u00e9 Forte e Gentile, La Maiella &#8211; Espresso\"}]},{\"@type\":\"WebSite\",\"@id\":\"https:\/\/cafegransasso.com\/#website\",\"url\":\"https:\/\/cafegransasso.com\/\",\"name\":\"Cafe Gran Sasso\",\"description\":\"From Bean to Brew: Coffee Solutions for Businesses.\",\"publisher\":{\"@id\":\"https:\/\/cafegransasso.com\/#organization\"},\"potentialAction\":[{\"@type\":\"SearchAction\",\"target\":{\"@type\":\"EntryPoint\",\"urlTemplate\":\"https:\/\/cafegransasso.com\/?s={search_term_string}\"},\"query-input\":{\"@type\":\"PropertyValueSpecification\",\"valueRequired\":true,\"valueName\":\"search_term_string\"}}],\"inLanguage\":\"fr-ca\"},{\"@type\":\"Organization\",\"@id\":\"https:\/\/cafegransasso.com\/#organization\",\"name\":\"Cafe Gran Sasso\",\"url\":\"https:\/\/cafegransasso.com\/\",\"logo\":{\"@type\":\"ImageObject\",\"inLanguage\":\"fr-ca\",\"@id\":\"https:\/\/cafegransasso.com\/#\/schema\/logo\/image\/\",\"url\":\"https:\/\/cafegransasso.com\/wp-content\/uploads\/2024\/09\/GS-logo-Red-1-removebg-preview.png\",\"contentUrl\":\"https:\/\/cafegransasso.com\/wp-content\/uploads\/2024\/09\/GS-logo-Red-1-removebg-preview.png\",\"width\":360,\"height\":149,\"caption\":\"Cafe Gran Sasso\"},\"image\":{\"@id\":\"https:\/\/cafegransasso.com\/#\/schema\/logo\/image\/\"},\"sameAs\":[\"https:\/\/www.facebook.com\/CafeGranSasso\/\",\"https:\/\/www.instagram.com\/cafe_gransasso\/\"]}]}<\/script>\n<!-- \/ Yoast SEO plugin. -->","yoast_head_json":{"title":"Caf\u00e9 Forte e Gentile, La Maiella - Espresso - Cafe Gran Sasso","robots":{"index":"index","follow":"follow","max-snippet":"max-snippet:-1","max-image-preview":"max-image-preview:large","max-video-preview":"max-video-preview:-1"},"canonical":"https:\/\/cafegransasso.com\/fr\/shop\/big-rock-la-maiella-espresso\/","og_locale":"fr_FR","og_type":"article","og_title":"Caf\u00e9 Forte e Gentile, La Maiella - Espresso - Cafe Gran Sasso","og_description":"La Maielle or Majella has its roots in Ethiopia the cradle of all coffee. A blend of Ethiopia\u00a0Yirgacheffe and Costa","og_url":"https:\/\/cafegransasso.com\/fr\/shop\/big-rock-la-maiella-espresso\/","og_site_name":"Cafe Gran Sasso","article_publisher":"https:\/\/www.facebook.com\/CafeGranSasso\/","article_modified_time":"2025-01-21T19:03:36+00:00","twitter_card":"summary_large_image","schema":{"@context":"https:\/\/schema.org","@graph":[{"@type":"WebPage","@id":"https:\/\/cafegransasso.com\/shop\/big-rock-la-maiella-espresso\/","url":"https:\/\/cafegransasso.com\/shop\/big-rock-la-maiella-espresso\/","name":"Caf\u00e9 Forte e Gentile, La Maiella - Espresso - Cafe Gran Sasso","isPartOf":{"@id":"https:\/\/cafegransasso.com\/#website"},"primaryImageOfPage":{"@id":"https:\/\/cafegransasso.com\/shop\/big-rock-la-maiella-espresso\/#primaryimage"},"image":{"@id":"https:\/\/cafegransasso.com\/shop\/big-rock-la-maiella-espresso\/#primaryimage"},"thumbnailUrl":"https:\/\/cafegransasso.com\/wp-content\/uploads\/2020\/03\/La-Maiella.avif","datePublished":"2020-03-29T20:31:43+00:00","dateModified":"2025-01-21T19:03:36+00:00","breadcrumb":{"@id":"https:\/\/cafegransasso.com\/shop\/big-rock-la-maiella-espresso\/#breadcrumb"},"inLanguage":"fr-ca","potentialAction":[{"@type":"ReadAction","target":["https:\/\/cafegransasso.com\/shop\/big-rock-la-maiella-espresso\/"]}]},{"@type":"ImageObject","inLanguage":"fr-ca","@id":"https:\/\/cafegransasso.com\/shop\/big-rock-la-maiella-espresso\/#primaryimage","url":"https:\/\/cafegransasso.com\/wp-content\/uploads\/2020\/03\/La-Maiella.avif","contentUrl":"https:\/\/cafegransasso.com\/wp-content\/uploads\/2020\/03\/La-Maiella.avif","width":719,"height":479},{"@type":"BreadcrumbList","@id":"https:\/\/cafegransasso.com\/shop\/big-rock-la-maiella-espresso\/#breadcrumb","itemListElement":[{"@type":"ListItem","position":1,"name":"Home","item":"https:\/\/cafegransasso.com\/"},{"@type":"ListItem","position":2,"name":"Shop","item":"https:\/\/cafegransasso.com\/premium-office-coffee-and-accessories\/"},{"@type":"ListItem","position":3,"name":"Caf\u00e9 Forte e Gentile, La Maiella &#8211; Espresso"}]},{"@type":"WebSite","@id":"https:\/\/cafegransasso.com\/#website","url":"https:\/\/cafegransasso.com\/","name":"Cafe Gran Sasso","description":"From Bean to Brew: Coffee Solutions for Businesses.","publisher":{"@id":"https:\/\/cafegransasso.com\/#organization"},"potentialAction":[{"@type":"SearchAction","target":{"@type":"EntryPoint","urlTemplate":"https:\/\/cafegransasso.com\/?s={search_term_string}"},"query-input":{"@type":"PropertyValueSpecification","valueRequired":true,"valueName":"search_term_string"}}],"inLanguage":"fr-ca"},{"@type":"Organization","@id":"https:\/\/cafegransasso.com\/#organization","name":"Cafe Gran Sasso","url":"https:\/\/cafegransasso.com\/","logo":{"@type":"ImageObject","inLanguage":"fr-ca","@id":"https:\/\/cafegransasso.com\/#\/schema\/logo\/image\/","url":"https:\/\/cafegransasso.com\/wp-content\/uploads\/2024\/09\/GS-logo-Red-1-removebg-preview.png","contentUrl":"https:\/\/cafegransasso.com\/wp-content\/uploads\/2024\/09\/GS-logo-Red-1-removebg-preview.png","width":360,"height":149,"caption":"Cafe Gran Sasso"},"image":{"@id":"https:\/\/cafegransasso.com\/#\/schema\/logo\/image\/"},"sameAs":["https:\/\/www.facebook.com\/CafeGranSasso\/","https:\/\/www.instagram.com\/cafe_gransasso\/"]}]}},"_links":{"self":[{"href":"https:\/\/cafegransasso.com\/fr\/wp-json\/wp\/v2\/product\/12515","targetHints":{"allow":["GET"]}}],"collection":[{"href":"https:\/\/cafegransasso.com\/fr\/wp-json\/wp\/v2\/product"}],"about":[{"href":"https:\/\/cafegransasso.com\/fr\/wp-json\/wp\/v2\/types\/product"}],"replies":[{"embeddable":true,"href":"https:\/\/cafegransasso.com\/fr\/wp-json\/wp\/v2\/comments?post=12515"}],"version-history":[{"count":2,"href":"https:\/\/cafegransasso.com\/fr\/wp-json\/wp\/v2\/product\/12515\/revisions"}],"predecessor-version":[{"id":26346,"href":"https:\/\/cafegransasso.com\/fr\/wp-json\/wp\/v2\/product\/12515\/revisions\/26346"}],"wp:featuredmedia":[{"embeddable":true,"href":"https:\/\/cafegransasso.com\/fr\/wp-json\/wp\/v2\/media\/27199"}],"wp:attachment":[{"href":"https:\/\/cafegransasso.com\/fr\/wp-json\/wp\/v2\/media?parent=12515"}],"wp:term":[{"taxonomy":"product_brand","embeddable":true,"href":"https:\/\/cafegransasso.com\/fr\/wp-json\/wp\/v2\/product_brand?post=12515"},{"taxonomy":"product_cat","embeddable":true,"href":"https:\/\/cafegransasso.com\/fr\/wp-json\/wp\/v2\/product_cat?post=12515"},{"taxonomy":"product_tag","embeddable":true,"href":"https:\/\/cafegransasso.com\/fr\/wp-json\/wp\/v2\/product_tag?post=12515"}],"curies":[{"name":"wp","href":"https:\/\/api.w.org\/{rel}","templated":true}]}}