{"id":12605,"date":"2020-04-22T10:20:38","date_gmt":"2020-04-22T14:20:38","guid":{"rendered":"https:\/\/www.cafegransasso.com\/?post_type=product&#038;p=12605"},"modified":"2025-08-15T12:44:08","modified_gmt":"2025-08-15T16:44:08","slug":"mccafe-premium-roast","status":"publish","type":"product","link":"https:\/\/cafegransasso.com\/fr\/shop\/mccafe-premium-roast\/","title":{"rendered":"McCaf\u00e9 &#8211; PREMIUM ROAST"},"content":{"rendered":"<p>Le caf\u00e9 d\u00e9caf\u00e9in\u00e9 McCaf\u00e9\u00ae Premium Roast est issu \u00e0 100 % de sources \u00e9thiques et certifi\u00e9 Rainforest Alliance\u2122. Nous soutenons les agriculteurs afin que leurs communaut\u00e9s, et les for\u00eats tropicales qui les entourent, puissent prosp\u00e9rer pour les g\u00e9n\u00e9rations \u00e0 venir.<\/p>\n<p>Nous torr\u00e9fions traditionnellement \u00e0 feu nos grains 100 % Arabica l\u00e9g\u00e8rement plus fonc\u00e9s que la couleur moyenne pour une saveur sp\u00e9cifiquement \u00e9quilibr\u00e9e et un ar\u00f4me riche. Le processus Swiss Water\u2122 unique utilise de l'eau locale canadienne pour \u00e9liminer naturellement la caf\u00e9ine tout en pr\u00e9servant notre saveur caract\u00e9ristique. Chaque lot est soigneusement test\u00e9 par des ma\u00eetres artisans pour s'assurer que nous offrons ce go\u00fbt riche, doux et d\u00e9licieux que vous aimez.<\/p>","protected":false},"excerpt":{"rendered":"<p>McCaf\u00e9\u00ae Premium Roast Decaffeinated Coffee is 100% ethically sourced and Rainforest Alliance Certified\u2122. We\u2019re supporting farmers so their communities, and<\/p>","protected":false},"featured_media":13749,"comment_status":"open","ping_status":"closed","template":"","meta":[],"product_brand":[],"product_cat":[641,191,656],"product_tag":[308,307,817,417],"class_list":{"0":"post-12605","1":"product","2":"type-product","3":"status-publish","4":"has-post-thumbnail","6":"product_cat-single-serve","7":"product_cat-keurig-pods","8":"product_cat-bulk-deals","9":"product_tag-k-cup","10":"product_tag-keurig","11":"product_tag-mccafe","12":"product_tag-medium","14":"first","15":"instock","16":"purchasable","17":"product-type-variable","18":"has-default-attributes"},"yoast_head":"<!-- This site is optimized with the Yoast SEO plugin v26.6 - https:\/\/yoast.com\/wordpress\/plugins\/seo\/ -->\n<title>McCaf\u00e9 - PREMIUM ROAST - Cafe Gran Sasso<\/title>\n<meta name=\"robots\" content=\"index, follow, max-snippet:-1, max-image-preview:large, max-video-preview:-1\" \/>\n<link rel=\"canonical\" href=\"https:\/\/cafegransasso.com\/fr\/shop\/mccafe-premium-roast\/\" \/>\n<meta property=\"og:locale\" content=\"fr_FR\" \/>\n<meta property=\"og:type\" content=\"article\" \/>\n<meta property=\"og:title\" content=\"McCaf\u00e9 - PREMIUM ROAST - Cafe Gran Sasso\" \/>\n<meta property=\"og:description\" content=\"McCaf\u00e9\u00ae Premium Roast Decaffeinated Coffee is 100% ethically sourced and Rainforest Alliance Certified\u2122. We\u2019re supporting farmers so their communities, and\" \/>\n<meta property=\"og:url\" content=\"https:\/\/cafegransasso.com\/fr\/shop\/mccafe-premium-roast\/\" \/>\n<meta property=\"og:site_name\" content=\"Cafe Gran Sasso\" \/>\n<meta property=\"article:publisher\" content=\"https:\/\/www.facebook.com\/CafeGranSasso\/\" \/>\n<meta property=\"article:modified_time\" content=\"2025-08-15T16:44:08+00:00\" \/>\n<meta property=\"og:image\" content=\"https:\/\/cafegransasso.com\/wp-content\/uploads\/2020\/04\/MC-CAFE-premium-roast.png\" \/>\n\t<meta property=\"og:image:width\" content=\"2000\" \/>\n\t<meta property=\"og:image:height\" content=\"2000\" \/>\n\t<meta property=\"og:image:type\" content=\"image\/png\" \/>\n<meta name=\"twitter:card\" content=\"summary_large_image\" \/>\n<script type=\"application\/ld+json\" class=\"yoast-schema-graph\">{\"@context\":\"https:\/\/schema.org\",\"@graph\":[{\"@type\":\"WebPage\",\"@id\":\"https:\/\/cafegransasso.com\/shop\/mccafe-premium-roast\/\",\"url\":\"https:\/\/cafegransasso.com\/shop\/mccafe-premium-roast\/\",\"name\":\"McCaf\u00e9 - PREMIUM ROAST - Cafe Gran Sasso\",\"isPartOf\":{\"@id\":\"https:\/\/cafegransasso.com\/#website\"},\"primaryImageOfPage\":{\"@id\":\"https:\/\/cafegransasso.com\/shop\/mccafe-premium-roast\/#primaryimage\"},\"image\":{\"@id\":\"https:\/\/cafegransasso.com\/shop\/mccafe-premium-roast\/#primaryimage\"},\"thumbnailUrl\":\"https:\/\/cafegransasso.com\/wp-content\/uploads\/2020\/04\/MC-CAFE-premium-roast.png\",\"datePublished\":\"2020-04-22T14:20:38+00:00\",\"dateModified\":\"2025-08-15T16:44:08+00:00\",\"breadcrumb\":{\"@id\":\"https:\/\/cafegransasso.com\/shop\/mccafe-premium-roast\/#breadcrumb\"},\"inLanguage\":\"fr-ca\",\"potentialAction\":[{\"@type\":\"ReadAction\",\"target\":[\"https:\/\/cafegransasso.com\/shop\/mccafe-premium-roast\/\"]}]},{\"@type\":\"ImageObject\",\"inLanguage\":\"fr-ca\",\"@id\":\"https:\/\/cafegransasso.com\/shop\/mccafe-premium-roast\/#primaryimage\",\"url\":\"https:\/\/cafegransasso.com\/wp-content\/uploads\/2020\/04\/MC-CAFE-premium-roast.png\",\"contentUrl\":\"https:\/\/cafegransasso.com\/wp-content\/uploads\/2020\/04\/MC-CAFE-premium-roast.png\",\"width\":2000,\"height\":2000},{\"@type\":\"BreadcrumbList\",\"@id\":\"https:\/\/cafegransasso.com\/shop\/mccafe-premium-roast\/#breadcrumb\",\"itemListElement\":[{\"@type\":\"ListItem\",\"position\":1,\"name\":\"Home\",\"item\":\"https:\/\/cafegransasso.com\/\"},{\"@type\":\"ListItem\",\"position\":2,\"name\":\"Shop\",\"item\":\"https:\/\/cafegransasso.com\/premium-office-coffee-and-accessories\/\"},{\"@type\":\"ListItem\",\"position\":3,\"name\":\"McCaf\u00e9 &#8211; PREMIUM ROAST\"}]},{\"@type\":\"WebSite\",\"@id\":\"https:\/\/cafegransasso.com\/#website\",\"url\":\"https:\/\/cafegransasso.com\/\",\"name\":\"Cafe Gran Sasso\",\"description\":\"From Bean to Brew: Coffee Solutions for Businesses.\",\"publisher\":{\"@id\":\"https:\/\/cafegransasso.com\/#organization\"},\"potentialAction\":[{\"@type\":\"SearchAction\",\"target\":{\"@type\":\"EntryPoint\",\"urlTemplate\":\"https:\/\/cafegransasso.com\/?s={search_term_string}\"},\"query-input\":{\"@type\":\"PropertyValueSpecification\",\"valueRequired\":true,\"valueName\":\"search_term_string\"}}],\"inLanguage\":\"fr-ca\"},{\"@type\":\"Organization\",\"@id\":\"https:\/\/cafegransasso.com\/#organization\",\"name\":\"Cafe Gran Sasso\",\"url\":\"https:\/\/cafegransasso.com\/\",\"logo\":{\"@type\":\"ImageObject\",\"inLanguage\":\"fr-ca\",\"@id\":\"https:\/\/cafegransasso.com\/#\/schema\/logo\/image\/\",\"url\":\"https:\/\/cafegransasso.com\/wp-content\/uploads\/2024\/09\/GS-logo-Red-1-removebg-preview.png\",\"contentUrl\":\"https:\/\/cafegransasso.com\/wp-content\/uploads\/2024\/09\/GS-logo-Red-1-removebg-preview.png\",\"width\":360,\"height\":149,\"caption\":\"Cafe Gran Sasso\"},\"image\":{\"@id\":\"https:\/\/cafegransasso.com\/#\/schema\/logo\/image\/\"},\"sameAs\":[\"https:\/\/www.facebook.com\/CafeGranSasso\/\",\"https:\/\/www.instagram.com\/cafe_gransasso\/\"]}]}<\/script>\n<!-- \/ Yoast SEO plugin. -->","yoast_head_json":{"title":"McCaf\u00e9 - PREMIUM ROAST - Cafe Gran Sasso","robots":{"index":"index","follow":"follow","max-snippet":"max-snippet:-1","max-image-preview":"max-image-preview:large","max-video-preview":"max-video-preview:-1"},"canonical":"https:\/\/cafegransasso.com\/fr\/shop\/mccafe-premium-roast\/","og_locale":"fr_FR","og_type":"article","og_title":"McCaf\u00e9 - PREMIUM ROAST - Cafe Gran Sasso","og_description":"McCaf\u00e9\u00ae Premium Roast Decaffeinated Coffee is 100% ethically sourced and Rainforest Alliance Certified\u2122. We\u2019re supporting farmers so their communities, and","og_url":"https:\/\/cafegransasso.com\/fr\/shop\/mccafe-premium-roast\/","og_site_name":"Cafe Gran Sasso","article_publisher":"https:\/\/www.facebook.com\/CafeGranSasso\/","article_modified_time":"2025-08-15T16:44:08+00:00","og_image":[{"width":2000,"height":2000,"url":"https:\/\/cafegransasso.com\/wp-content\/uploads\/2020\/04\/MC-CAFE-premium-roast.png","type":"image\/png"}],"twitter_card":"summary_large_image","schema":{"@context":"https:\/\/schema.org","@graph":[{"@type":"WebPage","@id":"https:\/\/cafegransasso.com\/shop\/mccafe-premium-roast\/","url":"https:\/\/cafegransasso.com\/shop\/mccafe-premium-roast\/","name":"McCaf\u00e9 - PREMIUM ROAST - Cafe Gran Sasso","isPartOf":{"@id":"https:\/\/cafegransasso.com\/#website"},"primaryImageOfPage":{"@id":"https:\/\/cafegransasso.com\/shop\/mccafe-premium-roast\/#primaryimage"},"image":{"@id":"https:\/\/cafegransasso.com\/shop\/mccafe-premium-roast\/#primaryimage"},"thumbnailUrl":"https:\/\/cafegransasso.com\/wp-content\/uploads\/2020\/04\/MC-CAFE-premium-roast.png","datePublished":"2020-04-22T14:20:38+00:00","dateModified":"2025-08-15T16:44:08+00:00","breadcrumb":{"@id":"https:\/\/cafegransasso.com\/shop\/mccafe-premium-roast\/#breadcrumb"},"inLanguage":"fr-ca","potentialAction":[{"@type":"ReadAction","target":["https:\/\/cafegransasso.com\/shop\/mccafe-premium-roast\/"]}]},{"@type":"ImageObject","inLanguage":"fr-ca","@id":"https:\/\/cafegransasso.com\/shop\/mccafe-premium-roast\/#primaryimage","url":"https:\/\/cafegransasso.com\/wp-content\/uploads\/2020\/04\/MC-CAFE-premium-roast.png","contentUrl":"https:\/\/cafegransasso.com\/wp-content\/uploads\/2020\/04\/MC-CAFE-premium-roast.png","width":2000,"height":2000},{"@type":"BreadcrumbList","@id":"https:\/\/cafegransasso.com\/shop\/mccafe-premium-roast\/#breadcrumb","itemListElement":[{"@type":"ListItem","position":1,"name":"Home","item":"https:\/\/cafegransasso.com\/"},{"@type":"ListItem","position":2,"name":"Shop","item":"https:\/\/cafegransasso.com\/premium-office-coffee-and-accessories\/"},{"@type":"ListItem","position":3,"name":"McCaf\u00e9 &#8211; PREMIUM ROAST"}]},{"@type":"WebSite","@id":"https:\/\/cafegransasso.com\/#website","url":"https:\/\/cafegransasso.com\/","name":"Cafe Gran Sasso","description":"From Bean to Brew: Coffee Solutions for Businesses.","publisher":{"@id":"https:\/\/cafegransasso.com\/#organization"},"potentialAction":[{"@type":"SearchAction","target":{"@type":"EntryPoint","urlTemplate":"https:\/\/cafegransasso.com\/?s={search_term_string}"},"query-input":{"@type":"PropertyValueSpecification","valueRequired":true,"valueName":"search_term_string"}}],"inLanguage":"fr-ca"},{"@type":"Organization","@id":"https:\/\/cafegransasso.com\/#organization","name":"Cafe Gran Sasso","url":"https:\/\/cafegransasso.com\/","logo":{"@type":"ImageObject","inLanguage":"fr-ca","@id":"https:\/\/cafegransasso.com\/#\/schema\/logo\/image\/","url":"https:\/\/cafegransasso.com\/wp-content\/uploads\/2024\/09\/GS-logo-Red-1-removebg-preview.png","contentUrl":"https:\/\/cafegransasso.com\/wp-content\/uploads\/2024\/09\/GS-logo-Red-1-removebg-preview.png","width":360,"height":149,"caption":"Cafe Gran Sasso"},"image":{"@id":"https:\/\/cafegransasso.com\/#\/schema\/logo\/image\/"},"sameAs":["https:\/\/www.facebook.com\/CafeGranSasso\/","https:\/\/www.instagram.com\/cafe_gransasso\/"]}]}},"_links":{"self":[{"href":"https:\/\/cafegransasso.com\/fr\/wp-json\/wp\/v2\/product\/12605","targetHints":{"allow":["GET"]}}],"collection":[{"href":"https:\/\/cafegransasso.com\/fr\/wp-json\/wp\/v2\/product"}],"about":[{"href":"https:\/\/cafegransasso.com\/fr\/wp-json\/wp\/v2\/types\/product"}],"replies":[{"embeddable":true,"href":"https:\/\/cafegransasso.com\/fr\/wp-json\/wp\/v2\/comments?post=12605"}],"version-history":[{"count":1,"href":"https:\/\/cafegransasso.com\/fr\/wp-json\/wp\/v2\/product\/12605\/revisions"}],"predecessor-version":[{"id":28393,"href":"https:\/\/cafegransasso.com\/fr\/wp-json\/wp\/v2\/product\/12605\/revisions\/28393"}],"wp:featuredmedia":[{"embeddable":true,"href":"https:\/\/cafegransasso.com\/fr\/wp-json\/wp\/v2\/media\/13749"}],"wp:attachment":[{"href":"https:\/\/cafegransasso.com\/fr\/wp-json\/wp\/v2\/media?parent=12605"}],"wp:term":[{"taxonomy":"product_brand","embeddable":true,"href":"https:\/\/cafegransasso.com\/fr\/wp-json\/wp\/v2\/product_brand?post=12605"},{"taxonomy":"product_cat","embeddable":true,"href":"https:\/\/cafegransasso.com\/fr\/wp-json\/wp\/v2\/product_cat?post=12605"},{"taxonomy":"product_tag","embeddable":true,"href":"https:\/\/cafegransasso.com\/fr\/wp-json\/wp\/v2\/product_tag?post=12605"}],"curies":[{"name":"wp","href":"https:\/\/api.w.org\/{rel}","templated":true}]}}