{"id":12631,"date":"2020-04-22T15:11:16","date_gmt":"2020-04-22T19:11:16","guid":{"rendered":"https:\/\/www.cafegransasso.com\/?post_type=product&#038;p=12631"},"modified":"2025-08-15T12:41:56","modified_gmt":"2025-08-15T16:41:56","slug":"tim-hortons-dark-roast","status":"publish","type":"product","link":"https:\/\/cafegransasso.com\/fr\/shop\/tim-hortons-dark-roast\/","title":{"rendered":"Tim Hortons\u00ae Torr\u00e9faction Fonc\u00e9e"},"content":{"rendered":"<p>Le caf\u00e9 de torr\u00e9faction fonc\u00e9e de Tim Hortons est fait de grains 100 % Arabica s\u00e9lectionn\u00e9s dans les r\u00e9gions productrices de caf\u00e9 les plus renomm\u00e9es au monde. Ce m\u00e9lange de qualit\u00e9 sup\u00e9rieure est torr\u00e9fi\u00e9 avec soin pour donner un caf\u00e9 de torr\u00e9faction fonc\u00e9e riche et plein de saveur, avec un fini velout\u00e9.<\/p>","protected":false},"excerpt":{"rendered":"<p>Tim Hortons Dark Roast Coffee is made with 100% Arabica beans selected from the world\u2019s most renowned coffee growing regions.<\/p>","protected":false},"featured_media":26302,"comment_status":"open","ping_status":"closed","template":"","meta":[],"product_brand":[],"product_cat":[641,191,656],"product_tag":[419,730,797],"class_list":{"0":"post-12631","1":"product","2":"type-product","3":"status-publish","4":"has-post-thumbnail","6":"product_cat-single-serve","7":"product_cat-keurig-pods","8":"product_cat-bulk-deals","9":"product_tag-dark","10":"product_tag-k-cups","11":"product_tag-tim-hortons","13":"first","14":"instock","15":"purchasable","16":"product-type-variable","17":"has-default-attributes"},"yoast_head":"<!-- This site is optimized with the Yoast SEO plugin v26.6 - https:\/\/yoast.com\/wordpress\/plugins\/seo\/ -->\n<title>Tim Hortons\u00ae Dark Roast - Cafe Gran Sasso<\/title>\n<meta name=\"robots\" content=\"index, follow, max-snippet:-1, max-image-preview:large, max-video-preview:-1\" \/>\n<link rel=\"canonical\" href=\"https:\/\/cafegransasso.com\/fr\/shop\/tim-hortons-dark-roast\/\" \/>\n<meta property=\"og:locale\" content=\"fr_FR\" \/>\n<meta property=\"og:type\" content=\"article\" \/>\n<meta property=\"og:title\" content=\"Tim Hortons\u00ae Dark Roast - Cafe Gran Sasso\" \/>\n<meta property=\"og:description\" content=\"Tim Hortons Dark Roast Coffee is made with 100% Arabica beans selected from the world\u2019s most renowned coffee growing regions.\" \/>\n<meta property=\"og:url\" content=\"https:\/\/cafegransasso.com\/fr\/shop\/tim-hortons-dark-roast\/\" \/>\n<meta property=\"og:site_name\" content=\"Cafe Gran Sasso\" \/>\n<meta property=\"article:publisher\" content=\"https:\/\/www.facebook.com\/CafeGranSasso\/\" \/>\n<meta property=\"article:modified_time\" content=\"2025-08-15T16:41:56+00:00\" \/>\n<meta property=\"og:image\" content=\"https:\/\/cafegransasso.com\/wp-content\/uploads\/2020\/04\/THTN_Dark_Roast_BIL_Hero_Lid_04.2022-3078335c.png\" \/>\n\t<meta property=\"og:image:width\" content=\"2000\" \/>\n\t<meta property=\"og:image:height\" content=\"2000\" \/>\n\t<meta property=\"og:image:type\" content=\"image\/png\" \/>\n<meta name=\"twitter:card\" content=\"summary_large_image\" \/>\n<script type=\"application\/ld+json\" class=\"yoast-schema-graph\">{\"@context\":\"https:\/\/schema.org\",\"@graph\":[{\"@type\":\"WebPage\",\"@id\":\"https:\/\/cafegransasso.com\/shop\/tim-hortons-dark-roast\/\",\"url\":\"https:\/\/cafegransasso.com\/shop\/tim-hortons-dark-roast\/\",\"name\":\"Tim Hortons\u00ae Dark Roast - Cafe Gran Sasso\",\"isPartOf\":{\"@id\":\"https:\/\/cafegransasso.com\/#website\"},\"primaryImageOfPage\":{\"@id\":\"https:\/\/cafegransasso.com\/shop\/tim-hortons-dark-roast\/#primaryimage\"},\"image\":{\"@id\":\"https:\/\/cafegransasso.com\/shop\/tim-hortons-dark-roast\/#primaryimage\"},\"thumbnailUrl\":\"https:\/\/cafegransasso.com\/wp-content\/uploads\/2020\/04\/THTN_Dark_Roast_BIL_Hero_Lid_04.2022-3078335c.png\",\"datePublished\":\"2020-04-22T19:11:16+00:00\",\"dateModified\":\"2025-08-15T16:41:56+00:00\",\"breadcrumb\":{\"@id\":\"https:\/\/cafegransasso.com\/shop\/tim-hortons-dark-roast\/#breadcrumb\"},\"inLanguage\":\"fr-ca\",\"potentialAction\":[{\"@type\":\"ReadAction\",\"target\":[\"https:\/\/cafegransasso.com\/shop\/tim-hortons-dark-roast\/\"]}]},{\"@type\":\"ImageObject\",\"inLanguage\":\"fr-ca\",\"@id\":\"https:\/\/cafegransasso.com\/shop\/tim-hortons-dark-roast\/#primaryimage\",\"url\":\"https:\/\/cafegransasso.com\/wp-content\/uploads\/2020\/04\/THTN_Dark_Roast_BIL_Hero_Lid_04.2022-3078335c.png\",\"contentUrl\":\"https:\/\/cafegransasso.com\/wp-content\/uploads\/2020\/04\/THTN_Dark_Roast_BIL_Hero_Lid_04.2022-3078335c.png\",\"width\":2000,\"height\":2000},{\"@type\":\"BreadcrumbList\",\"@id\":\"https:\/\/cafegransasso.com\/shop\/tim-hortons-dark-roast\/#breadcrumb\",\"itemListElement\":[{\"@type\":\"ListItem\",\"position\":1,\"name\":\"Home\",\"item\":\"https:\/\/cafegransasso.com\/\"},{\"@type\":\"ListItem\",\"position\":2,\"name\":\"Shop\",\"item\":\"https:\/\/cafegransasso.com\/premium-office-coffee-and-accessories\/\"},{\"@type\":\"ListItem\",\"position\":3,\"name\":\"Tim Hortons\u00ae Dark Roast\"}]},{\"@type\":\"WebSite\",\"@id\":\"https:\/\/cafegransasso.com\/#website\",\"url\":\"https:\/\/cafegransasso.com\/\",\"name\":\"Cafe Gran Sasso\",\"description\":\"From Bean to Brew: Coffee Solutions for Businesses.\",\"publisher\":{\"@id\":\"https:\/\/cafegransasso.com\/#organization\"},\"potentialAction\":[{\"@type\":\"SearchAction\",\"target\":{\"@type\":\"EntryPoint\",\"urlTemplate\":\"https:\/\/cafegransasso.com\/?s={search_term_string}\"},\"query-input\":{\"@type\":\"PropertyValueSpecification\",\"valueRequired\":true,\"valueName\":\"search_term_string\"}}],\"inLanguage\":\"fr-ca\"},{\"@type\":\"Organization\",\"@id\":\"https:\/\/cafegransasso.com\/#organization\",\"name\":\"Cafe Gran Sasso\",\"url\":\"https:\/\/cafegransasso.com\/\",\"logo\":{\"@type\":\"ImageObject\",\"inLanguage\":\"fr-ca\",\"@id\":\"https:\/\/cafegransasso.com\/#\/schema\/logo\/image\/\",\"url\":\"https:\/\/cafegransasso.com\/wp-content\/uploads\/2024\/09\/GS-logo-Red-1-removebg-preview.png\",\"contentUrl\":\"https:\/\/cafegransasso.com\/wp-content\/uploads\/2024\/09\/GS-logo-Red-1-removebg-preview.png\",\"width\":360,\"height\":149,\"caption\":\"Cafe Gran Sasso\"},\"image\":{\"@id\":\"https:\/\/cafegransasso.com\/#\/schema\/logo\/image\/\"},\"sameAs\":[\"https:\/\/www.facebook.com\/CafeGranSasso\/\",\"https:\/\/www.instagram.com\/cafe_gransasso\/\"]}]}<\/script>\n<!-- \/ Yoast SEO plugin. -->","yoast_head_json":{"title":"Tim Hortons\u00ae Dark Roast - Cafe Gran Sasso","robots":{"index":"index","follow":"follow","max-snippet":"max-snippet:-1","max-image-preview":"max-image-preview:large","max-video-preview":"max-video-preview:-1"},"canonical":"https:\/\/cafegransasso.com\/fr\/shop\/tim-hortons-dark-roast\/","og_locale":"fr_FR","og_type":"article","og_title":"Tim Hortons\u00ae Dark Roast - Cafe Gran Sasso","og_description":"Tim Hortons Dark Roast Coffee is made with 100% Arabica beans selected from the world\u2019s most renowned coffee growing regions.","og_url":"https:\/\/cafegransasso.com\/fr\/shop\/tim-hortons-dark-roast\/","og_site_name":"Cafe Gran Sasso","article_publisher":"https:\/\/www.facebook.com\/CafeGranSasso\/","article_modified_time":"2025-08-15T16:41:56+00:00","og_image":[{"width":2000,"height":2000,"url":"https:\/\/cafegransasso.com\/wp-content\/uploads\/2020\/04\/THTN_Dark_Roast_BIL_Hero_Lid_04.2022-3078335c.png","type":"image\/png"}],"twitter_card":"summary_large_image","schema":{"@context":"https:\/\/schema.org","@graph":[{"@type":"WebPage","@id":"https:\/\/cafegransasso.com\/shop\/tim-hortons-dark-roast\/","url":"https:\/\/cafegransasso.com\/shop\/tim-hortons-dark-roast\/","name":"Tim Hortons\u00ae Dark Roast - Cafe Gran Sasso","isPartOf":{"@id":"https:\/\/cafegransasso.com\/#website"},"primaryImageOfPage":{"@id":"https:\/\/cafegransasso.com\/shop\/tim-hortons-dark-roast\/#primaryimage"},"image":{"@id":"https:\/\/cafegransasso.com\/shop\/tim-hortons-dark-roast\/#primaryimage"},"thumbnailUrl":"https:\/\/cafegransasso.com\/wp-content\/uploads\/2020\/04\/THTN_Dark_Roast_BIL_Hero_Lid_04.2022-3078335c.png","datePublished":"2020-04-22T19:11:16+00:00","dateModified":"2025-08-15T16:41:56+00:00","breadcrumb":{"@id":"https:\/\/cafegransasso.com\/shop\/tim-hortons-dark-roast\/#breadcrumb"},"inLanguage":"fr-ca","potentialAction":[{"@type":"ReadAction","target":["https:\/\/cafegransasso.com\/shop\/tim-hortons-dark-roast\/"]}]},{"@type":"ImageObject","inLanguage":"fr-ca","@id":"https:\/\/cafegransasso.com\/shop\/tim-hortons-dark-roast\/#primaryimage","url":"https:\/\/cafegransasso.com\/wp-content\/uploads\/2020\/04\/THTN_Dark_Roast_BIL_Hero_Lid_04.2022-3078335c.png","contentUrl":"https:\/\/cafegransasso.com\/wp-content\/uploads\/2020\/04\/THTN_Dark_Roast_BIL_Hero_Lid_04.2022-3078335c.png","width":2000,"height":2000},{"@type":"BreadcrumbList","@id":"https:\/\/cafegransasso.com\/shop\/tim-hortons-dark-roast\/#breadcrumb","itemListElement":[{"@type":"ListItem","position":1,"name":"Home","item":"https:\/\/cafegransasso.com\/"},{"@type":"ListItem","position":2,"name":"Shop","item":"https:\/\/cafegransasso.com\/premium-office-coffee-and-accessories\/"},{"@type":"ListItem","position":3,"name":"Tim Hortons\u00ae Dark Roast"}]},{"@type":"WebSite","@id":"https:\/\/cafegransasso.com\/#website","url":"https:\/\/cafegransasso.com\/","name":"Cafe Gran Sasso","description":"From Bean to Brew: Coffee Solutions for Businesses.","publisher":{"@id":"https:\/\/cafegransasso.com\/#organization"},"potentialAction":[{"@type":"SearchAction","target":{"@type":"EntryPoint","urlTemplate":"https:\/\/cafegransasso.com\/?s={search_term_string}"},"query-input":{"@type":"PropertyValueSpecification","valueRequired":true,"valueName":"search_term_string"}}],"inLanguage":"fr-ca"},{"@type":"Organization","@id":"https:\/\/cafegransasso.com\/#organization","name":"Cafe Gran Sasso","url":"https:\/\/cafegransasso.com\/","logo":{"@type":"ImageObject","inLanguage":"fr-ca","@id":"https:\/\/cafegransasso.com\/#\/schema\/logo\/image\/","url":"https:\/\/cafegransasso.com\/wp-content\/uploads\/2024\/09\/GS-logo-Red-1-removebg-preview.png","contentUrl":"https:\/\/cafegransasso.com\/wp-content\/uploads\/2024\/09\/GS-logo-Red-1-removebg-preview.png","width":360,"height":149,"caption":"Cafe Gran Sasso"},"image":{"@id":"https:\/\/cafegransasso.com\/#\/schema\/logo\/image\/"},"sameAs":["https:\/\/www.facebook.com\/CafeGranSasso\/","https:\/\/www.instagram.com\/cafe_gransasso\/"]}]}},"_links":{"self":[{"href":"https:\/\/cafegransasso.com\/fr\/wp-json\/wp\/v2\/product\/12631","targetHints":{"allow":["GET"]}}],"collection":[{"href":"https:\/\/cafegransasso.com\/fr\/wp-json\/wp\/v2\/product"}],"about":[{"href":"https:\/\/cafegransasso.com\/fr\/wp-json\/wp\/v2\/types\/product"}],"replies":[{"embeddable":true,"href":"https:\/\/cafegransasso.com\/fr\/wp-json\/wp\/v2\/comments?post=12631"}],"version-history":[{"count":1,"href":"https:\/\/cafegransasso.com\/fr\/wp-json\/wp\/v2\/product\/12631\/revisions"}],"predecessor-version":[{"id":26309,"href":"https:\/\/cafegransasso.com\/fr\/wp-json\/wp\/v2\/product\/12631\/revisions\/26309"}],"wp:featuredmedia":[{"embeddable":true,"href":"https:\/\/cafegransasso.com\/fr\/wp-json\/wp\/v2\/media\/26302"}],"wp:attachment":[{"href":"https:\/\/cafegransasso.com\/fr\/wp-json\/wp\/v2\/media?parent=12631"}],"wp:term":[{"taxonomy":"product_brand","embeddable":true,"href":"https:\/\/cafegransasso.com\/fr\/wp-json\/wp\/v2\/product_brand?post=12631"},{"taxonomy":"product_cat","embeddable":true,"href":"https:\/\/cafegransasso.com\/fr\/wp-json\/wp\/v2\/product_cat?post=12631"},{"taxonomy":"product_tag","embeddable":true,"href":"https:\/\/cafegransasso.com\/fr\/wp-json\/wp\/v2\/product_tag?post=12631"}],"curies":[{"name":"wp","href":"https:\/\/api.w.org\/{rel}","templated":true}]}}