{"id":12697,"date":"2020-04-24T16:14:36","date_gmt":"2020-04-24T20:14:36","guid":{"rendered":"https:\/\/www.cafegransasso.com\/?post_type=product&#038;p=12697"},"modified":"2025-09-03T11:23:58","modified_gmt":"2025-09-03T15:23:58","slug":"caffitaly-vivace-capsules-for-nespresso","status":"publish","type":"product","link":"https:\/\/cafegransasso.com\/fr\/shop\/caffitaly-vivace-capsules-for-nespresso\/","title":{"rendered":"CAFFITALY VIVACE \u2013 CAPSULES POUR NESPRESSO\u00ae*"},"content":{"rendered":"<div class=\"woocommerce-product-details__short-description\">\n<div class=\"woocommerce-product-details__short-description\">\n<p>M\u00e9lange d'Arabica d'Am\u00e9rique du Sud avec un soup\u00e7on de robusta indien pour compl\u00e9ter son ton et sa personnalit\u00e9. Il offre un go\u00fbt rond et velout\u00e9.<\/p>\n<p>70% Arabica \/ 30 % Robusta<\/p>\n<p>Intensit\u00e9 8\/10<\/p>\n<p>Contenu : 10 capsules de 5,5 g de caf\u00e9 torr\u00e9fi\u00e9 et moulu.<\/p>\n<p><strong>Compatible avec toutes les machines Nespresso\u00ae* Original Line<\/strong><\/p>\n<p>Ne fonctionne pas avec la machine Caffitaly et Nespresso VertuoLine<strong>\u00ae<\/strong>*.<\/p>\n<p>&nbsp;<\/p>\n<p>*Caffitaly Canada n'est pas affili\u00e9e \u00e0 Nestl\u00e9 ou \u00e0 Nestl\u00e9 Nespresso S.A, ni endoss\u00e9e ou commandit\u00e9e par ces derni\u00e8res. Nespresso\u00ae et VERTUOLINE sont des marques d\u00e9pos\u00e9es de la Soci\u00e9t\u00e9 des Produits Nestl\u00e9 S.A.<\/p>\n<h1 class=\"product_title entry-title\"><\/h1>\n<\/div>\n<div class=\"quantity\"><\/div>\n<\/div>","protected":false},"excerpt":{"rendered":"<p>Blend of South American Arabica with a lively hint of Indien robusta to complement its tone and personality. Offers a<\/p>","protected":false},"featured_media":28524,"comment_status":"open","ping_status":"closed","template":"","meta":[],"product_brand":[],"product_cat":[641,192,656],"product_tag":[522,523,558],"class_list":{"0":"post-12697","1":"product","2":"type-product","3":"status-publish","4":"has-post-thumbnail","6":"product_cat-single-serve","7":"product_cat-nespresso-compatible","8":"product_cat-bulk-deals","9":"product_tag-caffitaly","10":"product_tag-espresso","11":"product_tag-nespresso","13":"first","14":"outofstock","15":"purchasable","16":"product-type-variable","17":"has-default-attributes"},"yoast_head":"<!-- This site is optimized with the Yoast SEO plugin v26.6 - https:\/\/yoast.com\/wordpress\/plugins\/seo\/ -->\n<title>CAFFITALY VIVACE \u2013 CAPSULES FOR NESPRESSO\u00ae* - Cafe Gran Sasso<\/title>\n<meta name=\"robots\" content=\"index, follow, max-snippet:-1, max-image-preview:large, max-video-preview:-1\" \/>\n<link rel=\"canonical\" href=\"https:\/\/cafegransasso.com\/fr\/shop\/caffitaly-vivace-capsules-for-nespresso\/\" \/>\n<meta property=\"og:locale\" content=\"fr_FR\" \/>\n<meta property=\"og:type\" content=\"article\" \/>\n<meta property=\"og:title\" content=\"CAFFITALY VIVACE \u2013 CAPSULES FOR NESPRESSO\u00ae* - Cafe Gran Sasso\" \/>\n<meta property=\"og:description\" content=\"Blend of South American Arabica with a lively hint of Indien robusta to complement its tone and personality. Offers a\" \/>\n<meta property=\"og:url\" content=\"https:\/\/cafegransasso.com\/fr\/shop\/caffitaly-vivace-capsules-for-nespresso\/\" \/>\n<meta property=\"og:site_name\" content=\"Cafe Gran Sasso\" \/>\n<meta property=\"article:publisher\" content=\"https:\/\/www.facebook.com\/CafeGranSasso\/\" \/>\n<meta property=\"article:modified_time\" content=\"2025-09-03T15:23:58+00:00\" \/>\n<meta property=\"og:image\" content=\"https:\/\/cafegransasso.com\/wp-content\/uploads\/2020\/04\/db-espresso-collection-stick-vivace-600x600_128e1746-d1d7-495b-96e2-df05ee47da30.webp\" \/>\n\t<meta property=\"og:image:width\" content=\"600\" \/>\n\t<meta property=\"og:image:height\" content=\"600\" \/>\n\t<meta property=\"og:image:type\" content=\"image\/webp\" \/>\n<meta name=\"twitter:card\" content=\"summary_large_image\" \/>\n<script type=\"application\/ld+json\" class=\"yoast-schema-graph\">{\"@context\":\"https:\/\/schema.org\",\"@graph\":[{\"@type\":\"WebPage\",\"@id\":\"https:\/\/cafegransasso.com\/shop\/caffitaly-vivace-capsules-for-nespresso\/\",\"url\":\"https:\/\/cafegransasso.com\/shop\/caffitaly-vivace-capsules-for-nespresso\/\",\"name\":\"CAFFITALY VIVACE \u2013 CAPSULES FOR NESPRESSO\u00ae* - Cafe Gran Sasso\",\"isPartOf\":{\"@id\":\"https:\/\/cafegransasso.com\/#website\"},\"primaryImageOfPage\":{\"@id\":\"https:\/\/cafegransasso.com\/shop\/caffitaly-vivace-capsules-for-nespresso\/#primaryimage\"},\"image\":{\"@id\":\"https:\/\/cafegransasso.com\/shop\/caffitaly-vivace-capsules-for-nespresso\/#primaryimage\"},\"thumbnailUrl\":\"https:\/\/cafegransasso.com\/wp-content\/uploads\/2020\/04\/db-espresso-collection-stick-vivace-600x600_128e1746-d1d7-495b-96e2-df05ee47da30.webp\",\"datePublished\":\"2020-04-24T20:14:36+00:00\",\"dateModified\":\"2025-09-03T15:23:58+00:00\",\"breadcrumb\":{\"@id\":\"https:\/\/cafegransasso.com\/shop\/caffitaly-vivace-capsules-for-nespresso\/#breadcrumb\"},\"inLanguage\":\"fr-ca\",\"potentialAction\":[{\"@type\":\"ReadAction\",\"target\":[\"https:\/\/cafegransasso.com\/shop\/caffitaly-vivace-capsules-for-nespresso\/\"]}]},{\"@type\":\"ImageObject\",\"inLanguage\":\"fr-ca\",\"@id\":\"https:\/\/cafegransasso.com\/shop\/caffitaly-vivace-capsules-for-nespresso\/#primaryimage\",\"url\":\"https:\/\/cafegransasso.com\/wp-content\/uploads\/2020\/04\/db-espresso-collection-stick-vivace-600x600_128e1746-d1d7-495b-96e2-df05ee47da30.webp\",\"contentUrl\":\"https:\/\/cafegransasso.com\/wp-content\/uploads\/2020\/04\/db-espresso-collection-stick-vivace-600x600_128e1746-d1d7-495b-96e2-df05ee47da30.webp\",\"width\":600,\"height\":600},{\"@type\":\"BreadcrumbList\",\"@id\":\"https:\/\/cafegransasso.com\/shop\/caffitaly-vivace-capsules-for-nespresso\/#breadcrumb\",\"itemListElement\":[{\"@type\":\"ListItem\",\"position\":1,\"name\":\"Home\",\"item\":\"https:\/\/cafegransasso.com\/\"},{\"@type\":\"ListItem\",\"position\":2,\"name\":\"Shop\",\"item\":\"https:\/\/cafegransasso.com\/premium-office-coffee-and-accessories\/\"},{\"@type\":\"ListItem\",\"position\":3,\"name\":\"CAFFITALY VIVACE \u2013 CAPSULES FOR NESPRESSO\u00ae*\"}]},{\"@type\":\"WebSite\",\"@id\":\"https:\/\/cafegransasso.com\/#website\",\"url\":\"https:\/\/cafegransasso.com\/\",\"name\":\"Cafe Gran Sasso\",\"description\":\"From Bean to Brew: Coffee Solutions for Businesses.\",\"publisher\":{\"@id\":\"https:\/\/cafegransasso.com\/#organization\"},\"potentialAction\":[{\"@type\":\"SearchAction\",\"target\":{\"@type\":\"EntryPoint\",\"urlTemplate\":\"https:\/\/cafegransasso.com\/?s={search_term_string}\"},\"query-input\":{\"@type\":\"PropertyValueSpecification\",\"valueRequired\":true,\"valueName\":\"search_term_string\"}}],\"inLanguage\":\"fr-ca\"},{\"@type\":\"Organization\",\"@id\":\"https:\/\/cafegransasso.com\/#organization\",\"name\":\"Cafe Gran Sasso\",\"url\":\"https:\/\/cafegransasso.com\/\",\"logo\":{\"@type\":\"ImageObject\",\"inLanguage\":\"fr-ca\",\"@id\":\"https:\/\/cafegransasso.com\/#\/schema\/logo\/image\/\",\"url\":\"https:\/\/cafegransasso.com\/wp-content\/uploads\/2024\/09\/GS-logo-Red-1-removebg-preview.png\",\"contentUrl\":\"https:\/\/cafegransasso.com\/wp-content\/uploads\/2024\/09\/GS-logo-Red-1-removebg-preview.png\",\"width\":360,\"height\":149,\"caption\":\"Cafe Gran Sasso\"},\"image\":{\"@id\":\"https:\/\/cafegransasso.com\/#\/schema\/logo\/image\/\"},\"sameAs\":[\"https:\/\/www.facebook.com\/CafeGranSasso\/\",\"https:\/\/www.instagram.com\/cafe_gransasso\/\"]}]}<\/script>\n<!-- \/ Yoast SEO plugin. -->","yoast_head_json":{"title":"CAFFITALY VIVACE \u2013 CAPSULES FOR NESPRESSO\u00ae* - Cafe Gran Sasso","robots":{"index":"index","follow":"follow","max-snippet":"max-snippet:-1","max-image-preview":"max-image-preview:large","max-video-preview":"max-video-preview:-1"},"canonical":"https:\/\/cafegransasso.com\/fr\/shop\/caffitaly-vivace-capsules-for-nespresso\/","og_locale":"fr_FR","og_type":"article","og_title":"CAFFITALY VIVACE \u2013 CAPSULES FOR NESPRESSO\u00ae* - Cafe Gran Sasso","og_description":"Blend of South American Arabica with a lively hint of Indien robusta to complement its tone and personality. Offers a","og_url":"https:\/\/cafegransasso.com\/fr\/shop\/caffitaly-vivace-capsules-for-nespresso\/","og_site_name":"Cafe Gran Sasso","article_publisher":"https:\/\/www.facebook.com\/CafeGranSasso\/","article_modified_time":"2025-09-03T15:23:58+00:00","og_image":[{"width":600,"height":600,"url":"https:\/\/cafegransasso.com\/wp-content\/uploads\/2020\/04\/db-espresso-collection-stick-vivace-600x600_128e1746-d1d7-495b-96e2-df05ee47da30.webp","type":"image\/webp"}],"twitter_card":"summary_large_image","schema":{"@context":"https:\/\/schema.org","@graph":[{"@type":"WebPage","@id":"https:\/\/cafegransasso.com\/shop\/caffitaly-vivace-capsules-for-nespresso\/","url":"https:\/\/cafegransasso.com\/shop\/caffitaly-vivace-capsules-for-nespresso\/","name":"CAFFITALY VIVACE \u2013 CAPSULES FOR NESPRESSO\u00ae* - Cafe Gran Sasso","isPartOf":{"@id":"https:\/\/cafegransasso.com\/#website"},"primaryImageOfPage":{"@id":"https:\/\/cafegransasso.com\/shop\/caffitaly-vivace-capsules-for-nespresso\/#primaryimage"},"image":{"@id":"https:\/\/cafegransasso.com\/shop\/caffitaly-vivace-capsules-for-nespresso\/#primaryimage"},"thumbnailUrl":"https:\/\/cafegransasso.com\/wp-content\/uploads\/2020\/04\/db-espresso-collection-stick-vivace-600x600_128e1746-d1d7-495b-96e2-df05ee47da30.webp","datePublished":"2020-04-24T20:14:36+00:00","dateModified":"2025-09-03T15:23:58+00:00","breadcrumb":{"@id":"https:\/\/cafegransasso.com\/shop\/caffitaly-vivace-capsules-for-nespresso\/#breadcrumb"},"inLanguage":"fr-ca","potentialAction":[{"@type":"ReadAction","target":["https:\/\/cafegransasso.com\/shop\/caffitaly-vivace-capsules-for-nespresso\/"]}]},{"@type":"ImageObject","inLanguage":"fr-ca","@id":"https:\/\/cafegransasso.com\/shop\/caffitaly-vivace-capsules-for-nespresso\/#primaryimage","url":"https:\/\/cafegransasso.com\/wp-content\/uploads\/2020\/04\/db-espresso-collection-stick-vivace-600x600_128e1746-d1d7-495b-96e2-df05ee47da30.webp","contentUrl":"https:\/\/cafegransasso.com\/wp-content\/uploads\/2020\/04\/db-espresso-collection-stick-vivace-600x600_128e1746-d1d7-495b-96e2-df05ee47da30.webp","width":600,"height":600},{"@type":"BreadcrumbList","@id":"https:\/\/cafegransasso.com\/shop\/caffitaly-vivace-capsules-for-nespresso\/#breadcrumb","itemListElement":[{"@type":"ListItem","position":1,"name":"Home","item":"https:\/\/cafegransasso.com\/"},{"@type":"ListItem","position":2,"name":"Shop","item":"https:\/\/cafegransasso.com\/premium-office-coffee-and-accessories\/"},{"@type":"ListItem","position":3,"name":"CAFFITALY VIVACE \u2013 CAPSULES FOR NESPRESSO\u00ae*"}]},{"@type":"WebSite","@id":"https:\/\/cafegransasso.com\/#website","url":"https:\/\/cafegransasso.com\/","name":"Cafe Gran Sasso","description":"From Bean to Brew: Coffee Solutions for Businesses.","publisher":{"@id":"https:\/\/cafegransasso.com\/#organization"},"potentialAction":[{"@type":"SearchAction","target":{"@type":"EntryPoint","urlTemplate":"https:\/\/cafegransasso.com\/?s={search_term_string}"},"query-input":{"@type":"PropertyValueSpecification","valueRequired":true,"valueName":"search_term_string"}}],"inLanguage":"fr-ca"},{"@type":"Organization","@id":"https:\/\/cafegransasso.com\/#organization","name":"Cafe Gran Sasso","url":"https:\/\/cafegransasso.com\/","logo":{"@type":"ImageObject","inLanguage":"fr-ca","@id":"https:\/\/cafegransasso.com\/#\/schema\/logo\/image\/","url":"https:\/\/cafegransasso.com\/wp-content\/uploads\/2024\/09\/GS-logo-Red-1-removebg-preview.png","contentUrl":"https:\/\/cafegransasso.com\/wp-content\/uploads\/2024\/09\/GS-logo-Red-1-removebg-preview.png","width":360,"height":149,"caption":"Cafe Gran Sasso"},"image":{"@id":"https:\/\/cafegransasso.com\/#\/schema\/logo\/image\/"},"sameAs":["https:\/\/www.facebook.com\/CafeGranSasso\/","https:\/\/www.instagram.com\/cafe_gransasso\/"]}]}},"_links":{"self":[{"href":"https:\/\/cafegransasso.com\/fr\/wp-json\/wp\/v2\/product\/12697","targetHints":{"allow":["GET"]}}],"collection":[{"href":"https:\/\/cafegransasso.com\/fr\/wp-json\/wp\/v2\/product"}],"about":[{"href":"https:\/\/cafegransasso.com\/fr\/wp-json\/wp\/v2\/types\/product"}],"replies":[{"embeddable":true,"href":"https:\/\/cafegransasso.com\/fr\/wp-json\/wp\/v2\/comments?post=12697"}],"version-history":[{"count":1,"href":"https:\/\/cafegransasso.com\/fr\/wp-json\/wp\/v2\/product\/12697\/revisions"}],"predecessor-version":[{"id":28523,"href":"https:\/\/cafegransasso.com\/fr\/wp-json\/wp\/v2\/product\/12697\/revisions\/28523"}],"wp:featuredmedia":[{"embeddable":true,"href":"https:\/\/cafegransasso.com\/fr\/wp-json\/wp\/v2\/media\/28524"}],"wp:attachment":[{"href":"https:\/\/cafegransasso.com\/fr\/wp-json\/wp\/v2\/media?parent=12697"}],"wp:term":[{"taxonomy":"product_brand","embeddable":true,"href":"https:\/\/cafegransasso.com\/fr\/wp-json\/wp\/v2\/product_brand?post=12697"},{"taxonomy":"product_cat","embeddable":true,"href":"https:\/\/cafegransasso.com\/fr\/wp-json\/wp\/v2\/product_cat?post=12697"},{"taxonomy":"product_tag","embeddable":true,"href":"https:\/\/cafegransasso.com\/fr\/wp-json\/wp\/v2\/product_tag?post=12697"}],"curies":[{"name":"wp","href":"https:\/\/api.w.org\/{rel}","templated":true}]}}