{"id":12705,"date":"2020-04-24T16:20:28","date_gmt":"2020-04-24T20:20:28","guid":{"rendered":"https:\/\/www.cafegransasso.com\/?post_type=product&#038;p=12705"},"modified":"2025-02-18T13:44:20","modified_gmt":"2025-02-18T18:44:20","slug":"caffitaly-deca-capsules-for-nespresso","status":"publish","type":"product","link":"https:\/\/cafegransasso.com\/fr\/shop\/caffitaly-deca-capsules-for-nespresso\/","title":{"rendered":"CAFFITALY DECA\u2013 CAPSULES FOR NESPRESSO\u00ae*"},"content":{"rendered":"<div class=\"woocommerce-product-details__short-description\">\n<div class=\"woocommerce-product-details__short-description\">\n<p>Espresso d\u00e9caf\u00e9in\u00e9 au go\u00fbt cors\u00e9 et velout\u00e9 qui conserve la saveur intense du caf\u00e9.<\/p>\n<p>70% Arabica \/ 30% Robusta<\/p>\n<p>Intensit\u00e9 5\/10<\/p>\n<p>Contenu : 10 capsules de 5,5 g de caf\u00e9 torr\u00e9fi\u00e9 et moulu.<\/p>\n<p><strong>Compatible avec toutes les machines Nespresso\u00ae* Original Line<\/strong><\/p>\n<p>Ne fonctionne pas avec la machine Caffitaly et Nespresso VertuoLine<strong>\u00ae<\/strong>*.<\/p>\n<p>&nbsp;<\/p>\n<p>*Caffitaly Canada n'est pas affili\u00e9e \u00e0 Nestl\u00e9 ou \u00e0 Nestl\u00e9 Nespresso S.A, ni endoss\u00e9e ou commandit\u00e9e par ces derni\u00e8res. Nespresso\u00ae et VERTUOLINE sont des marques d\u00e9pos\u00e9es de la Soci\u00e9t\u00e9 des Produits Nestl\u00e9 S.A.<\/p>\n<\/div>\n<div class=\"quantity\"><\/div>\n<\/div>","protected":false},"excerpt":{"rendered":"<p>Decaffeinated espresso with a full-bodied and velvety taste which retains the intense flavor of the coffe. 70% Arabica \/ 30%<\/p>","protected":false},"featured_media":12679,"comment_status":"open","ping_status":"closed","template":"","meta":[],"product_brand":[],"product_cat":[641,192,656],"product_tag":[522,523,558],"class_list":{"0":"post-12705","1":"product","2":"type-product","3":"status-publish","4":"has-post-thumbnail","6":"product_cat-single-serve","7":"product_cat-nespresso-compatible","8":"product_cat-bulk-deals","9":"product_tag-caffitaly","10":"product_tag-espresso","11":"product_tag-nespresso","13":"first","14":"outofstock","15":"purchasable","16":"product-type-variable"},"yoast_head":"<!-- This site is optimized with the Yoast SEO plugin v26.6 - https:\/\/yoast.com\/wordpress\/plugins\/seo\/ -->\n<title>CAFFITALY DECA\u2013 CAPSULES FOR NESPRESSO\u00ae* - Cafe Gran Sasso<\/title>\n<meta name=\"robots\" content=\"index, follow, max-snippet:-1, max-image-preview:large, max-video-preview:-1\" \/>\n<link rel=\"canonical\" href=\"https:\/\/cafegransasso.com\/fr\/shop\/caffitaly-deca-capsules-for-nespresso\/\" \/>\n<meta property=\"og:locale\" content=\"fr_FR\" \/>\n<meta property=\"og:type\" content=\"article\" \/>\n<meta property=\"og:title\" content=\"CAFFITALY DECA\u2013 CAPSULES FOR NESPRESSO\u00ae* - Cafe Gran Sasso\" \/>\n<meta property=\"og:description\" content=\"Decaffeinated espresso with a full-bodied and velvety taste which retains the intense flavor of the coffe. 70% Arabica \/ 30%\" \/>\n<meta property=\"og:url\" content=\"https:\/\/cafegransasso.com\/fr\/shop\/caffitaly-deca-capsules-for-nespresso\/\" \/>\n<meta property=\"og:site_name\" content=\"Cafe Gran Sasso\" \/>\n<meta property=\"article:publisher\" content=\"https:\/\/www.facebook.com\/CafeGranSasso\/\" \/>\n<meta property=\"article:modified_time\" content=\"2025-02-18T18:44:20+00:00\" \/>\n<meta property=\"og:image\" content=\"https:\/\/cafegransasso.com\/wp-content\/uploads\/2016\/03\/caffitaly-espresso-collection-stick-deca-600x600.jpg\" \/>\n\t<meta property=\"og:image:width\" content=\"600\" \/>\n\t<meta property=\"og:image:height\" content=\"600\" \/>\n\t<meta property=\"og:image:type\" content=\"image\/jpeg\" \/>\n<meta name=\"twitter:card\" content=\"summary_large_image\" \/>\n<meta name=\"twitter:label1\" content=\"Est. reading time\" \/>\n\t<meta name=\"twitter:data1\" content=\"1 minute\" \/>\n<script type=\"application\/ld+json\" class=\"yoast-schema-graph\">{\"@context\":\"https:\/\/schema.org\",\"@graph\":[{\"@type\":\"WebPage\",\"@id\":\"https:\/\/cafegransasso.com\/shop\/caffitaly-deca-capsules-for-nespresso\/\",\"url\":\"https:\/\/cafegransasso.com\/shop\/caffitaly-deca-capsules-for-nespresso\/\",\"name\":\"CAFFITALY DECA\u2013 CAPSULES FOR NESPRESSO\u00ae* - Cafe Gran Sasso\",\"isPartOf\":{\"@id\":\"https:\/\/cafegransasso.com\/#website\"},\"primaryImageOfPage\":{\"@id\":\"https:\/\/cafegransasso.com\/shop\/caffitaly-deca-capsules-for-nespresso\/#primaryimage\"},\"image\":{\"@id\":\"https:\/\/cafegransasso.com\/shop\/caffitaly-deca-capsules-for-nespresso\/#primaryimage\"},\"thumbnailUrl\":\"https:\/\/cafegransasso.com\/wp-content\/uploads\/2016\/03\/caffitaly-espresso-collection-stick-deca-600x600.jpg\",\"datePublished\":\"2020-04-24T20:20:28+00:00\",\"dateModified\":\"2025-02-18T18:44:20+00:00\",\"breadcrumb\":{\"@id\":\"https:\/\/cafegransasso.com\/shop\/caffitaly-deca-capsules-for-nespresso\/#breadcrumb\"},\"inLanguage\":\"fr-ca\",\"potentialAction\":[{\"@type\":\"ReadAction\",\"target\":[\"https:\/\/cafegransasso.com\/shop\/caffitaly-deca-capsules-for-nespresso\/\"]}]},{\"@type\":\"ImageObject\",\"inLanguage\":\"fr-ca\",\"@id\":\"https:\/\/cafegransasso.com\/shop\/caffitaly-deca-capsules-for-nespresso\/#primaryimage\",\"url\":\"https:\/\/cafegransasso.com\/wp-content\/uploads\/2016\/03\/caffitaly-espresso-collection-stick-deca-600x600.jpg\",\"contentUrl\":\"https:\/\/cafegransasso.com\/wp-content\/uploads\/2016\/03\/caffitaly-espresso-collection-stick-deca-600x600.jpg\",\"width\":600,\"height\":600},{\"@type\":\"BreadcrumbList\",\"@id\":\"https:\/\/cafegransasso.com\/shop\/caffitaly-deca-capsules-for-nespresso\/#breadcrumb\",\"itemListElement\":[{\"@type\":\"ListItem\",\"position\":1,\"name\":\"Home\",\"item\":\"https:\/\/cafegransasso.com\/\"},{\"@type\":\"ListItem\",\"position\":2,\"name\":\"Shop\",\"item\":\"https:\/\/cafegransasso.com\/premium-office-coffee-and-accessories\/\"},{\"@type\":\"ListItem\",\"position\":3,\"name\":\"CAFFITALY DECA\u2013 CAPSULES FOR NESPRESSO\u00ae*\"}]},{\"@type\":\"WebSite\",\"@id\":\"https:\/\/cafegransasso.com\/#website\",\"url\":\"https:\/\/cafegransasso.com\/\",\"name\":\"Cafe Gran Sasso\",\"description\":\"From Bean to Brew: Coffee Solutions for Businesses.\",\"publisher\":{\"@id\":\"https:\/\/cafegransasso.com\/#organization\"},\"potentialAction\":[{\"@type\":\"SearchAction\",\"target\":{\"@type\":\"EntryPoint\",\"urlTemplate\":\"https:\/\/cafegransasso.com\/?s={search_term_string}\"},\"query-input\":{\"@type\":\"PropertyValueSpecification\",\"valueRequired\":true,\"valueName\":\"search_term_string\"}}],\"inLanguage\":\"fr-ca\"},{\"@type\":\"Organization\",\"@id\":\"https:\/\/cafegransasso.com\/#organization\",\"name\":\"Cafe Gran Sasso\",\"url\":\"https:\/\/cafegransasso.com\/\",\"logo\":{\"@type\":\"ImageObject\",\"inLanguage\":\"fr-ca\",\"@id\":\"https:\/\/cafegransasso.com\/#\/schema\/logo\/image\/\",\"url\":\"https:\/\/cafegransasso.com\/wp-content\/uploads\/2024\/09\/GS-logo-Red-1-removebg-preview.png\",\"contentUrl\":\"https:\/\/cafegransasso.com\/wp-content\/uploads\/2024\/09\/GS-logo-Red-1-removebg-preview.png\",\"width\":360,\"height\":149,\"caption\":\"Cafe Gran Sasso\"},\"image\":{\"@id\":\"https:\/\/cafegransasso.com\/#\/schema\/logo\/image\/\"},\"sameAs\":[\"https:\/\/www.facebook.com\/CafeGranSasso\/\",\"https:\/\/www.instagram.com\/cafe_gransasso\/\"]}]}<\/script>\n<!-- \/ Yoast SEO plugin. -->","yoast_head_json":{"title":"CAFFITALY DECA\u2013 CAPSULES FOR NESPRESSO\u00ae* - Cafe Gran Sasso","robots":{"index":"index","follow":"follow","max-snippet":"max-snippet:-1","max-image-preview":"max-image-preview:large","max-video-preview":"max-video-preview:-1"},"canonical":"https:\/\/cafegransasso.com\/fr\/shop\/caffitaly-deca-capsules-for-nespresso\/","og_locale":"fr_FR","og_type":"article","og_title":"CAFFITALY DECA\u2013 CAPSULES FOR NESPRESSO\u00ae* - Cafe Gran Sasso","og_description":"Decaffeinated espresso with a full-bodied and velvety taste which retains the intense flavor of the coffe. 70% Arabica \/ 30%","og_url":"https:\/\/cafegransasso.com\/fr\/shop\/caffitaly-deca-capsules-for-nespresso\/","og_site_name":"Cafe Gran Sasso","article_publisher":"https:\/\/www.facebook.com\/CafeGranSasso\/","article_modified_time":"2025-02-18T18:44:20+00:00","og_image":[{"width":600,"height":600,"url":"https:\/\/cafegransasso.com\/wp-content\/uploads\/2016\/03\/caffitaly-espresso-collection-stick-deca-600x600.jpg","type":"image\/jpeg"}],"twitter_card":"summary_large_image","twitter_misc":{"Est. reading time":"1 minute"},"schema":{"@context":"https:\/\/schema.org","@graph":[{"@type":"WebPage","@id":"https:\/\/cafegransasso.com\/shop\/caffitaly-deca-capsules-for-nespresso\/","url":"https:\/\/cafegransasso.com\/shop\/caffitaly-deca-capsules-for-nespresso\/","name":"CAFFITALY DECA\u2013 CAPSULES FOR NESPRESSO\u00ae* - Cafe Gran Sasso","isPartOf":{"@id":"https:\/\/cafegransasso.com\/#website"},"primaryImageOfPage":{"@id":"https:\/\/cafegransasso.com\/shop\/caffitaly-deca-capsules-for-nespresso\/#primaryimage"},"image":{"@id":"https:\/\/cafegransasso.com\/shop\/caffitaly-deca-capsules-for-nespresso\/#primaryimage"},"thumbnailUrl":"https:\/\/cafegransasso.com\/wp-content\/uploads\/2016\/03\/caffitaly-espresso-collection-stick-deca-600x600.jpg","datePublished":"2020-04-24T20:20:28+00:00","dateModified":"2025-02-18T18:44:20+00:00","breadcrumb":{"@id":"https:\/\/cafegransasso.com\/shop\/caffitaly-deca-capsules-for-nespresso\/#breadcrumb"},"inLanguage":"fr-ca","potentialAction":[{"@type":"ReadAction","target":["https:\/\/cafegransasso.com\/shop\/caffitaly-deca-capsules-for-nespresso\/"]}]},{"@type":"ImageObject","inLanguage":"fr-ca","@id":"https:\/\/cafegransasso.com\/shop\/caffitaly-deca-capsules-for-nespresso\/#primaryimage","url":"https:\/\/cafegransasso.com\/wp-content\/uploads\/2016\/03\/caffitaly-espresso-collection-stick-deca-600x600.jpg","contentUrl":"https:\/\/cafegransasso.com\/wp-content\/uploads\/2016\/03\/caffitaly-espresso-collection-stick-deca-600x600.jpg","width":600,"height":600},{"@type":"BreadcrumbList","@id":"https:\/\/cafegransasso.com\/shop\/caffitaly-deca-capsules-for-nespresso\/#breadcrumb","itemListElement":[{"@type":"ListItem","position":1,"name":"Home","item":"https:\/\/cafegransasso.com\/"},{"@type":"ListItem","position":2,"name":"Shop","item":"https:\/\/cafegransasso.com\/premium-office-coffee-and-accessories\/"},{"@type":"ListItem","position":3,"name":"CAFFITALY DECA\u2013 CAPSULES FOR NESPRESSO\u00ae*"}]},{"@type":"WebSite","@id":"https:\/\/cafegransasso.com\/#website","url":"https:\/\/cafegransasso.com\/","name":"Cafe Gran Sasso","description":"From Bean to Brew: Coffee Solutions for Businesses.","publisher":{"@id":"https:\/\/cafegransasso.com\/#organization"},"potentialAction":[{"@type":"SearchAction","target":{"@type":"EntryPoint","urlTemplate":"https:\/\/cafegransasso.com\/?s={search_term_string}"},"query-input":{"@type":"PropertyValueSpecification","valueRequired":true,"valueName":"search_term_string"}}],"inLanguage":"fr-ca"},{"@type":"Organization","@id":"https:\/\/cafegransasso.com\/#organization","name":"Cafe Gran Sasso","url":"https:\/\/cafegransasso.com\/","logo":{"@type":"ImageObject","inLanguage":"fr-ca","@id":"https:\/\/cafegransasso.com\/#\/schema\/logo\/image\/","url":"https:\/\/cafegransasso.com\/wp-content\/uploads\/2024\/09\/GS-logo-Red-1-removebg-preview.png","contentUrl":"https:\/\/cafegransasso.com\/wp-content\/uploads\/2024\/09\/GS-logo-Red-1-removebg-preview.png","width":360,"height":149,"caption":"Cafe Gran Sasso"},"image":{"@id":"https:\/\/cafegransasso.com\/#\/schema\/logo\/image\/"},"sameAs":["https:\/\/www.facebook.com\/CafeGranSasso\/","https:\/\/www.instagram.com\/cafe_gransasso\/"]}]}},"_links":{"self":[{"href":"https:\/\/cafegransasso.com\/fr\/wp-json\/wp\/v2\/product\/12705","targetHints":{"allow":["GET"]}}],"collection":[{"href":"https:\/\/cafegransasso.com\/fr\/wp-json\/wp\/v2\/product"}],"about":[{"href":"https:\/\/cafegransasso.com\/fr\/wp-json\/wp\/v2\/types\/product"}],"replies":[{"embeddable":true,"href":"https:\/\/cafegransasso.com\/fr\/wp-json\/wp\/v2\/comments?post=12705"}],"version-history":[{"count":3,"href":"https:\/\/cafegransasso.com\/fr\/wp-json\/wp\/v2\/product\/12705\/revisions"}],"predecessor-version":[{"id":31398,"href":"https:\/\/cafegransasso.com\/fr\/wp-json\/wp\/v2\/product\/12705\/revisions\/31398"}],"wp:featuredmedia":[{"embeddable":true,"href":"https:\/\/cafegransasso.com\/fr\/wp-json\/wp\/v2\/media\/12679"}],"wp:attachment":[{"href":"https:\/\/cafegransasso.com\/fr\/wp-json\/wp\/v2\/media?parent=12705"}],"wp:term":[{"taxonomy":"product_brand","embeddable":true,"href":"https:\/\/cafegransasso.com\/fr\/wp-json\/wp\/v2\/product_brand?post=12705"},{"taxonomy":"product_cat","embeddable":true,"href":"https:\/\/cafegransasso.com\/fr\/wp-json\/wp\/v2\/product_cat?post=12705"},{"taxonomy":"product_tag","embeddable":true,"href":"https:\/\/cafegransasso.com\/fr\/wp-json\/wp\/v2\/product_tag?post=12705"}],"curies":[{"name":"wp","href":"https:\/\/api.w.org\/{rel}","templated":true}]}}