{"id":12787,"date":"2020-04-27T11:25:15","date_gmt":"2020-04-27T15:25:15","guid":{"rendered":"https:\/\/www.cafegransasso.com\/?post_type=product&#038;p=12787"},"modified":"2025-08-15T12:41:20","modified_gmt":"2025-08-15T16:41:20","slug":"tim-hortons-decaf","status":"publish","type":"product","link":"https:\/\/cafegransasso.com\/fr\/shop\/tim-hortons-decaf\/","title":{"rendered":"TIM HORTONS\u00ae D\u00e9caf\u00e9in\u00e9"},"content":{"rendered":"<p>100% Arabica, d\u00e9caf\u00e9in\u00e9 par l'eau suisse<sup>\u00ae<\/sup>\u00a0afin de pr\u00e9server notre saveur caract\u00e9ristique.<\/p>","protected":false},"excerpt":{"rendered":"<p>100% Arabica beans, decaffeinated by the Swiss Water\u00ae\u00a0process to preserve our signature flavour.<\/p>","protected":false},"featured_media":26304,"comment_status":"open","ping_status":"closed","template":"","meta":[],"product_brand":[],"product_cat":[641,191,656],"product_tag":[425,730,797],"class_list":{"0":"post-12787","1":"product","2":"type-product","3":"status-publish","4":"has-post-thumbnail","6":"product_cat-single-serve","7":"product_cat-keurig-pods","8":"product_cat-bulk-deals","9":"product_tag-decaf","10":"product_tag-k-cups","11":"product_tag-tim-hortons","13":"first","14":"instock","15":"purchasable","16":"product-type-variable","17":"has-default-attributes"},"yoast_head":"<!-- This site is optimized with the Yoast SEO plugin v26.6 - https:\/\/yoast.com\/wordpress\/plugins\/seo\/ -->\n<title>TIM HORTONS\u00ae DECAF - Cafe Gran Sasso<\/title>\n<meta name=\"robots\" content=\"index, follow, max-snippet:-1, max-image-preview:large, max-video-preview:-1\" \/>\n<link rel=\"canonical\" href=\"https:\/\/cafegransasso.com\/fr\/shop\/tim-hortons-decaf\/\" \/>\n<meta property=\"og:locale\" content=\"fr_FR\" \/>\n<meta property=\"og:type\" content=\"article\" \/>\n<meta property=\"og:title\" content=\"TIM HORTONS\u00ae DECAF - Cafe Gran Sasso\" \/>\n<meta property=\"og:description\" content=\"100% Arabica beans, decaffeinated by the Swiss Water\u00ae\u00a0process to preserve our signature flavour.\" \/>\n<meta property=\"og:url\" content=\"https:\/\/cafegransasso.com\/fr\/shop\/tim-hortons-decaf\/\" \/>\n<meta property=\"og:site_name\" content=\"Cafe Gran Sasso\" \/>\n<meta property=\"article:publisher\" content=\"https:\/\/www.facebook.com\/CafeGranSasso\/\" \/>\n<meta property=\"article:modified_time\" content=\"2025-08-15T16:41:20+00:00\" \/>\n<meta property=\"og:image\" content=\"https:\/\/cafegransasso.com\/wp-content\/uploads\/2020\/04\/THTN_Decaf_BIL_Hero_Lid_04.2022-3ac194ea.png\" \/>\n\t<meta property=\"og:image:width\" content=\"2000\" \/>\n\t<meta property=\"og:image:height\" content=\"2000\" \/>\n\t<meta property=\"og:image:type\" content=\"image\/png\" \/>\n<meta name=\"twitter:card\" content=\"summary_large_image\" \/>\n<script type=\"application\/ld+json\" class=\"yoast-schema-graph\">{\"@context\":\"https:\/\/schema.org\",\"@graph\":[{\"@type\":\"WebPage\",\"@id\":\"https:\/\/cafegransasso.com\/shop\/tim-hortons-decaf\/\",\"url\":\"https:\/\/cafegransasso.com\/shop\/tim-hortons-decaf\/\",\"name\":\"TIM HORTONS\u00ae DECAF - Cafe Gran Sasso\",\"isPartOf\":{\"@id\":\"https:\/\/cafegransasso.com\/#website\"},\"primaryImageOfPage\":{\"@id\":\"https:\/\/cafegransasso.com\/shop\/tim-hortons-decaf\/#primaryimage\"},\"image\":{\"@id\":\"https:\/\/cafegransasso.com\/shop\/tim-hortons-decaf\/#primaryimage\"},\"thumbnailUrl\":\"https:\/\/cafegransasso.com\/wp-content\/uploads\/2020\/04\/THTN_Decaf_BIL_Hero_Lid_04.2022-3ac194ea.png\",\"datePublished\":\"2020-04-27T15:25:15+00:00\",\"dateModified\":\"2025-08-15T16:41:20+00:00\",\"breadcrumb\":{\"@id\":\"https:\/\/cafegransasso.com\/shop\/tim-hortons-decaf\/#breadcrumb\"},\"inLanguage\":\"fr-ca\",\"potentialAction\":[{\"@type\":\"ReadAction\",\"target\":[\"https:\/\/cafegransasso.com\/shop\/tim-hortons-decaf\/\"]}]},{\"@type\":\"ImageObject\",\"inLanguage\":\"fr-ca\",\"@id\":\"https:\/\/cafegransasso.com\/shop\/tim-hortons-decaf\/#primaryimage\",\"url\":\"https:\/\/cafegransasso.com\/wp-content\/uploads\/2020\/04\/THTN_Decaf_BIL_Hero_Lid_04.2022-3ac194ea.png\",\"contentUrl\":\"https:\/\/cafegransasso.com\/wp-content\/uploads\/2020\/04\/THTN_Decaf_BIL_Hero_Lid_04.2022-3ac194ea.png\",\"width\":2000,\"height\":2000},{\"@type\":\"BreadcrumbList\",\"@id\":\"https:\/\/cafegransasso.com\/shop\/tim-hortons-decaf\/#breadcrumb\",\"itemListElement\":[{\"@type\":\"ListItem\",\"position\":1,\"name\":\"Home\",\"item\":\"https:\/\/cafegransasso.com\/\"},{\"@type\":\"ListItem\",\"position\":2,\"name\":\"Shop\",\"item\":\"https:\/\/cafegransasso.com\/premium-office-coffee-and-accessories\/\"},{\"@type\":\"ListItem\",\"position\":3,\"name\":\"TIM HORTONS\u00ae DECAF\"}]},{\"@type\":\"WebSite\",\"@id\":\"https:\/\/cafegransasso.com\/#website\",\"url\":\"https:\/\/cafegransasso.com\/\",\"name\":\"Cafe Gran Sasso\",\"description\":\"From Bean to Brew: Coffee Solutions for Businesses.\",\"publisher\":{\"@id\":\"https:\/\/cafegransasso.com\/#organization\"},\"potentialAction\":[{\"@type\":\"SearchAction\",\"target\":{\"@type\":\"EntryPoint\",\"urlTemplate\":\"https:\/\/cafegransasso.com\/?s={search_term_string}\"},\"query-input\":{\"@type\":\"PropertyValueSpecification\",\"valueRequired\":true,\"valueName\":\"search_term_string\"}}],\"inLanguage\":\"fr-ca\"},{\"@type\":\"Organization\",\"@id\":\"https:\/\/cafegransasso.com\/#organization\",\"name\":\"Cafe Gran Sasso\",\"url\":\"https:\/\/cafegransasso.com\/\",\"logo\":{\"@type\":\"ImageObject\",\"inLanguage\":\"fr-ca\",\"@id\":\"https:\/\/cafegransasso.com\/#\/schema\/logo\/image\/\",\"url\":\"https:\/\/cafegransasso.com\/wp-content\/uploads\/2024\/09\/GS-logo-Red-1-removebg-preview.png\",\"contentUrl\":\"https:\/\/cafegransasso.com\/wp-content\/uploads\/2024\/09\/GS-logo-Red-1-removebg-preview.png\",\"width\":360,\"height\":149,\"caption\":\"Cafe Gran Sasso\"},\"image\":{\"@id\":\"https:\/\/cafegransasso.com\/#\/schema\/logo\/image\/\"},\"sameAs\":[\"https:\/\/www.facebook.com\/CafeGranSasso\/\",\"https:\/\/www.instagram.com\/cafe_gransasso\/\"]}]}<\/script>\n<!-- \/ Yoast SEO plugin. -->","yoast_head_json":{"title":"TIM HORTONS\u00ae DECAF - Cafe Gran Sasso","robots":{"index":"index","follow":"follow","max-snippet":"max-snippet:-1","max-image-preview":"max-image-preview:large","max-video-preview":"max-video-preview:-1"},"canonical":"https:\/\/cafegransasso.com\/fr\/shop\/tim-hortons-decaf\/","og_locale":"fr_FR","og_type":"article","og_title":"TIM HORTONS\u00ae DECAF - Cafe Gran Sasso","og_description":"100% Arabica beans, decaffeinated by the Swiss Water\u00ae\u00a0process to preserve our signature flavour.","og_url":"https:\/\/cafegransasso.com\/fr\/shop\/tim-hortons-decaf\/","og_site_name":"Cafe Gran Sasso","article_publisher":"https:\/\/www.facebook.com\/CafeGranSasso\/","article_modified_time":"2025-08-15T16:41:20+00:00","og_image":[{"width":2000,"height":2000,"url":"https:\/\/cafegransasso.com\/wp-content\/uploads\/2020\/04\/THTN_Decaf_BIL_Hero_Lid_04.2022-3ac194ea.png","type":"image\/png"}],"twitter_card":"summary_large_image","schema":{"@context":"https:\/\/schema.org","@graph":[{"@type":"WebPage","@id":"https:\/\/cafegransasso.com\/shop\/tim-hortons-decaf\/","url":"https:\/\/cafegransasso.com\/shop\/tim-hortons-decaf\/","name":"TIM HORTONS\u00ae DECAF - Cafe Gran Sasso","isPartOf":{"@id":"https:\/\/cafegransasso.com\/#website"},"primaryImageOfPage":{"@id":"https:\/\/cafegransasso.com\/shop\/tim-hortons-decaf\/#primaryimage"},"image":{"@id":"https:\/\/cafegransasso.com\/shop\/tim-hortons-decaf\/#primaryimage"},"thumbnailUrl":"https:\/\/cafegransasso.com\/wp-content\/uploads\/2020\/04\/THTN_Decaf_BIL_Hero_Lid_04.2022-3ac194ea.png","datePublished":"2020-04-27T15:25:15+00:00","dateModified":"2025-08-15T16:41:20+00:00","breadcrumb":{"@id":"https:\/\/cafegransasso.com\/shop\/tim-hortons-decaf\/#breadcrumb"},"inLanguage":"fr-ca","potentialAction":[{"@type":"ReadAction","target":["https:\/\/cafegransasso.com\/shop\/tim-hortons-decaf\/"]}]},{"@type":"ImageObject","inLanguage":"fr-ca","@id":"https:\/\/cafegransasso.com\/shop\/tim-hortons-decaf\/#primaryimage","url":"https:\/\/cafegransasso.com\/wp-content\/uploads\/2020\/04\/THTN_Decaf_BIL_Hero_Lid_04.2022-3ac194ea.png","contentUrl":"https:\/\/cafegransasso.com\/wp-content\/uploads\/2020\/04\/THTN_Decaf_BIL_Hero_Lid_04.2022-3ac194ea.png","width":2000,"height":2000},{"@type":"BreadcrumbList","@id":"https:\/\/cafegransasso.com\/shop\/tim-hortons-decaf\/#breadcrumb","itemListElement":[{"@type":"ListItem","position":1,"name":"Home","item":"https:\/\/cafegransasso.com\/"},{"@type":"ListItem","position":2,"name":"Shop","item":"https:\/\/cafegransasso.com\/premium-office-coffee-and-accessories\/"},{"@type":"ListItem","position":3,"name":"TIM HORTONS\u00ae DECAF"}]},{"@type":"WebSite","@id":"https:\/\/cafegransasso.com\/#website","url":"https:\/\/cafegransasso.com\/","name":"Cafe Gran Sasso","description":"From Bean to Brew: Coffee Solutions for Businesses.","publisher":{"@id":"https:\/\/cafegransasso.com\/#organization"},"potentialAction":[{"@type":"SearchAction","target":{"@type":"EntryPoint","urlTemplate":"https:\/\/cafegransasso.com\/?s={search_term_string}"},"query-input":{"@type":"PropertyValueSpecification","valueRequired":true,"valueName":"search_term_string"}}],"inLanguage":"fr-ca"},{"@type":"Organization","@id":"https:\/\/cafegransasso.com\/#organization","name":"Cafe Gran Sasso","url":"https:\/\/cafegransasso.com\/","logo":{"@type":"ImageObject","inLanguage":"fr-ca","@id":"https:\/\/cafegransasso.com\/#\/schema\/logo\/image\/","url":"https:\/\/cafegransasso.com\/wp-content\/uploads\/2024\/09\/GS-logo-Red-1-removebg-preview.png","contentUrl":"https:\/\/cafegransasso.com\/wp-content\/uploads\/2024\/09\/GS-logo-Red-1-removebg-preview.png","width":360,"height":149,"caption":"Cafe Gran Sasso"},"image":{"@id":"https:\/\/cafegransasso.com\/#\/schema\/logo\/image\/"},"sameAs":["https:\/\/www.facebook.com\/CafeGranSasso\/","https:\/\/www.instagram.com\/cafe_gransasso\/"]}]}},"_links":{"self":[{"href":"https:\/\/cafegransasso.com\/fr\/wp-json\/wp\/v2\/product\/12787","targetHints":{"allow":["GET"]}}],"collection":[{"href":"https:\/\/cafegransasso.com\/fr\/wp-json\/wp\/v2\/product"}],"about":[{"href":"https:\/\/cafegransasso.com\/fr\/wp-json\/wp\/v2\/types\/product"}],"replies":[{"embeddable":true,"href":"https:\/\/cafegransasso.com\/fr\/wp-json\/wp\/v2\/comments?post=12787"}],"version-history":[{"count":1,"href":"https:\/\/cafegransasso.com\/fr\/wp-json\/wp\/v2\/product\/12787\/revisions"}],"predecessor-version":[{"id":26308,"href":"https:\/\/cafegransasso.com\/fr\/wp-json\/wp\/v2\/product\/12787\/revisions\/26308"}],"wp:featuredmedia":[{"embeddable":true,"href":"https:\/\/cafegransasso.com\/fr\/wp-json\/wp\/v2\/media\/26304"}],"wp:attachment":[{"href":"https:\/\/cafegransasso.com\/fr\/wp-json\/wp\/v2\/media?parent=12787"}],"wp:term":[{"taxonomy":"product_brand","embeddable":true,"href":"https:\/\/cafegransasso.com\/fr\/wp-json\/wp\/v2\/product_brand?post=12787"},{"taxonomy":"product_cat","embeddable":true,"href":"https:\/\/cafegransasso.com\/fr\/wp-json\/wp\/v2\/product_cat?post=12787"},{"taxonomy":"product_tag","embeddable":true,"href":"https:\/\/cafegransasso.com\/fr\/wp-json\/wp\/v2\/product_tag?post=12787"}],"curies":[{"name":"wp","href":"https:\/\/api.w.org\/{rel}","templated":true}]}}