{"id":12830,"date":"2020-04-27T15:12:54","date_gmt":"2020-04-27T19:12:54","guid":{"rendered":"https:\/\/www.cafegransasso.com\/?post_type=product&#038;p=12830"},"modified":"2025-01-22T13:15:21","modified_gmt":"2025-01-22T18:15:21","slug":"big-rock-el-diablo-deca-mexicano","status":"publish","type":"product","link":"https:\/\/cafegransasso.com\/fr\/shop\/big-rock-el-diablo-deca-mexicano\/","title":{"rendered":"Caf\u00e9 Forte e Gentile, El Diablo &#8211; DECA Mexicano"},"content":{"rendered":"<p>Notre El Diablo est un caf\u00e9 100% Arabica du Mexique qui est d\u00e9caf\u00e9in\u00e9 selon le proc\u00e9d\u00e9 Mountain Water.<\/p>\n<p>La d\u00e9caf\u00e9ination \u00e0 l'eau de montagne est un proc\u00e9d\u00e9 unique et naturel qui utilise l'eau claire et pure des glaciers de la plus haute et plus belle montagne du Mexique, le Pico de Orizaba ou Citlatepet. Dans le processus de d\u00e9caf\u00e9ination, les grains de caf\u00e9 verts sont immerg\u00e9s dans l'eau afin d'en extraire la caf\u00e9ine.<\/p>\n<p>Il se d\u00e9guste en espresso ou en caf\u00e9 filtr\u00e9.<\/p>","protected":false},"excerpt":{"rendered":"<p>Our El Diablo is a 100% Arabica coffee from Mexico which is decaffeinated using Mountain Water Process. Mountain Water Process<\/p>","protected":false},"featured_media":27196,"comment_status":"open","ping_status":"closed","template":"","meta":[],"product_brand":[],"product_cat":[643],"product_tag":[425,523,879],"class_list":{"0":"post-12830","1":"product","2":"type-product","3":"status-publish","4":"has-post-thumbnail","6":"product_cat-coffee-beans","7":"product_tag-decaf","8":"product_tag-espresso","9":"product_tag-fg","11":"first","12":"instock","13":"featured","14":"purchasable","15":"product-type-variable","16":"has-default-attributes"},"yoast_head":"<!-- This site is optimized with the Yoast SEO plugin v27.3 - https:\/\/yoast.com\/product\/yoast-seo-wordpress\/ -->\n<title>Caf\u00e9 Forte e Gentile, El Diablo - DECA Mexicano - Cafe Gran Sasso<\/title>\n<meta name=\"robots\" content=\"index, follow, max-snippet:-1, max-image-preview:large, max-video-preview:-1\" \/>\n<link rel=\"canonical\" href=\"https:\/\/cafegransasso.com\/fr\/shop\/big-rock-el-diablo-deca-mexicano\/\" \/>\n<meta property=\"og:locale\" content=\"fr_FR\" \/>\n<meta property=\"og:type\" content=\"article\" \/>\n<meta property=\"og:title\" content=\"Caf\u00e9 Forte e Gentile, El Diablo - DECA Mexicano - Cafe Gran Sasso\" \/>\n<meta property=\"og:description\" content=\"Our El Diablo is a 100% Arabica coffee from Mexico which is decaffeinated using Mountain Water Process. Mountain Water Process\" \/>\n<meta property=\"og:url\" content=\"https:\/\/cafegransasso.com\/fr\/shop\/big-rock-el-diablo-deca-mexicano\/\" \/>\n<meta property=\"og:site_name\" content=\"Cafe Gran Sasso\" \/>\n<meta property=\"article:publisher\" content=\"https:\/\/www.facebook.com\/CafeGranSasso\/\" \/>\n<meta property=\"article:modified_time\" content=\"2025-01-22T18:15:21+00:00\" \/>\n<meta name=\"twitter:card\" content=\"summary_large_image\" \/>\n<script type=\"application\/ld+json\" class=\"yoast-schema-graph\">{\"@context\":\"https:\\\/\\\/schema.org\",\"@graph\":[{\"@type\":\"WebPage\",\"@id\":\"https:\\\/\\\/cafegransasso.com\\\/en\\\/shop\\\/big-rock-el-diablo-deca-mexicano\\\/\",\"url\":\"https:\\\/\\\/cafegransasso.com\\\/en\\\/shop\\\/big-rock-el-diablo-deca-mexicano\\\/\",\"name\":\"Caf\u00e9 Forte e Gentile, El Diablo - DECA Mexicano - Cafe Gran Sasso\",\"isPartOf\":{\"@id\":\"https:\\\/\\\/cafegransasso.com\\\/#website\"},\"primaryImageOfPage\":{\"@id\":\"https:\\\/\\\/cafegransasso.com\\\/en\\\/shop\\\/big-rock-el-diablo-deca-mexicano\\\/#primaryimage\"},\"image\":{\"@id\":\"https:\\\/\\\/cafegransasso.com\\\/en\\\/shop\\\/big-rock-el-diablo-deca-mexicano\\\/#primaryimage\"},\"thumbnailUrl\":\"https:\\\/\\\/cafegransasso.com\\\/wp-content\\\/uploads\\\/2020\\\/03\\\/El-Diavolo.avif\",\"datePublished\":\"2020-04-27T19:12:54+00:00\",\"dateModified\":\"2025-01-22T18:15:21+00:00\",\"breadcrumb\":{\"@id\":\"https:\\\/\\\/cafegransasso.com\\\/en\\\/shop\\\/big-rock-el-diablo-deca-mexicano\\\/#breadcrumb\"},\"inLanguage\":\"fr-ca\",\"potentialAction\":[{\"@type\":\"ReadAction\",\"target\":[\"https:\\\/\\\/cafegransasso.com\\\/en\\\/shop\\\/big-rock-el-diablo-deca-mexicano\\\/\"]}]},{\"@type\":\"ImageObject\",\"inLanguage\":\"fr-ca\",\"@id\":\"https:\\\/\\\/cafegransasso.com\\\/en\\\/shop\\\/big-rock-el-diablo-deca-mexicano\\\/#primaryimage\",\"url\":\"https:\\\/\\\/cafegransasso.com\\\/wp-content\\\/uploads\\\/2020\\\/03\\\/El-Diavolo.avif\",\"contentUrl\":\"https:\\\/\\\/cafegransasso.com\\\/wp-content\\\/uploads\\\/2020\\\/03\\\/El-Diavolo.avif\",\"width\":719,\"height\":479},{\"@type\":\"BreadcrumbList\",\"@id\":\"https:\\\/\\\/cafegransasso.com\\\/en\\\/shop\\\/big-rock-el-diablo-deca-mexicano\\\/#breadcrumb\",\"itemListElement\":[{\"@type\":\"ListItem\",\"position\":1,\"name\":\"Home\",\"item\":\"https:\\\/\\\/cafegransasso.com\\\/\"},{\"@type\":\"ListItem\",\"position\":2,\"name\":\"Shop\",\"item\":\"https:\\\/\\\/cafegransasso.com\\\/premium-office-coffee-and-accessories\\\/\"},{\"@type\":\"ListItem\",\"position\":3,\"name\":\"Caf\u00e9 Forte e Gentile, El Diablo &#8211; DECA Mexicano\"}]},{\"@type\":\"WebSite\",\"@id\":\"https:\\\/\\\/cafegransasso.com\\\/#website\",\"url\":\"https:\\\/\\\/cafegransasso.com\\\/\",\"name\":\"Cafe Gran Sasso\",\"description\":\"From Bean to Brew: Coffee Solutions for Businesses.\",\"publisher\":{\"@id\":\"https:\\\/\\\/cafegransasso.com\\\/#organization\"},\"potentialAction\":[{\"@type\":\"SearchAction\",\"target\":{\"@type\":\"EntryPoint\",\"urlTemplate\":\"https:\\\/\\\/cafegransasso.com\\\/?s={search_term_string}\"},\"query-input\":{\"@type\":\"PropertyValueSpecification\",\"valueRequired\":true,\"valueName\":\"search_term_string\"}}],\"inLanguage\":\"fr-ca\"},{\"@type\":\"Organization\",\"@id\":\"https:\\\/\\\/cafegransasso.com\\\/#organization\",\"name\":\"Cafe Gran Sasso\",\"url\":\"https:\\\/\\\/cafegransasso.com\\\/\",\"logo\":{\"@type\":\"ImageObject\",\"inLanguage\":\"fr-ca\",\"@id\":\"https:\\\/\\\/cafegransasso.com\\\/#\\\/schema\\\/logo\\\/image\\\/\",\"url\":\"https:\\\/\\\/cafegransasso.com\\\/wp-content\\\/uploads\\\/2024\\\/09\\\/GS-logo-Red-1-removebg-preview.png\",\"contentUrl\":\"https:\\\/\\\/cafegransasso.com\\\/wp-content\\\/uploads\\\/2024\\\/09\\\/GS-logo-Red-1-removebg-preview.png\",\"width\":360,\"height\":149,\"caption\":\"Cafe Gran Sasso\"},\"image\":{\"@id\":\"https:\\\/\\\/cafegransasso.com\\\/#\\\/schema\\\/logo\\\/image\\\/\"},\"sameAs\":[\"https:\\\/\\\/www.facebook.com\\\/CafeGranSasso\\\/\",\"https:\\\/\\\/www.instagram.com\\\/cafe_gransasso\\\/\"]}]}<\/script>\n<!-- \/ Yoast SEO plugin. -->","yoast_head_json":{"title":"Caf\u00e9 Forte e Gentile, El Diablo - DECA Mexicano - Cafe Gran Sasso","robots":{"index":"index","follow":"follow","max-snippet":"max-snippet:-1","max-image-preview":"max-image-preview:large","max-video-preview":"max-video-preview:-1"},"canonical":"https:\/\/cafegransasso.com\/fr\/shop\/big-rock-el-diablo-deca-mexicano\/","og_locale":"fr_FR","og_type":"article","og_title":"Caf\u00e9 Forte e Gentile, El Diablo - DECA Mexicano - Cafe Gran Sasso","og_description":"Our El Diablo is a 100% Arabica coffee from Mexico which is decaffeinated using Mountain Water Process. Mountain Water Process","og_url":"https:\/\/cafegransasso.com\/fr\/shop\/big-rock-el-diablo-deca-mexicano\/","og_site_name":"Cafe Gran Sasso","article_publisher":"https:\/\/www.facebook.com\/CafeGranSasso\/","article_modified_time":"2025-01-22T18:15:21+00:00","twitter_card":"summary_large_image","schema":{"@context":"https:\/\/schema.org","@graph":[{"@type":"WebPage","@id":"https:\/\/cafegransasso.com\/en\/shop\/big-rock-el-diablo-deca-mexicano\/","url":"https:\/\/cafegransasso.com\/en\/shop\/big-rock-el-diablo-deca-mexicano\/","name":"Caf\u00e9 Forte e Gentile, El Diablo - DECA Mexicano - Cafe Gran Sasso","isPartOf":{"@id":"https:\/\/cafegransasso.com\/#website"},"primaryImageOfPage":{"@id":"https:\/\/cafegransasso.com\/en\/shop\/big-rock-el-diablo-deca-mexicano\/#primaryimage"},"image":{"@id":"https:\/\/cafegransasso.com\/en\/shop\/big-rock-el-diablo-deca-mexicano\/#primaryimage"},"thumbnailUrl":"https:\/\/cafegransasso.com\/wp-content\/uploads\/2020\/03\/El-Diavolo.avif","datePublished":"2020-04-27T19:12:54+00:00","dateModified":"2025-01-22T18:15:21+00:00","breadcrumb":{"@id":"https:\/\/cafegransasso.com\/en\/shop\/big-rock-el-diablo-deca-mexicano\/#breadcrumb"},"inLanguage":"fr-ca","potentialAction":[{"@type":"ReadAction","target":["https:\/\/cafegransasso.com\/en\/shop\/big-rock-el-diablo-deca-mexicano\/"]}]},{"@type":"ImageObject","inLanguage":"fr-ca","@id":"https:\/\/cafegransasso.com\/en\/shop\/big-rock-el-diablo-deca-mexicano\/#primaryimage","url":"https:\/\/cafegransasso.com\/wp-content\/uploads\/2020\/03\/El-Diavolo.avif","contentUrl":"https:\/\/cafegransasso.com\/wp-content\/uploads\/2020\/03\/El-Diavolo.avif","width":719,"height":479},{"@type":"BreadcrumbList","@id":"https:\/\/cafegransasso.com\/en\/shop\/big-rock-el-diablo-deca-mexicano\/#breadcrumb","itemListElement":[{"@type":"ListItem","position":1,"name":"Home","item":"https:\/\/cafegransasso.com\/"},{"@type":"ListItem","position":2,"name":"Shop","item":"https:\/\/cafegransasso.com\/premium-office-coffee-and-accessories\/"},{"@type":"ListItem","position":3,"name":"Caf\u00e9 Forte e Gentile, El Diablo &#8211; DECA Mexicano"}]},{"@type":"WebSite","@id":"https:\/\/cafegransasso.com\/#website","url":"https:\/\/cafegransasso.com\/","name":"Cafe Gran Sasso","description":"From Bean to Brew: Coffee Solutions for Businesses.","publisher":{"@id":"https:\/\/cafegransasso.com\/#organization"},"potentialAction":[{"@type":"SearchAction","target":{"@type":"EntryPoint","urlTemplate":"https:\/\/cafegransasso.com\/?s={search_term_string}"},"query-input":{"@type":"PropertyValueSpecification","valueRequired":true,"valueName":"search_term_string"}}],"inLanguage":"fr-ca"},{"@type":"Organization","@id":"https:\/\/cafegransasso.com\/#organization","name":"Cafe Gran Sasso","url":"https:\/\/cafegransasso.com\/","logo":{"@type":"ImageObject","inLanguage":"fr-ca","@id":"https:\/\/cafegransasso.com\/#\/schema\/logo\/image\/","url":"https:\/\/cafegransasso.com\/wp-content\/uploads\/2024\/09\/GS-logo-Red-1-removebg-preview.png","contentUrl":"https:\/\/cafegransasso.com\/wp-content\/uploads\/2024\/09\/GS-logo-Red-1-removebg-preview.png","width":360,"height":149,"caption":"Cafe Gran Sasso"},"image":{"@id":"https:\/\/cafegransasso.com\/#\/schema\/logo\/image\/"},"sameAs":["https:\/\/www.facebook.com\/CafeGranSasso\/","https:\/\/www.instagram.com\/cafe_gransasso\/"]}]}},"_links":{"self":[{"href":"https:\/\/cafegransasso.com\/fr\/wp-json\/wp\/v2\/product\/12830","targetHints":{"allow":["GET"]}}],"collection":[{"href":"https:\/\/cafegransasso.com\/fr\/wp-json\/wp\/v2\/product"}],"about":[{"href":"https:\/\/cafegransasso.com\/fr\/wp-json\/wp\/v2\/types\/product"}],"replies":[{"embeddable":true,"href":"https:\/\/cafegransasso.com\/fr\/wp-json\/wp\/v2\/comments?post=12830"}],"version-history":[{"count":1,"href":"https:\/\/cafegransasso.com\/fr\/wp-json\/wp\/v2\/product\/12830\/revisions"}],"predecessor-version":[{"id":26345,"href":"https:\/\/cafegransasso.com\/fr\/wp-json\/wp\/v2\/product\/12830\/revisions\/26345"}],"wp:featuredmedia":[{"embeddable":true,"href":"https:\/\/cafegransasso.com\/fr\/wp-json\/wp\/v2\/media\/27196"}],"wp:attachment":[{"href":"https:\/\/cafegransasso.com\/fr\/wp-json\/wp\/v2\/media?parent=12830"}],"wp:term":[{"taxonomy":"product_brand","embeddable":true,"href":"https:\/\/cafegransasso.com\/fr\/wp-json\/wp\/v2\/product_brand?post=12830"},{"taxonomy":"product_cat","embeddable":true,"href":"https:\/\/cafegransasso.com\/fr\/wp-json\/wp\/v2\/product_cat?post=12830"},{"taxonomy":"product_tag","embeddable":true,"href":"https:\/\/cafegransasso.com\/fr\/wp-json\/wp\/v2\/product_tag?post=12830"}],"curies":[{"name":"wp","href":"https:\/\/api.w.org\/{rel}","templated":true}]}}