{"id":12942,"date":"2020-09-20T12:10:49","date_gmt":"2020-09-20T16:10:49","guid":{"rendered":"https:\/\/www.cafegransasso.com\/?post_type=product&#038;p=12942"},"modified":"2025-09-05T12:22:25","modified_gmt":"2025-09-05T16:22:25","slug":"keurig-k2500-commercial-brewing-system","status":"publish","type":"product","link":"https:\/\/cafegransasso.com\/fr\/shop\/keurig-k2500-commercial-brewing-system\/","title":{"rendered":"Keurig\u00ae K2550 Commercial Brewing  System"},"content":{"rendered":"<p>Brew a fresh cup of coffee with this Keurig K-2550 Single-Serve Commercial Coffeemaker. Ideal for medium- to large-sized businesses. The K2550 is a direct plumb machine which automatically refills after each brew. If the machine can not be plumbed an optional 110-oz water reservoir is available that allows easy refilling.<\/p>\n<p class=\"p1\"><strong><span class=\"s1\">Specifications<\/span><\/strong><\/p>\n<ul>\n<li><span class=\"s1\">3 options linguistiques<\/span><\/li>\n<li><span class=\"s1\">5 tailles de gobelets : 4, 6, 8, 10 et 12 oz.<\/span><\/li>\n<li><span class=\"s1\">Option d'infusion forte pour une infusion audacieuse \u00e0 la demande<\/span><\/li>\n<li><span class=\"s1\">Quiet Brew Technology\u00ae pour minimiser le bruit<\/span><\/li>\n<li><span class=\"s1\">Possibilit\u00e9 d'\u00eatre raccord\u00e9 \u00e0 la plomberie pour un infusion continue<\/span><\/li>\n<li><span class=\"s1\">Dimensions : 11.73\" H x 16.93\" D x 24\" W<\/span><\/li>\n<li><span class=\"s1\">Fabriqu\u00e9 en Chine<\/span><\/li>\n<li><span class=\"s1\">Certifi\u00e9 NSF<\/span><\/li>\n<\/ul>\n<p class=\"p1\"><span class=\"s1\"><strong>Garanties :<\/strong>\u00a0Garantie limit\u00e9e d'un an par Keurig<\/span><\/p>","protected":false},"excerpt":{"rendered":"<p>Brew a fresh cup of coffee with this Keurig K-2550 Single-Serve Commercial Coffeemaker. Ideal for medium- to large-sized businesses. The<\/p>","protected":false},"featured_media":35133,"comment_status":"open","ping_status":"closed","template":"","meta":[],"product_brand":[],"product_cat":[652],"product_tag":[735,1052,307],"class_list":{"0":"post-12942","1":"product","2":"type-product","3":"status-publish","4":"has-post-thumbnail","6":"product_cat-keurig","7":"product_tag-commercial","8":"product_tag-k2550","9":"product_tag-keurig","11":"first","12":"instock","13":"taxable","14":"shipping-taxable","15":"purchasable","16":"product-type-simple"},"yoast_head":"<!-- This site is optimized with the Yoast SEO plugin v27.3 - https:\/\/yoast.com\/product\/yoast-seo-wordpress\/ -->\n<title>Keurig\u00ae K2550 Commercial Brewing System - Cafe Gran Sasso<\/title>\n<meta name=\"robots\" content=\"index, follow, max-snippet:-1, max-image-preview:large, max-video-preview:-1\" \/>\n<link rel=\"canonical\" href=\"https:\/\/cafegransasso.com\/fr\/shop\/keurig-k2500-commercial-brewing-system\/\" \/>\n<meta property=\"og:locale\" content=\"fr_FR\" \/>\n<meta property=\"og:type\" content=\"article\" \/>\n<meta property=\"og:title\" content=\"Keurig\u00ae K2550 Commercial Brewing System - Cafe Gran Sasso\" \/>\n<meta property=\"og:description\" content=\"Brew a fresh cup of coffee with this Keurig K-2550 Single-Serve Commercial Coffeemaker. Ideal for medium- to large-sized businesses. The\" \/>\n<meta property=\"og:url\" content=\"https:\/\/cafegransasso.com\/fr\/shop\/keurig-k2500-commercial-brewing-system\/\" \/>\n<meta property=\"og:site_name\" content=\"Cafe Gran Sasso\" \/>\n<meta property=\"article:publisher\" content=\"https:\/\/www.facebook.com\/CafeGranSasso\/\" \/>\n<meta property=\"article:modified_time\" content=\"2025-09-05T16:22:25+00:00\" \/>\n<meta property=\"og:image\" content=\"https:\/\/cafegransasso.com\/wp-content\/uploads\/2020\/09\/K2550_no_res-79ea7105.png\" \/>\n\t<meta property=\"og:image:width\" content=\"1115\" \/>\n\t<meta property=\"og:image:height\" content=\"1920\" \/>\n\t<meta property=\"og:image:type\" content=\"image\/png\" \/>\n<meta name=\"twitter:card\" content=\"summary_large_image\" \/>\n<meta name=\"twitter:label1\" content=\"Est. reading time\" \/>\n\t<meta name=\"twitter:data1\" content=\"1 minute\" \/>\n<script type=\"application\/ld+json\" class=\"yoast-schema-graph\">{\"@context\":\"https:\\\/\\\/schema.org\",\"@graph\":[{\"@type\":\"WebPage\",\"@id\":\"https:\\\/\\\/cafegransasso.com\\\/shop\\\/keurig-k2500-commercial-brewing-system\\\/\",\"url\":\"https:\\\/\\\/cafegransasso.com\\\/shop\\\/keurig-k2500-commercial-brewing-system\\\/\",\"name\":\"Keurig\u00ae K2550 Commercial Brewing System - Cafe Gran Sasso\",\"isPartOf\":{\"@id\":\"https:\\\/\\\/cafegransasso.com\\\/#website\"},\"primaryImageOfPage\":{\"@id\":\"https:\\\/\\\/cafegransasso.com\\\/shop\\\/keurig-k2500-commercial-brewing-system\\\/#primaryimage\"},\"image\":{\"@id\":\"https:\\\/\\\/cafegransasso.com\\\/shop\\\/keurig-k2500-commercial-brewing-system\\\/#primaryimage\"},\"thumbnailUrl\":\"https:\\\/\\\/cafegransasso.com\\\/wp-content\\\/uploads\\\/2020\\\/09\\\/K2550_no_res-79ea7105.png\",\"datePublished\":\"2020-09-20T16:10:49+00:00\",\"dateModified\":\"2025-09-05T16:22:25+00:00\",\"breadcrumb\":{\"@id\":\"https:\\\/\\\/cafegransasso.com\\\/shop\\\/keurig-k2500-commercial-brewing-system\\\/#breadcrumb\"},\"inLanguage\":\"fr-ca\",\"potentialAction\":[{\"@type\":\"ReadAction\",\"target\":[\"https:\\\/\\\/cafegransasso.com\\\/shop\\\/keurig-k2500-commercial-brewing-system\\\/\"]}]},{\"@type\":\"ImageObject\",\"inLanguage\":\"fr-ca\",\"@id\":\"https:\\\/\\\/cafegransasso.com\\\/shop\\\/keurig-k2500-commercial-brewing-system\\\/#primaryimage\",\"url\":\"https:\\\/\\\/cafegransasso.com\\\/wp-content\\\/uploads\\\/2020\\\/09\\\/K2550_no_res-79ea7105.png\",\"contentUrl\":\"https:\\\/\\\/cafegransasso.com\\\/wp-content\\\/uploads\\\/2020\\\/09\\\/K2550_no_res-79ea7105.png\",\"width\":1115,\"height\":1920},{\"@type\":\"BreadcrumbList\",\"@id\":\"https:\\\/\\\/cafegransasso.com\\\/shop\\\/keurig-k2500-commercial-brewing-system\\\/#breadcrumb\",\"itemListElement\":[{\"@type\":\"ListItem\",\"position\":1,\"name\":\"Home\",\"item\":\"https:\\\/\\\/cafegransasso.com\\\/\"},{\"@type\":\"ListItem\",\"position\":2,\"name\":\"Shop\",\"item\":\"https:\\\/\\\/cafegransasso.com\\\/premium-office-coffee-and-accessories\\\/\"},{\"@type\":\"ListItem\",\"position\":3,\"name\":\"Keurig\u00ae K2550 Commercial Brewing System\"}]},{\"@type\":\"WebSite\",\"@id\":\"https:\\\/\\\/cafegransasso.com\\\/#website\",\"url\":\"https:\\\/\\\/cafegransasso.com\\\/\",\"name\":\"Cafe Gran Sasso\",\"description\":\"From Bean to Brew: Coffee Solutions for Businesses.\",\"publisher\":{\"@id\":\"https:\\\/\\\/cafegransasso.com\\\/#organization\"},\"potentialAction\":[{\"@type\":\"SearchAction\",\"target\":{\"@type\":\"EntryPoint\",\"urlTemplate\":\"https:\\\/\\\/cafegransasso.com\\\/?s={search_term_string}\"},\"query-input\":{\"@type\":\"PropertyValueSpecification\",\"valueRequired\":true,\"valueName\":\"search_term_string\"}}],\"inLanguage\":\"fr-ca\"},{\"@type\":\"Organization\",\"@id\":\"https:\\\/\\\/cafegransasso.com\\\/#organization\",\"name\":\"Cafe Gran Sasso\",\"url\":\"https:\\\/\\\/cafegransasso.com\\\/\",\"logo\":{\"@type\":\"ImageObject\",\"inLanguage\":\"fr-ca\",\"@id\":\"https:\\\/\\\/cafegransasso.com\\\/#\\\/schema\\\/logo\\\/image\\\/\",\"url\":\"https:\\\/\\\/cafegransasso.com\\\/wp-content\\\/uploads\\\/2024\\\/09\\\/GS-logo-Red-1-removebg-preview.png\",\"contentUrl\":\"https:\\\/\\\/cafegransasso.com\\\/wp-content\\\/uploads\\\/2024\\\/09\\\/GS-logo-Red-1-removebg-preview.png\",\"width\":360,\"height\":149,\"caption\":\"Cafe Gran Sasso\"},\"image\":{\"@id\":\"https:\\\/\\\/cafegransasso.com\\\/#\\\/schema\\\/logo\\\/image\\\/\"},\"sameAs\":[\"https:\\\/\\\/www.facebook.com\\\/CafeGranSasso\\\/\",\"https:\\\/\\\/www.instagram.com\\\/cafe_gransasso\\\/\"]}]}<\/script>\n<!-- \/ Yoast SEO plugin. -->","yoast_head_json":{"title":"Keurig\u00ae K2550 Commercial Brewing System - Cafe Gran Sasso","robots":{"index":"index","follow":"follow","max-snippet":"max-snippet:-1","max-image-preview":"max-image-preview:large","max-video-preview":"max-video-preview:-1"},"canonical":"https:\/\/cafegransasso.com\/fr\/shop\/keurig-k2500-commercial-brewing-system\/","og_locale":"fr_FR","og_type":"article","og_title":"Keurig\u00ae K2550 Commercial Brewing System - Cafe Gran Sasso","og_description":"Brew a fresh cup of coffee with this Keurig K-2550 Single-Serve Commercial Coffeemaker. Ideal for medium- to large-sized businesses. The","og_url":"https:\/\/cafegransasso.com\/fr\/shop\/keurig-k2500-commercial-brewing-system\/","og_site_name":"Cafe Gran Sasso","article_publisher":"https:\/\/www.facebook.com\/CafeGranSasso\/","article_modified_time":"2025-09-05T16:22:25+00:00","og_image":[{"width":1115,"height":1920,"url":"https:\/\/cafegransasso.com\/wp-content\/uploads\/2020\/09\/K2550_no_res-79ea7105.png","type":"image\/png"}],"twitter_card":"summary_large_image","twitter_misc":{"Est. reading time":"1 minute"},"schema":{"@context":"https:\/\/schema.org","@graph":[{"@type":"WebPage","@id":"https:\/\/cafegransasso.com\/shop\/keurig-k2500-commercial-brewing-system\/","url":"https:\/\/cafegransasso.com\/shop\/keurig-k2500-commercial-brewing-system\/","name":"Keurig\u00ae K2550 Commercial Brewing System - Cafe Gran Sasso","isPartOf":{"@id":"https:\/\/cafegransasso.com\/#website"},"primaryImageOfPage":{"@id":"https:\/\/cafegransasso.com\/shop\/keurig-k2500-commercial-brewing-system\/#primaryimage"},"image":{"@id":"https:\/\/cafegransasso.com\/shop\/keurig-k2500-commercial-brewing-system\/#primaryimage"},"thumbnailUrl":"https:\/\/cafegransasso.com\/wp-content\/uploads\/2020\/09\/K2550_no_res-79ea7105.png","datePublished":"2020-09-20T16:10:49+00:00","dateModified":"2025-09-05T16:22:25+00:00","breadcrumb":{"@id":"https:\/\/cafegransasso.com\/shop\/keurig-k2500-commercial-brewing-system\/#breadcrumb"},"inLanguage":"fr-ca","potentialAction":[{"@type":"ReadAction","target":["https:\/\/cafegransasso.com\/shop\/keurig-k2500-commercial-brewing-system\/"]}]},{"@type":"ImageObject","inLanguage":"fr-ca","@id":"https:\/\/cafegransasso.com\/shop\/keurig-k2500-commercial-brewing-system\/#primaryimage","url":"https:\/\/cafegransasso.com\/wp-content\/uploads\/2020\/09\/K2550_no_res-79ea7105.png","contentUrl":"https:\/\/cafegransasso.com\/wp-content\/uploads\/2020\/09\/K2550_no_res-79ea7105.png","width":1115,"height":1920},{"@type":"BreadcrumbList","@id":"https:\/\/cafegransasso.com\/shop\/keurig-k2500-commercial-brewing-system\/#breadcrumb","itemListElement":[{"@type":"ListItem","position":1,"name":"Home","item":"https:\/\/cafegransasso.com\/"},{"@type":"ListItem","position":2,"name":"Shop","item":"https:\/\/cafegransasso.com\/premium-office-coffee-and-accessories\/"},{"@type":"ListItem","position":3,"name":"Keurig\u00ae K2550 Commercial Brewing System"}]},{"@type":"WebSite","@id":"https:\/\/cafegransasso.com\/#website","url":"https:\/\/cafegransasso.com\/","name":"Cafe Gran Sasso","description":"From Bean to Brew: Coffee Solutions for Businesses.","publisher":{"@id":"https:\/\/cafegransasso.com\/#organization"},"potentialAction":[{"@type":"SearchAction","target":{"@type":"EntryPoint","urlTemplate":"https:\/\/cafegransasso.com\/?s={search_term_string}"},"query-input":{"@type":"PropertyValueSpecification","valueRequired":true,"valueName":"search_term_string"}}],"inLanguage":"fr-ca"},{"@type":"Organization","@id":"https:\/\/cafegransasso.com\/#organization","name":"Cafe Gran Sasso","url":"https:\/\/cafegransasso.com\/","logo":{"@type":"ImageObject","inLanguage":"fr-ca","@id":"https:\/\/cafegransasso.com\/#\/schema\/logo\/image\/","url":"https:\/\/cafegransasso.com\/wp-content\/uploads\/2024\/09\/GS-logo-Red-1-removebg-preview.png","contentUrl":"https:\/\/cafegransasso.com\/wp-content\/uploads\/2024\/09\/GS-logo-Red-1-removebg-preview.png","width":360,"height":149,"caption":"Cafe Gran Sasso"},"image":{"@id":"https:\/\/cafegransasso.com\/#\/schema\/logo\/image\/"},"sameAs":["https:\/\/www.facebook.com\/CafeGranSasso\/","https:\/\/www.instagram.com\/cafe_gransasso\/"]}]}},"_links":{"self":[{"href":"https:\/\/cafegransasso.com\/fr\/wp-json\/wp\/v2\/product\/12942","targetHints":{"allow":["GET"]}}],"collection":[{"href":"https:\/\/cafegransasso.com\/fr\/wp-json\/wp\/v2\/product"}],"about":[{"href":"https:\/\/cafegransasso.com\/fr\/wp-json\/wp\/v2\/types\/product"}],"replies":[{"embeddable":true,"href":"https:\/\/cafegransasso.com\/fr\/wp-json\/wp\/v2\/comments?post=12942"}],"version-history":[{"count":3,"href":"https:\/\/cafegransasso.com\/fr\/wp-json\/wp\/v2\/product\/12942\/revisions"}],"predecessor-version":[{"id":35135,"href":"https:\/\/cafegransasso.com\/fr\/wp-json\/wp\/v2\/product\/12942\/revisions\/35135"}],"wp:featuredmedia":[{"embeddable":true,"href":"https:\/\/cafegransasso.com\/fr\/wp-json\/wp\/v2\/media\/35133"}],"wp:attachment":[{"href":"https:\/\/cafegransasso.com\/fr\/wp-json\/wp\/v2\/media?parent=12942"}],"wp:term":[{"taxonomy":"product_brand","embeddable":true,"href":"https:\/\/cafegransasso.com\/fr\/wp-json\/wp\/v2\/product_brand?post=12942"},{"taxonomy":"product_cat","embeddable":true,"href":"https:\/\/cafegransasso.com\/fr\/wp-json\/wp\/v2\/product_cat?post=12942"},{"taxonomy":"product_tag","embeddable":true,"href":"https:\/\/cafegransasso.com\/fr\/wp-json\/wp\/v2\/product_tag?post=12942"}],"curies":[{"name":"wp","href":"https:\/\/api.w.org\/{rel}","templated":true}]}}