{"id":13241,"date":"2021-05-27T14:22:36","date_gmt":"2021-05-27T18:22:36","guid":{"rendered":"https:\/\/www.cafegransasso.com\/?post_type=product&#038;p=13241"},"modified":"2024-04-02T13:23:25","modified_gmt":"2024-04-02T17:23:25","slug":"keurig-k-cycle-k-cup-pod-commercial-recycling-program-box-large-400-k-cup-capacity","status":"publish","type":"product","link":"https:\/\/cafegransasso.com\/fr\/shop\/keurig-k-cycle-k-cup-pod-commercial-recycling-program-box-large-400-k-cup-capacity\/","title":{"rendered":"Bo\u00eete du programme de recyclage commercial des capsules Keurig K-Cycle, grande, capacit\u00e9 de 400 capsules K"},"content":{"rendered":"<h2>D\u00c9TAILS<\/h2>\n<div id=\"ccs-inline-content\"><\/div>\n<div id=\"ccs-mkt-desc\">\n<ul>\n<li>Recyclez facilement toutes les capsules K-Cup usag\u00e9es dans une bo\u00eete de recyclage facile \u00e0 utiliser.<\/li>\n<li>Une fois la bo\u00eete remplie, renvoyez-la en utilisant l'\u00e9tiquette d'exp\u00e9dition pr\u00e9pay\u00e9e et pr\u00e9affich\u00e9e.<\/li>\n<li>Bilingue<\/li>\n<\/ul>\n<ul>\n<li>Large<\/li>\n<li>Peut contenir jusqu'\u00e0 400 capsules K-Cup \u00e0 recycler<\/li>\n<li>9 3\/4\u2033L x 9 3\/4\u2033D x 23 3\/4\u2033H<\/li>\n<\/ul>\n<\/div>\n<div id=\"ccs-ksp\"><\/div>\n<div id=\"ccs-features\"><\/div>\n<div id=\"wc-power-page\"><\/div>\n<h2>CARACT\u00c9RISTIQUES TECHNIQUES<\/h2>\n<div class=\"js-accordion__panel product-subDetails\">\n<div id=\"ccs-main-spec\">\n<table class=\"default-table\">\n<tbody>\n<tr>\n<td class=\"td-key\">Type<\/td>\n<td class=\"td-value\">Conteneur de recyclage<\/td>\n<\/tr>\n<tr>\n<td class=\"td-key\">Style<\/td>\n<td class=\"td-value\">K-Cup<\/td>\n<\/tr>\n<tr>\n<td class=\"td-key\">Taille<\/td>\n<td class=\"td-value\">Large<\/td>\n<\/tr>\n<tr>\n<td class=\"td-key\">Taille de l'emballage<\/td>\n<td class=\"td-value\">1\/ch.<\/td>\n<\/tr>\n<tr>\n<td class=\"td-key\">Fabriqu\u00e9 au Canada<\/td>\n<td class=\"td-value\">Non<\/td>\n<\/tr>\n<tr>\n<td class=\"td-key\">Recyclable<\/td>\n<td class=\"td-value\">Oui<\/td>\n<\/tr>\n<tr>\n<td class=\"td-key\">Certification<\/td>\n<td class=\"td-value\">Non<\/td>\n<\/tr>\n<\/tbody>\n<\/table>\n<\/div>\n<\/div>\n<div class=\"js-accordion__panel product-subDetails\"><\/div>","protected":false},"excerpt":{"rendered":"<p>DETAILS Easily recycle all used K-Cup pods in 1 easy-to-use recycling box Once box is full, ship the box back<\/p>","protected":false},"featured_media":13246,"comment_status":"open","ping_status":"closed","template":"","meta":[],"product_brand":[],"product_cat":[661,663],"product_tag":[730,865,866],"class_list":{"0":"post-13241","1":"product","2":"type-product","3":"status-publish","4":"has-post-thumbnail","6":"product_cat-accessories-2","7":"product_cat-keurig-accessories","8":"product_tag-k-cups","9":"product_tag-k-cycle","10":"product_tag-recycling","12":"first","13":"instock","14":"taxable","15":"shipping-taxable","16":"purchasable","17":"product-type-simple"},"yoast_head":"<!-- This site is optimized with the Yoast SEO plugin v27.3 - https:\/\/yoast.com\/product\/yoast-seo-wordpress\/ -->\n<title>Keurig K-Cycle K-Cup Pod Commercial Recycling Program Box, Large, 400 K-Cup Capacity - Cafe Gran Sasso<\/title>\n<meta name=\"robots\" content=\"index, follow, max-snippet:-1, max-image-preview:large, max-video-preview:-1\" \/>\n<link rel=\"canonical\" href=\"https:\/\/cafegransasso.com\/fr\/shop\/keurig-k-cycle-k-cup-pod-commercial-recycling-program-box-large-400-k-cup-capacity\/\" \/>\n<meta property=\"og:locale\" content=\"fr_FR\" \/>\n<meta property=\"og:type\" content=\"article\" \/>\n<meta property=\"og:title\" content=\"Keurig K-Cycle K-Cup Pod Commercial Recycling Program Box, Large, 400 K-Cup Capacity - Cafe Gran Sasso\" \/>\n<meta property=\"og:description\" content=\"DETAILS Easily recycle all used K-Cup pods in 1 easy-to-use recycling box Once box is full, ship the box back\" \/>\n<meta property=\"og:url\" content=\"https:\/\/cafegransasso.com\/fr\/shop\/keurig-k-cycle-k-cup-pod-commercial-recycling-program-box-large-400-k-cup-capacity\/\" \/>\n<meta property=\"og:site_name\" content=\"Cafe Gran Sasso\" \/>\n<meta property=\"article:publisher\" content=\"https:\/\/www.facebook.com\/CafeGranSasso\/\" \/>\n<meta property=\"article:modified_time\" content=\"2024-04-02T17:23:25+00:00\" \/>\n<meta property=\"og:image\" content=\"https:\/\/cafegransasso.com\/wp-content\/uploads\/2021\/05\/K-Cycle-Box-400.jpg\" \/>\n\t<meta property=\"og:image:width\" content=\"400\" \/>\n\t<meta property=\"og:image:height\" content=\"400\" \/>\n\t<meta property=\"og:image:type\" content=\"image\/jpeg\" \/>\n<meta name=\"twitter:card\" content=\"summary_large_image\" \/>\n<script type=\"application\/ld+json\" class=\"yoast-schema-graph\">{\"@context\":\"https:\\\/\\\/schema.org\",\"@graph\":[{\"@type\":\"WebPage\",\"@id\":\"https:\\\/\\\/cafegransasso.com\\\/shop\\\/keurig-k-cycle-k-cup-pod-commercial-recycling-program-box-large-400-k-cup-capacity\\\/\",\"url\":\"https:\\\/\\\/cafegransasso.com\\\/shop\\\/keurig-k-cycle-k-cup-pod-commercial-recycling-program-box-large-400-k-cup-capacity\\\/\",\"name\":\"Keurig K-Cycle K-Cup Pod Commercial Recycling Program Box, Large, 400 K-Cup Capacity - Cafe Gran Sasso\",\"isPartOf\":{\"@id\":\"https:\\\/\\\/cafegransasso.com\\\/#website\"},\"primaryImageOfPage\":{\"@id\":\"https:\\\/\\\/cafegransasso.com\\\/shop\\\/keurig-k-cycle-k-cup-pod-commercial-recycling-program-box-large-400-k-cup-capacity\\\/#primaryimage\"},\"image\":{\"@id\":\"https:\\\/\\\/cafegransasso.com\\\/shop\\\/keurig-k-cycle-k-cup-pod-commercial-recycling-program-box-large-400-k-cup-capacity\\\/#primaryimage\"},\"thumbnailUrl\":\"https:\\\/\\\/cafegransasso.com\\\/wp-content\\\/uploads\\\/2021\\\/05\\\/K-Cycle-Box-400.jpg\",\"datePublished\":\"2021-05-27T18:22:36+00:00\",\"dateModified\":\"2024-04-02T17:23:25+00:00\",\"breadcrumb\":{\"@id\":\"https:\\\/\\\/cafegransasso.com\\\/shop\\\/keurig-k-cycle-k-cup-pod-commercial-recycling-program-box-large-400-k-cup-capacity\\\/#breadcrumb\"},\"inLanguage\":\"fr-ca\",\"potentialAction\":[{\"@type\":\"ReadAction\",\"target\":[\"https:\\\/\\\/cafegransasso.com\\\/shop\\\/keurig-k-cycle-k-cup-pod-commercial-recycling-program-box-large-400-k-cup-capacity\\\/\"]}]},{\"@type\":\"ImageObject\",\"inLanguage\":\"fr-ca\",\"@id\":\"https:\\\/\\\/cafegransasso.com\\\/shop\\\/keurig-k-cycle-k-cup-pod-commercial-recycling-program-box-large-400-k-cup-capacity\\\/#primaryimage\",\"url\":\"https:\\\/\\\/cafegransasso.com\\\/wp-content\\\/uploads\\\/2021\\\/05\\\/K-Cycle-Box-400.jpg\",\"contentUrl\":\"https:\\\/\\\/cafegransasso.com\\\/wp-content\\\/uploads\\\/2021\\\/05\\\/K-Cycle-Box-400.jpg\",\"width\":400,\"height\":400},{\"@type\":\"BreadcrumbList\",\"@id\":\"https:\\\/\\\/cafegransasso.com\\\/shop\\\/keurig-k-cycle-k-cup-pod-commercial-recycling-program-box-large-400-k-cup-capacity\\\/#breadcrumb\",\"itemListElement\":[{\"@type\":\"ListItem\",\"position\":1,\"name\":\"Home\",\"item\":\"https:\\\/\\\/cafegransasso.com\\\/\"},{\"@type\":\"ListItem\",\"position\":2,\"name\":\"Shop\",\"item\":\"https:\\\/\\\/cafegransasso.com\\\/premium-office-coffee-and-accessories\\\/\"},{\"@type\":\"ListItem\",\"position\":3,\"name\":\"Keurig K-Cycle K-Cup Pod Commercial Recycling Program Box, Large, 400 K-Cup Capacity\"}]},{\"@type\":\"WebSite\",\"@id\":\"https:\\\/\\\/cafegransasso.com\\\/#website\",\"url\":\"https:\\\/\\\/cafegransasso.com\\\/\",\"name\":\"Cafe Gran Sasso\",\"description\":\"From Bean to Brew: Coffee Solutions for Businesses.\",\"publisher\":{\"@id\":\"https:\\\/\\\/cafegransasso.com\\\/#organization\"},\"potentialAction\":[{\"@type\":\"SearchAction\",\"target\":{\"@type\":\"EntryPoint\",\"urlTemplate\":\"https:\\\/\\\/cafegransasso.com\\\/?s={search_term_string}\"},\"query-input\":{\"@type\":\"PropertyValueSpecification\",\"valueRequired\":true,\"valueName\":\"search_term_string\"}}],\"inLanguage\":\"fr-ca\"},{\"@type\":\"Organization\",\"@id\":\"https:\\\/\\\/cafegransasso.com\\\/#organization\",\"name\":\"Cafe Gran Sasso\",\"url\":\"https:\\\/\\\/cafegransasso.com\\\/\",\"logo\":{\"@type\":\"ImageObject\",\"inLanguage\":\"fr-ca\",\"@id\":\"https:\\\/\\\/cafegransasso.com\\\/#\\\/schema\\\/logo\\\/image\\\/\",\"url\":\"https:\\\/\\\/cafegransasso.com\\\/wp-content\\\/uploads\\\/2024\\\/09\\\/GS-logo-Red-1-removebg-preview.png\",\"contentUrl\":\"https:\\\/\\\/cafegransasso.com\\\/wp-content\\\/uploads\\\/2024\\\/09\\\/GS-logo-Red-1-removebg-preview.png\",\"width\":360,\"height\":149,\"caption\":\"Cafe Gran Sasso\"},\"image\":{\"@id\":\"https:\\\/\\\/cafegransasso.com\\\/#\\\/schema\\\/logo\\\/image\\\/\"},\"sameAs\":[\"https:\\\/\\\/www.facebook.com\\\/CafeGranSasso\\\/\",\"https:\\\/\\\/www.instagram.com\\\/cafe_gransasso\\\/\"]}]}<\/script>\n<!-- \/ Yoast SEO plugin. -->","yoast_head_json":{"title":"Keurig K-Cycle K-Cup Pod Commercial Recycling Program Box, Large, 400 K-Cup Capacity - Cafe Gran Sasso","robots":{"index":"index","follow":"follow","max-snippet":"max-snippet:-1","max-image-preview":"max-image-preview:large","max-video-preview":"max-video-preview:-1"},"canonical":"https:\/\/cafegransasso.com\/fr\/shop\/keurig-k-cycle-k-cup-pod-commercial-recycling-program-box-large-400-k-cup-capacity\/","og_locale":"fr_FR","og_type":"article","og_title":"Keurig K-Cycle K-Cup Pod Commercial Recycling Program Box, Large, 400 K-Cup Capacity - Cafe Gran Sasso","og_description":"DETAILS Easily recycle all used K-Cup pods in 1 easy-to-use recycling box Once box is full, ship the box back","og_url":"https:\/\/cafegransasso.com\/fr\/shop\/keurig-k-cycle-k-cup-pod-commercial-recycling-program-box-large-400-k-cup-capacity\/","og_site_name":"Cafe Gran Sasso","article_publisher":"https:\/\/www.facebook.com\/CafeGranSasso\/","article_modified_time":"2024-04-02T17:23:25+00:00","og_image":[{"width":400,"height":400,"url":"https:\/\/cafegransasso.com\/wp-content\/uploads\/2021\/05\/K-Cycle-Box-400.jpg","type":"image\/jpeg"}],"twitter_card":"summary_large_image","schema":{"@context":"https:\/\/schema.org","@graph":[{"@type":"WebPage","@id":"https:\/\/cafegransasso.com\/shop\/keurig-k-cycle-k-cup-pod-commercial-recycling-program-box-large-400-k-cup-capacity\/","url":"https:\/\/cafegransasso.com\/shop\/keurig-k-cycle-k-cup-pod-commercial-recycling-program-box-large-400-k-cup-capacity\/","name":"Keurig K-Cycle K-Cup Pod Commercial Recycling Program Box, Large, 400 K-Cup Capacity - Cafe Gran Sasso","isPartOf":{"@id":"https:\/\/cafegransasso.com\/#website"},"primaryImageOfPage":{"@id":"https:\/\/cafegransasso.com\/shop\/keurig-k-cycle-k-cup-pod-commercial-recycling-program-box-large-400-k-cup-capacity\/#primaryimage"},"image":{"@id":"https:\/\/cafegransasso.com\/shop\/keurig-k-cycle-k-cup-pod-commercial-recycling-program-box-large-400-k-cup-capacity\/#primaryimage"},"thumbnailUrl":"https:\/\/cafegransasso.com\/wp-content\/uploads\/2021\/05\/K-Cycle-Box-400.jpg","datePublished":"2021-05-27T18:22:36+00:00","dateModified":"2024-04-02T17:23:25+00:00","breadcrumb":{"@id":"https:\/\/cafegransasso.com\/shop\/keurig-k-cycle-k-cup-pod-commercial-recycling-program-box-large-400-k-cup-capacity\/#breadcrumb"},"inLanguage":"fr-ca","potentialAction":[{"@type":"ReadAction","target":["https:\/\/cafegransasso.com\/shop\/keurig-k-cycle-k-cup-pod-commercial-recycling-program-box-large-400-k-cup-capacity\/"]}]},{"@type":"ImageObject","inLanguage":"fr-ca","@id":"https:\/\/cafegransasso.com\/shop\/keurig-k-cycle-k-cup-pod-commercial-recycling-program-box-large-400-k-cup-capacity\/#primaryimage","url":"https:\/\/cafegransasso.com\/wp-content\/uploads\/2021\/05\/K-Cycle-Box-400.jpg","contentUrl":"https:\/\/cafegransasso.com\/wp-content\/uploads\/2021\/05\/K-Cycle-Box-400.jpg","width":400,"height":400},{"@type":"BreadcrumbList","@id":"https:\/\/cafegransasso.com\/shop\/keurig-k-cycle-k-cup-pod-commercial-recycling-program-box-large-400-k-cup-capacity\/#breadcrumb","itemListElement":[{"@type":"ListItem","position":1,"name":"Home","item":"https:\/\/cafegransasso.com\/"},{"@type":"ListItem","position":2,"name":"Shop","item":"https:\/\/cafegransasso.com\/premium-office-coffee-and-accessories\/"},{"@type":"ListItem","position":3,"name":"Keurig K-Cycle K-Cup Pod Commercial Recycling Program Box, Large, 400 K-Cup Capacity"}]},{"@type":"WebSite","@id":"https:\/\/cafegransasso.com\/#website","url":"https:\/\/cafegransasso.com\/","name":"Cafe Gran Sasso","description":"From Bean to Brew: Coffee Solutions for Businesses.","publisher":{"@id":"https:\/\/cafegransasso.com\/#organization"},"potentialAction":[{"@type":"SearchAction","target":{"@type":"EntryPoint","urlTemplate":"https:\/\/cafegransasso.com\/?s={search_term_string}"},"query-input":{"@type":"PropertyValueSpecification","valueRequired":true,"valueName":"search_term_string"}}],"inLanguage":"fr-ca"},{"@type":"Organization","@id":"https:\/\/cafegransasso.com\/#organization","name":"Cafe Gran Sasso","url":"https:\/\/cafegransasso.com\/","logo":{"@type":"ImageObject","inLanguage":"fr-ca","@id":"https:\/\/cafegransasso.com\/#\/schema\/logo\/image\/","url":"https:\/\/cafegransasso.com\/wp-content\/uploads\/2024\/09\/GS-logo-Red-1-removebg-preview.png","contentUrl":"https:\/\/cafegransasso.com\/wp-content\/uploads\/2024\/09\/GS-logo-Red-1-removebg-preview.png","width":360,"height":149,"caption":"Cafe Gran Sasso"},"image":{"@id":"https:\/\/cafegransasso.com\/#\/schema\/logo\/image\/"},"sameAs":["https:\/\/www.facebook.com\/CafeGranSasso\/","https:\/\/www.instagram.com\/cafe_gransasso\/"]}]}},"_links":{"self":[{"href":"https:\/\/cafegransasso.com\/fr\/wp-json\/wp\/v2\/product\/13241","targetHints":{"allow":["GET"]}}],"collection":[{"href":"https:\/\/cafegransasso.com\/fr\/wp-json\/wp\/v2\/product"}],"about":[{"href":"https:\/\/cafegransasso.com\/fr\/wp-json\/wp\/v2\/types\/product"}],"replies":[{"embeddable":true,"href":"https:\/\/cafegransasso.com\/fr\/wp-json\/wp\/v2\/comments?post=13241"}],"version-history":[{"count":0,"href":"https:\/\/cafegransasso.com\/fr\/wp-json\/wp\/v2\/product\/13241\/revisions"}],"wp:featuredmedia":[{"embeddable":true,"href":"https:\/\/cafegransasso.com\/fr\/wp-json\/wp\/v2\/media\/13246"}],"wp:attachment":[{"href":"https:\/\/cafegransasso.com\/fr\/wp-json\/wp\/v2\/media?parent=13241"}],"wp:term":[{"taxonomy":"product_brand","embeddable":true,"href":"https:\/\/cafegransasso.com\/fr\/wp-json\/wp\/v2\/product_brand?post=13241"},{"taxonomy":"product_cat","embeddable":true,"href":"https:\/\/cafegransasso.com\/fr\/wp-json\/wp\/v2\/product_cat?post=13241"},{"taxonomy":"product_tag","embeddable":true,"href":"https:\/\/cafegransasso.com\/fr\/wp-json\/wp\/v2\/product_tag?post=13241"}],"curies":[{"name":"wp","href":"https:\/\/api.w.org\/{rel}","templated":true}]}}