{"id":13573,"date":"2022-04-03T14:53:20","date_gmt":"2022-04-03T18:53:20","guid":{"rendered":"https:\/\/www.cafegransasso.com\/?post_type=product&#038;p=13573"},"modified":"2025-01-30T16:05:13","modified_gmt":"2025-01-30T21:05:13","slug":"keurig-eccellenza-touch-bean-to-cup-single-cup-coffee-maker","status":"publish","type":"product","link":"https:\/\/cafegransasso.com\/fr\/shop\/keurig-eccellenza-touch-bean-to-cup-single-cup-coffee-maker\/","title":{"rendered":"Keurig Eccellenza Touch Bean-To-Cup Single Cup Coffee Maker"},"content":{"rendered":"<h3><strong>The Eccellenza TOUCH comes with a limited warranty. All parts that come in contact with water have a 3 months warranty. All other parts have A 1 year warranty. A cracked or damaged touchscreen is not covered under the limited warranty.<\/strong><\/h3>\n<h2><\/h2>\n<h2>SPECIFICATIONS:<\/h2>\n<div id=\"ccs-mkt-desc\">\n<ul>\n<li>\u00c9quip\u00e9 d'un \u00e9cran tactile 10.1 haute d\u00e9finition et convivial pour simplifier le processus de s\u00e9lection.<\/li>\n<li>Infusion de 3 tailles de tasses et d'intensit\u00e9s diff\u00e9rentes<\/li>\n<li>Peut pr\u00e9parer de 50 \u00e0 100 tasses par jour<\/li>\n<li>2 distributeurs de grains de caf\u00e9 pouvant contenir jusqu'\u00e0 2,2 kg.<\/li>\n<li>3 distributeurs de poudre pouvant contenir jusqu'\u00e0 2 lb.<\/li>\n<li>Conception respectueuse de l'environnement : aucun filtre en papier n'est n\u00e9cessaire et le caf\u00e9 est compostable.<\/li>\n<li>Sans entretien jusqu'\u00e0 10 000 tasses<\/li>\n<li>Le mode d'\u00e9conomie d'\u00e9nergie met la cafeti\u00e8re en veille pendant les nuits et les week-ends pour \u00e9conomiser l'\u00e9nergie.<\/li>\n<li>Les mises \u00e0 jour du micrologiciel sont disponibles via une cl\u00e9 USB.<\/li>\n<li>20\u2033L x 20-1\/4\u2033D x 28\u2033H<\/li>\n<li>NSF4, ETL, NAMA Standard Certified<\/li>\n<\/ul>\n<\/div>","protected":false},"excerpt":{"rendered":"<p>The Eccellenza TOUCH comes with a limited warranty. All parts that come in contact with water have a 3 months<\/p>","protected":false},"featured_media":13580,"comment_status":"open","ping_status":"closed","template":"","meta":[],"product_brand":[],"product_cat":[652],"product_tag":[888,887,886],"class_list":{"0":"post-13573","1":"product","2":"type-product","3":"status-publish","4":"has-post-thumbnail","6":"product_cat-keurig","7":"product_tag-bean-to-cup","8":"product_tag-eccellenza","9":"product_tag-touch","11":"first","12":"instock","13":"sold-individually","14":"taxable","15":"shipping-taxable","16":"purchasable","17":"product-type-simple"},"yoast_head":"<!-- This site is optimized with the Yoast SEO plugin v26.6 - https:\/\/yoast.com\/wordpress\/plugins\/seo\/ -->\n<title>Keurig Eccellenza Touch Bean-To-Cup Single Cup Coffee Maker - Cafe Gran Sasso<\/title>\n<meta name=\"robots\" content=\"index, follow, max-snippet:-1, max-image-preview:large, max-video-preview:-1\" \/>\n<link rel=\"canonical\" href=\"https:\/\/cafegransasso.com\/fr\/shop\/keurig-eccellenza-touch-bean-to-cup-single-cup-coffee-maker\/\" \/>\n<meta property=\"og:locale\" content=\"fr_FR\" \/>\n<meta property=\"og:type\" content=\"article\" \/>\n<meta property=\"og:title\" content=\"Keurig Eccellenza Touch Bean-To-Cup Single Cup Coffee Maker - Cafe Gran Sasso\" \/>\n<meta property=\"og:description\" content=\"The Eccellenza TOUCH comes with a limited warranty. All parts that come in contact with water have a 3 months\" \/>\n<meta property=\"og:url\" content=\"https:\/\/cafegransasso.com\/fr\/shop\/keurig-eccellenza-touch-bean-to-cup-single-cup-coffee-maker\/\" \/>\n<meta property=\"og:site_name\" content=\"Cafe Gran Sasso\" \/>\n<meta property=\"article:publisher\" content=\"https:\/\/www.facebook.com\/CafeGranSasso\/\" \/>\n<meta property=\"article:modified_time\" content=\"2025-01-30T21:05:13+00:00\" \/>\n<meta property=\"og:image\" content=\"https:\/\/cafegransasso.com\/wp-content\/uploads\/2022\/04\/Touch1.jpg\" \/>\n\t<meta property=\"og:image:width\" content=\"225\" \/>\n\t<meta property=\"og:image:height\" content=\"225\" \/>\n\t<meta property=\"og:image:type\" content=\"image\/jpeg\" \/>\n<meta name=\"twitter:card\" content=\"summary_large_image\" \/>\n<meta name=\"twitter:label1\" content=\"Est. reading time\" \/>\n\t<meta name=\"twitter:data1\" content=\"1 minute\" \/>\n<script type=\"application\/ld+json\" class=\"yoast-schema-graph\">{\"@context\":\"https:\/\/schema.org\",\"@graph\":[{\"@type\":\"WebPage\",\"@id\":\"https:\/\/cafegransasso.com\/shop\/keurig-eccellenza-touch-bean-to-cup-single-cup-coffee-maker\/\",\"url\":\"https:\/\/cafegransasso.com\/shop\/keurig-eccellenza-touch-bean-to-cup-single-cup-coffee-maker\/\",\"name\":\"Keurig Eccellenza Touch Bean-To-Cup Single Cup Coffee Maker - Cafe Gran Sasso\",\"isPartOf\":{\"@id\":\"https:\/\/cafegransasso.com\/#website\"},\"primaryImageOfPage\":{\"@id\":\"https:\/\/cafegransasso.com\/shop\/keurig-eccellenza-touch-bean-to-cup-single-cup-coffee-maker\/#primaryimage\"},\"image\":{\"@id\":\"https:\/\/cafegransasso.com\/shop\/keurig-eccellenza-touch-bean-to-cup-single-cup-coffee-maker\/#primaryimage\"},\"thumbnailUrl\":\"https:\/\/cafegransasso.com\/wp-content\/uploads\/2022\/04\/Touch1.jpg\",\"datePublished\":\"2022-04-03T18:53:20+00:00\",\"dateModified\":\"2025-01-30T21:05:13+00:00\",\"breadcrumb\":{\"@id\":\"https:\/\/cafegransasso.com\/shop\/keurig-eccellenza-touch-bean-to-cup-single-cup-coffee-maker\/#breadcrumb\"},\"inLanguage\":\"fr-ca\",\"potentialAction\":[{\"@type\":\"ReadAction\",\"target\":[\"https:\/\/cafegransasso.com\/shop\/keurig-eccellenza-touch-bean-to-cup-single-cup-coffee-maker\/\"]}]},{\"@type\":\"ImageObject\",\"inLanguage\":\"fr-ca\",\"@id\":\"https:\/\/cafegransasso.com\/shop\/keurig-eccellenza-touch-bean-to-cup-single-cup-coffee-maker\/#primaryimage\",\"url\":\"https:\/\/cafegransasso.com\/wp-content\/uploads\/2022\/04\/Touch1.jpg\",\"contentUrl\":\"https:\/\/cafegransasso.com\/wp-content\/uploads\/2022\/04\/Touch1.jpg\",\"width\":225,\"height\":225},{\"@type\":\"BreadcrumbList\",\"@id\":\"https:\/\/cafegransasso.com\/shop\/keurig-eccellenza-touch-bean-to-cup-single-cup-coffee-maker\/#breadcrumb\",\"itemListElement\":[{\"@type\":\"ListItem\",\"position\":1,\"name\":\"Home\",\"item\":\"https:\/\/cafegransasso.com\/\"},{\"@type\":\"ListItem\",\"position\":2,\"name\":\"Shop\",\"item\":\"https:\/\/cafegransasso.com\/premium-office-coffee-and-accessories\/\"},{\"@type\":\"ListItem\",\"position\":3,\"name\":\"Keurig Eccellenza Touch Bean-To-Cup Single Cup Coffee Maker\"}]},{\"@type\":\"WebSite\",\"@id\":\"https:\/\/cafegransasso.com\/#website\",\"url\":\"https:\/\/cafegransasso.com\/\",\"name\":\"Cafe Gran Sasso\",\"description\":\"From Bean to Brew: Coffee Solutions for Businesses.\",\"publisher\":{\"@id\":\"https:\/\/cafegransasso.com\/#organization\"},\"potentialAction\":[{\"@type\":\"SearchAction\",\"target\":{\"@type\":\"EntryPoint\",\"urlTemplate\":\"https:\/\/cafegransasso.com\/?s={search_term_string}\"},\"query-input\":{\"@type\":\"PropertyValueSpecification\",\"valueRequired\":true,\"valueName\":\"search_term_string\"}}],\"inLanguage\":\"fr-ca\"},{\"@type\":\"Organization\",\"@id\":\"https:\/\/cafegransasso.com\/#organization\",\"name\":\"Cafe Gran Sasso\",\"url\":\"https:\/\/cafegransasso.com\/\",\"logo\":{\"@type\":\"ImageObject\",\"inLanguage\":\"fr-ca\",\"@id\":\"https:\/\/cafegransasso.com\/#\/schema\/logo\/image\/\",\"url\":\"https:\/\/cafegransasso.com\/wp-content\/uploads\/2024\/09\/GS-logo-Red-1-removebg-preview.png\",\"contentUrl\":\"https:\/\/cafegransasso.com\/wp-content\/uploads\/2024\/09\/GS-logo-Red-1-removebg-preview.png\",\"width\":360,\"height\":149,\"caption\":\"Cafe Gran Sasso\"},\"image\":{\"@id\":\"https:\/\/cafegransasso.com\/#\/schema\/logo\/image\/\"},\"sameAs\":[\"https:\/\/www.facebook.com\/CafeGranSasso\/\",\"https:\/\/www.instagram.com\/cafe_gransasso\/\"]}]}<\/script>\n<!-- \/ Yoast SEO plugin. -->","yoast_head_json":{"title":"Keurig Eccellenza Touch Bean-To-Cup Single Cup Coffee Maker - Cafe Gran Sasso","robots":{"index":"index","follow":"follow","max-snippet":"max-snippet:-1","max-image-preview":"max-image-preview:large","max-video-preview":"max-video-preview:-1"},"canonical":"https:\/\/cafegransasso.com\/fr\/shop\/keurig-eccellenza-touch-bean-to-cup-single-cup-coffee-maker\/","og_locale":"fr_FR","og_type":"article","og_title":"Keurig Eccellenza Touch Bean-To-Cup Single Cup Coffee Maker - Cafe Gran Sasso","og_description":"The Eccellenza TOUCH comes with a limited warranty. All parts that come in contact with water have a 3 months","og_url":"https:\/\/cafegransasso.com\/fr\/shop\/keurig-eccellenza-touch-bean-to-cup-single-cup-coffee-maker\/","og_site_name":"Cafe Gran Sasso","article_publisher":"https:\/\/www.facebook.com\/CafeGranSasso\/","article_modified_time":"2025-01-30T21:05:13+00:00","og_image":[{"width":225,"height":225,"url":"https:\/\/cafegransasso.com\/wp-content\/uploads\/2022\/04\/Touch1.jpg","type":"image\/jpeg"}],"twitter_card":"summary_large_image","twitter_misc":{"Est. reading time":"1 minute"},"schema":{"@context":"https:\/\/schema.org","@graph":[{"@type":"WebPage","@id":"https:\/\/cafegransasso.com\/shop\/keurig-eccellenza-touch-bean-to-cup-single-cup-coffee-maker\/","url":"https:\/\/cafegransasso.com\/shop\/keurig-eccellenza-touch-bean-to-cup-single-cup-coffee-maker\/","name":"Keurig Eccellenza Touch Bean-To-Cup Single Cup Coffee Maker - Cafe Gran Sasso","isPartOf":{"@id":"https:\/\/cafegransasso.com\/#website"},"primaryImageOfPage":{"@id":"https:\/\/cafegransasso.com\/shop\/keurig-eccellenza-touch-bean-to-cup-single-cup-coffee-maker\/#primaryimage"},"image":{"@id":"https:\/\/cafegransasso.com\/shop\/keurig-eccellenza-touch-bean-to-cup-single-cup-coffee-maker\/#primaryimage"},"thumbnailUrl":"https:\/\/cafegransasso.com\/wp-content\/uploads\/2022\/04\/Touch1.jpg","datePublished":"2022-04-03T18:53:20+00:00","dateModified":"2025-01-30T21:05:13+00:00","breadcrumb":{"@id":"https:\/\/cafegransasso.com\/shop\/keurig-eccellenza-touch-bean-to-cup-single-cup-coffee-maker\/#breadcrumb"},"inLanguage":"fr-ca","potentialAction":[{"@type":"ReadAction","target":["https:\/\/cafegransasso.com\/shop\/keurig-eccellenza-touch-bean-to-cup-single-cup-coffee-maker\/"]}]},{"@type":"ImageObject","inLanguage":"fr-ca","@id":"https:\/\/cafegransasso.com\/shop\/keurig-eccellenza-touch-bean-to-cup-single-cup-coffee-maker\/#primaryimage","url":"https:\/\/cafegransasso.com\/wp-content\/uploads\/2022\/04\/Touch1.jpg","contentUrl":"https:\/\/cafegransasso.com\/wp-content\/uploads\/2022\/04\/Touch1.jpg","width":225,"height":225},{"@type":"BreadcrumbList","@id":"https:\/\/cafegransasso.com\/shop\/keurig-eccellenza-touch-bean-to-cup-single-cup-coffee-maker\/#breadcrumb","itemListElement":[{"@type":"ListItem","position":1,"name":"Home","item":"https:\/\/cafegransasso.com\/"},{"@type":"ListItem","position":2,"name":"Shop","item":"https:\/\/cafegransasso.com\/premium-office-coffee-and-accessories\/"},{"@type":"ListItem","position":3,"name":"Keurig Eccellenza Touch Bean-To-Cup Single Cup Coffee Maker"}]},{"@type":"WebSite","@id":"https:\/\/cafegransasso.com\/#website","url":"https:\/\/cafegransasso.com\/","name":"Cafe Gran Sasso","description":"From Bean to Brew: Coffee Solutions for Businesses.","publisher":{"@id":"https:\/\/cafegransasso.com\/#organization"},"potentialAction":[{"@type":"SearchAction","target":{"@type":"EntryPoint","urlTemplate":"https:\/\/cafegransasso.com\/?s={search_term_string}"},"query-input":{"@type":"PropertyValueSpecification","valueRequired":true,"valueName":"search_term_string"}}],"inLanguage":"fr-ca"},{"@type":"Organization","@id":"https:\/\/cafegransasso.com\/#organization","name":"Cafe Gran Sasso","url":"https:\/\/cafegransasso.com\/","logo":{"@type":"ImageObject","inLanguage":"fr-ca","@id":"https:\/\/cafegransasso.com\/#\/schema\/logo\/image\/","url":"https:\/\/cafegransasso.com\/wp-content\/uploads\/2024\/09\/GS-logo-Red-1-removebg-preview.png","contentUrl":"https:\/\/cafegransasso.com\/wp-content\/uploads\/2024\/09\/GS-logo-Red-1-removebg-preview.png","width":360,"height":149,"caption":"Cafe Gran Sasso"},"image":{"@id":"https:\/\/cafegransasso.com\/#\/schema\/logo\/image\/"},"sameAs":["https:\/\/www.facebook.com\/CafeGranSasso\/","https:\/\/www.instagram.com\/cafe_gransasso\/"]}]}},"_links":{"self":[{"href":"https:\/\/cafegransasso.com\/fr\/wp-json\/wp\/v2\/product\/13573","targetHints":{"allow":["GET"]}}],"collection":[{"href":"https:\/\/cafegransasso.com\/fr\/wp-json\/wp\/v2\/product"}],"about":[{"href":"https:\/\/cafegransasso.com\/fr\/wp-json\/wp\/v2\/types\/product"}],"replies":[{"embeddable":true,"href":"https:\/\/cafegransasso.com\/fr\/wp-json\/wp\/v2\/comments?post=13573"}],"version-history":[{"count":4,"href":"https:\/\/cafegransasso.com\/fr\/wp-json\/wp\/v2\/product\/13573\/revisions"}],"predecessor-version":[{"id":29567,"href":"https:\/\/cafegransasso.com\/fr\/wp-json\/wp\/v2\/product\/13573\/revisions\/29567"}],"wp:featuredmedia":[{"embeddable":true,"href":"https:\/\/cafegransasso.com\/fr\/wp-json\/wp\/v2\/media\/13580"}],"wp:attachment":[{"href":"https:\/\/cafegransasso.com\/fr\/wp-json\/wp\/v2\/media?parent=13573"}],"wp:term":[{"taxonomy":"product_brand","embeddable":true,"href":"https:\/\/cafegransasso.com\/fr\/wp-json\/wp\/v2\/product_brand?post=13573"},{"taxonomy":"product_cat","embeddable":true,"href":"https:\/\/cafegransasso.com\/fr\/wp-json\/wp\/v2\/product_cat?post=13573"},{"taxonomy":"product_tag","embeddable":true,"href":"https:\/\/cafegransasso.com\/fr\/wp-json\/wp\/v2\/product_tag?post=13573"}],"curies":[{"name":"wp","href":"https:\/\/api.w.org\/{rel}","templated":true}]}}