{"id":13583,"date":"2022-04-03T15:04:55","date_gmt":"2022-04-03T19:04:55","guid":{"rendered":"https:\/\/www.cafegransasso.com\/?post_type=product&#038;p=13583"},"modified":"2024-05-29T10:05:26","modified_gmt":"2024-05-29T14:05:26","slug":"keurig-k-2500-replacement-reservoir-110-oz-capacity","status":"publish","type":"product","link":"https:\/\/cafegransasso.com\/fr\/shop\/keurig-k-2500-replacement-reservoir-110-oz-capacity\/","title":{"rendered":"R\u00e9servoir de remplacement Keurig K-2500, capacit\u00e9 de 110 oz"},"content":{"rendered":"<h2>CARACT\u00c9RISTIQUES TECHNIQUES<\/h2>\n<div id=\"ccs-inline-content\"><\/div>\n<div id=\"ccs-mkt-desc\">\n<ul>\n<li>Option de r\u00e9servoir suppl\u00e9mentaire \u00e0 utiliser avec la cafeti\u00e8re Keurig K-2500<\/li>\n<li>Installation conviviale<\/li>\n<li>Aucun technicien n'est n\u00e9cessaire<\/li>\n<li>Le plastique non poreux est facile \u00e0 nettoyer.<\/li>\n<li>Clair\/noir<\/li>\n<li>A utiliser avec la cafeti\u00e8re Keurig K-2500 K-Cup, vendue s\u00e9par\u00e9ment<\/li>\n<li>Capacit\u00e9 : 110 oz<\/li>\n<\/ul>\n<\/div>","protected":false},"excerpt":{"rendered":"<p>SPECIFICATIONS Add-on reservoir option for use with the Keurig K-2500 coffee maker User-friendly installation No technician required Non-porous plastic is<\/p>","protected":false},"featured_media":13588,"comment_status":"open","ping_status":"closed","template":"","meta":[],"product_brand":[],"product_cat":[652,661],"product_tag":[892,893],"class_list":{"0":"post-13583","1":"product","2":"type-product","3":"status-publish","4":"has-post-thumbnail","6":"product_cat-keurig","7":"product_cat-accessories-2","8":"product_tag-reservoir","9":"product_tag-water-tank","11":"first","12":"outofstock","13":"taxable","14":"shipping-taxable","15":"purchasable","16":"product-type-simple"},"yoast_head":"<!-- This site is optimized with the Yoast SEO plugin v26.6 - https:\/\/yoast.com\/wordpress\/plugins\/seo\/ -->\n<title>Keurig K-2500 Replacement Reservoir, 110 oz Capacity - Cafe Gran Sasso<\/title>\n<meta name=\"robots\" content=\"index, follow, max-snippet:-1, max-image-preview:large, max-video-preview:-1\" \/>\n<link rel=\"canonical\" href=\"https:\/\/cafegransasso.com\/fr\/shop\/keurig-k-2500-replacement-reservoir-110-oz-capacity\/\" \/>\n<meta property=\"og:locale\" content=\"fr_FR\" \/>\n<meta property=\"og:type\" content=\"article\" \/>\n<meta property=\"og:title\" content=\"Keurig K-2500 Replacement Reservoir, 110 oz Capacity - Cafe Gran Sasso\" \/>\n<meta property=\"og:description\" content=\"SPECIFICATIONS Add-on reservoir option for use with the Keurig K-2500 coffee maker User-friendly installation No technician required Non-porous plastic is\" \/>\n<meta property=\"og:url\" content=\"https:\/\/cafegransasso.com\/fr\/shop\/keurig-k-2500-replacement-reservoir-110-oz-capacity\/\" \/>\n<meta property=\"og:site_name\" content=\"Cafe Gran Sasso\" \/>\n<meta property=\"article:publisher\" content=\"https:\/\/www.facebook.com\/CafeGranSasso\/\" \/>\n<meta property=\"article:modified_time\" content=\"2024-05-29T14:05:26+00:00\" \/>\n<meta property=\"og:image\" content=\"https:\/\/cafegransasso.com\/wp-content\/uploads\/2022\/04\/K2500-Water-Reservoir.jpg\" \/>\n\t<meta property=\"og:image:width\" content=\"225\" \/>\n\t<meta property=\"og:image:height\" content=\"225\" \/>\n\t<meta property=\"og:image:type\" content=\"image\/jpeg\" \/>\n<meta name=\"twitter:card\" content=\"summary_large_image\" \/>\n<script type=\"application\/ld+json\" class=\"yoast-schema-graph\">{\"@context\":\"https:\/\/schema.org\",\"@graph\":[{\"@type\":\"WebPage\",\"@id\":\"https:\/\/cafegransasso.com\/shop\/keurig-k-2500-replacement-reservoir-110-oz-capacity\/\",\"url\":\"https:\/\/cafegransasso.com\/shop\/keurig-k-2500-replacement-reservoir-110-oz-capacity\/\",\"name\":\"Keurig K-2500 Replacement Reservoir, 110 oz Capacity - Cafe Gran Sasso\",\"isPartOf\":{\"@id\":\"https:\/\/cafegransasso.com\/#website\"},\"primaryImageOfPage\":{\"@id\":\"https:\/\/cafegransasso.com\/shop\/keurig-k-2500-replacement-reservoir-110-oz-capacity\/#primaryimage\"},\"image\":{\"@id\":\"https:\/\/cafegransasso.com\/shop\/keurig-k-2500-replacement-reservoir-110-oz-capacity\/#primaryimage\"},\"thumbnailUrl\":\"https:\/\/cafegransasso.com\/wp-content\/uploads\/2022\/04\/K2500-Water-Reservoir.jpg\",\"datePublished\":\"2022-04-03T19:04:55+00:00\",\"dateModified\":\"2024-05-29T14:05:26+00:00\",\"breadcrumb\":{\"@id\":\"https:\/\/cafegransasso.com\/shop\/keurig-k-2500-replacement-reservoir-110-oz-capacity\/#breadcrumb\"},\"inLanguage\":\"fr-ca\",\"potentialAction\":[{\"@type\":\"ReadAction\",\"target\":[\"https:\/\/cafegransasso.com\/shop\/keurig-k-2500-replacement-reservoir-110-oz-capacity\/\"]}]},{\"@type\":\"ImageObject\",\"inLanguage\":\"fr-ca\",\"@id\":\"https:\/\/cafegransasso.com\/shop\/keurig-k-2500-replacement-reservoir-110-oz-capacity\/#primaryimage\",\"url\":\"https:\/\/cafegransasso.com\/wp-content\/uploads\/2022\/04\/K2500-Water-Reservoir.jpg\",\"contentUrl\":\"https:\/\/cafegransasso.com\/wp-content\/uploads\/2022\/04\/K2500-Water-Reservoir.jpg\",\"width\":225,\"height\":225},{\"@type\":\"BreadcrumbList\",\"@id\":\"https:\/\/cafegransasso.com\/shop\/keurig-k-2500-replacement-reservoir-110-oz-capacity\/#breadcrumb\",\"itemListElement\":[{\"@type\":\"ListItem\",\"position\":1,\"name\":\"Home\",\"item\":\"https:\/\/cafegransasso.com\/\"},{\"@type\":\"ListItem\",\"position\":2,\"name\":\"Shop\",\"item\":\"https:\/\/cafegransasso.com\/premium-office-coffee-and-accessories\/\"},{\"@type\":\"ListItem\",\"position\":3,\"name\":\"Keurig K-2500 Replacement Reservoir, 110 oz Capacity\"}]},{\"@type\":\"WebSite\",\"@id\":\"https:\/\/cafegransasso.com\/#website\",\"url\":\"https:\/\/cafegransasso.com\/\",\"name\":\"Cafe Gran Sasso\",\"description\":\"From Bean to Brew: Coffee Solutions for Businesses.\",\"publisher\":{\"@id\":\"https:\/\/cafegransasso.com\/#organization\"},\"potentialAction\":[{\"@type\":\"SearchAction\",\"target\":{\"@type\":\"EntryPoint\",\"urlTemplate\":\"https:\/\/cafegransasso.com\/?s={search_term_string}\"},\"query-input\":{\"@type\":\"PropertyValueSpecification\",\"valueRequired\":true,\"valueName\":\"search_term_string\"}}],\"inLanguage\":\"fr-ca\"},{\"@type\":\"Organization\",\"@id\":\"https:\/\/cafegransasso.com\/#organization\",\"name\":\"Cafe Gran Sasso\",\"url\":\"https:\/\/cafegransasso.com\/\",\"logo\":{\"@type\":\"ImageObject\",\"inLanguage\":\"fr-ca\",\"@id\":\"https:\/\/cafegransasso.com\/#\/schema\/logo\/image\/\",\"url\":\"https:\/\/cafegransasso.com\/wp-content\/uploads\/2024\/09\/GS-logo-Red-1-removebg-preview.png\",\"contentUrl\":\"https:\/\/cafegransasso.com\/wp-content\/uploads\/2024\/09\/GS-logo-Red-1-removebg-preview.png\",\"width\":360,\"height\":149,\"caption\":\"Cafe Gran Sasso\"},\"image\":{\"@id\":\"https:\/\/cafegransasso.com\/#\/schema\/logo\/image\/\"},\"sameAs\":[\"https:\/\/www.facebook.com\/CafeGranSasso\/\",\"https:\/\/www.instagram.com\/cafe_gransasso\/\"]}]}<\/script>\n<!-- \/ Yoast SEO plugin. -->","yoast_head_json":{"title":"Keurig K-2500 Replacement Reservoir, 110 oz Capacity - Cafe Gran Sasso","robots":{"index":"index","follow":"follow","max-snippet":"max-snippet:-1","max-image-preview":"max-image-preview:large","max-video-preview":"max-video-preview:-1"},"canonical":"https:\/\/cafegransasso.com\/fr\/shop\/keurig-k-2500-replacement-reservoir-110-oz-capacity\/","og_locale":"fr_FR","og_type":"article","og_title":"Keurig K-2500 Replacement Reservoir, 110 oz Capacity - Cafe Gran Sasso","og_description":"SPECIFICATIONS Add-on reservoir option for use with the Keurig K-2500 coffee maker User-friendly installation No technician required Non-porous plastic is","og_url":"https:\/\/cafegransasso.com\/fr\/shop\/keurig-k-2500-replacement-reservoir-110-oz-capacity\/","og_site_name":"Cafe Gran Sasso","article_publisher":"https:\/\/www.facebook.com\/CafeGranSasso\/","article_modified_time":"2024-05-29T14:05:26+00:00","og_image":[{"width":225,"height":225,"url":"https:\/\/cafegransasso.com\/wp-content\/uploads\/2022\/04\/K2500-Water-Reservoir.jpg","type":"image\/jpeg"}],"twitter_card":"summary_large_image","schema":{"@context":"https:\/\/schema.org","@graph":[{"@type":"WebPage","@id":"https:\/\/cafegransasso.com\/shop\/keurig-k-2500-replacement-reservoir-110-oz-capacity\/","url":"https:\/\/cafegransasso.com\/shop\/keurig-k-2500-replacement-reservoir-110-oz-capacity\/","name":"Keurig K-2500 Replacement Reservoir, 110 oz Capacity - Cafe Gran Sasso","isPartOf":{"@id":"https:\/\/cafegransasso.com\/#website"},"primaryImageOfPage":{"@id":"https:\/\/cafegransasso.com\/shop\/keurig-k-2500-replacement-reservoir-110-oz-capacity\/#primaryimage"},"image":{"@id":"https:\/\/cafegransasso.com\/shop\/keurig-k-2500-replacement-reservoir-110-oz-capacity\/#primaryimage"},"thumbnailUrl":"https:\/\/cafegransasso.com\/wp-content\/uploads\/2022\/04\/K2500-Water-Reservoir.jpg","datePublished":"2022-04-03T19:04:55+00:00","dateModified":"2024-05-29T14:05:26+00:00","breadcrumb":{"@id":"https:\/\/cafegransasso.com\/shop\/keurig-k-2500-replacement-reservoir-110-oz-capacity\/#breadcrumb"},"inLanguage":"fr-ca","potentialAction":[{"@type":"ReadAction","target":["https:\/\/cafegransasso.com\/shop\/keurig-k-2500-replacement-reservoir-110-oz-capacity\/"]}]},{"@type":"ImageObject","inLanguage":"fr-ca","@id":"https:\/\/cafegransasso.com\/shop\/keurig-k-2500-replacement-reservoir-110-oz-capacity\/#primaryimage","url":"https:\/\/cafegransasso.com\/wp-content\/uploads\/2022\/04\/K2500-Water-Reservoir.jpg","contentUrl":"https:\/\/cafegransasso.com\/wp-content\/uploads\/2022\/04\/K2500-Water-Reservoir.jpg","width":225,"height":225},{"@type":"BreadcrumbList","@id":"https:\/\/cafegransasso.com\/shop\/keurig-k-2500-replacement-reservoir-110-oz-capacity\/#breadcrumb","itemListElement":[{"@type":"ListItem","position":1,"name":"Home","item":"https:\/\/cafegransasso.com\/"},{"@type":"ListItem","position":2,"name":"Shop","item":"https:\/\/cafegransasso.com\/premium-office-coffee-and-accessories\/"},{"@type":"ListItem","position":3,"name":"Keurig K-2500 Replacement Reservoir, 110 oz Capacity"}]},{"@type":"WebSite","@id":"https:\/\/cafegransasso.com\/#website","url":"https:\/\/cafegransasso.com\/","name":"Cafe Gran Sasso","description":"From Bean to Brew: Coffee Solutions for Businesses.","publisher":{"@id":"https:\/\/cafegransasso.com\/#organization"},"potentialAction":[{"@type":"SearchAction","target":{"@type":"EntryPoint","urlTemplate":"https:\/\/cafegransasso.com\/?s={search_term_string}"},"query-input":{"@type":"PropertyValueSpecification","valueRequired":true,"valueName":"search_term_string"}}],"inLanguage":"fr-ca"},{"@type":"Organization","@id":"https:\/\/cafegransasso.com\/#organization","name":"Cafe Gran Sasso","url":"https:\/\/cafegransasso.com\/","logo":{"@type":"ImageObject","inLanguage":"fr-ca","@id":"https:\/\/cafegransasso.com\/#\/schema\/logo\/image\/","url":"https:\/\/cafegransasso.com\/wp-content\/uploads\/2024\/09\/GS-logo-Red-1-removebg-preview.png","contentUrl":"https:\/\/cafegransasso.com\/wp-content\/uploads\/2024\/09\/GS-logo-Red-1-removebg-preview.png","width":360,"height":149,"caption":"Cafe Gran Sasso"},"image":{"@id":"https:\/\/cafegransasso.com\/#\/schema\/logo\/image\/"},"sameAs":["https:\/\/www.facebook.com\/CafeGranSasso\/","https:\/\/www.instagram.com\/cafe_gransasso\/"]}]}},"_links":{"self":[{"href":"https:\/\/cafegransasso.com\/fr\/wp-json\/wp\/v2\/product\/13583","targetHints":{"allow":["GET"]}}],"collection":[{"href":"https:\/\/cafegransasso.com\/fr\/wp-json\/wp\/v2\/product"}],"about":[{"href":"https:\/\/cafegransasso.com\/fr\/wp-json\/wp\/v2\/types\/product"}],"replies":[{"embeddable":true,"href":"https:\/\/cafegransasso.com\/fr\/wp-json\/wp\/v2\/comments?post=13583"}],"version-history":[{"count":0,"href":"https:\/\/cafegransasso.com\/fr\/wp-json\/wp\/v2\/product\/13583\/revisions"}],"wp:featuredmedia":[{"embeddable":true,"href":"https:\/\/cafegransasso.com\/fr\/wp-json\/wp\/v2\/media\/13588"}],"wp:attachment":[{"href":"https:\/\/cafegransasso.com\/fr\/wp-json\/wp\/v2\/media?parent=13583"}],"wp:term":[{"taxonomy":"product_brand","embeddable":true,"href":"https:\/\/cafegransasso.com\/fr\/wp-json\/wp\/v2\/product_brand?post=13583"},{"taxonomy":"product_cat","embeddable":true,"href":"https:\/\/cafegransasso.com\/fr\/wp-json\/wp\/v2\/product_cat?post=13583"},{"taxonomy":"product_tag","embeddable":true,"href":"https:\/\/cafegransasso.com\/fr\/wp-json\/wp\/v2\/product_tag?post=13583"}],"curies":[{"name":"wp","href":"https:\/\/api.w.org\/{rel}","templated":true}]}}