{"id":13776,"date":"2022-09-25T12:24:44","date_gmt":"2022-09-25T16:24:44","guid":{"rendered":"https:\/\/www.cafegransasso.com\/?post_type=product&#038;p=13776"},"modified":"2022-09-25T13:10:49","modified_gmt":"2022-09-25T17:10:49","slug":"slim","status":"publish","type":"product","link":"https:\/\/cafegransasso.com\/fr\/shop\/slim\/","title":{"rendered":"BELLUCCI SLIM CAFF\u00c8"},"content":{"rendered":"<p>La Bellucci Slim est une machine \u00e0 espresso compacte et \u00e9l\u00e9gante, con\u00e7ue et d\u00e9velopp\u00e9e en Italie. La Slim tire le meilleur de vos grains de caf\u00e9 pr\u00e9f\u00e9r\u00e9s gr\u00e2ce \u00e0 son syst\u00e8me innovant d'extraction du caf\u00e9.<\/p>\n<h3>V\u00c9RITABLE ESPRESSO ITALIEN AVEC UNE RICHE CR\u00c8ME<\/h3>\n<p>Dot\u00e9 d'un groupe caf\u00e9 surdimensionn\u00e9 brevet\u00e9 et facile \u00e0 nettoyer, d'une puissante pompe italienne de 19 bars et d'un moulin \u00e0 caf\u00e9 \u00e0 meules en acier inoxydable silencieux, le Bellucci's Slim frappe bien plus fort que son poids !<\/p>\n<ul>\n<li>Conception super compacte<\/li>\n<li>Simple d'utilisation, mais avec un caf\u00e9 extraordinaire<\/li>\n<li>Technologie de pression puissante de 19 bars<\/li>\n<li>Moulin \u00e0 caf\u00e9 \u00e0 billes en acier inoxydable int\u00e9gr\u00e9 et silencieux<\/li>\n<li>Groupe de caf\u00e9 surdimensionn\u00e9 pour un go\u00fbt plus riche<\/li>\n<li>Groupe caf\u00e9 amovible pour un nettoyage facile<\/li>\n<li>Le bloc thermique en acier inoxydable assure une temp\u00e9rature pr\u00e9cise de l'eau pendant toute la dur\u00e9e de l'extraction du caf\u00e9.<\/li>\n<li>2 ans de garantie<\/li>\n<li>Con\u00e7u et d\u00e9velopp\u00e9 en Italie<\/li>\n<\/ul>\n<p><b>S<\/b><b>PECI<\/b><b>FICATIONS<\/b><\/p>\n<p>&nbsp;<\/p>\n<p><b>Code produit :\u00a0SLIMCAFFE<br \/>\n<\/b><b>Vari\u00e9t\u00e9 de caf\u00e9s :\u00a0<\/b>5<br \/>\n<b>Capacit\u00e9 du r\u00e9cipient \u00e0 grains de caf\u00e9 :\u00a0\u00a0<\/b>175g<br \/>\n<b>R\u00e9servoir d'eau :<\/b>\u00a01,2L, acc\u00e8s par le haut<br \/>\n<b>Capacit\u00e9 du bac \u00e0 marc de caf\u00e9 :\u00a0<\/b>10<br \/>\n<b>Pression:\u00a0<\/b>19 bar<br \/>\n<b>Preinfusion :\u00a0<\/b>Oui<br \/>\n<b><\/b><b>M\u00e9moire de la taille du caf\u00e9 :\u00a0<\/b>Oui<br \/>\n<b>Programme de d\u00e9tartrage :\u00a0<\/b>Oui<b><br \/>\nCycle d'auto-nettoyage :\u00a0<\/b>Oui<b><br \/>\nChaudi\u00e8re :\u00a0\u00a0<\/b>Acier inoxydable<br \/>\n<b>Hauteur de bec r\u00e9glable\u00a0<\/b>: 80 \u2013 160 mm<br \/>\n<b>R\u00e9glages du broyeur :\u00a0<\/b>5<br \/>\n<b>Dimensions W x D x H\u00a0\u00a0\u00a0<\/b>178 x 396 x 320\u00a0 mm \/ 7\u2019\u2019 x 15 \u00bd\u2019\u2019 x 12 \u00bd\u2019\u2019<br \/>\n<b>Couleur\u00a0<\/b>Argent et acier inoxydable<\/p>","protected":false},"excerpt":{"rendered":"<p>The Bellucci Slim is a compact and elegant bean-to-cup automatic espresso machines designed and developed in Italy. The Slim brings<\/p>","protected":false},"featured_media":13777,"comment_status":"open","ping_status":"closed","template":"","meta":[],"product_brand":[],"product_cat":[896,651],"product_tag":[898,523,899],"class_list":{"0":"post-13776","1":"product","2":"type-product","3":"status-publish","4":"has-post-thumbnail","6":"product_cat-bellucci","7":"product_cat-brewers","8":"product_tag-bellucci","9":"product_tag-espresso","10":"product_tag-slim","12":"first","13":"instock","14":"sale","15":"taxable","16":"shipping-taxable","17":"purchasable","18":"product-type-simple"},"yoast_head":"<!-- This site is optimized with the Yoast SEO plugin v27.3 - https:\/\/yoast.com\/product\/yoast-seo-wordpress\/ -->\n<title>BELLUCCI SLIM CAFF\u00c8 - Cafe Gran Sasso<\/title>\n<meta name=\"robots\" content=\"index, follow, max-snippet:-1, max-image-preview:large, max-video-preview:-1\" \/>\n<link rel=\"canonical\" href=\"https:\/\/cafegransasso.com\/fr\/shop\/slim\/\" \/>\n<meta property=\"og:locale\" content=\"fr_FR\" \/>\n<meta property=\"og:type\" content=\"article\" \/>\n<meta property=\"og:title\" content=\"BELLUCCI SLIM CAFF\u00c8 - Cafe Gran Sasso\" \/>\n<meta property=\"og:description\" content=\"The Bellucci Slim is a compact and elegant bean-to-cup automatic espresso machines designed and developed in Italy. The Slim brings\" \/>\n<meta property=\"og:url\" content=\"https:\/\/cafegransasso.com\/fr\/shop\/slim\/\" \/>\n<meta property=\"og:site_name\" content=\"Cafe Gran Sasso\" \/>\n<meta property=\"article:publisher\" content=\"https:\/\/www.facebook.com\/CafeGranSasso\/\" \/>\n<meta property=\"article:modified_time\" content=\"2022-09-25T17:10:49+00:00\" \/>\n<meta property=\"og:image\" content=\"https:\/\/cafegransasso.com\/wp-content\/uploads\/2022\/09\/Slim-Caffe-front-web-1-768x768-1.jpg\" \/>\n\t<meta property=\"og:image:width\" content=\"768\" \/>\n\t<meta property=\"og:image:height\" content=\"768\" \/>\n\t<meta property=\"og:image:type\" content=\"image\/jpeg\" \/>\n<meta name=\"twitter:card\" content=\"summary_large_image\" \/>\n<meta name=\"twitter:label1\" content=\"Est. reading time\" \/>\n\t<meta name=\"twitter:data1\" content=\"1 minute\" \/>\n<script type=\"application\/ld+json\" class=\"yoast-schema-graph\">{\"@context\":\"https:\\\/\\\/schema.org\",\"@graph\":[{\"@type\":\"WebPage\",\"@id\":\"https:\\\/\\\/cafegransasso.com\\\/shop\\\/slim\\\/\",\"url\":\"https:\\\/\\\/cafegransasso.com\\\/shop\\\/slim\\\/\",\"name\":\"BELLUCCI SLIM CAFF\u00c8 - Cafe Gran Sasso\",\"isPartOf\":{\"@id\":\"https:\\\/\\\/cafegransasso.com\\\/#website\"},\"primaryImageOfPage\":{\"@id\":\"https:\\\/\\\/cafegransasso.com\\\/shop\\\/slim\\\/#primaryimage\"},\"image\":{\"@id\":\"https:\\\/\\\/cafegransasso.com\\\/shop\\\/slim\\\/#primaryimage\"},\"thumbnailUrl\":\"https:\\\/\\\/cafegransasso.com\\\/wp-content\\\/uploads\\\/2022\\\/09\\\/Slim-Caffe-front-web-1-768x768-1.jpg\",\"datePublished\":\"2022-09-25T16:24:44+00:00\",\"dateModified\":\"2022-09-25T17:10:49+00:00\",\"breadcrumb\":{\"@id\":\"https:\\\/\\\/cafegransasso.com\\\/shop\\\/slim\\\/#breadcrumb\"},\"inLanguage\":\"fr-ca\",\"potentialAction\":[{\"@type\":\"ReadAction\",\"target\":[\"https:\\\/\\\/cafegransasso.com\\\/shop\\\/slim\\\/\"]}]},{\"@type\":\"ImageObject\",\"inLanguage\":\"fr-ca\",\"@id\":\"https:\\\/\\\/cafegransasso.com\\\/shop\\\/slim\\\/#primaryimage\",\"url\":\"https:\\\/\\\/cafegransasso.com\\\/wp-content\\\/uploads\\\/2022\\\/09\\\/Slim-Caffe-front-web-1-768x768-1.jpg\",\"contentUrl\":\"https:\\\/\\\/cafegransasso.com\\\/wp-content\\\/uploads\\\/2022\\\/09\\\/Slim-Caffe-front-web-1-768x768-1.jpg\",\"width\":768,\"height\":768},{\"@type\":\"BreadcrumbList\",\"@id\":\"https:\\\/\\\/cafegransasso.com\\\/shop\\\/slim\\\/#breadcrumb\",\"itemListElement\":[{\"@type\":\"ListItem\",\"position\":1,\"name\":\"Home\",\"item\":\"https:\\\/\\\/cafegransasso.com\\\/\"},{\"@type\":\"ListItem\",\"position\":2,\"name\":\"Shop\",\"item\":\"https:\\\/\\\/cafegransasso.com\\\/premium-office-coffee-and-accessories\\\/\"},{\"@type\":\"ListItem\",\"position\":3,\"name\":\"BELLUCCI SLIM CAFF\u00c8\"}]},{\"@type\":\"WebSite\",\"@id\":\"https:\\\/\\\/cafegransasso.com\\\/#website\",\"url\":\"https:\\\/\\\/cafegransasso.com\\\/\",\"name\":\"Cafe Gran Sasso\",\"description\":\"From Bean to Brew: Coffee Solutions for Businesses.\",\"publisher\":{\"@id\":\"https:\\\/\\\/cafegransasso.com\\\/#organization\"},\"potentialAction\":[{\"@type\":\"SearchAction\",\"target\":{\"@type\":\"EntryPoint\",\"urlTemplate\":\"https:\\\/\\\/cafegransasso.com\\\/?s={search_term_string}\"},\"query-input\":{\"@type\":\"PropertyValueSpecification\",\"valueRequired\":true,\"valueName\":\"search_term_string\"}}],\"inLanguage\":\"fr-ca\"},{\"@type\":\"Organization\",\"@id\":\"https:\\\/\\\/cafegransasso.com\\\/#organization\",\"name\":\"Cafe Gran Sasso\",\"url\":\"https:\\\/\\\/cafegransasso.com\\\/\",\"logo\":{\"@type\":\"ImageObject\",\"inLanguage\":\"fr-ca\",\"@id\":\"https:\\\/\\\/cafegransasso.com\\\/#\\\/schema\\\/logo\\\/image\\\/\",\"url\":\"https:\\\/\\\/cafegransasso.com\\\/wp-content\\\/uploads\\\/2024\\\/09\\\/GS-logo-Red-1-removebg-preview.png\",\"contentUrl\":\"https:\\\/\\\/cafegransasso.com\\\/wp-content\\\/uploads\\\/2024\\\/09\\\/GS-logo-Red-1-removebg-preview.png\",\"width\":360,\"height\":149,\"caption\":\"Cafe Gran Sasso\"},\"image\":{\"@id\":\"https:\\\/\\\/cafegransasso.com\\\/#\\\/schema\\\/logo\\\/image\\\/\"},\"sameAs\":[\"https:\\\/\\\/www.facebook.com\\\/CafeGranSasso\\\/\",\"https:\\\/\\\/www.instagram.com\\\/cafe_gransasso\\\/\"]}]}<\/script>\n<!-- \/ Yoast SEO plugin. -->","yoast_head_json":{"title":"BELLUCCI SLIM CAFF\u00c8 - Cafe Gran Sasso","robots":{"index":"index","follow":"follow","max-snippet":"max-snippet:-1","max-image-preview":"max-image-preview:large","max-video-preview":"max-video-preview:-1"},"canonical":"https:\/\/cafegransasso.com\/fr\/shop\/slim\/","og_locale":"fr_FR","og_type":"article","og_title":"BELLUCCI SLIM CAFF\u00c8 - Cafe Gran Sasso","og_description":"The Bellucci Slim is a compact and elegant bean-to-cup automatic espresso machines designed and developed in Italy. The Slim brings","og_url":"https:\/\/cafegransasso.com\/fr\/shop\/slim\/","og_site_name":"Cafe Gran Sasso","article_publisher":"https:\/\/www.facebook.com\/CafeGranSasso\/","article_modified_time":"2022-09-25T17:10:49+00:00","og_image":[{"width":768,"height":768,"url":"https:\/\/cafegransasso.com\/wp-content\/uploads\/2022\/09\/Slim-Caffe-front-web-1-768x768-1.jpg","type":"image\/jpeg"}],"twitter_card":"summary_large_image","twitter_misc":{"Est. reading time":"1 minute"},"schema":{"@context":"https:\/\/schema.org","@graph":[{"@type":"WebPage","@id":"https:\/\/cafegransasso.com\/shop\/slim\/","url":"https:\/\/cafegransasso.com\/shop\/slim\/","name":"BELLUCCI SLIM CAFF\u00c8 - Cafe Gran Sasso","isPartOf":{"@id":"https:\/\/cafegransasso.com\/#website"},"primaryImageOfPage":{"@id":"https:\/\/cafegransasso.com\/shop\/slim\/#primaryimage"},"image":{"@id":"https:\/\/cafegransasso.com\/shop\/slim\/#primaryimage"},"thumbnailUrl":"https:\/\/cafegransasso.com\/wp-content\/uploads\/2022\/09\/Slim-Caffe-front-web-1-768x768-1.jpg","datePublished":"2022-09-25T16:24:44+00:00","dateModified":"2022-09-25T17:10:49+00:00","breadcrumb":{"@id":"https:\/\/cafegransasso.com\/shop\/slim\/#breadcrumb"},"inLanguage":"fr-ca","potentialAction":[{"@type":"ReadAction","target":["https:\/\/cafegransasso.com\/shop\/slim\/"]}]},{"@type":"ImageObject","inLanguage":"fr-ca","@id":"https:\/\/cafegransasso.com\/shop\/slim\/#primaryimage","url":"https:\/\/cafegransasso.com\/wp-content\/uploads\/2022\/09\/Slim-Caffe-front-web-1-768x768-1.jpg","contentUrl":"https:\/\/cafegransasso.com\/wp-content\/uploads\/2022\/09\/Slim-Caffe-front-web-1-768x768-1.jpg","width":768,"height":768},{"@type":"BreadcrumbList","@id":"https:\/\/cafegransasso.com\/shop\/slim\/#breadcrumb","itemListElement":[{"@type":"ListItem","position":1,"name":"Home","item":"https:\/\/cafegransasso.com\/"},{"@type":"ListItem","position":2,"name":"Shop","item":"https:\/\/cafegransasso.com\/premium-office-coffee-and-accessories\/"},{"@type":"ListItem","position":3,"name":"BELLUCCI SLIM CAFF\u00c8"}]},{"@type":"WebSite","@id":"https:\/\/cafegransasso.com\/#website","url":"https:\/\/cafegransasso.com\/","name":"Cafe Gran Sasso","description":"From Bean to Brew: Coffee Solutions for Businesses.","publisher":{"@id":"https:\/\/cafegransasso.com\/#organization"},"potentialAction":[{"@type":"SearchAction","target":{"@type":"EntryPoint","urlTemplate":"https:\/\/cafegransasso.com\/?s={search_term_string}"},"query-input":{"@type":"PropertyValueSpecification","valueRequired":true,"valueName":"search_term_string"}}],"inLanguage":"fr-ca"},{"@type":"Organization","@id":"https:\/\/cafegransasso.com\/#organization","name":"Cafe Gran Sasso","url":"https:\/\/cafegransasso.com\/","logo":{"@type":"ImageObject","inLanguage":"fr-ca","@id":"https:\/\/cafegransasso.com\/#\/schema\/logo\/image\/","url":"https:\/\/cafegransasso.com\/wp-content\/uploads\/2024\/09\/GS-logo-Red-1-removebg-preview.png","contentUrl":"https:\/\/cafegransasso.com\/wp-content\/uploads\/2024\/09\/GS-logo-Red-1-removebg-preview.png","width":360,"height":149,"caption":"Cafe Gran Sasso"},"image":{"@id":"https:\/\/cafegransasso.com\/#\/schema\/logo\/image\/"},"sameAs":["https:\/\/www.facebook.com\/CafeGranSasso\/","https:\/\/www.instagram.com\/cafe_gransasso\/"]}]}},"_links":{"self":[{"href":"https:\/\/cafegransasso.com\/fr\/wp-json\/wp\/v2\/product\/13776","targetHints":{"allow":["GET"]}}],"collection":[{"href":"https:\/\/cafegransasso.com\/fr\/wp-json\/wp\/v2\/product"}],"about":[{"href":"https:\/\/cafegransasso.com\/fr\/wp-json\/wp\/v2\/types\/product"}],"replies":[{"embeddable":true,"href":"https:\/\/cafegransasso.com\/fr\/wp-json\/wp\/v2\/comments?post=13776"}],"version-history":[{"count":0,"href":"https:\/\/cafegransasso.com\/fr\/wp-json\/wp\/v2\/product\/13776\/revisions"}],"wp:featuredmedia":[{"embeddable":true,"href":"https:\/\/cafegransasso.com\/fr\/wp-json\/wp\/v2\/media\/13777"}],"wp:attachment":[{"href":"https:\/\/cafegransasso.com\/fr\/wp-json\/wp\/v2\/media?parent=13776"}],"wp:term":[{"taxonomy":"product_brand","embeddable":true,"href":"https:\/\/cafegransasso.com\/fr\/wp-json\/wp\/v2\/product_brand?post=13776"},{"taxonomy":"product_cat","embeddable":true,"href":"https:\/\/cafegransasso.com\/fr\/wp-json\/wp\/v2\/product_cat?post=13776"},{"taxonomy":"product_tag","embeddable":true,"href":"https:\/\/cafegransasso.com\/fr\/wp-json\/wp\/v2\/product_tag?post=13776"}],"curies":[{"name":"wp","href":"https:\/\/api.w.org\/{rel}","templated":true}]}}