{"id":13861,"date":"2023-04-20T09:13:11","date_gmt":"2023-04-20T13:13:11","guid":{"rendered":"https:\/\/www.cafegransasso.com\/?post_type=product&#038;p=13861"},"modified":"2025-01-22T15:05:42","modified_gmt":"2025-01-22T20:05:42","slug":"k4500","status":"publish","type":"product","link":"https:\/\/cafegransasso.com\/fr\/shop\/k4500\/","title":{"rendered":"Keurig\u00ae K4500 Machine \u00e0 Caf\u00e9 de Qualit\u00e9 Commerciale"},"content":{"rendered":"<p>Le syst\u00e8me de caf\u00e9 commercial K-4500 de Keurig pr\u00e9sente notre exp\u00e9rience de consommation la plus exceptionnelle \u00e0 ce jour. Avec deux tr\u00e9mies de poudre, l'une pour le lait et l'autre pour la vanille fran\u00e7aise ou le chocolat, le K-4500 peut fournir plus de 20 recettes diff\u00e9rentes, y compris des caf\u00e9s aromatis\u00e9s, des lattes, des cappuccinos, et plus encore. Avec BrewID pour les boissons sp\u00e9ciales, la K-4500 reconna\u00eet votre dosette K Cup et propose des r\u00e9glages d'infusion personnalis\u00e9s pour que chaque tasse soit d\u00e9licieuse. Vous pouvez personnaliser encore plus votre tasse parfaite gr\u00e2ce \u00e0 de multiples r\u00e9glages pour la force, la temp\u00e9rature et la taille de la tasse. Le K-4500 a \u00e9t\u00e9 con\u00e7u et d\u00e9velopp\u00e9 pour les zones \u00e0 forte fr\u00e9quentation, avec une infusion dos \u00e0 dos pour r\u00e9duire les temps d'arr\u00eat entre les infusions. Plus besoin de faire la queue pour obtenir votre caf\u00e9 au caf\u00e9 ; venez d\u00e9couvrir la nouvelle g\u00e9n\u00e9ration d'infusion Keurig.<\/p>\n<p class=\"caps\">","protected":false},"excerpt":{"rendered":"<p>Introducing the K-4500 Commercial Caf\u00e9 System by Keurig our most exceptional drinking experience yet. Offer a whole lot more for<\/p>","protected":false},"featured_media":13865,"comment_status":"open","ping_status":"closed","template":"","meta":[],"product_brand":[],"product_cat":[652],"product_tag":[735,912,307],"class_list":{"0":"post-13861","1":"product","2":"type-product","3":"status-publish","4":"has-post-thumbnail","6":"product_cat-keurig","7":"product_tag-commercial","8":"product_tag-k4500","9":"product_tag-keurig","11":"first","12":"instock","13":"taxable","14":"shipping-taxable","15":"purchasable","16":"product-type-simple"},"yoast_head":"<!-- This site is optimized with the Yoast SEO plugin v26.6 - https:\/\/yoast.com\/wordpress\/plugins\/seo\/ -->\n<title>Keurig\u00ae K4500 Commercial Brewing System - Cafe Gran Sasso<\/title>\n<meta name=\"robots\" content=\"index, follow, max-snippet:-1, max-image-preview:large, max-video-preview:-1\" \/>\n<link rel=\"canonical\" href=\"https:\/\/cafegransasso.com\/fr\/shop\/k4500\/\" \/>\n<meta property=\"og:locale\" content=\"fr_FR\" \/>\n<meta property=\"og:type\" content=\"article\" \/>\n<meta property=\"og:title\" content=\"Keurig\u00ae K4500 Commercial Brewing System - Cafe Gran Sasso\" \/>\n<meta property=\"og:description\" content=\"Introducing the K-4500 Commercial Caf\u00e9 System by Keurig our most exceptional drinking experience yet. Offer a whole lot more for\" \/>\n<meta property=\"og:url\" content=\"https:\/\/cafegransasso.com\/fr\/shop\/k4500\/\" \/>\n<meta property=\"og:site_name\" content=\"Cafe Gran Sasso\" \/>\n<meta property=\"article:publisher\" content=\"https:\/\/www.facebook.com\/CafeGranSasso\/\" \/>\n<meta property=\"article:modified_time\" content=\"2025-01-22T20:05:42+00:00\" \/>\n<meta property=\"og:image\" content=\"https:\/\/cafegransasso.com\/wp-content\/uploads\/2023\/04\/k4500_BREWER_isolated-767x1024.png\" \/>\n\t<meta property=\"og:image:width\" content=\"767\" \/>\n\t<meta property=\"og:image:height\" content=\"1024\" \/>\n\t<meta property=\"og:image:type\" content=\"image\/png\" \/>\n<meta name=\"twitter:card\" content=\"summary_large_image\" \/>\n<meta name=\"twitter:label1\" content=\"Est. reading time\" \/>\n\t<meta name=\"twitter:data1\" content=\"1 minute\" \/>\n<script type=\"application\/ld+json\" class=\"yoast-schema-graph\">{\"@context\":\"https:\/\/schema.org\",\"@graph\":[{\"@type\":\"WebPage\",\"@id\":\"https:\/\/cafegransasso.com\/fr\/shop\/k4500\/\",\"url\":\"https:\/\/cafegransasso.com\/fr\/shop\/k4500\/\",\"name\":\"Keurig\u00ae K4500 Commercial Brewing System - Cafe Gran Sasso\",\"isPartOf\":{\"@id\":\"https:\/\/cafegransasso.com\/#website\"},\"primaryImageOfPage\":{\"@id\":\"https:\/\/cafegransasso.com\/fr\/shop\/k4500\/#primaryimage\"},\"image\":{\"@id\":\"https:\/\/cafegransasso.com\/fr\/shop\/k4500\/#primaryimage\"},\"thumbnailUrl\":\"https:\/\/cafegransasso.com\/wp-content\/uploads\/2023\/04\/k4500_BREWER_isolated.png\",\"datePublished\":\"2023-04-20T13:13:11+00:00\",\"dateModified\":\"2025-01-22T20:05:42+00:00\",\"breadcrumb\":{\"@id\":\"https:\/\/cafegransasso.com\/fr\/shop\/k4500\/#breadcrumb\"},\"inLanguage\":\"fr-ca\",\"potentialAction\":[{\"@type\":\"ReadAction\",\"target\":[\"https:\/\/cafegransasso.com\/fr\/shop\/k4500\/\"]}]},{\"@type\":\"ImageObject\",\"inLanguage\":\"fr-ca\",\"@id\":\"https:\/\/cafegransasso.com\/fr\/shop\/k4500\/#primaryimage\",\"url\":\"https:\/\/cafegransasso.com\/wp-content\/uploads\/2023\/04\/k4500_BREWER_isolated.png\",\"contentUrl\":\"https:\/\/cafegransasso.com\/wp-content\/uploads\/2023\/04\/k4500_BREWER_isolated.png\",\"width\":2742,\"height\":3660},{\"@type\":\"BreadcrumbList\",\"@id\":\"https:\/\/cafegransasso.com\/fr\/shop\/k4500\/#breadcrumb\",\"itemListElement\":[{\"@type\":\"ListItem\",\"position\":1,\"name\":\"Home\",\"item\":\"https:\/\/cafegransasso.com\/\"},{\"@type\":\"ListItem\",\"position\":2,\"name\":\"Shop\",\"item\":\"https:\/\/cafegransasso.com\/premium-office-coffee-and-accessories\/\"},{\"@type\":\"ListItem\",\"position\":3,\"name\":\"Keurig\u00ae K4500 Commercial Brewing System\"}]},{\"@type\":\"WebSite\",\"@id\":\"https:\/\/cafegransasso.com\/#website\",\"url\":\"https:\/\/cafegransasso.com\/\",\"name\":\"Cafe Gran Sasso\",\"description\":\"From Bean to Brew: Coffee Solutions for Businesses.\",\"publisher\":{\"@id\":\"https:\/\/cafegransasso.com\/#organization\"},\"potentialAction\":[{\"@type\":\"SearchAction\",\"target\":{\"@type\":\"EntryPoint\",\"urlTemplate\":\"https:\/\/cafegransasso.com\/?s={search_term_string}\"},\"query-input\":{\"@type\":\"PropertyValueSpecification\",\"valueRequired\":true,\"valueName\":\"search_term_string\"}}],\"inLanguage\":\"fr-ca\"},{\"@type\":\"Organization\",\"@id\":\"https:\/\/cafegransasso.com\/#organization\",\"name\":\"Cafe Gran Sasso\",\"url\":\"https:\/\/cafegransasso.com\/\",\"logo\":{\"@type\":\"ImageObject\",\"inLanguage\":\"fr-ca\",\"@id\":\"https:\/\/cafegransasso.com\/#\/schema\/logo\/image\/\",\"url\":\"https:\/\/cafegransasso.com\/wp-content\/uploads\/2024\/09\/GS-logo-Red-1-removebg-preview.png\",\"contentUrl\":\"https:\/\/cafegransasso.com\/wp-content\/uploads\/2024\/09\/GS-logo-Red-1-removebg-preview.png\",\"width\":360,\"height\":149,\"caption\":\"Cafe Gran Sasso\"},\"image\":{\"@id\":\"https:\/\/cafegransasso.com\/#\/schema\/logo\/image\/\"},\"sameAs\":[\"https:\/\/www.facebook.com\/CafeGranSasso\/\",\"https:\/\/www.instagram.com\/cafe_gransasso\/\"]}]}<\/script>\n<!-- \/ Yoast SEO plugin. -->","yoast_head_json":{"title":"Keurig\u00ae K4500 Commercial Brewing System - Cafe Gran Sasso","robots":{"index":"index","follow":"follow","max-snippet":"max-snippet:-1","max-image-preview":"max-image-preview:large","max-video-preview":"max-video-preview:-1"},"canonical":"https:\/\/cafegransasso.com\/fr\/shop\/k4500\/","og_locale":"fr_FR","og_type":"article","og_title":"Keurig\u00ae K4500 Commercial Brewing System - Cafe Gran Sasso","og_description":"Introducing the K-4500 Commercial Caf\u00e9 System by Keurig our most exceptional drinking experience yet. Offer a whole lot more for","og_url":"https:\/\/cafegransasso.com\/fr\/shop\/k4500\/","og_site_name":"Cafe Gran Sasso","article_publisher":"https:\/\/www.facebook.com\/CafeGranSasso\/","article_modified_time":"2025-01-22T20:05:42+00:00","og_image":[{"width":767,"height":1024,"url":"https:\/\/cafegransasso.com\/wp-content\/uploads\/2023\/04\/k4500_BREWER_isolated-767x1024.png","type":"image\/png"}],"twitter_card":"summary_large_image","twitter_misc":{"Est. reading time":"1 minute"},"schema":{"@context":"https:\/\/schema.org","@graph":[{"@type":"WebPage","@id":"https:\/\/cafegransasso.com\/fr\/shop\/k4500\/","url":"https:\/\/cafegransasso.com\/fr\/shop\/k4500\/","name":"Keurig\u00ae K4500 Commercial Brewing System - Cafe Gran Sasso","isPartOf":{"@id":"https:\/\/cafegransasso.com\/#website"},"primaryImageOfPage":{"@id":"https:\/\/cafegransasso.com\/fr\/shop\/k4500\/#primaryimage"},"image":{"@id":"https:\/\/cafegransasso.com\/fr\/shop\/k4500\/#primaryimage"},"thumbnailUrl":"https:\/\/cafegransasso.com\/wp-content\/uploads\/2023\/04\/k4500_BREWER_isolated.png","datePublished":"2023-04-20T13:13:11+00:00","dateModified":"2025-01-22T20:05:42+00:00","breadcrumb":{"@id":"https:\/\/cafegransasso.com\/fr\/shop\/k4500\/#breadcrumb"},"inLanguage":"fr-ca","potentialAction":[{"@type":"ReadAction","target":["https:\/\/cafegransasso.com\/fr\/shop\/k4500\/"]}]},{"@type":"ImageObject","inLanguage":"fr-ca","@id":"https:\/\/cafegransasso.com\/fr\/shop\/k4500\/#primaryimage","url":"https:\/\/cafegransasso.com\/wp-content\/uploads\/2023\/04\/k4500_BREWER_isolated.png","contentUrl":"https:\/\/cafegransasso.com\/wp-content\/uploads\/2023\/04\/k4500_BREWER_isolated.png","width":2742,"height":3660},{"@type":"BreadcrumbList","@id":"https:\/\/cafegransasso.com\/fr\/shop\/k4500\/#breadcrumb","itemListElement":[{"@type":"ListItem","position":1,"name":"Home","item":"https:\/\/cafegransasso.com\/"},{"@type":"ListItem","position":2,"name":"Shop","item":"https:\/\/cafegransasso.com\/premium-office-coffee-and-accessories\/"},{"@type":"ListItem","position":3,"name":"Keurig\u00ae K4500 Commercial Brewing System"}]},{"@type":"WebSite","@id":"https:\/\/cafegransasso.com\/#website","url":"https:\/\/cafegransasso.com\/","name":"Cafe Gran Sasso","description":"From Bean to Brew: Coffee Solutions for Businesses.","publisher":{"@id":"https:\/\/cafegransasso.com\/#organization"},"potentialAction":[{"@type":"SearchAction","target":{"@type":"EntryPoint","urlTemplate":"https:\/\/cafegransasso.com\/?s={search_term_string}"},"query-input":{"@type":"PropertyValueSpecification","valueRequired":true,"valueName":"search_term_string"}}],"inLanguage":"fr-ca"},{"@type":"Organization","@id":"https:\/\/cafegransasso.com\/#organization","name":"Cafe Gran Sasso","url":"https:\/\/cafegransasso.com\/","logo":{"@type":"ImageObject","inLanguage":"fr-ca","@id":"https:\/\/cafegransasso.com\/#\/schema\/logo\/image\/","url":"https:\/\/cafegransasso.com\/wp-content\/uploads\/2024\/09\/GS-logo-Red-1-removebg-preview.png","contentUrl":"https:\/\/cafegransasso.com\/wp-content\/uploads\/2024\/09\/GS-logo-Red-1-removebg-preview.png","width":360,"height":149,"caption":"Cafe Gran Sasso"},"image":{"@id":"https:\/\/cafegransasso.com\/#\/schema\/logo\/image\/"},"sameAs":["https:\/\/www.facebook.com\/CafeGranSasso\/","https:\/\/www.instagram.com\/cafe_gransasso\/"]}]}},"_links":{"self":[{"href":"https:\/\/cafegransasso.com\/fr\/wp-json\/wp\/v2\/product\/13861","targetHints":{"allow":["GET"]}}],"collection":[{"href":"https:\/\/cafegransasso.com\/fr\/wp-json\/wp\/v2\/product"}],"about":[{"href":"https:\/\/cafegransasso.com\/fr\/wp-json\/wp\/v2\/types\/product"}],"replies":[{"embeddable":true,"href":"https:\/\/cafegransasso.com\/fr\/wp-json\/wp\/v2\/comments?post=13861"}],"version-history":[{"count":1,"href":"https:\/\/cafegransasso.com\/fr\/wp-json\/wp\/v2\/product\/13861\/revisions"}],"predecessor-version":[{"id":28453,"href":"https:\/\/cafegransasso.com\/fr\/wp-json\/wp\/v2\/product\/13861\/revisions\/28453"}],"wp:featuredmedia":[{"embeddable":true,"href":"https:\/\/cafegransasso.com\/fr\/wp-json\/wp\/v2\/media\/13865"}],"wp:attachment":[{"href":"https:\/\/cafegransasso.com\/fr\/wp-json\/wp\/v2\/media?parent=13861"}],"wp:term":[{"taxonomy":"product_brand","embeddable":true,"href":"https:\/\/cafegransasso.com\/fr\/wp-json\/wp\/v2\/product_brand?post=13861"},{"taxonomy":"product_cat","embeddable":true,"href":"https:\/\/cafegransasso.com\/fr\/wp-json\/wp\/v2\/product_cat?post=13861"},{"taxonomy":"product_tag","embeddable":true,"href":"https:\/\/cafegransasso.com\/fr\/wp-json\/wp\/v2\/product_tag?post=13861"}],"curies":[{"name":"wp","href":"https:\/\/api.w.org\/{rel}","templated":true}]}}