{"id":13910,"date":"2023-10-13T10:35:55","date_gmt":"2023-10-13T14:35:55","guid":{"rendered":"https:\/\/www.cafegransasso.com\/?post_type=product&#038;p=13910"},"modified":"2025-01-21T13:38:13","modified_gmt":"2025-01-21T18:38:13","slug":"cafe-forte-e-gentile-everest-espresso","status":"publish","type":"product","link":"https:\/\/cafegransasso.com\/fr\/shop\/cafe-forte-e-gentile-everest-espresso\/","title":{"rendered":"Caf\u00e9 Forte e Gentile, Everest &#8211; Espresso"},"content":{"rendered":"<p style=\"text-align: left\">Il est tout \u00e0 fait appropri\u00e9 que notre espresso le plus fonc\u00e9 et le plus audacieux porte le nom de la plus haute montagne de la plan\u00e8te, <strong>Everest<\/strong>. D\u00e9couvrez un espresso riche et cors\u00e9 avec des notes de fum\u00e9e et de chocolat noir qui transportera vos papilles gustatives au sommet de l'excellence et vous donnera envie de vous attaquer \u00e0 vos objectifs. Un m\u00e9lange d'espresso polyvalent qui peut \u00eatre infus\u00e9 \u00e0 l'aide d'une machine \u00e0 espresso, moka, french press ou goutte \u00e0 goutte.<\/p>\n<p><strong>Notes de d\u00e9gustation :<\/strong> Cuir de Toscane, tabac \u00e0 pipe et chocolat noir.<\/p>","protected":false},"excerpt":{"rendered":"<p>It is only fitting that our darkest and boldest espresso be named after the earth&#8217;s highest mountain, Everest. Experience a<\/p>","protected":false},"featured_media":27308,"comment_status":"open","ping_status":"closed","template":"","meta":[],"product_brand":[],"product_cat":[643],"product_tag":[419,635,523,879,524],"class_list":{"0":"post-13910","1":"product","2":"type-product","3":"status-publish","4":"has-post-thumbnail","6":"product_cat-coffee-beans","7":"product_tag-dark","8":"product_tag-dark-roast","9":"product_tag-espresso","10":"product_tag-fg","11":"product_tag-strong","13":"first","14":"instock","15":"featured","16":"purchasable","17":"product-type-variable","18":"has-default-attributes"},"yoast_head":"<!-- This site is optimized with the Yoast SEO plugin v27.3 - https:\/\/yoast.com\/product\/yoast-seo-wordpress\/ -->\n<title>Caf\u00e9 Forte e Gentile, Everest - Espresso - Cafe Gran Sasso<\/title>\n<meta name=\"robots\" content=\"index, follow, max-snippet:-1, max-image-preview:large, max-video-preview:-1\" \/>\n<link rel=\"canonical\" href=\"https:\/\/cafegransasso.com\/fr\/shop\/cafe-forte-e-gentile-everest-espresso\/\" \/>\n<meta property=\"og:locale\" content=\"fr_FR\" \/>\n<meta property=\"og:type\" content=\"article\" \/>\n<meta property=\"og:title\" content=\"Caf\u00e9 Forte e Gentile, Everest - Espresso - Cafe Gran Sasso\" \/>\n<meta property=\"og:description\" content=\"It is only fitting that our darkest and boldest espresso be named after the earth&#8217;s highest mountain, Everest. Experience a\" \/>\n<meta property=\"og:url\" content=\"https:\/\/cafegransasso.com\/fr\/shop\/cafe-forte-e-gentile-everest-espresso\/\" \/>\n<meta property=\"og:site_name\" content=\"Cafe Gran Sasso\" \/>\n<meta property=\"article:publisher\" content=\"https:\/\/www.facebook.com\/CafeGranSasso\/\" \/>\n<meta property=\"article:modified_time\" content=\"2025-01-21T18:38:13+00:00\" \/>\n<meta name=\"twitter:card\" content=\"summary_large_image\" \/>\n<script type=\"application\/ld+json\" class=\"yoast-schema-graph\">{\"@context\":\"https:\\\/\\\/schema.org\",\"@graph\":[{\"@type\":\"WebPage\",\"@id\":\"https:\\\/\\\/cafegransasso.com\\\/shop\\\/cafe-forte-e-gentile-everest-espresso\\\/\",\"url\":\"https:\\\/\\\/cafegransasso.com\\\/shop\\\/cafe-forte-e-gentile-everest-espresso\\\/\",\"name\":\"Caf\u00e9 Forte e Gentile, Everest - Espresso - Cafe Gran Sasso\",\"isPartOf\":{\"@id\":\"https:\\\/\\\/cafegransasso.com\\\/#website\"},\"primaryImageOfPage\":{\"@id\":\"https:\\\/\\\/cafegransasso.com\\\/shop\\\/cafe-forte-e-gentile-everest-espresso\\\/#primaryimage\"},\"image\":{\"@id\":\"https:\\\/\\\/cafegransasso.com\\\/shop\\\/cafe-forte-e-gentile-everest-espresso\\\/#primaryimage\"},\"thumbnailUrl\":\"https:\\\/\\\/cafegransasso.com\\\/wp-content\\\/uploads\\\/2023\\\/10\\\/everest.avif\",\"datePublished\":\"2023-10-13T14:35:55+00:00\",\"dateModified\":\"2025-01-21T18:38:13+00:00\",\"breadcrumb\":{\"@id\":\"https:\\\/\\\/cafegransasso.com\\\/shop\\\/cafe-forte-e-gentile-everest-espresso\\\/#breadcrumb\"},\"inLanguage\":\"fr-ca\",\"potentialAction\":[{\"@type\":\"ReadAction\",\"target\":[\"https:\\\/\\\/cafegransasso.com\\\/shop\\\/cafe-forte-e-gentile-everest-espresso\\\/\"]}]},{\"@type\":\"ImageObject\",\"inLanguage\":\"fr-ca\",\"@id\":\"https:\\\/\\\/cafegransasso.com\\\/shop\\\/cafe-forte-e-gentile-everest-espresso\\\/#primaryimage\",\"url\":\"https:\\\/\\\/cafegransasso.com\\\/wp-content\\\/uploads\\\/2023\\\/10\\\/everest.avif\",\"contentUrl\":\"https:\\\/\\\/cafegransasso.com\\\/wp-content\\\/uploads\\\/2023\\\/10\\\/everest.avif\",\"width\":719,\"height\":479},{\"@type\":\"BreadcrumbList\",\"@id\":\"https:\\\/\\\/cafegransasso.com\\\/shop\\\/cafe-forte-e-gentile-everest-espresso\\\/#breadcrumb\",\"itemListElement\":[{\"@type\":\"ListItem\",\"position\":1,\"name\":\"Home\",\"item\":\"https:\\\/\\\/cafegransasso.com\\\/\"},{\"@type\":\"ListItem\",\"position\":2,\"name\":\"Shop\",\"item\":\"https:\\\/\\\/cafegransasso.com\\\/premium-office-coffee-and-accessories\\\/\"},{\"@type\":\"ListItem\",\"position\":3,\"name\":\"Caf\u00e9 Forte e Gentile, Everest &#8211; Espresso\"}]},{\"@type\":\"WebSite\",\"@id\":\"https:\\\/\\\/cafegransasso.com\\\/#website\",\"url\":\"https:\\\/\\\/cafegransasso.com\\\/\",\"name\":\"Cafe Gran Sasso\",\"description\":\"From Bean to Brew: Coffee Solutions for Businesses.\",\"publisher\":{\"@id\":\"https:\\\/\\\/cafegransasso.com\\\/#organization\"},\"potentialAction\":[{\"@type\":\"SearchAction\",\"target\":{\"@type\":\"EntryPoint\",\"urlTemplate\":\"https:\\\/\\\/cafegransasso.com\\\/?s={search_term_string}\"},\"query-input\":{\"@type\":\"PropertyValueSpecification\",\"valueRequired\":true,\"valueName\":\"search_term_string\"}}],\"inLanguage\":\"fr-ca\"},{\"@type\":\"Organization\",\"@id\":\"https:\\\/\\\/cafegransasso.com\\\/#organization\",\"name\":\"Cafe Gran Sasso\",\"url\":\"https:\\\/\\\/cafegransasso.com\\\/\",\"logo\":{\"@type\":\"ImageObject\",\"inLanguage\":\"fr-ca\",\"@id\":\"https:\\\/\\\/cafegransasso.com\\\/#\\\/schema\\\/logo\\\/image\\\/\",\"url\":\"https:\\\/\\\/cafegransasso.com\\\/wp-content\\\/uploads\\\/2024\\\/09\\\/GS-logo-Red-1-removebg-preview.png\",\"contentUrl\":\"https:\\\/\\\/cafegransasso.com\\\/wp-content\\\/uploads\\\/2024\\\/09\\\/GS-logo-Red-1-removebg-preview.png\",\"width\":360,\"height\":149,\"caption\":\"Cafe Gran Sasso\"},\"image\":{\"@id\":\"https:\\\/\\\/cafegransasso.com\\\/#\\\/schema\\\/logo\\\/image\\\/\"},\"sameAs\":[\"https:\\\/\\\/www.facebook.com\\\/CafeGranSasso\\\/\",\"https:\\\/\\\/www.instagram.com\\\/cafe_gransasso\\\/\"]}]}<\/script>\n<!-- \/ Yoast SEO plugin. -->","yoast_head_json":{"title":"Caf\u00e9 Forte e Gentile, Everest - Espresso - Cafe Gran Sasso","robots":{"index":"index","follow":"follow","max-snippet":"max-snippet:-1","max-image-preview":"max-image-preview:large","max-video-preview":"max-video-preview:-1"},"canonical":"https:\/\/cafegransasso.com\/fr\/shop\/cafe-forte-e-gentile-everest-espresso\/","og_locale":"fr_FR","og_type":"article","og_title":"Caf\u00e9 Forte e Gentile, Everest - Espresso - Cafe Gran Sasso","og_description":"It is only fitting that our darkest and boldest espresso be named after the earth&#8217;s highest mountain, Everest. Experience a","og_url":"https:\/\/cafegransasso.com\/fr\/shop\/cafe-forte-e-gentile-everest-espresso\/","og_site_name":"Cafe Gran Sasso","article_publisher":"https:\/\/www.facebook.com\/CafeGranSasso\/","article_modified_time":"2025-01-21T18:38:13+00:00","twitter_card":"summary_large_image","schema":{"@context":"https:\/\/schema.org","@graph":[{"@type":"WebPage","@id":"https:\/\/cafegransasso.com\/shop\/cafe-forte-e-gentile-everest-espresso\/","url":"https:\/\/cafegransasso.com\/shop\/cafe-forte-e-gentile-everest-espresso\/","name":"Caf\u00e9 Forte e Gentile, Everest - Espresso - Cafe Gran Sasso","isPartOf":{"@id":"https:\/\/cafegransasso.com\/#website"},"primaryImageOfPage":{"@id":"https:\/\/cafegransasso.com\/shop\/cafe-forte-e-gentile-everest-espresso\/#primaryimage"},"image":{"@id":"https:\/\/cafegransasso.com\/shop\/cafe-forte-e-gentile-everest-espresso\/#primaryimage"},"thumbnailUrl":"https:\/\/cafegransasso.com\/wp-content\/uploads\/2023\/10\/everest.avif","datePublished":"2023-10-13T14:35:55+00:00","dateModified":"2025-01-21T18:38:13+00:00","breadcrumb":{"@id":"https:\/\/cafegransasso.com\/shop\/cafe-forte-e-gentile-everest-espresso\/#breadcrumb"},"inLanguage":"fr-ca","potentialAction":[{"@type":"ReadAction","target":["https:\/\/cafegransasso.com\/shop\/cafe-forte-e-gentile-everest-espresso\/"]}]},{"@type":"ImageObject","inLanguage":"fr-ca","@id":"https:\/\/cafegransasso.com\/shop\/cafe-forte-e-gentile-everest-espresso\/#primaryimage","url":"https:\/\/cafegransasso.com\/wp-content\/uploads\/2023\/10\/everest.avif","contentUrl":"https:\/\/cafegransasso.com\/wp-content\/uploads\/2023\/10\/everest.avif","width":719,"height":479},{"@type":"BreadcrumbList","@id":"https:\/\/cafegransasso.com\/shop\/cafe-forte-e-gentile-everest-espresso\/#breadcrumb","itemListElement":[{"@type":"ListItem","position":1,"name":"Home","item":"https:\/\/cafegransasso.com\/"},{"@type":"ListItem","position":2,"name":"Shop","item":"https:\/\/cafegransasso.com\/premium-office-coffee-and-accessories\/"},{"@type":"ListItem","position":3,"name":"Caf\u00e9 Forte e Gentile, Everest &#8211; Espresso"}]},{"@type":"WebSite","@id":"https:\/\/cafegransasso.com\/#website","url":"https:\/\/cafegransasso.com\/","name":"Cafe Gran Sasso","description":"From Bean to Brew: Coffee Solutions for Businesses.","publisher":{"@id":"https:\/\/cafegransasso.com\/#organization"},"potentialAction":[{"@type":"SearchAction","target":{"@type":"EntryPoint","urlTemplate":"https:\/\/cafegransasso.com\/?s={search_term_string}"},"query-input":{"@type":"PropertyValueSpecification","valueRequired":true,"valueName":"search_term_string"}}],"inLanguage":"fr-ca"},{"@type":"Organization","@id":"https:\/\/cafegransasso.com\/#organization","name":"Cafe Gran Sasso","url":"https:\/\/cafegransasso.com\/","logo":{"@type":"ImageObject","inLanguage":"fr-ca","@id":"https:\/\/cafegransasso.com\/#\/schema\/logo\/image\/","url":"https:\/\/cafegransasso.com\/wp-content\/uploads\/2024\/09\/GS-logo-Red-1-removebg-preview.png","contentUrl":"https:\/\/cafegransasso.com\/wp-content\/uploads\/2024\/09\/GS-logo-Red-1-removebg-preview.png","width":360,"height":149,"caption":"Cafe Gran Sasso"},"image":{"@id":"https:\/\/cafegransasso.com\/#\/schema\/logo\/image\/"},"sameAs":["https:\/\/www.facebook.com\/CafeGranSasso\/","https:\/\/www.instagram.com\/cafe_gransasso\/"]}]}},"_links":{"self":[{"href":"https:\/\/cafegransasso.com\/fr\/wp-json\/wp\/v2\/product\/13910","targetHints":{"allow":["GET"]}}],"collection":[{"href":"https:\/\/cafegransasso.com\/fr\/wp-json\/wp\/v2\/product"}],"about":[{"href":"https:\/\/cafegransasso.com\/fr\/wp-json\/wp\/v2\/types\/product"}],"replies":[{"embeddable":true,"href":"https:\/\/cafegransasso.com\/fr\/wp-json\/wp\/v2\/comments?post=13910"}],"version-history":[{"count":4,"href":"https:\/\/cafegransasso.com\/fr\/wp-json\/wp\/v2\/product\/13910\/revisions"}],"predecessor-version":[{"id":28370,"href":"https:\/\/cafegransasso.com\/fr\/wp-json\/wp\/v2\/product\/13910\/revisions\/28370"}],"wp:featuredmedia":[{"embeddable":true,"href":"https:\/\/cafegransasso.com\/fr\/wp-json\/wp\/v2\/media\/27308"}],"wp:attachment":[{"href":"https:\/\/cafegransasso.com\/fr\/wp-json\/wp\/v2\/media?parent=13910"}],"wp:term":[{"taxonomy":"product_brand","embeddable":true,"href":"https:\/\/cafegransasso.com\/fr\/wp-json\/wp\/v2\/product_brand?post=13910"},{"taxonomy":"product_cat","embeddable":true,"href":"https:\/\/cafegransasso.com\/fr\/wp-json\/wp\/v2\/product_cat?post=13910"},{"taxonomy":"product_tag","embeddable":true,"href":"https:\/\/cafegransasso.com\/fr\/wp-json\/wp\/v2\/product_tag?post=13910"}],"curies":[{"name":"wp","href":"https:\/\/api.w.org\/{rel}","templated":true}]}}