{"id":13945,"date":"2023-12-07T12:24:29","date_gmt":"2023-12-07T17:24:29","guid":{"rendered":"https:\/\/www.cafegransasso.com\/?post_type=product&#038;p=13945"},"modified":"2023-12-07T12:28:07","modified_gmt":"2023-12-07T17:28:07","slug":"marley-coffee-lively-up-espresso","status":"publish","type":"product","link":"https:\/\/cafegransasso.com\/fr\/shop\/marley-coffee-lively-up-espresso\/","title":{"rendered":"Marley Coffee\u00ae Lively Up Espresso"},"content":{"rendered":"<p>\u2022 Notes de d\u00e9gustation : Audacieux + Chocolat noir + Caramel<br \/>\n\u2022 Compatible avec les cafeti\u00e8res Keurig\u00ae K-Cup\u00ae.<br \/>\n\u2022 Certification: Biologique<br \/>\n\u2022 Ingr\u00e9dients : Caf\u00e9 Arabica<\/p>\n<p>Lively Up Yourself ! avec ce grand et audacieux espresso - un m\u00e9lange tout-puissant avec des notes subtiles de chocolat noir, de caramel et de cr\u00e8me au beurre. Les bonnes personnes se rassemblent et diffusent un message de bont\u00e9. C'est la fa\u00e7on de faire de Marley Coffee.<\/p>\n<p>D\u00e9sormais disponible en EcoCup, des capsules en plastique transparent faciles \u00e0 recycler. Le m\u00eame bon go\u00fbt dans un format respectueux de l'environnement. De plus, 1 cent pour chaque tasse vendue est directement affect\u00e9 au soutien d'initiatives en faveur de l'eau potable par l'interm\u00e9diaire de Water Wise Coffee.<\/p>\n<p>Marley Coffee\u00ae and RealCup\u00ae brands have no affiliation with Keurig Green Mountain Inc., Keurig\u00ae or K-Cup\u00ae. Keurig\u00ae and K-Cup\u00ae are registered trademarks of Keurig Green Mountain Inc<\/p>","protected":false},"excerpt":{"rendered":"<p>\u2022 Tasting Notes: Bold + Dark Chocolate + Caramel \u2022 Compatible for use with Keurig\u00ae K-Cup\u00ae Brewers \u2022 Certification: Organic<\/p>","protected":false},"featured_media":13947,"comment_status":"open","ping_status":"closed","template":"","meta":[],"product_brand":[],"product_cat":[641,191],"product_tag":[],"class_list":{"0":"post-13945","1":"product","2":"type-product","3":"status-publish","4":"has-post-thumbnail","6":"product_cat-single-serve","7":"product_cat-keurig-pods","9":"first","10":"instock","11":"purchasable","12":"product-type-simple"},"yoast_head":"<!-- This site is optimized with the Yoast SEO plugin v26.6 - https:\/\/yoast.com\/wordpress\/plugins\/seo\/ -->\n<title>Marley Coffee\u00ae Lively Up Espresso - Cafe Gran Sasso<\/title>\n<meta name=\"robots\" content=\"index, follow, max-snippet:-1, max-image-preview:large, max-video-preview:-1\" \/>\n<link rel=\"canonical\" href=\"https:\/\/cafegransasso.com\/fr\/shop\/marley-coffee-lively-up-espresso\/\" \/>\n<meta property=\"og:locale\" content=\"fr_FR\" \/>\n<meta property=\"og:type\" content=\"article\" \/>\n<meta property=\"og:title\" content=\"Marley Coffee\u00ae Lively Up Espresso - Cafe Gran Sasso\" \/>\n<meta property=\"og:description\" content=\"\u2022 Tasting Notes: Bold + Dark Chocolate + Caramel \u2022 Compatible for use with Keurig\u00ae K-Cup\u00ae Brewers \u2022 Certification: Organic\" \/>\n<meta property=\"og:url\" content=\"https:\/\/cafegransasso.com\/fr\/shop\/marley-coffee-lively-up-espresso\/\" \/>\n<meta property=\"og:site_name\" content=\"Cafe Gran Sasso\" \/>\n<meta property=\"article:publisher\" content=\"https:\/\/www.facebook.com\/CafeGranSasso\/\" \/>\n<meta property=\"article:modified_time\" content=\"2023-12-07T17:28:07+00:00\" \/>\n<meta property=\"og:image\" content=\"https:\/\/cafegransasso.com\/wp-content\/uploads\/2023\/12\/marley-lively-up-espresso-lid-300x300-1.png\" \/>\n\t<meta property=\"og:image:width\" content=\"300\" \/>\n\t<meta property=\"og:image:height\" content=\"300\" \/>\n\t<meta property=\"og:image:type\" content=\"image\/png\" \/>\n<meta name=\"twitter:card\" content=\"summary_large_image\" \/>\n<meta name=\"twitter:label1\" content=\"Est. reading time\" \/>\n\t<meta name=\"twitter:data1\" content=\"1 minute\" \/>\n<script type=\"application\/ld+json\" class=\"yoast-schema-graph\">{\"@context\":\"https:\/\/schema.org\",\"@graph\":[{\"@type\":\"WebPage\",\"@id\":\"https:\/\/cafegransasso.com\/shop\/marley-coffee-lively-up-espresso\/\",\"url\":\"https:\/\/cafegransasso.com\/shop\/marley-coffee-lively-up-espresso\/\",\"name\":\"Marley Coffee\u00ae Lively Up Espresso - Cafe Gran Sasso\",\"isPartOf\":{\"@id\":\"https:\/\/cafegransasso.com\/#website\"},\"primaryImageOfPage\":{\"@id\":\"https:\/\/cafegransasso.com\/shop\/marley-coffee-lively-up-espresso\/#primaryimage\"},\"image\":{\"@id\":\"https:\/\/cafegransasso.com\/shop\/marley-coffee-lively-up-espresso\/#primaryimage\"},\"thumbnailUrl\":\"https:\/\/cafegransasso.com\/wp-content\/uploads\/2023\/12\/marley-lively-up-espresso-lid-300x300-1.png\",\"datePublished\":\"2023-12-07T17:24:29+00:00\",\"dateModified\":\"2023-12-07T17:28:07+00:00\",\"breadcrumb\":{\"@id\":\"https:\/\/cafegransasso.com\/shop\/marley-coffee-lively-up-espresso\/#breadcrumb\"},\"inLanguage\":\"fr-ca\",\"potentialAction\":[{\"@type\":\"ReadAction\",\"target\":[\"https:\/\/cafegransasso.com\/shop\/marley-coffee-lively-up-espresso\/\"]}]},{\"@type\":\"ImageObject\",\"inLanguage\":\"fr-ca\",\"@id\":\"https:\/\/cafegransasso.com\/shop\/marley-coffee-lively-up-espresso\/#primaryimage\",\"url\":\"https:\/\/cafegransasso.com\/wp-content\/uploads\/2023\/12\/marley-lively-up-espresso-lid-300x300-1.png\",\"contentUrl\":\"https:\/\/cafegransasso.com\/wp-content\/uploads\/2023\/12\/marley-lively-up-espresso-lid-300x300-1.png\",\"width\":300,\"height\":300},{\"@type\":\"BreadcrumbList\",\"@id\":\"https:\/\/cafegransasso.com\/shop\/marley-coffee-lively-up-espresso\/#breadcrumb\",\"itemListElement\":[{\"@type\":\"ListItem\",\"position\":1,\"name\":\"Home\",\"item\":\"https:\/\/cafegransasso.com\/\"},{\"@type\":\"ListItem\",\"position\":2,\"name\":\"Shop\",\"item\":\"https:\/\/cafegransasso.com\/premium-office-coffee-and-accessories\/\"},{\"@type\":\"ListItem\",\"position\":3,\"name\":\"Marley Coffee\u00ae Lively Up Espresso\"}]},{\"@type\":\"WebSite\",\"@id\":\"https:\/\/cafegransasso.com\/#website\",\"url\":\"https:\/\/cafegransasso.com\/\",\"name\":\"Cafe Gran Sasso\",\"description\":\"From Bean to Brew: Coffee Solutions for Businesses.\",\"publisher\":{\"@id\":\"https:\/\/cafegransasso.com\/#organization\"},\"potentialAction\":[{\"@type\":\"SearchAction\",\"target\":{\"@type\":\"EntryPoint\",\"urlTemplate\":\"https:\/\/cafegransasso.com\/?s={search_term_string}\"},\"query-input\":{\"@type\":\"PropertyValueSpecification\",\"valueRequired\":true,\"valueName\":\"search_term_string\"}}],\"inLanguage\":\"fr-ca\"},{\"@type\":\"Organization\",\"@id\":\"https:\/\/cafegransasso.com\/#organization\",\"name\":\"Cafe Gran Sasso\",\"url\":\"https:\/\/cafegransasso.com\/\",\"logo\":{\"@type\":\"ImageObject\",\"inLanguage\":\"fr-ca\",\"@id\":\"https:\/\/cafegransasso.com\/#\/schema\/logo\/image\/\",\"url\":\"https:\/\/cafegransasso.com\/wp-content\/uploads\/2024\/09\/GS-logo-Red-1-removebg-preview.png\",\"contentUrl\":\"https:\/\/cafegransasso.com\/wp-content\/uploads\/2024\/09\/GS-logo-Red-1-removebg-preview.png\",\"width\":360,\"height\":149,\"caption\":\"Cafe Gran Sasso\"},\"image\":{\"@id\":\"https:\/\/cafegransasso.com\/#\/schema\/logo\/image\/\"},\"sameAs\":[\"https:\/\/www.facebook.com\/CafeGranSasso\/\",\"https:\/\/www.instagram.com\/cafe_gransasso\/\"]}]}<\/script>\n<!-- \/ Yoast SEO plugin. -->","yoast_head_json":{"title":"Marley Coffee\u00ae Lively Up Espresso - Cafe Gran Sasso","robots":{"index":"index","follow":"follow","max-snippet":"max-snippet:-1","max-image-preview":"max-image-preview:large","max-video-preview":"max-video-preview:-1"},"canonical":"https:\/\/cafegransasso.com\/fr\/shop\/marley-coffee-lively-up-espresso\/","og_locale":"fr_FR","og_type":"article","og_title":"Marley Coffee\u00ae Lively Up Espresso - Cafe Gran Sasso","og_description":"\u2022 Tasting Notes: Bold + Dark Chocolate + Caramel \u2022 Compatible for use with Keurig\u00ae K-Cup\u00ae Brewers \u2022 Certification: Organic","og_url":"https:\/\/cafegransasso.com\/fr\/shop\/marley-coffee-lively-up-espresso\/","og_site_name":"Cafe Gran Sasso","article_publisher":"https:\/\/www.facebook.com\/CafeGranSasso\/","article_modified_time":"2023-12-07T17:28:07+00:00","og_image":[{"width":300,"height":300,"url":"https:\/\/cafegransasso.com\/wp-content\/uploads\/2023\/12\/marley-lively-up-espresso-lid-300x300-1.png","type":"image\/png"}],"twitter_card":"summary_large_image","twitter_misc":{"Est. reading time":"1 minute"},"schema":{"@context":"https:\/\/schema.org","@graph":[{"@type":"WebPage","@id":"https:\/\/cafegransasso.com\/shop\/marley-coffee-lively-up-espresso\/","url":"https:\/\/cafegransasso.com\/shop\/marley-coffee-lively-up-espresso\/","name":"Marley Coffee\u00ae Lively Up Espresso - Cafe Gran Sasso","isPartOf":{"@id":"https:\/\/cafegransasso.com\/#website"},"primaryImageOfPage":{"@id":"https:\/\/cafegransasso.com\/shop\/marley-coffee-lively-up-espresso\/#primaryimage"},"image":{"@id":"https:\/\/cafegransasso.com\/shop\/marley-coffee-lively-up-espresso\/#primaryimage"},"thumbnailUrl":"https:\/\/cafegransasso.com\/wp-content\/uploads\/2023\/12\/marley-lively-up-espresso-lid-300x300-1.png","datePublished":"2023-12-07T17:24:29+00:00","dateModified":"2023-12-07T17:28:07+00:00","breadcrumb":{"@id":"https:\/\/cafegransasso.com\/shop\/marley-coffee-lively-up-espresso\/#breadcrumb"},"inLanguage":"fr-ca","potentialAction":[{"@type":"ReadAction","target":["https:\/\/cafegransasso.com\/shop\/marley-coffee-lively-up-espresso\/"]}]},{"@type":"ImageObject","inLanguage":"fr-ca","@id":"https:\/\/cafegransasso.com\/shop\/marley-coffee-lively-up-espresso\/#primaryimage","url":"https:\/\/cafegransasso.com\/wp-content\/uploads\/2023\/12\/marley-lively-up-espresso-lid-300x300-1.png","contentUrl":"https:\/\/cafegransasso.com\/wp-content\/uploads\/2023\/12\/marley-lively-up-espresso-lid-300x300-1.png","width":300,"height":300},{"@type":"BreadcrumbList","@id":"https:\/\/cafegransasso.com\/shop\/marley-coffee-lively-up-espresso\/#breadcrumb","itemListElement":[{"@type":"ListItem","position":1,"name":"Home","item":"https:\/\/cafegransasso.com\/"},{"@type":"ListItem","position":2,"name":"Shop","item":"https:\/\/cafegransasso.com\/premium-office-coffee-and-accessories\/"},{"@type":"ListItem","position":3,"name":"Marley Coffee\u00ae Lively Up Espresso"}]},{"@type":"WebSite","@id":"https:\/\/cafegransasso.com\/#website","url":"https:\/\/cafegransasso.com\/","name":"Cafe Gran Sasso","description":"From Bean to Brew: Coffee Solutions for Businesses.","publisher":{"@id":"https:\/\/cafegransasso.com\/#organization"},"potentialAction":[{"@type":"SearchAction","target":{"@type":"EntryPoint","urlTemplate":"https:\/\/cafegransasso.com\/?s={search_term_string}"},"query-input":{"@type":"PropertyValueSpecification","valueRequired":true,"valueName":"search_term_string"}}],"inLanguage":"fr-ca"},{"@type":"Organization","@id":"https:\/\/cafegransasso.com\/#organization","name":"Cafe Gran Sasso","url":"https:\/\/cafegransasso.com\/","logo":{"@type":"ImageObject","inLanguage":"fr-ca","@id":"https:\/\/cafegransasso.com\/#\/schema\/logo\/image\/","url":"https:\/\/cafegransasso.com\/wp-content\/uploads\/2024\/09\/GS-logo-Red-1-removebg-preview.png","contentUrl":"https:\/\/cafegransasso.com\/wp-content\/uploads\/2024\/09\/GS-logo-Red-1-removebg-preview.png","width":360,"height":149,"caption":"Cafe Gran Sasso"},"image":{"@id":"https:\/\/cafegransasso.com\/#\/schema\/logo\/image\/"},"sameAs":["https:\/\/www.facebook.com\/CafeGranSasso\/","https:\/\/www.instagram.com\/cafe_gransasso\/"]}]}},"_links":{"self":[{"href":"https:\/\/cafegransasso.com\/fr\/wp-json\/wp\/v2\/product\/13945","targetHints":{"allow":["GET"]}}],"collection":[{"href":"https:\/\/cafegransasso.com\/fr\/wp-json\/wp\/v2\/product"}],"about":[{"href":"https:\/\/cafegransasso.com\/fr\/wp-json\/wp\/v2\/types\/product"}],"replies":[{"embeddable":true,"href":"https:\/\/cafegransasso.com\/fr\/wp-json\/wp\/v2\/comments?post=13945"}],"version-history":[{"count":0,"href":"https:\/\/cafegransasso.com\/fr\/wp-json\/wp\/v2\/product\/13945\/revisions"}],"wp:featuredmedia":[{"embeddable":true,"href":"https:\/\/cafegransasso.com\/fr\/wp-json\/wp\/v2\/media\/13947"}],"wp:attachment":[{"href":"https:\/\/cafegransasso.com\/fr\/wp-json\/wp\/v2\/media?parent=13945"}],"wp:term":[{"taxonomy":"product_brand","embeddable":true,"href":"https:\/\/cafegransasso.com\/fr\/wp-json\/wp\/v2\/product_brand?post=13945"},{"taxonomy":"product_cat","embeddable":true,"href":"https:\/\/cafegransasso.com\/fr\/wp-json\/wp\/v2\/product_cat?post=13945"},{"taxonomy":"product_tag","embeddable":true,"href":"https:\/\/cafegransasso.com\/fr\/wp-json\/wp\/v2\/product_tag?post=13945"}],"curies":[{"name":"wp","href":"https:\/\/api.w.org\/{rel}","templated":true}]}}