{"id":13953,"date":"2023-12-07T12:55:42","date_gmt":"2023-12-07T17:55:42","guid":{"rendered":"https:\/\/www.cafegransasso.com\/?post_type=product&#038;p=13953"},"modified":"2023-12-07T13:01:28","modified_gmt":"2023-12-07T18:01:28","slug":"marley-coffee-buffalo-soldier","status":"publish","type":"product","link":"https:\/\/cafegransasso.com\/fr\/shop\/marley-coffee-buffalo-soldier\/","title":{"rendered":"Marley Coffee\u00ae Buffalo Soldier"},"content":{"rendered":"<p>\u2022 Notes de d\u00e9gustation : Riche + robuste + cr\u00e8me au chocolat<br \/>\n\u2022 Compatible avec les cafeti\u00e8res Keurig\u00ae K-Cup\u00ae.<br \/>\n\u2022 Certification : Rainforest Alliance Certified\u2122<br \/>\n\u2022 Ingr\u00e9dients : Caf\u00e9 Arabica<\/p>\n<p>Ce m\u00e9lange terreux est plein d'\u00e2me, fum\u00e9 et d\u00e9licieusement doux, tout comme l'original 7\" Buffalo Soldier LP. Une saveur excellente, nuanc\u00e9e par des notes de cr\u00e8me au chocolat et des nuances de citron, avec une finale riche et persistante - cette tasse lib\u00e9ratrice vous laissera sur votre faim.<\/p>\n<p>D\u00e9sormais disponible en EcoCup, des capsules en plastique transparent faciles \u00e0 recycler. Le m\u00eame bon go\u00fbt dans un format respectueux de l'environnement. De plus, 1 cent pour chaque tasse vendue est directement affect\u00e9 au soutien d'initiatives en faveur de l'eau potable par l'interm\u00e9diaire de Water Wise Coffee.<\/p>\n<p>Les marques Marley Coffee\u00ae et RealCup\u00ae n'ont aucune affiliation avec Keurig Green Mountain Inc, Keurig\u00ae ou K-Cup\u00ae. Keurig\u00ae et K-Cup\u00ae sont des marques d\u00e9pos\u00e9es de Keurig Green Mountain Inc.<\/p>","protected":false},"excerpt":{"rendered":"<p>\u2022 Tasting Notes: Rich + Robust + Chocolate Cream \u2022 Compatible for use with Keurig\u00ae K-Cup\u00ae Brewers \u2022 Certification: Rainforest<\/p>","protected":false},"featured_media":13955,"comment_status":"open","ping_status":"closed","template":"","meta":[],"product_brand":[],"product_cat":[641,191],"product_tag":[],"class_list":{"0":"post-13953","1":"product","2":"type-product","3":"status-publish","4":"has-post-thumbnail","6":"product_cat-single-serve","7":"product_cat-keurig-pods","9":"first","10":"instock","11":"purchasable","12":"product-type-simple"},"yoast_head":"<!-- This site is optimized with the Yoast SEO plugin v26.6 - https:\/\/yoast.com\/wordpress\/plugins\/seo\/ -->\n<title>Marley Coffee\u00ae Buffalo Soldier - Cafe Gran Sasso<\/title>\n<meta name=\"robots\" content=\"index, follow, max-snippet:-1, max-image-preview:large, max-video-preview:-1\" \/>\n<link rel=\"canonical\" href=\"https:\/\/cafegransasso.com\/fr\/shop\/marley-coffee-buffalo-soldier\/\" \/>\n<meta property=\"og:locale\" content=\"fr_FR\" \/>\n<meta property=\"og:type\" content=\"article\" \/>\n<meta property=\"og:title\" content=\"Marley Coffee\u00ae Buffalo Soldier - Cafe Gran Sasso\" \/>\n<meta property=\"og:description\" content=\"\u2022 Tasting Notes: Rich + Robust + Chocolate Cream \u2022 Compatible for use with Keurig\u00ae K-Cup\u00ae Brewers \u2022 Certification: Rainforest\" \/>\n<meta property=\"og:url\" content=\"https:\/\/cafegransasso.com\/fr\/shop\/marley-coffee-buffalo-soldier\/\" \/>\n<meta property=\"og:site_name\" content=\"Cafe Gran Sasso\" \/>\n<meta property=\"article:publisher\" content=\"https:\/\/www.facebook.com\/CafeGranSasso\/\" \/>\n<meta property=\"article:modified_time\" content=\"2023-12-07T18:01:28+00:00\" \/>\n<meta property=\"og:image\" content=\"https:\/\/cafegransasso.com\/wp-content\/uploads\/2023\/12\/marley-buffalo-soldier-lid-300x300-1.png\" \/>\n\t<meta property=\"og:image:width\" content=\"300\" \/>\n\t<meta property=\"og:image:height\" content=\"300\" \/>\n\t<meta property=\"og:image:type\" content=\"image\/png\" \/>\n<meta name=\"twitter:card\" content=\"summary_large_image\" \/>\n<meta name=\"twitter:label1\" content=\"Est. reading time\" \/>\n\t<meta name=\"twitter:data1\" content=\"1 minute\" \/>\n<script type=\"application\/ld+json\" class=\"yoast-schema-graph\">{\"@context\":\"https:\/\/schema.org\",\"@graph\":[{\"@type\":\"WebPage\",\"@id\":\"https:\/\/cafegransasso.com\/shop\/marley-coffee-buffalo-soldier\/\",\"url\":\"https:\/\/cafegransasso.com\/shop\/marley-coffee-buffalo-soldier\/\",\"name\":\"Marley Coffee\u00ae Buffalo Soldier - Cafe Gran Sasso\",\"isPartOf\":{\"@id\":\"https:\/\/cafegransasso.com\/#website\"},\"primaryImageOfPage\":{\"@id\":\"https:\/\/cafegransasso.com\/shop\/marley-coffee-buffalo-soldier\/#primaryimage\"},\"image\":{\"@id\":\"https:\/\/cafegransasso.com\/shop\/marley-coffee-buffalo-soldier\/#primaryimage\"},\"thumbnailUrl\":\"https:\/\/cafegransasso.com\/wp-content\/uploads\/2023\/12\/marley-buffalo-soldier-lid-300x300-1.png\",\"datePublished\":\"2023-12-07T17:55:42+00:00\",\"dateModified\":\"2023-12-07T18:01:28+00:00\",\"breadcrumb\":{\"@id\":\"https:\/\/cafegransasso.com\/shop\/marley-coffee-buffalo-soldier\/#breadcrumb\"},\"inLanguage\":\"fr-ca\",\"potentialAction\":[{\"@type\":\"ReadAction\",\"target\":[\"https:\/\/cafegransasso.com\/shop\/marley-coffee-buffalo-soldier\/\"]}]},{\"@type\":\"ImageObject\",\"inLanguage\":\"fr-ca\",\"@id\":\"https:\/\/cafegransasso.com\/shop\/marley-coffee-buffalo-soldier\/#primaryimage\",\"url\":\"https:\/\/cafegransasso.com\/wp-content\/uploads\/2023\/12\/marley-buffalo-soldier-lid-300x300-1.png\",\"contentUrl\":\"https:\/\/cafegransasso.com\/wp-content\/uploads\/2023\/12\/marley-buffalo-soldier-lid-300x300-1.png\",\"width\":300,\"height\":300},{\"@type\":\"BreadcrumbList\",\"@id\":\"https:\/\/cafegransasso.com\/shop\/marley-coffee-buffalo-soldier\/#breadcrumb\",\"itemListElement\":[{\"@type\":\"ListItem\",\"position\":1,\"name\":\"Home\",\"item\":\"https:\/\/cafegransasso.com\/\"},{\"@type\":\"ListItem\",\"position\":2,\"name\":\"Shop\",\"item\":\"https:\/\/cafegransasso.com\/premium-office-coffee-and-accessories\/\"},{\"@type\":\"ListItem\",\"position\":3,\"name\":\"Marley Coffee\u00ae Buffalo Soldier\"}]},{\"@type\":\"WebSite\",\"@id\":\"https:\/\/cafegransasso.com\/#website\",\"url\":\"https:\/\/cafegransasso.com\/\",\"name\":\"Cafe Gran Sasso\",\"description\":\"From Bean to Brew: Coffee Solutions for Businesses.\",\"publisher\":{\"@id\":\"https:\/\/cafegransasso.com\/#organization\"},\"potentialAction\":[{\"@type\":\"SearchAction\",\"target\":{\"@type\":\"EntryPoint\",\"urlTemplate\":\"https:\/\/cafegransasso.com\/?s={search_term_string}\"},\"query-input\":{\"@type\":\"PropertyValueSpecification\",\"valueRequired\":true,\"valueName\":\"search_term_string\"}}],\"inLanguage\":\"fr-ca\"},{\"@type\":\"Organization\",\"@id\":\"https:\/\/cafegransasso.com\/#organization\",\"name\":\"Cafe Gran Sasso\",\"url\":\"https:\/\/cafegransasso.com\/\",\"logo\":{\"@type\":\"ImageObject\",\"inLanguage\":\"fr-ca\",\"@id\":\"https:\/\/cafegransasso.com\/#\/schema\/logo\/image\/\",\"url\":\"https:\/\/cafegransasso.com\/wp-content\/uploads\/2024\/09\/GS-logo-Red-1-removebg-preview.png\",\"contentUrl\":\"https:\/\/cafegransasso.com\/wp-content\/uploads\/2024\/09\/GS-logo-Red-1-removebg-preview.png\",\"width\":360,\"height\":149,\"caption\":\"Cafe Gran Sasso\"},\"image\":{\"@id\":\"https:\/\/cafegransasso.com\/#\/schema\/logo\/image\/\"},\"sameAs\":[\"https:\/\/www.facebook.com\/CafeGranSasso\/\",\"https:\/\/www.instagram.com\/cafe_gransasso\/\"]}]}<\/script>\n<!-- \/ Yoast SEO plugin. -->","yoast_head_json":{"title":"Marley Coffee\u00ae Buffalo Soldier - Cafe Gran Sasso","robots":{"index":"index","follow":"follow","max-snippet":"max-snippet:-1","max-image-preview":"max-image-preview:large","max-video-preview":"max-video-preview:-1"},"canonical":"https:\/\/cafegransasso.com\/fr\/shop\/marley-coffee-buffalo-soldier\/","og_locale":"fr_FR","og_type":"article","og_title":"Marley Coffee\u00ae Buffalo Soldier - Cafe Gran Sasso","og_description":"\u2022 Tasting Notes: Rich + Robust + Chocolate Cream \u2022 Compatible for use with Keurig\u00ae K-Cup\u00ae Brewers \u2022 Certification: Rainforest","og_url":"https:\/\/cafegransasso.com\/fr\/shop\/marley-coffee-buffalo-soldier\/","og_site_name":"Cafe Gran Sasso","article_publisher":"https:\/\/www.facebook.com\/CafeGranSasso\/","article_modified_time":"2023-12-07T18:01:28+00:00","og_image":[{"width":300,"height":300,"url":"https:\/\/cafegransasso.com\/wp-content\/uploads\/2023\/12\/marley-buffalo-soldier-lid-300x300-1.png","type":"image\/png"}],"twitter_card":"summary_large_image","twitter_misc":{"Est. reading time":"1 minute"},"schema":{"@context":"https:\/\/schema.org","@graph":[{"@type":"WebPage","@id":"https:\/\/cafegransasso.com\/shop\/marley-coffee-buffalo-soldier\/","url":"https:\/\/cafegransasso.com\/shop\/marley-coffee-buffalo-soldier\/","name":"Marley Coffee\u00ae Buffalo Soldier - Cafe Gran Sasso","isPartOf":{"@id":"https:\/\/cafegransasso.com\/#website"},"primaryImageOfPage":{"@id":"https:\/\/cafegransasso.com\/shop\/marley-coffee-buffalo-soldier\/#primaryimage"},"image":{"@id":"https:\/\/cafegransasso.com\/shop\/marley-coffee-buffalo-soldier\/#primaryimage"},"thumbnailUrl":"https:\/\/cafegransasso.com\/wp-content\/uploads\/2023\/12\/marley-buffalo-soldier-lid-300x300-1.png","datePublished":"2023-12-07T17:55:42+00:00","dateModified":"2023-12-07T18:01:28+00:00","breadcrumb":{"@id":"https:\/\/cafegransasso.com\/shop\/marley-coffee-buffalo-soldier\/#breadcrumb"},"inLanguage":"fr-ca","potentialAction":[{"@type":"ReadAction","target":["https:\/\/cafegransasso.com\/shop\/marley-coffee-buffalo-soldier\/"]}]},{"@type":"ImageObject","inLanguage":"fr-ca","@id":"https:\/\/cafegransasso.com\/shop\/marley-coffee-buffalo-soldier\/#primaryimage","url":"https:\/\/cafegransasso.com\/wp-content\/uploads\/2023\/12\/marley-buffalo-soldier-lid-300x300-1.png","contentUrl":"https:\/\/cafegransasso.com\/wp-content\/uploads\/2023\/12\/marley-buffalo-soldier-lid-300x300-1.png","width":300,"height":300},{"@type":"BreadcrumbList","@id":"https:\/\/cafegransasso.com\/shop\/marley-coffee-buffalo-soldier\/#breadcrumb","itemListElement":[{"@type":"ListItem","position":1,"name":"Home","item":"https:\/\/cafegransasso.com\/"},{"@type":"ListItem","position":2,"name":"Shop","item":"https:\/\/cafegransasso.com\/premium-office-coffee-and-accessories\/"},{"@type":"ListItem","position":3,"name":"Marley Coffee\u00ae Buffalo Soldier"}]},{"@type":"WebSite","@id":"https:\/\/cafegransasso.com\/#website","url":"https:\/\/cafegransasso.com\/","name":"Cafe Gran Sasso","description":"From Bean to Brew: Coffee Solutions for Businesses.","publisher":{"@id":"https:\/\/cafegransasso.com\/#organization"},"potentialAction":[{"@type":"SearchAction","target":{"@type":"EntryPoint","urlTemplate":"https:\/\/cafegransasso.com\/?s={search_term_string}"},"query-input":{"@type":"PropertyValueSpecification","valueRequired":true,"valueName":"search_term_string"}}],"inLanguage":"fr-ca"},{"@type":"Organization","@id":"https:\/\/cafegransasso.com\/#organization","name":"Cafe Gran Sasso","url":"https:\/\/cafegransasso.com\/","logo":{"@type":"ImageObject","inLanguage":"fr-ca","@id":"https:\/\/cafegransasso.com\/#\/schema\/logo\/image\/","url":"https:\/\/cafegransasso.com\/wp-content\/uploads\/2024\/09\/GS-logo-Red-1-removebg-preview.png","contentUrl":"https:\/\/cafegransasso.com\/wp-content\/uploads\/2024\/09\/GS-logo-Red-1-removebg-preview.png","width":360,"height":149,"caption":"Cafe Gran Sasso"},"image":{"@id":"https:\/\/cafegransasso.com\/#\/schema\/logo\/image\/"},"sameAs":["https:\/\/www.facebook.com\/CafeGranSasso\/","https:\/\/www.instagram.com\/cafe_gransasso\/"]}]}},"_links":{"self":[{"href":"https:\/\/cafegransasso.com\/fr\/wp-json\/wp\/v2\/product\/13953","targetHints":{"allow":["GET"]}}],"collection":[{"href":"https:\/\/cafegransasso.com\/fr\/wp-json\/wp\/v2\/product"}],"about":[{"href":"https:\/\/cafegransasso.com\/fr\/wp-json\/wp\/v2\/types\/product"}],"replies":[{"embeddable":true,"href":"https:\/\/cafegransasso.com\/fr\/wp-json\/wp\/v2\/comments?post=13953"}],"version-history":[{"count":0,"href":"https:\/\/cafegransasso.com\/fr\/wp-json\/wp\/v2\/product\/13953\/revisions"}],"wp:featuredmedia":[{"embeddable":true,"href":"https:\/\/cafegransasso.com\/fr\/wp-json\/wp\/v2\/media\/13955"}],"wp:attachment":[{"href":"https:\/\/cafegransasso.com\/fr\/wp-json\/wp\/v2\/media?parent=13953"}],"wp:term":[{"taxonomy":"product_brand","embeddable":true,"href":"https:\/\/cafegransasso.com\/fr\/wp-json\/wp\/v2\/product_brand?post=13953"},{"taxonomy":"product_cat","embeddable":true,"href":"https:\/\/cafegransasso.com\/fr\/wp-json\/wp\/v2\/product_cat?post=13953"},{"taxonomy":"product_tag","embeddable":true,"href":"https:\/\/cafegransasso.com\/fr\/wp-json\/wp\/v2\/product_tag?post=13953"}],"curies":[{"name":"wp","href":"https:\/\/api.w.org\/{rel}","templated":true}]}}