{"id":13969,"date":"2023-12-07T13:23:15","date_gmt":"2023-12-07T18:23:15","guid":{"rendered":"https:\/\/www.cafegransasso.com\/?post_type=product&#038;p=13969"},"modified":"2025-08-15T12:59:13","modified_gmt":"2025-08-15T16:59:13","slug":"grove-square-french-vanilla-single-serve-cappuccino","status":"publish","type":"product","link":"https:\/\/cafegransasso.com\/fr\/shop\/grove-square-french-vanilla-single-serve-cappuccino\/","title":{"rendered":"Grove Square Cappuccino \u00e0 la vanille fran\u00e7aise en portion individuelle"},"content":{"rendered":"<p>Cr\u00e9meux, fumant et un peu r\u00eaveur, le cappuccino est le caf\u00e9 que vous pouvez appeler le v\u00f4tre, \u00e0 tout moment de la journ\u00e9e, tous les jours. Avec l'ar\u00f4me et le go\u00fbt stimulants de la vanille, Grove Square French Vanilla Cappuccino est le parfait remontant qui met en valeur les saveurs audacieuses de la vanille et du caf\u00e9 en parfaite harmonie.<\/p>\n<p>Compatible avec les cafeti\u00e8res Keurig\u00ae K-Cup\u00ae (y compris Keurig\u00ae 2.0).<br \/>\nBoisson au cappuccino.<\/p>\n<p>24 capsules par bo\u00eete.<\/p>\n<p>INGR\u00c9DIENTS :<br \/>\nHuile v\u00e9g\u00e9tale hydrog\u00e9n\u00e9e et\/ou huile de coco hydrog\u00e9n\u00e9e et\/ou huile de palme hydrog\u00e9n\u00e9e, sucre, extraits secs de glucose, caf\u00e9 instantan\u00e9, sel, cas\u00e9inate de sodium, ar\u00f4mes artificiels, cacao, amidon de ma\u00efs, phosphate dipotassique, mono- et diglyc\u00e9rides, dioxyde de silicium, sucralose, st\u00e9aroyl-2-lactylate de sodium, l\u00e9cithine de soja, colorant (contient du rocou). Contient : Lait, soja.<\/p>","protected":false},"excerpt":{"rendered":"<p>Creamy, steamy and a little dreamy, cappuccino is the coffee treat you can call your own, any time of day,<\/p>","protected":false},"featured_media":13985,"comment_status":"open","ping_status":"closed","template":"","meta":[],"product_brand":[],"product_cat":[641,191,656],"product_tag":[],"class_list":{"0":"post-13969","1":"product","2":"type-product","3":"status-publish","4":"has-post-thumbnail","6":"product_cat-single-serve","7":"product_cat-keurig-pods","8":"product_cat-bulk-deals","10":"first","11":"instock","12":"shipping-taxable","13":"purchasable","14":"product-type-variable"},"yoast_head":"<!-- This site is optimized with the Yoast SEO plugin v26.6 - https:\/\/yoast.com\/wordpress\/plugins\/seo\/ -->\n<title>Grove Square French Vanilla Single Serve Cappuccino - Cafe Gran Sasso<\/title>\n<meta name=\"robots\" content=\"index, follow, max-snippet:-1, max-image-preview:large, max-video-preview:-1\" \/>\n<link rel=\"canonical\" href=\"https:\/\/cafegransasso.com\/fr\/shop\/grove-square-french-vanilla-single-serve-cappuccino\/\" \/>\n<meta property=\"og:locale\" content=\"fr_FR\" \/>\n<meta property=\"og:type\" content=\"article\" \/>\n<meta property=\"og:title\" content=\"Grove Square French Vanilla Single Serve Cappuccino - Cafe Gran Sasso\" \/>\n<meta property=\"og:description\" content=\"Creamy, steamy and a little dreamy, cappuccino is the coffee treat you can call your own, any time of day,\" \/>\n<meta property=\"og:url\" content=\"https:\/\/cafegransasso.com\/fr\/shop\/grove-square-french-vanilla-single-serve-cappuccino\/\" \/>\n<meta property=\"og:site_name\" content=\"Cafe Gran Sasso\" \/>\n<meta property=\"article:publisher\" content=\"https:\/\/www.facebook.com\/CafeGranSasso\/\" \/>\n<meta property=\"article:modified_time\" content=\"2025-08-15T16:59:13+00:00\" \/>\n<meta property=\"og:image\" content=\"https:\/\/cafegransasso.com\/wp-content\/uploads\/2023\/12\/grove-square-french-vanilla-cappuccino1_900x.webp\" \/>\n\t<meta property=\"og:image:width\" content=\"900\" \/>\n\t<meta property=\"og:image:height\" content=\"900\" \/>\n\t<meta property=\"og:image:type\" content=\"image\/webp\" \/>\n<meta name=\"twitter:card\" content=\"summary_large_image\" \/>\n<meta name=\"twitter:label1\" content=\"Est. reading time\" \/>\n\t<meta name=\"twitter:data1\" content=\"1 minute\" \/>\n<script type=\"application\/ld+json\" class=\"yoast-schema-graph\">{\"@context\":\"https:\/\/schema.org\",\"@graph\":[{\"@type\":\"WebPage\",\"@id\":\"https:\/\/cafegransasso.com\/shop\/grove-square-french-vanilla-single-serve-cappuccino\/\",\"url\":\"https:\/\/cafegransasso.com\/shop\/grove-square-french-vanilla-single-serve-cappuccino\/\",\"name\":\"Grove Square French Vanilla Single Serve Cappuccino - Cafe Gran Sasso\",\"isPartOf\":{\"@id\":\"https:\/\/cafegransasso.com\/#website\"},\"primaryImageOfPage\":{\"@id\":\"https:\/\/cafegransasso.com\/shop\/grove-square-french-vanilla-single-serve-cappuccino\/#primaryimage\"},\"image\":{\"@id\":\"https:\/\/cafegransasso.com\/shop\/grove-square-french-vanilla-single-serve-cappuccino\/#primaryimage\"},\"thumbnailUrl\":\"https:\/\/cafegransasso.com\/wp-content\/uploads\/2023\/12\/grove-square-french-vanilla-cappuccino1_900x.webp\",\"datePublished\":\"2023-12-07T18:23:15+00:00\",\"dateModified\":\"2025-08-15T16:59:13+00:00\",\"breadcrumb\":{\"@id\":\"https:\/\/cafegransasso.com\/shop\/grove-square-french-vanilla-single-serve-cappuccino\/#breadcrumb\"},\"inLanguage\":\"fr-ca\",\"potentialAction\":[{\"@type\":\"ReadAction\",\"target\":[\"https:\/\/cafegransasso.com\/shop\/grove-square-french-vanilla-single-serve-cappuccino\/\"]}]},{\"@type\":\"ImageObject\",\"inLanguage\":\"fr-ca\",\"@id\":\"https:\/\/cafegransasso.com\/shop\/grove-square-french-vanilla-single-serve-cappuccino\/#primaryimage\",\"url\":\"https:\/\/cafegransasso.com\/wp-content\/uploads\/2023\/12\/grove-square-french-vanilla-cappuccino1_900x.webp\",\"contentUrl\":\"https:\/\/cafegransasso.com\/wp-content\/uploads\/2023\/12\/grove-square-french-vanilla-cappuccino1_900x.webp\",\"width\":900,\"height\":900},{\"@type\":\"BreadcrumbList\",\"@id\":\"https:\/\/cafegransasso.com\/shop\/grove-square-french-vanilla-single-serve-cappuccino\/#breadcrumb\",\"itemListElement\":[{\"@type\":\"ListItem\",\"position\":1,\"name\":\"Home\",\"item\":\"https:\/\/cafegransasso.com\/\"},{\"@type\":\"ListItem\",\"position\":2,\"name\":\"Shop\",\"item\":\"https:\/\/cafegransasso.com\/premium-office-coffee-and-accessories\/\"},{\"@type\":\"ListItem\",\"position\":3,\"name\":\"Grove Square French Vanilla Single Serve Cappuccino\"}]},{\"@type\":\"WebSite\",\"@id\":\"https:\/\/cafegransasso.com\/#website\",\"url\":\"https:\/\/cafegransasso.com\/\",\"name\":\"Cafe Gran Sasso\",\"description\":\"From Bean to Brew: Coffee Solutions for Businesses.\",\"publisher\":{\"@id\":\"https:\/\/cafegransasso.com\/#organization\"},\"potentialAction\":[{\"@type\":\"SearchAction\",\"target\":{\"@type\":\"EntryPoint\",\"urlTemplate\":\"https:\/\/cafegransasso.com\/?s={search_term_string}\"},\"query-input\":{\"@type\":\"PropertyValueSpecification\",\"valueRequired\":true,\"valueName\":\"search_term_string\"}}],\"inLanguage\":\"fr-ca\"},{\"@type\":\"Organization\",\"@id\":\"https:\/\/cafegransasso.com\/#organization\",\"name\":\"Cafe Gran Sasso\",\"url\":\"https:\/\/cafegransasso.com\/\",\"logo\":{\"@type\":\"ImageObject\",\"inLanguage\":\"fr-ca\",\"@id\":\"https:\/\/cafegransasso.com\/#\/schema\/logo\/image\/\",\"url\":\"https:\/\/cafegransasso.com\/wp-content\/uploads\/2024\/09\/GS-logo-Red-1-removebg-preview.png\",\"contentUrl\":\"https:\/\/cafegransasso.com\/wp-content\/uploads\/2024\/09\/GS-logo-Red-1-removebg-preview.png\",\"width\":360,\"height\":149,\"caption\":\"Cafe Gran Sasso\"},\"image\":{\"@id\":\"https:\/\/cafegransasso.com\/#\/schema\/logo\/image\/\"},\"sameAs\":[\"https:\/\/www.facebook.com\/CafeGranSasso\/\",\"https:\/\/www.instagram.com\/cafe_gransasso\/\"]}]}<\/script>\n<!-- \/ Yoast SEO plugin. -->","yoast_head_json":{"title":"Grove Square French Vanilla Single Serve Cappuccino - Cafe Gran Sasso","robots":{"index":"index","follow":"follow","max-snippet":"max-snippet:-1","max-image-preview":"max-image-preview:large","max-video-preview":"max-video-preview:-1"},"canonical":"https:\/\/cafegransasso.com\/fr\/shop\/grove-square-french-vanilla-single-serve-cappuccino\/","og_locale":"fr_FR","og_type":"article","og_title":"Grove Square French Vanilla Single Serve Cappuccino - Cafe Gran Sasso","og_description":"Creamy, steamy and a little dreamy, cappuccino is the coffee treat you can call your own, any time of day,","og_url":"https:\/\/cafegransasso.com\/fr\/shop\/grove-square-french-vanilla-single-serve-cappuccino\/","og_site_name":"Cafe Gran Sasso","article_publisher":"https:\/\/www.facebook.com\/CafeGranSasso\/","article_modified_time":"2025-08-15T16:59:13+00:00","og_image":[{"width":900,"height":900,"url":"https:\/\/cafegransasso.com\/wp-content\/uploads\/2023\/12\/grove-square-french-vanilla-cappuccino1_900x.webp","type":"image\/webp"}],"twitter_card":"summary_large_image","twitter_misc":{"Est. reading time":"1 minute"},"schema":{"@context":"https:\/\/schema.org","@graph":[{"@type":"WebPage","@id":"https:\/\/cafegransasso.com\/shop\/grove-square-french-vanilla-single-serve-cappuccino\/","url":"https:\/\/cafegransasso.com\/shop\/grove-square-french-vanilla-single-serve-cappuccino\/","name":"Grove Square French Vanilla Single Serve Cappuccino - Cafe Gran Sasso","isPartOf":{"@id":"https:\/\/cafegransasso.com\/#website"},"primaryImageOfPage":{"@id":"https:\/\/cafegransasso.com\/shop\/grove-square-french-vanilla-single-serve-cappuccino\/#primaryimage"},"image":{"@id":"https:\/\/cafegransasso.com\/shop\/grove-square-french-vanilla-single-serve-cappuccino\/#primaryimage"},"thumbnailUrl":"https:\/\/cafegransasso.com\/wp-content\/uploads\/2023\/12\/grove-square-french-vanilla-cappuccino1_900x.webp","datePublished":"2023-12-07T18:23:15+00:00","dateModified":"2025-08-15T16:59:13+00:00","breadcrumb":{"@id":"https:\/\/cafegransasso.com\/shop\/grove-square-french-vanilla-single-serve-cappuccino\/#breadcrumb"},"inLanguage":"fr-ca","potentialAction":[{"@type":"ReadAction","target":["https:\/\/cafegransasso.com\/shop\/grove-square-french-vanilla-single-serve-cappuccino\/"]}]},{"@type":"ImageObject","inLanguage":"fr-ca","@id":"https:\/\/cafegransasso.com\/shop\/grove-square-french-vanilla-single-serve-cappuccino\/#primaryimage","url":"https:\/\/cafegransasso.com\/wp-content\/uploads\/2023\/12\/grove-square-french-vanilla-cappuccino1_900x.webp","contentUrl":"https:\/\/cafegransasso.com\/wp-content\/uploads\/2023\/12\/grove-square-french-vanilla-cappuccino1_900x.webp","width":900,"height":900},{"@type":"BreadcrumbList","@id":"https:\/\/cafegransasso.com\/shop\/grove-square-french-vanilla-single-serve-cappuccino\/#breadcrumb","itemListElement":[{"@type":"ListItem","position":1,"name":"Home","item":"https:\/\/cafegransasso.com\/"},{"@type":"ListItem","position":2,"name":"Shop","item":"https:\/\/cafegransasso.com\/premium-office-coffee-and-accessories\/"},{"@type":"ListItem","position":3,"name":"Grove Square French Vanilla Single Serve Cappuccino"}]},{"@type":"WebSite","@id":"https:\/\/cafegransasso.com\/#website","url":"https:\/\/cafegransasso.com\/","name":"Cafe Gran Sasso","description":"From Bean to Brew: Coffee Solutions for Businesses.","publisher":{"@id":"https:\/\/cafegransasso.com\/#organization"},"potentialAction":[{"@type":"SearchAction","target":{"@type":"EntryPoint","urlTemplate":"https:\/\/cafegransasso.com\/?s={search_term_string}"},"query-input":{"@type":"PropertyValueSpecification","valueRequired":true,"valueName":"search_term_string"}}],"inLanguage":"fr-ca"},{"@type":"Organization","@id":"https:\/\/cafegransasso.com\/#organization","name":"Cafe Gran Sasso","url":"https:\/\/cafegransasso.com\/","logo":{"@type":"ImageObject","inLanguage":"fr-ca","@id":"https:\/\/cafegransasso.com\/#\/schema\/logo\/image\/","url":"https:\/\/cafegransasso.com\/wp-content\/uploads\/2024\/09\/GS-logo-Red-1-removebg-preview.png","contentUrl":"https:\/\/cafegransasso.com\/wp-content\/uploads\/2024\/09\/GS-logo-Red-1-removebg-preview.png","width":360,"height":149,"caption":"Cafe Gran Sasso"},"image":{"@id":"https:\/\/cafegransasso.com\/#\/schema\/logo\/image\/"},"sameAs":["https:\/\/www.facebook.com\/CafeGranSasso\/","https:\/\/www.instagram.com\/cafe_gransasso\/"]}]}},"_links":{"self":[{"href":"https:\/\/cafegransasso.com\/fr\/wp-json\/wp\/v2\/product\/13969","targetHints":{"allow":["GET"]}}],"collection":[{"href":"https:\/\/cafegransasso.com\/fr\/wp-json\/wp\/v2\/product"}],"about":[{"href":"https:\/\/cafegransasso.com\/fr\/wp-json\/wp\/v2\/types\/product"}],"replies":[{"embeddable":true,"href":"https:\/\/cafegransasso.com\/fr\/wp-json\/wp\/v2\/comments?post=13969"}],"version-history":[{"count":1,"href":"https:\/\/cafegransasso.com\/fr\/wp-json\/wp\/v2\/product\/13969\/revisions"}],"predecessor-version":[{"id":28485,"href":"https:\/\/cafegransasso.com\/fr\/wp-json\/wp\/v2\/product\/13969\/revisions\/28485"}],"wp:featuredmedia":[{"embeddable":true,"href":"https:\/\/cafegransasso.com\/fr\/wp-json\/wp\/v2\/media\/13985"}],"wp:attachment":[{"href":"https:\/\/cafegransasso.com\/fr\/wp-json\/wp\/v2\/media?parent=13969"}],"wp:term":[{"taxonomy":"product_brand","embeddable":true,"href":"https:\/\/cafegransasso.com\/fr\/wp-json\/wp\/v2\/product_brand?post=13969"},{"taxonomy":"product_cat","embeddable":true,"href":"https:\/\/cafegransasso.com\/fr\/wp-json\/wp\/v2\/product_cat?post=13969"},{"taxonomy":"product_tag","embeddable":true,"href":"https:\/\/cafegransasso.com\/fr\/wp-json\/wp\/v2\/product_tag?post=13969"}],"curies":[{"name":"wp","href":"https:\/\/api.w.org\/{rel}","templated":true}]}}