{"id":13973,"date":"2023-12-07T13:29:35","date_gmt":"2023-12-07T18:29:35","guid":{"rendered":"https:\/\/www.cafegransasso.com\/?post_type=product&#038;p=13973"},"modified":"2025-08-15T12:58:39","modified_gmt":"2025-08-15T16:58:39","slug":"grove-square-creamy-original-single-serve-hot-chocolate","status":"publish","type":"product","link":"https:\/\/cafegransasso.com\/fr\/shop\/grove-square-creamy-original-single-serve-hot-chocolate\/","title":{"rendered":"Grove Square Chocolat chaud cr\u00e9meux original en portion individuelle"},"content":{"rendered":"<p>Le chocolat chaud n'a jamais \u00e9t\u00e9 aussi d\u00e9licieux ni aussi facile \u00e0 pr\u00e9parer. Le chocolat chaud Grove Square Creamy Original est cr\u00e9meux, onctueux et plein de saveur chocolat\u00e9e. La chaleur et le r\u00e9confort que procure chaque gorg\u00e9e en font la friandise id\u00e9ale \u00e0 savourer \u00e0 tout moment de la journ\u00e9e, que vous la partagiez avec quelqu'un de sp\u00e9cial ou que vous en savouriez la riche saveur tout seul. Allez-y, d\u00e9gustez une tasse... et n'oubliez pas les marshmallows !<\/p>\n<p>Compatible avec les cafeti\u00e8res Keurig\u00ae K-Cup\u00ae (y compris Keurig\u00ae 2.0).<br \/>\nBoisson au chocolat chaud.<br \/>\n24 capsules par bo\u00eete.<\/p>\n<p>INGR\u00c9DIENTS :<br \/>\nSugar, glucose solids, cocoa, modified milk ingredients, hydrogenated vegetable oil and\/or hydrogenated coconut oil and\/or hydrogenated palm oil, salt, maltodextrin, natural and artificial flavours, corn starch, dipotassium phosphate, sucralose, mono-and diglycerides, silicon dioxide, soy lecithin, colour (contains annatto). Contains: Milk, soy.<\/p>","protected":false},"excerpt":{"rendered":"<p>Hot chocolate has never been more delicious or easier to prepare. Grove Square Creamy Original Hot Chocolate is creamy smooth<\/p>","protected":false},"featured_media":13983,"comment_status":"open","ping_status":"closed","template":"","meta":[],"product_brand":[],"product_cat":[656,191,641],"product_tag":[],"class_list":{"0":"post-13973","1":"product","2":"type-product","3":"status-publish","4":"has-post-thumbnail","6":"product_cat-bulk-deals","7":"product_cat-keurig-pods","8":"product_cat-single-serve","10":"first","11":"instock","12":"shipping-taxable","13":"purchasable","14":"product-type-variable"},"yoast_head":"<!-- This site is optimized with the Yoast SEO plugin v27.3 - https:\/\/yoast.com\/product\/yoast-seo-wordpress\/ -->\n<title>Grove Square Creamy Original Single Serve Hot Chocolate - Cafe Gran Sasso<\/title>\n<meta name=\"robots\" content=\"index, follow, max-snippet:-1, max-image-preview:large, max-video-preview:-1\" \/>\n<link rel=\"canonical\" href=\"https:\/\/cafegransasso.com\/fr\/shop\/grove-square-creamy-original-single-serve-hot-chocolate\/\" \/>\n<meta property=\"og:locale\" content=\"fr_FR\" \/>\n<meta property=\"og:type\" content=\"article\" \/>\n<meta property=\"og:title\" content=\"Grove Square Creamy Original Single Serve Hot Chocolate - Cafe Gran Sasso\" \/>\n<meta property=\"og:description\" content=\"Hot chocolate has never been more delicious or easier to prepare. Grove Square Creamy Original Hot Chocolate is creamy smooth\" \/>\n<meta property=\"og:url\" content=\"https:\/\/cafegransasso.com\/fr\/shop\/grove-square-creamy-original-single-serve-hot-chocolate\/\" \/>\n<meta property=\"og:site_name\" content=\"Cafe Gran Sasso\" \/>\n<meta property=\"article:publisher\" content=\"https:\/\/www.facebook.com\/CafeGranSasso\/\" \/>\n<meta property=\"article:modified_time\" content=\"2025-08-15T16:58:39+00:00\" \/>\n<meta property=\"og:image\" content=\"https:\/\/cafegransasso.com\/wp-content\/uploads\/2023\/12\/grove-square-milk-chocolate-hot-cocoa_900x.webp\" \/>\n\t<meta property=\"og:image:width\" content=\"900\" \/>\n\t<meta property=\"og:image:height\" content=\"900\" \/>\n\t<meta property=\"og:image:type\" content=\"image\/webp\" \/>\n<meta name=\"twitter:card\" content=\"summary_large_image\" \/>\n<meta name=\"twitter:label1\" content=\"Est. reading time\" \/>\n\t<meta name=\"twitter:data1\" content=\"1 minute\" \/>\n<script type=\"application\/ld+json\" class=\"yoast-schema-graph\">{\"@context\":\"https:\\\/\\\/schema.org\",\"@graph\":[{\"@type\":\"WebPage\",\"@id\":\"https:\\\/\\\/cafegransasso.com\\\/shop\\\/grove-square-creamy-original-single-serve-hot-chocolate\\\/\",\"url\":\"https:\\\/\\\/cafegransasso.com\\\/shop\\\/grove-square-creamy-original-single-serve-hot-chocolate\\\/\",\"name\":\"Grove Square Creamy Original Single Serve Hot Chocolate - Cafe Gran Sasso\",\"isPartOf\":{\"@id\":\"https:\\\/\\\/cafegransasso.com\\\/#website\"},\"primaryImageOfPage\":{\"@id\":\"https:\\\/\\\/cafegransasso.com\\\/shop\\\/grove-square-creamy-original-single-serve-hot-chocolate\\\/#primaryimage\"},\"image\":{\"@id\":\"https:\\\/\\\/cafegransasso.com\\\/shop\\\/grove-square-creamy-original-single-serve-hot-chocolate\\\/#primaryimage\"},\"thumbnailUrl\":\"https:\\\/\\\/cafegransasso.com\\\/wp-content\\\/uploads\\\/2023\\\/12\\\/grove-square-milk-chocolate-hot-cocoa_900x.webp\",\"datePublished\":\"2023-12-07T18:29:35+00:00\",\"dateModified\":\"2025-08-15T16:58:39+00:00\",\"breadcrumb\":{\"@id\":\"https:\\\/\\\/cafegransasso.com\\\/shop\\\/grove-square-creamy-original-single-serve-hot-chocolate\\\/#breadcrumb\"},\"inLanguage\":\"fr-ca\",\"potentialAction\":[{\"@type\":\"ReadAction\",\"target\":[\"https:\\\/\\\/cafegransasso.com\\\/shop\\\/grove-square-creamy-original-single-serve-hot-chocolate\\\/\"]}]},{\"@type\":\"ImageObject\",\"inLanguage\":\"fr-ca\",\"@id\":\"https:\\\/\\\/cafegransasso.com\\\/shop\\\/grove-square-creamy-original-single-serve-hot-chocolate\\\/#primaryimage\",\"url\":\"https:\\\/\\\/cafegransasso.com\\\/wp-content\\\/uploads\\\/2023\\\/12\\\/grove-square-milk-chocolate-hot-cocoa_900x.webp\",\"contentUrl\":\"https:\\\/\\\/cafegransasso.com\\\/wp-content\\\/uploads\\\/2023\\\/12\\\/grove-square-milk-chocolate-hot-cocoa_900x.webp\",\"width\":900,\"height\":900},{\"@type\":\"BreadcrumbList\",\"@id\":\"https:\\\/\\\/cafegransasso.com\\\/shop\\\/grove-square-creamy-original-single-serve-hot-chocolate\\\/#breadcrumb\",\"itemListElement\":[{\"@type\":\"ListItem\",\"position\":1,\"name\":\"Home\",\"item\":\"https:\\\/\\\/cafegransasso.com\\\/\"},{\"@type\":\"ListItem\",\"position\":2,\"name\":\"Shop\",\"item\":\"https:\\\/\\\/cafegransasso.com\\\/premium-office-coffee-and-accessories\\\/\"},{\"@type\":\"ListItem\",\"position\":3,\"name\":\"Grove Square Creamy Original Single Serve Hot Chocolate\"}]},{\"@type\":\"WebSite\",\"@id\":\"https:\\\/\\\/cafegransasso.com\\\/#website\",\"url\":\"https:\\\/\\\/cafegransasso.com\\\/\",\"name\":\"Cafe Gran Sasso\",\"description\":\"From Bean to Brew: Coffee Solutions for Businesses.\",\"publisher\":{\"@id\":\"https:\\\/\\\/cafegransasso.com\\\/#organization\"},\"potentialAction\":[{\"@type\":\"SearchAction\",\"target\":{\"@type\":\"EntryPoint\",\"urlTemplate\":\"https:\\\/\\\/cafegransasso.com\\\/?s={search_term_string}\"},\"query-input\":{\"@type\":\"PropertyValueSpecification\",\"valueRequired\":true,\"valueName\":\"search_term_string\"}}],\"inLanguage\":\"fr-ca\"},{\"@type\":\"Organization\",\"@id\":\"https:\\\/\\\/cafegransasso.com\\\/#organization\",\"name\":\"Cafe Gran Sasso\",\"url\":\"https:\\\/\\\/cafegransasso.com\\\/\",\"logo\":{\"@type\":\"ImageObject\",\"inLanguage\":\"fr-ca\",\"@id\":\"https:\\\/\\\/cafegransasso.com\\\/#\\\/schema\\\/logo\\\/image\\\/\",\"url\":\"https:\\\/\\\/cafegransasso.com\\\/wp-content\\\/uploads\\\/2024\\\/09\\\/GS-logo-Red-1-removebg-preview.png\",\"contentUrl\":\"https:\\\/\\\/cafegransasso.com\\\/wp-content\\\/uploads\\\/2024\\\/09\\\/GS-logo-Red-1-removebg-preview.png\",\"width\":360,\"height\":149,\"caption\":\"Cafe Gran Sasso\"},\"image\":{\"@id\":\"https:\\\/\\\/cafegransasso.com\\\/#\\\/schema\\\/logo\\\/image\\\/\"},\"sameAs\":[\"https:\\\/\\\/www.facebook.com\\\/CafeGranSasso\\\/\",\"https:\\\/\\\/www.instagram.com\\\/cafe_gransasso\\\/\"]}]}<\/script>\n<!-- \/ Yoast SEO plugin. -->","yoast_head_json":{"title":"Grove Square Creamy Original Single Serve Hot Chocolate - Cafe Gran Sasso","robots":{"index":"index","follow":"follow","max-snippet":"max-snippet:-1","max-image-preview":"max-image-preview:large","max-video-preview":"max-video-preview:-1"},"canonical":"https:\/\/cafegransasso.com\/fr\/shop\/grove-square-creamy-original-single-serve-hot-chocolate\/","og_locale":"fr_FR","og_type":"article","og_title":"Grove Square Creamy Original Single Serve Hot Chocolate - Cafe Gran Sasso","og_description":"Hot chocolate has never been more delicious or easier to prepare. Grove Square Creamy Original Hot Chocolate is creamy smooth","og_url":"https:\/\/cafegransasso.com\/fr\/shop\/grove-square-creamy-original-single-serve-hot-chocolate\/","og_site_name":"Cafe Gran Sasso","article_publisher":"https:\/\/www.facebook.com\/CafeGranSasso\/","article_modified_time":"2025-08-15T16:58:39+00:00","og_image":[{"width":900,"height":900,"url":"https:\/\/cafegransasso.com\/wp-content\/uploads\/2023\/12\/grove-square-milk-chocolate-hot-cocoa_900x.webp","type":"image\/webp"}],"twitter_card":"summary_large_image","twitter_misc":{"Est. reading time":"1 minute"},"schema":{"@context":"https:\/\/schema.org","@graph":[{"@type":"WebPage","@id":"https:\/\/cafegransasso.com\/shop\/grove-square-creamy-original-single-serve-hot-chocolate\/","url":"https:\/\/cafegransasso.com\/shop\/grove-square-creamy-original-single-serve-hot-chocolate\/","name":"Grove Square Creamy Original Single Serve Hot Chocolate - Cafe Gran Sasso","isPartOf":{"@id":"https:\/\/cafegransasso.com\/#website"},"primaryImageOfPage":{"@id":"https:\/\/cafegransasso.com\/shop\/grove-square-creamy-original-single-serve-hot-chocolate\/#primaryimage"},"image":{"@id":"https:\/\/cafegransasso.com\/shop\/grove-square-creamy-original-single-serve-hot-chocolate\/#primaryimage"},"thumbnailUrl":"https:\/\/cafegransasso.com\/wp-content\/uploads\/2023\/12\/grove-square-milk-chocolate-hot-cocoa_900x.webp","datePublished":"2023-12-07T18:29:35+00:00","dateModified":"2025-08-15T16:58:39+00:00","breadcrumb":{"@id":"https:\/\/cafegransasso.com\/shop\/grove-square-creamy-original-single-serve-hot-chocolate\/#breadcrumb"},"inLanguage":"fr-ca","potentialAction":[{"@type":"ReadAction","target":["https:\/\/cafegransasso.com\/shop\/grove-square-creamy-original-single-serve-hot-chocolate\/"]}]},{"@type":"ImageObject","inLanguage":"fr-ca","@id":"https:\/\/cafegransasso.com\/shop\/grove-square-creamy-original-single-serve-hot-chocolate\/#primaryimage","url":"https:\/\/cafegransasso.com\/wp-content\/uploads\/2023\/12\/grove-square-milk-chocolate-hot-cocoa_900x.webp","contentUrl":"https:\/\/cafegransasso.com\/wp-content\/uploads\/2023\/12\/grove-square-milk-chocolate-hot-cocoa_900x.webp","width":900,"height":900},{"@type":"BreadcrumbList","@id":"https:\/\/cafegransasso.com\/shop\/grove-square-creamy-original-single-serve-hot-chocolate\/#breadcrumb","itemListElement":[{"@type":"ListItem","position":1,"name":"Home","item":"https:\/\/cafegransasso.com\/"},{"@type":"ListItem","position":2,"name":"Shop","item":"https:\/\/cafegransasso.com\/premium-office-coffee-and-accessories\/"},{"@type":"ListItem","position":3,"name":"Grove Square Creamy Original Single Serve Hot Chocolate"}]},{"@type":"WebSite","@id":"https:\/\/cafegransasso.com\/#website","url":"https:\/\/cafegransasso.com\/","name":"Cafe Gran Sasso","description":"From Bean to Brew: Coffee Solutions for Businesses.","publisher":{"@id":"https:\/\/cafegransasso.com\/#organization"},"potentialAction":[{"@type":"SearchAction","target":{"@type":"EntryPoint","urlTemplate":"https:\/\/cafegransasso.com\/?s={search_term_string}"},"query-input":{"@type":"PropertyValueSpecification","valueRequired":true,"valueName":"search_term_string"}}],"inLanguage":"fr-ca"},{"@type":"Organization","@id":"https:\/\/cafegransasso.com\/#organization","name":"Cafe Gran Sasso","url":"https:\/\/cafegransasso.com\/","logo":{"@type":"ImageObject","inLanguage":"fr-ca","@id":"https:\/\/cafegransasso.com\/#\/schema\/logo\/image\/","url":"https:\/\/cafegransasso.com\/wp-content\/uploads\/2024\/09\/GS-logo-Red-1-removebg-preview.png","contentUrl":"https:\/\/cafegransasso.com\/wp-content\/uploads\/2024\/09\/GS-logo-Red-1-removebg-preview.png","width":360,"height":149,"caption":"Cafe Gran Sasso"},"image":{"@id":"https:\/\/cafegransasso.com\/#\/schema\/logo\/image\/"},"sameAs":["https:\/\/www.facebook.com\/CafeGranSasso\/","https:\/\/www.instagram.com\/cafe_gransasso\/"]}]}},"_links":{"self":[{"href":"https:\/\/cafegransasso.com\/fr\/wp-json\/wp\/v2\/product\/13973","targetHints":{"allow":["GET"]}}],"collection":[{"href":"https:\/\/cafegransasso.com\/fr\/wp-json\/wp\/v2\/product"}],"about":[{"href":"https:\/\/cafegransasso.com\/fr\/wp-json\/wp\/v2\/types\/product"}],"replies":[{"embeddable":true,"href":"https:\/\/cafegransasso.com\/fr\/wp-json\/wp\/v2\/comments?post=13973"}],"version-history":[{"count":2,"href":"https:\/\/cafegransasso.com\/fr\/wp-json\/wp\/v2\/product\/13973\/revisions"}],"predecessor-version":[{"id":28482,"href":"https:\/\/cafegransasso.com\/fr\/wp-json\/wp\/v2\/product\/13973\/revisions\/28482"}],"wp:featuredmedia":[{"embeddable":true,"href":"https:\/\/cafegransasso.com\/fr\/wp-json\/wp\/v2\/media\/13983"}],"wp:attachment":[{"href":"https:\/\/cafegransasso.com\/fr\/wp-json\/wp\/v2\/media?parent=13973"}],"wp:term":[{"taxonomy":"product_brand","embeddable":true,"href":"https:\/\/cafegransasso.com\/fr\/wp-json\/wp\/v2\/product_brand?post=13973"},{"taxonomy":"product_cat","embeddable":true,"href":"https:\/\/cafegransasso.com\/fr\/wp-json\/wp\/v2\/product_cat?post=13973"},{"taxonomy":"product_tag","embeddable":true,"href":"https:\/\/cafegransasso.com\/fr\/wp-json\/wp\/v2\/product_tag?post=13973"}],"curies":[{"name":"wp","href":"https:\/\/api.w.org\/{rel}","templated":true}]}}