{"id":14025,"date":"2023-12-07T14:53:45","date_gmt":"2023-12-07T19:53:45","guid":{"rendered":"https:\/\/www.cafegransasso.com\/?post_type=product&#038;p=14025"},"modified":"2025-08-15T13:03:46","modified_gmt":"2025-08-15T17:03:46","slug":"tetley-tea-earl-grey","status":"publish","type":"product","link":"https:\/\/cafegransasso.com\/fr\/shop\/tetley-tea-earl-grey\/","title":{"rendered":"Th\u00e9 Tetley - Earl Grey"},"content":{"rendered":"<p>Savourez l'ar\u00f4me du th\u00e9 Tetleys Earl Grey, un m\u00e9lange sp\u00e9cial de th\u00e9s Orange Pekoe et de bergamote, cr\u00e9\u00e9 dans la tradition du premier Earl Grey.<\/p>","protected":false},"excerpt":{"rendered":"<p>Savour the aroma of Tetleys Earl Grey Tea, a special blend of fine Orange Pekoe teas and the flavour of<\/p>","protected":false},"featured_media":26296,"comment_status":"open","ping_status":"closed","template":"","meta":[],"product_brand":[],"product_cat":[641,191,656],"product_tag":[],"class_list":{"0":"post-14025","1":"product","2":"type-product","3":"status-publish","4":"has-post-thumbnail","6":"product_cat-single-serve","7":"product_cat-keurig-pods","8":"product_cat-bulk-deals","10":"first","11":"instock","12":"shipping-taxable","13":"purchasable","14":"product-type-variable"},"yoast_head":"<!-- This site is optimized with the Yoast SEO plugin v26.6 - https:\/\/yoast.com\/wordpress\/plugins\/seo\/ -->\n<title>Tetley Tea - Earl Grey - Cafe Gran Sasso<\/title>\n<meta name=\"robots\" content=\"index, follow, max-snippet:-1, max-image-preview:large, max-video-preview:-1\" \/>\n<link rel=\"canonical\" href=\"https:\/\/cafegransasso.com\/fr\/shop\/tetley-tea-earl-grey\/\" \/>\n<meta property=\"og:locale\" content=\"fr_FR\" \/>\n<meta property=\"og:type\" content=\"article\" \/>\n<meta property=\"og:title\" content=\"Tetley Tea - Earl Grey - Cafe Gran Sasso\" \/>\n<meta property=\"og:description\" content=\"Savour the aroma of Tetleys Earl Grey Tea, a special blend of fine Orange Pekoe teas and the flavour of\" \/>\n<meta property=\"og:url\" content=\"https:\/\/cafegransasso.com\/fr\/shop\/tetley-tea-earl-grey\/\" \/>\n<meta property=\"og:site_name\" content=\"Cafe Gran Sasso\" \/>\n<meta property=\"article:publisher\" content=\"https:\/\/www.facebook.com\/CafeGranSasso\/\" \/>\n<meta property=\"article:modified_time\" content=\"2025-08-15T17:03:46+00:00\" \/>\n<meta property=\"og:image\" content=\"https:\/\/cafegransasso.com\/wp-content\/uploads\/2023\/12\/375_4932_TETLEY_Earl_Grey-8b1105a2.png\" \/>\n\t<meta property=\"og:image:width\" content=\"244\" \/>\n\t<meta property=\"og:image:height\" content=\"244\" \/>\n\t<meta property=\"og:image:type\" content=\"image\/png\" \/>\n<meta name=\"twitter:card\" content=\"summary_large_image\" \/>\n<script type=\"application\/ld+json\" class=\"yoast-schema-graph\">{\"@context\":\"https:\/\/schema.org\",\"@graph\":[{\"@type\":\"WebPage\",\"@id\":\"https:\/\/cafegransasso.com\/en\/shop\/tetley-tea-earl-grey\/\",\"url\":\"https:\/\/cafegransasso.com\/en\/shop\/tetley-tea-earl-grey\/\",\"name\":\"Tetley Tea - Earl Grey - Cafe Gran Sasso\",\"isPartOf\":{\"@id\":\"https:\/\/cafegransasso.com\/#website\"},\"primaryImageOfPage\":{\"@id\":\"https:\/\/cafegransasso.com\/en\/shop\/tetley-tea-earl-grey\/#primaryimage\"},\"image\":{\"@id\":\"https:\/\/cafegransasso.com\/en\/shop\/tetley-tea-earl-grey\/#primaryimage\"},\"thumbnailUrl\":\"https:\/\/cafegransasso.com\/wp-content\/uploads\/2023\/12\/375_4932_TETLEY_Earl_Grey-8b1105a2.png\",\"datePublished\":\"2023-12-07T19:53:45+00:00\",\"dateModified\":\"2025-08-15T17:03:46+00:00\",\"breadcrumb\":{\"@id\":\"https:\/\/cafegransasso.com\/en\/shop\/tetley-tea-earl-grey\/#breadcrumb\"},\"inLanguage\":\"fr-ca\",\"potentialAction\":[{\"@type\":\"ReadAction\",\"target\":[\"https:\/\/cafegransasso.com\/en\/shop\/tetley-tea-earl-grey\/\"]}]},{\"@type\":\"ImageObject\",\"inLanguage\":\"fr-ca\",\"@id\":\"https:\/\/cafegransasso.com\/en\/shop\/tetley-tea-earl-grey\/#primaryimage\",\"url\":\"https:\/\/cafegransasso.com\/wp-content\/uploads\/2023\/12\/375_4932_TETLEY_Earl_Grey-8b1105a2.png\",\"contentUrl\":\"https:\/\/cafegransasso.com\/wp-content\/uploads\/2023\/12\/375_4932_TETLEY_Earl_Grey-8b1105a2.png\",\"width\":244,\"height\":244},{\"@type\":\"BreadcrumbList\",\"@id\":\"https:\/\/cafegransasso.com\/en\/shop\/tetley-tea-earl-grey\/#breadcrumb\",\"itemListElement\":[{\"@type\":\"ListItem\",\"position\":1,\"name\":\"Home\",\"item\":\"https:\/\/cafegransasso.com\/\"},{\"@type\":\"ListItem\",\"position\":2,\"name\":\"Shop\",\"item\":\"https:\/\/cafegransasso.com\/premium-office-coffee-and-accessories\/\"},{\"@type\":\"ListItem\",\"position\":3,\"name\":\"Tetley Tea &#8211; Earl Grey\"}]},{\"@type\":\"WebSite\",\"@id\":\"https:\/\/cafegransasso.com\/#website\",\"url\":\"https:\/\/cafegransasso.com\/\",\"name\":\"Cafe Gran Sasso\",\"description\":\"From Bean to Brew: Coffee Solutions for Businesses.\",\"publisher\":{\"@id\":\"https:\/\/cafegransasso.com\/#organization\"},\"potentialAction\":[{\"@type\":\"SearchAction\",\"target\":{\"@type\":\"EntryPoint\",\"urlTemplate\":\"https:\/\/cafegransasso.com\/?s={search_term_string}\"},\"query-input\":{\"@type\":\"PropertyValueSpecification\",\"valueRequired\":true,\"valueName\":\"search_term_string\"}}],\"inLanguage\":\"fr-ca\"},{\"@type\":\"Organization\",\"@id\":\"https:\/\/cafegransasso.com\/#organization\",\"name\":\"Cafe Gran Sasso\",\"url\":\"https:\/\/cafegransasso.com\/\",\"logo\":{\"@type\":\"ImageObject\",\"inLanguage\":\"fr-ca\",\"@id\":\"https:\/\/cafegransasso.com\/#\/schema\/logo\/image\/\",\"url\":\"https:\/\/cafegransasso.com\/wp-content\/uploads\/2024\/09\/GS-logo-Red-1-removebg-preview.png\",\"contentUrl\":\"https:\/\/cafegransasso.com\/wp-content\/uploads\/2024\/09\/GS-logo-Red-1-removebg-preview.png\",\"width\":360,\"height\":149,\"caption\":\"Cafe Gran Sasso\"},\"image\":{\"@id\":\"https:\/\/cafegransasso.com\/#\/schema\/logo\/image\/\"},\"sameAs\":[\"https:\/\/www.facebook.com\/CafeGranSasso\/\",\"https:\/\/www.instagram.com\/cafe_gransasso\/\"]}]}<\/script>\n<!-- \/ Yoast SEO plugin. -->","yoast_head_json":{"title":"Tetley Tea - Earl Grey - Cafe Gran Sasso","robots":{"index":"index","follow":"follow","max-snippet":"max-snippet:-1","max-image-preview":"max-image-preview:large","max-video-preview":"max-video-preview:-1"},"canonical":"https:\/\/cafegransasso.com\/fr\/shop\/tetley-tea-earl-grey\/","og_locale":"fr_FR","og_type":"article","og_title":"Tetley Tea - Earl Grey - Cafe Gran Sasso","og_description":"Savour the aroma of Tetleys Earl Grey Tea, a special blend of fine Orange Pekoe teas and the flavour of","og_url":"https:\/\/cafegransasso.com\/fr\/shop\/tetley-tea-earl-grey\/","og_site_name":"Cafe Gran Sasso","article_publisher":"https:\/\/www.facebook.com\/CafeGranSasso\/","article_modified_time":"2025-08-15T17:03:46+00:00","og_image":[{"width":244,"height":244,"url":"https:\/\/cafegransasso.com\/wp-content\/uploads\/2023\/12\/375_4932_TETLEY_Earl_Grey-8b1105a2.png","type":"image\/png"}],"twitter_card":"summary_large_image","schema":{"@context":"https:\/\/schema.org","@graph":[{"@type":"WebPage","@id":"https:\/\/cafegransasso.com\/en\/shop\/tetley-tea-earl-grey\/","url":"https:\/\/cafegransasso.com\/en\/shop\/tetley-tea-earl-grey\/","name":"Tetley Tea - Earl Grey - Cafe Gran Sasso","isPartOf":{"@id":"https:\/\/cafegransasso.com\/#website"},"primaryImageOfPage":{"@id":"https:\/\/cafegransasso.com\/en\/shop\/tetley-tea-earl-grey\/#primaryimage"},"image":{"@id":"https:\/\/cafegransasso.com\/en\/shop\/tetley-tea-earl-grey\/#primaryimage"},"thumbnailUrl":"https:\/\/cafegransasso.com\/wp-content\/uploads\/2023\/12\/375_4932_TETLEY_Earl_Grey-8b1105a2.png","datePublished":"2023-12-07T19:53:45+00:00","dateModified":"2025-08-15T17:03:46+00:00","breadcrumb":{"@id":"https:\/\/cafegransasso.com\/en\/shop\/tetley-tea-earl-grey\/#breadcrumb"},"inLanguage":"fr-ca","potentialAction":[{"@type":"ReadAction","target":["https:\/\/cafegransasso.com\/en\/shop\/tetley-tea-earl-grey\/"]}]},{"@type":"ImageObject","inLanguage":"fr-ca","@id":"https:\/\/cafegransasso.com\/en\/shop\/tetley-tea-earl-grey\/#primaryimage","url":"https:\/\/cafegransasso.com\/wp-content\/uploads\/2023\/12\/375_4932_TETLEY_Earl_Grey-8b1105a2.png","contentUrl":"https:\/\/cafegransasso.com\/wp-content\/uploads\/2023\/12\/375_4932_TETLEY_Earl_Grey-8b1105a2.png","width":244,"height":244},{"@type":"BreadcrumbList","@id":"https:\/\/cafegransasso.com\/en\/shop\/tetley-tea-earl-grey\/#breadcrumb","itemListElement":[{"@type":"ListItem","position":1,"name":"Home","item":"https:\/\/cafegransasso.com\/"},{"@type":"ListItem","position":2,"name":"Shop","item":"https:\/\/cafegransasso.com\/premium-office-coffee-and-accessories\/"},{"@type":"ListItem","position":3,"name":"Tetley Tea &#8211; Earl Grey"}]},{"@type":"WebSite","@id":"https:\/\/cafegransasso.com\/#website","url":"https:\/\/cafegransasso.com\/","name":"Cafe Gran Sasso","description":"From Bean to Brew: Coffee Solutions for Businesses.","publisher":{"@id":"https:\/\/cafegransasso.com\/#organization"},"potentialAction":[{"@type":"SearchAction","target":{"@type":"EntryPoint","urlTemplate":"https:\/\/cafegransasso.com\/?s={search_term_string}"},"query-input":{"@type":"PropertyValueSpecification","valueRequired":true,"valueName":"search_term_string"}}],"inLanguage":"fr-ca"},{"@type":"Organization","@id":"https:\/\/cafegransasso.com\/#organization","name":"Cafe Gran Sasso","url":"https:\/\/cafegransasso.com\/","logo":{"@type":"ImageObject","inLanguage":"fr-ca","@id":"https:\/\/cafegransasso.com\/#\/schema\/logo\/image\/","url":"https:\/\/cafegransasso.com\/wp-content\/uploads\/2024\/09\/GS-logo-Red-1-removebg-preview.png","contentUrl":"https:\/\/cafegransasso.com\/wp-content\/uploads\/2024\/09\/GS-logo-Red-1-removebg-preview.png","width":360,"height":149,"caption":"Cafe Gran Sasso"},"image":{"@id":"https:\/\/cafegransasso.com\/#\/schema\/logo\/image\/"},"sameAs":["https:\/\/www.facebook.com\/CafeGranSasso\/","https:\/\/www.instagram.com\/cafe_gransasso\/"]}]}},"_links":{"self":[{"href":"https:\/\/cafegransasso.com\/fr\/wp-json\/wp\/v2\/product\/14025","targetHints":{"allow":["GET"]}}],"collection":[{"href":"https:\/\/cafegransasso.com\/fr\/wp-json\/wp\/v2\/product"}],"about":[{"href":"https:\/\/cafegransasso.com\/fr\/wp-json\/wp\/v2\/types\/product"}],"replies":[{"embeddable":true,"href":"https:\/\/cafegransasso.com\/fr\/wp-json\/wp\/v2\/comments?post=14025"}],"version-history":[{"count":1,"href":"https:\/\/cafegransasso.com\/fr\/wp-json\/wp\/v2\/product\/14025\/revisions"}],"predecessor-version":[{"id":26301,"href":"https:\/\/cafegransasso.com\/fr\/wp-json\/wp\/v2\/product\/14025\/revisions\/26301"}],"wp:featuredmedia":[{"embeddable":true,"href":"https:\/\/cafegransasso.com\/fr\/wp-json\/wp\/v2\/media\/26296"}],"wp:attachment":[{"href":"https:\/\/cafegransasso.com\/fr\/wp-json\/wp\/v2\/media?parent=14025"}],"wp:term":[{"taxonomy":"product_brand","embeddable":true,"href":"https:\/\/cafegransasso.com\/fr\/wp-json\/wp\/v2\/product_brand?post=14025"},{"taxonomy":"product_cat","embeddable":true,"href":"https:\/\/cafegransasso.com\/fr\/wp-json\/wp\/v2\/product_cat?post=14025"},{"taxonomy":"product_tag","embeddable":true,"href":"https:\/\/cafegransasso.com\/fr\/wp-json\/wp\/v2\/product_tag?post=14025"}],"curies":[{"name":"wp","href":"https:\/\/api.w.org\/{rel}","templated":true}]}}