{"id":14074,"date":"2023-12-16T13:11:58","date_gmt":"2023-12-16T18:11:58","guid":{"rendered":"https:\/\/www.cafegransasso.com\/?post_type=product&#038;p=14074"},"modified":"2025-09-03T11:29:12","modified_gmt":"2025-09-03T15:29:12","slug":"belmio-hazelnut-nespresso-compatible-capsules","status":"publish","type":"product","link":"https:\/\/cafegransasso.com\/fr\/shop\/belmio-hazelnut-nespresso-compatible-capsules\/","title":{"rendered":"Belmio Noisette \u2013 Capsules pour machines Nespresso"},"content":{"rendered":"<div class=\"woocommerce-product-details__short-description\">\n<div class=\"woocommerce-product-details__short-description\">\n<p>Un espresso gourmand \u00e0 la saveur de noisette grill\u00e9e, accentu\u00e9e par des tons chocolat\u00e9s. D\u00e9couvrez les saveurs chaudes et r\u00e9confortantes de la noisette grill\u00e9e. Depuis l'aube de l'humanit\u00e9 et la d\u00e9couverte du feu, les hommes savent comment rehausser la saveur des noisettes en les torr\u00e9fiant. Ils consid\u00e9raient m\u00eame la noisette comme un symbole de sagesse et de connaissance.<\/p>\n<p>Intensit\u00e9 6\/10<\/p>\n<p>Contenu : 10 capsules de 5,2 g dans des g\u00e9lules en aluminium<\/p>\n<p><strong>Compatible avec toutes les machines Nespresso\u00ae* Original Line<\/strong><\/p>\n<p>Ne fonctionne pas avec la machine Caffitaly ou Nespresso VertuoLine<strong>\u00ae<\/strong>*.<\/p>\n<p>&nbsp;<\/p>\n<p>*Nespresso\u00ae et VERTUOLINE sont des marques d\u00e9pos\u00e9es de la Soci\u00e9t\u00e9 des Produits Nestl\u00e9 S.A.<\/p>\n<\/div>\n<div class=\"quantity\"><\/div>\n<\/div>","protected":false},"excerpt":{"rendered":"<p>An indulging espresso with roasted hazelnut flavour, accentuated with chocolaty tones. Experience the warm and comforting flavours of roasted hazelnut.<\/p>","protected":false},"featured_media":14079,"comment_status":"open","ping_status":"closed","template":"","meta":[],"product_brand":[],"product_cat":[641,192],"product_tag":[929,523,558],"class_list":{"0":"post-14074","1":"product","2":"type-product","3":"status-publish","4":"has-post-thumbnail","6":"product_cat-single-serve","7":"product_cat-nespresso-compatible","8":"product_tag-caffesso","9":"product_tag-espresso","10":"product_tag-nespresso","12":"first","13":"outofstock","14":"purchasable","15":"product-type-variable"},"yoast_head":"<!-- This site is optimized with the Yoast SEO plugin v26.6 - https:\/\/yoast.com\/wordpress\/plugins\/seo\/ -->\n<title>Belmio Hazelnut - Nespresso Compatible Capsules - Cafe Gran Sasso<\/title>\n<meta name=\"robots\" content=\"index, follow, max-snippet:-1, max-image-preview:large, max-video-preview:-1\" \/>\n<link rel=\"canonical\" href=\"https:\/\/cafegransasso.com\/fr\/shop\/belmio-hazelnut-nespresso-compatible-capsules\/\" \/>\n<meta property=\"og:locale\" content=\"fr_FR\" \/>\n<meta property=\"og:type\" content=\"article\" \/>\n<meta property=\"og:title\" content=\"Belmio Hazelnut - Nespresso Compatible Capsules - Cafe Gran Sasso\" \/>\n<meta property=\"og:description\" content=\"An indulging espresso with roasted hazelnut flavour, accentuated with chocolaty tones. Experience the warm and comforting flavours of roasted hazelnut.\" \/>\n<meta property=\"og:url\" content=\"https:\/\/cafegransasso.com\/fr\/shop\/belmio-hazelnut-nespresso-compatible-capsules\/\" \/>\n<meta property=\"og:site_name\" content=\"Cafe Gran Sasso\" \/>\n<meta property=\"article:publisher\" content=\"https:\/\/www.facebook.com\/CafeGranSasso\/\" \/>\n<meta property=\"article:modified_time\" content=\"2025-09-03T15:29:12+00:00\" \/>\n<meta property=\"og:image\" content=\"https:\/\/cafegransasso.com\/wp-content\/uploads\/2023\/12\/belmio-hazelnut-nespresso-capsules-1_900x.webp\" \/>\n\t<meta property=\"og:image:width\" content=\"900\" \/>\n\t<meta property=\"og:image:height\" content=\"900\" \/>\n\t<meta property=\"og:image:type\" content=\"image\/webp\" \/>\n<meta name=\"twitter:card\" content=\"summary_large_image\" \/>\n<meta name=\"twitter:label1\" content=\"Est. reading time\" \/>\n\t<meta name=\"twitter:data1\" content=\"1 minute\" \/>\n<script type=\"application\/ld+json\" class=\"yoast-schema-graph\">{\"@context\":\"https:\/\/schema.org\",\"@graph\":[{\"@type\":\"WebPage\",\"@id\":\"https:\/\/cafegransasso.com\/shop\/belmio-hazelnut-nespresso-compatible-capsules\/\",\"url\":\"https:\/\/cafegransasso.com\/shop\/belmio-hazelnut-nespresso-compatible-capsules\/\",\"name\":\"Belmio Hazelnut - Nespresso Compatible Capsules - Cafe Gran Sasso\",\"isPartOf\":{\"@id\":\"https:\/\/cafegransasso.com\/#website\"},\"primaryImageOfPage\":{\"@id\":\"https:\/\/cafegransasso.com\/shop\/belmio-hazelnut-nespresso-compatible-capsules\/#primaryimage\"},\"image\":{\"@id\":\"https:\/\/cafegransasso.com\/shop\/belmio-hazelnut-nespresso-compatible-capsules\/#primaryimage\"},\"thumbnailUrl\":\"https:\/\/cafegransasso.com\/wp-content\/uploads\/2023\/12\/belmio-hazelnut-nespresso-capsules-1_900x.webp\",\"datePublished\":\"2023-12-16T18:11:58+00:00\",\"dateModified\":\"2025-09-03T15:29:12+00:00\",\"breadcrumb\":{\"@id\":\"https:\/\/cafegransasso.com\/shop\/belmio-hazelnut-nespresso-compatible-capsules\/#breadcrumb\"},\"inLanguage\":\"fr-ca\",\"potentialAction\":[{\"@type\":\"ReadAction\",\"target\":[\"https:\/\/cafegransasso.com\/shop\/belmio-hazelnut-nespresso-compatible-capsules\/\"]}]},{\"@type\":\"ImageObject\",\"inLanguage\":\"fr-ca\",\"@id\":\"https:\/\/cafegransasso.com\/shop\/belmio-hazelnut-nespresso-compatible-capsules\/#primaryimage\",\"url\":\"https:\/\/cafegransasso.com\/wp-content\/uploads\/2023\/12\/belmio-hazelnut-nespresso-capsules-1_900x.webp\",\"contentUrl\":\"https:\/\/cafegransasso.com\/wp-content\/uploads\/2023\/12\/belmio-hazelnut-nespresso-capsules-1_900x.webp\",\"width\":900,\"height\":900},{\"@type\":\"BreadcrumbList\",\"@id\":\"https:\/\/cafegransasso.com\/shop\/belmio-hazelnut-nespresso-compatible-capsules\/#breadcrumb\",\"itemListElement\":[{\"@type\":\"ListItem\",\"position\":1,\"name\":\"Home\",\"item\":\"https:\/\/cafegransasso.com\/\"},{\"@type\":\"ListItem\",\"position\":2,\"name\":\"Shop\",\"item\":\"https:\/\/cafegransasso.com\/premium-office-coffee-and-accessories\/\"},{\"@type\":\"ListItem\",\"position\":3,\"name\":\"Belmio Hazelnut &#8211; Nespresso Compatible Capsules\"}]},{\"@type\":\"WebSite\",\"@id\":\"https:\/\/cafegransasso.com\/#website\",\"url\":\"https:\/\/cafegransasso.com\/\",\"name\":\"Cafe Gran Sasso\",\"description\":\"From Bean to Brew: Coffee Solutions for Businesses.\",\"publisher\":{\"@id\":\"https:\/\/cafegransasso.com\/#organization\"},\"potentialAction\":[{\"@type\":\"SearchAction\",\"target\":{\"@type\":\"EntryPoint\",\"urlTemplate\":\"https:\/\/cafegransasso.com\/?s={search_term_string}\"},\"query-input\":{\"@type\":\"PropertyValueSpecification\",\"valueRequired\":true,\"valueName\":\"search_term_string\"}}],\"inLanguage\":\"fr-ca\"},{\"@type\":\"Organization\",\"@id\":\"https:\/\/cafegransasso.com\/#organization\",\"name\":\"Cafe Gran Sasso\",\"url\":\"https:\/\/cafegransasso.com\/\",\"logo\":{\"@type\":\"ImageObject\",\"inLanguage\":\"fr-ca\",\"@id\":\"https:\/\/cafegransasso.com\/#\/schema\/logo\/image\/\",\"url\":\"https:\/\/cafegransasso.com\/wp-content\/uploads\/2024\/09\/GS-logo-Red-1-removebg-preview.png\",\"contentUrl\":\"https:\/\/cafegransasso.com\/wp-content\/uploads\/2024\/09\/GS-logo-Red-1-removebg-preview.png\",\"width\":360,\"height\":149,\"caption\":\"Cafe Gran Sasso\"},\"image\":{\"@id\":\"https:\/\/cafegransasso.com\/#\/schema\/logo\/image\/\"},\"sameAs\":[\"https:\/\/www.facebook.com\/CafeGranSasso\/\",\"https:\/\/www.instagram.com\/cafe_gransasso\/\"]}]}<\/script>\n<!-- \/ Yoast SEO plugin. -->","yoast_head_json":{"title":"Belmio Hazelnut - Nespresso Compatible Capsules - Cafe Gran Sasso","robots":{"index":"index","follow":"follow","max-snippet":"max-snippet:-1","max-image-preview":"max-image-preview:large","max-video-preview":"max-video-preview:-1"},"canonical":"https:\/\/cafegransasso.com\/fr\/shop\/belmio-hazelnut-nespresso-compatible-capsules\/","og_locale":"fr_FR","og_type":"article","og_title":"Belmio Hazelnut - Nespresso Compatible Capsules - Cafe Gran Sasso","og_description":"An indulging espresso with roasted hazelnut flavour, accentuated with chocolaty tones. Experience the warm and comforting flavours of roasted hazelnut.","og_url":"https:\/\/cafegransasso.com\/fr\/shop\/belmio-hazelnut-nespresso-compatible-capsules\/","og_site_name":"Cafe Gran Sasso","article_publisher":"https:\/\/www.facebook.com\/CafeGranSasso\/","article_modified_time":"2025-09-03T15:29:12+00:00","og_image":[{"width":900,"height":900,"url":"https:\/\/cafegransasso.com\/wp-content\/uploads\/2023\/12\/belmio-hazelnut-nespresso-capsules-1_900x.webp","type":"image\/webp"}],"twitter_card":"summary_large_image","twitter_misc":{"Est. reading time":"1 minute"},"schema":{"@context":"https:\/\/schema.org","@graph":[{"@type":"WebPage","@id":"https:\/\/cafegransasso.com\/shop\/belmio-hazelnut-nespresso-compatible-capsules\/","url":"https:\/\/cafegransasso.com\/shop\/belmio-hazelnut-nespresso-compatible-capsules\/","name":"Belmio Hazelnut - Nespresso Compatible Capsules - Cafe Gran Sasso","isPartOf":{"@id":"https:\/\/cafegransasso.com\/#website"},"primaryImageOfPage":{"@id":"https:\/\/cafegransasso.com\/shop\/belmio-hazelnut-nespresso-compatible-capsules\/#primaryimage"},"image":{"@id":"https:\/\/cafegransasso.com\/shop\/belmio-hazelnut-nespresso-compatible-capsules\/#primaryimage"},"thumbnailUrl":"https:\/\/cafegransasso.com\/wp-content\/uploads\/2023\/12\/belmio-hazelnut-nespresso-capsules-1_900x.webp","datePublished":"2023-12-16T18:11:58+00:00","dateModified":"2025-09-03T15:29:12+00:00","breadcrumb":{"@id":"https:\/\/cafegransasso.com\/shop\/belmio-hazelnut-nespresso-compatible-capsules\/#breadcrumb"},"inLanguage":"fr-ca","potentialAction":[{"@type":"ReadAction","target":["https:\/\/cafegransasso.com\/shop\/belmio-hazelnut-nespresso-compatible-capsules\/"]}]},{"@type":"ImageObject","inLanguage":"fr-ca","@id":"https:\/\/cafegransasso.com\/shop\/belmio-hazelnut-nespresso-compatible-capsules\/#primaryimage","url":"https:\/\/cafegransasso.com\/wp-content\/uploads\/2023\/12\/belmio-hazelnut-nespresso-capsules-1_900x.webp","contentUrl":"https:\/\/cafegransasso.com\/wp-content\/uploads\/2023\/12\/belmio-hazelnut-nespresso-capsules-1_900x.webp","width":900,"height":900},{"@type":"BreadcrumbList","@id":"https:\/\/cafegransasso.com\/shop\/belmio-hazelnut-nespresso-compatible-capsules\/#breadcrumb","itemListElement":[{"@type":"ListItem","position":1,"name":"Home","item":"https:\/\/cafegransasso.com\/"},{"@type":"ListItem","position":2,"name":"Shop","item":"https:\/\/cafegransasso.com\/premium-office-coffee-and-accessories\/"},{"@type":"ListItem","position":3,"name":"Belmio Hazelnut &#8211; Nespresso Compatible Capsules"}]},{"@type":"WebSite","@id":"https:\/\/cafegransasso.com\/#website","url":"https:\/\/cafegransasso.com\/","name":"Cafe Gran Sasso","description":"From Bean to Brew: Coffee Solutions for Businesses.","publisher":{"@id":"https:\/\/cafegransasso.com\/#organization"},"potentialAction":[{"@type":"SearchAction","target":{"@type":"EntryPoint","urlTemplate":"https:\/\/cafegransasso.com\/?s={search_term_string}"},"query-input":{"@type":"PropertyValueSpecification","valueRequired":true,"valueName":"search_term_string"}}],"inLanguage":"fr-ca"},{"@type":"Organization","@id":"https:\/\/cafegransasso.com\/#organization","name":"Cafe Gran Sasso","url":"https:\/\/cafegransasso.com\/","logo":{"@type":"ImageObject","inLanguage":"fr-ca","@id":"https:\/\/cafegransasso.com\/#\/schema\/logo\/image\/","url":"https:\/\/cafegransasso.com\/wp-content\/uploads\/2024\/09\/GS-logo-Red-1-removebg-preview.png","contentUrl":"https:\/\/cafegransasso.com\/wp-content\/uploads\/2024\/09\/GS-logo-Red-1-removebg-preview.png","width":360,"height":149,"caption":"Cafe Gran Sasso"},"image":{"@id":"https:\/\/cafegransasso.com\/#\/schema\/logo\/image\/"},"sameAs":["https:\/\/www.facebook.com\/CafeGranSasso\/","https:\/\/www.instagram.com\/cafe_gransasso\/"]}]}},"_links":{"self":[{"href":"https:\/\/cafegransasso.com\/fr\/wp-json\/wp\/v2\/product\/14074","targetHints":{"allow":["GET"]}}],"collection":[{"href":"https:\/\/cafegransasso.com\/fr\/wp-json\/wp\/v2\/product"}],"about":[{"href":"https:\/\/cafegransasso.com\/fr\/wp-json\/wp\/v2\/types\/product"}],"replies":[{"embeddable":true,"href":"https:\/\/cafegransasso.com\/fr\/wp-json\/wp\/v2\/comments?post=14074"}],"version-history":[{"count":2,"href":"https:\/\/cafegransasso.com\/fr\/wp-json\/wp\/v2\/product\/14074\/revisions"}],"predecessor-version":[{"id":29566,"href":"https:\/\/cafegransasso.com\/fr\/wp-json\/wp\/v2\/product\/14074\/revisions\/29566"}],"wp:featuredmedia":[{"embeddable":true,"href":"https:\/\/cafegransasso.com\/fr\/wp-json\/wp\/v2\/media\/14079"}],"wp:attachment":[{"href":"https:\/\/cafegransasso.com\/fr\/wp-json\/wp\/v2\/media?parent=14074"}],"wp:term":[{"taxonomy":"product_brand","embeddable":true,"href":"https:\/\/cafegransasso.com\/fr\/wp-json\/wp\/v2\/product_brand?post=14074"},{"taxonomy":"product_cat","embeddable":true,"href":"https:\/\/cafegransasso.com\/fr\/wp-json\/wp\/v2\/product_cat?post=14074"},{"taxonomy":"product_tag","embeddable":true,"href":"https:\/\/cafegransasso.com\/fr\/wp-json\/wp\/v2\/product_tag?post=14074"}],"curies":[{"name":"wp","href":"https:\/\/api.w.org\/{rel}","templated":true}]}}