{"id":14219,"date":"2024-07-29T12:34:15","date_gmt":"2024-07-29T16:34:15","guid":{"rendered":"https:\/\/www.cafegransasso.com\/?post_type=product&#038;p=14219"},"modified":"2025-08-15T12:39:14","modified_gmt":"2025-08-15T16:39:14","slug":"barista-prima-italian-roast-decaf","status":"publish","type":"product","link":"https:\/\/cafegransasso.com\/fr\/shop\/barista-prima-italian-roast-decaf\/","title":{"rendered":"Barista Prima \u2013 Torr\u00e9faction italienne d\u00e9caf\u00e9in\u00e9e"},"content":{"rendered":"<p><strong>L'art du caf\u00e9 europ\u00e9en dans votre\u00a0<\/strong><strong>favourite<\/strong><strong>\u00a0cup.<\/strong><\/p>\n<p>La passion pour les caf\u00e9s riches et profond\u00e9ment torr\u00e9fi\u00e9s d'Italie est au c\u0153ur de Barista Prima CoffeehouseTM, une collection exclusive des meilleurs caf\u00e9s du monde, torr\u00e9fi\u00e9s dans la tradition des caf\u00e9s les plus c\u00e9l\u00e8bres d'Europe. Audacieuse et complexe, mais parfaitement \u00e9quilibr\u00e9e, chaque tasse refl\u00e8te l'art consomm\u00e9 et le soin artisanal que seuls les baristas les plus qualifi\u00e9s peuvent offrir.<\/p>\n<p>&nbsp;<\/p>\n<ul>\n<li><strong>GO\u00dbT<\/strong>: Un breuvage riche et audacieux avec des notes de fruits m\u00fbrs et de baies, un soup\u00e7on de fum\u00e9e et une finale douce et nette.<\/li>\n<li><strong>Torr\u00e9faction<\/strong>: D\u00e9caf\u00e9in\u00e9 Torr\u00e9faction fonc\u00e9e.<\/li>\n<li><strong>D'ORIGINE RESPONSABLE :\u00a0<\/strong>Le caf\u00e9 Barista Prima CoffeehouseTM est fabriqu\u00e9 \u00e0 partir de grains de caf\u00e9 provenant de sources responsables, ce qui signifie que notre caf\u00e9 est cultiv\u00e9 de mani\u00e8re \u00e0 avoir un impact positif et durable sur les agriculteurs et l'environnement, afin qu'il puisse \u00eatre appr\u00e9ci\u00e9 pendant des g\u00e9n\u00e9rations.<\/li>\n<li><strong>COMPATIBILIT\u00c9<\/strong>: Contient de v\u00e9ritables dosettes K-Cup accessibles dans toutes les cafeti\u00e8res Keurig, con\u00e7ues pour une qualit\u00e9 garantie et une compatibilit\u00e9 avec toutes les cafeti\u00e8res K-Cup Keurig.<\/li>\n<li><strong>INGREDIENTS<\/strong>: Caf\u00e9 d\u00e9caf\u00e9in\u00e9 au chlorure de m\u00e9thyl\u00e8ne.<\/li>\n<\/ul>","protected":false},"excerpt":{"rendered":"<p>European coffee artistry in your\u00a0favourite\u00a0cup. A passion for the rich, deep-roasted brews of Italy lies at the heart of Barista<\/p>","protected":false},"featured_media":26278,"comment_status":"open","ping_status":"closed","template":"","meta":[],"product_brand":[],"product_cat":[656,191,641],"product_tag":[305,322,308,307],"class_list":{"0":"post-14219","1":"product","2":"type-product","3":"status-publish","4":"has-post-thumbnail","6":"product_cat-bulk-deals","7":"product_cat-keurig-pods","8":"product_cat-single-serve","9":"product_tag-barista-prima","10":"product_tag-italian","11":"product_tag-k-cup","12":"product_tag-keurig","14":"first","15":"instock","16":"purchasable","17":"product-type-variable"},"yoast_head":"<!-- This site is optimized with the Yoast SEO plugin v27.3 - https:\/\/yoast.com\/product\/yoast-seo-wordpress\/ -->\n<title>Barista Prima Italian Roast DECAF - Cafe Gran Sasso<\/title>\n<meta name=\"robots\" content=\"index, follow, max-snippet:-1, max-image-preview:large, max-video-preview:-1\" \/>\n<link rel=\"canonical\" href=\"https:\/\/cafegransasso.com\/fr\/shop\/barista-prima-italian-roast-decaf\/\" \/>\n<meta property=\"og:locale\" content=\"fr_FR\" \/>\n<meta property=\"og:type\" content=\"article\" \/>\n<meta property=\"og:title\" content=\"Barista Prima Italian Roast DECAF - Cafe Gran Sasso\" \/>\n<meta property=\"og:description\" content=\"European coffee artistry in your\u00a0favourite\u00a0cup. A passion for the rich, deep-roasted brews of Italy lies at the heart of Barista\" \/>\n<meta property=\"og:url\" content=\"https:\/\/cafegransasso.com\/fr\/shop\/barista-prima-italian-roast-decaf\/\" \/>\n<meta property=\"og:site_name\" content=\"Cafe Gran Sasso\" \/>\n<meta property=\"article:publisher\" content=\"https:\/\/www.facebook.com\/CafeGranSasso\/\" \/>\n<meta property=\"article:modified_time\" content=\"2025-08-15T16:39:14+00:00\" \/>\n<meta property=\"og:image\" content=\"https:\/\/cafegransasso.com\/wp-content\/uploads\/2024\/07\/VH_LID_BaristaPrima_ItalianRoast-Decaf_-_BIL-df673adb.png\" \/>\n\t<meta property=\"og:image:width\" content=\"1920\" \/>\n\t<meta property=\"og:image:height\" content=\"1920\" \/>\n\t<meta property=\"og:image:type\" content=\"image\/png\" \/>\n<meta name=\"twitter:card\" content=\"summary_large_image\" \/>\n<meta name=\"twitter:label1\" content=\"Est. reading time\" \/>\n\t<meta name=\"twitter:data1\" content=\"1 minute\" \/>\n<script type=\"application\/ld+json\" class=\"yoast-schema-graph\">{\"@context\":\"https:\\\/\\\/schema.org\",\"@graph\":[{\"@type\":\"WebPage\",\"@id\":\"https:\\\/\\\/cafegransasso.com\\\/shop\\\/barista-prima-italian-roast-decaf\\\/\",\"url\":\"https:\\\/\\\/cafegransasso.com\\\/shop\\\/barista-prima-italian-roast-decaf\\\/\",\"name\":\"Barista Prima Italian Roast DECAF - Cafe Gran Sasso\",\"isPartOf\":{\"@id\":\"https:\\\/\\\/cafegransasso.com\\\/#website\"},\"primaryImageOfPage\":{\"@id\":\"https:\\\/\\\/cafegransasso.com\\\/shop\\\/barista-prima-italian-roast-decaf\\\/#primaryimage\"},\"image\":{\"@id\":\"https:\\\/\\\/cafegransasso.com\\\/shop\\\/barista-prima-italian-roast-decaf\\\/#primaryimage\"},\"thumbnailUrl\":\"https:\\\/\\\/cafegransasso.com\\\/wp-content\\\/uploads\\\/2024\\\/07\\\/VH_LID_BaristaPrima_ItalianRoast-Decaf_-_BIL-df673adb.png\",\"datePublished\":\"2024-07-29T16:34:15+00:00\",\"dateModified\":\"2025-08-15T16:39:14+00:00\",\"breadcrumb\":{\"@id\":\"https:\\\/\\\/cafegransasso.com\\\/shop\\\/barista-prima-italian-roast-decaf\\\/#breadcrumb\"},\"inLanguage\":\"fr-ca\",\"potentialAction\":[{\"@type\":\"ReadAction\",\"target\":[\"https:\\\/\\\/cafegransasso.com\\\/shop\\\/barista-prima-italian-roast-decaf\\\/\"]}]},{\"@type\":\"ImageObject\",\"inLanguage\":\"fr-ca\",\"@id\":\"https:\\\/\\\/cafegransasso.com\\\/shop\\\/barista-prima-italian-roast-decaf\\\/#primaryimage\",\"url\":\"https:\\\/\\\/cafegransasso.com\\\/wp-content\\\/uploads\\\/2024\\\/07\\\/VH_LID_BaristaPrima_ItalianRoast-Decaf_-_BIL-df673adb.png\",\"contentUrl\":\"https:\\\/\\\/cafegransasso.com\\\/wp-content\\\/uploads\\\/2024\\\/07\\\/VH_LID_BaristaPrima_ItalianRoast-Decaf_-_BIL-df673adb.png\",\"width\":1920,\"height\":1920},{\"@type\":\"BreadcrumbList\",\"@id\":\"https:\\\/\\\/cafegransasso.com\\\/shop\\\/barista-prima-italian-roast-decaf\\\/#breadcrumb\",\"itemListElement\":[{\"@type\":\"ListItem\",\"position\":1,\"name\":\"Home\",\"item\":\"https:\\\/\\\/cafegransasso.com\\\/\"},{\"@type\":\"ListItem\",\"position\":2,\"name\":\"Shop\",\"item\":\"https:\\\/\\\/cafegransasso.com\\\/premium-office-coffee-and-accessories\\\/\"},{\"@type\":\"ListItem\",\"position\":3,\"name\":\"Barista Prima Italian Roast DECAF\"}]},{\"@type\":\"WebSite\",\"@id\":\"https:\\\/\\\/cafegransasso.com\\\/#website\",\"url\":\"https:\\\/\\\/cafegransasso.com\\\/\",\"name\":\"Cafe Gran Sasso\",\"description\":\"From Bean to Brew: Coffee Solutions for Businesses.\",\"publisher\":{\"@id\":\"https:\\\/\\\/cafegransasso.com\\\/#organization\"},\"potentialAction\":[{\"@type\":\"SearchAction\",\"target\":{\"@type\":\"EntryPoint\",\"urlTemplate\":\"https:\\\/\\\/cafegransasso.com\\\/?s={search_term_string}\"},\"query-input\":{\"@type\":\"PropertyValueSpecification\",\"valueRequired\":true,\"valueName\":\"search_term_string\"}}],\"inLanguage\":\"fr-ca\"},{\"@type\":\"Organization\",\"@id\":\"https:\\\/\\\/cafegransasso.com\\\/#organization\",\"name\":\"Cafe Gran Sasso\",\"url\":\"https:\\\/\\\/cafegransasso.com\\\/\",\"logo\":{\"@type\":\"ImageObject\",\"inLanguage\":\"fr-ca\",\"@id\":\"https:\\\/\\\/cafegransasso.com\\\/#\\\/schema\\\/logo\\\/image\\\/\",\"url\":\"https:\\\/\\\/cafegransasso.com\\\/wp-content\\\/uploads\\\/2024\\\/09\\\/GS-logo-Red-1-removebg-preview.png\",\"contentUrl\":\"https:\\\/\\\/cafegransasso.com\\\/wp-content\\\/uploads\\\/2024\\\/09\\\/GS-logo-Red-1-removebg-preview.png\",\"width\":360,\"height\":149,\"caption\":\"Cafe Gran Sasso\"},\"image\":{\"@id\":\"https:\\\/\\\/cafegransasso.com\\\/#\\\/schema\\\/logo\\\/image\\\/\"},\"sameAs\":[\"https:\\\/\\\/www.facebook.com\\\/CafeGranSasso\\\/\",\"https:\\\/\\\/www.instagram.com\\\/cafe_gransasso\\\/\"]}]}<\/script>\n<!-- \/ Yoast SEO plugin. -->","yoast_head_json":{"title":"Barista Prima Italian Roast DECAF - Cafe Gran Sasso","robots":{"index":"index","follow":"follow","max-snippet":"max-snippet:-1","max-image-preview":"max-image-preview:large","max-video-preview":"max-video-preview:-1"},"canonical":"https:\/\/cafegransasso.com\/fr\/shop\/barista-prima-italian-roast-decaf\/","og_locale":"fr_FR","og_type":"article","og_title":"Barista Prima Italian Roast DECAF - Cafe Gran Sasso","og_description":"European coffee artistry in your\u00a0favourite\u00a0cup. A passion for the rich, deep-roasted brews of Italy lies at the heart of Barista","og_url":"https:\/\/cafegransasso.com\/fr\/shop\/barista-prima-italian-roast-decaf\/","og_site_name":"Cafe Gran Sasso","article_publisher":"https:\/\/www.facebook.com\/CafeGranSasso\/","article_modified_time":"2025-08-15T16:39:14+00:00","og_image":[{"width":1920,"height":1920,"url":"https:\/\/cafegransasso.com\/wp-content\/uploads\/2024\/07\/VH_LID_BaristaPrima_ItalianRoast-Decaf_-_BIL-df673adb.png","type":"image\/png"}],"twitter_card":"summary_large_image","twitter_misc":{"Est. reading time":"1 minute"},"schema":{"@context":"https:\/\/schema.org","@graph":[{"@type":"WebPage","@id":"https:\/\/cafegransasso.com\/shop\/barista-prima-italian-roast-decaf\/","url":"https:\/\/cafegransasso.com\/shop\/barista-prima-italian-roast-decaf\/","name":"Barista Prima Italian Roast DECAF - Cafe Gran Sasso","isPartOf":{"@id":"https:\/\/cafegransasso.com\/#website"},"primaryImageOfPage":{"@id":"https:\/\/cafegransasso.com\/shop\/barista-prima-italian-roast-decaf\/#primaryimage"},"image":{"@id":"https:\/\/cafegransasso.com\/shop\/barista-prima-italian-roast-decaf\/#primaryimage"},"thumbnailUrl":"https:\/\/cafegransasso.com\/wp-content\/uploads\/2024\/07\/VH_LID_BaristaPrima_ItalianRoast-Decaf_-_BIL-df673adb.png","datePublished":"2024-07-29T16:34:15+00:00","dateModified":"2025-08-15T16:39:14+00:00","breadcrumb":{"@id":"https:\/\/cafegransasso.com\/shop\/barista-prima-italian-roast-decaf\/#breadcrumb"},"inLanguage":"fr-ca","potentialAction":[{"@type":"ReadAction","target":["https:\/\/cafegransasso.com\/shop\/barista-prima-italian-roast-decaf\/"]}]},{"@type":"ImageObject","inLanguage":"fr-ca","@id":"https:\/\/cafegransasso.com\/shop\/barista-prima-italian-roast-decaf\/#primaryimage","url":"https:\/\/cafegransasso.com\/wp-content\/uploads\/2024\/07\/VH_LID_BaristaPrima_ItalianRoast-Decaf_-_BIL-df673adb.png","contentUrl":"https:\/\/cafegransasso.com\/wp-content\/uploads\/2024\/07\/VH_LID_BaristaPrima_ItalianRoast-Decaf_-_BIL-df673adb.png","width":1920,"height":1920},{"@type":"BreadcrumbList","@id":"https:\/\/cafegransasso.com\/shop\/barista-prima-italian-roast-decaf\/#breadcrumb","itemListElement":[{"@type":"ListItem","position":1,"name":"Home","item":"https:\/\/cafegransasso.com\/"},{"@type":"ListItem","position":2,"name":"Shop","item":"https:\/\/cafegransasso.com\/premium-office-coffee-and-accessories\/"},{"@type":"ListItem","position":3,"name":"Barista Prima Italian Roast DECAF"}]},{"@type":"WebSite","@id":"https:\/\/cafegransasso.com\/#website","url":"https:\/\/cafegransasso.com\/","name":"Cafe Gran Sasso","description":"From Bean to Brew: Coffee Solutions for Businesses.","publisher":{"@id":"https:\/\/cafegransasso.com\/#organization"},"potentialAction":[{"@type":"SearchAction","target":{"@type":"EntryPoint","urlTemplate":"https:\/\/cafegransasso.com\/?s={search_term_string}"},"query-input":{"@type":"PropertyValueSpecification","valueRequired":true,"valueName":"search_term_string"}}],"inLanguage":"fr-ca"},{"@type":"Organization","@id":"https:\/\/cafegransasso.com\/#organization","name":"Cafe Gran Sasso","url":"https:\/\/cafegransasso.com\/","logo":{"@type":"ImageObject","inLanguage":"fr-ca","@id":"https:\/\/cafegransasso.com\/#\/schema\/logo\/image\/","url":"https:\/\/cafegransasso.com\/wp-content\/uploads\/2024\/09\/GS-logo-Red-1-removebg-preview.png","contentUrl":"https:\/\/cafegransasso.com\/wp-content\/uploads\/2024\/09\/GS-logo-Red-1-removebg-preview.png","width":360,"height":149,"caption":"Cafe Gran Sasso"},"image":{"@id":"https:\/\/cafegransasso.com\/#\/schema\/logo\/image\/"},"sameAs":["https:\/\/www.facebook.com\/CafeGranSasso\/","https:\/\/www.instagram.com\/cafe_gransasso\/"]}]}},"_links":{"self":[{"href":"https:\/\/cafegransasso.com\/fr\/wp-json\/wp\/v2\/product\/14219","targetHints":{"allow":["GET"]}}],"collection":[{"href":"https:\/\/cafegransasso.com\/fr\/wp-json\/wp\/v2\/product"}],"about":[{"href":"https:\/\/cafegransasso.com\/fr\/wp-json\/wp\/v2\/types\/product"}],"replies":[{"embeddable":true,"href":"https:\/\/cafegransasso.com\/fr\/wp-json\/wp\/v2\/comments?post=14219"}],"version-history":[{"count":1,"href":"https:\/\/cafegransasso.com\/fr\/wp-json\/wp\/v2\/product\/14219\/revisions"}],"predecessor-version":[{"id":26280,"href":"https:\/\/cafegransasso.com\/fr\/wp-json\/wp\/v2\/product\/14219\/revisions\/26280"}],"wp:featuredmedia":[{"embeddable":true,"href":"https:\/\/cafegransasso.com\/fr\/wp-json\/wp\/v2\/media\/26278"}],"wp:attachment":[{"href":"https:\/\/cafegransasso.com\/fr\/wp-json\/wp\/v2\/media?parent=14219"}],"wp:term":[{"taxonomy":"product_brand","embeddable":true,"href":"https:\/\/cafegransasso.com\/fr\/wp-json\/wp\/v2\/product_brand?post=14219"},{"taxonomy":"product_cat","embeddable":true,"href":"https:\/\/cafegransasso.com\/fr\/wp-json\/wp\/v2\/product_cat?post=14219"},{"taxonomy":"product_tag","embeddable":true,"href":"https:\/\/cafegransasso.com\/fr\/wp-json\/wp\/v2\/product_tag?post=14219"}],"curies":[{"name":"wp","href":"https:\/\/api.w.org\/{rel}","templated":true}]}}