{"id":14232,"date":"2024-07-29T13:03:50","date_gmt":"2024-07-29T17:03:50","guid":{"rendered":"https:\/\/www.cafegransasso.com\/?post_type=product&#038;p=14232"},"modified":"2025-08-15T12:53:52","modified_gmt":"2025-08-15T16:53:52","slug":"lavazza-rossa","status":"publish","type":"product","link":"https:\/\/cafegransasso.com\/fr\/shop\/lavazza-rossa\/","title":{"rendered":"LAVAZZA\u00ae Rossa"},"content":{"rendered":"<p>On le reconna\u00eet \u00e0 sa couleur. Rouge, comme la passion du caf\u00e9. Avec son m\u00e9lange de grains d'Arabica et de Robusta, Qualit\u00e0 Rossa se d\u00e9guste \u00e0 tout moment de la journ\u00e9e. Depuis 1895, Lavazza poursuit la perfection du caf\u00e9 gr\u00e2ce \u00e0 son d\u00e9vouement \u00e0 la qualit\u00e9 et \u00e0 son expertise en mati\u00e8re de cr\u00e9ation de caf\u00e9. Notre objectif est de vous faire vivre l'exp\u00e9rience Lavazza dans une tasse de caf\u00e9 pratique. Laissez-vous s\u00e9duire par notre passion.<\/p>\n<p>&nbsp;<\/p>\n<ul>\n<li>QUANTIT\u00c9 : A l'achat de ce produit Lavazza, vous recevrez 24 capsules K-Cup sp\u00e9cialement con\u00e7ues pour les cafeti\u00e8res Keurig.<\/li>\n<li>QUALIT\u00c9 : Lavazza Qualit\u00e0 Rossa est un m\u00e9lange de grains Arabica et Robusta pour une saveur douce et pleine.<\/li>\n<li>INTENSIT\u00c9 : 5\/10 Profil aromatique \u00e9quilibr\u00e9 offrant un niveau d'intensit\u00e9 mod\u00e9r\u00e9, adapt\u00e9 \u00e0 la consommation quotidienne et convenant \u00e0 un large \u00e9ventail de palais.<\/li>\n<li>GO\u00dbT : Appr\u00e9ciez le go\u00fbt de Lavazza Qualit\u00e0 Rossa qui est riche et cors\u00e9 avec des notes de chocolat.<\/li>\n<li>COMPATIBILIT\u00c9 : Ce produit contient des dosettes K-Cup authentiques, con\u00e7ues pour garantir la qualit\u00e9 et la compatibilit\u00e9 avec toutes les cafeti\u00e8res Keurig.<\/li>\n<\/ul>","protected":false},"excerpt":{"rendered":"<p>You Know it by its colour. Red, like the passion for coffee. With its blend of Arabica beans and Robusta<\/p>","protected":false},"featured_media":14234,"comment_status":"closed","ping_status":"closed","template":"","meta":[],"product_brand":[],"product_cat":[656,191,641],"product_tag":[308,307,513],"class_list":{"0":"post-14232","1":"product","2":"type-product","3":"status-publish","4":"has-post-thumbnail","6":"product_cat-bulk-deals","7":"product_cat-keurig-pods","8":"product_cat-single-serve","9":"product_tag-k-cup","10":"product_tag-keurig","11":"product_tag-lavazza","13":"first","14":"instock","15":"purchasable","16":"product-type-variable","17":"has-default-attributes"},"yoast_head":"<!-- This site is optimized with the Yoast SEO plugin v27.3 - https:\/\/yoast.com\/product\/yoast-seo-wordpress\/ -->\n<title>LAVAZZA\u00ae Rossa - Cafe Gran Sasso<\/title>\n<meta name=\"robots\" content=\"index, follow, max-snippet:-1, max-image-preview:large, max-video-preview:-1\" \/>\n<link rel=\"canonical\" href=\"https:\/\/cafegransasso.com\/fr\/shop\/lavazza-rossa\/\" \/>\n<meta property=\"og:locale\" content=\"fr_FR\" \/>\n<meta property=\"og:type\" content=\"article\" \/>\n<meta property=\"og:title\" content=\"LAVAZZA\u00ae Rossa - Cafe Gran Sasso\" \/>\n<meta property=\"og:description\" content=\"You Know it by its colour. Red, like the passion for coffee. With its blend of Arabica beans and Robusta\" \/>\n<meta property=\"og:url\" content=\"https:\/\/cafegransasso.com\/fr\/shop\/lavazza-rossa\/\" \/>\n<meta property=\"og:site_name\" content=\"Cafe Gran Sasso\" \/>\n<meta property=\"article:publisher\" content=\"https:\/\/www.facebook.com\/CafeGranSasso\/\" \/>\n<meta property=\"article:modified_time\" content=\"2025-08-15T16:53:52+00:00\" \/>\n<meta property=\"og:image\" content=\"https:\/\/cafegransasso.com\/wp-content\/uploads\/2024\/07\/Lavazza-Rossa.jpg\" \/>\n\t<meta property=\"og:image:width\" content=\"311\" \/>\n\t<meta property=\"og:image:height\" content=\"316\" \/>\n\t<meta property=\"og:image:type\" content=\"image\/jpeg\" \/>\n<meta name=\"twitter:card\" content=\"summary_large_image\" \/>\n<meta name=\"twitter:label1\" content=\"Est. reading time\" \/>\n\t<meta name=\"twitter:data1\" content=\"1 minute\" \/>\n<script type=\"application\/ld+json\" class=\"yoast-schema-graph\">{\"@context\":\"https:\\\/\\\/schema.org\",\"@graph\":[{\"@type\":\"WebPage\",\"@id\":\"https:\\\/\\\/cafegransasso.com\\\/shop\\\/lavazza-rossa\\\/\",\"url\":\"https:\\\/\\\/cafegransasso.com\\\/shop\\\/lavazza-rossa\\\/\",\"name\":\"LAVAZZA\u00ae Rossa - Cafe Gran Sasso\",\"isPartOf\":{\"@id\":\"https:\\\/\\\/cafegransasso.com\\\/#website\"},\"primaryImageOfPage\":{\"@id\":\"https:\\\/\\\/cafegransasso.com\\\/shop\\\/lavazza-rossa\\\/#primaryimage\"},\"image\":{\"@id\":\"https:\\\/\\\/cafegransasso.com\\\/shop\\\/lavazza-rossa\\\/#primaryimage\"},\"thumbnailUrl\":\"https:\\\/\\\/cafegransasso.com\\\/wp-content\\\/uploads\\\/2024\\\/07\\\/Lavazza-Rossa.jpg\",\"datePublished\":\"2024-07-29T17:03:50+00:00\",\"dateModified\":\"2025-08-15T16:53:52+00:00\",\"breadcrumb\":{\"@id\":\"https:\\\/\\\/cafegransasso.com\\\/shop\\\/lavazza-rossa\\\/#breadcrumb\"},\"inLanguage\":\"fr-ca\",\"potentialAction\":[{\"@type\":\"ReadAction\",\"target\":[\"https:\\\/\\\/cafegransasso.com\\\/shop\\\/lavazza-rossa\\\/\"]}]},{\"@type\":\"ImageObject\",\"inLanguage\":\"fr-ca\",\"@id\":\"https:\\\/\\\/cafegransasso.com\\\/shop\\\/lavazza-rossa\\\/#primaryimage\",\"url\":\"https:\\\/\\\/cafegransasso.com\\\/wp-content\\\/uploads\\\/2024\\\/07\\\/Lavazza-Rossa.jpg\",\"contentUrl\":\"https:\\\/\\\/cafegransasso.com\\\/wp-content\\\/uploads\\\/2024\\\/07\\\/Lavazza-Rossa.jpg\",\"width\":311,\"height\":316},{\"@type\":\"BreadcrumbList\",\"@id\":\"https:\\\/\\\/cafegransasso.com\\\/shop\\\/lavazza-rossa\\\/#breadcrumb\",\"itemListElement\":[{\"@type\":\"ListItem\",\"position\":1,\"name\":\"Home\",\"item\":\"https:\\\/\\\/cafegransasso.com\\\/\"},{\"@type\":\"ListItem\",\"position\":2,\"name\":\"Shop\",\"item\":\"https:\\\/\\\/cafegransasso.com\\\/premium-office-coffee-and-accessories\\\/\"},{\"@type\":\"ListItem\",\"position\":3,\"name\":\"LAVAZZA\u00ae Rossa\"}]},{\"@type\":\"WebSite\",\"@id\":\"https:\\\/\\\/cafegransasso.com\\\/#website\",\"url\":\"https:\\\/\\\/cafegransasso.com\\\/\",\"name\":\"Cafe Gran Sasso\",\"description\":\"From Bean to Brew: Coffee Solutions for Businesses.\",\"publisher\":{\"@id\":\"https:\\\/\\\/cafegransasso.com\\\/#organization\"},\"potentialAction\":[{\"@type\":\"SearchAction\",\"target\":{\"@type\":\"EntryPoint\",\"urlTemplate\":\"https:\\\/\\\/cafegransasso.com\\\/?s={search_term_string}\"},\"query-input\":{\"@type\":\"PropertyValueSpecification\",\"valueRequired\":true,\"valueName\":\"search_term_string\"}}],\"inLanguage\":\"fr-ca\"},{\"@type\":\"Organization\",\"@id\":\"https:\\\/\\\/cafegransasso.com\\\/#organization\",\"name\":\"Cafe Gran Sasso\",\"url\":\"https:\\\/\\\/cafegransasso.com\\\/\",\"logo\":{\"@type\":\"ImageObject\",\"inLanguage\":\"fr-ca\",\"@id\":\"https:\\\/\\\/cafegransasso.com\\\/#\\\/schema\\\/logo\\\/image\\\/\",\"url\":\"https:\\\/\\\/cafegransasso.com\\\/wp-content\\\/uploads\\\/2024\\\/09\\\/GS-logo-Red-1-removebg-preview.png\",\"contentUrl\":\"https:\\\/\\\/cafegransasso.com\\\/wp-content\\\/uploads\\\/2024\\\/09\\\/GS-logo-Red-1-removebg-preview.png\",\"width\":360,\"height\":149,\"caption\":\"Cafe Gran Sasso\"},\"image\":{\"@id\":\"https:\\\/\\\/cafegransasso.com\\\/#\\\/schema\\\/logo\\\/image\\\/\"},\"sameAs\":[\"https:\\\/\\\/www.facebook.com\\\/CafeGranSasso\\\/\",\"https:\\\/\\\/www.instagram.com\\\/cafe_gransasso\\\/\"]}]}<\/script>\n<!-- \/ Yoast SEO plugin. -->","yoast_head_json":{"title":"LAVAZZA\u00ae Rossa - Cafe Gran Sasso","robots":{"index":"index","follow":"follow","max-snippet":"max-snippet:-1","max-image-preview":"max-image-preview:large","max-video-preview":"max-video-preview:-1"},"canonical":"https:\/\/cafegransasso.com\/fr\/shop\/lavazza-rossa\/","og_locale":"fr_FR","og_type":"article","og_title":"LAVAZZA\u00ae Rossa - Cafe Gran Sasso","og_description":"You Know it by its colour. Red, like the passion for coffee. With its blend of Arabica beans and Robusta","og_url":"https:\/\/cafegransasso.com\/fr\/shop\/lavazza-rossa\/","og_site_name":"Cafe Gran Sasso","article_publisher":"https:\/\/www.facebook.com\/CafeGranSasso\/","article_modified_time":"2025-08-15T16:53:52+00:00","og_image":[{"width":311,"height":316,"url":"https:\/\/cafegransasso.com\/wp-content\/uploads\/2024\/07\/Lavazza-Rossa.jpg","type":"image\/jpeg"}],"twitter_card":"summary_large_image","twitter_misc":{"Est. reading time":"1 minute"},"schema":{"@context":"https:\/\/schema.org","@graph":[{"@type":"WebPage","@id":"https:\/\/cafegransasso.com\/shop\/lavazza-rossa\/","url":"https:\/\/cafegransasso.com\/shop\/lavazza-rossa\/","name":"LAVAZZA\u00ae Rossa - Cafe Gran Sasso","isPartOf":{"@id":"https:\/\/cafegransasso.com\/#website"},"primaryImageOfPage":{"@id":"https:\/\/cafegransasso.com\/shop\/lavazza-rossa\/#primaryimage"},"image":{"@id":"https:\/\/cafegransasso.com\/shop\/lavazza-rossa\/#primaryimage"},"thumbnailUrl":"https:\/\/cafegransasso.com\/wp-content\/uploads\/2024\/07\/Lavazza-Rossa.jpg","datePublished":"2024-07-29T17:03:50+00:00","dateModified":"2025-08-15T16:53:52+00:00","breadcrumb":{"@id":"https:\/\/cafegransasso.com\/shop\/lavazza-rossa\/#breadcrumb"},"inLanguage":"fr-ca","potentialAction":[{"@type":"ReadAction","target":["https:\/\/cafegransasso.com\/shop\/lavazza-rossa\/"]}]},{"@type":"ImageObject","inLanguage":"fr-ca","@id":"https:\/\/cafegransasso.com\/shop\/lavazza-rossa\/#primaryimage","url":"https:\/\/cafegransasso.com\/wp-content\/uploads\/2024\/07\/Lavazza-Rossa.jpg","contentUrl":"https:\/\/cafegransasso.com\/wp-content\/uploads\/2024\/07\/Lavazza-Rossa.jpg","width":311,"height":316},{"@type":"BreadcrumbList","@id":"https:\/\/cafegransasso.com\/shop\/lavazza-rossa\/#breadcrumb","itemListElement":[{"@type":"ListItem","position":1,"name":"Home","item":"https:\/\/cafegransasso.com\/"},{"@type":"ListItem","position":2,"name":"Shop","item":"https:\/\/cafegransasso.com\/premium-office-coffee-and-accessories\/"},{"@type":"ListItem","position":3,"name":"LAVAZZA\u00ae Rossa"}]},{"@type":"WebSite","@id":"https:\/\/cafegransasso.com\/#website","url":"https:\/\/cafegransasso.com\/","name":"Cafe Gran Sasso","description":"From Bean to Brew: Coffee Solutions for Businesses.","publisher":{"@id":"https:\/\/cafegransasso.com\/#organization"},"potentialAction":[{"@type":"SearchAction","target":{"@type":"EntryPoint","urlTemplate":"https:\/\/cafegransasso.com\/?s={search_term_string}"},"query-input":{"@type":"PropertyValueSpecification","valueRequired":true,"valueName":"search_term_string"}}],"inLanguage":"fr-ca"},{"@type":"Organization","@id":"https:\/\/cafegransasso.com\/#organization","name":"Cafe Gran Sasso","url":"https:\/\/cafegransasso.com\/","logo":{"@type":"ImageObject","inLanguage":"fr-ca","@id":"https:\/\/cafegransasso.com\/#\/schema\/logo\/image\/","url":"https:\/\/cafegransasso.com\/wp-content\/uploads\/2024\/09\/GS-logo-Red-1-removebg-preview.png","contentUrl":"https:\/\/cafegransasso.com\/wp-content\/uploads\/2024\/09\/GS-logo-Red-1-removebg-preview.png","width":360,"height":149,"caption":"Cafe Gran Sasso"},"image":{"@id":"https:\/\/cafegransasso.com\/#\/schema\/logo\/image\/"},"sameAs":["https:\/\/www.facebook.com\/CafeGranSasso\/","https:\/\/www.instagram.com\/cafe_gransasso\/"]}]}},"_links":{"self":[{"href":"https:\/\/cafegransasso.com\/fr\/wp-json\/wp\/v2\/product\/14232","targetHints":{"allow":["GET"]}}],"collection":[{"href":"https:\/\/cafegransasso.com\/fr\/wp-json\/wp\/v2\/product"}],"about":[{"href":"https:\/\/cafegransasso.com\/fr\/wp-json\/wp\/v2\/types\/product"}],"replies":[{"embeddable":true,"href":"https:\/\/cafegransasso.com\/fr\/wp-json\/wp\/v2\/comments?post=14232"}],"version-history":[{"count":2,"href":"https:\/\/cafegransasso.com\/fr\/wp-json\/wp\/v2\/product\/14232\/revisions"}],"predecessor-version":[{"id":28387,"href":"https:\/\/cafegransasso.com\/fr\/wp-json\/wp\/v2\/product\/14232\/revisions\/28387"}],"wp:featuredmedia":[{"embeddable":true,"href":"https:\/\/cafegransasso.com\/fr\/wp-json\/wp\/v2\/media\/14234"}],"wp:attachment":[{"href":"https:\/\/cafegransasso.com\/fr\/wp-json\/wp\/v2\/media?parent=14232"}],"wp:term":[{"taxonomy":"product_brand","embeddable":true,"href":"https:\/\/cafegransasso.com\/fr\/wp-json\/wp\/v2\/product_brand?post=14232"},{"taxonomy":"product_cat","embeddable":true,"href":"https:\/\/cafegransasso.com\/fr\/wp-json\/wp\/v2\/product_cat?post=14232"},{"taxonomy":"product_tag","embeddable":true,"href":"https:\/\/cafegransasso.com\/fr\/wp-json\/wp\/v2\/product_tag?post=14232"}],"curies":[{"name":"wp","href":"https:\/\/api.w.org\/{rel}","templated":true}]}}