{"id":14236,"date":"2024-07-29T13:09:30","date_gmt":"2024-07-29T17:09:30","guid":{"rendered":"https:\/\/www.cafegransasso.com\/?post_type=product&#038;p=14236"},"modified":"2025-08-15T12:53:08","modified_gmt":"2025-08-15T16:53:08","slug":"lavazza-crema-e-gusto","status":"publish","type":"product","link":"https:\/\/cafegransasso.com\/fr\/shop\/lavazza-crema-e-gusto\/","title":{"rendered":"LAVAZZA\u00ae Crema e Gusto"},"content":{"rendered":"<p>Crema e Gusto Classico a un go\u00fbt rond et enveloppant qui accompagne parfaitement votre petit-d\u00e9jeuner quotidien. Les caf\u00e9s Arabica et Robusta se combinent pour offrir un \u00e9quilibre - \u00e0 savourer avec ou sans lait. Pour vous, et pour ceux qui commencent la journ\u00e9e avec vous, commencez chaque jour avec le plaisir d'un bon caf\u00e9. Depuis 1895, Lavazza poursuit la perfection du caf\u00e9 gr\u00e2ce \u00e0 son d\u00e9vouement \u00e0 la qualit\u00e9 et \u00e0 son expertise en mati\u00e8re de cr\u00e9ation de caf\u00e9. Notre objectif est de vous faire vivre l'exp\u00e9rience Lavazza dans une tasse de caf\u00e9 pratique. Laissez notre passion \u00eatre votre plaisir.<\/p>\n<p>&nbsp;<\/p>\n<ul>\n<li>QUANTIT\u00c9 : \u00c0 l'achat de ce produit Lavazza, vous recevrez 30 capsules K-Cup sp\u00e9cialement con\u00e7ues pour les cafeti\u00e8res Keurig.<\/li>\n<li>QUALIT\u00c9 : Lavazza Crema e Gusto est un m\u00e9lange de grains Arabica et Robusta pour une saveur douce et pleine.<\/li>\n<li>INTENSIT\u00c9 : 6\/10 Lavazza Crema e Gusto est la combinaison parfaite d'un ar\u00f4me intense et d'un go\u00fbt cors\u00e9, pour offrir une exp\u00e9rience gustative intense.<\/li>\n<li>GO\u00dbT : Lavazza Crema e Gusto Classico a un go\u00fbt cors\u00e9, avec un arri\u00e8re-go\u00fbt riche et \u00e9pic\u00e9.<\/li>\n<li>COMPATIBILIT\u00c9 : Ce produit contient des dosettes K-Cup authentiques, con\u00e7ues pour garantir la qualit\u00e9 et la compatibilit\u00e9 avec toutes les cafeti\u00e8res Keurig.<\/li>\n<\/ul>\n<p>&nbsp;<\/p>","protected":false},"excerpt":{"rendered":"<p>Crema e Gusto Classico has a round and enveloping taste that perfectly accompanies your everyday breakfast. Arabica and Robusta coffees<\/p>","protected":false},"featured_media":14238,"comment_status":"closed","ping_status":"closed","template":"","meta":[],"product_brand":[],"product_cat":[641,191,656],"product_tag":[308,307,513],"class_list":{"0":"post-14236","1":"product","2":"type-product","3":"status-publish","4":"has-post-thumbnail","6":"product_cat-single-serve","7":"product_cat-keurig-pods","8":"product_cat-bulk-deals","9":"product_tag-k-cup","10":"product_tag-keurig","11":"product_tag-lavazza","13":"first","14":"instock","15":"purchasable","16":"product-type-variable","17":"has-default-attributes"},"yoast_head":"<!-- This site is optimized with the Yoast SEO plugin v26.6 - https:\/\/yoast.com\/wordpress\/plugins\/seo\/ -->\n<title>LAVAZZA\u00ae Crema e Gusto - Cafe Gran Sasso<\/title>\n<meta name=\"robots\" content=\"index, follow, max-snippet:-1, max-image-preview:large, max-video-preview:-1\" \/>\n<link rel=\"canonical\" href=\"https:\/\/cafegransasso.com\/fr\/shop\/lavazza-crema-e-gusto\/\" \/>\n<meta property=\"og:locale\" content=\"fr_FR\" \/>\n<meta property=\"og:type\" content=\"article\" \/>\n<meta property=\"og:title\" content=\"LAVAZZA\u00ae Crema e Gusto - Cafe Gran Sasso\" \/>\n<meta property=\"og:description\" content=\"Crema e Gusto Classico has a round and enveloping taste that perfectly accompanies your everyday breakfast. Arabica and Robusta coffees\" \/>\n<meta property=\"og:url\" content=\"https:\/\/cafegransasso.com\/fr\/shop\/lavazza-crema-e-gusto\/\" \/>\n<meta property=\"og:site_name\" content=\"Cafe Gran Sasso\" \/>\n<meta property=\"article:publisher\" content=\"https:\/\/www.facebook.com\/CafeGranSasso\/\" \/>\n<meta property=\"article:modified_time\" content=\"2025-08-15T16:53:08+00:00\" \/>\n<meta property=\"og:image\" content=\"https:\/\/cafegransasso.com\/wp-content\/uploads\/2024\/07\/Lavazza-Crema-e-Gusto.jpg\" \/>\n\t<meta property=\"og:image:width\" content=\"323\" \/>\n\t<meta property=\"og:image:height\" content=\"307\" \/>\n\t<meta property=\"og:image:type\" content=\"image\/jpeg\" \/>\n<meta name=\"twitter:card\" content=\"summary_large_image\" \/>\n<meta name=\"twitter:label1\" content=\"Est. reading time\" \/>\n\t<meta name=\"twitter:data1\" content=\"1 minute\" \/>\n<script type=\"application\/ld+json\" class=\"yoast-schema-graph\">{\"@context\":\"https:\/\/schema.org\",\"@graph\":[{\"@type\":\"WebPage\",\"@id\":\"https:\/\/cafegransasso.com\/shop\/lavazza-crema-e-gusto\/\",\"url\":\"https:\/\/cafegransasso.com\/shop\/lavazza-crema-e-gusto\/\",\"name\":\"LAVAZZA\u00ae Crema e Gusto - Cafe Gran Sasso\",\"isPartOf\":{\"@id\":\"https:\/\/cafegransasso.com\/#website\"},\"primaryImageOfPage\":{\"@id\":\"https:\/\/cafegransasso.com\/shop\/lavazza-crema-e-gusto\/#primaryimage\"},\"image\":{\"@id\":\"https:\/\/cafegransasso.com\/shop\/lavazza-crema-e-gusto\/#primaryimage\"},\"thumbnailUrl\":\"https:\/\/cafegransasso.com\/wp-content\/uploads\/2024\/07\/Lavazza-Crema-e-Gusto.jpg\",\"datePublished\":\"2024-07-29T17:09:30+00:00\",\"dateModified\":\"2025-08-15T16:53:08+00:00\",\"breadcrumb\":{\"@id\":\"https:\/\/cafegransasso.com\/shop\/lavazza-crema-e-gusto\/#breadcrumb\"},\"inLanguage\":\"fr-ca\",\"potentialAction\":[{\"@type\":\"ReadAction\",\"target\":[\"https:\/\/cafegransasso.com\/shop\/lavazza-crema-e-gusto\/\"]}]},{\"@type\":\"ImageObject\",\"inLanguage\":\"fr-ca\",\"@id\":\"https:\/\/cafegransasso.com\/shop\/lavazza-crema-e-gusto\/#primaryimage\",\"url\":\"https:\/\/cafegransasso.com\/wp-content\/uploads\/2024\/07\/Lavazza-Crema-e-Gusto.jpg\",\"contentUrl\":\"https:\/\/cafegransasso.com\/wp-content\/uploads\/2024\/07\/Lavazza-Crema-e-Gusto.jpg\",\"width\":323,\"height\":307},{\"@type\":\"BreadcrumbList\",\"@id\":\"https:\/\/cafegransasso.com\/shop\/lavazza-crema-e-gusto\/#breadcrumb\",\"itemListElement\":[{\"@type\":\"ListItem\",\"position\":1,\"name\":\"Home\",\"item\":\"https:\/\/cafegransasso.com\/\"},{\"@type\":\"ListItem\",\"position\":2,\"name\":\"Shop\",\"item\":\"https:\/\/cafegransasso.com\/premium-office-coffee-and-accessories\/\"},{\"@type\":\"ListItem\",\"position\":3,\"name\":\"LAVAZZA\u00ae Crema e Gusto\"}]},{\"@type\":\"WebSite\",\"@id\":\"https:\/\/cafegransasso.com\/#website\",\"url\":\"https:\/\/cafegransasso.com\/\",\"name\":\"Cafe Gran Sasso\",\"description\":\"From Bean to Brew: Coffee Solutions for Businesses.\",\"publisher\":{\"@id\":\"https:\/\/cafegransasso.com\/#organization\"},\"potentialAction\":[{\"@type\":\"SearchAction\",\"target\":{\"@type\":\"EntryPoint\",\"urlTemplate\":\"https:\/\/cafegransasso.com\/?s={search_term_string}\"},\"query-input\":{\"@type\":\"PropertyValueSpecification\",\"valueRequired\":true,\"valueName\":\"search_term_string\"}}],\"inLanguage\":\"fr-ca\"},{\"@type\":\"Organization\",\"@id\":\"https:\/\/cafegransasso.com\/#organization\",\"name\":\"Cafe Gran Sasso\",\"url\":\"https:\/\/cafegransasso.com\/\",\"logo\":{\"@type\":\"ImageObject\",\"inLanguage\":\"fr-ca\",\"@id\":\"https:\/\/cafegransasso.com\/#\/schema\/logo\/image\/\",\"url\":\"https:\/\/cafegransasso.com\/wp-content\/uploads\/2024\/09\/GS-logo-Red-1-removebg-preview.png\",\"contentUrl\":\"https:\/\/cafegransasso.com\/wp-content\/uploads\/2024\/09\/GS-logo-Red-1-removebg-preview.png\",\"width\":360,\"height\":149,\"caption\":\"Cafe Gran Sasso\"},\"image\":{\"@id\":\"https:\/\/cafegransasso.com\/#\/schema\/logo\/image\/\"},\"sameAs\":[\"https:\/\/www.facebook.com\/CafeGranSasso\/\",\"https:\/\/www.instagram.com\/cafe_gransasso\/\"]}]}<\/script>\n<!-- \/ Yoast SEO plugin. -->","yoast_head_json":{"title":"LAVAZZA\u00ae Crema e Gusto - Cafe Gran Sasso","robots":{"index":"index","follow":"follow","max-snippet":"max-snippet:-1","max-image-preview":"max-image-preview:large","max-video-preview":"max-video-preview:-1"},"canonical":"https:\/\/cafegransasso.com\/fr\/shop\/lavazza-crema-e-gusto\/","og_locale":"fr_FR","og_type":"article","og_title":"LAVAZZA\u00ae Crema e Gusto - Cafe Gran Sasso","og_description":"Crema e Gusto Classico has a round and enveloping taste that perfectly accompanies your everyday breakfast. Arabica and Robusta coffees","og_url":"https:\/\/cafegransasso.com\/fr\/shop\/lavazza-crema-e-gusto\/","og_site_name":"Cafe Gran Sasso","article_publisher":"https:\/\/www.facebook.com\/CafeGranSasso\/","article_modified_time":"2025-08-15T16:53:08+00:00","og_image":[{"width":323,"height":307,"url":"https:\/\/cafegransasso.com\/wp-content\/uploads\/2024\/07\/Lavazza-Crema-e-Gusto.jpg","type":"image\/jpeg"}],"twitter_card":"summary_large_image","twitter_misc":{"Est. reading time":"1 minute"},"schema":{"@context":"https:\/\/schema.org","@graph":[{"@type":"WebPage","@id":"https:\/\/cafegransasso.com\/shop\/lavazza-crema-e-gusto\/","url":"https:\/\/cafegransasso.com\/shop\/lavazza-crema-e-gusto\/","name":"LAVAZZA\u00ae Crema e Gusto - Cafe Gran Sasso","isPartOf":{"@id":"https:\/\/cafegransasso.com\/#website"},"primaryImageOfPage":{"@id":"https:\/\/cafegransasso.com\/shop\/lavazza-crema-e-gusto\/#primaryimage"},"image":{"@id":"https:\/\/cafegransasso.com\/shop\/lavazza-crema-e-gusto\/#primaryimage"},"thumbnailUrl":"https:\/\/cafegransasso.com\/wp-content\/uploads\/2024\/07\/Lavazza-Crema-e-Gusto.jpg","datePublished":"2024-07-29T17:09:30+00:00","dateModified":"2025-08-15T16:53:08+00:00","breadcrumb":{"@id":"https:\/\/cafegransasso.com\/shop\/lavazza-crema-e-gusto\/#breadcrumb"},"inLanguage":"fr-ca","potentialAction":[{"@type":"ReadAction","target":["https:\/\/cafegransasso.com\/shop\/lavazza-crema-e-gusto\/"]}]},{"@type":"ImageObject","inLanguage":"fr-ca","@id":"https:\/\/cafegransasso.com\/shop\/lavazza-crema-e-gusto\/#primaryimage","url":"https:\/\/cafegransasso.com\/wp-content\/uploads\/2024\/07\/Lavazza-Crema-e-Gusto.jpg","contentUrl":"https:\/\/cafegransasso.com\/wp-content\/uploads\/2024\/07\/Lavazza-Crema-e-Gusto.jpg","width":323,"height":307},{"@type":"BreadcrumbList","@id":"https:\/\/cafegransasso.com\/shop\/lavazza-crema-e-gusto\/#breadcrumb","itemListElement":[{"@type":"ListItem","position":1,"name":"Home","item":"https:\/\/cafegransasso.com\/"},{"@type":"ListItem","position":2,"name":"Shop","item":"https:\/\/cafegransasso.com\/premium-office-coffee-and-accessories\/"},{"@type":"ListItem","position":3,"name":"LAVAZZA\u00ae Crema e Gusto"}]},{"@type":"WebSite","@id":"https:\/\/cafegransasso.com\/#website","url":"https:\/\/cafegransasso.com\/","name":"Cafe Gran Sasso","description":"From Bean to Brew: Coffee Solutions for Businesses.","publisher":{"@id":"https:\/\/cafegransasso.com\/#organization"},"potentialAction":[{"@type":"SearchAction","target":{"@type":"EntryPoint","urlTemplate":"https:\/\/cafegransasso.com\/?s={search_term_string}"},"query-input":{"@type":"PropertyValueSpecification","valueRequired":true,"valueName":"search_term_string"}}],"inLanguage":"fr-ca"},{"@type":"Organization","@id":"https:\/\/cafegransasso.com\/#organization","name":"Cafe Gran Sasso","url":"https:\/\/cafegransasso.com\/","logo":{"@type":"ImageObject","inLanguage":"fr-ca","@id":"https:\/\/cafegransasso.com\/#\/schema\/logo\/image\/","url":"https:\/\/cafegransasso.com\/wp-content\/uploads\/2024\/09\/GS-logo-Red-1-removebg-preview.png","contentUrl":"https:\/\/cafegransasso.com\/wp-content\/uploads\/2024\/09\/GS-logo-Red-1-removebg-preview.png","width":360,"height":149,"caption":"Cafe Gran Sasso"},"image":{"@id":"https:\/\/cafegransasso.com\/#\/schema\/logo\/image\/"},"sameAs":["https:\/\/www.facebook.com\/CafeGranSasso\/","https:\/\/www.instagram.com\/cafe_gransasso\/"]}]}},"_links":{"self":[{"href":"https:\/\/cafegransasso.com\/fr\/wp-json\/wp\/v2\/product\/14236","targetHints":{"allow":["GET"]}}],"collection":[{"href":"https:\/\/cafegransasso.com\/fr\/wp-json\/wp\/v2\/product"}],"about":[{"href":"https:\/\/cafegransasso.com\/fr\/wp-json\/wp\/v2\/types\/product"}],"replies":[{"embeddable":true,"href":"https:\/\/cafegransasso.com\/fr\/wp-json\/wp\/v2\/comments?post=14236"}],"version-history":[{"count":1,"href":"https:\/\/cafegransasso.com\/fr\/wp-json\/wp\/v2\/product\/14236\/revisions"}],"predecessor-version":[{"id":28371,"href":"https:\/\/cafegransasso.com\/fr\/wp-json\/wp\/v2\/product\/14236\/revisions\/28371"}],"wp:featuredmedia":[{"embeddable":true,"href":"https:\/\/cafegransasso.com\/fr\/wp-json\/wp\/v2\/media\/14238"}],"wp:attachment":[{"href":"https:\/\/cafegransasso.com\/fr\/wp-json\/wp\/v2\/media?parent=14236"}],"wp:term":[{"taxonomy":"product_brand","embeddable":true,"href":"https:\/\/cafegransasso.com\/fr\/wp-json\/wp\/v2\/product_brand?post=14236"},{"taxonomy":"product_cat","embeddable":true,"href":"https:\/\/cafegransasso.com\/fr\/wp-json\/wp\/v2\/product_cat?post=14236"},{"taxonomy":"product_tag","embeddable":true,"href":"https:\/\/cafegransasso.com\/fr\/wp-json\/wp\/v2\/product_tag?post=14236"}],"curies":[{"name":"wp","href":"https:\/\/api.w.org\/{rel}","templated":true}]}}