{"id":14267,"date":"2024-07-30T10:59:15","date_gmt":"2024-07-30T14:59:15","guid":{"rendered":"https:\/\/www.cafegransasso.com\/?post_type=product&#038;p=14267"},"modified":"2025-11-13T11:31:52","modified_gmt":"2025-11-13T16:31:52","slug":"bucket-list-coffee-high-altitude-medium-roast","status":"publish","type":"product","link":"https:\/\/cafegransasso.com\/fr\/shop\/bucket-list-coffee-high-altitude-medium-roast\/","title":{"rendered":"Bucket List Coffee High Altitude - Torr\u00e9faction fonc\u00e9e"},"content":{"rendered":"<p>Les dosettes de caf\u00e9 Bucket List Coffee High Altitude sont le moyen id\u00e9al de commencer votre journ\u00e9e avec une tasse de caf\u00e9 d\u00e9licieuse et revigorante. Fabriqu\u00e9es \u00e0 partir de grains de caf\u00e9 de premi\u00e8re qualit\u00e9 cultiv\u00e9s en altitude, ces dosettes de caf\u00e9 offrent une saveur riche et audacieuse qui ne manquera pas de satisfaire vos papilles gustatives. Chaque dosette est soigneusement con\u00e7ue pour offrir un go\u00fbt doux et \u00e9quilibr\u00e9, avec un soup\u00e7on de douceur et un ar\u00f4me subtil qui \u00e9veillera vos sens. Ces dosettes de caf\u00e9 en portion individuelle sont compatibles avec la plupart des cafeti\u00e8res, ce qui en fait une option pratique et sans souci pour les matin\u00e9es charg\u00e9es ou les apr\u00e8s-midi paresseux. Que vous soyez un connaisseur de caf\u00e9 ou que vous cherchiez simplement un moyen rapide et facile de d\u00e9guster une bonne tasse de caf\u00e9, les dosettes de caf\u00e9 Bucket List Coffee High Altitude sont le choix id\u00e9al. Pourquoi attendre ? Ajoutez-les \u00e0 votre panier d\u00e8s aujourd'hui et faites l'exp\u00e9rience de l'ultime plaisir du caf\u00e9 !<\/p>","protected":false},"excerpt":{"rendered":"<p>Bucket List Coffee High Altitude Single-Serve Coffee Pods are the perfect way to start your day with a delicious and<\/p>","protected":false},"featured_media":14266,"comment_status":"open","ping_status":"closed","template":"","meta":[],"product_brand":[],"product_cat":[656,191,641],"product_tag":[936,308,307],"class_list":{"0":"post-14267","1":"product","2":"type-product","3":"status-publish","4":"has-post-thumbnail","6":"product_cat-bulk-deals","7":"product_cat-keurig-pods","8":"product_cat-single-serve","9":"product_tag-bucket-list-coffee","10":"product_tag-k-cup","11":"product_tag-keurig","13":"first","14":"instock","15":"shipping-taxable","16":"purchasable","17":"product-type-variable"},"yoast_head":"<!-- This site is optimized with the Yoast SEO plugin v27.3 - https:\/\/yoast.com\/product\/yoast-seo-wordpress\/ -->\n<title>Bucket List Coffee High Altitude - Dark Roast - Cafe Gran Sasso<\/title>\n<meta name=\"robots\" content=\"index, follow, max-snippet:-1, max-image-preview:large, max-video-preview:-1\" \/>\n<link rel=\"canonical\" href=\"https:\/\/cafegransasso.com\/fr\/shop\/bucket-list-coffee-high-altitude-medium-roast\/\" \/>\n<meta property=\"og:locale\" content=\"fr_FR\" \/>\n<meta property=\"og:type\" content=\"article\" \/>\n<meta property=\"og:title\" content=\"Bucket List Coffee High Altitude - Dark Roast - Cafe Gran Sasso\" \/>\n<meta property=\"og:description\" content=\"Bucket List Coffee High Altitude Single-Serve Coffee Pods are the perfect way to start your day with a delicious and\" \/>\n<meta property=\"og:url\" content=\"https:\/\/cafegransasso.com\/fr\/shop\/bucket-list-coffee-high-altitude-medium-roast\/\" \/>\n<meta property=\"og:site_name\" content=\"Cafe Gran Sasso\" \/>\n<meta property=\"article:publisher\" content=\"https:\/\/www.facebook.com\/CafeGranSasso\/\" \/>\n<meta property=\"article:modified_time\" content=\"2025-11-13T16:31:52+00:00\" \/>\n<meta property=\"og:image\" content=\"https:\/\/cafegransasso.com\/wp-content\/uploads\/2024\/07\/BucketList-High-Altitude.jpg\" \/>\n\t<meta property=\"og:image:width\" content=\"393\" \/>\n\t<meta property=\"og:image:height\" content=\"436\" \/>\n\t<meta property=\"og:image:type\" content=\"image\/jpeg\" \/>\n<meta name=\"twitter:card\" content=\"summary_large_image\" \/>\n<meta name=\"twitter:label1\" content=\"Est. reading time\" \/>\n\t<meta name=\"twitter:data1\" content=\"1 minute\" \/>\n<script type=\"application\/ld+json\" class=\"yoast-schema-graph\">{\"@context\":\"https:\\\/\\\/schema.org\",\"@graph\":[{\"@type\":\"WebPage\",\"@id\":\"https:\\\/\\\/cafegransasso.com\\\/fr\\\/shop\\\/bucket-list-coffee-high-altitude-medium-roast\\\/\",\"url\":\"https:\\\/\\\/cafegransasso.com\\\/fr\\\/shop\\\/bucket-list-coffee-high-altitude-medium-roast\\\/\",\"name\":\"Bucket List Coffee High Altitude - Dark Roast - Cafe Gran Sasso\",\"isPartOf\":{\"@id\":\"https:\\\/\\\/cafegransasso.com\\\/#website\"},\"primaryImageOfPage\":{\"@id\":\"https:\\\/\\\/cafegransasso.com\\\/fr\\\/shop\\\/bucket-list-coffee-high-altitude-medium-roast\\\/#primaryimage\"},\"image\":{\"@id\":\"https:\\\/\\\/cafegransasso.com\\\/fr\\\/shop\\\/bucket-list-coffee-high-altitude-medium-roast\\\/#primaryimage\"},\"thumbnailUrl\":\"https:\\\/\\\/cafegransasso.com\\\/wp-content\\\/uploads\\\/2024\\\/07\\\/BucketList-High-Altitude.jpg\",\"datePublished\":\"2024-07-30T14:59:15+00:00\",\"dateModified\":\"2025-11-13T16:31:52+00:00\",\"breadcrumb\":{\"@id\":\"https:\\\/\\\/cafegransasso.com\\\/fr\\\/shop\\\/bucket-list-coffee-high-altitude-medium-roast\\\/#breadcrumb\"},\"inLanguage\":\"fr-ca\",\"potentialAction\":[{\"@type\":\"ReadAction\",\"target\":[\"https:\\\/\\\/cafegransasso.com\\\/fr\\\/shop\\\/bucket-list-coffee-high-altitude-medium-roast\\\/\"]}]},{\"@type\":\"ImageObject\",\"inLanguage\":\"fr-ca\",\"@id\":\"https:\\\/\\\/cafegransasso.com\\\/fr\\\/shop\\\/bucket-list-coffee-high-altitude-medium-roast\\\/#primaryimage\",\"url\":\"https:\\\/\\\/cafegransasso.com\\\/wp-content\\\/uploads\\\/2024\\\/07\\\/BucketList-High-Altitude.jpg\",\"contentUrl\":\"https:\\\/\\\/cafegransasso.com\\\/wp-content\\\/uploads\\\/2024\\\/07\\\/BucketList-High-Altitude.jpg\",\"width\":393,\"height\":436},{\"@type\":\"BreadcrumbList\",\"@id\":\"https:\\\/\\\/cafegransasso.com\\\/fr\\\/shop\\\/bucket-list-coffee-high-altitude-medium-roast\\\/#breadcrumb\",\"itemListElement\":[{\"@type\":\"ListItem\",\"position\":1,\"name\":\"Home\",\"item\":\"https:\\\/\\\/cafegransasso.com\\\/\"},{\"@type\":\"ListItem\",\"position\":2,\"name\":\"Shop\",\"item\":\"https:\\\/\\\/cafegransasso.com\\\/premium-office-coffee-and-accessories\\\/\"},{\"@type\":\"ListItem\",\"position\":3,\"name\":\"Bucket List Coffee High Altitude &#8211; Dark Roast\"}]},{\"@type\":\"WebSite\",\"@id\":\"https:\\\/\\\/cafegransasso.com\\\/#website\",\"url\":\"https:\\\/\\\/cafegransasso.com\\\/\",\"name\":\"Cafe Gran Sasso\",\"description\":\"From Bean to Brew: Coffee Solutions for Businesses.\",\"publisher\":{\"@id\":\"https:\\\/\\\/cafegransasso.com\\\/#organization\"},\"potentialAction\":[{\"@type\":\"SearchAction\",\"target\":{\"@type\":\"EntryPoint\",\"urlTemplate\":\"https:\\\/\\\/cafegransasso.com\\\/?s={search_term_string}\"},\"query-input\":{\"@type\":\"PropertyValueSpecification\",\"valueRequired\":true,\"valueName\":\"search_term_string\"}}],\"inLanguage\":\"fr-ca\"},{\"@type\":\"Organization\",\"@id\":\"https:\\\/\\\/cafegransasso.com\\\/#organization\",\"name\":\"Cafe Gran Sasso\",\"url\":\"https:\\\/\\\/cafegransasso.com\\\/\",\"logo\":{\"@type\":\"ImageObject\",\"inLanguage\":\"fr-ca\",\"@id\":\"https:\\\/\\\/cafegransasso.com\\\/#\\\/schema\\\/logo\\\/image\\\/\",\"url\":\"https:\\\/\\\/cafegransasso.com\\\/wp-content\\\/uploads\\\/2024\\\/09\\\/GS-logo-Red-1-removebg-preview.png\",\"contentUrl\":\"https:\\\/\\\/cafegransasso.com\\\/wp-content\\\/uploads\\\/2024\\\/09\\\/GS-logo-Red-1-removebg-preview.png\",\"width\":360,\"height\":149,\"caption\":\"Cafe Gran Sasso\"},\"image\":{\"@id\":\"https:\\\/\\\/cafegransasso.com\\\/#\\\/schema\\\/logo\\\/image\\\/\"},\"sameAs\":[\"https:\\\/\\\/www.facebook.com\\\/CafeGranSasso\\\/\",\"https:\\\/\\\/www.instagram.com\\\/cafe_gransasso\\\/\"]}]}<\/script>\n<!-- \/ Yoast SEO plugin. -->","yoast_head_json":{"title":"Bucket List Coffee High Altitude - Dark Roast - Cafe Gran Sasso","robots":{"index":"index","follow":"follow","max-snippet":"max-snippet:-1","max-image-preview":"max-image-preview:large","max-video-preview":"max-video-preview:-1"},"canonical":"https:\/\/cafegransasso.com\/fr\/shop\/bucket-list-coffee-high-altitude-medium-roast\/","og_locale":"fr_FR","og_type":"article","og_title":"Bucket List Coffee High Altitude - Dark Roast - Cafe Gran Sasso","og_description":"Bucket List Coffee High Altitude Single-Serve Coffee Pods are the perfect way to start your day with a delicious and","og_url":"https:\/\/cafegransasso.com\/fr\/shop\/bucket-list-coffee-high-altitude-medium-roast\/","og_site_name":"Cafe Gran Sasso","article_publisher":"https:\/\/www.facebook.com\/CafeGranSasso\/","article_modified_time":"2025-11-13T16:31:52+00:00","og_image":[{"width":393,"height":436,"url":"https:\/\/cafegransasso.com\/wp-content\/uploads\/2024\/07\/BucketList-High-Altitude.jpg","type":"image\/jpeg"}],"twitter_card":"summary_large_image","twitter_misc":{"Est. reading time":"1 minute"},"schema":{"@context":"https:\/\/schema.org","@graph":[{"@type":"WebPage","@id":"https:\/\/cafegransasso.com\/fr\/shop\/bucket-list-coffee-high-altitude-medium-roast\/","url":"https:\/\/cafegransasso.com\/fr\/shop\/bucket-list-coffee-high-altitude-medium-roast\/","name":"Bucket List Coffee High Altitude - Dark Roast - Cafe Gran Sasso","isPartOf":{"@id":"https:\/\/cafegransasso.com\/#website"},"primaryImageOfPage":{"@id":"https:\/\/cafegransasso.com\/fr\/shop\/bucket-list-coffee-high-altitude-medium-roast\/#primaryimage"},"image":{"@id":"https:\/\/cafegransasso.com\/fr\/shop\/bucket-list-coffee-high-altitude-medium-roast\/#primaryimage"},"thumbnailUrl":"https:\/\/cafegransasso.com\/wp-content\/uploads\/2024\/07\/BucketList-High-Altitude.jpg","datePublished":"2024-07-30T14:59:15+00:00","dateModified":"2025-11-13T16:31:52+00:00","breadcrumb":{"@id":"https:\/\/cafegransasso.com\/fr\/shop\/bucket-list-coffee-high-altitude-medium-roast\/#breadcrumb"},"inLanguage":"fr-ca","potentialAction":[{"@type":"ReadAction","target":["https:\/\/cafegransasso.com\/fr\/shop\/bucket-list-coffee-high-altitude-medium-roast\/"]}]},{"@type":"ImageObject","inLanguage":"fr-ca","@id":"https:\/\/cafegransasso.com\/fr\/shop\/bucket-list-coffee-high-altitude-medium-roast\/#primaryimage","url":"https:\/\/cafegransasso.com\/wp-content\/uploads\/2024\/07\/BucketList-High-Altitude.jpg","contentUrl":"https:\/\/cafegransasso.com\/wp-content\/uploads\/2024\/07\/BucketList-High-Altitude.jpg","width":393,"height":436},{"@type":"BreadcrumbList","@id":"https:\/\/cafegransasso.com\/fr\/shop\/bucket-list-coffee-high-altitude-medium-roast\/#breadcrumb","itemListElement":[{"@type":"ListItem","position":1,"name":"Home","item":"https:\/\/cafegransasso.com\/"},{"@type":"ListItem","position":2,"name":"Shop","item":"https:\/\/cafegransasso.com\/premium-office-coffee-and-accessories\/"},{"@type":"ListItem","position":3,"name":"Bucket List Coffee High Altitude &#8211; Dark Roast"}]},{"@type":"WebSite","@id":"https:\/\/cafegransasso.com\/#website","url":"https:\/\/cafegransasso.com\/","name":"Cafe Gran Sasso","description":"From Bean to Brew: Coffee Solutions for Businesses.","publisher":{"@id":"https:\/\/cafegransasso.com\/#organization"},"potentialAction":[{"@type":"SearchAction","target":{"@type":"EntryPoint","urlTemplate":"https:\/\/cafegransasso.com\/?s={search_term_string}"},"query-input":{"@type":"PropertyValueSpecification","valueRequired":true,"valueName":"search_term_string"}}],"inLanguage":"fr-ca"},{"@type":"Organization","@id":"https:\/\/cafegransasso.com\/#organization","name":"Cafe Gran Sasso","url":"https:\/\/cafegransasso.com\/","logo":{"@type":"ImageObject","inLanguage":"fr-ca","@id":"https:\/\/cafegransasso.com\/#\/schema\/logo\/image\/","url":"https:\/\/cafegransasso.com\/wp-content\/uploads\/2024\/09\/GS-logo-Red-1-removebg-preview.png","contentUrl":"https:\/\/cafegransasso.com\/wp-content\/uploads\/2024\/09\/GS-logo-Red-1-removebg-preview.png","width":360,"height":149,"caption":"Cafe Gran Sasso"},"image":{"@id":"https:\/\/cafegransasso.com\/#\/schema\/logo\/image\/"},"sameAs":["https:\/\/www.facebook.com\/CafeGranSasso\/","https:\/\/www.instagram.com\/cafe_gransasso\/"]}]}},"_links":{"self":[{"href":"https:\/\/cafegransasso.com\/fr\/wp-json\/wp\/v2\/product\/14267","targetHints":{"allow":["GET"]}}],"collection":[{"href":"https:\/\/cafegransasso.com\/fr\/wp-json\/wp\/v2\/product"}],"about":[{"href":"https:\/\/cafegransasso.com\/fr\/wp-json\/wp\/v2\/types\/product"}],"replies":[{"embeddable":true,"href":"https:\/\/cafegransasso.com\/fr\/wp-json\/wp\/v2\/comments?post=14267"}],"version-history":[{"count":0,"href":"https:\/\/cafegransasso.com\/fr\/wp-json\/wp\/v2\/product\/14267\/revisions"}],"wp:featuredmedia":[{"embeddable":true,"href":"https:\/\/cafegransasso.com\/fr\/wp-json\/wp\/v2\/media\/14266"}],"wp:attachment":[{"href":"https:\/\/cafegransasso.com\/fr\/wp-json\/wp\/v2\/media?parent=14267"}],"wp:term":[{"taxonomy":"product_brand","embeddable":true,"href":"https:\/\/cafegransasso.com\/fr\/wp-json\/wp\/v2\/product_brand?post=14267"},{"taxonomy":"product_cat","embeddable":true,"href":"https:\/\/cafegransasso.com\/fr\/wp-json\/wp\/v2\/product_cat?post=14267"},{"taxonomy":"product_tag","embeddable":true,"href":"https:\/\/cafegransasso.com\/fr\/wp-json\/wp\/v2\/product_tag?post=14267"}],"curies":[{"name":"wp","href":"https:\/\/api.w.org\/{rel}","templated":true}]}}