{"id":14286,"date":"2024-07-30T11:12:58","date_gmt":"2024-07-30T15:12:58","guid":{"rendered":"https:\/\/www.cafegransasso.com\/?post_type=product&#038;p=14286"},"modified":"2025-11-13T11:31:01","modified_gmt":"2025-11-13T16:31:01","slug":"bucket-list-coffee-copa-dark","status":"publish","type":"product","link":"https:\/\/cafegransasso.com\/fr\/shop\/bucket-list-coffee-copa-dark\/","title":{"rendered":"Bucket List Coffee Copa Dark"},"content":{"rendered":"<p>Les dosettes de caf\u00e9 Copa Dark de Bucket List Coffee sont le moyen id\u00e9al de commencer la journ\u00e9e avec une tasse de caf\u00e9 riche et cors\u00e9. Fabriqu\u00e9es \u00e0 partir de grains d'Arabica de premi\u00e8re qualit\u00e9, ces dosettes de caf\u00e9 sont soigneusement torr\u00e9fi\u00e9es \u00e0 la perfection pour faire ressortir la saveur et l'ar\u00f4me cors\u00e9s du caf\u00e9. La torr\u00e9faction noire donne au caf\u00e9 un go\u00fbt riche et profond avec des notes de chocolat et de caramel, ce qui en fait le choix id\u00e9al pour les amateurs de caf\u00e9 qui pr\u00e9f\u00e8rent un caf\u00e9 fort et robuste. Ces dosettes de caf\u00e9 en portion individuelle sont compatibles avec la plupart des machines Keurig, ce qui facilite la d\u00e9gustation d'une tasse de caf\u00e9 frais \u00e0 tout moment et en tout lieu. Avec les dosettes de caf\u00e9 Copa Dark de Bucket List Coffee, vous pouvez rayer un \u00e9l\u00e9ment de plus de votre liste de choses \u00e0 faire et savourer une d\u00e9licieuse tasse de caf\u00e9 tous les jours.<\/p>","protected":false},"excerpt":{"rendered":"<p>Bucket List Coffee Copa Dark Single-Serve Coffee Pods are the perfect way to start your day with a bold and<\/p>","protected":false},"featured_media":14292,"comment_status":"open","ping_status":"closed","template":"","meta":[],"product_brand":[],"product_cat":[641,191,656],"product_tag":[936,308,307],"class_list":{"0":"post-14286","1":"product","2":"type-product","3":"status-publish","4":"has-post-thumbnail","6":"product_cat-single-serve","7":"product_cat-keurig-pods","8":"product_cat-bulk-deals","9":"product_tag-bucket-list-coffee","10":"product_tag-k-cup","11":"product_tag-keurig","13":"first","14":"instock","15":"shipping-taxable","16":"purchasable","17":"product-type-variable"},"yoast_head":"<!-- This site is optimized with the Yoast SEO plugin v26.6 - https:\/\/yoast.com\/wordpress\/plugins\/seo\/ -->\n<title>Bucket List Coffee Copa Dark - Cafe Gran Sasso<\/title>\n<meta name=\"robots\" content=\"index, follow, max-snippet:-1, max-image-preview:large, max-video-preview:-1\" \/>\n<link rel=\"canonical\" href=\"https:\/\/cafegransasso.com\/fr\/shop\/bucket-list-coffee-copa-dark\/\" \/>\n<meta property=\"og:locale\" content=\"fr_FR\" \/>\n<meta property=\"og:type\" content=\"article\" \/>\n<meta property=\"og:title\" content=\"Bucket List Coffee Copa Dark - Cafe Gran Sasso\" \/>\n<meta property=\"og:description\" content=\"Bucket List Coffee Copa Dark Single-Serve Coffee Pods are the perfect way to start your day with a bold and\" \/>\n<meta property=\"og:url\" content=\"https:\/\/cafegransasso.com\/fr\/shop\/bucket-list-coffee-copa-dark\/\" \/>\n<meta property=\"og:site_name\" content=\"Cafe Gran Sasso\" \/>\n<meta property=\"article:publisher\" content=\"https:\/\/www.facebook.com\/CafeGranSasso\/\" \/>\n<meta property=\"article:modified_time\" content=\"2025-11-13T16:31:01+00:00\" \/>\n<meta property=\"og:image\" content=\"https:\/\/cafegransasso.com\/wp-content\/uploads\/2024\/07\/BucketList-Copa-Dark.jpg\" \/>\n\t<meta property=\"og:image:width\" content=\"404\" \/>\n\t<meta property=\"og:image:height\" content=\"401\" \/>\n\t<meta property=\"og:image:type\" content=\"image\/jpeg\" \/>\n<meta name=\"twitter:card\" content=\"summary_large_image\" \/>\n<meta name=\"twitter:label1\" content=\"Est. reading time\" \/>\n\t<meta name=\"twitter:data1\" content=\"1 minute\" \/>\n<script type=\"application\/ld+json\" class=\"yoast-schema-graph\">{\"@context\":\"https:\/\/schema.org\",\"@graph\":[{\"@type\":\"WebPage\",\"@id\":\"https:\/\/cafegransasso.com\/shop\/bucket-list-coffee-copa-dark\/\",\"url\":\"https:\/\/cafegransasso.com\/shop\/bucket-list-coffee-copa-dark\/\",\"name\":\"Bucket List Coffee Copa Dark - Cafe Gran Sasso\",\"isPartOf\":{\"@id\":\"https:\/\/cafegransasso.com\/#website\"},\"primaryImageOfPage\":{\"@id\":\"https:\/\/cafegransasso.com\/shop\/bucket-list-coffee-copa-dark\/#primaryimage\"},\"image\":{\"@id\":\"https:\/\/cafegransasso.com\/shop\/bucket-list-coffee-copa-dark\/#primaryimage\"},\"thumbnailUrl\":\"https:\/\/cafegransasso.com\/wp-content\/uploads\/2024\/07\/BucketList-Copa-Dark.jpg\",\"datePublished\":\"2024-07-30T15:12:58+00:00\",\"dateModified\":\"2025-11-13T16:31:01+00:00\",\"breadcrumb\":{\"@id\":\"https:\/\/cafegransasso.com\/shop\/bucket-list-coffee-copa-dark\/#breadcrumb\"},\"inLanguage\":\"fr-ca\",\"potentialAction\":[{\"@type\":\"ReadAction\",\"target\":[\"https:\/\/cafegransasso.com\/shop\/bucket-list-coffee-copa-dark\/\"]}]},{\"@type\":\"ImageObject\",\"inLanguage\":\"fr-ca\",\"@id\":\"https:\/\/cafegransasso.com\/shop\/bucket-list-coffee-copa-dark\/#primaryimage\",\"url\":\"https:\/\/cafegransasso.com\/wp-content\/uploads\/2024\/07\/BucketList-Copa-Dark.jpg\",\"contentUrl\":\"https:\/\/cafegransasso.com\/wp-content\/uploads\/2024\/07\/BucketList-Copa-Dark.jpg\",\"width\":404,\"height\":401},{\"@type\":\"BreadcrumbList\",\"@id\":\"https:\/\/cafegransasso.com\/shop\/bucket-list-coffee-copa-dark\/#breadcrumb\",\"itemListElement\":[{\"@type\":\"ListItem\",\"position\":1,\"name\":\"Home\",\"item\":\"https:\/\/cafegransasso.com\/\"},{\"@type\":\"ListItem\",\"position\":2,\"name\":\"Shop\",\"item\":\"https:\/\/cafegransasso.com\/premium-office-coffee-and-accessories\/\"},{\"@type\":\"ListItem\",\"position\":3,\"name\":\"Bucket List Coffee Copa Dark\"}]},{\"@type\":\"WebSite\",\"@id\":\"https:\/\/cafegransasso.com\/#website\",\"url\":\"https:\/\/cafegransasso.com\/\",\"name\":\"Cafe Gran Sasso\",\"description\":\"From Bean to Brew: Coffee Solutions for Businesses.\",\"publisher\":{\"@id\":\"https:\/\/cafegransasso.com\/#organization\"},\"potentialAction\":[{\"@type\":\"SearchAction\",\"target\":{\"@type\":\"EntryPoint\",\"urlTemplate\":\"https:\/\/cafegransasso.com\/?s={search_term_string}\"},\"query-input\":{\"@type\":\"PropertyValueSpecification\",\"valueRequired\":true,\"valueName\":\"search_term_string\"}}],\"inLanguage\":\"fr-ca\"},{\"@type\":\"Organization\",\"@id\":\"https:\/\/cafegransasso.com\/#organization\",\"name\":\"Cafe Gran Sasso\",\"url\":\"https:\/\/cafegransasso.com\/\",\"logo\":{\"@type\":\"ImageObject\",\"inLanguage\":\"fr-ca\",\"@id\":\"https:\/\/cafegransasso.com\/#\/schema\/logo\/image\/\",\"url\":\"https:\/\/cafegransasso.com\/wp-content\/uploads\/2024\/09\/GS-logo-Red-1-removebg-preview.png\",\"contentUrl\":\"https:\/\/cafegransasso.com\/wp-content\/uploads\/2024\/09\/GS-logo-Red-1-removebg-preview.png\",\"width\":360,\"height\":149,\"caption\":\"Cafe Gran Sasso\"},\"image\":{\"@id\":\"https:\/\/cafegransasso.com\/#\/schema\/logo\/image\/\"},\"sameAs\":[\"https:\/\/www.facebook.com\/CafeGranSasso\/\",\"https:\/\/www.instagram.com\/cafe_gransasso\/\"]}]}<\/script>\n<!-- \/ Yoast SEO plugin. -->","yoast_head_json":{"title":"Bucket List Coffee Copa Dark - Cafe Gran Sasso","robots":{"index":"index","follow":"follow","max-snippet":"max-snippet:-1","max-image-preview":"max-image-preview:large","max-video-preview":"max-video-preview:-1"},"canonical":"https:\/\/cafegransasso.com\/fr\/shop\/bucket-list-coffee-copa-dark\/","og_locale":"fr_FR","og_type":"article","og_title":"Bucket List Coffee Copa Dark - Cafe Gran Sasso","og_description":"Bucket List Coffee Copa Dark Single-Serve Coffee Pods are the perfect way to start your day with a bold and","og_url":"https:\/\/cafegransasso.com\/fr\/shop\/bucket-list-coffee-copa-dark\/","og_site_name":"Cafe Gran Sasso","article_publisher":"https:\/\/www.facebook.com\/CafeGranSasso\/","article_modified_time":"2025-11-13T16:31:01+00:00","og_image":[{"width":404,"height":401,"url":"https:\/\/cafegransasso.com\/wp-content\/uploads\/2024\/07\/BucketList-Copa-Dark.jpg","type":"image\/jpeg"}],"twitter_card":"summary_large_image","twitter_misc":{"Est. reading time":"1 minute"},"schema":{"@context":"https:\/\/schema.org","@graph":[{"@type":"WebPage","@id":"https:\/\/cafegransasso.com\/shop\/bucket-list-coffee-copa-dark\/","url":"https:\/\/cafegransasso.com\/shop\/bucket-list-coffee-copa-dark\/","name":"Bucket List Coffee Copa Dark - Cafe Gran Sasso","isPartOf":{"@id":"https:\/\/cafegransasso.com\/#website"},"primaryImageOfPage":{"@id":"https:\/\/cafegransasso.com\/shop\/bucket-list-coffee-copa-dark\/#primaryimage"},"image":{"@id":"https:\/\/cafegransasso.com\/shop\/bucket-list-coffee-copa-dark\/#primaryimage"},"thumbnailUrl":"https:\/\/cafegransasso.com\/wp-content\/uploads\/2024\/07\/BucketList-Copa-Dark.jpg","datePublished":"2024-07-30T15:12:58+00:00","dateModified":"2025-11-13T16:31:01+00:00","breadcrumb":{"@id":"https:\/\/cafegransasso.com\/shop\/bucket-list-coffee-copa-dark\/#breadcrumb"},"inLanguage":"fr-ca","potentialAction":[{"@type":"ReadAction","target":["https:\/\/cafegransasso.com\/shop\/bucket-list-coffee-copa-dark\/"]}]},{"@type":"ImageObject","inLanguage":"fr-ca","@id":"https:\/\/cafegransasso.com\/shop\/bucket-list-coffee-copa-dark\/#primaryimage","url":"https:\/\/cafegransasso.com\/wp-content\/uploads\/2024\/07\/BucketList-Copa-Dark.jpg","contentUrl":"https:\/\/cafegransasso.com\/wp-content\/uploads\/2024\/07\/BucketList-Copa-Dark.jpg","width":404,"height":401},{"@type":"BreadcrumbList","@id":"https:\/\/cafegransasso.com\/shop\/bucket-list-coffee-copa-dark\/#breadcrumb","itemListElement":[{"@type":"ListItem","position":1,"name":"Home","item":"https:\/\/cafegransasso.com\/"},{"@type":"ListItem","position":2,"name":"Shop","item":"https:\/\/cafegransasso.com\/premium-office-coffee-and-accessories\/"},{"@type":"ListItem","position":3,"name":"Bucket List Coffee Copa Dark"}]},{"@type":"WebSite","@id":"https:\/\/cafegransasso.com\/#website","url":"https:\/\/cafegransasso.com\/","name":"Cafe Gran Sasso","description":"From Bean to Brew: Coffee Solutions for Businesses.","publisher":{"@id":"https:\/\/cafegransasso.com\/#organization"},"potentialAction":[{"@type":"SearchAction","target":{"@type":"EntryPoint","urlTemplate":"https:\/\/cafegransasso.com\/?s={search_term_string}"},"query-input":{"@type":"PropertyValueSpecification","valueRequired":true,"valueName":"search_term_string"}}],"inLanguage":"fr-ca"},{"@type":"Organization","@id":"https:\/\/cafegransasso.com\/#organization","name":"Cafe Gran Sasso","url":"https:\/\/cafegransasso.com\/","logo":{"@type":"ImageObject","inLanguage":"fr-ca","@id":"https:\/\/cafegransasso.com\/#\/schema\/logo\/image\/","url":"https:\/\/cafegransasso.com\/wp-content\/uploads\/2024\/09\/GS-logo-Red-1-removebg-preview.png","contentUrl":"https:\/\/cafegransasso.com\/wp-content\/uploads\/2024\/09\/GS-logo-Red-1-removebg-preview.png","width":360,"height":149,"caption":"Cafe Gran Sasso"},"image":{"@id":"https:\/\/cafegransasso.com\/#\/schema\/logo\/image\/"},"sameAs":["https:\/\/www.facebook.com\/CafeGranSasso\/","https:\/\/www.instagram.com\/cafe_gransasso\/"]}]}},"_links":{"self":[{"href":"https:\/\/cafegransasso.com\/fr\/wp-json\/wp\/v2\/product\/14286","targetHints":{"allow":["GET"]}}],"collection":[{"href":"https:\/\/cafegransasso.com\/fr\/wp-json\/wp\/v2\/product"}],"about":[{"href":"https:\/\/cafegransasso.com\/fr\/wp-json\/wp\/v2\/types\/product"}],"replies":[{"embeddable":true,"href":"https:\/\/cafegransasso.com\/fr\/wp-json\/wp\/v2\/comments?post=14286"}],"version-history":[{"count":0,"href":"https:\/\/cafegransasso.com\/fr\/wp-json\/wp\/v2\/product\/14286\/revisions"}],"wp:featuredmedia":[{"embeddable":true,"href":"https:\/\/cafegransasso.com\/fr\/wp-json\/wp\/v2\/media\/14292"}],"wp:attachment":[{"href":"https:\/\/cafegransasso.com\/fr\/wp-json\/wp\/v2\/media?parent=14286"}],"wp:term":[{"taxonomy":"product_brand","embeddable":true,"href":"https:\/\/cafegransasso.com\/fr\/wp-json\/wp\/v2\/product_brand?post=14286"},{"taxonomy":"product_cat","embeddable":true,"href":"https:\/\/cafegransasso.com\/fr\/wp-json\/wp\/v2\/product_cat?post=14286"},{"taxonomy":"product_tag","embeddable":true,"href":"https:\/\/cafegransasso.com\/fr\/wp-json\/wp\/v2\/product_tag?post=14286"}],"curies":[{"name":"wp","href":"https:\/\/api.w.org\/{rel}","templated":true}]}}