{"id":14296,"date":"2024-07-30T13:16:50","date_gmt":"2024-07-30T17:16:50","guid":{"rendered":"https:\/\/www.cafegransasso.com\/?post_type=product&#038;p=14296"},"modified":"2025-11-13T11:30:37","modified_gmt":"2025-11-13T16:30:37","slug":"bucket-list-coffee-big-five-medium","status":"publish","type":"product","link":"https:\/\/cafegransasso.com\/fr\/shop\/bucket-list-coffee-big-five-medium\/","title":{"rendered":"Bucket List Coffee Big Five - Moyen"},"content":{"rendered":"<p>Les dosettes de caf\u00e9 Big Five de Bucket List Coffee sont le moyen id\u00e9al de commencer votre journ\u00e9e avec une tasse de caf\u00e9 audacieuse et savoureuse. Fabriqu\u00e9es \u00e0 partir de grains de caf\u00e9 de premi\u00e8re qualit\u00e9, ces dosettes \u00e0 usage unique sont con\u00e7ues pour offrir une exp\u00e9rience de caf\u00e9 riche et aromatique qui \u00e9veillera vos sens et donnera de l'\u00e9nergie \u00e0 votre journ\u00e9e. Le m\u00e9lange Big Five est une combinaison unique de cinq vari\u00e9t\u00e9s de caf\u00e9 diff\u00e9rentes, chacune ayant son propre profil de saveur. Ce m\u00e9lange est soigneusement \u00e9labor\u00e9 pour cr\u00e9er un caf\u00e9 \u00e9quilibr\u00e9 et complexe, \u00e0 la fois doux et robuste. Avec des notes de chocolat noir, de caramel et un soup\u00e7on d'agrumes, ce caf\u00e9 satisfera \u00e0 coup s\u00fbr les amateurs de caf\u00e9 les plus exigeants. Ces dosettes de caf\u00e9 \u00e0 usage unique sont compatibles avec la plupart des cafeti\u00e8res Keurig et K-Cup, ce qui en fait un moyen pratique et sans tracas de d\u00e9guster une d\u00e9licieuse tasse de caf\u00e9 \u00e0 la maison ou en d\u00e9placement. Chaque dosette est scell\u00e9e individuellement pour garantir sa fra\u00eecheur et sa saveur, et elles sont faciles \u00e0 utiliser - il suffit d'en ins\u00e9rer une dans votre cafeti\u00e8re pour d\u00e9guster une tasse de caf\u00e9 frais en quelques minutes. Que vous soyez un amateur de caf\u00e9 \u00e0 la recherche d'un nouveau m\u00e9lange excitant \u00e0 essayer, ou que vous cherchiez un cadeau unique pour l'amateur de caf\u00e9 dans votre vie, les dosettes de caf\u00e9 Big Five de Bucket List Coffee sont le choix parfait. Pourquoi attendre ? Ajoutez-les \u00e0 votre panier d\u00e8s aujourd'hui et commencez \u00e0 profiter de l'exp\u00e9rience de caf\u00e9 riche et savoureux que vous m\u00e9ritez !<\/p>","protected":false},"excerpt":{"rendered":"<p>Bucket List Coffee Big Five Single-Serve Coffee Pods are the perfect way to start your day with a bold and<\/p>","protected":false},"featured_media":14302,"comment_status":"open","ping_status":"closed","template":"","meta":[],"product_brand":[],"product_cat":[656,191,641],"product_tag":[936,1033,308,307],"class_list":{"0":"post-14296","1":"product","2":"type-product","3":"status-publish","4":"has-post-thumbnail","6":"product_cat-bulk-deals","7":"product_cat-keurig-pods","8":"product_cat-single-serve","9":"product_tag-bucket-list-coffee","10":"product_tag-coffee","11":"product_tag-k-cup","12":"product_tag-keurig","14":"first","15":"instock","16":"shipping-taxable","17":"purchasable","18":"product-type-variable"},"yoast_head":"<!-- This site is optimized with the Yoast SEO plugin v27.3 - https:\/\/yoast.com\/product\/yoast-seo-wordpress\/ -->\n<title>Bucket List Coffee Big Five - Medium - Cafe Gran Sasso<\/title>\n<meta name=\"robots\" content=\"index, follow, max-snippet:-1, max-image-preview:large, max-video-preview:-1\" \/>\n<link rel=\"canonical\" href=\"https:\/\/cafegransasso.com\/fr\/shop\/bucket-list-coffee-big-five-medium\/\" \/>\n<meta property=\"og:locale\" content=\"fr_FR\" \/>\n<meta property=\"og:type\" content=\"article\" \/>\n<meta property=\"og:title\" content=\"Bucket List Coffee Big Five - Medium - Cafe Gran Sasso\" \/>\n<meta property=\"og:description\" content=\"Bucket List Coffee Big Five Single-Serve Coffee Pods are the perfect way to start your day with a bold and\" \/>\n<meta property=\"og:url\" content=\"https:\/\/cafegransasso.com\/fr\/shop\/bucket-list-coffee-big-five-medium\/\" \/>\n<meta property=\"og:site_name\" content=\"Cafe Gran Sasso\" \/>\n<meta property=\"article:publisher\" content=\"https:\/\/www.facebook.com\/CafeGranSasso\/\" \/>\n<meta property=\"article:modified_time\" content=\"2025-11-13T16:30:37+00:00\" \/>\n<meta property=\"og:image\" content=\"https:\/\/cafegransasso.com\/wp-content\/uploads\/2024\/07\/BucketList-Big-Five.jpg\" \/>\n\t<meta property=\"og:image:width\" content=\"387\" \/>\n\t<meta property=\"og:image:height\" content=\"390\" \/>\n\t<meta property=\"og:image:type\" content=\"image\/jpeg\" \/>\n<meta name=\"twitter:card\" content=\"summary_large_image\" \/>\n<meta name=\"twitter:label1\" content=\"Est. reading time\" \/>\n\t<meta name=\"twitter:data1\" content=\"1 minute\" \/>\n<script type=\"application\/ld+json\" class=\"yoast-schema-graph\">{\"@context\":\"https:\\\/\\\/schema.org\",\"@graph\":[{\"@type\":\"WebPage\",\"@id\":\"https:\\\/\\\/cafegransasso.com\\\/shop\\\/bucket-list-coffee-big-five-medium\\\/\",\"url\":\"https:\\\/\\\/cafegransasso.com\\\/shop\\\/bucket-list-coffee-big-five-medium\\\/\",\"name\":\"Bucket List Coffee Big Five - Medium - Cafe Gran Sasso\",\"isPartOf\":{\"@id\":\"https:\\\/\\\/cafegransasso.com\\\/#website\"},\"primaryImageOfPage\":{\"@id\":\"https:\\\/\\\/cafegransasso.com\\\/shop\\\/bucket-list-coffee-big-five-medium\\\/#primaryimage\"},\"image\":{\"@id\":\"https:\\\/\\\/cafegransasso.com\\\/shop\\\/bucket-list-coffee-big-five-medium\\\/#primaryimage\"},\"thumbnailUrl\":\"https:\\\/\\\/cafegransasso.com\\\/wp-content\\\/uploads\\\/2024\\\/07\\\/BucketList-Big-Five.jpg\",\"datePublished\":\"2024-07-30T17:16:50+00:00\",\"dateModified\":\"2025-11-13T16:30:37+00:00\",\"breadcrumb\":{\"@id\":\"https:\\\/\\\/cafegransasso.com\\\/shop\\\/bucket-list-coffee-big-five-medium\\\/#breadcrumb\"},\"inLanguage\":\"fr-ca\",\"potentialAction\":[{\"@type\":\"ReadAction\",\"target\":[\"https:\\\/\\\/cafegransasso.com\\\/shop\\\/bucket-list-coffee-big-five-medium\\\/\"]}]},{\"@type\":\"ImageObject\",\"inLanguage\":\"fr-ca\",\"@id\":\"https:\\\/\\\/cafegransasso.com\\\/shop\\\/bucket-list-coffee-big-five-medium\\\/#primaryimage\",\"url\":\"https:\\\/\\\/cafegransasso.com\\\/wp-content\\\/uploads\\\/2024\\\/07\\\/BucketList-Big-Five.jpg\",\"contentUrl\":\"https:\\\/\\\/cafegransasso.com\\\/wp-content\\\/uploads\\\/2024\\\/07\\\/BucketList-Big-Five.jpg\",\"width\":387,\"height\":390},{\"@type\":\"BreadcrumbList\",\"@id\":\"https:\\\/\\\/cafegransasso.com\\\/shop\\\/bucket-list-coffee-big-five-medium\\\/#breadcrumb\",\"itemListElement\":[{\"@type\":\"ListItem\",\"position\":1,\"name\":\"Home\",\"item\":\"https:\\\/\\\/cafegransasso.com\\\/\"},{\"@type\":\"ListItem\",\"position\":2,\"name\":\"Shop\",\"item\":\"https:\\\/\\\/cafegransasso.com\\\/premium-office-coffee-and-accessories\\\/\"},{\"@type\":\"ListItem\",\"position\":3,\"name\":\"Bucket List Coffee Big Five &#8211; Medium\"}]},{\"@type\":\"WebSite\",\"@id\":\"https:\\\/\\\/cafegransasso.com\\\/#website\",\"url\":\"https:\\\/\\\/cafegransasso.com\\\/\",\"name\":\"Cafe Gran Sasso\",\"description\":\"From Bean to Brew: Coffee Solutions for Businesses.\",\"publisher\":{\"@id\":\"https:\\\/\\\/cafegransasso.com\\\/#organization\"},\"potentialAction\":[{\"@type\":\"SearchAction\",\"target\":{\"@type\":\"EntryPoint\",\"urlTemplate\":\"https:\\\/\\\/cafegransasso.com\\\/?s={search_term_string}\"},\"query-input\":{\"@type\":\"PropertyValueSpecification\",\"valueRequired\":true,\"valueName\":\"search_term_string\"}}],\"inLanguage\":\"fr-ca\"},{\"@type\":\"Organization\",\"@id\":\"https:\\\/\\\/cafegransasso.com\\\/#organization\",\"name\":\"Cafe Gran Sasso\",\"url\":\"https:\\\/\\\/cafegransasso.com\\\/\",\"logo\":{\"@type\":\"ImageObject\",\"inLanguage\":\"fr-ca\",\"@id\":\"https:\\\/\\\/cafegransasso.com\\\/#\\\/schema\\\/logo\\\/image\\\/\",\"url\":\"https:\\\/\\\/cafegransasso.com\\\/wp-content\\\/uploads\\\/2024\\\/09\\\/GS-logo-Red-1-removebg-preview.png\",\"contentUrl\":\"https:\\\/\\\/cafegransasso.com\\\/wp-content\\\/uploads\\\/2024\\\/09\\\/GS-logo-Red-1-removebg-preview.png\",\"width\":360,\"height\":149,\"caption\":\"Cafe Gran Sasso\"},\"image\":{\"@id\":\"https:\\\/\\\/cafegransasso.com\\\/#\\\/schema\\\/logo\\\/image\\\/\"},\"sameAs\":[\"https:\\\/\\\/www.facebook.com\\\/CafeGranSasso\\\/\",\"https:\\\/\\\/www.instagram.com\\\/cafe_gransasso\\\/\"]}]}<\/script>\n<!-- \/ Yoast SEO plugin. -->","yoast_head_json":{"title":"Bucket List Coffee Big Five - Medium - Cafe Gran Sasso","robots":{"index":"index","follow":"follow","max-snippet":"max-snippet:-1","max-image-preview":"max-image-preview:large","max-video-preview":"max-video-preview:-1"},"canonical":"https:\/\/cafegransasso.com\/fr\/shop\/bucket-list-coffee-big-five-medium\/","og_locale":"fr_FR","og_type":"article","og_title":"Bucket List Coffee Big Five - Medium - Cafe Gran Sasso","og_description":"Bucket List Coffee Big Five Single-Serve Coffee Pods are the perfect way to start your day with a bold and","og_url":"https:\/\/cafegransasso.com\/fr\/shop\/bucket-list-coffee-big-five-medium\/","og_site_name":"Cafe Gran Sasso","article_publisher":"https:\/\/www.facebook.com\/CafeGranSasso\/","article_modified_time":"2025-11-13T16:30:37+00:00","og_image":[{"width":387,"height":390,"url":"https:\/\/cafegransasso.com\/wp-content\/uploads\/2024\/07\/BucketList-Big-Five.jpg","type":"image\/jpeg"}],"twitter_card":"summary_large_image","twitter_misc":{"Est. reading time":"1 minute"},"schema":{"@context":"https:\/\/schema.org","@graph":[{"@type":"WebPage","@id":"https:\/\/cafegransasso.com\/shop\/bucket-list-coffee-big-five-medium\/","url":"https:\/\/cafegransasso.com\/shop\/bucket-list-coffee-big-five-medium\/","name":"Bucket List Coffee Big Five - Medium - Cafe Gran Sasso","isPartOf":{"@id":"https:\/\/cafegransasso.com\/#website"},"primaryImageOfPage":{"@id":"https:\/\/cafegransasso.com\/shop\/bucket-list-coffee-big-five-medium\/#primaryimage"},"image":{"@id":"https:\/\/cafegransasso.com\/shop\/bucket-list-coffee-big-five-medium\/#primaryimage"},"thumbnailUrl":"https:\/\/cafegransasso.com\/wp-content\/uploads\/2024\/07\/BucketList-Big-Five.jpg","datePublished":"2024-07-30T17:16:50+00:00","dateModified":"2025-11-13T16:30:37+00:00","breadcrumb":{"@id":"https:\/\/cafegransasso.com\/shop\/bucket-list-coffee-big-five-medium\/#breadcrumb"},"inLanguage":"fr-ca","potentialAction":[{"@type":"ReadAction","target":["https:\/\/cafegransasso.com\/shop\/bucket-list-coffee-big-five-medium\/"]}]},{"@type":"ImageObject","inLanguage":"fr-ca","@id":"https:\/\/cafegransasso.com\/shop\/bucket-list-coffee-big-five-medium\/#primaryimage","url":"https:\/\/cafegransasso.com\/wp-content\/uploads\/2024\/07\/BucketList-Big-Five.jpg","contentUrl":"https:\/\/cafegransasso.com\/wp-content\/uploads\/2024\/07\/BucketList-Big-Five.jpg","width":387,"height":390},{"@type":"BreadcrumbList","@id":"https:\/\/cafegransasso.com\/shop\/bucket-list-coffee-big-five-medium\/#breadcrumb","itemListElement":[{"@type":"ListItem","position":1,"name":"Home","item":"https:\/\/cafegransasso.com\/"},{"@type":"ListItem","position":2,"name":"Shop","item":"https:\/\/cafegransasso.com\/premium-office-coffee-and-accessories\/"},{"@type":"ListItem","position":3,"name":"Bucket List Coffee Big Five &#8211; Medium"}]},{"@type":"WebSite","@id":"https:\/\/cafegransasso.com\/#website","url":"https:\/\/cafegransasso.com\/","name":"Cafe Gran Sasso","description":"From Bean to Brew: Coffee Solutions for Businesses.","publisher":{"@id":"https:\/\/cafegransasso.com\/#organization"},"potentialAction":[{"@type":"SearchAction","target":{"@type":"EntryPoint","urlTemplate":"https:\/\/cafegransasso.com\/?s={search_term_string}"},"query-input":{"@type":"PropertyValueSpecification","valueRequired":true,"valueName":"search_term_string"}}],"inLanguage":"fr-ca"},{"@type":"Organization","@id":"https:\/\/cafegransasso.com\/#organization","name":"Cafe Gran Sasso","url":"https:\/\/cafegransasso.com\/","logo":{"@type":"ImageObject","inLanguage":"fr-ca","@id":"https:\/\/cafegransasso.com\/#\/schema\/logo\/image\/","url":"https:\/\/cafegransasso.com\/wp-content\/uploads\/2024\/09\/GS-logo-Red-1-removebg-preview.png","contentUrl":"https:\/\/cafegransasso.com\/wp-content\/uploads\/2024\/09\/GS-logo-Red-1-removebg-preview.png","width":360,"height":149,"caption":"Cafe Gran Sasso"},"image":{"@id":"https:\/\/cafegransasso.com\/#\/schema\/logo\/image\/"},"sameAs":["https:\/\/www.facebook.com\/CafeGranSasso\/","https:\/\/www.instagram.com\/cafe_gransasso\/"]}]}},"_links":{"self":[{"href":"https:\/\/cafegransasso.com\/fr\/wp-json\/wp\/v2\/product\/14296","targetHints":{"allow":["GET"]}}],"collection":[{"href":"https:\/\/cafegransasso.com\/fr\/wp-json\/wp\/v2\/product"}],"about":[{"href":"https:\/\/cafegransasso.com\/fr\/wp-json\/wp\/v2\/types\/product"}],"replies":[{"embeddable":true,"href":"https:\/\/cafegransasso.com\/fr\/wp-json\/wp\/v2\/comments?post=14296"}],"version-history":[{"count":1,"href":"https:\/\/cafegransasso.com\/fr\/wp-json\/wp\/v2\/product\/14296\/revisions"}],"predecessor-version":[{"id":28498,"href":"https:\/\/cafegransasso.com\/fr\/wp-json\/wp\/v2\/product\/14296\/revisions\/28498"}],"wp:featuredmedia":[{"embeddable":true,"href":"https:\/\/cafegransasso.com\/fr\/wp-json\/wp\/v2\/media\/14302"}],"wp:attachment":[{"href":"https:\/\/cafegransasso.com\/fr\/wp-json\/wp\/v2\/media?parent=14296"}],"wp:term":[{"taxonomy":"product_brand","embeddable":true,"href":"https:\/\/cafegransasso.com\/fr\/wp-json\/wp\/v2\/product_brand?post=14296"},{"taxonomy":"product_cat","embeddable":true,"href":"https:\/\/cafegransasso.com\/fr\/wp-json\/wp\/v2\/product_cat?post=14296"},{"taxonomy":"product_tag","embeddable":true,"href":"https:\/\/cafegransasso.com\/fr\/wp-json\/wp\/v2\/product_tag?post=14296"}],"curies":[{"name":"wp","href":"https:\/\/api.w.org\/{rel}","templated":true}]}}