{"id":14312,"date":"2024-07-30T13:50:25","date_gmt":"2024-07-30T17:50:25","guid":{"rendered":"https:\/\/www.cafegransasso.com\/?post_type=product&#038;p=14312"},"modified":"2025-11-13T11:30:12","modified_gmt":"2025-11-13T16:30:12","slug":"bucket-list-coffee-italian-roast-dark","status":"publish","type":"product","link":"https:\/\/cafegransasso.com\/fr\/shop\/bucket-list-coffee-italian-roast-dark\/","title":{"rendered":"Bucket List Coffee Italian Roast &#8211; Dark"},"content":{"rendered":"<p>Les capsules de caf\u00e9 Bucket List Coffee Italian Roast en portion individuelle sont le moyen id\u00e9al de commencer la journ\u00e9e avec une tasse de caf\u00e9 riche et cors\u00e9. Fabriqu\u00e9es \u00e0 partir de grains d'Arabica de premi\u00e8re qualit\u00e9, ces dosettes de caf\u00e9 sont soigneusement torr\u00e9fi\u00e9es \u00e0 la perfection pour faire ressortir la saveur et l'ar\u00f4me cors\u00e9s du caf\u00e9 italien. Chaque dosette est con\u00e7ue pour fournir une seule portion de caf\u00e9, garantissant ainsi une tasse fra\u00eeche et d\u00e9licieuse \u00e0 chaque fois. Ces dosettes de caf\u00e9 sont compatibles avec la plupart des cafeti\u00e8res \u00e0 usage unique, ce qui en fait une option pratique et sans souci pour les amateurs de caf\u00e9 en d\u00e9placement. Que vous cherchiez un petit remontant le matin ou une tasse de caf\u00e9 relaxante l'apr\u00e8s-midi, les dosettes de caf\u00e9 Bucket List Coffee Italian Roast sont le choix parfait pour les amateurs de caf\u00e9 qui appr\u00e9cient les bonnes choses de la vie. Alors, pourquoi attendre ? Ajoutez ces dosettes de caf\u00e9 \u00e0 votre liste d\u00e8s aujourd'hui et d\u00e9couvrez le go\u00fbt riche et satisfaisant du caf\u00e9 italien dans le confort de votre foyer.<\/p>","protected":false},"excerpt":{"rendered":"<p>Bucket List Coffee Italian Roast Single-Serve Coffee Pods are the perfect way to start your day with a bold and<\/p>","protected":false},"featured_media":14318,"comment_status":"open","ping_status":"closed","template":"","meta":[],"product_brand":[],"product_cat":[656,191,641],"product_tag":[936,1033,308,307],"class_list":{"0":"post-14312","1":"product","2":"type-product","3":"status-publish","4":"has-post-thumbnail","6":"product_cat-bulk-deals","7":"product_cat-keurig-pods","8":"product_cat-single-serve","9":"product_tag-bucket-list-coffee","10":"product_tag-coffee","11":"product_tag-k-cup","12":"product_tag-keurig","14":"first","15":"instock","16":"shipping-taxable","17":"purchasable","18":"product-type-variable"},"yoast_head":"<!-- This site is optimized with the Yoast SEO plugin v27.3 - https:\/\/yoast.com\/product\/yoast-seo-wordpress\/ -->\n<title>Bucket List Coffee Italian Roast - Dark - Cafe Gran Sasso<\/title>\n<meta name=\"robots\" content=\"index, follow, max-snippet:-1, max-image-preview:large, max-video-preview:-1\" \/>\n<link rel=\"canonical\" href=\"https:\/\/cafegransasso.com\/fr\/shop\/bucket-list-coffee-italian-roast-dark\/\" \/>\n<meta property=\"og:locale\" content=\"fr_FR\" \/>\n<meta property=\"og:type\" content=\"article\" \/>\n<meta property=\"og:title\" content=\"Bucket List Coffee Italian Roast - Dark - Cafe Gran Sasso\" \/>\n<meta property=\"og:description\" content=\"Bucket List Coffee Italian Roast Single-Serve Coffee Pods are the perfect way to start your day with a bold and\" \/>\n<meta property=\"og:url\" content=\"https:\/\/cafegransasso.com\/fr\/shop\/bucket-list-coffee-italian-roast-dark\/\" \/>\n<meta property=\"og:site_name\" content=\"Cafe Gran Sasso\" \/>\n<meta property=\"article:publisher\" content=\"https:\/\/www.facebook.com\/CafeGranSasso\/\" \/>\n<meta property=\"article:modified_time\" content=\"2025-11-13T16:30:12+00:00\" \/>\n<meta property=\"og:image\" content=\"https:\/\/cafegransasso.com\/wp-content\/uploads\/2024\/07\/BucketList-Italian-Roast.jpg\" \/>\n\t<meta property=\"og:image:width\" content=\"394\" \/>\n\t<meta property=\"og:image:height\" content=\"410\" \/>\n\t<meta property=\"og:image:type\" content=\"image\/jpeg\" \/>\n<meta name=\"twitter:card\" content=\"summary_large_image\" \/>\n<meta name=\"twitter:label1\" content=\"Est. reading time\" \/>\n\t<meta name=\"twitter:data1\" content=\"1 minute\" \/>\n<script type=\"application\/ld+json\" class=\"yoast-schema-graph\">{\"@context\":\"https:\\\/\\\/schema.org\",\"@graph\":[{\"@type\":\"WebPage\",\"@id\":\"https:\\\/\\\/cafegransasso.com\\\/en\\\/shop\\\/bucket-list-coffee-italian-roast-dark\\\/\",\"url\":\"https:\\\/\\\/cafegransasso.com\\\/en\\\/shop\\\/bucket-list-coffee-italian-roast-dark\\\/\",\"name\":\"Bucket List Coffee Italian Roast - Dark - Cafe Gran Sasso\",\"isPartOf\":{\"@id\":\"https:\\\/\\\/cafegransasso.com\\\/#website\"},\"primaryImageOfPage\":{\"@id\":\"https:\\\/\\\/cafegransasso.com\\\/en\\\/shop\\\/bucket-list-coffee-italian-roast-dark\\\/#primaryimage\"},\"image\":{\"@id\":\"https:\\\/\\\/cafegransasso.com\\\/en\\\/shop\\\/bucket-list-coffee-italian-roast-dark\\\/#primaryimage\"},\"thumbnailUrl\":\"https:\\\/\\\/cafegransasso.com\\\/wp-content\\\/uploads\\\/2024\\\/07\\\/BucketList-Italian-Roast.jpg\",\"datePublished\":\"2024-07-30T17:50:25+00:00\",\"dateModified\":\"2025-11-13T16:30:12+00:00\",\"breadcrumb\":{\"@id\":\"https:\\\/\\\/cafegransasso.com\\\/en\\\/shop\\\/bucket-list-coffee-italian-roast-dark\\\/#breadcrumb\"},\"inLanguage\":\"fr-ca\",\"potentialAction\":[{\"@type\":\"ReadAction\",\"target\":[\"https:\\\/\\\/cafegransasso.com\\\/en\\\/shop\\\/bucket-list-coffee-italian-roast-dark\\\/\"]}]},{\"@type\":\"ImageObject\",\"inLanguage\":\"fr-ca\",\"@id\":\"https:\\\/\\\/cafegransasso.com\\\/en\\\/shop\\\/bucket-list-coffee-italian-roast-dark\\\/#primaryimage\",\"url\":\"https:\\\/\\\/cafegransasso.com\\\/wp-content\\\/uploads\\\/2024\\\/07\\\/BucketList-Italian-Roast.jpg\",\"contentUrl\":\"https:\\\/\\\/cafegransasso.com\\\/wp-content\\\/uploads\\\/2024\\\/07\\\/BucketList-Italian-Roast.jpg\",\"width\":394,\"height\":410},{\"@type\":\"BreadcrumbList\",\"@id\":\"https:\\\/\\\/cafegransasso.com\\\/en\\\/shop\\\/bucket-list-coffee-italian-roast-dark\\\/#breadcrumb\",\"itemListElement\":[{\"@type\":\"ListItem\",\"position\":1,\"name\":\"Home\",\"item\":\"https:\\\/\\\/cafegransasso.com\\\/\"},{\"@type\":\"ListItem\",\"position\":2,\"name\":\"Shop\",\"item\":\"https:\\\/\\\/cafegransasso.com\\\/premium-office-coffee-and-accessories\\\/\"},{\"@type\":\"ListItem\",\"position\":3,\"name\":\"Bucket List Coffee Italian Roast &#8211; Dark\"}]},{\"@type\":\"WebSite\",\"@id\":\"https:\\\/\\\/cafegransasso.com\\\/#website\",\"url\":\"https:\\\/\\\/cafegransasso.com\\\/\",\"name\":\"Cafe Gran Sasso\",\"description\":\"From Bean to Brew: Coffee Solutions for Businesses.\",\"publisher\":{\"@id\":\"https:\\\/\\\/cafegransasso.com\\\/#organization\"},\"potentialAction\":[{\"@type\":\"SearchAction\",\"target\":{\"@type\":\"EntryPoint\",\"urlTemplate\":\"https:\\\/\\\/cafegransasso.com\\\/?s={search_term_string}\"},\"query-input\":{\"@type\":\"PropertyValueSpecification\",\"valueRequired\":true,\"valueName\":\"search_term_string\"}}],\"inLanguage\":\"fr-ca\"},{\"@type\":\"Organization\",\"@id\":\"https:\\\/\\\/cafegransasso.com\\\/#organization\",\"name\":\"Cafe Gran Sasso\",\"url\":\"https:\\\/\\\/cafegransasso.com\\\/\",\"logo\":{\"@type\":\"ImageObject\",\"inLanguage\":\"fr-ca\",\"@id\":\"https:\\\/\\\/cafegransasso.com\\\/#\\\/schema\\\/logo\\\/image\\\/\",\"url\":\"https:\\\/\\\/cafegransasso.com\\\/wp-content\\\/uploads\\\/2024\\\/09\\\/GS-logo-Red-1-removebg-preview.png\",\"contentUrl\":\"https:\\\/\\\/cafegransasso.com\\\/wp-content\\\/uploads\\\/2024\\\/09\\\/GS-logo-Red-1-removebg-preview.png\",\"width\":360,\"height\":149,\"caption\":\"Cafe Gran Sasso\"},\"image\":{\"@id\":\"https:\\\/\\\/cafegransasso.com\\\/#\\\/schema\\\/logo\\\/image\\\/\"},\"sameAs\":[\"https:\\\/\\\/www.facebook.com\\\/CafeGranSasso\\\/\",\"https:\\\/\\\/www.instagram.com\\\/cafe_gransasso\\\/\"]}]}<\/script>\n<!-- \/ Yoast SEO plugin. -->","yoast_head_json":{"title":"Bucket List Coffee Italian Roast - Dark - Cafe Gran Sasso","robots":{"index":"index","follow":"follow","max-snippet":"max-snippet:-1","max-image-preview":"max-image-preview:large","max-video-preview":"max-video-preview:-1"},"canonical":"https:\/\/cafegransasso.com\/fr\/shop\/bucket-list-coffee-italian-roast-dark\/","og_locale":"fr_FR","og_type":"article","og_title":"Bucket List Coffee Italian Roast - Dark - Cafe Gran Sasso","og_description":"Bucket List Coffee Italian Roast Single-Serve Coffee Pods are the perfect way to start your day with a bold and","og_url":"https:\/\/cafegransasso.com\/fr\/shop\/bucket-list-coffee-italian-roast-dark\/","og_site_name":"Cafe Gran Sasso","article_publisher":"https:\/\/www.facebook.com\/CafeGranSasso\/","article_modified_time":"2025-11-13T16:30:12+00:00","og_image":[{"width":394,"height":410,"url":"https:\/\/cafegransasso.com\/wp-content\/uploads\/2024\/07\/BucketList-Italian-Roast.jpg","type":"image\/jpeg"}],"twitter_card":"summary_large_image","twitter_misc":{"Est. reading time":"1 minute"},"schema":{"@context":"https:\/\/schema.org","@graph":[{"@type":"WebPage","@id":"https:\/\/cafegransasso.com\/en\/shop\/bucket-list-coffee-italian-roast-dark\/","url":"https:\/\/cafegransasso.com\/en\/shop\/bucket-list-coffee-italian-roast-dark\/","name":"Bucket List Coffee Italian Roast - Dark - Cafe Gran Sasso","isPartOf":{"@id":"https:\/\/cafegransasso.com\/#website"},"primaryImageOfPage":{"@id":"https:\/\/cafegransasso.com\/en\/shop\/bucket-list-coffee-italian-roast-dark\/#primaryimage"},"image":{"@id":"https:\/\/cafegransasso.com\/en\/shop\/bucket-list-coffee-italian-roast-dark\/#primaryimage"},"thumbnailUrl":"https:\/\/cafegransasso.com\/wp-content\/uploads\/2024\/07\/BucketList-Italian-Roast.jpg","datePublished":"2024-07-30T17:50:25+00:00","dateModified":"2025-11-13T16:30:12+00:00","breadcrumb":{"@id":"https:\/\/cafegransasso.com\/en\/shop\/bucket-list-coffee-italian-roast-dark\/#breadcrumb"},"inLanguage":"fr-ca","potentialAction":[{"@type":"ReadAction","target":["https:\/\/cafegransasso.com\/en\/shop\/bucket-list-coffee-italian-roast-dark\/"]}]},{"@type":"ImageObject","inLanguage":"fr-ca","@id":"https:\/\/cafegransasso.com\/en\/shop\/bucket-list-coffee-italian-roast-dark\/#primaryimage","url":"https:\/\/cafegransasso.com\/wp-content\/uploads\/2024\/07\/BucketList-Italian-Roast.jpg","contentUrl":"https:\/\/cafegransasso.com\/wp-content\/uploads\/2024\/07\/BucketList-Italian-Roast.jpg","width":394,"height":410},{"@type":"BreadcrumbList","@id":"https:\/\/cafegransasso.com\/en\/shop\/bucket-list-coffee-italian-roast-dark\/#breadcrumb","itemListElement":[{"@type":"ListItem","position":1,"name":"Home","item":"https:\/\/cafegransasso.com\/"},{"@type":"ListItem","position":2,"name":"Shop","item":"https:\/\/cafegransasso.com\/premium-office-coffee-and-accessories\/"},{"@type":"ListItem","position":3,"name":"Bucket List Coffee Italian Roast &#8211; Dark"}]},{"@type":"WebSite","@id":"https:\/\/cafegransasso.com\/#website","url":"https:\/\/cafegransasso.com\/","name":"Cafe Gran Sasso","description":"From Bean to Brew: Coffee Solutions for Businesses.","publisher":{"@id":"https:\/\/cafegransasso.com\/#organization"},"potentialAction":[{"@type":"SearchAction","target":{"@type":"EntryPoint","urlTemplate":"https:\/\/cafegransasso.com\/?s={search_term_string}"},"query-input":{"@type":"PropertyValueSpecification","valueRequired":true,"valueName":"search_term_string"}}],"inLanguage":"fr-ca"},{"@type":"Organization","@id":"https:\/\/cafegransasso.com\/#organization","name":"Cafe Gran Sasso","url":"https:\/\/cafegransasso.com\/","logo":{"@type":"ImageObject","inLanguage":"fr-ca","@id":"https:\/\/cafegransasso.com\/#\/schema\/logo\/image\/","url":"https:\/\/cafegransasso.com\/wp-content\/uploads\/2024\/09\/GS-logo-Red-1-removebg-preview.png","contentUrl":"https:\/\/cafegransasso.com\/wp-content\/uploads\/2024\/09\/GS-logo-Red-1-removebg-preview.png","width":360,"height":149,"caption":"Cafe Gran Sasso"},"image":{"@id":"https:\/\/cafegransasso.com\/#\/schema\/logo\/image\/"},"sameAs":["https:\/\/www.facebook.com\/CafeGranSasso\/","https:\/\/www.instagram.com\/cafe_gransasso\/"]}]}},"_links":{"self":[{"href":"https:\/\/cafegransasso.com\/fr\/wp-json\/wp\/v2\/product\/14312","targetHints":{"allow":["GET"]}}],"collection":[{"href":"https:\/\/cafegransasso.com\/fr\/wp-json\/wp\/v2\/product"}],"about":[{"href":"https:\/\/cafegransasso.com\/fr\/wp-json\/wp\/v2\/types\/product"}],"replies":[{"embeddable":true,"href":"https:\/\/cafegransasso.com\/fr\/wp-json\/wp\/v2\/comments?post=14312"}],"version-history":[{"count":1,"href":"https:\/\/cafegransasso.com\/fr\/wp-json\/wp\/v2\/product\/14312\/revisions"}],"predecessor-version":[{"id":28497,"href":"https:\/\/cafegransasso.com\/fr\/wp-json\/wp\/v2\/product\/14312\/revisions\/28497"}],"wp:featuredmedia":[{"embeddable":true,"href":"https:\/\/cafegransasso.com\/fr\/wp-json\/wp\/v2\/media\/14318"}],"wp:attachment":[{"href":"https:\/\/cafegransasso.com\/fr\/wp-json\/wp\/v2\/media?parent=14312"}],"wp:term":[{"taxonomy":"product_brand","embeddable":true,"href":"https:\/\/cafegransasso.com\/fr\/wp-json\/wp\/v2\/product_brand?post=14312"},{"taxonomy":"product_cat","embeddable":true,"href":"https:\/\/cafegransasso.com\/fr\/wp-json\/wp\/v2\/product_cat?post=14312"},{"taxonomy":"product_tag","embeddable":true,"href":"https:\/\/cafegransasso.com\/fr\/wp-json\/wp\/v2\/product_tag?post=14312"}],"curies":[{"name":"wp","href":"https:\/\/api.w.org\/{rel}","templated":true}]}}