{"id":28528,"date":"2025-01-23T14:47:15","date_gmt":"2025-01-23T19:47:15","guid":{"rendered":"https:\/\/demo2.cafegransasso.com\/?post_type=product&#038;p=28528"},"modified":"2025-01-28T12:13:20","modified_gmt":"2025-01-28T17:13:20","slug":"lavazza-classy-mini","status":"publish","type":"product","link":"https:\/\/cafegransasso.com\/fr\/shop\/lavazza-classy-mini\/","title":{"rendered":"Lavazza Classy Mini"},"content":{"rendered":"<p>La machine \u00e0 espresso Lavazza Classy Mini incarne le professionnalisme, l'efficacit\u00e9 et la facilit\u00e9 d'utilisation. Intuitive et pratique, elle est id\u00e9ale pour satisfaire l'envie d'un espresso dans le confort de votre bureau ou de votre home-office.<\/p>\n<p><strong>Sp\u00e9cifications :<\/strong><\/p>\n<ul>\n<li><strong>Dimensions de l'appareil<\/strong>: Approx. 10.2&#8243; (H) x 5.3&#8243; (W) x 13.3&#8243; (D)<\/li>\n<li><strong>Poids<\/strong>: 7,7 lbs<\/li>\n<li><strong>Approvisionnement en eau<\/strong>: R\u00e9servoir d'eau rechargeable<\/li>\n<li><strong>Options de boissons<\/strong>: Espresso uniquement. Infusion courte ou longue.<\/li>\n<li><strong>Puissance<\/strong>: 120V<\/li>\n<li><strong>Efficacit\u00e9 \u00e9nerg\u00e9tique<\/strong>: Mode d'\u00e9conomie d'\u00e9nergie pour les p\u00e9riodes d'inactivit\u00e9<\/li>\n<\/ul>\n<p>&nbsp;<\/p>\n<p><strong>Caract\u00e9ristiques principales :<\/strong><\/p>\n<ol>\n<li>Mode Veille Eco<\/li>\n<li>R\u00e9servoir d'eau amovible transparent<\/li>\n<li>Capacit\u00e9 du r\u00e9servoir d'eau : 23.66 fl oz \/ 0.7 l<\/li>\n<li>Le tiroir \u00e0 capsules peut contenir jusqu'\u00e0 5 capsules jet\u00e9es.<\/li>\n<li>Plateau \u00e0 boissons r\u00e9glable en deux hauteurs pour s'adapter \u00e0 de multiples tailles de tasses, des tasses \u00e0 expresso aux mugs.<\/li>\n<li>Deux choix : un espresso ou un lungo (double espresso).<\/li>\n<\/ol>","protected":false},"excerpt":{"rendered":"<p>The Lavazza Classy Mini single-serve espresso system embodies professionalism, efficiency, and ease of use. Intuitive and practical, it is ideal<\/p>","protected":false},"featured_media":27435,"comment_status":"open","ping_status":"closed","template":"","meta":[],"product_brand":[],"product_cat":[651,1035],"product_tag":[],"class_list":{"0":"post-28528","1":"product","2":"type-product","3":"status-publish","4":"has-post-thumbnail","6":"product_cat-brewers","7":"product_cat-lavazza","9":"first","10":"instock","11":"taxable","12":"shipping-taxable","13":"purchasable","14":"product-type-simple"},"yoast_head":"<!-- This site is optimized with the Yoast SEO plugin v27.3 - https:\/\/yoast.com\/product\/yoast-seo-wordpress\/ -->\n<title>Lavazza Classy Mini - Cafe Gran Sasso<\/title>\n<meta name=\"robots\" content=\"index, follow, max-snippet:-1, max-image-preview:large, max-video-preview:-1\" \/>\n<link rel=\"canonical\" href=\"https:\/\/cafegransasso.com\/fr\/shop\/lavazza-classy-mini\/\" \/>\n<meta property=\"og:locale\" content=\"fr_FR\" \/>\n<meta property=\"og:type\" content=\"article\" \/>\n<meta property=\"og:title\" content=\"Lavazza Classy Mini - Cafe Gran Sasso\" \/>\n<meta property=\"og:description\" content=\"The Lavazza Classy Mini single-serve espresso system embodies professionalism, efficiency, and ease of use. Intuitive and practical, it is ideal\" \/>\n<meta property=\"og:url\" content=\"https:\/\/cafegransasso.com\/fr\/shop\/lavazza-classy-mini\/\" \/>\n<meta property=\"og:site_name\" content=\"Cafe Gran Sasso\" \/>\n<meta property=\"article:publisher\" content=\"https:\/\/www.facebook.com\/CafeGranSasso\/\" \/>\n<meta property=\"article:modified_time\" content=\"2025-01-28T17:13:20+00:00\" \/>\n<meta property=\"og:image\" content=\"https:\/\/cafegransasso.com\/wp-content\/uploads\/2024\/11\/Lavazza-Mini-Front-White-background.jpg\" \/>\n\t<meta property=\"og:image:width\" content=\"483\" \/>\n\t<meta property=\"og:image:height\" content=\"539\" \/>\n\t<meta property=\"og:image:type\" content=\"image\/jpeg\" \/>\n<meta name=\"twitter:card\" content=\"summary_large_image\" \/>\n<meta name=\"twitter:label1\" content=\"Est. reading time\" \/>\n\t<meta name=\"twitter:data1\" content=\"1 minute\" \/>\n<script type=\"application\/ld+json\" class=\"yoast-schema-graph\">{\"@context\":\"https:\\\/\\\/schema.org\",\"@graph\":[{\"@type\":\"WebPage\",\"@id\":\"https:\\\/\\\/cafegransasso.com\\\/shop\\\/lavazza-classy-mini\\\/\",\"url\":\"https:\\\/\\\/cafegransasso.com\\\/shop\\\/lavazza-classy-mini\\\/\",\"name\":\"Lavazza Classy Mini - Cafe Gran Sasso\",\"isPartOf\":{\"@id\":\"https:\\\/\\\/cafegransasso.com\\\/#website\"},\"primaryImageOfPage\":{\"@id\":\"https:\\\/\\\/cafegransasso.com\\\/shop\\\/lavazza-classy-mini\\\/#primaryimage\"},\"image\":{\"@id\":\"https:\\\/\\\/cafegransasso.com\\\/shop\\\/lavazza-classy-mini\\\/#primaryimage\"},\"thumbnailUrl\":\"https:\\\/\\\/cafegransasso.com\\\/wp-content\\\/uploads\\\/2024\\\/11\\\/Lavazza-Mini-Front-White-background.jpg\",\"datePublished\":\"2025-01-23T19:47:15+00:00\",\"dateModified\":\"2025-01-28T17:13:20+00:00\",\"breadcrumb\":{\"@id\":\"https:\\\/\\\/cafegransasso.com\\\/shop\\\/lavazza-classy-mini\\\/#breadcrumb\"},\"inLanguage\":\"fr-ca\",\"potentialAction\":[{\"@type\":\"ReadAction\",\"target\":[\"https:\\\/\\\/cafegransasso.com\\\/shop\\\/lavazza-classy-mini\\\/\"]}]},{\"@type\":\"ImageObject\",\"inLanguage\":\"fr-ca\",\"@id\":\"https:\\\/\\\/cafegransasso.com\\\/shop\\\/lavazza-classy-mini\\\/#primaryimage\",\"url\":\"https:\\\/\\\/cafegransasso.com\\\/wp-content\\\/uploads\\\/2024\\\/11\\\/Lavazza-Mini-Front-White-background.jpg\",\"contentUrl\":\"https:\\\/\\\/cafegransasso.com\\\/wp-content\\\/uploads\\\/2024\\\/11\\\/Lavazza-Mini-Front-White-background.jpg\",\"width\":483,\"height\":539},{\"@type\":\"BreadcrumbList\",\"@id\":\"https:\\\/\\\/cafegransasso.com\\\/shop\\\/lavazza-classy-mini\\\/#breadcrumb\",\"itemListElement\":[{\"@type\":\"ListItem\",\"position\":1,\"name\":\"Home\",\"item\":\"https:\\\/\\\/cafegransasso.com\\\/\"},{\"@type\":\"ListItem\",\"position\":2,\"name\":\"Shop\",\"item\":\"https:\\\/\\\/cafegransasso.com\\\/premium-office-coffee-and-accessories\\\/\"},{\"@type\":\"ListItem\",\"position\":3,\"name\":\"Lavazza Classy Mini\"}]},{\"@type\":\"WebSite\",\"@id\":\"https:\\\/\\\/cafegransasso.com\\\/#website\",\"url\":\"https:\\\/\\\/cafegransasso.com\\\/\",\"name\":\"Cafe Gran Sasso\",\"description\":\"From Bean to Brew: Coffee Solutions for Businesses.\",\"publisher\":{\"@id\":\"https:\\\/\\\/cafegransasso.com\\\/#organization\"},\"potentialAction\":[{\"@type\":\"SearchAction\",\"target\":{\"@type\":\"EntryPoint\",\"urlTemplate\":\"https:\\\/\\\/cafegransasso.com\\\/?s={search_term_string}\"},\"query-input\":{\"@type\":\"PropertyValueSpecification\",\"valueRequired\":true,\"valueName\":\"search_term_string\"}}],\"inLanguage\":\"fr-ca\"},{\"@type\":\"Organization\",\"@id\":\"https:\\\/\\\/cafegransasso.com\\\/#organization\",\"name\":\"Cafe Gran Sasso\",\"url\":\"https:\\\/\\\/cafegransasso.com\\\/\",\"logo\":{\"@type\":\"ImageObject\",\"inLanguage\":\"fr-ca\",\"@id\":\"https:\\\/\\\/cafegransasso.com\\\/#\\\/schema\\\/logo\\\/image\\\/\",\"url\":\"https:\\\/\\\/cafegransasso.com\\\/wp-content\\\/uploads\\\/2024\\\/09\\\/GS-logo-Red-1-removebg-preview.png\",\"contentUrl\":\"https:\\\/\\\/cafegransasso.com\\\/wp-content\\\/uploads\\\/2024\\\/09\\\/GS-logo-Red-1-removebg-preview.png\",\"width\":360,\"height\":149,\"caption\":\"Cafe Gran Sasso\"},\"image\":{\"@id\":\"https:\\\/\\\/cafegransasso.com\\\/#\\\/schema\\\/logo\\\/image\\\/\"},\"sameAs\":[\"https:\\\/\\\/www.facebook.com\\\/CafeGranSasso\\\/\",\"https:\\\/\\\/www.instagram.com\\\/cafe_gransasso\\\/\"]}]}<\/script>\n<!-- \/ Yoast SEO plugin. -->","yoast_head_json":{"title":"Lavazza Classy Mini - Cafe Gran Sasso","robots":{"index":"index","follow":"follow","max-snippet":"max-snippet:-1","max-image-preview":"max-image-preview:large","max-video-preview":"max-video-preview:-1"},"canonical":"https:\/\/cafegransasso.com\/fr\/shop\/lavazza-classy-mini\/","og_locale":"fr_FR","og_type":"article","og_title":"Lavazza Classy Mini - Cafe Gran Sasso","og_description":"The Lavazza Classy Mini single-serve espresso system embodies professionalism, efficiency, and ease of use. Intuitive and practical, it is ideal","og_url":"https:\/\/cafegransasso.com\/fr\/shop\/lavazza-classy-mini\/","og_site_name":"Cafe Gran Sasso","article_publisher":"https:\/\/www.facebook.com\/CafeGranSasso\/","article_modified_time":"2025-01-28T17:13:20+00:00","og_image":[{"width":483,"height":539,"url":"https:\/\/cafegransasso.com\/wp-content\/uploads\/2024\/11\/Lavazza-Mini-Front-White-background.jpg","type":"image\/jpeg"}],"twitter_card":"summary_large_image","twitter_misc":{"Est. reading time":"1 minute"},"schema":{"@context":"https:\/\/schema.org","@graph":[{"@type":"WebPage","@id":"https:\/\/cafegransasso.com\/shop\/lavazza-classy-mini\/","url":"https:\/\/cafegransasso.com\/shop\/lavazza-classy-mini\/","name":"Lavazza Classy Mini - Cafe Gran Sasso","isPartOf":{"@id":"https:\/\/cafegransasso.com\/#website"},"primaryImageOfPage":{"@id":"https:\/\/cafegransasso.com\/shop\/lavazza-classy-mini\/#primaryimage"},"image":{"@id":"https:\/\/cafegransasso.com\/shop\/lavazza-classy-mini\/#primaryimage"},"thumbnailUrl":"https:\/\/cafegransasso.com\/wp-content\/uploads\/2024\/11\/Lavazza-Mini-Front-White-background.jpg","datePublished":"2025-01-23T19:47:15+00:00","dateModified":"2025-01-28T17:13:20+00:00","breadcrumb":{"@id":"https:\/\/cafegransasso.com\/shop\/lavazza-classy-mini\/#breadcrumb"},"inLanguage":"fr-ca","potentialAction":[{"@type":"ReadAction","target":["https:\/\/cafegransasso.com\/shop\/lavazza-classy-mini\/"]}]},{"@type":"ImageObject","inLanguage":"fr-ca","@id":"https:\/\/cafegransasso.com\/shop\/lavazza-classy-mini\/#primaryimage","url":"https:\/\/cafegransasso.com\/wp-content\/uploads\/2024\/11\/Lavazza-Mini-Front-White-background.jpg","contentUrl":"https:\/\/cafegransasso.com\/wp-content\/uploads\/2024\/11\/Lavazza-Mini-Front-White-background.jpg","width":483,"height":539},{"@type":"BreadcrumbList","@id":"https:\/\/cafegransasso.com\/shop\/lavazza-classy-mini\/#breadcrumb","itemListElement":[{"@type":"ListItem","position":1,"name":"Home","item":"https:\/\/cafegransasso.com\/"},{"@type":"ListItem","position":2,"name":"Shop","item":"https:\/\/cafegransasso.com\/premium-office-coffee-and-accessories\/"},{"@type":"ListItem","position":3,"name":"Lavazza Classy Mini"}]},{"@type":"WebSite","@id":"https:\/\/cafegransasso.com\/#website","url":"https:\/\/cafegransasso.com\/","name":"Cafe Gran Sasso","description":"From Bean to Brew: Coffee Solutions for Businesses.","publisher":{"@id":"https:\/\/cafegransasso.com\/#organization"},"potentialAction":[{"@type":"SearchAction","target":{"@type":"EntryPoint","urlTemplate":"https:\/\/cafegransasso.com\/?s={search_term_string}"},"query-input":{"@type":"PropertyValueSpecification","valueRequired":true,"valueName":"search_term_string"}}],"inLanguage":"fr-ca"},{"@type":"Organization","@id":"https:\/\/cafegransasso.com\/#organization","name":"Cafe Gran Sasso","url":"https:\/\/cafegransasso.com\/","logo":{"@type":"ImageObject","inLanguage":"fr-ca","@id":"https:\/\/cafegransasso.com\/#\/schema\/logo\/image\/","url":"https:\/\/cafegransasso.com\/wp-content\/uploads\/2024\/09\/GS-logo-Red-1-removebg-preview.png","contentUrl":"https:\/\/cafegransasso.com\/wp-content\/uploads\/2024\/09\/GS-logo-Red-1-removebg-preview.png","width":360,"height":149,"caption":"Cafe Gran Sasso"},"image":{"@id":"https:\/\/cafegransasso.com\/#\/schema\/logo\/image\/"},"sameAs":["https:\/\/www.facebook.com\/CafeGranSasso\/","https:\/\/www.instagram.com\/cafe_gransasso\/"]}]}},"_links":{"self":[{"href":"https:\/\/cafegransasso.com\/fr\/wp-json\/wp\/v2\/product\/28528","targetHints":{"allow":["GET"]}}],"collection":[{"href":"https:\/\/cafegransasso.com\/fr\/wp-json\/wp\/v2\/product"}],"about":[{"href":"https:\/\/cafegransasso.com\/fr\/wp-json\/wp\/v2\/types\/product"}],"replies":[{"embeddable":true,"href":"https:\/\/cafegransasso.com\/fr\/wp-json\/wp\/v2\/comments?post=28528"}],"version-history":[{"count":1,"href":"https:\/\/cafegransasso.com\/fr\/wp-json\/wp\/v2\/product\/28528\/revisions"}],"predecessor-version":[{"id":28529,"href":"https:\/\/cafegransasso.com\/fr\/wp-json\/wp\/v2\/product\/28528\/revisions\/28529"}],"wp:featuredmedia":[{"embeddable":true,"href":"https:\/\/cafegransasso.com\/fr\/wp-json\/wp\/v2\/media\/27435"}],"wp:attachment":[{"href":"https:\/\/cafegransasso.com\/fr\/wp-json\/wp\/v2\/media?parent=28528"}],"wp:term":[{"taxonomy":"product_brand","embeddable":true,"href":"https:\/\/cafegransasso.com\/fr\/wp-json\/wp\/v2\/product_brand?post=28528"},{"taxonomy":"product_cat","embeddable":true,"href":"https:\/\/cafegransasso.com\/fr\/wp-json\/wp\/v2\/product_cat?post=28528"},{"taxonomy":"product_tag","embeddable":true,"href":"https:\/\/cafegransasso.com\/fr\/wp-json\/wp\/v2\/product_tag?post=28528"}],"curies":[{"name":"wp","href":"https:\/\/api.w.org\/{rel}","templated":true}]}}