{"id":28530,"date":"2025-01-23T15:19:48","date_gmt":"2025-01-23T20:19:48","guid":{"rendered":"https:\/\/demo2.cafegransasso.com\/?post_type=product&#038;p=28530"},"modified":"2025-01-28T12:12:39","modified_gmt":"2025-01-28T17:12:39","slug":"saeco-magic-m2","status":"publish","type":"product","link":"https:\/\/cafegransasso.com\/fr\/shop\/saeco-magic-m2\/","title":{"rendered":"Saeco Magic M2"},"content":{"rendered":"<p>La <strong>Saeco Magic M2<\/strong>\u00a0est une machine \u00e0 expresso enti\u00e8rement automatique con\u00e7ue pour la maison et le bureau, offrant un m\u00e9lange de technologie avanc\u00e9e et de fonctions conviviales. Elle s'adresse aux amateurs de caf\u00e9 qui appr\u00e9cient la commodit\u00e9 de l'automatisation mais ne veulent pas sacrifier la qualit\u00e9 de leur espresso ou de leurs boissons \u00e0 base de lait comme les lattes et les cappuccinos.<\/p>\n<div class=\"elementor-element elementor-element-be64470 e-con-full e-flex e-con e-child\" data-id=\"be64470\" data-element_type=\"container\">\n<div class=\"elementor-element elementor-element-8eacbfa e-con-full e-flex e-con e-child\" data-id=\"8eacbfa\" data-element_type=\"container\">\n<div class=\"elementor-element elementor-element-4730e84 elementor-widget elementor-widget-wd_text_block\" data-id=\"4730e84\" data-element_type=\"widget\" data-widget_type=\"wd_text_block.default\">\n<div class=\"elementor-widget-container\">\n<div class=\"wd-text-block reset-last-child text-left\">\n<p><strong>Caract\u00e9ristiques principales :<\/strong><\/p>\n<ol>\n<li><strong>Interface \u00e0 \u00e9cran tactile<\/strong>:\n<ul>\n<li>Il est dot\u00e9 d'un \u00e9cran tactile couleur intuitif de 3,5 pouces qui permet de s\u00e9lectionner et de personnaliser facilement les boissons. Les utilisateurs peuvent r\u00e9gler leurs pr\u00e9f\u00e9rences en mati\u00e8re de boissons, y compris la force, le volume et la mousse de lait.<\/li>\n<\/ul>\n<\/li>\n<li><strong>Plusieurs options de boissons<\/strong>:\n<ul>\n<li>Il permet de pr\u00e9parer une large gamme de boissons \u00e0 base de caf\u00e9, notamment l'espresso, le cappuccino, le latte macchiato, le ristretto et le caf\u00e9 ordinaire. Le syst\u00e8me est \u00e9galement personnalisable, ce qui permet aux utilisateurs d'ajuster les r\u00e9glages en fonction des diff\u00e9rents types de boissons.<\/li>\n<\/ul>\n<\/li>\n<li><strong>Moulin int\u00e9gr\u00e9<\/strong>:\n<ul>\n<li>Moulin en c\u00e9ramique de haute qualit\u00e9 avec plusieurs r\u00e9glages de mouture, assurant un contr\u00f4le pr\u00e9cis du marc de caf\u00e9 pour une extraction optimale des ar\u00f4mes. Les moulins en c\u00e9ramique sont r\u00e9put\u00e9s pour leur durabilit\u00e9 et la pr\u00e9servation de l'ar\u00f4me des grains.<\/li>\n<\/ul>\n<\/li>\n<li><strong>Syst\u00e8me de moussage du lait<\/strong>:\n<ul>\n<li>Mousseur \u00e0 lait int\u00e9gr\u00e9 qui produit un lait parfaitement cuit \u00e0 la vapeur pour des cappuccinos et des lattes cr\u00e9meux. La machine peut \u00eatre \u00e9quip\u00e9e d'une carafe int\u00e9gr\u00e9e pour le moussage automatique du lait.<\/li>\n<\/ul>\n<\/li>\n<li><strong>Options de personnalisation<\/strong>:\n<ul>\n<li>Enregistre jusqu'\u00e0 6 profils d'utilisateurs personnalis\u00e9s, chacun pouvant personnaliser les param\u00e8tres de la boisson comme la force du caf\u00e9, le volume de lait et la taille de la boisson.<\/li>\n<\/ul>\n<\/li>\n<li><strong>Fonction Double Shot<\/strong>:\n<ul>\n<li>La machine permet aux utilisateurs de pr\u00e9parer deux boissons simultan\u00e9ment, ce qui la rend id\u00e9ale pour les m\u00e9nages ou les bureaux tr\u00e8s occup\u00e9s.<\/li>\n<\/ul>\n<\/li>\n<li><strong>Bec r\u00e9glable<\/strong>:\n<ul>\n<li>L'\u00e9coulement du caf\u00e9 est r\u00e9glable pour s'adapter \u00e0 diff\u00e9rentes tailles de tasses, des petites tasses \u00e0 expresso aux grandes tasses.<\/li>\n<\/ul>\n<\/li>\n<li><strong>Nettoyage et d\u00e9tartrage automatiques<\/strong>:\n<ul>\n<li>Comprend un syst\u00e8me de nettoyage et de d\u00e9tartrage automatique pour faciliter l'entretien et optimiser les performances de la machine.<\/li>\n<\/ul>\n<\/li>\n<li><strong>Mode \u00e9conomie d'\u00e9nergie<\/strong>:\n<ul>\n<li>Mode d'\u00e9conomie d'\u00e9nergie programmable, qui \u00e9teint la machine apr\u00e8s une p\u00e9riode d'inactivit\u00e9 donn\u00e9e pour \u00e9conomiser l'\u00e9nergie.<\/li>\n<\/ul>\n<\/li>\n<li><strong>Filtre \u00e0 eau AquaClean<\/strong>:\n<ul>\n<li>\u00c9quip\u00e9 d'un filtre AquaClean, qui prolonge la dur\u00e9e de vie de l'appareil en r\u00e9duisant la fr\u00e9quence des d\u00e9tartrages.<\/li>\n<\/ul>\n<\/li>\n<\/ol>\n<\/div>\n<\/div>\n<\/div>\n<\/div>\n<\/div>\n<div class=\"elementor-element elementor-element-90dd8ee e-con-full e-flex e-con e-child\" data-id=\"90dd8ee\" data-element_type=\"container\">\n<div class=\"elementor-element elementor-element-2365cf1 e-con-full e-flex e-con e-child\" data-id=\"2365cf1\" data-element_type=\"container\">\n<div class=\"elementor-element elementor-element-1c294ea elementor-widget elementor-widget-wd_text_block\" data-id=\"1c294ea\" data-element_type=\"widget\" data-widget_type=\"wd_text_block.default\">\n<div class=\"elementor-widget-container\">\n<div class=\"wd-text-block reset-last-child text-left\">\n<p><strong>Sp\u00e9cifications :<\/strong><\/p>\n<ul>\n<li><strong>Dimensions de l'appareil<\/strong>: Approx. 14.5&#8243; (H) x 10.2&#8243; (W) x 18.1&#8243; (D)<\/li>\n<li><strong>Poids<\/strong>: Environ 10,5 kg (23 lbs)<\/li>\n<li><strong>Capacit\u00e9 du r\u00e9servoir d'eau<\/strong>: 2.5 liters<\/li>\n<li><strong>Capacit\u00e9 du r\u00e9servoir \u00e0 grains<\/strong>: 250g<\/li>\n<li><strong>Capacit\u00e9 du bac \u00e0 d\u00e9chets.<\/strong>: 15 portions<\/li>\n<li><strong>Moulin<\/strong>: C\u00e9ramique, r\u00e9glable jusqu'\u00e0 12 niveaux de mouture<\/li>\n<li><strong>Pression de la pompe<\/strong>: 15 bars, assurant une extraction optimale de l'espresso<\/li>\n<li><strong>Puissance<\/strong>: 1400W<\/li>\n<li><strong>Tension<\/strong>: 120V<\/li>\n<li><strong>Type de chaudi\u00e8re<\/strong>: Thermoblock pour un chauffage rapide<\/li>\n<li><strong>Syst\u00e8me \u00e0 lait<\/strong>: Int\u00e9gr\u00e9, avec une buse de moussage ou une carafe \u00e0 lait automatique (varie selon le mod\u00e8le)<\/li>\n<li><strong>Certifications<\/strong>: Certifi\u00e9 CE et CSA<\/li>\n<\/ul>\n<\/div>\n<\/div>\n<\/div>\n<\/div>\n<div class=\"elementor-element elementor-element-7f91f86 e-con-full e-flex e-con e-child\" data-id=\"7f91f86\" data-element_type=\"container\">\n<div class=\"elementor-element elementor-element-0c70ba8 color-scheme-inherit text-left elementor-widget elementor-widget-text-editor\" data-id=\"0c70ba8\" data-element_type=\"widget\" data-widget_type=\"text-editor.default\">\n<div class=\"elementor-widget-container\">\n<p><strong>Id\u00e9al pour :<\/strong><\/p>\n<ul>\n<li>Les bureaux de petite et moyenne taille o\u00f9 une vari\u00e9t\u00e9 de boissons \u00e0 base de caf\u00e9 est appr\u00e9ci\u00e9e.<\/li>\n<li>Les amateurs de caf\u00e9 \u00e0 la recherche d'une machine qui offre une personnalisation et une qualit\u00e9 constante.<\/li>\n<\/ul>\n<p>La\u00a0<strong>Saeco Magic M2<\/strong>\u00a0est une machine \u00e0 expresso haut de gamme dot\u00e9e d'un large \u00e9ventail de fonctions qui allient commodit\u00e9 et qualit\u00e9 du caf\u00e9, ce qui en fait un excellent choix pour les bureaux amateurs de caf\u00e9.<\/p>\n<p><strong>\u00a0<\/strong><\/p>\n<\/div>\n<\/div>\n<\/div>\n<\/div>","protected":false},"excerpt":{"rendered":"<p>The Saeco Magic M2\u00a0is a fully automatic espresso machine designed for home and office use, offering a blend of advanced<\/p>","protected":false},"featured_media":17127,"comment_status":"open","ping_status":"closed","template":"","meta":[],"product_brand":[],"product_cat":[1036],"product_tag":[1042],"class_list":{"0":"post-28530","1":"product","2":"type-product","3":"status-publish","4":"has-post-thumbnail","6":"product_cat-saeco","7":"product_tag-brewers","9":"first","10":"instock","11":"taxable","12":"shipping-taxable","13":"purchasable","14":"product-type-simple"},"yoast_head":"<!-- This site is optimized with the Yoast SEO plugin v27.3 - https:\/\/yoast.com\/product\/yoast-seo-wordpress\/ -->\n<title>Saeco Magic M2 - Cafe Gran Sasso<\/title>\n<meta name=\"robots\" content=\"index, follow, max-snippet:-1, max-image-preview:large, max-video-preview:-1\" \/>\n<link rel=\"canonical\" href=\"https:\/\/cafegransasso.com\/fr\/shop\/saeco-magic-m2\/\" \/>\n<meta property=\"og:locale\" content=\"fr_FR\" \/>\n<meta property=\"og:type\" content=\"article\" \/>\n<meta property=\"og:title\" content=\"Saeco Magic M2 - Cafe Gran Sasso\" \/>\n<meta property=\"og:description\" content=\"The Saeco Magic M2\u00a0is a fully automatic espresso machine designed for home and office use, offering a blend of advanced\" \/>\n<meta property=\"og:url\" content=\"https:\/\/cafegransasso.com\/fr\/shop\/saeco-magic-m2\/\" \/>\n<meta property=\"og:site_name\" content=\"Cafe Gran Sasso\" \/>\n<meta property=\"article:publisher\" content=\"https:\/\/www.facebook.com\/CafeGranSasso\/\" \/>\n<meta property=\"article:modified_time\" content=\"2025-01-28T17:12:39+00:00\" \/>\n<meta property=\"og:image\" content=\"https:\/\/cafegransasso.com\/wp-content\/uploads\/2024\/10\/Magic_45FrontSideLeft.png\" \/>\n\t<meta property=\"og:image:width\" content=\"770\" \/>\n\t<meta property=\"og:image:height\" content=\"477\" \/>\n\t<meta property=\"og:image:type\" content=\"image\/png\" \/>\n<meta name=\"twitter:card\" content=\"summary_large_image\" \/>\n<meta name=\"twitter:label1\" content=\"Est. reading time\" \/>\n\t<meta name=\"twitter:data1\" content=\"2 minutes\" \/>\n<script type=\"application\/ld+json\" class=\"yoast-schema-graph\">{\"@context\":\"https:\\\/\\\/schema.org\",\"@graph\":[{\"@type\":\"WebPage\",\"@id\":\"https:\\\/\\\/cafegransasso.com\\\/shop\\\/saeco-magic-m2\\\/\",\"url\":\"https:\\\/\\\/cafegransasso.com\\\/shop\\\/saeco-magic-m2\\\/\",\"name\":\"Saeco Magic M2 - Cafe Gran Sasso\",\"isPartOf\":{\"@id\":\"https:\\\/\\\/cafegransasso.com\\\/#website\"},\"primaryImageOfPage\":{\"@id\":\"https:\\\/\\\/cafegransasso.com\\\/shop\\\/saeco-magic-m2\\\/#primaryimage\"},\"image\":{\"@id\":\"https:\\\/\\\/cafegransasso.com\\\/shop\\\/saeco-magic-m2\\\/#primaryimage\"},\"thumbnailUrl\":\"https:\\\/\\\/cafegransasso.com\\\/wp-content\\\/uploads\\\/2024\\\/10\\\/Magic_45FrontSideLeft.png\",\"datePublished\":\"2025-01-23T20:19:48+00:00\",\"dateModified\":\"2025-01-28T17:12:39+00:00\",\"breadcrumb\":{\"@id\":\"https:\\\/\\\/cafegransasso.com\\\/shop\\\/saeco-magic-m2\\\/#breadcrumb\"},\"inLanguage\":\"fr-ca\",\"potentialAction\":[{\"@type\":\"ReadAction\",\"target\":[\"https:\\\/\\\/cafegransasso.com\\\/shop\\\/saeco-magic-m2\\\/\"]}]},{\"@type\":\"ImageObject\",\"inLanguage\":\"fr-ca\",\"@id\":\"https:\\\/\\\/cafegransasso.com\\\/shop\\\/saeco-magic-m2\\\/#primaryimage\",\"url\":\"https:\\\/\\\/cafegransasso.com\\\/wp-content\\\/uploads\\\/2024\\\/10\\\/Magic_45FrontSideLeft.png\",\"contentUrl\":\"https:\\\/\\\/cafegransasso.com\\\/wp-content\\\/uploads\\\/2024\\\/10\\\/Magic_45FrontSideLeft.png\",\"width\":770,\"height\":477},{\"@type\":\"BreadcrumbList\",\"@id\":\"https:\\\/\\\/cafegransasso.com\\\/shop\\\/saeco-magic-m2\\\/#breadcrumb\",\"itemListElement\":[{\"@type\":\"ListItem\",\"position\":1,\"name\":\"Home\",\"item\":\"https:\\\/\\\/cafegransasso.com\\\/\"},{\"@type\":\"ListItem\",\"position\":2,\"name\":\"Shop\",\"item\":\"https:\\\/\\\/cafegransasso.com\\\/premium-office-coffee-and-accessories\\\/\"},{\"@type\":\"ListItem\",\"position\":3,\"name\":\"Saeco Magic M2\"}]},{\"@type\":\"WebSite\",\"@id\":\"https:\\\/\\\/cafegransasso.com\\\/#website\",\"url\":\"https:\\\/\\\/cafegransasso.com\\\/\",\"name\":\"Cafe Gran Sasso\",\"description\":\"From Bean to Brew: Coffee Solutions for Businesses.\",\"publisher\":{\"@id\":\"https:\\\/\\\/cafegransasso.com\\\/#organization\"},\"potentialAction\":[{\"@type\":\"SearchAction\",\"target\":{\"@type\":\"EntryPoint\",\"urlTemplate\":\"https:\\\/\\\/cafegransasso.com\\\/?s={search_term_string}\"},\"query-input\":{\"@type\":\"PropertyValueSpecification\",\"valueRequired\":true,\"valueName\":\"search_term_string\"}}],\"inLanguage\":\"fr-ca\"},{\"@type\":\"Organization\",\"@id\":\"https:\\\/\\\/cafegransasso.com\\\/#organization\",\"name\":\"Cafe Gran Sasso\",\"url\":\"https:\\\/\\\/cafegransasso.com\\\/\",\"logo\":{\"@type\":\"ImageObject\",\"inLanguage\":\"fr-ca\",\"@id\":\"https:\\\/\\\/cafegransasso.com\\\/#\\\/schema\\\/logo\\\/image\\\/\",\"url\":\"https:\\\/\\\/cafegransasso.com\\\/wp-content\\\/uploads\\\/2024\\\/09\\\/GS-logo-Red-1-removebg-preview.png\",\"contentUrl\":\"https:\\\/\\\/cafegransasso.com\\\/wp-content\\\/uploads\\\/2024\\\/09\\\/GS-logo-Red-1-removebg-preview.png\",\"width\":360,\"height\":149,\"caption\":\"Cafe Gran Sasso\"},\"image\":{\"@id\":\"https:\\\/\\\/cafegransasso.com\\\/#\\\/schema\\\/logo\\\/image\\\/\"},\"sameAs\":[\"https:\\\/\\\/www.facebook.com\\\/CafeGranSasso\\\/\",\"https:\\\/\\\/www.instagram.com\\\/cafe_gransasso\\\/\"]}]}<\/script>\n<!-- \/ Yoast SEO plugin. -->","yoast_head_json":{"title":"Saeco Magic M2 - Cafe Gran Sasso","robots":{"index":"index","follow":"follow","max-snippet":"max-snippet:-1","max-image-preview":"max-image-preview:large","max-video-preview":"max-video-preview:-1"},"canonical":"https:\/\/cafegransasso.com\/fr\/shop\/saeco-magic-m2\/","og_locale":"fr_FR","og_type":"article","og_title":"Saeco Magic M2 - Cafe Gran Sasso","og_description":"The Saeco Magic M2\u00a0is a fully automatic espresso machine designed for home and office use, offering a blend of advanced","og_url":"https:\/\/cafegransasso.com\/fr\/shop\/saeco-magic-m2\/","og_site_name":"Cafe Gran Sasso","article_publisher":"https:\/\/www.facebook.com\/CafeGranSasso\/","article_modified_time":"2025-01-28T17:12:39+00:00","og_image":[{"width":770,"height":477,"url":"https:\/\/cafegransasso.com\/wp-content\/uploads\/2024\/10\/Magic_45FrontSideLeft.png","type":"image\/png"}],"twitter_card":"summary_large_image","twitter_misc":{"Est. reading time":"2 minutes"},"schema":{"@context":"https:\/\/schema.org","@graph":[{"@type":"WebPage","@id":"https:\/\/cafegransasso.com\/shop\/saeco-magic-m2\/","url":"https:\/\/cafegransasso.com\/shop\/saeco-magic-m2\/","name":"Saeco Magic M2 - Cafe Gran Sasso","isPartOf":{"@id":"https:\/\/cafegransasso.com\/#website"},"primaryImageOfPage":{"@id":"https:\/\/cafegransasso.com\/shop\/saeco-magic-m2\/#primaryimage"},"image":{"@id":"https:\/\/cafegransasso.com\/shop\/saeco-magic-m2\/#primaryimage"},"thumbnailUrl":"https:\/\/cafegransasso.com\/wp-content\/uploads\/2024\/10\/Magic_45FrontSideLeft.png","datePublished":"2025-01-23T20:19:48+00:00","dateModified":"2025-01-28T17:12:39+00:00","breadcrumb":{"@id":"https:\/\/cafegransasso.com\/shop\/saeco-magic-m2\/#breadcrumb"},"inLanguage":"fr-ca","potentialAction":[{"@type":"ReadAction","target":["https:\/\/cafegransasso.com\/shop\/saeco-magic-m2\/"]}]},{"@type":"ImageObject","inLanguage":"fr-ca","@id":"https:\/\/cafegransasso.com\/shop\/saeco-magic-m2\/#primaryimage","url":"https:\/\/cafegransasso.com\/wp-content\/uploads\/2024\/10\/Magic_45FrontSideLeft.png","contentUrl":"https:\/\/cafegransasso.com\/wp-content\/uploads\/2024\/10\/Magic_45FrontSideLeft.png","width":770,"height":477},{"@type":"BreadcrumbList","@id":"https:\/\/cafegransasso.com\/shop\/saeco-magic-m2\/#breadcrumb","itemListElement":[{"@type":"ListItem","position":1,"name":"Home","item":"https:\/\/cafegransasso.com\/"},{"@type":"ListItem","position":2,"name":"Shop","item":"https:\/\/cafegransasso.com\/premium-office-coffee-and-accessories\/"},{"@type":"ListItem","position":3,"name":"Saeco Magic M2"}]},{"@type":"WebSite","@id":"https:\/\/cafegransasso.com\/#website","url":"https:\/\/cafegransasso.com\/","name":"Cafe Gran Sasso","description":"From Bean to Brew: Coffee Solutions for Businesses.","publisher":{"@id":"https:\/\/cafegransasso.com\/#organization"},"potentialAction":[{"@type":"SearchAction","target":{"@type":"EntryPoint","urlTemplate":"https:\/\/cafegransasso.com\/?s={search_term_string}"},"query-input":{"@type":"PropertyValueSpecification","valueRequired":true,"valueName":"search_term_string"}}],"inLanguage":"fr-ca"},{"@type":"Organization","@id":"https:\/\/cafegransasso.com\/#organization","name":"Cafe Gran Sasso","url":"https:\/\/cafegransasso.com\/","logo":{"@type":"ImageObject","inLanguage":"fr-ca","@id":"https:\/\/cafegransasso.com\/#\/schema\/logo\/image\/","url":"https:\/\/cafegransasso.com\/wp-content\/uploads\/2024\/09\/GS-logo-Red-1-removebg-preview.png","contentUrl":"https:\/\/cafegransasso.com\/wp-content\/uploads\/2024\/09\/GS-logo-Red-1-removebg-preview.png","width":360,"height":149,"caption":"Cafe Gran Sasso"},"image":{"@id":"https:\/\/cafegransasso.com\/#\/schema\/logo\/image\/"},"sameAs":["https:\/\/www.facebook.com\/CafeGranSasso\/","https:\/\/www.instagram.com\/cafe_gransasso\/"]}]}},"_links":{"self":[{"href":"https:\/\/cafegransasso.com\/fr\/wp-json\/wp\/v2\/product\/28530","targetHints":{"allow":["GET"]}}],"collection":[{"href":"https:\/\/cafegransasso.com\/fr\/wp-json\/wp\/v2\/product"}],"about":[{"href":"https:\/\/cafegransasso.com\/fr\/wp-json\/wp\/v2\/types\/product"}],"replies":[{"embeddable":true,"href":"https:\/\/cafegransasso.com\/fr\/wp-json\/wp\/v2\/comments?post=28530"}],"version-history":[{"count":4,"href":"https:\/\/cafegransasso.com\/fr\/wp-json\/wp\/v2\/product\/28530\/revisions"}],"predecessor-version":[{"id":28540,"href":"https:\/\/cafegransasso.com\/fr\/wp-json\/wp\/v2\/product\/28530\/revisions\/28540"}],"wp:featuredmedia":[{"embeddable":true,"href":"https:\/\/cafegransasso.com\/fr\/wp-json\/wp\/v2\/media\/17127"}],"wp:attachment":[{"href":"https:\/\/cafegransasso.com\/fr\/wp-json\/wp\/v2\/media?parent=28530"}],"wp:term":[{"taxonomy":"product_brand","embeddable":true,"href":"https:\/\/cafegransasso.com\/fr\/wp-json\/wp\/v2\/product_brand?post=28530"},{"taxonomy":"product_cat","embeddable":true,"href":"https:\/\/cafegransasso.com\/fr\/wp-json\/wp\/v2\/product_cat?post=28530"},{"taxonomy":"product_tag","embeddable":true,"href":"https:\/\/cafegransasso.com\/fr\/wp-json\/wp\/v2\/product_tag?post=28530"}],"curies":[{"name":"wp","href":"https:\/\/api.w.org\/{rel}","templated":true}]}}